{"id":228833,"date":"2024-11-30T02:18:21","date_gmt":"2024-11-30T01:18:21","guid":{"rendered":"https:\/\/www.csj-emballages.com\/produit\/estuche-de-pasteleria-lecon-con-asa-10-x-18-x-7-cm-paquete-de-50\/"},"modified":"2026-04-14T02:15:19","modified_gmt":"2026-04-14T00:15:19","slug":"estuche-de-pasteleria-lecon-con-asa-10-x-18-x-7-cm-paquete-de-50","status":"publish","type":"product","link":"https:\/\/www.csj-emballages.com\/es\/produit\/estuche-de-pasteleria-lecon-con-asa-10-x-18-x-7-cm-paquete-de-50\/","title":{"rendered":"Estuche de reposter\u00eda \u00abLe\u00e7on\u00bb con asa 10 x 18 x 7 cm, paquete de 50"},"content":{"rendered":"<h2>Estuche para pasteles<\/h2>\n<hr>\n<h3><span style=\"font-weight: bold;\">Descubre nuestro pastelero \u00abLecci\u00f3n\u00bb con asa 10 x 18 x 7 cm, paquete de 50<\/span><\/h3>\n<p><!--more--><\/p>\n<p>Descubra el modelo de <strong>pasteler\u00eda<\/strong> <strong><em>Le\u00e7on<\/em><\/strong>La forma ideal de presentar y transportar sus creaciones dulces con elegancia. Con unas medidas <strong>de 10 x 18 x 7 cm<\/strong>, es el tama\u00f1o perfecto para pasteles peque\u00f1os. Tanto si es un pastelero profesional como un aficionado, este estuche para <strong>pasteles<\/strong> en paquetes de <strong>50<\/strong> unidades satisfar\u00e1 todas sus necesidades. Cuidadosamente dise\u00f1ado, este <strong>estuche para<\/strong> pasteles combina practicidad y est\u00e9tica. Gracias a sus l\u00edneas limpias y modernas, realzar\u00e1 sus postres. Su robusta estructura de cart\u00f3n garantiza que incluso las creaciones m\u00e1s delicadas resistan bien el transporte. Adem\u00e1s, ofrece una protecci\u00f3n \u00f3ptima contra los golpes y la humedad.      <\/p>\n<p>Su ingeniosa y moderna apertura facilita el servicio a tus clientes o invitados. Con unos pocos movimientos de mu\u00f1eca, el <strong>estuche de repos<\/strong> ter\u00eda puede abrirse para una presentaci\u00f3n impecable de tus postres. Este detalle es esencial para preservar la calidad y frescura de tus productos.  <\/p>\n<p>&nbsp;<\/p>\n<p><!--more--><\/p>\n<h3>Capacidad ideal para tus pasteles<\/h3>\n<p>Con unas medidas <strong>de 10 x 18 x 7 cm<\/strong>, este <strong>soporte para tartas<\/strong> es ideal para tartas peque\u00f1as. Es lo suficientemente espacioso como para sostener sus postres sin da\u00f1arlos. Fabricado con material reciclable, este <strong>repostero<\/strong> respeta sus compromisos medioambientales.   Al elegir este envase, combina la practicidad con la responsabilidad ecol\u00f3gica. Contribuye a un enfoque sostenible, al tiempo que aumenta el valor de sus productos. El envasado en paquetes de <strong>50 unidades<\/strong> le garantiza un stock suficiente para sus necesidades habituales. Esta <strong>caja para pasteles<\/strong> es una opci\u00f3n econ\u00f3mica y juiciosa para gestionar sus pedidos de gran volumen. Tambi\u00e9n es perfecta para pasteler\u00edas, panader\u00edas y empresas de catering que deseen combinar calidad y control de costes.    <\/p>\n<p>&nbsp;<\/p>\n<p><!--more--><\/p>\n<h3>\u00bfPor qu\u00e9 elegir el <strong>pastelero Le\u00e7on<\/strong>?<\/h3>\n<p>Este modelo <strong><em>Lecci\u00f3n<\/em><\/strong> est\u00e1 dise\u00f1ado para satisfacer las necesidades de los profesionales m\u00e1s exigentes. Ofrece una excelente relaci\u00f3n calidad-precio. Su robustez, buen aspecto y practicidad lo convierten en un art\u00edculo imprescindible para exhibir tus dulces creaciones. En resumen, este <strong>malet\u00edn<\/strong> de reposter\u00eda combina elegancia y practicidad.   <\/p>\n<p>&nbsp;<\/p>\n<p><!--more--><\/p>\n<p>Opta ahora por el modelo de <strong>estuche de pasteler\u00eda<\/strong> <strong><em>Lecci\u00f3n<\/em><\/strong>. Es la soluci\u00f3n ideal para transportar, presentar y proteger tus postres con estilo. <\/p>\n<p>&nbsp;<\/p>\n<p><!--more--><\/p>\n<h4>Los beneficios:<\/h4>\n<ul>\n<li><strong>F\u00e1cil de usar<\/strong>: su ingeniosa apertura permite un acceso r\u00e1pido al tiempo que garantiza una bonita presentaci\u00f3n.<\/li>\n<li><strong>Formato vers\u00e1til<\/strong>: sus dimensiones (10 x 18 x 7 cm) son perfectas para peque\u00f1os pasteles.<\/li>\n<li><strong>Material ecol\u00f3gico<\/strong>: fabricado con cart\u00f3n reciclable, combina la durabilidad con el respeto al medio ambiente.<\/li>\n<li><strong>Embalaje econ\u00f3mico<\/strong>: se vende en paquetes de 50 unidades, ideal para los profesionales que desean gestionar eficazmente sus existencias.<\/li>\n<\/ul>\n<p>&nbsp;<\/p>\n<p><!--more--><\/p>\n<h4>Informaci\u00f3n adicional :<\/h4>\n<ul>\n<li><strong>Envase<\/strong>: Paquete de 50<\/li>\n<li><b>Dimensiones: <\/b>10 x 18 x 7 cm (L x A x A)<\/li>\n<li><strong>Materiales<\/strong>: Cart\u00f3n<\/li>\n<li><strong>Color: <\/strong>Blanco \/ Azul marino<\/li>\n<li><strong>Modelo<\/strong>: Lecci\u00f3n<\/li>\n<li><strong>Categor\u00eda<\/strong>: Estuches de reposter\u00eda<\/li>\n<\/ul>\n<p>&nbsp;<\/p>\n<p><!--more--><\/p>\n<p><a href=\"https:\/\/www.csj-emballages.com\/es\/categorie-produit\/envasado-de-alimentos\/panaderia-y-pasteleria\/cajas-es-3\/estuches-de-reposteria-con-asas\/estuches-de-reposteria-de-colores\/\">Consulta el resto de nuestra gama de estuches para reposter\u00eda aqu\u00ed<\/a><\/p>\n","protected":false},"excerpt":{"rendered":"<p>Estuche para pasteles Descubre nuestro pastelero \u00abLecci\u00f3n\u00bb con asa 10 x 18 x 7 cm, paquete de 50<\/p>\n","protected":false},"featured_media":194023,"template":"","meta":{"_acf_changed":false},"product_brand":[],"product_cat":[1150,1145,3869,1232,1234,1270],"product_tag":[],"class_list":{"0":"post-228833","1":"product","2":"type-product","3":"status-publish","4":"has-post-thumbnail","6":"product_cat-envasado-de-alimentos","7":"product_cat-panaderia-y-pasteleria","8":"product_cat-cajas-es-3","9":"product_cat-estuches-de-reposteria-con-asas","10":"product_cat-estuches-de-reposteria-de-colores","11":"product_cat-descuentos","13":"first","14":"instock","15":"sale","16":"taxable","17":"shipping-taxable","18":"purchasable","19":"product-type-simple"},"acf":[],"yoast_head":"<!-- This site is optimized with the Yoast SEO Premium plugin v26.6 (Yoast SEO v26.6) - https:\/\/yoast.com\/wordpress\/plugins\/seo\/ -->\n<title>Estuche de pasteler\u00eda &quot;Le\u00e7on&quot; con asa - 10 x 18 x 7 cm<\/title>\n<meta name=\"description\" content=\"Estuche de pasteler\u00eda &quot;Le\u00e7on&quot; con asa, tama\u00f1o: 10 x 18 x 7 cm. Ideal para regalar y transportar sus creaciones pasteleras.\" \/>\n<meta name=\"robots\" content=\"index, follow, max-snippet:-1, max-image-preview:large, max-video-preview:-1\" \/>\n<link rel=\"canonical\" href=\"https:\/\/www.csj-emballages.com\/es\/produit\/estuche-de-pasteleria-lecon-con-asa-10-x-18-x-7-cm-paquete-de-50\/\" \/>\n<meta property=\"og:locale\" content=\"es_ES\" \/>\n<meta property=\"og:type\" content=\"article\" \/>\n<meta property=\"og:title\" content=\"Estuche de reposter\u00eda &quot;Le\u00e7on&quot; con asa 10 x 18 x 7 cm, paquete de 50\" \/>\n<meta property=\"og:description\" content=\"Estuche de pasteler\u00eda &quot;Le\u00e7on&quot; con asa, tama\u00f1o: 10 x 18 x 7 cm. Ideal para regalar y transportar sus creaciones pasteleras.\" \/>\n<meta property=\"og:url\" content=\"https:\/\/www.csj-emballages.com\/es\/produit\/estuche-de-pasteleria-lecon-con-asa-10-x-18-x-7-cm-paquete-de-50\/\" \/>\n<meta property=\"og:site_name\" content=\"CSJ Emballages\" \/>\n<meta property=\"article:publisher\" content=\"https:\/\/www.facebook.com\/csjemballages\" \/>\n<meta property=\"article:modified_time\" content=\"2026-04-14T00:15:19+00:00\" \/>\n<meta property=\"og:image\" content=\"https:\/\/www.csj-emballages.com\/wp-content\/uploads\/2024\/11\/Caissette-patissiere-lecon-4.webp\" \/>\n\t<meta property=\"og:image:width\" content=\"799\" \/>\n\t<meta property=\"og:image:height\" content=\"798\" \/>\n\t<meta property=\"og:image:type\" content=\"image\/webp\" \/>\n<meta name=\"twitter:card\" content=\"summary_large_image\" \/>\n<meta name=\"twitter:label1\" content=\"Tiempo de lectura\" \/>\n\t<meta name=\"twitter:data1\" content=\"3 minutos\" \/>\n<script type=\"application\/ld+json\" class=\"yoast-schema-graph\">{\"@context\":\"https:\/\/schema.org\",\"@graph\":[{\"@type\":\"WebPage\",\"@id\":\"https:\/\/www.csj-emballages.com\/es\/produit\/estuche-de-pasteleria-lecon-con-asa-10-x-18-x-7-cm-paquete-de-50\/\",\"url\":\"https:\/\/www.csj-emballages.com\/es\/produit\/estuche-de-pasteleria-lecon-con-asa-10-x-18-x-7-cm-paquete-de-50\/\",\"name\":\"Estuche de pasteler\u00eda \\\"Le\u00e7on\\\" con asa - 10 x 18 x 7 cm\",\"isPartOf\":{\"@id\":\"https:\/\/www.csj-emballages.com\/es\/#website\"},\"primaryImageOfPage\":{\"@id\":\"https:\/\/www.csj-emballages.com\/es\/produit\/estuche-de-pasteleria-lecon-con-asa-10-x-18-x-7-cm-paquete-de-50\/#primaryimage\"},\"image\":{\"@id\":\"https:\/\/www.csj-emballages.com\/es\/produit\/estuche-de-pasteleria-lecon-con-asa-10-x-18-x-7-cm-paquete-de-50\/#primaryimage\"},\"thumbnailUrl\":\"https:\/\/www.csj-emballages.com\/wp-content\/uploads\/2024\/11\/Caissette-patissiere-lecon-4.webp\",\"datePublished\":\"2024-11-30T01:18:21+00:00\",\"dateModified\":\"2026-04-14T00:15:19+00:00\",\"description\":\"Estuche de pasteler\u00eda \\\"Le\u00e7on\\\" con asa, tama\u00f1o: 10 x 18 x 7 cm. Ideal para regalar y transportar sus creaciones pasteleras.\",\"breadcrumb\":{\"@id\":\"https:\/\/www.csj-emballages.com\/es\/produit\/estuche-de-pasteleria-lecon-con-asa-10-x-18-x-7-cm-paquete-de-50\/#breadcrumb\"},\"inLanguage\":\"es\",\"potentialAction\":[{\"@type\":\"ReadAction\",\"target\":[\"https:\/\/www.csj-emballages.com\/es\/produit\/estuche-de-pasteleria-lecon-con-asa-10-x-18-x-7-cm-paquete-de-50\/\"]}]},{\"@type\":\"ImageObject\",\"inLanguage\":\"es\",\"@id\":\"https:\/\/www.csj-emballages.com\/es\/produit\/estuche-de-pasteleria-lecon-con-asa-10-x-18-x-7-cm-paquete-de-50\/#primaryimage\",\"url\":\"https:\/\/www.csj-emballages.com\/wp-content\/uploads\/2024\/11\/Caissette-patissiere-lecon-4.webp\",\"contentUrl\":\"https:\/\/www.csj-emballages.com\/wp-content\/uploads\/2024\/11\/Caissette-patissiere-lecon-4.webp\",\"width\":799,\"height\":798,\"caption\":\"caissette p\u00e2tisssi\u00e8re\"},{\"@type\":\"BreadcrumbList\",\"@id\":\"https:\/\/www.csj-emballages.com\/es\/produit\/estuche-de-pasteleria-lecon-con-asa-10-x-18-x-7-cm-paquete-de-50\/#breadcrumb\",\"itemListElement\":[{\"@type\":\"ListItem\",\"position\":1,\"name\":\"Accueil\",\"item\":\"https:\/\/www.csj-emballages.com\/es\/universo-del-envasado-alimentario\/\"},{\"@type\":\"ListItem\",\"position\":2,\"name\":\"Tienda\",\"item\":\"https:\/\/www.csj-emballages.com\/tienda\/\"},{\"@type\":\"ListItem\",\"position\":3,\"name\":\"Estuche de reposter\u00eda \u00ab\u00a0Le\u00e7on\u00a0\u00bb con asa 10 x 18 x 7 cm, paquete de 50\"}]},{\"@type\":\"WebSite\",\"@id\":\"https:\/\/www.csj-emballages.com\/es\/#website\",\"url\":\"https:\/\/www.csj-emballages.com\/es\/\",\"name\":\"CSJ Emballages\",\"description\":\"\",\"publisher\":{\"@id\":\"https:\/\/www.csj-emballages.com\/es\/#organization\"},\"potentialAction\":[{\"@type\":\"SearchAction\",\"target\":{\"@type\":\"EntryPoint\",\"urlTemplate\":\"https:\/\/www.csj-emballages.com\/es\/?s={search_term_string}\"},\"query-input\":{\"@type\":\"PropertyValueSpecification\",\"valueRequired\":true,\"valueName\":\"search_term_string\"}}],\"inLanguage\":\"es\"},{\"@type\":\"Organization\",\"@id\":\"https:\/\/www.csj-emballages.com\/es\/#Organization\/\",\"name\":\"CSJ Emballages\",\"url\":\"https:\/\/www.csj-emballages.com\/es\/\",\"logo\":{\"@type\":\"ImageObject\",\"inLanguage\":\"es\",\"@id\":\"https:\/\/www.csj-emballages.com\/es\/#\/schema\/logo\/image\/\",\"url\":\"https:\/\/www.csj-emballages.com\/wp-content\/uploads\/2023\/10\/logo_csj.webp\",\"contentUrl\":\"https:\/\/www.csj-emballages.com\/wp-content\/uploads\/2023\/10\/logo_csj.webp\",\"width\":250,\"height\":95,\"caption\":\"CSJ Emballages\"},\"image\":{\"@id\":\"https:\/\/www.csj-emballages.com\/es\/#\/schema\/logo\/image\/\"},\"sameAs\":[\"https:\/\/www.facebook.com\/csjemballages\"],\"address\":{\"@type\":\"PostalAddress\",\"streetAddress\":\"ZI La Lechere\",\"addressLocality\":\"Patornay\",\"postalCode\":\"39130\",\"addressCountry\":\"FR\"},\"contactPoint\":[{\"@type\":\"ContactPoint\",\"contactType\":\"Service client\",\"telephone\":\"0384254272\",\"email\":\"contact@csj-emballages.com\"}]}]}<\/script>\n<!-- \/ Yoast SEO Premium plugin. -->","yoast_head_json":{"title":"Estuche de pasteler\u00eda \"Le\u00e7on\" con asa - 10 x 18 x 7 cm","description":"Estuche de pasteler\u00eda \"Le\u00e7on\" con asa, tama\u00f1o: 10 x 18 x 7 cm. Ideal para regalar y transportar sus creaciones pasteleras.","robots":{"index":"index","follow":"follow","max-snippet":"max-snippet:-1","max-image-preview":"max-image-preview:large","max-video-preview":"max-video-preview:-1"},"canonical":"https:\/\/www.csj-emballages.com\/es\/produit\/estuche-de-pasteleria-lecon-con-asa-10-x-18-x-7-cm-paquete-de-50\/","og_locale":"es_ES","og_type":"article","og_title":"Estuche de reposter\u00eda \"Le\u00e7on\" con asa 10 x 18 x 7 cm, paquete de 50","og_description":"Estuche de pasteler\u00eda \"Le\u00e7on\" con asa, tama\u00f1o: 10 x 18 x 7 cm. Ideal para regalar y transportar sus creaciones pasteleras.","og_url":"https:\/\/www.csj-emballages.com\/es\/produit\/estuche-de-pasteleria-lecon-con-asa-10-x-18-x-7-cm-paquete-de-50\/","og_site_name":"CSJ Emballages","article_publisher":"https:\/\/www.facebook.com\/csjemballages","article_modified_time":"2026-04-14T00:15:19+00:00","og_image":[{"width":799,"height":798,"url":"https:\/\/www.csj-emballages.com\/wp-content\/uploads\/2024\/11\/Caissette-patissiere-lecon-4.webp","type":"image\/webp"}],"twitter_card":"summary_large_image","twitter_misc":{"Tiempo de lectura":"3 minutos"},"schema":{"@context":"https:\/\/schema.org","@graph":[{"@type":"WebPage","@id":"https:\/\/www.csj-emballages.com\/es\/produit\/estuche-de-pasteleria-lecon-con-asa-10-x-18-x-7-cm-paquete-de-50\/","url":"https:\/\/www.csj-emballages.com\/es\/produit\/estuche-de-pasteleria-lecon-con-asa-10-x-18-x-7-cm-paquete-de-50\/","name":"Estuche de pasteler\u00eda \"Le\u00e7on\" con asa - 10 x 18 x 7 cm","isPartOf":{"@id":"https:\/\/www.csj-emballages.com\/es\/#website"},"primaryImageOfPage":{"@id":"https:\/\/www.csj-emballages.com\/es\/produit\/estuche-de-pasteleria-lecon-con-asa-10-x-18-x-7-cm-paquete-de-50\/#primaryimage"},"image":{"@id":"https:\/\/www.csj-emballages.com\/es\/produit\/estuche-de-pasteleria-lecon-con-asa-10-x-18-x-7-cm-paquete-de-50\/#primaryimage"},"thumbnailUrl":"https:\/\/www.csj-emballages.com\/wp-content\/uploads\/2024\/11\/Caissette-patissiere-lecon-4.webp","datePublished":"2024-11-30T01:18:21+00:00","dateModified":"2026-04-14T00:15:19+00:00","description":"Estuche de pasteler\u00eda \"Le\u00e7on\" con asa, tama\u00f1o: 10 x 18 x 7 cm. Ideal para regalar y transportar sus creaciones pasteleras.","breadcrumb":{"@id":"https:\/\/www.csj-emballages.com\/es\/produit\/estuche-de-pasteleria-lecon-con-asa-10-x-18-x-7-cm-paquete-de-50\/#breadcrumb"},"inLanguage":"es","potentialAction":[{"@type":"ReadAction","target":["https:\/\/www.csj-emballages.com\/es\/produit\/estuche-de-pasteleria-lecon-con-asa-10-x-18-x-7-cm-paquete-de-50\/"]}]},{"@type":"ImageObject","inLanguage":"es","@id":"https:\/\/www.csj-emballages.com\/es\/produit\/estuche-de-pasteleria-lecon-con-asa-10-x-18-x-7-cm-paquete-de-50\/#primaryimage","url":"https:\/\/www.csj-emballages.com\/wp-content\/uploads\/2024\/11\/Caissette-patissiere-lecon-4.webp","contentUrl":"https:\/\/www.csj-emballages.com\/wp-content\/uploads\/2024\/11\/Caissette-patissiere-lecon-4.webp","width":799,"height":798,"caption":"caissette p\u00e2tisssi\u00e8re"},{"@type":"BreadcrumbList","@id":"https:\/\/www.csj-emballages.com\/es\/produit\/estuche-de-pasteleria-lecon-con-asa-10-x-18-x-7-cm-paquete-de-50\/#breadcrumb","itemListElement":[{"@type":"ListItem","position":1,"name":"Accueil","item":"https:\/\/www.csj-emballages.com\/es\/universo-del-envasado-alimentario\/"},{"@type":"ListItem","position":2,"name":"Tienda","item":"https:\/\/www.csj-emballages.com\/tienda\/"},{"@type":"ListItem","position":3,"name":"Estuche de reposter\u00eda \u00ab\u00a0Le\u00e7on\u00a0\u00bb con asa 10 x 18 x 7 cm, paquete de 50"}]},{"@type":"WebSite","@id":"https:\/\/www.csj-emballages.com\/es\/#website","url":"https:\/\/www.csj-emballages.com\/es\/","name":"CSJ Emballages","description":"","publisher":{"@id":"https:\/\/www.csj-emballages.com\/es\/#organization"},"potentialAction":[{"@type":"SearchAction","target":{"@type":"EntryPoint","urlTemplate":"https:\/\/www.csj-emballages.com\/es\/?s={search_term_string}"},"query-input":{"@type":"PropertyValueSpecification","valueRequired":true,"valueName":"search_term_string"}}],"inLanguage":"es"},{"@type":"Organization","@id":"https:\/\/www.csj-emballages.com\/es\/#Organization\/","name":"CSJ Emballages","url":"https:\/\/www.csj-emballages.com\/es\/","logo":{"@type":"ImageObject","inLanguage":"es","@id":"https:\/\/www.csj-emballages.com\/es\/#\/schema\/logo\/image\/","url":"https:\/\/www.csj-emballages.com\/wp-content\/uploads\/2023\/10\/logo_csj.webp","contentUrl":"https:\/\/www.csj-emballages.com\/wp-content\/uploads\/2023\/10\/logo_csj.webp","width":250,"height":95,"caption":"CSJ Emballages"},"image":{"@id":"https:\/\/www.csj-emballages.com\/es\/#\/schema\/logo\/image\/"},"sameAs":["https:\/\/www.facebook.com\/csjemballages"],"address":{"@type":"PostalAddress","streetAddress":"ZI La Lechere","addressLocality":"Patornay","postalCode":"39130","addressCountry":"FR"},"contactPoint":[{"@type":"ContactPoint","contactType":"Service client","telephone":"0384254272","email":"contact@csj-emballages.com"}]}]}},"df_price":10.71,"df_sale_price":10.71,"df_regular_price":13.39,"df_image_link":"https:\/\/www.csj-emballages.com\/wp-content\/uploads\/2024\/11\/Caissette-patissiere-lecon-4-300x300.webp","tiered_pricing_type":"fixed","tiered_pricing_fixed_rules":[],"tiered_pricing_percentage_rules":[],"tiered_pricing_minimum":1,"tiered_pricing_roles_data":[],"_links":{"self":[{"href":"https:\/\/www.csj-emballages.com\/es\/wp-json\/wp\/v2\/product\/228833","targetHints":{"allow":["GET"]}}],"collection":[{"href":"https:\/\/www.csj-emballages.com\/es\/wp-json\/wp\/v2\/product"}],"about":[{"href":"https:\/\/www.csj-emballages.com\/es\/wp-json\/wp\/v2\/types\/product"}],"wp:featuredmedia":[{"embeddable":true,"href":"https:\/\/www.csj-emballages.com\/es\/wp-json\/wp\/v2\/media\/194023"}],"wp:attachment":[{"href":"https:\/\/www.csj-emballages.com\/es\/wp-json\/wp\/v2\/media?parent=228833"}],"wp:term":[{"taxonomy":"product_brand","embeddable":true,"href":"https:\/\/www.csj-emballages.com\/es\/wp-json\/wp\/v2\/product_brand?post=228833"},{"taxonomy":"product_cat","embeddable":true,"href":"https:\/\/www.csj-emballages.com\/es\/wp-json\/wp\/v2\/product_cat?post=228833"},{"taxonomy":"product_tag","embeddable":true,"href":"https:\/\/www.csj-emballages.com\/es\/wp-json\/wp\/v2\/product_tag?post=228833"}],"curies":[{"name":"wp","href":"https:\/\/api.w.org\/{rel}","templated":true}]}}