{"id":228816,"date":"2024-11-29T02:18:20","date_gmt":"2024-11-29T01:18:20","guid":{"rendered":"https:\/\/www.csj-emballages.com\/produit\/plato-grande-de-melamina-negra-karola\/"},"modified":"2026-03-12T16:03:55","modified_gmt":"2026-03-12T15:03:55","slug":"plato-grande-de-melamina-negra-karola","status":"publish","type":"product","link":"https:\/\/www.csj-emballages.com\/es\/produit\/plato-grande-de-melamina-negra-karola\/","title":{"rendered":"Plato grande de melamina negra \u00abKarola"},"content":{"rendered":"<h2>Plato de melamina<\/h2>\n<hr>\n<h3>Descubra nuestro plato grande de melamina negra \u00abKarola<\/h3>\n<p><!--more--><\/p>\n<p>El<strong> plato de melamina<\/strong> <strong>\u00abKarola<\/strong> \u00bb es una elecci\u00f3n discreta y pr\u00e1ctica para todas sus comidas. Con su dise\u00f1o depurado y su color negro intenso, aporta un toque de elegancia a sus comidas. Vers\u00e1til y moderno, este <strong>plato negro<\/strong> se adapta a una gran variedad de entornos, desde comidas familiares hasta eventos de negocios.  <\/p>\n<p>Fabricado en <strong>melamina<\/strong> de alta calidad, es robusto y ligero a la vez. A diferencia de los platos convencionales, es resistente a golpes y ara\u00f1azos. Por eso es ideal para un uso frecuente. Adem\u00e1s, su superficie lisa facilita su limpieza, incluso despu\u00e9s de una comida copiosa. Basta una simple esponja para dejarla impecable.    <\/p>\n<p>Gracias a su gran tama\u00f1o, este<strong> plato de melamina<\/strong> es ideal para servir entrantes, platos principales y postres al mismo tiempo. Realza sus platos sin sobrecargarlos visualmente. Su color negro contrasta elegantemente con los colores de los alimentos, ya sean ensaladas, pastas o aperitivos.  <\/p>\n<h3><\/h3>\n<p><!--more--><\/p>\n<h3>\u00bfPor qu\u00e9 elegir el <strong>plato peque\u00f1o de melamina<\/strong> \u00abKarola\u00bb?<\/h3>\n<p>Optar por este <strong>plato de melamina<\/strong> significa hacer una elecci\u00f3n sostenible y econ\u00f3mica. La melamina es un material famoso por su resistencia y durabilidad. Resiste el uso diario conservando su aspecto original. No tendr\u00e1 que preocuparse por astillas o grietas, ni siquiera con una manipulaci\u00f3n frecuente.   <\/p>\n<p>Con su dise\u00f1o sobrio y atemporal, este<strong> plato negro<\/strong> combina bien con diferentes estilos de decoraci\u00f3n de mesa. Puede combinarlo con otras vajillas para crear presentaciones armoniosas. Su ligereza tambi\u00e9n lo convierte en una soluci\u00f3n pr\u00e1ctica para profesionales de la restauraci\u00f3n o eventos itinerantes.  <\/p>\n<h3><\/h3>\n<p><!--more--><\/p>\n<h3>Un <strong>plato negro<\/strong> para cada ocasi\u00f3n<\/h3>\n<p>Este<strong> plato negro<\/strong> no s\u00f3lo es bonito, sino tambi\u00e9n funcional. Puede utilizarlo en diversas ocasiones, como cumplea\u00f1os, recepciones o cenas cotidianas. Su acabado en negro realza sus platos de forma sencilla pero eficaz. Tanto si sirve un colorido postre como un refinado entrante, este <strong>plato de melamina<\/strong> realzar\u00e1 sus presentaciones.   <\/p>\n<p>&nbsp;<\/p>\n<p><!--more--><\/p>\n<p>Pruebe hoy mismo el <strong>plato<\/strong> <strong>grande<\/strong> <strong>de melamina negra<\/strong> <strong>\u00abKarola<\/strong> \u00bb y d\u00e9jese seducir por su dise\u00f1o y sus cualidades pr\u00e1cticas.<\/p>\n<p>&nbsp;<\/p>\n<p><!--more--><\/p>\n<h4>Ventajas:<\/h4>\n<ul>\n<li><strong>Durabilidad<\/strong>: resistente a golpes, ara\u00f1azos y al uso diario prolongado.<\/li>\n<li><strong>Versatilidad<\/strong>: perfecto para entrantes, postres, peque\u00f1as raciones o aperitivos.<\/li>\n<li><strong>Ligero<\/strong>: f\u00e1cil de manejar y transportar, ideal para comidas al aire libre.<\/li>\n<li><strong>Est\u00e9tica<\/strong>: un elegante acabado negro que resalta los colores de la vajilla.<\/li>\n<\/ul>\n<p>&nbsp;<\/p>\n<p><!--more--><\/p>\n<h4>Informaci\u00f3n adicional :<\/h4>\n<ul>\n<li><strong>Dimensiones<\/strong>: 330 x 230 x 20 (L x A x A en mm)<\/li>\n<li><strong>Material<\/strong>: Melamina<\/li>\n<li><strong>Embalaje<\/strong>: Por unidad<\/li>\n<li><strong>Color<\/strong>: Negro<\/li>\n<li><strong>Modelo<\/strong>: Karola<\/li>\n<\/ul>\n<p>&nbsp;<\/p>\n<p><!--more--><\/p>\n<p>Este producto est\u00e1 disponible en varios formatos: <span style=\"color: #d12727;\"><a style=\"color: #d12727;\" href=\"https:\/\/www.csj-emballages.com\/produit\/petite-assiette-melamine-noir-karola\/\">Peque\u00f1o<\/a><\/span> \/ <span style=\"color: #d12727;\"><a style=\"color: #d12727;\" href=\"https:\/\/www.csj-emballages.com\/es\/produit\/plato-karola-mediano-de-melamina-negra\/\"><span style=\"color: #d12727;\">Mediano<\/span><\/a><\/span><\/p>\n<p>&nbsp;<\/p>\n<p><!--more--><\/p>\n<p><a href=\"\/?product_cat=vaisselles-reutilisables\">Consulta el resto de nuestra gama de platos reutilizables aqu\u00ed<\/a><\/p>\n","protected":false},"excerpt":{"rendered":"<p>Plato de melamina Descubra nuestro plato grande de melamina negra \u00abKarola<\/p>\n","protected":false},"featured_media":198885,"template":"","meta":{"_acf_changed":false},"product_brand":[],"product_cat":[1150,6718],"product_tag":[],"class_list":{"0":"post-228816","1":"product","2":"type-product","3":"status-publish","4":"has-post-thumbnail","6":"product_cat-envasado-de-alimentos","7":"product_cat-platos-reutilizables","9":"first","10":"instock","11":"taxable","12":"shipping-taxable","13":"purchasable","14":"product-type-simple"},"acf":[],"yoast_head":"<!-- This site is optimized with the Yoast SEO Premium plugin v26.6 (Yoast SEO v26.6) - https:\/\/yoast.com\/wordpress\/plugins\/seo\/ -->\n<title>Plato de melamina negra &quot;Karola&quot; - Tama\u00f1o grande<\/title>\n<meta name=\"description\" content=\"Elija el plato grande de melamina negra &quot;Karola&quot;, elegante, resistente y f\u00e1cil de limpiar, ideal para todas sus comidas.\" \/>\n<meta name=\"robots\" content=\"index, follow, max-snippet:-1, max-image-preview:large, max-video-preview:-1\" \/>\n<link rel=\"canonical\" href=\"https:\/\/www.csj-emballages.com\/es\/produit\/plato-grande-de-melamina-negra-karola\/\" \/>\n<meta property=\"og:locale\" content=\"es_ES\" \/>\n<meta property=\"og:type\" content=\"article\" \/>\n<meta property=\"og:title\" content=\"Plato grande de melamina negra &quot;Karola\" \/>\n<meta property=\"og:description\" content=\"Elija el plato grande de melamina negra &quot;Karola&quot;, elegante, resistente y f\u00e1cil de limpiar, ideal para todas sus comidas.\" \/>\n<meta property=\"og:url\" content=\"https:\/\/www.csj-emballages.com\/es\/produit\/plato-grande-de-melamina-negra-karola\/\" \/>\n<meta property=\"og:site_name\" content=\"CSJ Emballages\" \/>\n<meta property=\"article:publisher\" content=\"https:\/\/www.facebook.com\/csjemballages\" \/>\n<meta property=\"article:modified_time\" content=\"2026-03-12T15:03:55+00:00\" \/>\n<meta property=\"og:image\" content=\"https:\/\/www.csj-emballages.com\/wp-content\/uploads\/2024\/11\/Grande-assiette-melamine-e1734102725345.webp\" \/>\n\t<meta property=\"og:image:width\" content=\"815\" \/>\n\t<meta property=\"og:image:height\" content=\"815\" \/>\n\t<meta property=\"og:image:type\" content=\"image\/webp\" \/>\n<meta name=\"twitter:card\" content=\"summary_large_image\" \/>\n<meta name=\"twitter:label1\" content=\"Tiempo de lectura\" \/>\n\t<meta name=\"twitter:data1\" content=\"2 minutos\" \/>\n<script type=\"application\/ld+json\" class=\"yoast-schema-graph\">{\"@context\":\"https:\/\/schema.org\",\"@graph\":[{\"@type\":\"WebPage\",\"@id\":\"https:\/\/www.csj-emballages.com\/es\/produit\/plato-grande-de-melamina-negra-karola\/\",\"url\":\"https:\/\/www.csj-emballages.com\/es\/produit\/plato-grande-de-melamina-negra-karola\/\",\"name\":\"Plato de melamina negra \\\"Karola\\\" - Tama\u00f1o grande\",\"isPartOf\":{\"@id\":\"https:\/\/www.csj-emballages.com\/es\/#website\"},\"primaryImageOfPage\":{\"@id\":\"https:\/\/www.csj-emballages.com\/es\/produit\/plato-grande-de-melamina-negra-karola\/#primaryimage\"},\"image\":{\"@id\":\"https:\/\/www.csj-emballages.com\/es\/produit\/plato-grande-de-melamina-negra-karola\/#primaryimage\"},\"thumbnailUrl\":\"https:\/\/www.csj-emballages.com\/wp-content\/uploads\/2024\/11\/Grande-assiette-melamine-e1734102725345.webp\",\"datePublished\":\"2024-11-29T01:18:20+00:00\",\"dateModified\":\"2026-03-12T15:03:55+00:00\",\"description\":\"Elija el plato grande de melamina negra \\\"Karola\\\", elegante, resistente y f\u00e1cil de limpiar, ideal para todas sus comidas.\",\"breadcrumb\":{\"@id\":\"https:\/\/www.csj-emballages.com\/es\/produit\/plato-grande-de-melamina-negra-karola\/#breadcrumb\"},\"inLanguage\":\"es\",\"potentialAction\":[{\"@type\":\"ReadAction\",\"target\":[\"https:\/\/www.csj-emballages.com\/es\/produit\/plato-grande-de-melamina-negra-karola\/\"]}]},{\"@type\":\"ImageObject\",\"inLanguage\":\"es\",\"@id\":\"https:\/\/www.csj-emballages.com\/es\/produit\/plato-grande-de-melamina-negra-karola\/#primaryimage\",\"url\":\"https:\/\/www.csj-emballages.com\/wp-content\/uploads\/2024\/11\/Grande-assiette-melamine-e1734102725345.webp\",\"contentUrl\":\"https:\/\/www.csj-emballages.com\/wp-content\/uploads\/2024\/11\/Grande-assiette-melamine-e1734102725345.webp\",\"width\":815,\"height\":815,\"caption\":\"Assiette M\u00e9lamine\"},{\"@type\":\"BreadcrumbList\",\"@id\":\"https:\/\/www.csj-emballages.com\/es\/produit\/plato-grande-de-melamina-negra-karola\/#breadcrumb\",\"itemListElement\":[{\"@type\":\"ListItem\",\"position\":1,\"name\":\"Accueil\",\"item\":\"https:\/\/www.csj-emballages.com\/es\/universo-del-envasado-alimentario\/\"},{\"@type\":\"ListItem\",\"position\":2,\"name\":\"Tienda\",\"item\":\"https:\/\/www.csj-emballages.com\/tienda\/\"},{\"@type\":\"ListItem\",\"position\":3,\"name\":\"Plato grande de melamina negra \u00ab\u00a0Karola\"}]},{\"@type\":\"WebSite\",\"@id\":\"https:\/\/www.csj-emballages.com\/es\/#website\",\"url\":\"https:\/\/www.csj-emballages.com\/es\/\",\"name\":\"CSJ Emballages\",\"description\":\"\",\"publisher\":{\"@id\":\"https:\/\/www.csj-emballages.com\/es\/#organization\"},\"potentialAction\":[{\"@type\":\"SearchAction\",\"target\":{\"@type\":\"EntryPoint\",\"urlTemplate\":\"https:\/\/www.csj-emballages.com\/es\/?s={search_term_string}\"},\"query-input\":{\"@type\":\"PropertyValueSpecification\",\"valueRequired\":true,\"valueName\":\"search_term_string\"}}],\"inLanguage\":\"es\"},{\"@type\":\"Organization\",\"@id\":\"https:\/\/www.csj-emballages.com\/es\/#Organization\/\",\"name\":\"CSJ Emballages\",\"url\":\"https:\/\/www.csj-emballages.com\/es\/\",\"logo\":{\"@type\":\"ImageObject\",\"inLanguage\":\"es\",\"@id\":\"https:\/\/www.csj-emballages.com\/es\/#\/schema\/logo\/image\/\",\"url\":\"https:\/\/www.csj-emballages.com\/wp-content\/uploads\/2023\/10\/logo_csj.webp\",\"contentUrl\":\"https:\/\/www.csj-emballages.com\/wp-content\/uploads\/2023\/10\/logo_csj.webp\",\"width\":250,\"height\":95,\"caption\":\"CSJ Emballages\"},\"image\":{\"@id\":\"https:\/\/www.csj-emballages.com\/es\/#\/schema\/logo\/image\/\"},\"sameAs\":[\"https:\/\/www.facebook.com\/csjemballages\"],\"address\":{\"@type\":\"PostalAddress\",\"streetAddress\":\"ZI La Lechere\",\"addressLocality\":\"Patornay\",\"postalCode\":\"39130\",\"addressCountry\":\"FR\"},\"contactPoint\":[{\"@type\":\"ContactPoint\",\"contactType\":\"Service client\",\"telephone\":\"0384254272\",\"email\":\"contact@csj-emballages.com\"}]}]}<\/script>\n<!-- \/ Yoast SEO Premium plugin. -->","yoast_head_json":{"title":"Plato de melamina negra \"Karola\" - Tama\u00f1o grande","description":"Elija el plato grande de melamina negra \"Karola\", elegante, resistente y f\u00e1cil de limpiar, ideal para todas sus comidas.","robots":{"index":"index","follow":"follow","max-snippet":"max-snippet:-1","max-image-preview":"max-image-preview:large","max-video-preview":"max-video-preview:-1"},"canonical":"https:\/\/www.csj-emballages.com\/es\/produit\/plato-grande-de-melamina-negra-karola\/","og_locale":"es_ES","og_type":"article","og_title":"Plato grande de melamina negra \"Karola","og_description":"Elija el plato grande de melamina negra \"Karola\", elegante, resistente y f\u00e1cil de limpiar, ideal para todas sus comidas.","og_url":"https:\/\/www.csj-emballages.com\/es\/produit\/plato-grande-de-melamina-negra-karola\/","og_site_name":"CSJ Emballages","article_publisher":"https:\/\/www.facebook.com\/csjemballages","article_modified_time":"2026-03-12T15:03:55+00:00","og_image":[{"width":815,"height":815,"url":"https:\/\/www.csj-emballages.com\/wp-content\/uploads\/2024\/11\/Grande-assiette-melamine-e1734102725345.webp","type":"image\/webp"}],"twitter_card":"summary_large_image","twitter_misc":{"Tiempo de lectura":"2 minutos"},"schema":{"@context":"https:\/\/schema.org","@graph":[{"@type":"WebPage","@id":"https:\/\/www.csj-emballages.com\/es\/produit\/plato-grande-de-melamina-negra-karola\/","url":"https:\/\/www.csj-emballages.com\/es\/produit\/plato-grande-de-melamina-negra-karola\/","name":"Plato de melamina negra \"Karola\" - Tama\u00f1o grande","isPartOf":{"@id":"https:\/\/www.csj-emballages.com\/es\/#website"},"primaryImageOfPage":{"@id":"https:\/\/www.csj-emballages.com\/es\/produit\/plato-grande-de-melamina-negra-karola\/#primaryimage"},"image":{"@id":"https:\/\/www.csj-emballages.com\/es\/produit\/plato-grande-de-melamina-negra-karola\/#primaryimage"},"thumbnailUrl":"https:\/\/www.csj-emballages.com\/wp-content\/uploads\/2024\/11\/Grande-assiette-melamine-e1734102725345.webp","datePublished":"2024-11-29T01:18:20+00:00","dateModified":"2026-03-12T15:03:55+00:00","description":"Elija el plato grande de melamina negra \"Karola\", elegante, resistente y f\u00e1cil de limpiar, ideal para todas sus comidas.","breadcrumb":{"@id":"https:\/\/www.csj-emballages.com\/es\/produit\/plato-grande-de-melamina-negra-karola\/#breadcrumb"},"inLanguage":"es","potentialAction":[{"@type":"ReadAction","target":["https:\/\/www.csj-emballages.com\/es\/produit\/plato-grande-de-melamina-negra-karola\/"]}]},{"@type":"ImageObject","inLanguage":"es","@id":"https:\/\/www.csj-emballages.com\/es\/produit\/plato-grande-de-melamina-negra-karola\/#primaryimage","url":"https:\/\/www.csj-emballages.com\/wp-content\/uploads\/2024\/11\/Grande-assiette-melamine-e1734102725345.webp","contentUrl":"https:\/\/www.csj-emballages.com\/wp-content\/uploads\/2024\/11\/Grande-assiette-melamine-e1734102725345.webp","width":815,"height":815,"caption":"Assiette M\u00e9lamine"},{"@type":"BreadcrumbList","@id":"https:\/\/www.csj-emballages.com\/es\/produit\/plato-grande-de-melamina-negra-karola\/#breadcrumb","itemListElement":[{"@type":"ListItem","position":1,"name":"Accueil","item":"https:\/\/www.csj-emballages.com\/es\/universo-del-envasado-alimentario\/"},{"@type":"ListItem","position":2,"name":"Tienda","item":"https:\/\/www.csj-emballages.com\/tienda\/"},{"@type":"ListItem","position":3,"name":"Plato grande de melamina negra \u00ab\u00a0Karola"}]},{"@type":"WebSite","@id":"https:\/\/www.csj-emballages.com\/es\/#website","url":"https:\/\/www.csj-emballages.com\/es\/","name":"CSJ Emballages","description":"","publisher":{"@id":"https:\/\/www.csj-emballages.com\/es\/#organization"},"potentialAction":[{"@type":"SearchAction","target":{"@type":"EntryPoint","urlTemplate":"https:\/\/www.csj-emballages.com\/es\/?s={search_term_string}"},"query-input":{"@type":"PropertyValueSpecification","valueRequired":true,"valueName":"search_term_string"}}],"inLanguage":"es"},{"@type":"Organization","@id":"https:\/\/www.csj-emballages.com\/es\/#Organization\/","name":"CSJ Emballages","url":"https:\/\/www.csj-emballages.com\/es\/","logo":{"@type":"ImageObject","inLanguage":"es","@id":"https:\/\/www.csj-emballages.com\/es\/#\/schema\/logo\/image\/","url":"https:\/\/www.csj-emballages.com\/wp-content\/uploads\/2023\/10\/logo_csj.webp","contentUrl":"https:\/\/www.csj-emballages.com\/wp-content\/uploads\/2023\/10\/logo_csj.webp","width":250,"height":95,"caption":"CSJ Emballages"},"image":{"@id":"https:\/\/www.csj-emballages.com\/es\/#\/schema\/logo\/image\/"},"sameAs":["https:\/\/www.facebook.com\/csjemballages"],"address":{"@type":"PostalAddress","streetAddress":"ZI La Lechere","addressLocality":"Patornay","postalCode":"39130","addressCountry":"FR"},"contactPoint":[{"@type":"ContactPoint","contactType":"Service client","telephone":"0384254272","email":"contact@csj-emballages.com"}]}]}},"df_price":11.57,"df_sale_price":"","df_regular_price":11.57,"df_image_link":"https:\/\/www.csj-emballages.com\/wp-content\/uploads\/2024\/11\/Grande-assiette-melamine-300x300.webp","tiered_pricing_type":"fixed","tiered_pricing_fixed_rules":[],"tiered_pricing_percentage_rules":[],"tiered_pricing_minimum":1,"tiered_pricing_roles_data":[],"_links":{"self":[{"href":"https:\/\/www.csj-emballages.com\/es\/wp-json\/wp\/v2\/product\/228816","targetHints":{"allow":["GET"]}}],"collection":[{"href":"https:\/\/www.csj-emballages.com\/es\/wp-json\/wp\/v2\/product"}],"about":[{"href":"https:\/\/www.csj-emballages.com\/es\/wp-json\/wp\/v2\/types\/product"}],"wp:featuredmedia":[{"embeddable":true,"href":"https:\/\/www.csj-emballages.com\/es\/wp-json\/wp\/v2\/media\/198885"}],"wp:attachment":[{"href":"https:\/\/www.csj-emballages.com\/es\/wp-json\/wp\/v2\/media?parent=228816"}],"wp:term":[{"taxonomy":"product_brand","embeddable":true,"href":"https:\/\/www.csj-emballages.com\/es\/wp-json\/wp\/v2\/product_brand?post=228816"},{"taxonomy":"product_cat","embeddable":true,"href":"https:\/\/www.csj-emballages.com\/es\/wp-json\/wp\/v2\/product_cat?post=228816"},{"taxonomy":"product_tag","embeddable":true,"href":"https:\/\/www.csj-emballages.com\/es\/wp-json\/wp\/v2\/product_tag?post=228816"}],"curies":[{"name":"wp","href":"https:\/\/api.w.org\/{rel}","templated":true}]}}