{"id":228775,"date":"2024-11-29T02:18:25","date_gmt":"2024-11-29T01:18:25","guid":{"rendered":"https:\/\/www.csj-emballages.com\/produit\/bandeja-grande-de-melamina-negra-karola\/"},"modified":"2026-03-12T16:04:07","modified_gmt":"2026-03-12T15:04:07","slug":"bandeja-grande-de-melamina-negra-karola","status":"publish","type":"product","link":"https:\/\/www.csj-emballages.com\/es\/produit\/bandeja-grande-de-melamina-negra-karola\/","title":{"rendered":"Bandeja grande de melamina negra \u00abKarola"},"content":{"rendered":"<h2>Gran meseta<\/h2>\n<hr>\n<h3>Descubre nuestra gran bandeja de melamina negra \u00abKarola<\/h3>\n<p><!--more--><\/p>\n<p>La<strong> bandeja grande de<\/strong> <strong>melamina<\/strong><strong> negra<\/strong> <strong>\u00abKarola<\/strong> \u00bb es una opci\u00f3n ideal para presentar tus creaciones culinarias. Cuidadosamente dise\u00f1ada, esta <strong>bandeja negra<\/strong> destaca por su sencillez y discreta elegancia. Encaja perfectamente en diversos ambientes, ya sea en casa o en el lugar de trabajo. Hecha de <strong>melamina<\/strong>, es duradera pero ligera y f\u00e1cil de manejar.   <\/p>\n<p>Esta<strong> bandeja grande<\/strong> tiene unas dimensiones compactas que la hacen pr\u00e1ctica para el uso diario. Con sus bordes ligeramente elevados, sujeta con seguridad alimentos u objetos. Tanto si quieres servir aperitivos, presentar postres o transportar peque\u00f1os utensilios, esta <strong>bandeja de melamina<\/strong> satisfar\u00e1 tus necesidades sin esfuerzo.  <\/p>\n<h3><\/h3>\n<p><!--more--><\/p>\n<h3>Un dise\u00f1o funcional y duradero<\/h3>\n<p>Fabricada en <strong>melamina<\/strong>, esta<strong> gran bandeja negra<\/strong> es muy resistente a los ara\u00f1azos y al desgaste del tiempo. Este material tambi\u00e9n es f\u00e1cil de limpiar, por lo que su mantenimiento es r\u00e1pido y sencillo. <\/p>\n<p>Su dise\u00f1o sobrio y atemporal permite adaptarla a diversos estilos decorativos. Esta <strong>bandeja negra<\/strong> es tan adecuada para el uso diario como para las ocasiones especiales. Su peso ligero hace que sea f\u00e1cil de desplazar, a la vez que se mantiene estable durante su uso. En resumen, esta<strong> bandeja<\/strong> es la combinaci\u00f3n perfecta de practicidad y atractivo est\u00e9tico.   <\/p>\n<p>En conclusi\u00f3n, la<strong> bandeja grande de<\/strong> <strong>melamina<\/strong><strong> negra<\/strong> <strong>\u00abKarola<\/strong> \u00bb es imprescindible en muchos contextos. Su sencillez, robustez y elegante dise\u00f1o la hacen a la vez funcional y agradable de usar. <\/p>\n<p>&nbsp;<\/p>\n<p><!--more--><\/p>\n<h4>Ventajas:<\/h4>\n<ul>\n<li><strong>Resistencia y durabilidad<\/strong>: Hecho de melamina, resiste los ara\u00f1azos y el desgaste diario.<\/li>\n<li><strong>Dise\u00f1o vers\u00e1til<\/strong>: El color negro de esta gran bandeja combina con todos los estilos de decoraci\u00f3n y uso.<\/li>\n<li><strong>Uso vers\u00e1til<\/strong>: perfecto para servir, exponer o transportar diversos objetos.<\/li>\n<\/ul>\n<p>&nbsp;<\/p>\n<p><!--more--><\/p>\n<h4>Informaci\u00f3n adicional :<\/h4>\n<ul>\n<li><strong>Dimensiones<\/strong>: 400 x 155 x 30 (L x A x A en mm)<\/li>\n<li><strong>Material<\/strong>: Melamina<\/li>\n<li><strong>Embalaje<\/strong>: Por unidad<\/li>\n<li><strong>Color<\/strong>: Negro<\/li>\n<li><strong>Modelo<\/strong>: Karola<\/li>\n<\/ul>\n<p>&nbsp;<\/p>\n<p><!--more--><\/p>\n<p>Este producto est\u00e1 disponible en varios formatos: <span style=\"color: #d12727;\"><a style=\"color: #d12727;\" href=\"https:\/\/www.csj-emballages.com\/de\/produit\/kleines-schwarzes-melamintablett-karola\/\">Peque\u00f1o<\/a><\/span> \/ <span style=\"color: #d12727;\"><a style=\"color: #d12727;\" href=\"https:\/\/www.csj-emballages.com\/es\/produit\/bandeja-mediana-de-melamina-negra-karola\/\">Mediano<\/a><\/span><\/p>\n<p>&nbsp;<\/p>\n<p><!--more--><\/p>\n<p><a href=\"\/?product_cat=vaisselles-reutilisables\">Consulta el resto de nuestra gama de platos reutilizables aqu\u00ed<\/a><\/p>\n","protected":false},"excerpt":{"rendered":"<p>Gran meseta Descubre nuestra gran bandeja de melamina negra \u00abKarola<\/p>\n","protected":false},"featured_media":198760,"template":"","meta":{"_acf_changed":false},"product_brand":[],"product_cat":[1150,6718],"product_tag":[],"class_list":{"0":"post-228775","1":"product","2":"type-product","3":"status-publish","4":"has-post-thumbnail","6":"product_cat-envasado-de-alimentos","7":"product_cat-platos-reutilizables","9":"first","10":"instock","11":"taxable","12":"shipping-taxable","13":"purchasable","14":"product-type-simple"},"acf":[],"yoast_head":"<!-- This site is optimized with the Yoast SEO Premium plugin v26.6 (Yoast SEO v26.6) - https:\/\/yoast.com\/wordpress\/plugins\/seo\/ -->\n<title>Bandeja grande de melamina negra tipo &quot;Karola<\/title>\n<meta name=\"description\" content=\"Descubra la bandeja grande de melamina negra &quot;Karola&quot;: elegante, resistente y f\u00e1cil de limpiar. Ideal para servir y presentar platos grandes.\" \/>\n<meta name=\"robots\" content=\"index, follow, max-snippet:-1, max-image-preview:large, max-video-preview:-1\" \/>\n<link rel=\"canonical\" href=\"https:\/\/www.csj-emballages.com\/es\/produit\/bandeja-grande-de-melamina-negra-karola\/\" \/>\n<meta property=\"og:locale\" content=\"es_ES\" \/>\n<meta property=\"og:type\" content=\"article\" \/>\n<meta property=\"og:title\" content=\"Bandeja grande de melamina negra &quot;Karola\" \/>\n<meta property=\"og:description\" content=\"Descubra la bandeja grande de melamina negra &quot;Karola&quot;: elegante, resistente y f\u00e1cil de limpiar. Ideal para servir y presentar platos grandes.\" \/>\n<meta property=\"og:url\" content=\"https:\/\/www.csj-emballages.com\/es\/produit\/bandeja-grande-de-melamina-negra-karola\/\" \/>\n<meta property=\"og:site_name\" content=\"CSJ Emballages\" \/>\n<meta property=\"article:publisher\" content=\"https:\/\/www.facebook.com\/csjemballages\" \/>\n<meta property=\"article:modified_time\" content=\"2026-03-12T15:04:07+00:00\" \/>\n<meta property=\"og:image\" content=\"https:\/\/www.csj-emballages.com\/wp-content\/uploads\/2024\/11\/Grand-plateau-melamine.webp\" \/>\n\t<meta property=\"og:image:width\" content=\"799\" \/>\n\t<meta property=\"og:image:height\" content=\"799\" \/>\n\t<meta property=\"og:image:type\" content=\"image\/webp\" \/>\n<meta name=\"twitter:card\" content=\"summary_large_image\" \/>\n<meta name=\"twitter:label1\" content=\"Tiempo de lectura\" \/>\n\t<meta name=\"twitter:data1\" content=\"2 minutos\" \/>\n<script type=\"application\/ld+json\" class=\"yoast-schema-graph\">{\"@context\":\"https:\/\/schema.org\",\"@graph\":[{\"@type\":\"WebPage\",\"@id\":\"https:\/\/www.csj-emballages.com\/es\/produit\/bandeja-grande-de-melamina-negra-karola\/\",\"url\":\"https:\/\/www.csj-emballages.com\/es\/produit\/bandeja-grande-de-melamina-negra-karola\/\",\"name\":\"Bandeja grande de melamina negra tipo \\\"Karola\",\"isPartOf\":{\"@id\":\"https:\/\/www.csj-emballages.com\/es\/#website\"},\"primaryImageOfPage\":{\"@id\":\"https:\/\/www.csj-emballages.com\/es\/produit\/bandeja-grande-de-melamina-negra-karola\/#primaryimage\"},\"image\":{\"@id\":\"https:\/\/www.csj-emballages.com\/es\/produit\/bandeja-grande-de-melamina-negra-karola\/#primaryimage\"},\"thumbnailUrl\":\"https:\/\/www.csj-emballages.com\/wp-content\/uploads\/2024\/11\/Grand-plateau-melamine.webp\",\"datePublished\":\"2024-11-29T01:18:25+00:00\",\"dateModified\":\"2026-03-12T15:04:07+00:00\",\"description\":\"Descubra la bandeja grande de melamina negra \\\"Karola\\\": elegante, resistente y f\u00e1cil de limpiar. Ideal para servir y presentar platos grandes.\",\"breadcrumb\":{\"@id\":\"https:\/\/www.csj-emballages.com\/es\/produit\/bandeja-grande-de-melamina-negra-karola\/#breadcrumb\"},\"inLanguage\":\"es\",\"potentialAction\":[{\"@type\":\"ReadAction\",\"target\":[\"https:\/\/www.csj-emballages.com\/es\/produit\/bandeja-grande-de-melamina-negra-karola\/\"]}]},{\"@type\":\"ImageObject\",\"inLanguage\":\"es\",\"@id\":\"https:\/\/www.csj-emballages.com\/es\/produit\/bandeja-grande-de-melamina-negra-karola\/#primaryimage\",\"url\":\"https:\/\/www.csj-emballages.com\/wp-content\/uploads\/2024\/11\/Grand-plateau-melamine.webp\",\"contentUrl\":\"https:\/\/www.csj-emballages.com\/wp-content\/uploads\/2024\/11\/Grand-plateau-melamine.webp\",\"width\":799,\"height\":799,\"caption\":\"Grand Plateau\"},{\"@type\":\"BreadcrumbList\",\"@id\":\"https:\/\/www.csj-emballages.com\/es\/produit\/bandeja-grande-de-melamina-negra-karola\/#breadcrumb\",\"itemListElement\":[{\"@type\":\"ListItem\",\"position\":1,\"name\":\"Accueil\",\"item\":\"https:\/\/www.csj-emballages.com\/es\/universo-del-envasado-alimentario\/\"},{\"@type\":\"ListItem\",\"position\":2,\"name\":\"Tienda\",\"item\":\"https:\/\/www.csj-emballages.com\/tienda\/\"},{\"@type\":\"ListItem\",\"position\":3,\"name\":\"Bandeja grande de melamina negra \u00ab\u00a0Karola\"}]},{\"@type\":\"WebSite\",\"@id\":\"https:\/\/www.csj-emballages.com\/es\/#website\",\"url\":\"https:\/\/www.csj-emballages.com\/es\/\",\"name\":\"CSJ Emballages\",\"description\":\"\",\"publisher\":{\"@id\":\"https:\/\/www.csj-emballages.com\/es\/#organization\"},\"potentialAction\":[{\"@type\":\"SearchAction\",\"target\":{\"@type\":\"EntryPoint\",\"urlTemplate\":\"https:\/\/www.csj-emballages.com\/es\/?s={search_term_string}\"},\"query-input\":{\"@type\":\"PropertyValueSpecification\",\"valueRequired\":true,\"valueName\":\"search_term_string\"}}],\"inLanguage\":\"es\"},{\"@type\":\"Organization\",\"@id\":\"https:\/\/www.csj-emballages.com\/es\/#Organization\/\",\"name\":\"CSJ Emballages\",\"url\":\"https:\/\/www.csj-emballages.com\/es\/\",\"logo\":{\"@type\":\"ImageObject\",\"inLanguage\":\"es\",\"@id\":\"https:\/\/www.csj-emballages.com\/es\/#\/schema\/logo\/image\/\",\"url\":\"https:\/\/www.csj-emballages.com\/wp-content\/uploads\/2023\/10\/logo_csj.webp\",\"contentUrl\":\"https:\/\/www.csj-emballages.com\/wp-content\/uploads\/2023\/10\/logo_csj.webp\",\"width\":250,\"height\":95,\"caption\":\"CSJ Emballages\"},\"image\":{\"@id\":\"https:\/\/www.csj-emballages.com\/es\/#\/schema\/logo\/image\/\"},\"sameAs\":[\"https:\/\/www.facebook.com\/csjemballages\"],\"address\":{\"@type\":\"PostalAddress\",\"streetAddress\":\"ZI La Lechere\",\"addressLocality\":\"Patornay\",\"postalCode\":\"39130\",\"addressCountry\":\"FR\"},\"contactPoint\":[{\"@type\":\"ContactPoint\",\"contactType\":\"Service client\",\"telephone\":\"0384254272\",\"email\":\"contact@csj-emballages.com\"}]}]}<\/script>\n<!-- \/ Yoast SEO Premium plugin. -->","yoast_head_json":{"title":"Bandeja grande de melamina negra tipo \"Karola","description":"Descubra la bandeja grande de melamina negra \"Karola\": elegante, resistente y f\u00e1cil de limpiar. Ideal para servir y presentar platos grandes.","robots":{"index":"index","follow":"follow","max-snippet":"max-snippet:-1","max-image-preview":"max-image-preview:large","max-video-preview":"max-video-preview:-1"},"canonical":"https:\/\/www.csj-emballages.com\/es\/produit\/bandeja-grande-de-melamina-negra-karola\/","og_locale":"es_ES","og_type":"article","og_title":"Bandeja grande de melamina negra \"Karola","og_description":"Descubra la bandeja grande de melamina negra \"Karola\": elegante, resistente y f\u00e1cil de limpiar. Ideal para servir y presentar platos grandes.","og_url":"https:\/\/www.csj-emballages.com\/es\/produit\/bandeja-grande-de-melamina-negra-karola\/","og_site_name":"CSJ Emballages","article_publisher":"https:\/\/www.facebook.com\/csjemballages","article_modified_time":"2026-03-12T15:04:07+00:00","og_image":[{"width":799,"height":799,"url":"https:\/\/www.csj-emballages.com\/wp-content\/uploads\/2024\/11\/Grand-plateau-melamine.webp","type":"image\/webp"}],"twitter_card":"summary_large_image","twitter_misc":{"Tiempo de lectura":"2 minutos"},"schema":{"@context":"https:\/\/schema.org","@graph":[{"@type":"WebPage","@id":"https:\/\/www.csj-emballages.com\/es\/produit\/bandeja-grande-de-melamina-negra-karola\/","url":"https:\/\/www.csj-emballages.com\/es\/produit\/bandeja-grande-de-melamina-negra-karola\/","name":"Bandeja grande de melamina negra tipo \"Karola","isPartOf":{"@id":"https:\/\/www.csj-emballages.com\/es\/#website"},"primaryImageOfPage":{"@id":"https:\/\/www.csj-emballages.com\/es\/produit\/bandeja-grande-de-melamina-negra-karola\/#primaryimage"},"image":{"@id":"https:\/\/www.csj-emballages.com\/es\/produit\/bandeja-grande-de-melamina-negra-karola\/#primaryimage"},"thumbnailUrl":"https:\/\/www.csj-emballages.com\/wp-content\/uploads\/2024\/11\/Grand-plateau-melamine.webp","datePublished":"2024-11-29T01:18:25+00:00","dateModified":"2026-03-12T15:04:07+00:00","description":"Descubra la bandeja grande de melamina negra \"Karola\": elegante, resistente y f\u00e1cil de limpiar. Ideal para servir y presentar platos grandes.","breadcrumb":{"@id":"https:\/\/www.csj-emballages.com\/es\/produit\/bandeja-grande-de-melamina-negra-karola\/#breadcrumb"},"inLanguage":"es","potentialAction":[{"@type":"ReadAction","target":["https:\/\/www.csj-emballages.com\/es\/produit\/bandeja-grande-de-melamina-negra-karola\/"]}]},{"@type":"ImageObject","inLanguage":"es","@id":"https:\/\/www.csj-emballages.com\/es\/produit\/bandeja-grande-de-melamina-negra-karola\/#primaryimage","url":"https:\/\/www.csj-emballages.com\/wp-content\/uploads\/2024\/11\/Grand-plateau-melamine.webp","contentUrl":"https:\/\/www.csj-emballages.com\/wp-content\/uploads\/2024\/11\/Grand-plateau-melamine.webp","width":799,"height":799,"caption":"Grand Plateau"},{"@type":"BreadcrumbList","@id":"https:\/\/www.csj-emballages.com\/es\/produit\/bandeja-grande-de-melamina-negra-karola\/#breadcrumb","itemListElement":[{"@type":"ListItem","position":1,"name":"Accueil","item":"https:\/\/www.csj-emballages.com\/es\/universo-del-envasado-alimentario\/"},{"@type":"ListItem","position":2,"name":"Tienda","item":"https:\/\/www.csj-emballages.com\/tienda\/"},{"@type":"ListItem","position":3,"name":"Bandeja grande de melamina negra \u00ab\u00a0Karola"}]},{"@type":"WebSite","@id":"https:\/\/www.csj-emballages.com\/es\/#website","url":"https:\/\/www.csj-emballages.com\/es\/","name":"CSJ Emballages","description":"","publisher":{"@id":"https:\/\/www.csj-emballages.com\/es\/#organization"},"potentialAction":[{"@type":"SearchAction","target":{"@type":"EntryPoint","urlTemplate":"https:\/\/www.csj-emballages.com\/es\/?s={search_term_string}"},"query-input":{"@type":"PropertyValueSpecification","valueRequired":true,"valueName":"search_term_string"}}],"inLanguage":"es"},{"@type":"Organization","@id":"https:\/\/www.csj-emballages.com\/es\/#Organization\/","name":"CSJ Emballages","url":"https:\/\/www.csj-emballages.com\/es\/","logo":{"@type":"ImageObject","inLanguage":"es","@id":"https:\/\/www.csj-emballages.com\/es\/#\/schema\/logo\/image\/","url":"https:\/\/www.csj-emballages.com\/wp-content\/uploads\/2023\/10\/logo_csj.webp","contentUrl":"https:\/\/www.csj-emballages.com\/wp-content\/uploads\/2023\/10\/logo_csj.webp","width":250,"height":95,"caption":"CSJ Emballages"},"image":{"@id":"https:\/\/www.csj-emballages.com\/es\/#\/schema\/logo\/image\/"},"sameAs":["https:\/\/www.facebook.com\/csjemballages"],"address":{"@type":"PostalAddress","streetAddress":"ZI La Lechere","addressLocality":"Patornay","postalCode":"39130","addressCountry":"FR"},"contactPoint":[{"@type":"ContactPoint","contactType":"Service client","telephone":"0384254272","email":"contact@csj-emballages.com"}]}]}},"df_price":10.55,"df_sale_price":"","df_regular_price":10.55,"df_image_link":"https:\/\/www.csj-emballages.com\/wp-content\/uploads\/2024\/11\/Grand-plateau-melamine-300x300.webp","tiered_pricing_type":"fixed","tiered_pricing_fixed_rules":[],"tiered_pricing_percentage_rules":[],"tiered_pricing_minimum":1,"tiered_pricing_roles_data":[],"_links":{"self":[{"href":"https:\/\/www.csj-emballages.com\/es\/wp-json\/wp\/v2\/product\/228775","targetHints":{"allow":["GET"]}}],"collection":[{"href":"https:\/\/www.csj-emballages.com\/es\/wp-json\/wp\/v2\/product"}],"about":[{"href":"https:\/\/www.csj-emballages.com\/es\/wp-json\/wp\/v2\/types\/product"}],"wp:featuredmedia":[{"embeddable":true,"href":"https:\/\/www.csj-emballages.com\/es\/wp-json\/wp\/v2\/media\/198760"}],"wp:attachment":[{"href":"https:\/\/www.csj-emballages.com\/es\/wp-json\/wp\/v2\/media?parent=228775"}],"wp:term":[{"taxonomy":"product_brand","embeddable":true,"href":"https:\/\/www.csj-emballages.com\/es\/wp-json\/wp\/v2\/product_brand?post=228775"},{"taxonomy":"product_cat","embeddable":true,"href":"https:\/\/www.csj-emballages.com\/es\/wp-json\/wp\/v2\/product_cat?post=228775"},{"taxonomy":"product_tag","embeddable":true,"href":"https:\/\/www.csj-emballages.com\/es\/wp-json\/wp\/v2\/product_tag?post=228775"}],"curies":[{"name":"wp","href":"https:\/\/api.w.org\/{rel}","templated":true}]}}