{"id":228774,"date":"2024-11-29T02:18:14","date_gmt":"2024-11-29T01:18:14","guid":{"rendered":"https:\/\/www.csj-emballages.com\/produit\/bol-de-melamina-negra-karola-1700-ml\/"},"modified":"2026-04-03T02:10:52","modified_gmt":"2026-04-03T00:10:52","slug":"bol-de-melamina-negra-karola-1700-ml","status":"publish","type":"product","link":"https:\/\/www.csj-emballages.com\/es\/produit\/bol-de-melamina-negra-karola-1700-ml\/","title":{"rendered":"Bol de melamina negra \u00abKarola\u00bb 1700 ml"},"content":{"rendered":"<h2>Cuenco negro<\/h2>\n<hr>\n<h3>Descubra nuestro bol de melamina negra tipo &#8216;Karola&#8217; de 1700ml<\/h3>\n<p><!--more--><\/p>\n<p>El <strong>bol de<\/strong> <strong>melamina<\/strong> <strong>negro<\/strong> <strong>\u00abKarola<\/strong> \u00bb es una elecci\u00f3n sencilla y eficaz para su cocina. Con una capacidad de <strong>1700 ml<\/strong>, este <strong>bol de mel<\/strong> amina satisface las necesidades cotidianas sin pretensiones. Ideal para comidas familiares o peque\u00f1as reuniones, presenta una forma pr\u00e1ctica y un dise\u00f1o moderno. Est\u00e1 dise\u00f1ado para que sea f\u00e1cil de usar, ya sea para preparar, servir o mezclar. La melamina es resistente, ligera y f\u00e1cil de mantener. Por eso, este <strong>bol reutilizable<\/strong> es perfecto para las comidas diarias, adem\u00e1s de ser resistente a los desconchones. Adem\u00e1s, su superficie lisa permite limpiarlo r\u00e1pidamente despu\u00e9s de cada uso. Tambi\u00e9n apreciar\u00e1 su estabilidad, que evita los derrames accidentales.       <\/p>\n<p>&nbsp;<\/p>\n<p><!--more--><\/p>\n<h4><strong>Dise\u00f1ado para durar y utilizarse a diario<\/strong><\/h4>\n<p>El <strong>bol de<\/strong> <strong>melamina<\/strong> <strong>negra<\/strong> <strong>\u00abKarola<\/strong> \u00bb no s\u00f3lo tiene un aspecto atractivo. Su composici\u00f3n garantiza una buena durabilidad a lo largo del tiempo. A diferencia de <strong>los cuencos<\/strong> de pl\u00e1stico <strong>reutilizables<\/strong>, es m\u00e1s resistente a los ara\u00f1azos y al desgaste diario. Este <strong>cuenco de melamina<\/strong> es, por tanto, una alternativa fiable para quienes buscan reducir su consumo de productos desechables.   <\/p>\n<p>Con una capacidad de <strong>1700 ml<\/strong>, este <strong>bol negro<\/strong> es adecuado para una gran variedad de usos. Puede utilizarse para ensaladas, pasta o incluso como recipiente para fruta fresca. Tambi\u00e9n puede utilizarlo para preparar sus ingredientes antes de cocinarlos. Al optar por un <strong>bol reutilizable<\/strong> como \u00e9ste, estar\u00e1s haciendo una elecci\u00f3n pr\u00e1ctica y econ\u00f3mica a la vez que contribuyes a reducir los residuos.   <\/p>\n<p>Este <strong>cuenco de melamina<\/strong> <strong>\u00abKarola<\/strong> \u00bb tambi\u00e9n es ligero, lo que facilita su manejo. No te costar\u00e1 nada llevarlo de un sitio a otro, tanto si cenas dentro como fuera de casa. Adem\u00e1s, su sobrio y elegante color negro combina con cualquier decoraci\u00f3n, aportando un toque moderno sin exagerar.  <\/p>\n<p>En conclusi\u00f3n, el <strong>bol de<\/strong> <strong>melamina<\/strong> <strong>negro<\/strong> <strong>\u00abKarola<\/strong> \u00bb es un producto fiable, sencillo y duradero. Es ideal para quienes buscan un <strong>bol reutilizable<\/strong> de calidad y f\u00e1cil de mantener. Perfecto para las comidas con la familia y los amigos, combina funcionalidad y utilidad. Este <strong>bol de mel<\/strong> amina es una elecci\u00f3n sensata para cualquier cocina, ya que ofrece una buena durabilidad a un precio asequible.   <\/p>\n<p>&nbsp;<\/p>\n<p><!--more--><\/p>\n<h4>Ventajas:<\/h4>\n<ul>\n<li><strong>Durabilidad y resistencia<\/strong>: el <strong>cuenco de<\/strong> melamina negra es resistente a los golpes y no se rompe f\u00e1cilmente, aunque se caiga.<\/li>\n<li><strong>Pr\u00e1ctico de usar<\/strong>: Con una capacidad de 1700 ml, este <strong>cuenco de melamina<\/strong> es lo suficientemente espacioso para una raci\u00f3n familiar.<\/li>\n<li><strong>Dise\u00f1o elegante y vers\u00e1til<\/strong>: El <strong>cuenco negro<\/strong> aportar\u00e1 un toque moderno y sobrio a su mesa. Su color negro combina f\u00e1cilmente con todos los estilos de decoraci\u00f3n. <\/li>\n<li><strong>Respeto por el medio ambiente<\/strong>: al elegir un <strong>bol reutilizable<\/strong>, reduces el consumo de productos desechables. Este bol de melamina est\u00e1 dise\u00f1ado para durar, lo que lo convierte en una alternativa eco-responsable a los productos desechables. <\/li>\n<\/ul>\n<p>&nbsp;<\/p>\n<p><!--more--><\/p>\n<h4>Informaci\u00f3n adicional :<\/h4>\n<ul>\n<li><strong>Dimensiones<\/strong>: 225 x 175 x 80 (L x A x A en mm)<\/li>\n<li><strong>Material<\/strong>: Melamina<\/li>\n<li><strong>Embalaje<\/strong>: Por unidad<\/li>\n<li><strong>Color<\/strong>: Negro<\/li>\n<li><strong>Volumen<\/strong>: 1700 ml<\/li>\n<li><strong>Modelo<\/strong>: Karola<\/li>\n<\/ul>\n<p>&nbsp;<\/p>\n<p><!--more--><\/p>\n<p>Este producto est\u00e1 disponible en varios tama\u00f1os: <span style=\"color: #d12727;\"><a style=\"color: #d12727;\" href=\"https:\/\/www.csj-emballages.com\/es\/produit\/bol-de-melamina-negra-karola-500-ml\/\">500 ml<\/a><\/span> \/ <span style=\"color: #d12727;\"><a style=\"color: #d12727;\" href=\"https:\/\/www.csj-emballages.com\/produit\/bol-melamine-noir-950-ml-karola\/\">950 ml<\/a><\/span><\/p>\n<p>&nbsp;<\/p>\n<p><!--more--><\/p>\n<p><a href=\"\/?product_cat=vaisselles-reutilisables\">Ver el resto de nuestra gama de platos irrompibles reutilizables<\/a><\/p>\n","protected":false},"excerpt":{"rendered":"<p>Cuenco negro Descubra nuestro bol de melamina negra tipo &#8216;Karola&#8217; de 1700ml<\/p>\n","protected":false},"featured_media":198569,"template":"","meta":{"_acf_changed":false},"product_brand":[],"product_cat":[1150,6718],"product_tag":[],"class_list":{"0":"post-228774","1":"product","2":"type-product","3":"status-publish","4":"has-post-thumbnail","6":"product_cat-envasado-de-alimentos","7":"product_cat-platos-reutilizables","9":"first","10":"instock","11":"taxable","12":"shipping-taxable","13":"purchasable","14":"product-type-simple"},"acf":[],"yoast_head":"<!-- This site is optimized with the Yoast SEO Premium plugin v26.6 (Yoast SEO v26.6) - https:\/\/yoast.com\/wordpress\/plugins\/seo\/ -->\n<title>Karola&#039; Bol de Melamina Negro - 1700ml<\/title>\n<meta name=\"description\" content=\"Descubra el bol negro de melamina &quot;Karola&quot; de 1700 ml, pr\u00e1ctico, duradero y eco-responsable, ideal para presentar sus comidas o aperitivos.\" \/>\n<meta name=\"robots\" content=\"index, follow, max-snippet:-1, max-image-preview:large, max-video-preview:-1\" \/>\n<link rel=\"canonical\" href=\"https:\/\/www.csj-emballages.com\/es\/produit\/bol-de-melamina-negra-karola-1700-ml\/\" \/>\n<meta property=\"og:locale\" content=\"es_ES\" \/>\n<meta property=\"og:type\" content=\"article\" \/>\n<meta property=\"og:title\" content=\"Bol de melamina negra &quot;Karola&quot; 1700 ml\" \/>\n<meta property=\"og:description\" content=\"Descubra el bol negro de melamina &quot;Karola&quot; de 1700 ml, pr\u00e1ctico, duradero y eco-responsable, ideal para presentar sus comidas o aperitivos.\" \/>\n<meta property=\"og:url\" content=\"https:\/\/www.csj-emballages.com\/es\/produit\/bol-de-melamina-negra-karola-1700-ml\/\" \/>\n<meta property=\"og:site_name\" content=\"CSJ Emballages\" \/>\n<meta property=\"article:publisher\" content=\"https:\/\/www.facebook.com\/csjemballages\" \/>\n<meta property=\"article:modified_time\" content=\"2026-04-03T00:10:52+00:00\" \/>\n<meta property=\"og:image\" content=\"https:\/\/www.csj-emballages.com\/wp-content\/uploads\/2024\/11\/Bol-melamine-1750.webp\" \/>\n\t<meta property=\"og:image:width\" content=\"803\" \/>\n\t<meta property=\"og:image:height\" content=\"803\" \/>\n\t<meta property=\"og:image:type\" content=\"image\/webp\" \/>\n<meta name=\"twitter:card\" content=\"summary_large_image\" \/>\n<meta name=\"twitter:label1\" content=\"Tiempo de lectura\" \/>\n\t<meta name=\"twitter:data1\" content=\"3 minutos\" \/>\n<script type=\"application\/ld+json\" class=\"yoast-schema-graph\">{\"@context\":\"https:\/\/schema.org\",\"@graph\":[{\"@type\":\"WebPage\",\"@id\":\"https:\/\/www.csj-emballages.com\/es\/produit\/bol-de-melamina-negra-karola-1700-ml\/\",\"url\":\"https:\/\/www.csj-emballages.com\/es\/produit\/bol-de-melamina-negra-karola-1700-ml\/\",\"name\":\"Karola' Bol de Melamina Negro - 1700ml\",\"isPartOf\":{\"@id\":\"https:\/\/www.csj-emballages.com\/es\/#website\"},\"primaryImageOfPage\":{\"@id\":\"https:\/\/www.csj-emballages.com\/es\/produit\/bol-de-melamina-negra-karola-1700-ml\/#primaryimage\"},\"image\":{\"@id\":\"https:\/\/www.csj-emballages.com\/es\/produit\/bol-de-melamina-negra-karola-1700-ml\/#primaryimage\"},\"thumbnailUrl\":\"https:\/\/www.csj-emballages.com\/wp-content\/uploads\/2024\/11\/Bol-melamine-1750.webp\",\"datePublished\":\"2024-11-29T01:18:14+00:00\",\"dateModified\":\"2026-04-03T00:10:52+00:00\",\"description\":\"Descubra el bol negro de melamina \\\"Karola\\\" de 1700 ml, pr\u00e1ctico, duradero y eco-responsable, ideal para presentar sus comidas o aperitivos.\",\"breadcrumb\":{\"@id\":\"https:\/\/www.csj-emballages.com\/es\/produit\/bol-de-melamina-negra-karola-1700-ml\/#breadcrumb\"},\"inLanguage\":\"es\",\"potentialAction\":[{\"@type\":\"ReadAction\",\"target\":[\"https:\/\/www.csj-emballages.com\/es\/produit\/bol-de-melamina-negra-karola-1700-ml\/\"]}]},{\"@type\":\"ImageObject\",\"inLanguage\":\"es\",\"@id\":\"https:\/\/www.csj-emballages.com\/es\/produit\/bol-de-melamina-negra-karola-1700-ml\/#primaryimage\",\"url\":\"https:\/\/www.csj-emballages.com\/wp-content\/uploads\/2024\/11\/Bol-melamine-1750.webp\",\"contentUrl\":\"https:\/\/www.csj-emballages.com\/wp-content\/uploads\/2024\/11\/Bol-melamine-1750.webp\",\"width\":803,\"height\":803,\"caption\":\"Bol Noir\"},{\"@type\":\"BreadcrumbList\",\"@id\":\"https:\/\/www.csj-emballages.com\/es\/produit\/bol-de-melamina-negra-karola-1700-ml\/#breadcrumb\",\"itemListElement\":[{\"@type\":\"ListItem\",\"position\":1,\"name\":\"Accueil\",\"item\":\"https:\/\/www.csj-emballages.com\/es\/universo-del-envasado-alimentario\/\"},{\"@type\":\"ListItem\",\"position\":2,\"name\":\"Tienda\",\"item\":\"https:\/\/www.csj-emballages.com\/tienda\/\"},{\"@type\":\"ListItem\",\"position\":3,\"name\":\"Bol de melamina negra \u00ab\u00a0Karola\u00a0\u00bb 1700 ml\"}]},{\"@type\":\"WebSite\",\"@id\":\"https:\/\/www.csj-emballages.com\/es\/#website\",\"url\":\"https:\/\/www.csj-emballages.com\/es\/\",\"name\":\"CSJ Emballages\",\"description\":\"\",\"publisher\":{\"@id\":\"https:\/\/www.csj-emballages.com\/es\/#organization\"},\"potentialAction\":[{\"@type\":\"SearchAction\",\"target\":{\"@type\":\"EntryPoint\",\"urlTemplate\":\"https:\/\/www.csj-emballages.com\/es\/?s={search_term_string}\"},\"query-input\":{\"@type\":\"PropertyValueSpecification\",\"valueRequired\":true,\"valueName\":\"search_term_string\"}}],\"inLanguage\":\"es\"},{\"@type\":\"Organization\",\"@id\":\"https:\/\/www.csj-emballages.com\/es\/#Organization\/\",\"name\":\"CSJ Emballages\",\"url\":\"https:\/\/www.csj-emballages.com\/es\/\",\"logo\":{\"@type\":\"ImageObject\",\"inLanguage\":\"es\",\"@id\":\"https:\/\/www.csj-emballages.com\/es\/#\/schema\/logo\/image\/\",\"url\":\"https:\/\/www.csj-emballages.com\/wp-content\/uploads\/2023\/10\/logo_csj.webp\",\"contentUrl\":\"https:\/\/www.csj-emballages.com\/wp-content\/uploads\/2023\/10\/logo_csj.webp\",\"width\":250,\"height\":95,\"caption\":\"CSJ Emballages\"},\"image\":{\"@id\":\"https:\/\/www.csj-emballages.com\/es\/#\/schema\/logo\/image\/\"},\"sameAs\":[\"https:\/\/www.facebook.com\/csjemballages\"],\"address\":{\"@type\":\"PostalAddress\",\"streetAddress\":\"ZI La Lechere\",\"addressLocality\":\"Patornay\",\"postalCode\":\"39130\",\"addressCountry\":\"FR\"},\"contactPoint\":[{\"@type\":\"ContactPoint\",\"contactType\":\"Service client\",\"telephone\":\"0384254272\",\"email\":\"contact@csj-emballages.com\"}]}]}<\/script>\n<!-- \/ Yoast SEO Premium plugin. -->","yoast_head_json":{"title":"Karola' Bol de Melamina Negro - 1700ml","description":"Descubra el bol negro de melamina \"Karola\" de 1700 ml, pr\u00e1ctico, duradero y eco-responsable, ideal para presentar sus comidas o aperitivos.","robots":{"index":"index","follow":"follow","max-snippet":"max-snippet:-1","max-image-preview":"max-image-preview:large","max-video-preview":"max-video-preview:-1"},"canonical":"https:\/\/www.csj-emballages.com\/es\/produit\/bol-de-melamina-negra-karola-1700-ml\/","og_locale":"es_ES","og_type":"article","og_title":"Bol de melamina negra \"Karola\" 1700 ml","og_description":"Descubra el bol negro de melamina \"Karola\" de 1700 ml, pr\u00e1ctico, duradero y eco-responsable, ideal para presentar sus comidas o aperitivos.","og_url":"https:\/\/www.csj-emballages.com\/es\/produit\/bol-de-melamina-negra-karola-1700-ml\/","og_site_name":"CSJ Emballages","article_publisher":"https:\/\/www.facebook.com\/csjemballages","article_modified_time":"2026-04-03T00:10:52+00:00","og_image":[{"width":803,"height":803,"url":"https:\/\/www.csj-emballages.com\/wp-content\/uploads\/2024\/11\/Bol-melamine-1750.webp","type":"image\/webp"}],"twitter_card":"summary_large_image","twitter_misc":{"Tiempo de lectura":"3 minutos"},"schema":{"@context":"https:\/\/schema.org","@graph":[{"@type":"WebPage","@id":"https:\/\/www.csj-emballages.com\/es\/produit\/bol-de-melamina-negra-karola-1700-ml\/","url":"https:\/\/www.csj-emballages.com\/es\/produit\/bol-de-melamina-negra-karola-1700-ml\/","name":"Karola' Bol de Melamina Negro - 1700ml","isPartOf":{"@id":"https:\/\/www.csj-emballages.com\/es\/#website"},"primaryImageOfPage":{"@id":"https:\/\/www.csj-emballages.com\/es\/produit\/bol-de-melamina-negra-karola-1700-ml\/#primaryimage"},"image":{"@id":"https:\/\/www.csj-emballages.com\/es\/produit\/bol-de-melamina-negra-karola-1700-ml\/#primaryimage"},"thumbnailUrl":"https:\/\/www.csj-emballages.com\/wp-content\/uploads\/2024\/11\/Bol-melamine-1750.webp","datePublished":"2024-11-29T01:18:14+00:00","dateModified":"2026-04-03T00:10:52+00:00","description":"Descubra el bol negro de melamina \"Karola\" de 1700 ml, pr\u00e1ctico, duradero y eco-responsable, ideal para presentar sus comidas o aperitivos.","breadcrumb":{"@id":"https:\/\/www.csj-emballages.com\/es\/produit\/bol-de-melamina-negra-karola-1700-ml\/#breadcrumb"},"inLanguage":"es","potentialAction":[{"@type":"ReadAction","target":["https:\/\/www.csj-emballages.com\/es\/produit\/bol-de-melamina-negra-karola-1700-ml\/"]}]},{"@type":"ImageObject","inLanguage":"es","@id":"https:\/\/www.csj-emballages.com\/es\/produit\/bol-de-melamina-negra-karola-1700-ml\/#primaryimage","url":"https:\/\/www.csj-emballages.com\/wp-content\/uploads\/2024\/11\/Bol-melamine-1750.webp","contentUrl":"https:\/\/www.csj-emballages.com\/wp-content\/uploads\/2024\/11\/Bol-melamine-1750.webp","width":803,"height":803,"caption":"Bol Noir"},{"@type":"BreadcrumbList","@id":"https:\/\/www.csj-emballages.com\/es\/produit\/bol-de-melamina-negra-karola-1700-ml\/#breadcrumb","itemListElement":[{"@type":"ListItem","position":1,"name":"Accueil","item":"https:\/\/www.csj-emballages.com\/es\/universo-del-envasado-alimentario\/"},{"@type":"ListItem","position":2,"name":"Tienda","item":"https:\/\/www.csj-emballages.com\/tienda\/"},{"@type":"ListItem","position":3,"name":"Bol de melamina negra \u00ab\u00a0Karola\u00a0\u00bb 1700 ml"}]},{"@type":"WebSite","@id":"https:\/\/www.csj-emballages.com\/es\/#website","url":"https:\/\/www.csj-emballages.com\/es\/","name":"CSJ Emballages","description":"","publisher":{"@id":"https:\/\/www.csj-emballages.com\/es\/#organization"},"potentialAction":[{"@type":"SearchAction","target":{"@type":"EntryPoint","urlTemplate":"https:\/\/www.csj-emballages.com\/es\/?s={search_term_string}"},"query-input":{"@type":"PropertyValueSpecification","valueRequired":true,"valueName":"search_term_string"}}],"inLanguage":"es"},{"@type":"Organization","@id":"https:\/\/www.csj-emballages.com\/es\/#Organization\/","name":"CSJ Emballages","url":"https:\/\/www.csj-emballages.com\/es\/","logo":{"@type":"ImageObject","inLanguage":"es","@id":"https:\/\/www.csj-emballages.com\/es\/#\/schema\/logo\/image\/","url":"https:\/\/www.csj-emballages.com\/wp-content\/uploads\/2023\/10\/logo_csj.webp","contentUrl":"https:\/\/www.csj-emballages.com\/wp-content\/uploads\/2023\/10\/logo_csj.webp","width":250,"height":95,"caption":"CSJ Emballages"},"image":{"@id":"https:\/\/www.csj-emballages.com\/es\/#\/schema\/logo\/image\/"},"sameAs":["https:\/\/www.facebook.com\/csjemballages"],"address":{"@type":"PostalAddress","streetAddress":"ZI La Lechere","addressLocality":"Patornay","postalCode":"39130","addressCountry":"FR"},"contactPoint":[{"@type":"ContactPoint","contactType":"Service client","telephone":"0384254272","email":"contact@csj-emballages.com"}]}]}},"df_price":11.62,"df_sale_price":"","df_regular_price":11.62,"df_image_link":"https:\/\/www.csj-emballages.com\/wp-content\/uploads\/2024\/11\/Bol-melamine-1750-300x300.webp","tiered_pricing_type":"fixed","tiered_pricing_fixed_rules":[],"tiered_pricing_percentage_rules":[],"tiered_pricing_minimum":1,"tiered_pricing_roles_data":[],"_links":{"self":[{"href":"https:\/\/www.csj-emballages.com\/es\/wp-json\/wp\/v2\/product\/228774","targetHints":{"allow":["GET"]}}],"collection":[{"href":"https:\/\/www.csj-emballages.com\/es\/wp-json\/wp\/v2\/product"}],"about":[{"href":"https:\/\/www.csj-emballages.com\/es\/wp-json\/wp\/v2\/types\/product"}],"wp:featuredmedia":[{"embeddable":true,"href":"https:\/\/www.csj-emballages.com\/es\/wp-json\/wp\/v2\/media\/198569"}],"wp:attachment":[{"href":"https:\/\/www.csj-emballages.com\/es\/wp-json\/wp\/v2\/media?parent=228774"}],"wp:term":[{"taxonomy":"product_brand","embeddable":true,"href":"https:\/\/www.csj-emballages.com\/es\/wp-json\/wp\/v2\/product_brand?post=228774"},{"taxonomy":"product_cat","embeddable":true,"href":"https:\/\/www.csj-emballages.com\/es\/wp-json\/wp\/v2\/product_cat?post=228774"},{"taxonomy":"product_tag","embeddable":true,"href":"https:\/\/www.csj-emballages.com\/es\/wp-json\/wp\/v2\/product_tag?post=228774"}],"curies":[{"name":"wp","href":"https:\/\/api.w.org\/{rel}","templated":true}]}}