{"id":228769,"date":"2024-11-29T02:18:12","date_gmt":"2024-11-29T01:18:12","guid":{"rendered":"https:\/\/www.csj-emballages.com\/produit\/bol-de-melamina-negra-karola-500-ml\/"},"modified":"2026-03-12T16:03:44","modified_gmt":"2026-03-12T15:03:44","slug":"bol-de-melamina-negra-karola-500-ml","status":"publish","type":"product","link":"https:\/\/www.csj-emballages.com\/es\/produit\/bol-de-melamina-negra-karola-500-ml\/","title":{"rendered":"Bol de melamina negra \u00abKarola\u00bb 500 ml"},"content":{"rendered":"<h2>Cuenco negro<\/h2>\n<hr>\n<h3>Descubra nuestro bol de melamina negra tipo &#8216;Karola&#8217; de 500 ml<\/h3>\n<p><!--more--><\/p>\n<p>El <strong>bol de melamina negra<\/strong> <strong>\u00abKarola\u00bb de 500 ml<\/strong> es un producto \u00fatil para diversas necesidades cotidianas. Este <strong>cuenco<\/strong> est\u00e1 fabricado en <strong>melamina<\/strong>, un material ligero y resistente. Est\u00e1 dise\u00f1ado para resistir el uso diario y ofrecer una soluci\u00f3n pr\u00e1ctica para sus aperitivos. Con una capacidad de <strong>500 ml<\/strong>, este <strong>cuenco de mel<\/strong> amina es perfecto para peque\u00f1as porciones individuales. Ya sea para aperitivos, ensaladas o sopas, es lo suficientemente espacioso para contenerlo todo.    <\/p>\n<p>El<strong>aspecto negro<\/strong> del <strong>cuenco<\/strong> a\u00f1ade un toque elegante y sobrio a su mesa. Se integra f\u00e1cilmente en diversos estilos decorativos. Tanto en una cocina moderna como tradicional, combina a la perfecci\u00f3n. Adem\u00e1s, este <strong>bol reutilizable<\/strong> es una alternativa ecol\u00f3gica a los productos desechables, lo que contribuye a un enfoque m\u00e1s responsable. Puede utilizarlo una y otra vez sin preocuparse de da\u00f1arlo. Es una inversi\u00f3n sencilla que le ofrece una soluci\u00f3n sostenible a largo plazo.     <\/p>\n<p>&nbsp;<\/p>\n<p><!--more--><\/p>\n<h4><strong>Un producto pr\u00e1ctico y vers\u00e1til<\/strong><\/h4>\n<p>El <strong>cuenco negro<\/strong> es muy f\u00e1cil de mantener. Se puede limpiar r\u00e1pidamente a mano o en el lavavajillas. Est\u00e1 dise\u00f1ado para durar, sin perder su color ni su forma. A diferencia de otros cuencos, este modelo de <strong>cuenco de melamina<\/strong> es menos fr\u00e1gil que la vajilla de cer\u00e1mica. Es menos probable que se rompa si se cae, lo que lo convierte en una excelente opci\u00f3n para el uso diario, incluso en hogares con ni\u00f1os. Adem\u00e1s, su peso ligero hace que sea f\u00e1cil de manejar sin esfuerzo. Adem\u00e1s, es lo suficientemente robusta como para utilizarla al aire libre en picnics o barbacoas. Su dise\u00f1o sencillo y funcional la hace vers\u00e1til y adecuada para una amplia gama de situaciones.       <\/p>\n<p>El <strong>bol de<\/strong> <strong>melamina<\/strong> <strong>negra<\/strong> <strong>\u00abKarola\u00bb de 500 ml<\/strong> es un producto fiable y asequible. Satisface las necesidades cotidianas de quienes buscan una soluci\u00f3n pr\u00e1ctica y econ\u00f3mica. Gracias a su resistencia y durabilidad, podr\u00e1 utilizarlo sin preocupaciones durante mucho tiempo. El hecho de que sea <strong>reutilizable<\/strong> lo convierte en una elecci\u00f3n inteligente para quienes desean reducir su consumo de pl\u00e1stico.   <\/p>\n<p>En resumen, el <strong>bol de<\/strong> <strong>melamina<\/strong> <strong>negra<\/strong> <strong>\u00abKarola\u00bb de 500 ml<\/strong> es una soluci\u00f3n sencilla y eficaz para sus necesidades cotidianas. Ya sea para uso dom\u00e9stico o al aire libre, este <strong>cuenco reutilizable<\/strong> es una opci\u00f3n pr\u00e1ctica, duradera y f\u00e1cil de mantener. Combina utilidad y econom\u00eda, respetando al mismo tiempo el medio ambiente.  <\/p>\n<p>&nbsp;<\/p>\n<p><!--more--><\/p>\n<h4>Ventajas:<\/h4>\n<ul>\n<li><strong>Durabilidad y resistencia<\/strong>: el <strong>cuenco de<\/strong> melamina negra es resistente a los golpes y no se rompe f\u00e1cilmente, aunque se caiga.<\/li>\n<li><strong>Pr\u00e1ctico de usar<\/strong>: Con una capacidad de 500 ml, este <strong>cuenco de melamina<\/strong> es lo suficientemente espacioso para una sola raci\u00f3n.<\/li>\n<li><strong>Dise\u00f1o elegante y vers\u00e1til<\/strong>: El <strong>cuenco negro<\/strong> aportar\u00e1 un toque moderno y sobrio a su mesa. Su color negro combina f\u00e1cilmente con todos los estilos de decoraci\u00f3n. <\/li>\n<li><strong>Respeto por el medio ambiente<\/strong>: al elegir un <strong>bol reutilizable<\/strong>, reduces el consumo de productos desechables. Este bol de melamina est\u00e1 dise\u00f1ado para durar, lo que lo convierte en una alternativa eco-responsable a los productos desechables. <\/li>\n<\/ul>\n<p>&nbsp;<\/p>\n<p><!--more--><\/p>\n<h4>Informaci\u00f3n adicional :<\/h4>\n<ul>\n<li><strong>Dimensiones<\/strong>: 135 x 105 x 60 (L x A x A en mm)<\/li>\n<li><strong>Material<\/strong>: Melamina<\/li>\n<li><strong>Embalaje<\/strong>: Por unidad<\/li>\n<li><strong>Color<\/strong>: Negro<\/li>\n<li><strong>Volumen<\/strong>: 500 ml<\/li>\n<li><strong>Modelo<\/strong>: Karola<\/li>\n<\/ul>\n<p>&nbsp;<\/p>\n<p><!--more--><\/p>\n<p>Este producto est\u00e1 disponible en varios tama\u00f1os: <span style=\"color: #d12727;\"><a style=\"color: #d12727;\" href=\"https:\/\/www.csj-emballages.com\/produit\/bol-melamine-noir-950-ml-karola\/\">950 ml<\/a><\/span> \/ <span style=\"color: #d12727;\"><a style=\"color: #d12727;\" href=\"https:\/\/www.csj-emballages.com\/de\/produit\/schwarze-melamin-schale-1700-ml-karola\/\">1700 ml<\/a><\/span><\/p>\n<p>&nbsp;<\/p>\n<p><!--more--><\/p>\n<p><a href=\"\/?product_cat=vaisselles-reutilisables\">Ver el resto de nuestra gama de platos irrompibles reutilizables<\/a><\/p>\n","protected":false},"excerpt":{"rendered":"<p>Cuenco negro Descubra nuestro bol de melamina negra tipo &#8216;Karola&#8217; de 500 ml<\/p>\n","protected":false},"featured_media":198560,"template":"","meta":{"_acf_changed":false},"product_brand":[],"product_cat":[1150,6718],"product_tag":[],"class_list":{"0":"post-228769","1":"product","2":"type-product","3":"status-publish","4":"has-post-thumbnail","6":"product_cat-envasado-de-alimentos","7":"product_cat-platos-reutilizables","9":"first","10":"instock","11":"taxable","12":"shipping-taxable","13":"purchasable","14":"product-type-simple"},"acf":[],"yoast_head":"<!-- This site is optimized with the Yoast SEO Premium plugin v26.6 (Yoast SEO v26.6) - https:\/\/yoast.com\/wordpress\/plugins\/seo\/ -->\n<title>Karola&#039; Bol de melamina negro - 500ml<\/title>\n<meta name=\"description\" content=\"Descubra el bol &quot;Karola&quot; de melamina negra de 500 ml, pr\u00e1ctico, duradero y eco-responsable, ideal para presentar sus comidas o aperitivos.\" \/>\n<meta name=\"robots\" content=\"index, follow, max-snippet:-1, max-image-preview:large, max-video-preview:-1\" \/>\n<link rel=\"canonical\" href=\"https:\/\/www.csj-emballages.com\/es\/produit\/bol-de-melamina-negra-karola-500-ml\/\" \/>\n<meta property=\"og:locale\" content=\"es_ES\" \/>\n<meta property=\"og:type\" content=\"article\" \/>\n<meta property=\"og:title\" content=\"Bol de melamina negra &quot;Karola&quot; 500 ml\" \/>\n<meta property=\"og:description\" content=\"Descubra el bol &quot;Karola&quot; de melamina negra de 500 ml, pr\u00e1ctico, duradero y eco-responsable, ideal para presentar sus comidas o aperitivos.\" \/>\n<meta property=\"og:url\" content=\"https:\/\/www.csj-emballages.com\/es\/produit\/bol-de-melamina-negra-karola-500-ml\/\" \/>\n<meta property=\"og:site_name\" content=\"CSJ Emballages\" \/>\n<meta property=\"article:publisher\" content=\"https:\/\/www.facebook.com\/csjemballages\" \/>\n<meta property=\"article:modified_time\" content=\"2026-03-12T15:03:44+00:00\" \/>\n<meta property=\"og:image\" content=\"https:\/\/www.csj-emballages.com\/wp-content\/uploads\/2024\/11\/Bol-melamine-500-ml.webp\" \/>\n\t<meta property=\"og:image:width\" content=\"803\" \/>\n\t<meta property=\"og:image:height\" content=\"803\" \/>\n\t<meta property=\"og:image:type\" content=\"image\/webp\" \/>\n<meta name=\"twitter:card\" content=\"summary_large_image\" \/>\n<meta name=\"twitter:label1\" content=\"Tiempo de lectura\" \/>\n\t<meta name=\"twitter:data1\" content=\"3 minutos\" \/>\n<script type=\"application\/ld+json\" class=\"yoast-schema-graph\">{\"@context\":\"https:\/\/schema.org\",\"@graph\":[{\"@type\":\"WebPage\",\"@id\":\"https:\/\/www.csj-emballages.com\/es\/produit\/bol-de-melamina-negra-karola-500-ml\/\",\"url\":\"https:\/\/www.csj-emballages.com\/es\/produit\/bol-de-melamina-negra-karola-500-ml\/\",\"name\":\"Karola' Bol de melamina negro - 500ml\",\"isPartOf\":{\"@id\":\"https:\/\/www.csj-emballages.com\/es\/#website\"},\"primaryImageOfPage\":{\"@id\":\"https:\/\/www.csj-emballages.com\/es\/produit\/bol-de-melamina-negra-karola-500-ml\/#primaryimage\"},\"image\":{\"@id\":\"https:\/\/www.csj-emballages.com\/es\/produit\/bol-de-melamina-negra-karola-500-ml\/#primaryimage\"},\"thumbnailUrl\":\"https:\/\/www.csj-emballages.com\/wp-content\/uploads\/2024\/11\/Bol-melamine-500-ml.webp\",\"datePublished\":\"2024-11-29T01:18:12+00:00\",\"dateModified\":\"2026-03-12T15:03:44+00:00\",\"description\":\"Descubra el bol \\\"Karola\\\" de melamina negra de 500 ml, pr\u00e1ctico, duradero y eco-responsable, ideal para presentar sus comidas o aperitivos.\",\"breadcrumb\":{\"@id\":\"https:\/\/www.csj-emballages.com\/es\/produit\/bol-de-melamina-negra-karola-500-ml\/#breadcrumb\"},\"inLanguage\":\"es\",\"potentialAction\":[{\"@type\":\"ReadAction\",\"target\":[\"https:\/\/www.csj-emballages.com\/es\/produit\/bol-de-melamina-negra-karola-500-ml\/\"]}]},{\"@type\":\"ImageObject\",\"inLanguage\":\"es\",\"@id\":\"https:\/\/www.csj-emballages.com\/es\/produit\/bol-de-melamina-negra-karola-500-ml\/#primaryimage\",\"url\":\"https:\/\/www.csj-emballages.com\/wp-content\/uploads\/2024\/11\/Bol-melamine-500-ml.webp\",\"contentUrl\":\"https:\/\/www.csj-emballages.com\/wp-content\/uploads\/2024\/11\/Bol-melamine-500-ml.webp\",\"width\":803,\"height\":803,\"caption\":\"Bol noir\"},{\"@type\":\"BreadcrumbList\",\"@id\":\"https:\/\/www.csj-emballages.com\/es\/produit\/bol-de-melamina-negra-karola-500-ml\/#breadcrumb\",\"itemListElement\":[{\"@type\":\"ListItem\",\"position\":1,\"name\":\"Accueil\",\"item\":\"https:\/\/www.csj-emballages.com\/es\/universo-del-envasado-alimentario\/\"},{\"@type\":\"ListItem\",\"position\":2,\"name\":\"Tienda\",\"item\":\"https:\/\/www.csj-emballages.com\/tienda\/\"},{\"@type\":\"ListItem\",\"position\":3,\"name\":\"Bol de melamina negra \u00ab\u00a0Karola\u00a0\u00bb 500 ml\"}]},{\"@type\":\"WebSite\",\"@id\":\"https:\/\/www.csj-emballages.com\/es\/#website\",\"url\":\"https:\/\/www.csj-emballages.com\/es\/\",\"name\":\"CSJ Emballages\",\"description\":\"\",\"publisher\":{\"@id\":\"https:\/\/www.csj-emballages.com\/es\/#organization\"},\"potentialAction\":[{\"@type\":\"SearchAction\",\"target\":{\"@type\":\"EntryPoint\",\"urlTemplate\":\"https:\/\/www.csj-emballages.com\/es\/?s={search_term_string}\"},\"query-input\":{\"@type\":\"PropertyValueSpecification\",\"valueRequired\":true,\"valueName\":\"search_term_string\"}}],\"inLanguage\":\"es\"},{\"@type\":\"Organization\",\"@id\":\"https:\/\/www.csj-emballages.com\/es\/#Organization\/\",\"name\":\"CSJ Emballages\",\"url\":\"https:\/\/www.csj-emballages.com\/es\/\",\"logo\":{\"@type\":\"ImageObject\",\"inLanguage\":\"es\",\"@id\":\"https:\/\/www.csj-emballages.com\/es\/#\/schema\/logo\/image\/\",\"url\":\"https:\/\/www.csj-emballages.com\/wp-content\/uploads\/2023\/10\/logo_csj.webp\",\"contentUrl\":\"https:\/\/www.csj-emballages.com\/wp-content\/uploads\/2023\/10\/logo_csj.webp\",\"width\":250,\"height\":95,\"caption\":\"CSJ Emballages\"},\"image\":{\"@id\":\"https:\/\/www.csj-emballages.com\/es\/#\/schema\/logo\/image\/\"},\"sameAs\":[\"https:\/\/www.facebook.com\/csjemballages\"],\"address\":{\"@type\":\"PostalAddress\",\"streetAddress\":\"ZI La Lechere\",\"addressLocality\":\"Patornay\",\"postalCode\":\"39130\",\"addressCountry\":\"FR\"},\"contactPoint\":[{\"@type\":\"ContactPoint\",\"contactType\":\"Service client\",\"telephone\":\"0384254272\",\"email\":\"contact@csj-emballages.com\"}]}]}<\/script>\n<!-- \/ Yoast SEO Premium plugin. -->","yoast_head_json":{"title":"Karola' Bol de melamina negro - 500ml","description":"Descubra el bol \"Karola\" de melamina negra de 500 ml, pr\u00e1ctico, duradero y eco-responsable, ideal para presentar sus comidas o aperitivos.","robots":{"index":"index","follow":"follow","max-snippet":"max-snippet:-1","max-image-preview":"max-image-preview:large","max-video-preview":"max-video-preview:-1"},"canonical":"https:\/\/www.csj-emballages.com\/es\/produit\/bol-de-melamina-negra-karola-500-ml\/","og_locale":"es_ES","og_type":"article","og_title":"Bol de melamina negra \"Karola\" 500 ml","og_description":"Descubra el bol \"Karola\" de melamina negra de 500 ml, pr\u00e1ctico, duradero y eco-responsable, ideal para presentar sus comidas o aperitivos.","og_url":"https:\/\/www.csj-emballages.com\/es\/produit\/bol-de-melamina-negra-karola-500-ml\/","og_site_name":"CSJ Emballages","article_publisher":"https:\/\/www.facebook.com\/csjemballages","article_modified_time":"2026-03-12T15:03:44+00:00","og_image":[{"width":803,"height":803,"url":"https:\/\/www.csj-emballages.com\/wp-content\/uploads\/2024\/11\/Bol-melamine-500-ml.webp","type":"image\/webp"}],"twitter_card":"summary_large_image","twitter_misc":{"Tiempo de lectura":"3 minutos"},"schema":{"@context":"https:\/\/schema.org","@graph":[{"@type":"WebPage","@id":"https:\/\/www.csj-emballages.com\/es\/produit\/bol-de-melamina-negra-karola-500-ml\/","url":"https:\/\/www.csj-emballages.com\/es\/produit\/bol-de-melamina-negra-karola-500-ml\/","name":"Karola' Bol de melamina negro - 500ml","isPartOf":{"@id":"https:\/\/www.csj-emballages.com\/es\/#website"},"primaryImageOfPage":{"@id":"https:\/\/www.csj-emballages.com\/es\/produit\/bol-de-melamina-negra-karola-500-ml\/#primaryimage"},"image":{"@id":"https:\/\/www.csj-emballages.com\/es\/produit\/bol-de-melamina-negra-karola-500-ml\/#primaryimage"},"thumbnailUrl":"https:\/\/www.csj-emballages.com\/wp-content\/uploads\/2024\/11\/Bol-melamine-500-ml.webp","datePublished":"2024-11-29T01:18:12+00:00","dateModified":"2026-03-12T15:03:44+00:00","description":"Descubra el bol \"Karola\" de melamina negra de 500 ml, pr\u00e1ctico, duradero y eco-responsable, ideal para presentar sus comidas o aperitivos.","breadcrumb":{"@id":"https:\/\/www.csj-emballages.com\/es\/produit\/bol-de-melamina-negra-karola-500-ml\/#breadcrumb"},"inLanguage":"es","potentialAction":[{"@type":"ReadAction","target":["https:\/\/www.csj-emballages.com\/es\/produit\/bol-de-melamina-negra-karola-500-ml\/"]}]},{"@type":"ImageObject","inLanguage":"es","@id":"https:\/\/www.csj-emballages.com\/es\/produit\/bol-de-melamina-negra-karola-500-ml\/#primaryimage","url":"https:\/\/www.csj-emballages.com\/wp-content\/uploads\/2024\/11\/Bol-melamine-500-ml.webp","contentUrl":"https:\/\/www.csj-emballages.com\/wp-content\/uploads\/2024\/11\/Bol-melamine-500-ml.webp","width":803,"height":803,"caption":"Bol noir"},{"@type":"BreadcrumbList","@id":"https:\/\/www.csj-emballages.com\/es\/produit\/bol-de-melamina-negra-karola-500-ml\/#breadcrumb","itemListElement":[{"@type":"ListItem","position":1,"name":"Accueil","item":"https:\/\/www.csj-emballages.com\/es\/universo-del-envasado-alimentario\/"},{"@type":"ListItem","position":2,"name":"Tienda","item":"https:\/\/www.csj-emballages.com\/tienda\/"},{"@type":"ListItem","position":3,"name":"Bol de melamina negra \u00ab\u00a0Karola\u00a0\u00bb 500 ml"}]},{"@type":"WebSite","@id":"https:\/\/www.csj-emballages.com\/es\/#website","url":"https:\/\/www.csj-emballages.com\/es\/","name":"CSJ Emballages","description":"","publisher":{"@id":"https:\/\/www.csj-emballages.com\/es\/#organization"},"potentialAction":[{"@type":"SearchAction","target":{"@type":"EntryPoint","urlTemplate":"https:\/\/www.csj-emballages.com\/es\/?s={search_term_string}"},"query-input":{"@type":"PropertyValueSpecification","valueRequired":true,"valueName":"search_term_string"}}],"inLanguage":"es"},{"@type":"Organization","@id":"https:\/\/www.csj-emballages.com\/es\/#Organization\/","name":"CSJ Emballages","url":"https:\/\/www.csj-emballages.com\/es\/","logo":{"@type":"ImageObject","inLanguage":"es","@id":"https:\/\/www.csj-emballages.com\/es\/#\/schema\/logo\/image\/","url":"https:\/\/www.csj-emballages.com\/wp-content\/uploads\/2023\/10\/logo_csj.webp","contentUrl":"https:\/\/www.csj-emballages.com\/wp-content\/uploads\/2023\/10\/logo_csj.webp","width":250,"height":95,"caption":"CSJ Emballages"},"image":{"@id":"https:\/\/www.csj-emballages.com\/es\/#\/schema\/logo\/image\/"},"sameAs":["https:\/\/www.facebook.com\/csjemballages"],"address":{"@type":"PostalAddress","streetAddress":"ZI La Lechere","addressLocality":"Patornay","postalCode":"39130","addressCountry":"FR"},"contactPoint":[{"@type":"ContactPoint","contactType":"Service client","telephone":"0384254272","email":"contact@csj-emballages.com"}]}]}},"df_price":4.72,"df_sale_price":"","df_regular_price":4.72,"df_image_link":"https:\/\/www.csj-emballages.com\/wp-content\/uploads\/2024\/11\/Bol-melamine-500-ml-300x300.webp","tiered_pricing_type":"fixed","tiered_pricing_fixed_rules":[],"tiered_pricing_percentage_rules":[],"tiered_pricing_minimum":1,"tiered_pricing_roles_data":[],"_links":{"self":[{"href":"https:\/\/www.csj-emballages.com\/es\/wp-json\/wp\/v2\/product\/228769","targetHints":{"allow":["GET"]}}],"collection":[{"href":"https:\/\/www.csj-emballages.com\/es\/wp-json\/wp\/v2\/product"}],"about":[{"href":"https:\/\/www.csj-emballages.com\/es\/wp-json\/wp\/v2\/types\/product"}],"wp:featuredmedia":[{"embeddable":true,"href":"https:\/\/www.csj-emballages.com\/es\/wp-json\/wp\/v2\/media\/198560"}],"wp:attachment":[{"href":"https:\/\/www.csj-emballages.com\/es\/wp-json\/wp\/v2\/media?parent=228769"}],"wp:term":[{"taxonomy":"product_brand","embeddable":true,"href":"https:\/\/www.csj-emballages.com\/es\/wp-json\/wp\/v2\/product_brand?post=228769"},{"taxonomy":"product_cat","embeddable":true,"href":"https:\/\/www.csj-emballages.com\/es\/wp-json\/wp\/v2\/product_cat?post=228769"},{"taxonomy":"product_tag","embeddable":true,"href":"https:\/\/www.csj-emballages.com\/es\/wp-json\/wp\/v2\/product_tag?post=228769"}],"curies":[{"name":"wp","href":"https:\/\/api.w.org\/{rel}","templated":true}]}}