{"id":228764,"date":"2024-11-16T02:18:13","date_gmt":"2024-11-16T01:18:13","guid":{"rendered":"https:\/\/www.csj-emballages.com\/produit\/bolsa-de-la-compra-reutilizable-tejida-en-pp-con-motivo-regalos-40-24-x-35-cm\/"},"modified":"2026-04-08T02:16:06","modified_gmt":"2026-04-08T00:16:06","slug":"bolsa-de-la-compra-reutilizable-tejida-en-pp-con-motivo-regalos-40-24-x-35-cm","status":"publish","type":"product","link":"https:\/\/www.csj-emballages.com\/es\/produit\/bolsa-de-la-compra-reutilizable-tejida-en-pp-con-motivo-regalos-40-24-x-35-cm\/","title":{"rendered":"Bolsa de la compra reutilizable tejida en PP con motivo \u00abRegalos\u00bb 40 + 24 x 35 cm"},"content":{"rendered":"<div style=\"font-family: Roboto, sans-serif;\">\n<div style=\"font-family: Roboto, sans-serif;\">\n<div style=\"font-family: Roboto, sans-serif;\">\n<div style=\"font-family: Roboto, sans-serif;\">\n<div style=\"font-family: Roboto, sans-serif;\">\n<div style=\"font-family: Roboto, sans-serif;\">\n<div style=\"font-family: Roboto, sans-serif;\">\n<div style=\"font-family: Roboto, sans-serif;\">\n<div style=\"font-family: Roboto, sans-serif;\">\n<div style=\"font-family: Roboto, sans-serif;\">\n<div style=\"font-family: Roboto, sans-serif;\">\n<div style=\"font-family: Roboto, sans-serif;\">\n<div style=\"font-family: Roboto, sans-serif;\">\n<div class=\"flex flex-grow flex-col max-w-full\">\n<div class=\"min-h-[20px] text-message flex flex-col items-start whitespace-pre-wrap break-words [.text-message+&amp;]:mt-5 juice:w-full juice:items-end overflow-x-auto gap-2\" dir=\"auto\" data-message-author-role=\"assistant\" data-message-id=\"2034782e-88f9-44ef-b4dc-07dd7bf0115f\">\n<div class=\"flex w-full flex-col gap-1 juice:empty:hidden juice:first:pt-[3px]\">\n<div class=\"markdown prose w-full break-words dark:prose-invert light\">\n<div style=\"font-family: Roboto, sans-serif;\">\n<div style=\"font-family: Roboto, sans-serif;\">\n<div style=\"font-family: Roboto, sans-serif;\">\n<div style=\"font-family: Roboto, sans-serif;\">\n<div style=\"font-family: Roboto, sans-serif;\">\n<div style=\"font-family: Roboto, sans-serif;\">\n<h2>Bolsa de la compra<\/h2>\n<div style=\"font-family: Roboto, sans-serif;\">\n<div style=\"font-family: Roboto, sans-serif;\">\n<div style=\"font-family: Roboto, sans-serif;\">\n<div style=\"text-align: center;\">\n<div style=\"font-family: Roboto, sans-serif;\">\n<div style=\"font-family: Roboto, sans-serif;\">\n<div style=\"font-family: Roboto, sans-serif;\">\n<div style=\"font-family: Roboto, sans-serif;\">\n<div style=\"font-family: Roboto, sans-serif;\">\n<div style=\"font-family: Roboto, sans-serif; text-align: left;\">\n<hr>\n<h3 style=\"text-align: left;\">Descripci\u00f3n de nuestra bolsa de la compra \u00abRegalos\u00bb en PP 40 + 24 x 35 cm<!--more--><\/h3>\n<\/div>\n<\/div>\n<\/div>\n<\/div>\n<\/div>\n<\/div>\n<\/div>\n<\/div>\n<\/div>\n<\/div>\n<\/div>\n<\/div>\n<\/div>\n<\/div>\n<\/div>\n<\/div>\n<\/div>\n<\/div>\n<\/div>\n<\/div>\n<\/div>\n<\/div>\n<\/div>\n<\/div>\n<\/div>\n<\/div>\n<\/div>\n<\/div>\n<\/div>\n<\/div>\n<\/div>\n<\/div>\n<\/div>\n<p>Opte por una <strong>bolsa de la compra navide\u00f1a<\/strong> perfecta para todas sus compras o <strong>regalos de<\/strong> Navidad. Este modelo con motivo<strong>\u00abRegalos<\/strong>\u00bb combina dise\u00f1o festivo y practicidad. Est\u00e1 hecha de <strong>polipropileno tejido<\/strong>, por lo que es lo m\u00e1s robusta posible para un uso regular y a largo plazo. Tambi\u00e9n apreciar\u00e1 su ligereza, que facilita su transporte incluso llena. La <strong>bolsa de la compra<\/strong> es una alternativa sostenible a las bolsas de un solo uso. Reutilizable a voluntad, reduce los residuos de pl\u00e1stico. Su dise\u00f1o <strong>en PP tejido<\/strong> la convierte en un aliado ecol\u00f3gico perfecto para las fiestas. \u00bfPor qu\u00e9 tirar los envases cuando una <strong>bolsa de la compra personalizada<\/strong> puede utilizarse una y otra vez?       <\/p>\n<p>Con sus generosas dimensiones de <strong>40 + 24 x 35 cm<\/strong>, esta <strong>bolsa de Navidad<\/strong> puede contener art\u00edculos voluminosos. Perfecta para transportar sus compras, tambi\u00e9n es ideal para sus <strong>regalos de<\/strong> Navidad. Sus robustas asas proporcionan un agarre c\u00f3modo, incluso cuando el contenido es pesado. Con esta <strong>bolsa personalizada<\/strong> combinar\u00e1 elegancia y funcionalidad.   <\/p>\n<p>&nbsp;<\/p>\n<p><!--more--><\/p>\n<h4>Ideal para todas las ocasiones<\/h4>\n<p>Esta <strong>bolsa navide\u00f1a<\/strong> con motivos festivos puede adaptarse a todas sus necesidades. Es perfecta para ir de compras, pero tambi\u00e9n ideal para hacer regalos en un paquete \u00fanico y pr\u00e1ctico. Elija una <strong>bolsa de mano personalizada<\/strong> que refleje el esp\u00edritu festivo sin dejar de ser funcional. A diferencia de las bolsas desechables, esta <strong>bolsa<\/strong> est\u00e1 dise\u00f1ada para durar. Soporta cargas pesadas sin deformarse ni romperse. Al regalar o utilizar esta <strong>bolsa de Navidad<\/strong>, estar\u00e1s apostando por la calidad y la durabilidad.     <\/p>\n<div style=\"font-family: Roboto, sans-serif;\">\n<div style=\"font-family: Roboto, sans-serif;\">\n<div style=\"font-family: Roboto, sans-serif;\">\n<div style=\"font-family: Roboto, sans-serif;\">\n<div style=\"font-family: Roboto, sans-serif;\">\n<div style=\"font-family: Roboto, sans-serif;\">\n<div style=\"font-family: Roboto, sans-serif;\">\n<div style=\"font-family: Roboto, sans-serif;\">\n<div style=\"font-family: Roboto, sans-serif;\">\n<div style=\"font-family: Roboto, sans-serif;\">\n<div style=\"font-family: Roboto, sans-serif;\">\n<div style=\"font-family: Roboto, sans-serif;\">\n<div style=\"font-family: Roboto, sans-serif;\">\n<div class=\"flex flex-grow flex-col max-w-full\">\n<div class=\"min-h-[20px] text-message flex flex-col items-start whitespace-pre-wrap break-words [.text-message+&amp;]:mt-5 juice:w-full juice:items-end overflow-x-auto gap-2\" dir=\"auto\" data-message-author-role=\"assistant\" data-message-id=\"2034782e-88f9-44ef-b4dc-07dd7bf0115f\">\n<div class=\"flex w-full flex-col gap-1 juice:empty:hidden juice:first:pt-[3px]\">\n<div class=\"markdown prose w-full break-words dark:prose-invert light\">\n<div style=\"font-family: Roboto, sans-serif;\">\n<div style=\"font-family: Roboto, sans-serif;\">\n<div style=\"font-family: Roboto, sans-serif;\">\n<div style=\"font-family: Roboto, sans-serif;\">\n<div style=\"font-family: Roboto, sans-serif;\">\n<div style=\"font-family: Roboto, sans-serif;\">\n<p>La <strong>bolsa reutilizable tejida en PP \u00abRegalos<\/strong> \u00bb es mucho m\u00e1s que una bolsa. Combina practicidad, elegancia y respeto por el medio ambiente. Sus generosas dimensiones y su s\u00f3lido dise\u00f1o la convierten en una elecci\u00f3n esencial para las ocasiones festivas y el uso diario. Elija una <strong>bolsa de la compra navide\u00f1a<\/strong> o una <strong>bolsa de la compra personalizada<\/strong> para una ocasi\u00f3n festiva y responsable.   <\/p>\n<p>&nbsp;<\/p>\n<p><!--more--><\/p>\n<h4 style=\"text-align: left;\"><strong>Las ventajas de este bolso boutique :<\/strong><\/h4>\n<ul>\n<li><strong>Durabilidad excepcional<\/strong>: fabricada con polipropileno tejido, resiste el desgaste y soporta cargas pesadas.<\/li>\n<li><strong>Reutilizable y respetuoso con el medio ambiente<\/strong>: reduce los residuos pl\u00e1sticos gracias a su reutilizaci\u00f3n prolongada.<\/li>\n<li><strong>Dise\u00f1o festivo y vers\u00e1til<\/strong>: el motivo<strong>\u00abRegalos<\/strong>\u00bb a\u00f1ade un toque elegante y festivo, perfecto para Navidad.<\/li>\n<li><strong>F\u00e1cil de transportar<\/strong>: asas reforzadas para una comodidad \u00f3ptima, incluso con cargas pesadas<\/li>\n<\/ul>\n<p>&nbsp;<\/p>\n<\/div>\n<\/div>\n<\/div>\n<\/div>\n<\/div>\n<\/div>\n<\/div>\n<\/div>\n<\/div>\n<\/div>\n<\/div>\n<\/div>\n<\/div>\n<\/div>\n<\/div>\n<\/div>\n<\/div>\n<\/div>\n<\/div>\n<\/div>\n<\/div>\n<\/div>\n<\/div>\n<p><!--more--><\/p>\n<h4>Informaci\u00f3n adicional :<\/h4>\n<ul style=\"font-family: Roboto, sans-serif;\">\n<li><strong>Embalaje<\/strong>: Por unidad<\/li>\n<li><span style=\"font-weight: bold;\">Dimensiones<\/span>: 40 + 24 x 35 cm<\/li>\n<li><strong>Material<\/strong>: Polipropileno tejido<\/li>\n<\/ul>\n<p>&nbsp;<\/p>\n<p style=\"text-align: left;\"><!--more--><\/p>\n<p><a href=\"https:\/\/www.csj-emballages.com\/es\/categorie-produit\/envasado-de-alimentos\/tienda-y-almacen\/bolsas-sobres\/bolsos-boutique\/\">Ver el resto de nuestra gama de bolsas<\/a><\/p>\n","protected":false},"excerpt":{"rendered":"<p>Bolsa de la compra Descripci\u00f3n de nuestra bolsa de la compra \u00abRegalos\u00bb en PP 40 + 24 x 35 cm<\/p>\n","protected":false},"featured_media":176568,"template":"","meta":{"_acf_changed":false},"product_brand":[],"product_cat":[1150,1488,3873,1844],"product_tag":[],"class_list":{"0":"post-228764","1":"product","2":"type-product","3":"status-publish","4":"has-post-thumbnail","6":"product_cat-envasado-de-alimentos","7":"product_cat-tienda-y-almacen","8":"product_cat-bolsas-sobres","9":"product_cat-bolsos-boutique","11":"first","12":"outofstock","13":"taxable","14":"shipping-taxable","15":"purchasable","16":"product-type-simple"},"acf":[],"yoast_head":"<!-- This site is optimized with the Yoast SEO Premium plugin v26.6 (Yoast SEO v26.6) - https:\/\/yoast.com\/wordpress\/plugins\/seo\/ -->\n<title>Tote Bag Navidad - 40 + 24 x 35 cm<\/title>\n<meta name=\"description\" content=\"Descubra la bolsa de la compra con estampado &quot;Regalos&quot; en PP tejido reutilizable: resistente, ecol\u00f3gica y festiva. Perfecto para Navidad y para tus necesidades diarias.\" \/>\n<meta name=\"robots\" content=\"index, follow, max-snippet:-1, max-image-preview:large, max-video-preview:-1\" \/>\n<link rel=\"canonical\" href=\"https:\/\/www.csj-emballages.com\/es\/produit\/bolsa-de-la-compra-reutilizable-tejida-en-pp-con-motivo-regalos-40-24-x-35-cm\/\" \/>\n<meta property=\"og:locale\" content=\"es_ES\" \/>\n<meta property=\"og:type\" content=\"article\" \/>\n<meta property=\"og:title\" content=\"Bolsa de la compra reutilizable tejida en PP con motivo &quot;Regalos&quot; 40 + 24 x 35 cm\" \/>\n<meta property=\"og:description\" content=\"Descubra la bolsa de la compra con estampado &quot;Regalos&quot; en PP tejido reutilizable: resistente, ecol\u00f3gica y festiva. Perfecto para Navidad y para tus necesidades diarias.\" \/>\n<meta property=\"og:url\" content=\"https:\/\/www.csj-emballages.com\/es\/produit\/bolsa-de-la-compra-reutilizable-tejida-en-pp-con-motivo-regalos-40-24-x-35-cm\/\" \/>\n<meta property=\"og:site_name\" content=\"CSJ Emballages\" \/>\n<meta property=\"article:publisher\" content=\"https:\/\/www.facebook.com\/csjemballages\" \/>\n<meta property=\"article:modified_time\" content=\"2026-04-08T00:16:06+00:00\" \/>\n<meta property=\"og:image\" content=\"https:\/\/www.csj-emballages.com\/wp-content\/uploads\/2024\/11\/Saccabasnoel-scaled-e1732088230270.webp\" \/>\n\t<meta property=\"og:image:width\" content=\"2048\" \/>\n\t<meta property=\"og:image:height\" content=\"2048\" \/>\n\t<meta property=\"og:image:type\" content=\"image\/webp\" \/>\n<meta name=\"twitter:card\" content=\"summary_large_image\" \/>\n<meta name=\"twitter:label1\" content=\"Tiempo de lectura\" \/>\n\t<meta name=\"twitter:data1\" content=\"2 minutos\" \/>\n<script type=\"application\/ld+json\" class=\"yoast-schema-graph\">{\"@context\":\"https:\/\/schema.org\",\"@graph\":[{\"@type\":\"WebPage\",\"@id\":\"https:\/\/www.csj-emballages.com\/es\/produit\/bolsa-de-la-compra-reutilizable-tejida-en-pp-con-motivo-regalos-40-24-x-35-cm\/\",\"url\":\"https:\/\/www.csj-emballages.com\/es\/produit\/bolsa-de-la-compra-reutilizable-tejida-en-pp-con-motivo-regalos-40-24-x-35-cm\/\",\"name\":\"Tote Bag Navidad - 40 + 24 x 35 cm\",\"isPartOf\":{\"@id\":\"https:\/\/www.csj-emballages.com\/es\/#website\"},\"primaryImageOfPage\":{\"@id\":\"https:\/\/www.csj-emballages.com\/es\/produit\/bolsa-de-la-compra-reutilizable-tejida-en-pp-con-motivo-regalos-40-24-x-35-cm\/#primaryimage\"},\"image\":{\"@id\":\"https:\/\/www.csj-emballages.com\/es\/produit\/bolsa-de-la-compra-reutilizable-tejida-en-pp-con-motivo-regalos-40-24-x-35-cm\/#primaryimage\"},\"thumbnailUrl\":\"https:\/\/www.csj-emballages.com\/wp-content\/uploads\/2024\/11\/Saccabasnoel-scaled-e1732088230270.webp\",\"datePublished\":\"2024-11-16T01:18:13+00:00\",\"dateModified\":\"2026-04-08T00:16:06+00:00\",\"description\":\"Descubra la bolsa de la compra con estampado \\\"Regalos\\\" en PP tejido reutilizable: resistente, ecol\u00f3gica y festiva. Perfecto para Navidad y para tus necesidades diarias.\",\"breadcrumb\":{\"@id\":\"https:\/\/www.csj-emballages.com\/es\/produit\/bolsa-de-la-compra-reutilizable-tejida-en-pp-con-motivo-regalos-40-24-x-35-cm\/#breadcrumb\"},\"inLanguage\":\"es\",\"potentialAction\":[{\"@type\":\"ReadAction\",\"target\":[\"https:\/\/www.csj-emballages.com\/es\/produit\/bolsa-de-la-compra-reutilizable-tejida-en-pp-con-motivo-regalos-40-24-x-35-cm\/\"]}]},{\"@type\":\"ImageObject\",\"inLanguage\":\"es\",\"@id\":\"https:\/\/www.csj-emballages.com\/es\/produit\/bolsa-de-la-compra-reutilizable-tejida-en-pp-con-motivo-regalos-40-24-x-35-cm\/#primaryimage\",\"url\":\"https:\/\/www.csj-emballages.com\/wp-content\/uploads\/2024\/11\/Saccabasnoel-scaled-e1732088230270.webp\",\"contentUrl\":\"https:\/\/www.csj-emballages.com\/wp-content\/uploads\/2024\/11\/Saccabasnoel-scaled-e1732088230270.webp\",\"width\":2048,\"height\":2048,\"caption\":\"sac cabas\"},{\"@type\":\"BreadcrumbList\",\"@id\":\"https:\/\/www.csj-emballages.com\/es\/produit\/bolsa-de-la-compra-reutilizable-tejida-en-pp-con-motivo-regalos-40-24-x-35-cm\/#breadcrumb\",\"itemListElement\":[{\"@type\":\"ListItem\",\"position\":1,\"name\":\"Accueil\",\"item\":\"https:\/\/www.csj-emballages.com\/es\/universo-del-envasado-alimentario\/\"},{\"@type\":\"ListItem\",\"position\":2,\"name\":\"Tienda\",\"item\":\"https:\/\/www.csj-emballages.com\/tienda\/\"},{\"@type\":\"ListItem\",\"position\":3,\"name\":\"Bolsa de la compra reutilizable tejida en PP con motivo \u00ab\u00a0Regalos\u00a0\u00bb 40 + 24 x 35 cm\"}]},{\"@type\":\"WebSite\",\"@id\":\"https:\/\/www.csj-emballages.com\/es\/#website\",\"url\":\"https:\/\/www.csj-emballages.com\/es\/\",\"name\":\"CSJ Emballages\",\"description\":\"\",\"publisher\":{\"@id\":\"https:\/\/www.csj-emballages.com\/es\/#organization\"},\"potentialAction\":[{\"@type\":\"SearchAction\",\"target\":{\"@type\":\"EntryPoint\",\"urlTemplate\":\"https:\/\/www.csj-emballages.com\/es\/?s={search_term_string}\"},\"query-input\":{\"@type\":\"PropertyValueSpecification\",\"valueRequired\":true,\"valueName\":\"search_term_string\"}}],\"inLanguage\":\"es\"},{\"@type\":\"Organization\",\"@id\":\"https:\/\/www.csj-emballages.com\/es\/#Organization\/\",\"name\":\"CSJ Emballages\",\"url\":\"https:\/\/www.csj-emballages.com\/es\/\",\"logo\":{\"@type\":\"ImageObject\",\"inLanguage\":\"es\",\"@id\":\"https:\/\/www.csj-emballages.com\/es\/#\/schema\/logo\/image\/\",\"url\":\"https:\/\/www.csj-emballages.com\/wp-content\/uploads\/2023\/10\/logo_csj.webp\",\"contentUrl\":\"https:\/\/www.csj-emballages.com\/wp-content\/uploads\/2023\/10\/logo_csj.webp\",\"width\":250,\"height\":95,\"caption\":\"CSJ Emballages\"},\"image\":{\"@id\":\"https:\/\/www.csj-emballages.com\/es\/#\/schema\/logo\/image\/\"},\"sameAs\":[\"https:\/\/www.facebook.com\/csjemballages\"],\"address\":{\"@type\":\"PostalAddress\",\"streetAddress\":\"ZI La Lechere\",\"addressLocality\":\"Patornay\",\"postalCode\":\"39130\",\"addressCountry\":\"FR\"},\"contactPoint\":[{\"@type\":\"ContactPoint\",\"contactType\":\"Service client\",\"telephone\":\"0384254272\",\"email\":\"contact@csj-emballages.com\"}]}]}<\/script>\n<!-- \/ Yoast SEO Premium plugin. -->","yoast_head_json":{"title":"Tote Bag Navidad - 40 + 24 x 35 cm","description":"Descubra la bolsa de la compra con estampado \"Regalos\" en PP tejido reutilizable: resistente, ecol\u00f3gica y festiva. Perfecto para Navidad y para tus necesidades diarias.","robots":{"index":"index","follow":"follow","max-snippet":"max-snippet:-1","max-image-preview":"max-image-preview:large","max-video-preview":"max-video-preview:-1"},"canonical":"https:\/\/www.csj-emballages.com\/es\/produit\/bolsa-de-la-compra-reutilizable-tejida-en-pp-con-motivo-regalos-40-24-x-35-cm\/","og_locale":"es_ES","og_type":"article","og_title":"Bolsa de la compra reutilizable tejida en PP con motivo \"Regalos\" 40 + 24 x 35 cm","og_description":"Descubra la bolsa de la compra con estampado \"Regalos\" en PP tejido reutilizable: resistente, ecol\u00f3gica y festiva. Perfecto para Navidad y para tus necesidades diarias.","og_url":"https:\/\/www.csj-emballages.com\/es\/produit\/bolsa-de-la-compra-reutilizable-tejida-en-pp-con-motivo-regalos-40-24-x-35-cm\/","og_site_name":"CSJ Emballages","article_publisher":"https:\/\/www.facebook.com\/csjemballages","article_modified_time":"2026-04-08T00:16:06+00:00","og_image":[{"width":2048,"height":2048,"url":"https:\/\/www.csj-emballages.com\/wp-content\/uploads\/2024\/11\/Saccabasnoel-scaled-e1732088230270.webp","type":"image\/webp"}],"twitter_card":"summary_large_image","twitter_misc":{"Tiempo de lectura":"2 minutos"},"schema":{"@context":"https:\/\/schema.org","@graph":[{"@type":"WebPage","@id":"https:\/\/www.csj-emballages.com\/es\/produit\/bolsa-de-la-compra-reutilizable-tejida-en-pp-con-motivo-regalos-40-24-x-35-cm\/","url":"https:\/\/www.csj-emballages.com\/es\/produit\/bolsa-de-la-compra-reutilizable-tejida-en-pp-con-motivo-regalos-40-24-x-35-cm\/","name":"Tote Bag Navidad - 40 + 24 x 35 cm","isPartOf":{"@id":"https:\/\/www.csj-emballages.com\/es\/#website"},"primaryImageOfPage":{"@id":"https:\/\/www.csj-emballages.com\/es\/produit\/bolsa-de-la-compra-reutilizable-tejida-en-pp-con-motivo-regalos-40-24-x-35-cm\/#primaryimage"},"image":{"@id":"https:\/\/www.csj-emballages.com\/es\/produit\/bolsa-de-la-compra-reutilizable-tejida-en-pp-con-motivo-regalos-40-24-x-35-cm\/#primaryimage"},"thumbnailUrl":"https:\/\/www.csj-emballages.com\/wp-content\/uploads\/2024\/11\/Saccabasnoel-scaled-e1732088230270.webp","datePublished":"2024-11-16T01:18:13+00:00","dateModified":"2026-04-08T00:16:06+00:00","description":"Descubra la bolsa de la compra con estampado \"Regalos\" en PP tejido reutilizable: resistente, ecol\u00f3gica y festiva. Perfecto para Navidad y para tus necesidades diarias.","breadcrumb":{"@id":"https:\/\/www.csj-emballages.com\/es\/produit\/bolsa-de-la-compra-reutilizable-tejida-en-pp-con-motivo-regalos-40-24-x-35-cm\/#breadcrumb"},"inLanguage":"es","potentialAction":[{"@type":"ReadAction","target":["https:\/\/www.csj-emballages.com\/es\/produit\/bolsa-de-la-compra-reutilizable-tejida-en-pp-con-motivo-regalos-40-24-x-35-cm\/"]}]},{"@type":"ImageObject","inLanguage":"es","@id":"https:\/\/www.csj-emballages.com\/es\/produit\/bolsa-de-la-compra-reutilizable-tejida-en-pp-con-motivo-regalos-40-24-x-35-cm\/#primaryimage","url":"https:\/\/www.csj-emballages.com\/wp-content\/uploads\/2024\/11\/Saccabasnoel-scaled-e1732088230270.webp","contentUrl":"https:\/\/www.csj-emballages.com\/wp-content\/uploads\/2024\/11\/Saccabasnoel-scaled-e1732088230270.webp","width":2048,"height":2048,"caption":"sac cabas"},{"@type":"BreadcrumbList","@id":"https:\/\/www.csj-emballages.com\/es\/produit\/bolsa-de-la-compra-reutilizable-tejida-en-pp-con-motivo-regalos-40-24-x-35-cm\/#breadcrumb","itemListElement":[{"@type":"ListItem","position":1,"name":"Accueil","item":"https:\/\/www.csj-emballages.com\/es\/universo-del-envasado-alimentario\/"},{"@type":"ListItem","position":2,"name":"Tienda","item":"https:\/\/www.csj-emballages.com\/tienda\/"},{"@type":"ListItem","position":3,"name":"Bolsa de la compra reutilizable tejida en PP con motivo \u00ab\u00a0Regalos\u00a0\u00bb 40 + 24 x 35 cm"}]},{"@type":"WebSite","@id":"https:\/\/www.csj-emballages.com\/es\/#website","url":"https:\/\/www.csj-emballages.com\/es\/","name":"CSJ Emballages","description":"","publisher":{"@id":"https:\/\/www.csj-emballages.com\/es\/#organization"},"potentialAction":[{"@type":"SearchAction","target":{"@type":"EntryPoint","urlTemplate":"https:\/\/www.csj-emballages.com\/es\/?s={search_term_string}"},"query-input":{"@type":"PropertyValueSpecification","valueRequired":true,"valueName":"search_term_string"}}],"inLanguage":"es"},{"@type":"Organization","@id":"https:\/\/www.csj-emballages.com\/es\/#Organization\/","name":"CSJ Emballages","url":"https:\/\/www.csj-emballages.com\/es\/","logo":{"@type":"ImageObject","inLanguage":"es","@id":"https:\/\/www.csj-emballages.com\/es\/#\/schema\/logo\/image\/","url":"https:\/\/www.csj-emballages.com\/wp-content\/uploads\/2023\/10\/logo_csj.webp","contentUrl":"https:\/\/www.csj-emballages.com\/wp-content\/uploads\/2023\/10\/logo_csj.webp","width":250,"height":95,"caption":"CSJ Emballages"},"image":{"@id":"https:\/\/www.csj-emballages.com\/es\/#\/schema\/logo\/image\/"},"sameAs":["https:\/\/www.facebook.com\/csjemballages"],"address":{"@type":"PostalAddress","streetAddress":"ZI La Lechere","addressLocality":"Patornay","postalCode":"39130","addressCountry":"FR"},"contactPoint":[{"@type":"ContactPoint","contactType":"Service client","telephone":"0384254272","email":"contact@csj-emballages.com"}]}]}},"df_price":1.33,"df_sale_price":"","df_regular_price":1.33,"df_image_link":"https:\/\/www.csj-emballages.com\/wp-content\/uploads\/2024\/11\/Saccabasnoel-300x300.webp","tiered_pricing_type":"fixed","tiered_pricing_fixed_rules":[],"tiered_pricing_percentage_rules":[],"tiered_pricing_minimum":1,"tiered_pricing_roles_data":[],"_links":{"self":[{"href":"https:\/\/www.csj-emballages.com\/es\/wp-json\/wp\/v2\/product\/228764","targetHints":{"allow":["GET"]}}],"collection":[{"href":"https:\/\/www.csj-emballages.com\/es\/wp-json\/wp\/v2\/product"}],"about":[{"href":"https:\/\/www.csj-emballages.com\/es\/wp-json\/wp\/v2\/types\/product"}],"wp:featuredmedia":[{"embeddable":true,"href":"https:\/\/www.csj-emballages.com\/es\/wp-json\/wp\/v2\/media\/176568"}],"wp:attachment":[{"href":"https:\/\/www.csj-emballages.com\/es\/wp-json\/wp\/v2\/media?parent=228764"}],"wp:term":[{"taxonomy":"product_brand","embeddable":true,"href":"https:\/\/www.csj-emballages.com\/es\/wp-json\/wp\/v2\/product_brand?post=228764"},{"taxonomy":"product_cat","embeddable":true,"href":"https:\/\/www.csj-emballages.com\/es\/wp-json\/wp\/v2\/product_cat?post=228764"},{"taxonomy":"product_tag","embeddable":true,"href":"https:\/\/www.csj-emballages.com\/es\/wp-json\/wp\/v2\/product_tag?post=228764"}],"curies":[{"name":"wp","href":"https:\/\/api.w.org\/{rel}","templated":true}]}}