{"id":22874,"date":"2024-03-01T16:50:17","date_gmt":"2024-03-01T15:50:17","guid":{"rendered":"https:\/\/u15jnbdpoq.preview.infomaniak.website\/produit\/250-redondeles-blancos-festoneados-o17-cm\/"},"modified":"2026-03-12T16:36:08","modified_gmt":"2026-03-12T15:36:08","slug":"250-redondeles-blancos-festoneados-o17-cm","status":"publish","type":"product","link":"https:\/\/www.csj-emballages.com\/es\/produit\/250-redondeles-blancos-festoneados-o17-cm\/","title":{"rendered":"Redondo blanco festoneado \u00f817 cm por 250"},"content":{"rendered":"<h2>Redondel blanco festoneado<\/h2>\n<hr>\n<h3>Descripci\u00f3n de nuestro festoneado blanco redondo \u00f817 cm por 250<\/h3>\n<p><!--more--><\/p>\n<p data-start=\"159\" data-end=\"508\">Indispensables en restaurantes, pasteler\u00edas e incluso en el hogar, <strong data-start=\"230\" data-end=\"271\">los redondeles blancos festoneados de \u00f817 cm por 250<\/strong> se han convertido en un aut\u00e9ntico est\u00e1ndar para la presentaci\u00f3n meticulosa de sus preparaciones. Su dise\u00f1o <strong>festoneado<\/strong> les confiere un toque elegante que realza un peque\u00f1o pastel, un trozo de tarta o un aperitivo salado. <\/p>\n<p data-start=\"510\" data-end=\"967\">Fabricados en <strong>cart\u00f3n<\/strong>, estos <strong data-start=\"551\" data-end=\"577\">soportes para tartas<\/strong> son lo suficientemente r\u00edgidos como para soportar sus creaciones. Su <g id=\"gid_2\">color blanco neutro<\/g> se adaptar\u00e1 a todas sus presentaciones, ya sean tradicionales o m\u00e1s modernas. Con un di\u00e1metro de <strong data-start=\"810\" data-end=\"819\">17 cm<\/strong>, son perfectos para tartas individuales, peque\u00f1os entremeses o como soporte al servir en un plato.  <\/p>\n<p data-start=\"969\" data-end=\"1385\">Adem\u00e1s, envasadas en <strong data-start=\"986\" data-end=\"1000\">250 unidades<\/strong>, se adaptan perfectamente a las necesidades de profesionales como panaderos, pasteleros, restauradores y servicios de catering, sin dejar de ser accesibles para los particulares que deseen ocuparse de sus recepciones. Su practicidad radica tambi\u00e9n en que permiten un <strong data-start=\"1266\" data-end=\"1293\">servicio m\u00e1s higi\u00e9nico<\/strong> y evitan que las preparaciones se coloquen directamente en una fuente o plato. <\/p>\n<p data-start=\"1387\" data-end=\"1632\">En resumen, al elegir estos <strong data-start=\"1406\" data-end=\"1447\">redondos festoneados blancos de \u00f817 cm por 250<\/strong>, est\u00e1 optando por una soluci\u00f3n est\u00e9tica para realzar sus preparaciones y ofrecer a sus clientes o invitados una mejor experiencia visual y gustativa.<\/p>\n<p data-start=\"1387\" data-end=\"1632\"><!--more--><\/p>\n<h4>Ventajas :<\/h4>\n<ul>\n<li><strong data-start=\"1657\" data-end=\"1682\">Presentaci\u00f3n elegante<\/strong> gracias al refinado festoneado.<\/li>\n<li><strong data-start=\"1715\" data-end=\"1733\">Base r\u00edgida<\/strong> para sujetar bien los postres.<\/li>\n<li><strong data-start=\"1780\" data-end=\"1799\">Pr\u00e1ctico formato<\/strong> de 17 cm para peque\u00f1os pasteles y postres.<\/li>\n<li><strong data-start=\"1857\" data-end=\"1871\">Higi\u00e9nico<\/strong>: evita el contacto directo con las superficies.<\/li>\n<li><strong data-start=\"1920\" data-end=\"1950\">Envasado<\/strong> en 250 unidades.<\/li>\n<\/ul>\n<p>&nbsp;<\/p>\n<p><!--more--><\/p>\n<h4>Informaci\u00f3n adicional :<\/h4>\n<ul>\n<li><strong>Envase<\/strong>: Paquete de 250<\/li>\n<li><strong>Di\u00e1metro<\/strong>: 17 cm<\/li>\n<li><strong>Color<\/strong>: blanco<\/li>\n<li><strong>Material<\/strong>: Cart\u00f3n<\/li>\n<li><strong>Forma<\/strong>: Festoneada<\/li>\n<\/ul>\n<p>&nbsp;<\/p>\n<p><!--more--><\/p>\n<p>Encuentre aqu\u00ed todas las tallas disponibles para estos redondos festoneados blancos: <span style=\"color: #d12727;\"><a style=\"color: #d12727;\" href=\"https:\/\/www.csj-emballages.com\/es\/produit\/250-redondeles-blancos-festoneados-o15-cm\/\">\u00d815 cm<\/a><\/span> \/ <span style=\"color: #d12727;\"><a style=\"color: #d12727;\" href=\"https:\/\/www.csj-emballages.com\/produit\/250-ronds-blancs-festonnes-o19-cm\/\">\u00d819 cm<\/a><\/span> \/ <span style=\"color: #d12727;\"><a style=\"color: #d12727;\" href=\"https:\/\/www.csj-emballages.com\/produit\/250-ronds-blancs-festonnes-o21-cm\/\">\u00d821 cm<\/a><\/span> \/ <span style=\"color: #d12727;\"><a style=\"color: #d12727;\" href=\"https:\/\/www.csj-emballages.com\/produit\/250-ronds-blancs-festonnes-o23-cm\/\">\u00d823 cm<\/a><\/span> \/ <g id=\"gid_8\"><g id=\"gid_9\">\u00d825 cm<\/g><\/g> \/ <g id=\"gid_10\"><g id=\"gid_11\">\u00d826 cm<\/g><\/g> \/ <span style=\"color: #d12727;\"><a style=\"color: #d12727;\" href=\"https:\/\/www.csj-emballages.com\/produit\/250-ronds-blancs-festonnes-o29-cm\/\">\u00d829 cm<\/a><\/span> \/         <span style=\"color: #d12727;\"><a style=\"color: #d12727;\" href=\"https:\/\/www.csj-emballages.com\/produit\/250-ronds-blancs-festonnes-o31-cm\/\">\u00d832 cm<\/a><\/span><\/p>\n<p>&nbsp;<\/p>\n<p><!--more--><\/p>\n<p><a href=\"https:\/\/www.csj-emballages.com\/es\/categorie-produit\/envasado-de-alimentos\/panaderia-y-pasteleria\/soportes-de-base-para-tartas\/soportes-redondos-para-tartas\/soportes-festoneados-para-tartas\/\">Ver el resto de nuestra gama de c\u00edrculos festoneados blancos<\/a><\/p>\n","protected":false},"excerpt":{"rendered":"<p>Redondel blanco festoneado Descripci\u00f3n de nuestro festoneado blanco redondo \u00f817 cm por 250<\/p>\n","protected":false},"featured_media":241320,"template":"","meta":{"_acf_changed":false},"product_brand":[],"product_cat":[1150,1145,1911,3244],"product_tag":[],"class_list":{"0":"post-22874","1":"product","2":"type-product","3":"status-publish","4":"has-post-thumbnail","6":"product_cat-envasado-de-alimentos","7":"product_cat-panaderia-y-pasteleria","8":"product_cat-soportes-de-base-para-tartas","9":"product_cat-soportes-festoneados-para-tartas","11":"first","12":"instock","13":"taxable","14":"shipping-taxable","15":"purchasable","16":"product-type-simple"},"acf":[],"yoast_head":"<!-- This site is optimized with the Yoast SEO Premium plugin v26.6 (Yoast SEO v26.6) - https:\/\/yoast.com\/wordpress\/plugins\/seo\/ -->\n<title>Redondo blanco festoneado \u00f817 cm por 250<\/title>\n<meta name=\"description\" content=\"Redondas blancas festoneadas, \u00f817 cm por 250: elegantes, pr\u00e1cticas y resistentes para realzar sus pasteles y preparaciones.\" \/>\n<meta name=\"robots\" content=\"index, follow, max-snippet:-1, max-image-preview:large, max-video-preview:-1\" \/>\n<link rel=\"canonical\" href=\"https:\/\/www.csj-emballages.com\/es\/produit\/250-redondeles-blancos-festoneados-o17-cm\/\" \/>\n<meta property=\"og:locale\" content=\"es_ES\" \/>\n<meta property=\"og:type\" content=\"article\" \/>\n<meta property=\"og:title\" content=\"Redondo blanco festoneado \u00f817 cm por 250\" \/>\n<meta property=\"og:description\" content=\"Redondas blancas festoneadas, \u00f817 cm por 250: elegantes, pr\u00e1cticas y resistentes para realzar sus pasteles y preparaciones.\" \/>\n<meta property=\"og:url\" content=\"https:\/\/www.csj-emballages.com\/es\/produit\/250-redondeles-blancos-festoneados-o17-cm\/\" \/>\n<meta property=\"og:site_name\" content=\"CSJ Emballages\" \/>\n<meta property=\"article:publisher\" content=\"https:\/\/www.facebook.com\/csjemballages\" \/>\n<meta property=\"article:modified_time\" content=\"2026-03-12T15:36:08+00:00\" \/>\n<meta property=\"og:image\" content=\"https:\/\/www.csj-emballages.com\/wp-content\/uploads\/2024\/03\/RF.webp\" \/>\n\t<meta property=\"og:image:width\" content=\"800\" \/>\n\t<meta property=\"og:image:height\" content=\"800\" \/>\n\t<meta property=\"og:image:type\" content=\"image\/webp\" \/>\n<meta name=\"twitter:card\" content=\"summary_large_image\" \/>\n<meta name=\"twitter:label1\" content=\"Tiempo de lectura\" \/>\n\t<meta name=\"twitter:data1\" content=\"2 minutos\" \/>\n<script type=\"application\/ld+json\" class=\"yoast-schema-graph\">{\"@context\":\"https:\/\/schema.org\",\"@graph\":[{\"@type\":\"WebPage\",\"@id\":\"https:\/\/www.csj-emballages.com\/es\/produit\/250-redondeles-blancos-festoneados-o17-cm\/\",\"url\":\"https:\/\/www.csj-emballages.com\/es\/produit\/250-redondeles-blancos-festoneados-o17-cm\/\",\"name\":\"Redondo blanco festoneado \u00f817 cm por 250\",\"isPartOf\":{\"@id\":\"https:\/\/www.csj-emballages.com\/es\/#website\"},\"primaryImageOfPage\":{\"@id\":\"https:\/\/www.csj-emballages.com\/es\/produit\/250-redondeles-blancos-festoneados-o17-cm\/#primaryimage\"},\"image\":{\"@id\":\"https:\/\/www.csj-emballages.com\/es\/produit\/250-redondeles-blancos-festoneados-o17-cm\/#primaryimage\"},\"thumbnailUrl\":\"https:\/\/www.csj-emballages.com\/wp-content\/uploads\/2024\/03\/RF.webp\",\"datePublished\":\"2024-03-01T15:50:17+00:00\",\"dateModified\":\"2026-03-12T15:36:08+00:00\",\"description\":\"Redondas blancas festoneadas, \u00f817 cm por 250: elegantes, pr\u00e1cticas y resistentes para realzar sus pasteles y preparaciones.\",\"breadcrumb\":{\"@id\":\"https:\/\/www.csj-emballages.com\/es\/produit\/250-redondeles-blancos-festoneados-o17-cm\/#breadcrumb\"},\"inLanguage\":\"es\",\"potentialAction\":[{\"@type\":\"ReadAction\",\"target\":[\"https:\/\/www.csj-emballages.com\/es\/produit\/250-redondeles-blancos-festoneados-o17-cm\/\"]}]},{\"@type\":\"ImageObject\",\"inLanguage\":\"es\",\"@id\":\"https:\/\/www.csj-emballages.com\/es\/produit\/250-redondeles-blancos-festoneados-o17-cm\/#primaryimage\",\"url\":\"https:\/\/www.csj-emballages.com\/wp-content\/uploads\/2024\/03\/RF.webp\",\"contentUrl\":\"https:\/\/www.csj-emballages.com\/wp-content\/uploads\/2024\/03\/RF.webp\",\"width\":800,\"height\":800,\"caption\":\"Rond blanc festonn\u00e9\"},{\"@type\":\"BreadcrumbList\",\"@id\":\"https:\/\/www.csj-emballages.com\/es\/produit\/250-redondeles-blancos-festoneados-o17-cm\/#breadcrumb\",\"itemListElement\":[{\"@type\":\"ListItem\",\"position\":1,\"name\":\"Accueil\",\"item\":\"https:\/\/www.csj-emballages.com\/es\/universo-del-envasado-alimentario\/\"},{\"@type\":\"ListItem\",\"position\":2,\"name\":\"Tienda\",\"item\":\"https:\/\/www.csj-emballages.com\/tienda\/\"},{\"@type\":\"ListItem\",\"position\":3,\"name\":\"Redondo blanco festoneado \u00f817 cm por 250\"}]},{\"@type\":\"WebSite\",\"@id\":\"https:\/\/www.csj-emballages.com\/es\/#website\",\"url\":\"https:\/\/www.csj-emballages.com\/es\/\",\"name\":\"CSJ Emballages\",\"description\":\"\",\"publisher\":{\"@id\":\"https:\/\/www.csj-emballages.com\/es\/#organization\"},\"potentialAction\":[{\"@type\":\"SearchAction\",\"target\":{\"@type\":\"EntryPoint\",\"urlTemplate\":\"https:\/\/www.csj-emballages.com\/es\/?s={search_term_string}\"},\"query-input\":{\"@type\":\"PropertyValueSpecification\",\"valueRequired\":true,\"valueName\":\"search_term_string\"}}],\"inLanguage\":\"es\"},{\"@type\":\"Organization\",\"@id\":\"https:\/\/www.csj-emballages.com\/es\/#Organization\/\",\"name\":\"CSJ Emballages\",\"url\":\"https:\/\/www.csj-emballages.com\/es\/\",\"logo\":{\"@type\":\"ImageObject\",\"inLanguage\":\"es\",\"@id\":\"https:\/\/www.csj-emballages.com\/es\/#\/schema\/logo\/image\/\",\"url\":\"https:\/\/www.csj-emballages.com\/wp-content\/uploads\/2023\/10\/logo_csj.webp\",\"contentUrl\":\"https:\/\/www.csj-emballages.com\/wp-content\/uploads\/2023\/10\/logo_csj.webp\",\"width\":250,\"height\":95,\"caption\":\"CSJ Emballages\"},\"image\":{\"@id\":\"https:\/\/www.csj-emballages.com\/es\/#\/schema\/logo\/image\/\"},\"sameAs\":[\"https:\/\/www.facebook.com\/csjemballages\"],\"address\":{\"@type\":\"PostalAddress\",\"streetAddress\":\"ZI La Lechere\",\"addressLocality\":\"Patornay\",\"postalCode\":\"39130\",\"addressCountry\":\"FR\"},\"contactPoint\":[{\"@type\":\"ContactPoint\",\"contactType\":\"Service client\",\"telephone\":\"0384254272\",\"email\":\"contact@csj-emballages.com\"}]}]}<\/script>\n<!-- \/ Yoast SEO Premium plugin. -->","yoast_head_json":{"title":"Redondo blanco festoneado \u00f817 cm por 250","description":"Redondas blancas festoneadas, \u00f817 cm por 250: elegantes, pr\u00e1cticas y resistentes para realzar sus pasteles y preparaciones.","robots":{"index":"index","follow":"follow","max-snippet":"max-snippet:-1","max-image-preview":"max-image-preview:large","max-video-preview":"max-video-preview:-1"},"canonical":"https:\/\/www.csj-emballages.com\/es\/produit\/250-redondeles-blancos-festoneados-o17-cm\/","og_locale":"es_ES","og_type":"article","og_title":"Redondo blanco festoneado \u00f817 cm por 250","og_description":"Redondas blancas festoneadas, \u00f817 cm por 250: elegantes, pr\u00e1cticas y resistentes para realzar sus pasteles y preparaciones.","og_url":"https:\/\/www.csj-emballages.com\/es\/produit\/250-redondeles-blancos-festoneados-o17-cm\/","og_site_name":"CSJ Emballages","article_publisher":"https:\/\/www.facebook.com\/csjemballages","article_modified_time":"2026-03-12T15:36:08+00:00","og_image":[{"width":800,"height":800,"url":"https:\/\/www.csj-emballages.com\/wp-content\/uploads\/2024\/03\/RF.webp","type":"image\/webp"}],"twitter_card":"summary_large_image","twitter_misc":{"Tiempo de lectura":"2 minutos"},"schema":{"@context":"https:\/\/schema.org","@graph":[{"@type":"WebPage","@id":"https:\/\/www.csj-emballages.com\/es\/produit\/250-redondeles-blancos-festoneados-o17-cm\/","url":"https:\/\/www.csj-emballages.com\/es\/produit\/250-redondeles-blancos-festoneados-o17-cm\/","name":"Redondo blanco festoneado \u00f817 cm por 250","isPartOf":{"@id":"https:\/\/www.csj-emballages.com\/es\/#website"},"primaryImageOfPage":{"@id":"https:\/\/www.csj-emballages.com\/es\/produit\/250-redondeles-blancos-festoneados-o17-cm\/#primaryimage"},"image":{"@id":"https:\/\/www.csj-emballages.com\/es\/produit\/250-redondeles-blancos-festoneados-o17-cm\/#primaryimage"},"thumbnailUrl":"https:\/\/www.csj-emballages.com\/wp-content\/uploads\/2024\/03\/RF.webp","datePublished":"2024-03-01T15:50:17+00:00","dateModified":"2026-03-12T15:36:08+00:00","description":"Redondas blancas festoneadas, \u00f817 cm por 250: elegantes, pr\u00e1cticas y resistentes para realzar sus pasteles y preparaciones.","breadcrumb":{"@id":"https:\/\/www.csj-emballages.com\/es\/produit\/250-redondeles-blancos-festoneados-o17-cm\/#breadcrumb"},"inLanguage":"es","potentialAction":[{"@type":"ReadAction","target":["https:\/\/www.csj-emballages.com\/es\/produit\/250-redondeles-blancos-festoneados-o17-cm\/"]}]},{"@type":"ImageObject","inLanguage":"es","@id":"https:\/\/www.csj-emballages.com\/es\/produit\/250-redondeles-blancos-festoneados-o17-cm\/#primaryimage","url":"https:\/\/www.csj-emballages.com\/wp-content\/uploads\/2024\/03\/RF.webp","contentUrl":"https:\/\/www.csj-emballages.com\/wp-content\/uploads\/2024\/03\/RF.webp","width":800,"height":800,"caption":"Rond blanc festonn\u00e9"},{"@type":"BreadcrumbList","@id":"https:\/\/www.csj-emballages.com\/es\/produit\/250-redondeles-blancos-festoneados-o17-cm\/#breadcrumb","itemListElement":[{"@type":"ListItem","position":1,"name":"Accueil","item":"https:\/\/www.csj-emballages.com\/es\/universo-del-envasado-alimentario\/"},{"@type":"ListItem","position":2,"name":"Tienda","item":"https:\/\/www.csj-emballages.com\/tienda\/"},{"@type":"ListItem","position":3,"name":"Redondo blanco festoneado \u00f817 cm por 250"}]},{"@type":"WebSite","@id":"https:\/\/www.csj-emballages.com\/es\/#website","url":"https:\/\/www.csj-emballages.com\/es\/","name":"CSJ Emballages","description":"","publisher":{"@id":"https:\/\/www.csj-emballages.com\/es\/#organization"},"potentialAction":[{"@type":"SearchAction","target":{"@type":"EntryPoint","urlTemplate":"https:\/\/www.csj-emballages.com\/es\/?s={search_term_string}"},"query-input":{"@type":"PropertyValueSpecification","valueRequired":true,"valueName":"search_term_string"}}],"inLanguage":"es"},{"@type":"Organization","@id":"https:\/\/www.csj-emballages.com\/es\/#Organization\/","name":"CSJ Emballages","url":"https:\/\/www.csj-emballages.com\/es\/","logo":{"@type":"ImageObject","inLanguage":"es","@id":"https:\/\/www.csj-emballages.com\/es\/#\/schema\/logo\/image\/","url":"https:\/\/www.csj-emballages.com\/wp-content\/uploads\/2023\/10\/logo_csj.webp","contentUrl":"https:\/\/www.csj-emballages.com\/wp-content\/uploads\/2023\/10\/logo_csj.webp","width":250,"height":95,"caption":"CSJ Emballages"},"image":{"@id":"https:\/\/www.csj-emballages.com\/es\/#\/schema\/logo\/image\/"},"sameAs":["https:\/\/www.facebook.com\/csjemballages"],"address":{"@type":"PostalAddress","streetAddress":"ZI La Lechere","addressLocality":"Patornay","postalCode":"39130","addressCountry":"FR"},"contactPoint":[{"@type":"ContactPoint","contactType":"Service client","telephone":"0384254272","email":"contact@csj-emballages.com"}]}]}},"df_price":9.17,"df_sale_price":"","df_regular_price":9.17,"df_image_link":"https:\/\/www.csj-emballages.com\/wp-content\/uploads\/2024\/03\/RF-300x300.webp","tiered_pricing_type":"fixed","tiered_pricing_fixed_rules":[],"tiered_pricing_percentage_rules":[],"tiered_pricing_minimum":1,"tiered_pricing_roles_data":[],"_links":{"self":[{"href":"https:\/\/www.csj-emballages.com\/es\/wp-json\/wp\/v2\/product\/22874","targetHints":{"allow":["GET"]}}],"collection":[{"href":"https:\/\/www.csj-emballages.com\/es\/wp-json\/wp\/v2\/product"}],"about":[{"href":"https:\/\/www.csj-emballages.com\/es\/wp-json\/wp\/v2\/types\/product"}],"wp:featuredmedia":[{"embeddable":true,"href":"https:\/\/www.csj-emballages.com\/es\/wp-json\/wp\/v2\/media\/241320"}],"wp:attachment":[{"href":"https:\/\/www.csj-emballages.com\/es\/wp-json\/wp\/v2\/media?parent=22874"}],"wp:term":[{"taxonomy":"product_brand","embeddable":true,"href":"https:\/\/www.csj-emballages.com\/es\/wp-json\/wp\/v2\/product_brand?post=22874"},{"taxonomy":"product_cat","embeddable":true,"href":"https:\/\/www.csj-emballages.com\/es\/wp-json\/wp\/v2\/product_cat?post=22874"},{"taxonomy":"product_tag","embeddable":true,"href":"https:\/\/www.csj-emballages.com\/es\/wp-json\/wp\/v2\/product_tag?post=22874"}],"curies":[{"name":"wp","href":"https:\/\/api.w.org\/{rel}","templated":true}]}}