{"id":22846,"date":"2024-03-01T16:50:19","date_gmt":"2024-03-01T15:50:19","guid":{"rendered":"https:\/\/u15jnbdpoq.preview.infomaniak.website\/produit\/50-tarros-de-carton-desechables-con-envoltorio-350-ml\/"},"modified":"2026-04-25T02:14:58","modified_gmt":"2026-04-25T00:14:58","slug":"50-tarros-de-carton-desechables-con-envoltorio-350-ml","status":"publish","type":"product","link":"https:\/\/www.csj-emballages.com\/es\/produit\/50-tarros-de-carton-desechables-con-envoltorio-350-ml\/","title":{"rendered":"Envases de cart\u00f3n 360 ml por 50"},"content":{"rendered":"<h2>Olla de envolver<\/h2>\n<hr>\n<h3>Descubra nuestro tarro envolvente de cart\u00f3n de 360 ml (paquete de 50)<\/h3>\n<p><!--more--><\/p>\n<p data-start=\"283\" data-end=\"724\">Si est\u00e1 buscando una forma realmente revolucionaria de presentar sus <strong>wraps<\/strong>, este <strong data-start=\"371\" data-end=\"395\">tarro de cart\u00f3n de 360 ml<\/strong> le va a hacer la vida claramente m\u00e1s f\u00e1cil. Dise\u00f1ado para adaptarse perfectamente a su mano, le permitir\u00e1 disfrutar de un <strong>envoltorio<\/strong> sin estr\u00e9s, sin migas por todas partes y, sobre todo, sin que se salga el relleno. Nada m\u00e1s cogerlo, se nota que ha sido dise\u00f1ado para su uso sobre la marcha, ideal para <strong>comida para llevar<\/strong> o clientes con prisa que comen mientras caminan.  <\/p>\n<p data-start=\"726\" data-end=\"1221\">Gracias a su <strong>grueso cart\u00f3n<\/strong>, aguanta bien el <strong>envoltorio<\/strong>, incluso si sirve recetas generosas o ligeramente jugosas. El <strong>tarro<\/strong> se mantiene estable, no se reblandece y permanece r\u00edgido durante toda la comida. Adem\u00e1s, la abertura redondeada hace que el producto destaque entre la multitud, por lo que basta con echarle un vistazo para que apetezca morderlo. Esta presentaci\u00f3n realza autom\u00e1ticamente sus <strong>wraps<\/strong>, ya sean <strong>cl\u00e1sicos<\/strong>, <strong>vegetarianos<\/strong>, <strong>gourmet<\/strong> o totalmente originales.   <\/p>\n<p data-start=\"1223\" data-end=\"1589\">Adem\u00e1s, como se vende <strong data-start=\"1242\" data-end=\"1252\">en paquetes de 50 unidades<\/strong>, puede realizar un servicio completo sin preocuparse de reponer existencias. Y entre nosotros, todos apreciamos los envases f\u00e1ciles de guardar, r\u00e1pidos de usar y que a\u00f1aden un toque moderno a la presentaci\u00f3n. A\u00f1adiendo una simple pegatina o una peque\u00f1a banda kraft, puede crear una identidad visual coherente sin esfuerzo.  <\/p>\n<p data-start=\"1591\" data-end=\"1903\">En resumen, esta <strong>olla envolvente<\/strong> le ayuda a ofrecer un producto que es un placer comer.<\/p>\n<p data-start=\"1591\" data-end=\"1903\">\n<p><!--more--><\/p>\n<p>&nbsp;<\/p>\n<h4><strong>Ventajas :  <\/strong><\/h4>\n<ul>\n<li data-start=\"1931\" data-end=\"1980\">Perfecto para <strong>envoltorios<\/strong> generosos o gourmet.<\/li>\n<li data-start=\"1983\" data-end=\"2034\">Pr\u00e1ctico para llevar y comer con una sola mano.<\/li>\n<li data-start=\"2037\" data-end=\"2063\">Cart\u00f3n r\u00edgido y resistente.<\/li>\n<li data-start=\"2066\" data-end=\"2103\">Una presentaci\u00f3n moderna y atractiva.<\/li>\n<li data-start=\"2106\" data-end=\"2131\">Pr\u00e1ctico envase de <strong>50 tarros.<\/strong><\/li>\n<\/ul>\n<p>.<\/p>\n<p>&nbsp;<\/p>\n<p><!--more--><\/p>\n<h4>Informaci\u00f3n adicional :<\/h4>\n<ul>\n<li><strong>Envase<\/strong>: Paquete de 50<\/li>\n<li><strong>Di\u00e1metro superior<\/strong>: 80 mm<\/li>\n<li><strong>Di\u00e1metro inferior <\/strong>: 58 mm<\/li>\n<li><strong>Altura total<\/strong>: 120 mm<\/li>\n<li><strong>Media altura<\/strong>: 70 mm<\/li>\n<li><strong>Volumen<\/strong>: 360 ml<\/li>\n<li><strong>Material<\/strong>: Cart\u00f3n<\/li>\n<li><strong>Color<\/strong>: Marr\u00f3n<\/li>\n<\/ul>\n<h2><\/h2>\n<p><!--more--><\/p>\n<p>Este producto est\u00e1 disponible en varios tama\u00f1os:<span style=\"color: #d12727;\"> <a style=\"color: #d12727;\" href=\"https:\/\/www.csj-emballages.com\/produit\/50-pot-wrap-jetable-en-carton-250-ml\/\">250 ml<\/a> <span style=\"color: #000000;\">\/<\/span> <a style=\"color: #d12727;\" href=\"https:\/\/www.csj-emballages.com\/es\/produit\/envase-de-carton-de-480-ml-paquete-de-50\/\">480 ml<\/a><\/span><\/p>\n<p>&nbsp;<\/p>\n<p><!--more--><\/p>\n<p><a href=\"https:\/\/www.csj-emballages.com\/es\/categorie-produit\/envasado-de-alimentos\/catering-es\/cajas-bandejas-bolsas-conos\/patatas-fritas-tortitas-tacos-wraps\/\"><span style=\"color: #000000;\">Ver el resto de nuestra gama de bolsas<\/span>para patatas fritas \/ tortitas \/ tacos \/ wraps<\/a><\/p>\n","protected":false},"excerpt":{"rendered":"<p>Olla de envolver Descubra nuestro tarro envolvente de cart\u00f3n de 360 ml (paquete de 50)<\/p>\n","protected":false},"featured_media":230380,"template":"","meta":{"_acf_changed":false},"product_brand":[],"product_cat":[1150,1179,3878,3081,2429],"product_tag":[],"class_list":{"0":"post-22846","1":"product","2":"type-product","3":"status-publish","4":"has-post-thumbnail","6":"product_cat-envasado-de-alimentos","7":"product_cat-catering-es","8":"product_cat-cajas-bandejas-bolsas-conos","9":"product_cat-patatas-fritas-tortitas-tacos-wraps","10":"product_cat-conos-y-ollas-de-pasta-envoltura-maiz","12":"first","13":"instock","14":"taxable","15":"shipping-taxable","16":"purchasable","17":"product-type-simple"},"acf":[],"yoast_head":"<!-- This site is optimized with the Yoast SEO Premium plugin v26.6 (Yoast SEO v26.6) - https:\/\/yoast.com\/wordpress\/plugins\/seo\/ -->\n<title>Envoltorios Tarro Cart\u00f3n - 360 ml<\/title>\n<meta name=\"description\" content=\"Descubra nuestro tarro de cart\u00f3n para envoltorios de 360 ml, s\u00f3lido y pr\u00e1ctico, \u00a1ideal para vender envoltorios, patatas fritas u obleas dulces! Paquete de 50\" \/>\n<meta name=\"robots\" content=\"index, follow, max-snippet:-1, max-image-preview:large, max-video-preview:-1\" \/>\n<link rel=\"canonical\" href=\"https:\/\/www.csj-emballages.com\/es\/produit\/50-tarros-de-carton-desechables-con-envoltorio-350-ml\/\" \/>\n<meta property=\"og:locale\" content=\"es_ES\" \/>\n<meta property=\"og:type\" content=\"article\" \/>\n<meta property=\"og:title\" content=\"Envases de cart\u00f3n 360 ml por 50\" \/>\n<meta property=\"og:description\" content=\"Descubra nuestro tarro de cart\u00f3n para envoltorios de 360 ml, s\u00f3lido y pr\u00e1ctico, \u00a1ideal para vender envoltorios, patatas fritas u obleas dulces! Paquete de 50\" \/>\n<meta property=\"og:url\" content=\"https:\/\/www.csj-emballages.com\/es\/produit\/50-tarros-de-carton-desechables-con-envoltorio-350-ml\/\" \/>\n<meta property=\"og:site_name\" content=\"CSJ Emballages\" \/>\n<meta property=\"article:publisher\" content=\"https:\/\/www.facebook.com\/csjemballages\" \/>\n<meta property=\"article:modified_time\" content=\"2026-04-25T00:14:58+00:00\" \/>\n<meta property=\"og:image\" content=\"https:\/\/www.csj-emballages.com\/wp-content\/uploads\/2024\/03\/PW360GE.webp\" \/>\n\t<meta property=\"og:image:width\" content=\"800\" \/>\n\t<meta property=\"og:image:height\" content=\"801\" \/>\n\t<meta property=\"og:image:type\" content=\"image\/webp\" \/>\n<meta name=\"twitter:card\" content=\"summary_large_image\" \/>\n<meta name=\"twitter:label1\" content=\"Tiempo de lectura\" \/>\n\t<meta name=\"twitter:data1\" content=\"2 minutos\" \/>\n<script type=\"application\/ld+json\" class=\"yoast-schema-graph\">{\"@context\":\"https:\/\/schema.org\",\"@graph\":[{\"@type\":\"WebPage\",\"@id\":\"https:\/\/www.csj-emballages.com\/es\/produit\/50-tarros-de-carton-desechables-con-envoltorio-350-ml\/\",\"url\":\"https:\/\/www.csj-emballages.com\/es\/produit\/50-tarros-de-carton-desechables-con-envoltorio-350-ml\/\",\"name\":\"Envoltorios Tarro Cart\u00f3n - 360 ml\",\"isPartOf\":{\"@id\":\"https:\/\/www.csj-emballages.com\/es\/#website\"},\"primaryImageOfPage\":{\"@id\":\"https:\/\/www.csj-emballages.com\/es\/produit\/50-tarros-de-carton-desechables-con-envoltorio-350-ml\/#primaryimage\"},\"image\":{\"@id\":\"https:\/\/www.csj-emballages.com\/es\/produit\/50-tarros-de-carton-desechables-con-envoltorio-350-ml\/#primaryimage\"},\"thumbnailUrl\":\"https:\/\/www.csj-emballages.com\/wp-content\/uploads\/2024\/03\/PW360GE.webp\",\"datePublished\":\"2024-03-01T15:50:19+00:00\",\"dateModified\":\"2026-04-25T00:14:58+00:00\",\"description\":\"Descubra nuestro tarro de cart\u00f3n para envoltorios de 360 ml, s\u00f3lido y pr\u00e1ctico, \u00a1ideal para vender envoltorios, patatas fritas u obleas dulces! Paquete de 50\",\"breadcrumb\":{\"@id\":\"https:\/\/www.csj-emballages.com\/es\/produit\/50-tarros-de-carton-desechables-con-envoltorio-350-ml\/#breadcrumb\"},\"inLanguage\":\"es\",\"potentialAction\":[{\"@type\":\"ReadAction\",\"target\":[\"https:\/\/www.csj-emballages.com\/es\/produit\/50-tarros-de-carton-desechables-con-envoltorio-350-ml\/\"]}]},{\"@type\":\"ImageObject\",\"inLanguage\":\"es\",\"@id\":\"https:\/\/www.csj-emballages.com\/es\/produit\/50-tarros-de-carton-desechables-con-envoltorio-350-ml\/#primaryimage\",\"url\":\"https:\/\/www.csj-emballages.com\/wp-content\/uploads\/2024\/03\/PW360GE.webp\",\"contentUrl\":\"https:\/\/www.csj-emballages.com\/wp-content\/uploads\/2024\/03\/PW360GE.webp\",\"width\":800,\"height\":801,\"caption\":\"Pot \u00e0 wraps\"},{\"@type\":\"BreadcrumbList\",\"@id\":\"https:\/\/www.csj-emballages.com\/es\/produit\/50-tarros-de-carton-desechables-con-envoltorio-350-ml\/#breadcrumb\",\"itemListElement\":[{\"@type\":\"ListItem\",\"position\":1,\"name\":\"Accueil\",\"item\":\"https:\/\/www.csj-emballages.com\/es\/universo-del-envasado-alimentario\/\"},{\"@type\":\"ListItem\",\"position\":2,\"name\":\"Tienda\",\"item\":\"https:\/\/www.csj-emballages.com\/tienda\/\"},{\"@type\":\"ListItem\",\"position\":3,\"name\":\"Envases de cart\u00f3n 360 ml por 50\"}]},{\"@type\":\"WebSite\",\"@id\":\"https:\/\/www.csj-emballages.com\/es\/#website\",\"url\":\"https:\/\/www.csj-emballages.com\/es\/\",\"name\":\"CSJ Emballages\",\"description\":\"\",\"publisher\":{\"@id\":\"https:\/\/www.csj-emballages.com\/es\/#organization\"},\"potentialAction\":[{\"@type\":\"SearchAction\",\"target\":{\"@type\":\"EntryPoint\",\"urlTemplate\":\"https:\/\/www.csj-emballages.com\/es\/?s={search_term_string}\"},\"query-input\":{\"@type\":\"PropertyValueSpecification\",\"valueRequired\":true,\"valueName\":\"search_term_string\"}}],\"inLanguage\":\"es\"},{\"@type\":\"Organization\",\"@id\":\"https:\/\/www.csj-emballages.com\/es\/#Organization\/\",\"name\":\"CSJ Emballages\",\"url\":\"https:\/\/www.csj-emballages.com\/es\/\",\"logo\":{\"@type\":\"ImageObject\",\"inLanguage\":\"es\",\"@id\":\"https:\/\/www.csj-emballages.com\/es\/#\/schema\/logo\/image\/\",\"url\":\"https:\/\/www.csj-emballages.com\/wp-content\/uploads\/2023\/10\/logo_csj.webp\",\"contentUrl\":\"https:\/\/www.csj-emballages.com\/wp-content\/uploads\/2023\/10\/logo_csj.webp\",\"width\":250,\"height\":95,\"caption\":\"CSJ Emballages\"},\"image\":{\"@id\":\"https:\/\/www.csj-emballages.com\/es\/#\/schema\/logo\/image\/\"},\"sameAs\":[\"https:\/\/www.facebook.com\/csjemballages\"],\"address\":{\"@type\":\"PostalAddress\",\"streetAddress\":\"ZI La Lechere\",\"addressLocality\":\"Patornay\",\"postalCode\":\"39130\",\"addressCountry\":\"FR\"},\"contactPoint\":[{\"@type\":\"ContactPoint\",\"contactType\":\"Service client\",\"telephone\":\"0384254272\",\"email\":\"contact@csj-emballages.com\"}]}]}<\/script>\n<!-- \/ Yoast SEO Premium plugin. -->","yoast_head_json":{"title":"Envoltorios Tarro Cart\u00f3n - 360 ml","description":"Descubra nuestro tarro de cart\u00f3n para envoltorios de 360 ml, s\u00f3lido y pr\u00e1ctico, \u00a1ideal para vender envoltorios, patatas fritas u obleas dulces! Paquete de 50","robots":{"index":"index","follow":"follow","max-snippet":"max-snippet:-1","max-image-preview":"max-image-preview:large","max-video-preview":"max-video-preview:-1"},"canonical":"https:\/\/www.csj-emballages.com\/es\/produit\/50-tarros-de-carton-desechables-con-envoltorio-350-ml\/","og_locale":"es_ES","og_type":"article","og_title":"Envases de cart\u00f3n 360 ml por 50","og_description":"Descubra nuestro tarro de cart\u00f3n para envoltorios de 360 ml, s\u00f3lido y pr\u00e1ctico, \u00a1ideal para vender envoltorios, patatas fritas u obleas dulces! Paquete de 50","og_url":"https:\/\/www.csj-emballages.com\/es\/produit\/50-tarros-de-carton-desechables-con-envoltorio-350-ml\/","og_site_name":"CSJ Emballages","article_publisher":"https:\/\/www.facebook.com\/csjemballages","article_modified_time":"2026-04-25T00:14:58+00:00","og_image":[{"width":800,"height":801,"url":"https:\/\/www.csj-emballages.com\/wp-content\/uploads\/2024\/03\/PW360GE.webp","type":"image\/webp"}],"twitter_card":"summary_large_image","twitter_misc":{"Tiempo de lectura":"2 minutos"},"schema":{"@context":"https:\/\/schema.org","@graph":[{"@type":"WebPage","@id":"https:\/\/www.csj-emballages.com\/es\/produit\/50-tarros-de-carton-desechables-con-envoltorio-350-ml\/","url":"https:\/\/www.csj-emballages.com\/es\/produit\/50-tarros-de-carton-desechables-con-envoltorio-350-ml\/","name":"Envoltorios Tarro Cart\u00f3n - 360 ml","isPartOf":{"@id":"https:\/\/www.csj-emballages.com\/es\/#website"},"primaryImageOfPage":{"@id":"https:\/\/www.csj-emballages.com\/es\/produit\/50-tarros-de-carton-desechables-con-envoltorio-350-ml\/#primaryimage"},"image":{"@id":"https:\/\/www.csj-emballages.com\/es\/produit\/50-tarros-de-carton-desechables-con-envoltorio-350-ml\/#primaryimage"},"thumbnailUrl":"https:\/\/www.csj-emballages.com\/wp-content\/uploads\/2024\/03\/PW360GE.webp","datePublished":"2024-03-01T15:50:19+00:00","dateModified":"2026-04-25T00:14:58+00:00","description":"Descubra nuestro tarro de cart\u00f3n para envoltorios de 360 ml, s\u00f3lido y pr\u00e1ctico, \u00a1ideal para vender envoltorios, patatas fritas u obleas dulces! Paquete de 50","breadcrumb":{"@id":"https:\/\/www.csj-emballages.com\/es\/produit\/50-tarros-de-carton-desechables-con-envoltorio-350-ml\/#breadcrumb"},"inLanguage":"es","potentialAction":[{"@type":"ReadAction","target":["https:\/\/www.csj-emballages.com\/es\/produit\/50-tarros-de-carton-desechables-con-envoltorio-350-ml\/"]}]},{"@type":"ImageObject","inLanguage":"es","@id":"https:\/\/www.csj-emballages.com\/es\/produit\/50-tarros-de-carton-desechables-con-envoltorio-350-ml\/#primaryimage","url":"https:\/\/www.csj-emballages.com\/wp-content\/uploads\/2024\/03\/PW360GE.webp","contentUrl":"https:\/\/www.csj-emballages.com\/wp-content\/uploads\/2024\/03\/PW360GE.webp","width":800,"height":801,"caption":"Pot \u00e0 wraps"},{"@type":"BreadcrumbList","@id":"https:\/\/www.csj-emballages.com\/es\/produit\/50-tarros-de-carton-desechables-con-envoltorio-350-ml\/#breadcrumb","itemListElement":[{"@type":"ListItem","position":1,"name":"Accueil","item":"https:\/\/www.csj-emballages.com\/es\/universo-del-envasado-alimentario\/"},{"@type":"ListItem","position":2,"name":"Tienda","item":"https:\/\/www.csj-emballages.com\/tienda\/"},{"@type":"ListItem","position":3,"name":"Envases de cart\u00f3n 360 ml por 50"}]},{"@type":"WebSite","@id":"https:\/\/www.csj-emballages.com\/es\/#website","url":"https:\/\/www.csj-emballages.com\/es\/","name":"CSJ Emballages","description":"","publisher":{"@id":"https:\/\/www.csj-emballages.com\/es\/#organization"},"potentialAction":[{"@type":"SearchAction","target":{"@type":"EntryPoint","urlTemplate":"https:\/\/www.csj-emballages.com\/es\/?s={search_term_string}"},"query-input":{"@type":"PropertyValueSpecification","valueRequired":true,"valueName":"search_term_string"}}],"inLanguage":"es"},{"@type":"Organization","@id":"https:\/\/www.csj-emballages.com\/es\/#Organization\/","name":"CSJ Emballages","url":"https:\/\/www.csj-emballages.com\/es\/","logo":{"@type":"ImageObject","inLanguage":"es","@id":"https:\/\/www.csj-emballages.com\/es\/#\/schema\/logo\/image\/","url":"https:\/\/www.csj-emballages.com\/wp-content\/uploads\/2023\/10\/logo_csj.webp","contentUrl":"https:\/\/www.csj-emballages.com\/wp-content\/uploads\/2023\/10\/logo_csj.webp","width":250,"height":95,"caption":"CSJ Emballages"},"image":{"@id":"https:\/\/www.csj-emballages.com\/es\/#\/schema\/logo\/image\/"},"sameAs":["https:\/\/www.facebook.com\/csjemballages"],"address":{"@type":"PostalAddress","streetAddress":"ZI La Lechere","addressLocality":"Patornay","postalCode":"39130","addressCountry":"FR"},"contactPoint":[{"@type":"ContactPoint","contactType":"Service client","telephone":"0384254272","email":"contact@csj-emballages.com"}]}]}},"df_price":2.99,"df_sale_price":"","df_regular_price":2.99,"df_image_link":"https:\/\/www.csj-emballages.com\/wp-content\/uploads\/2024\/03\/PW360GE-300x300.webp","tiered_pricing_type":"fixed","tiered_pricing_fixed_rules":[],"tiered_pricing_percentage_rules":[],"tiered_pricing_minimum":1,"tiered_pricing_roles_data":[],"_links":{"self":[{"href":"https:\/\/www.csj-emballages.com\/es\/wp-json\/wp\/v2\/product\/22846","targetHints":{"allow":["GET"]}}],"collection":[{"href":"https:\/\/www.csj-emballages.com\/es\/wp-json\/wp\/v2\/product"}],"about":[{"href":"https:\/\/www.csj-emballages.com\/es\/wp-json\/wp\/v2\/types\/product"}],"wp:featuredmedia":[{"embeddable":true,"href":"https:\/\/www.csj-emballages.com\/es\/wp-json\/wp\/v2\/media\/230380"}],"wp:attachment":[{"href":"https:\/\/www.csj-emballages.com\/es\/wp-json\/wp\/v2\/media?parent=22846"}],"wp:term":[{"taxonomy":"product_brand","embeddable":true,"href":"https:\/\/www.csj-emballages.com\/es\/wp-json\/wp\/v2\/product_brand?post=22846"},{"taxonomy":"product_cat","embeddable":true,"href":"https:\/\/www.csj-emballages.com\/es\/wp-json\/wp\/v2\/product_cat?post=22846"},{"taxonomy":"product_tag","embeddable":true,"href":"https:\/\/www.csj-emballages.com\/es\/wp-json\/wp\/v2\/product_tag?post=22846"}],"curies":[{"name":"wp","href":"https:\/\/api.w.org\/{rel}","templated":true}]}}