{"id":22835,"date":"2024-03-01T16:50:18","date_gmt":"2024-03-01T15:50:18","guid":{"rendered":"https:\/\/u15jnbdpoq.preview.infomaniak.website\/produit\/100-cake-stands-redondos-de-colores-anis-fucsia-24-cm\/"},"modified":"2026-04-22T02:14:19","modified_gmt":"2026-04-22T00:14:19","slug":"100-cake-stands-redondos-de-colores-anis-fucsia-24-cm","status":"publish","type":"product","link":"https:\/\/www.csj-emballages.com\/es\/produit\/100-cake-stands-redondos-de-colores-anis-fucsia-24-cm\/","title":{"rendered":"Base para tartas redonda de color An\u00eds \/ Fucsia 24 cm, pack de 100"},"content":{"rendered":"<h2>Base para tartas<\/h2>\n<hr>\n<h3>Base para tartas redonda de color An\u00eds \/ Fucsia 24 cm, pack de 100<\/h3>\n<p><!--more--><\/p>\n<p data-start=\"59\" data-end=\"306\">Aporte un toque de frescura y modernidad a sus presentaciones con esta <strong data-start=\"136\" data-end=\"194\">base para tartas redonda de cart\u00f3n color an\u00eds fucsia (\u00d8 240 mm)<\/strong> <br data-start=\"197\" data-end=\"200\">Est\u00e9tica y funcional a la vez, realza sus creaciones garantizando un soporte fiable.<\/p>\n<p data-start=\"308\" data-end=\"548\">Dise\u00f1ada para <strong data-start=\"323\" data-end=\"362\">pasteleros, panaderos y empresas de catering<\/strong>, esta base de calidad alimentaria es ideal para realzar todas sus creaciones dulces y saladas: postres, tartas, carlotas, vacherins, galettes, quiches o pizzas.<\/p>\n<p data-start=\"550\" data-end=\"709\">Su dise\u00f1o de <strong data-start=\"563\" data-end=\"595\">bordes lisos (no festoneados)<\/strong> ofrece un acabado moderno y depurado, perfecto para una presentaci\u00f3n profesional en vitrina o eventos.<\/p>\n<p data-start=\"550\" data-end=\"709\">\n<p data-start=\"550\" data-end=\"709\"><!--more--><\/p>\n<h4 data-start=\"550\" data-end=\"709\">Ventajas :<\/h4>\n<ul>\n<li data-section-id=\"1k3ezeu\" data-start=\"30\" data-end=\"116\">Color an\u00eds fucsia original para atraer la mirada<\/li>\n<li data-section-id=\"99zy5q\" data-start=\"117\" data-end=\"200\">Bordes lisos para un acabado moderno y cuidado<\/li>\n<li data-section-id=\"1fqc32w\" data-start=\"201\" data-end=\"273\">Apta para el contacto directo con alimentos<\/li>\n<li data-section-id=\"15r9gnu\" data-start=\"274\" data-end=\"342\">Soporte fiable para tartas y preparaciones<\/li>\n<li data-section-id=\"1n8bgam\" data-start=\"343\" data-end=\"412\"><strong data-start=\"345\" data-end=\"359\">Vers\u00e1til<\/strong>: ideal para pasteler\u00eda, tartas, quiches, pizzas\u2026<\/li>\n<li data-section-id=\"1b8skrn\" data-start=\"413\" data-end=\"486\">Formato est\u00e1ndar \u00d8 240 mm f\u00e1cil de usar<\/li>\n<\/ul>\n<p data-start=\"550\" data-end=\"709\">\n<p><!--more--><\/p>\n<h4>Informaci\u00f3n adicional :<\/h4>\n<ul>\n<li><strong>Embalaje<\/strong>: Paquete de 100<\/li>\n<li><strong>Di\u00e1metro<\/strong>: 24 cm<\/li>\n<li><strong>Material<\/strong>: Cart\u00f3n<\/li>\n<li><strong>Color<\/strong>: An\u00eds \/ Fucsia<\/li>\n<\/ul>\n<p>&nbsp;<\/p>\n<p><!--more--><\/p>\n<p><a href=\"https:\/\/www.csj-emballages.com\/es\/categorie-produit\/envasado-de-alimentos\/panaderia-y-pasteleria\/soportes-de-base-para-tartas\/soportes-redondos-para-tartas\/soportes-para-tartas-de-colores\/\">Consulte el resto de nuestra gama de bases para tartas An\u00eds \/ Fucsia<\/a><\/p>\n","protected":false},"excerpt":{"rendered":"<p>Base para tartas Base para tartas redonda de color An\u00eds \/ Fucsia 24 cm, pack de 100<\/p>\n","protected":false},"featured_media":273465,"template":"","meta":{"_acf_changed":false},"product_brand":[],"product_cat":[1150,1145,1911,3230,1270],"product_tag":[],"class_list":{"0":"post-22835","1":"product","2":"type-product","3":"status-publish","4":"has-post-thumbnail","6":"product_cat-envasado-de-alimentos","7":"product_cat-panaderia-y-pasteleria","8":"product_cat-soportes-de-base-para-tartas","9":"product_cat-soportes-para-tartas-de-colores","10":"product_cat-descuentos","12":"first","13":"instock","14":"sale","15":"taxable","16":"shipping-taxable","17":"purchasable","18":"product-type-simple"},"acf":[],"yoast_head":"<!-- This site is optimized with the Yoast SEO Premium plugin v26.6 (Yoast SEO v26.6) - https:\/\/yoast.com\/wordpress\/plugins\/seo\/ -->\n<title>Base para Tartas Redonda de Color An\u00eds \/ Fucsia 24 cm, pack de 100<\/title>\n<meta name=\"description\" content=\"Base para tartas redonda de cart\u00f3n an\u00eds fucsia \u00d8 240 mm, ideal para pasteleros y catering. Robusta, reciclable y perfecta para una presentaci\u00f3n elegante.\" \/>\n<meta name=\"robots\" content=\"index, follow, max-snippet:-1, max-image-preview:large, max-video-preview:-1\" \/>\n<link rel=\"canonical\" href=\"https:\/\/www.csj-emballages.com\/es\/produit\/100-cake-stands-redondos-de-colores-anis-fucsia-24-cm\/\" \/>\n<meta property=\"og:locale\" content=\"es_ES\" \/>\n<meta property=\"og:type\" content=\"article\" \/>\n<meta property=\"og:title\" content=\"Base para tartas redonda de color An\u00eds \/ Fucsia 24 cm, pack de 100\" \/>\n<meta property=\"og:description\" content=\"Base para tartas redonda de cart\u00f3n an\u00eds fucsia \u00d8 240 mm, ideal para pasteleros y catering. Robusta, reciclable y perfecta para una presentaci\u00f3n elegante.\" \/>\n<meta property=\"og:url\" content=\"https:\/\/www.csj-emballages.com\/es\/produit\/100-cake-stands-redondos-de-colores-anis-fucsia-24-cm\/\" \/>\n<meta property=\"og:site_name\" content=\"CSJ Emballages\" \/>\n<meta property=\"article:publisher\" content=\"https:\/\/www.facebook.com\/csjemballages\" \/>\n<meta property=\"article:modified_time\" content=\"2026-04-22T00:14:19+00:00\" \/>\n<meta property=\"og:image\" content=\"https:\/\/www.csj-emballages.com\/wp-content\/uploads\/2026\/03\/Supports-gateaux-anis-fuchsia-ronds.webp\" \/>\n\t<meta property=\"og:image:width\" content=\"800\" \/>\n\t<meta property=\"og:image:height\" content=\"800\" \/>\n\t<meta property=\"og:image:type\" content=\"image\/webp\" \/>\n<meta name=\"twitter:card\" content=\"summary_large_image\" \/>\n<meta name=\"twitter:label1\" content=\"Tiempo de lectura\" \/>\n\t<meta name=\"twitter:data1\" content=\"1 minuto\" \/>\n<script type=\"application\/ld+json\" class=\"yoast-schema-graph\">{\"@context\":\"https:\/\/schema.org\",\"@graph\":[{\"@type\":\"WebPage\",\"@id\":\"https:\/\/www.csj-emballages.com\/es\/produit\/100-cake-stands-redondos-de-colores-anis-fucsia-24-cm\/\",\"url\":\"https:\/\/www.csj-emballages.com\/es\/produit\/100-cake-stands-redondos-de-colores-anis-fucsia-24-cm\/\",\"name\":\"Base para Tartas Redonda de Color An\u00eds \/ Fucsia 24 cm, pack de 100\",\"isPartOf\":{\"@id\":\"https:\/\/www.csj-emballages.com\/es\/#website\"},\"primaryImageOfPage\":{\"@id\":\"https:\/\/www.csj-emballages.com\/es\/produit\/100-cake-stands-redondos-de-colores-anis-fucsia-24-cm\/#primaryimage\"},\"image\":{\"@id\":\"https:\/\/www.csj-emballages.com\/es\/produit\/100-cake-stands-redondos-de-colores-anis-fucsia-24-cm\/#primaryimage\"},\"thumbnailUrl\":\"https:\/\/www.csj-emballages.com\/wp-content\/uploads\/2026\/03\/Supports-gateaux-anis-fuchsia-ronds.webp\",\"datePublished\":\"2024-03-01T15:50:18+00:00\",\"dateModified\":\"2026-04-22T00:14:19+00:00\",\"description\":\"Base para tartas redonda de cart\u00f3n an\u00eds fucsia \u00d8 240 mm, ideal para pasteleros y catering. Robusta, reciclable y perfecta para una presentaci\u00f3n elegante.\",\"breadcrumb\":{\"@id\":\"https:\/\/www.csj-emballages.com\/es\/produit\/100-cake-stands-redondos-de-colores-anis-fucsia-24-cm\/#breadcrumb\"},\"inLanguage\":\"es\",\"potentialAction\":[{\"@type\":\"ReadAction\",\"target\":[\"https:\/\/www.csj-emballages.com\/es\/produit\/100-cake-stands-redondos-de-colores-anis-fucsia-24-cm\/\"]}]},{\"@type\":\"ImageObject\",\"inLanguage\":\"es\",\"@id\":\"https:\/\/www.csj-emballages.com\/es\/produit\/100-cake-stands-redondos-de-colores-anis-fucsia-24-cm\/#primaryimage\",\"url\":\"https:\/\/www.csj-emballages.com\/wp-content\/uploads\/2026\/03\/Supports-gateaux-anis-fuchsia-ronds.webp\",\"contentUrl\":\"https:\/\/www.csj-emballages.com\/wp-content\/uploads\/2026\/03\/Supports-gateaux-anis-fuchsia-ronds.webp\",\"width\":800,\"height\":800,\"caption\":\"Supports \u00e0 g\u00e2teaux anis \/ fuchsia\"},{\"@type\":\"BreadcrumbList\",\"@id\":\"https:\/\/www.csj-emballages.com\/es\/produit\/100-cake-stands-redondos-de-colores-anis-fucsia-24-cm\/#breadcrumb\",\"itemListElement\":[{\"@type\":\"ListItem\",\"position\":1,\"name\":\"Accueil\",\"item\":\"https:\/\/www.csj-emballages.com\/es\/universo-del-envasado-alimentario\/\"},{\"@type\":\"ListItem\",\"position\":2,\"name\":\"Tienda\",\"item\":\"https:\/\/www.csj-emballages.com\/tienda\/\"},{\"@type\":\"ListItem\",\"position\":3,\"name\":\"Base para tartas redonda de color An\u00eds \/ Fucsia 24 cm, pack de 100\"}]},{\"@type\":\"WebSite\",\"@id\":\"https:\/\/www.csj-emballages.com\/es\/#website\",\"url\":\"https:\/\/www.csj-emballages.com\/es\/\",\"name\":\"CSJ Emballages\",\"description\":\"\",\"publisher\":{\"@id\":\"https:\/\/www.csj-emballages.com\/es\/#organization\"},\"potentialAction\":[{\"@type\":\"SearchAction\",\"target\":{\"@type\":\"EntryPoint\",\"urlTemplate\":\"https:\/\/www.csj-emballages.com\/es\/?s={search_term_string}\"},\"query-input\":{\"@type\":\"PropertyValueSpecification\",\"valueRequired\":true,\"valueName\":\"search_term_string\"}}],\"inLanguage\":\"es\"},{\"@type\":\"Organization\",\"@id\":\"https:\/\/www.csj-emballages.com\/es\/#Organization\/\",\"name\":\"CSJ Emballages\",\"url\":\"https:\/\/www.csj-emballages.com\/es\/\",\"logo\":{\"@type\":\"ImageObject\",\"inLanguage\":\"es\",\"@id\":\"https:\/\/www.csj-emballages.com\/es\/#\/schema\/logo\/image\/\",\"url\":\"https:\/\/www.csj-emballages.com\/wp-content\/uploads\/2023\/10\/logo_csj.webp\",\"contentUrl\":\"https:\/\/www.csj-emballages.com\/wp-content\/uploads\/2023\/10\/logo_csj.webp\",\"width\":250,\"height\":95,\"caption\":\"CSJ Emballages\"},\"image\":{\"@id\":\"https:\/\/www.csj-emballages.com\/es\/#\/schema\/logo\/image\/\"},\"sameAs\":[\"https:\/\/www.facebook.com\/csjemballages\"],\"address\":{\"@type\":\"PostalAddress\",\"streetAddress\":\"ZI La Lechere\",\"addressLocality\":\"Patornay\",\"postalCode\":\"39130\",\"addressCountry\":\"FR\"},\"contactPoint\":[{\"@type\":\"ContactPoint\",\"contactType\":\"Service client\",\"telephone\":\"0384254272\",\"email\":\"contact@csj-emballages.com\"}]}]}<\/script>\n<!-- \/ Yoast SEO Premium plugin. -->","yoast_head_json":{"title":"Base para Tartas Redonda de Color An\u00eds \/ Fucsia 24 cm, pack de 100","description":"Base para tartas redonda de cart\u00f3n an\u00eds fucsia \u00d8 240 mm, ideal para pasteleros y catering. Robusta, reciclable y perfecta para una presentaci\u00f3n elegante.","robots":{"index":"index","follow":"follow","max-snippet":"max-snippet:-1","max-image-preview":"max-image-preview:large","max-video-preview":"max-video-preview:-1"},"canonical":"https:\/\/www.csj-emballages.com\/es\/produit\/100-cake-stands-redondos-de-colores-anis-fucsia-24-cm\/","og_locale":"es_ES","og_type":"article","og_title":"Base para tartas redonda de color An\u00eds \/ Fucsia 24 cm, pack de 100","og_description":"Base para tartas redonda de cart\u00f3n an\u00eds fucsia \u00d8 240 mm, ideal para pasteleros y catering. Robusta, reciclable y perfecta para una presentaci\u00f3n elegante.","og_url":"https:\/\/www.csj-emballages.com\/es\/produit\/100-cake-stands-redondos-de-colores-anis-fucsia-24-cm\/","og_site_name":"CSJ Emballages","article_publisher":"https:\/\/www.facebook.com\/csjemballages","article_modified_time":"2026-04-22T00:14:19+00:00","og_image":[{"width":800,"height":800,"url":"https:\/\/www.csj-emballages.com\/wp-content\/uploads\/2026\/03\/Supports-gateaux-anis-fuchsia-ronds.webp","type":"image\/webp"}],"twitter_card":"summary_large_image","twitter_misc":{"Tiempo de lectura":"1 minuto"},"schema":{"@context":"https:\/\/schema.org","@graph":[{"@type":"WebPage","@id":"https:\/\/www.csj-emballages.com\/es\/produit\/100-cake-stands-redondos-de-colores-anis-fucsia-24-cm\/","url":"https:\/\/www.csj-emballages.com\/es\/produit\/100-cake-stands-redondos-de-colores-anis-fucsia-24-cm\/","name":"Base para Tartas Redonda de Color An\u00eds \/ Fucsia 24 cm, pack de 100","isPartOf":{"@id":"https:\/\/www.csj-emballages.com\/es\/#website"},"primaryImageOfPage":{"@id":"https:\/\/www.csj-emballages.com\/es\/produit\/100-cake-stands-redondos-de-colores-anis-fucsia-24-cm\/#primaryimage"},"image":{"@id":"https:\/\/www.csj-emballages.com\/es\/produit\/100-cake-stands-redondos-de-colores-anis-fucsia-24-cm\/#primaryimage"},"thumbnailUrl":"https:\/\/www.csj-emballages.com\/wp-content\/uploads\/2026\/03\/Supports-gateaux-anis-fuchsia-ronds.webp","datePublished":"2024-03-01T15:50:18+00:00","dateModified":"2026-04-22T00:14:19+00:00","description":"Base para tartas redonda de cart\u00f3n an\u00eds fucsia \u00d8 240 mm, ideal para pasteleros y catering. Robusta, reciclable y perfecta para una presentaci\u00f3n elegante.","breadcrumb":{"@id":"https:\/\/www.csj-emballages.com\/es\/produit\/100-cake-stands-redondos-de-colores-anis-fucsia-24-cm\/#breadcrumb"},"inLanguage":"es","potentialAction":[{"@type":"ReadAction","target":["https:\/\/www.csj-emballages.com\/es\/produit\/100-cake-stands-redondos-de-colores-anis-fucsia-24-cm\/"]}]},{"@type":"ImageObject","inLanguage":"es","@id":"https:\/\/www.csj-emballages.com\/es\/produit\/100-cake-stands-redondos-de-colores-anis-fucsia-24-cm\/#primaryimage","url":"https:\/\/www.csj-emballages.com\/wp-content\/uploads\/2026\/03\/Supports-gateaux-anis-fuchsia-ronds.webp","contentUrl":"https:\/\/www.csj-emballages.com\/wp-content\/uploads\/2026\/03\/Supports-gateaux-anis-fuchsia-ronds.webp","width":800,"height":800,"caption":"Supports \u00e0 g\u00e2teaux anis \/ fuchsia"},{"@type":"BreadcrumbList","@id":"https:\/\/www.csj-emballages.com\/es\/produit\/100-cake-stands-redondos-de-colores-anis-fucsia-24-cm\/#breadcrumb","itemListElement":[{"@type":"ListItem","position":1,"name":"Accueil","item":"https:\/\/www.csj-emballages.com\/es\/universo-del-envasado-alimentario\/"},{"@type":"ListItem","position":2,"name":"Tienda","item":"https:\/\/www.csj-emballages.com\/tienda\/"},{"@type":"ListItem","position":3,"name":"Base para tartas redonda de color An\u00eds \/ Fucsia 24 cm, pack de 100"}]},{"@type":"WebSite","@id":"https:\/\/www.csj-emballages.com\/es\/#website","url":"https:\/\/www.csj-emballages.com\/es\/","name":"CSJ Emballages","description":"","publisher":{"@id":"https:\/\/www.csj-emballages.com\/es\/#organization"},"potentialAction":[{"@type":"SearchAction","target":{"@type":"EntryPoint","urlTemplate":"https:\/\/www.csj-emballages.com\/es\/?s={search_term_string}"},"query-input":{"@type":"PropertyValueSpecification","valueRequired":true,"valueName":"search_term_string"}}],"inLanguage":"es"},{"@type":"Organization","@id":"https:\/\/www.csj-emballages.com\/es\/#Organization\/","name":"CSJ Emballages","url":"https:\/\/www.csj-emballages.com\/es\/","logo":{"@type":"ImageObject","inLanguage":"es","@id":"https:\/\/www.csj-emballages.com\/es\/#\/schema\/logo\/image\/","url":"https:\/\/www.csj-emballages.com\/wp-content\/uploads\/2023\/10\/logo_csj.webp","contentUrl":"https:\/\/www.csj-emballages.com\/wp-content\/uploads\/2023\/10\/logo_csj.webp","width":250,"height":95,"caption":"CSJ Emballages"},"image":{"@id":"https:\/\/www.csj-emballages.com\/es\/#\/schema\/logo\/image\/"},"sameAs":["https:\/\/www.facebook.com\/csjemballages"],"address":{"@type":"PostalAddress","streetAddress":"ZI La Lechere","addressLocality":"Patornay","postalCode":"39130","addressCountry":"FR"},"contactPoint":[{"@type":"ContactPoint","contactType":"Service client","telephone":"0384254272","email":"contact@csj-emballages.com"}]}]}},"df_price":10.24,"df_sale_price":10.24,"df_regular_price":17.06,"df_image_link":"https:\/\/www.csj-emballages.com\/wp-content\/uploads\/2026\/03\/Supports-gateaux-anis-fuchsia-ronds-300x300.webp","tiered_pricing_type":"fixed","tiered_pricing_fixed_rules":[],"tiered_pricing_percentage_rules":[],"tiered_pricing_minimum":1,"tiered_pricing_roles_data":[],"_links":{"self":[{"href":"https:\/\/www.csj-emballages.com\/es\/wp-json\/wp\/v2\/product\/22835","targetHints":{"allow":["GET"]}}],"collection":[{"href":"https:\/\/www.csj-emballages.com\/es\/wp-json\/wp\/v2\/product"}],"about":[{"href":"https:\/\/www.csj-emballages.com\/es\/wp-json\/wp\/v2\/types\/product"}],"wp:featuredmedia":[{"embeddable":true,"href":"https:\/\/www.csj-emballages.com\/es\/wp-json\/wp\/v2\/media\/273465"}],"wp:attachment":[{"href":"https:\/\/www.csj-emballages.com\/es\/wp-json\/wp\/v2\/media?parent=22835"}],"wp:term":[{"taxonomy":"product_brand","embeddable":true,"href":"https:\/\/www.csj-emballages.com\/es\/wp-json\/wp\/v2\/product_brand?post=22835"},{"taxonomy":"product_cat","embeddable":true,"href":"https:\/\/www.csj-emballages.com\/es\/wp-json\/wp\/v2\/product_cat?post=22835"},{"taxonomy":"product_tag","embeddable":true,"href":"https:\/\/www.csj-emballages.com\/es\/wp-json\/wp\/v2\/product_tag?post=22835"}],"curies":[{"name":"wp","href":"https:\/\/api.w.org\/{rel}","templated":true}]}}