{"id":22815,"date":"2024-03-01T16:50:20","date_gmt":"2024-03-01T15:50:20","guid":{"rendered":"https:\/\/u15jnbdpoq.preview.infomaniak.website\/produit\/pulverizador-de-750-ml\/"},"modified":"2026-04-24T02:15:52","modified_gmt":"2026-04-24T00:15:52","slug":"pulverizador-de-750-ml","status":"publish","type":"product","link":"https:\/\/www.csj-emballages.com\/es\/produit\/pulverizador-de-750-ml\/","title":{"rendered":"Pulverizador de 750 ml"},"content":{"rendered":"<h2>Pulverizador<\/h2>\n<hr>\n<h3>Descripci\u00f3n de nuestro pulverizador de 750 ml<!--more--><\/h3>\n<div class=\"flex max-w-full flex-col flex-grow\">\n<div class=\"min-h-8 text-message flex w-full flex-col items-end gap-2 whitespace-normal break-words text-start [.text-message+&amp;]:mt-5\" dir=\"auto\" data-message-author-role=\"assistant\" data-message-id=\"266ca6f3-5e07-4948-bd20-80ac5e6da4a5\" data-message-model-slug=\"gpt-4o\">\n<div class=\"flex w-full flex-col gap-1 empty:hidden first:pt-[3px]\">\n<div class=\"markdown prose w-full break-words dark:prose-invert dark\">\n<p data-start=\"171\" data-end=\"581\">Sencillo en apariencia, pero incre\u00edblemente pr\u00e1ctico en el d\u00eda a d\u00eda, este <strong data-start=\"238\" data-end=\"262\">pulverizador de 750 ml<\/strong> se convierte r\u00e1pidamente en un aliado indispensable para la limpieza. Su formato ofrece un buen equilibrio: lo suficientemente grande para evitar recargas demasiado frecuentes, pero lo bastante manejable para seguir siendo c\u00f3modo de usar. Ya sea en la cocina, en el ba\u00f1o, en el taller o en casa, se adapta f\u00e1cilmente a cualquier entorno.  <\/p>\n<p data-start=\"583\" data-end=\"952\">Desde el primer momento en que lo tiene en la mano, se nota la diferencia. El gatillo es suave, el chorro es regular y la pulverizaci\u00f3n se realiza sin tirones. Resultado: dosifica mejor el producto, evita el desperdicio y ahorra tiempo. Adem\u00e1s, su sistema de difusi\u00f3n permite cubrir una superficie amplia o espec\u00edfica seg\u00fan sus necesidades, lo que hace que cada gesto sea m\u00e1s eficaz.   <\/p>\n<p data-start=\"954\" data-end=\"1268\">Adem\u00e1s, su botella transparente le permite visualizar r\u00e1pidamente el nivel de l\u00edquido. Ya no tendr\u00e1 que adivinar cu\u00e1ndo hay que recargar. Simplemente, mantiene el control. El pulverizador acepta diferentes tipos de l\u00edquidos, ya sean limpiadores, desinfectantes o soluciones caseras.   <\/p>\n<p data-start=\"1270\" data-end=\"1558\">S\u00f3lido y dise\u00f1ado para un uso repetido, soporta muy bien las manipulaciones diarias. Tanto si lo utiliza de forma puntual como intensiva, sigue siendo fiable con el tiempo. Es el tipo de herramienta que se utiliza sin pensar, pero de la que ya no se puede prescindir una vez que se adopta.  <\/p>\n<p data-start=\"1560\" data-end=\"1750\">En resumen, este pulverizador de 750 ml combina comodidad, eficacia y sencillez. Le acompa\u00f1a en sus tareas sin complicaciones, a la vez que hace que la limpieza sea m\u00e1s r\u00e1pida y agradable. <\/p>\n<\/div>\n<div class=\"markdown prose w-full break-words dark:prose-invert dark\">\n<h3><\/h3>\n<\/div>\n<\/div>\n<\/div>\n<\/div>\n<p><!--more--><\/p>\n<h4>  Ventajas:<\/h4>\n<ul>\n<li data-start=\"136\" data-end=\"201\">Formato ideal para un uso diario sin recargas frecuentes.<\/li>\n<li data-start=\"204\" data-end=\"267\">Agarre c\u00f3modo, incluso durante usos repetidos.<\/li>\n<li data-start=\"270\" data-end=\"326\"><strong>Pulverizaci\u00f3n regular<\/strong> para una aplicaci\u00f3n homog\u00e9nea.<\/li>\n<li data-start=\"329\" data-end=\"390\">Permite una dosificaci\u00f3n precisa y limita el desperdicio de producto.<\/li>\n<li data-start=\"393\" data-end=\"463\">Botella transparente para visualizar f\u00e1cilmente el nivel restante.<\/li>\n<\/ul>\n<p>&nbsp;<\/p>\n<p><!--more--><\/p>\n<h4>Informaci\u00f3n adicional :<\/h4>\n<ul>\n<li><strong>Embalaje<\/strong>: Se vende individualmente<\/li>\n<li><b>Color: <\/b>Blanco<\/li>\n<li><strong>Material<\/strong>: Polipropileno<\/li>\n<\/ul>\n<p>&nbsp;<\/p>\n<p><!--more--><\/p>\n<p><a href=\"https:\/\/www.csj-emballages.com\/es\/categorie-produit\/higiene-y-mantenimiento\/accesorios\/\">Ver el resto de nuestra gama de accesorios de higiene<\/a><\/p>\n","protected":false},"excerpt":{"rendered":"<p>Pulverizador Descripci\u00f3n de nuestro pulverizador de 750 ml<\/p>\n","protected":false},"featured_media":14517,"template":"","meta":{"_acf_changed":false},"product_brand":[],"product_cat":[1226,1716],"product_tag":[],"class_list":{"0":"post-22815","1":"product","2":"type-product","3":"status-publish","4":"has-post-thumbnail","6":"product_cat-higiene-y-mantenimiento","7":"product_cat-accesorios","9":"first","10":"instock","11":"taxable","12":"shipping-taxable","13":"purchasable","14":"product-type-simple"},"acf":[],"yoast_head":"<!-- This site is optimized with the Yoast SEO Premium plugin v26.6 (Yoast SEO v26.6) - https:\/\/yoast.com\/wordpress\/plugins\/seo\/ -->\n<title>Pulverizador de 750 ml<\/title>\n<meta name=\"description\" content=\"Pr\u00e1ctico pulverizador ergon\u00f3mico de 750 ml, ideal para aplicar limpiadores, desinfectantes u otros l\u00edquidos. Patr\u00f3n de pulverizaci\u00f3n ajustable para un uso preciso.\" \/>\n<meta name=\"robots\" content=\"index, follow, max-snippet:-1, max-image-preview:large, max-video-preview:-1\" \/>\n<link rel=\"canonical\" href=\"https:\/\/www.csj-emballages.com\/es\/produit\/pulverizador-de-750-ml\/\" \/>\n<meta property=\"og:locale\" content=\"es_ES\" \/>\n<meta property=\"og:type\" content=\"article\" \/>\n<meta property=\"og:title\" content=\"Pulverizador de 750 ml\" \/>\n<meta property=\"og:description\" content=\"Pr\u00e1ctico pulverizador ergon\u00f3mico de 750 ml, ideal para aplicar limpiadores, desinfectantes u otros l\u00edquidos. Patr\u00f3n de pulverizaci\u00f3n ajustable para un uso preciso.\" \/>\n<meta property=\"og:url\" content=\"https:\/\/www.csj-emballages.com\/es\/produit\/pulverizador-de-750-ml\/\" \/>\n<meta property=\"og:site_name\" content=\"CSJ Emballages\" \/>\n<meta property=\"article:publisher\" content=\"https:\/\/www.facebook.com\/csjemballages\" \/>\n<meta property=\"article:modified_time\" content=\"2026-04-24T00:15:52+00:00\" \/>\n<meta property=\"og:image\" content=\"https:\/\/www.csj-emballages.com\/wp-content\/uploads\/2024\/03\/Capture_d_ecran_2024-04-03_a_11.13.20-removebg-preview.png\" \/>\n\t<meta property=\"og:image:width\" content=\"300\" \/>\n\t<meta property=\"og:image:height\" content=\"300\" \/>\n\t<meta property=\"og:image:type\" content=\"image\/png\" \/>\n<meta name=\"twitter:card\" content=\"summary_large_image\" \/>\n<meta name=\"twitter:label1\" content=\"Tiempo de lectura\" \/>\n\t<meta name=\"twitter:data1\" content=\"2 minutos\" \/>\n<script type=\"application\/ld+json\" class=\"yoast-schema-graph\">{\"@context\":\"https:\/\/schema.org\",\"@graph\":[{\"@type\":\"WebPage\",\"@id\":\"https:\/\/www.csj-emballages.com\/es\/produit\/pulverizador-de-750-ml\/\",\"url\":\"https:\/\/www.csj-emballages.com\/es\/produit\/pulverizador-de-750-ml\/\",\"name\":\"Pulverizador de 750 ml\",\"isPartOf\":{\"@id\":\"https:\/\/www.csj-emballages.com\/es\/#website\"},\"primaryImageOfPage\":{\"@id\":\"https:\/\/www.csj-emballages.com\/es\/produit\/pulverizador-de-750-ml\/#primaryimage\"},\"image\":{\"@id\":\"https:\/\/www.csj-emballages.com\/es\/produit\/pulverizador-de-750-ml\/#primaryimage\"},\"thumbnailUrl\":\"https:\/\/www.csj-emballages.com\/wp-content\/uploads\/2024\/03\/Capture_d_ecran_2024-04-03_a_11.13.20-removebg-preview.png\",\"datePublished\":\"2024-03-01T15:50:20+00:00\",\"dateModified\":\"2026-04-24T00:15:52+00:00\",\"description\":\"Pr\u00e1ctico pulverizador ergon\u00f3mico de 750 ml, ideal para aplicar limpiadores, desinfectantes u otros l\u00edquidos. Patr\u00f3n de pulverizaci\u00f3n ajustable para un uso preciso.\",\"breadcrumb\":{\"@id\":\"https:\/\/www.csj-emballages.com\/es\/produit\/pulverizador-de-750-ml\/#breadcrumb\"},\"inLanguage\":\"es\",\"potentialAction\":[{\"@type\":\"ReadAction\",\"target\":[\"https:\/\/www.csj-emballages.com\/es\/produit\/pulverizador-de-750-ml\/\"]}]},{\"@type\":\"ImageObject\",\"inLanguage\":\"es\",\"@id\":\"https:\/\/www.csj-emballages.com\/es\/produit\/pulverizador-de-750-ml\/#primaryimage\",\"url\":\"https:\/\/www.csj-emballages.com\/wp-content\/uploads\/2024\/03\/Capture_d_ecran_2024-04-03_a_11.13.20-removebg-preview.png\",\"contentUrl\":\"https:\/\/www.csj-emballages.com\/wp-content\/uploads\/2024\/03\/Capture_d_ecran_2024-04-03_a_11.13.20-removebg-preview.png\",\"width\":300,\"height\":300,\"caption\":\"Pulv\u00e9risateur\"},{\"@type\":\"BreadcrumbList\",\"@id\":\"https:\/\/www.csj-emballages.com\/es\/produit\/pulverizador-de-750-ml\/#breadcrumb\",\"itemListElement\":[{\"@type\":\"ListItem\",\"position\":1,\"name\":\"Accueil\",\"item\":\"https:\/\/www.csj-emballages.com\/es\/universo-del-envasado-alimentario\/\"},{\"@type\":\"ListItem\",\"position\":2,\"name\":\"Tienda\",\"item\":\"https:\/\/www.csj-emballages.com\/tienda\/\"},{\"@type\":\"ListItem\",\"position\":3,\"name\":\"Pulverizador de 750 ml\"}]},{\"@type\":\"WebSite\",\"@id\":\"https:\/\/www.csj-emballages.com\/es\/#website\",\"url\":\"https:\/\/www.csj-emballages.com\/es\/\",\"name\":\"CSJ Emballages\",\"description\":\"\",\"publisher\":{\"@id\":\"https:\/\/www.csj-emballages.com\/es\/#organization\"},\"potentialAction\":[{\"@type\":\"SearchAction\",\"target\":{\"@type\":\"EntryPoint\",\"urlTemplate\":\"https:\/\/www.csj-emballages.com\/es\/?s={search_term_string}\"},\"query-input\":{\"@type\":\"PropertyValueSpecification\",\"valueRequired\":true,\"valueName\":\"search_term_string\"}}],\"inLanguage\":\"es\"},{\"@type\":\"Organization\",\"@id\":\"https:\/\/www.csj-emballages.com\/es\/#Organization\/\",\"name\":\"CSJ Emballages\",\"url\":\"https:\/\/www.csj-emballages.com\/es\/\",\"logo\":{\"@type\":\"ImageObject\",\"inLanguage\":\"es\",\"@id\":\"https:\/\/www.csj-emballages.com\/es\/#\/schema\/logo\/image\/\",\"url\":\"https:\/\/www.csj-emballages.com\/wp-content\/uploads\/2023\/10\/logo_csj.webp\",\"contentUrl\":\"https:\/\/www.csj-emballages.com\/wp-content\/uploads\/2023\/10\/logo_csj.webp\",\"width\":250,\"height\":95,\"caption\":\"CSJ Emballages\"},\"image\":{\"@id\":\"https:\/\/www.csj-emballages.com\/es\/#\/schema\/logo\/image\/\"},\"sameAs\":[\"https:\/\/www.facebook.com\/csjemballages\"],\"address\":{\"@type\":\"PostalAddress\",\"streetAddress\":\"ZI La Lechere\",\"addressLocality\":\"Patornay\",\"postalCode\":\"39130\",\"addressCountry\":\"FR\"},\"contactPoint\":[{\"@type\":\"ContactPoint\",\"contactType\":\"Service client\",\"telephone\":\"0384254272\",\"email\":\"contact@csj-emballages.com\"}]}]}<\/script>\n<!-- \/ Yoast SEO Premium plugin. -->","yoast_head_json":{"title":"Pulverizador de 750 ml","description":"Pr\u00e1ctico pulverizador ergon\u00f3mico de 750 ml, ideal para aplicar limpiadores, desinfectantes u otros l\u00edquidos. Patr\u00f3n de pulverizaci\u00f3n ajustable para un uso preciso.","robots":{"index":"index","follow":"follow","max-snippet":"max-snippet:-1","max-image-preview":"max-image-preview:large","max-video-preview":"max-video-preview:-1"},"canonical":"https:\/\/www.csj-emballages.com\/es\/produit\/pulverizador-de-750-ml\/","og_locale":"es_ES","og_type":"article","og_title":"Pulverizador de 750 ml","og_description":"Pr\u00e1ctico pulverizador ergon\u00f3mico de 750 ml, ideal para aplicar limpiadores, desinfectantes u otros l\u00edquidos. Patr\u00f3n de pulverizaci\u00f3n ajustable para un uso preciso.","og_url":"https:\/\/www.csj-emballages.com\/es\/produit\/pulverizador-de-750-ml\/","og_site_name":"CSJ Emballages","article_publisher":"https:\/\/www.facebook.com\/csjemballages","article_modified_time":"2026-04-24T00:15:52+00:00","og_image":[{"width":300,"height":300,"url":"https:\/\/www.csj-emballages.com\/wp-content\/uploads\/2024\/03\/Capture_d_ecran_2024-04-03_a_11.13.20-removebg-preview.png","type":"image\/png"}],"twitter_card":"summary_large_image","twitter_misc":{"Tiempo de lectura":"2 minutos"},"schema":{"@context":"https:\/\/schema.org","@graph":[{"@type":"WebPage","@id":"https:\/\/www.csj-emballages.com\/es\/produit\/pulverizador-de-750-ml\/","url":"https:\/\/www.csj-emballages.com\/es\/produit\/pulverizador-de-750-ml\/","name":"Pulverizador de 750 ml","isPartOf":{"@id":"https:\/\/www.csj-emballages.com\/es\/#website"},"primaryImageOfPage":{"@id":"https:\/\/www.csj-emballages.com\/es\/produit\/pulverizador-de-750-ml\/#primaryimage"},"image":{"@id":"https:\/\/www.csj-emballages.com\/es\/produit\/pulverizador-de-750-ml\/#primaryimage"},"thumbnailUrl":"https:\/\/www.csj-emballages.com\/wp-content\/uploads\/2024\/03\/Capture_d_ecran_2024-04-03_a_11.13.20-removebg-preview.png","datePublished":"2024-03-01T15:50:20+00:00","dateModified":"2026-04-24T00:15:52+00:00","description":"Pr\u00e1ctico pulverizador ergon\u00f3mico de 750 ml, ideal para aplicar limpiadores, desinfectantes u otros l\u00edquidos. Patr\u00f3n de pulverizaci\u00f3n ajustable para un uso preciso.","breadcrumb":{"@id":"https:\/\/www.csj-emballages.com\/es\/produit\/pulverizador-de-750-ml\/#breadcrumb"},"inLanguage":"es","potentialAction":[{"@type":"ReadAction","target":["https:\/\/www.csj-emballages.com\/es\/produit\/pulverizador-de-750-ml\/"]}]},{"@type":"ImageObject","inLanguage":"es","@id":"https:\/\/www.csj-emballages.com\/es\/produit\/pulverizador-de-750-ml\/#primaryimage","url":"https:\/\/www.csj-emballages.com\/wp-content\/uploads\/2024\/03\/Capture_d_ecran_2024-04-03_a_11.13.20-removebg-preview.png","contentUrl":"https:\/\/www.csj-emballages.com\/wp-content\/uploads\/2024\/03\/Capture_d_ecran_2024-04-03_a_11.13.20-removebg-preview.png","width":300,"height":300,"caption":"Pulv\u00e9risateur"},{"@type":"BreadcrumbList","@id":"https:\/\/www.csj-emballages.com\/es\/produit\/pulverizador-de-750-ml\/#breadcrumb","itemListElement":[{"@type":"ListItem","position":1,"name":"Accueil","item":"https:\/\/www.csj-emballages.com\/es\/universo-del-envasado-alimentario\/"},{"@type":"ListItem","position":2,"name":"Tienda","item":"https:\/\/www.csj-emballages.com\/tienda\/"},{"@type":"ListItem","position":3,"name":"Pulverizador de 750 ml"}]},{"@type":"WebSite","@id":"https:\/\/www.csj-emballages.com\/es\/#website","url":"https:\/\/www.csj-emballages.com\/es\/","name":"CSJ Emballages","description":"","publisher":{"@id":"https:\/\/www.csj-emballages.com\/es\/#organization"},"potentialAction":[{"@type":"SearchAction","target":{"@type":"EntryPoint","urlTemplate":"https:\/\/www.csj-emballages.com\/es\/?s={search_term_string}"},"query-input":{"@type":"PropertyValueSpecification","valueRequired":true,"valueName":"search_term_string"}}],"inLanguage":"es"},{"@type":"Organization","@id":"https:\/\/www.csj-emballages.com\/es\/#Organization\/","name":"CSJ Emballages","url":"https:\/\/www.csj-emballages.com\/es\/","logo":{"@type":"ImageObject","inLanguage":"es","@id":"https:\/\/www.csj-emballages.com\/es\/#\/schema\/logo\/image\/","url":"https:\/\/www.csj-emballages.com\/wp-content\/uploads\/2023\/10\/logo_csj.webp","contentUrl":"https:\/\/www.csj-emballages.com\/wp-content\/uploads\/2023\/10\/logo_csj.webp","width":250,"height":95,"caption":"CSJ Emballages"},"image":{"@id":"https:\/\/www.csj-emballages.com\/es\/#\/schema\/logo\/image\/"},"sameAs":["https:\/\/www.facebook.com\/csjemballages"],"address":{"@type":"PostalAddress","streetAddress":"ZI La Lechere","addressLocality":"Patornay","postalCode":"39130","addressCountry":"FR"},"contactPoint":[{"@type":"ContactPoint","contactType":"Service client","telephone":"0384254272","email":"contact@csj-emballages.com"}]}]}},"df_price":1.61,"df_sale_price":"","df_regular_price":1.61,"df_image_link":"https:\/\/www.csj-emballages.com\/wp-content\/uploads\/2024\/03\/Capture_d_ecran_2024-04-03_a_11.13.20-removebg-preview.png","tiered_pricing_type":"fixed","tiered_pricing_fixed_rules":[],"tiered_pricing_percentage_rules":[],"tiered_pricing_minimum":1,"tiered_pricing_roles_data":[],"_links":{"self":[{"href":"https:\/\/www.csj-emballages.com\/es\/wp-json\/wp\/v2\/product\/22815","targetHints":{"allow":["GET"]}}],"collection":[{"href":"https:\/\/www.csj-emballages.com\/es\/wp-json\/wp\/v2\/product"}],"about":[{"href":"https:\/\/www.csj-emballages.com\/es\/wp-json\/wp\/v2\/types\/product"}],"wp:featuredmedia":[{"embeddable":true,"href":"https:\/\/www.csj-emballages.com\/es\/wp-json\/wp\/v2\/media\/14517"}],"wp:attachment":[{"href":"https:\/\/www.csj-emballages.com\/es\/wp-json\/wp\/v2\/media?parent=22815"}],"wp:term":[{"taxonomy":"product_brand","embeddable":true,"href":"https:\/\/www.csj-emballages.com\/es\/wp-json\/wp\/v2\/product_brand?post=22815"},{"taxonomy":"product_cat","embeddable":true,"href":"https:\/\/www.csj-emballages.com\/es\/wp-json\/wp\/v2\/product_cat?post=22815"},{"taxonomy":"product_tag","embeddable":true,"href":"https:\/\/www.csj-emballages.com\/es\/wp-json\/wp\/v2\/product_tag?post=22815"}],"curies":[{"name":"wp","href":"https:\/\/api.w.org\/{rel}","templated":true}]}}