{"id":22773,"date":"2024-03-01T16:50:20","date_gmt":"2024-03-01T15:50:20","guid":{"rendered":"https:\/\/u15jnbdpoq.preview.infomaniak.website\/produit\/250-bandejas-de-carton-desechables-para-aperitivos-21-x-30-cm\/"},"modified":"2026-04-01T02:17:23","modified_gmt":"2026-04-01T00:17:23","slug":"250-bandejas-de-carton-desechables-para-aperitivos-21-x-30-cm","status":"publish","type":"product","link":"https:\/\/www.csj-emballages.com\/es\/produit\/250-bandejas-de-carton-desechables-para-aperitivos-21-x-30-cm\/","title":{"rendered":"Bandeja de merienda de cart\u00f3n 21 x 30 cm por 250"},"content":{"rendered":"<h2>Bandeja de aperitivos<\/h2>\n<hr>\n<h3>Descripci\u00f3n de nuestra bandeja de cart\u00f3n para aperitivos 21 x 30 cm por 250<\/h3>\n<p><!--more--><\/p>\n<p data-start=\"157\" data-end=\"534\">La <strong data-start=\"160\" data-end=\"206\">bandeja de cart\u00f3n para aperitivos de 21 x 30 cm por 250<\/strong> es una soluci\u00f3n esencial para todos los profesionales del sector de la comida r\u00e1pida, la comida para llevar y la restauraci\u00f3n. Fabricada en cart\u00f3n, esta <strong>bandeja<\/strong> combina <strong data-start=\"410\" data-end=\"444\">robustez y practicidad<\/strong>, lo que la convierte en una opci\u00f3n fiable para servir y presentar todo tipo de preparaciones. <\/p>\n<p data-start=\"536\" data-end=\"1048\">Con su formato <strong>de 21 x 30 cm<\/strong>, es perfecto para porciones individuales, peque\u00f1os tentempi\u00e9s, boller\u00eda, bocadillos y guarniciones. Su <strong data-start=\"717\" data-end=\"729\">ligereza<\/strong> hace que sea f\u00e1cil de sujetar, mientras que su <strong data-start=\"771\" data-end=\"783\">rigidez<\/strong> garantiza que los alimentos se mantengan perfectamente en su sitio, incluso cuando son m\u00e1s sustanciosos. Gracias a su dise\u00f1o de cart\u00f3n, tambi\u00e9n es una alternativa <strong data-start=\"939\" data-end=\"953\">ecol\u00f3gica<\/strong> a los recipientes de pl\u00e1stico, al tiempo que mantiene una presentaci\u00f3n cuidada y profesional.  <\/p>\n<p data-start=\"1050\" data-end=\"1402\"><strong data-start=\"1053\" data-end=\"1080\">Las bandejas de cart\u00f3n para aperitivos<\/strong> son especialmente populares entre <strong data-start=\"1115\" data-end=\"1168\">empresas de catering, restauradores y panaderos<\/strong>, as\u00ed como organizadores de eventos que desean ofrecer a sus clientes o invitados un servicio sencillo, r\u00e1pido y limpio. En el uso diario, ahorra tiempo a la vez que cumple las normas de higiene alimentaria. <\/p>\n<p data-start=\"1404\" data-end=\"1752\">Envasadas en lotes de <strong data-start=\"1420\" data-end=\"1434\">250 unidades<\/strong>, estas bandejas son ideales para garantizar un suministro suficiente en per\u00edodos de gran afluencia. Ya sea para servicio in situ o para llevar, estas bandejas de cart\u00f3n ofrecen un compromiso perfecto entre <strong data-start=\"1637\" data-end=\"1655\">funcionalidad<\/strong> y <strong data-start=\"1659\" data-end=\"1673\">est\u00e9tica<\/strong>, con una presentaci\u00f3n sobria y elegante que resalta sus preparaciones. <\/p>\n<p data-start=\"1754\" data-end=\"1934\">En resumen, la <strong data-start=\"1768\" data-end=\"1806\">bandeja de cart\u00f3n para aperitivos de 21 x 30 cm<\/strong> es un producto esencial para los profesionales.<\/p>\n<p data-start=\"1754\" data-end=\"1934\"><!--more--><\/p>\n<h4>Ventajas :<\/h4>\n<ul>\n<li>Pr\u00e1ctico y ligero, perfecto para picar y llevar.<\/li>\n<li>Fuerte y r\u00edgido, mantiene los alimentos con seguridad.<\/li>\n<li>Formato ideal para porciones individuales (21 x 30 cm).<\/li>\n<li>Ecol\u00f3gico, fabricado con cart\u00f3n reciclable.<\/li>\n<li>Paquete econ\u00f3mico de 250 unidades.<\/li>\n<\/ul>\n<p>&nbsp;<\/p>\n<p><!--more--><\/p>\n<h4>Informaci\u00f3n adicional :<\/h4>\n<ul>\n<li><strong>Envase<\/strong>: Paquete de 250<\/li>\n<li><strong>Dimensiones<\/strong>: 210 x 300 x 12 mm<\/li>\n<li><strong>Color<\/strong>: blanco<\/li>\n<li><strong>Material<\/strong>: Cart\u00f3n<\/li>\n<\/ul>\n<p>&nbsp;<\/p>\n<p><!--more--><\/p>\n<p>Esta bandeja est\u00e1 disponible en varios tama\u00f1os: <span style=\"color: #d12727;\"><a style=\"color: #d12727;\" href=\"https:\/\/www.csj-emballages.com\/es\/produit\/250-bandejas-de-carton-desechables-para-aperitivos-21-x-30-cm\/\">13 x 20 cm<\/a><\/span> \/ <span style=\"color: #d12727;\"><a style=\"color: #d12727;\" href=\"https:\/\/www.csj-emballages.com\/es\/produit\/250-bandejas-de-carton-desechables-para-aperitivos-23-x-33-cm\/\">23 x 33 cm<\/a><\/span><\/p>\n<p>&nbsp;<\/p>\n<p><!--more--><\/p>\n<p><a href=\"https:\/\/www.csj-emballages.com\/es\/categorie-produit\/envasado-de-alimentos\/carniceria-y-charcuteria\/bandejas\/bandejas-de-aperitivos\/\">Ver el resto de nuestra gama de bandejas para aperitivos<\/a><\/p>\n","protected":false},"excerpt":{"rendered":"<p>Bandeja de aperitivos Descripci\u00f3n de nuestra bandeja de cart\u00f3n para aperitivos 21 x 30 cm por 250<\/p>\n","protected":false},"featured_media":176972,"template":"","meta":{"_acf_changed":false},"product_brand":[],"product_cat":[1150,1143,1288,3223,1179,1302,3226],"product_tag":[],"class_list":{"0":"post-22773","1":"product","2":"type-product","3":"status-publish","4":"has-post-thumbnail","6":"product_cat-envasado-de-alimentos","7":"product_cat-carniceria-y-charcuteria","8":"product_cat-bandejas","9":"product_cat-bandejas-de-aperitivos","10":"product_cat-catering-es","11":"product_cat-bandejas-es","12":"product_cat-bandejas-de-aperitivos-es","14":"first","15":"instock","16":"taxable","17":"shipping-taxable","18":"purchasable","19":"product-type-simple"},"acf":[],"yoast_head":"<!-- This site is optimized with the Yoast SEO Premium plugin v26.6 (Yoast SEO v26.6) - https:\/\/yoast.com\/wordpress\/plugins\/seo\/ -->\n<title>Bandeja Snacking de cart\u00f3n 21 x 30 cm por 250<\/title>\n<meta name=\"description\" content=\"Bandeja de aperitivos de cart\u00f3n de 21 x 30 cm por 250: pr\u00e1ctica, r\u00edgida y respetuosa con el medio ambiente. Ideal para catering, restaurantes y comida para llevar.\" \/>\n<meta name=\"robots\" content=\"index, follow, max-snippet:-1, max-image-preview:large, max-video-preview:-1\" \/>\n<link rel=\"canonical\" href=\"https:\/\/www.csj-emballages.com\/es\/produit\/250-bandejas-de-carton-desechables-para-aperitivos-21-x-30-cm\/\" \/>\n<meta property=\"og:locale\" content=\"es_ES\" \/>\n<meta property=\"og:type\" content=\"article\" \/>\n<meta property=\"og:title\" content=\"Bandeja de merienda de cart\u00f3n 21 x 30 cm por 250\" \/>\n<meta property=\"og:description\" content=\"Bandeja de aperitivos de cart\u00f3n de 21 x 30 cm por 250: pr\u00e1ctica, r\u00edgida y respetuosa con el medio ambiente. Ideal para catering, restaurantes y comida para llevar.\" \/>\n<meta property=\"og:url\" content=\"https:\/\/www.csj-emballages.com\/es\/produit\/250-bandejas-de-carton-desechables-para-aperitivos-21-x-30-cm\/\" \/>\n<meta property=\"og:site_name\" content=\"CSJ Emballages\" \/>\n<meta property=\"article:publisher\" content=\"https:\/\/www.facebook.com\/csjemballages\" \/>\n<meta property=\"article:modified_time\" content=\"2026-04-01T00:17:23+00:00\" \/>\n<meta property=\"og:image\" content=\"https:\/\/www.csj-emballages.com\/wp-content\/uploads\/2024\/03\/PTR-21X29.webp\" \/>\n\t<meta property=\"og:image:width\" content=\"809\" \/>\n\t<meta property=\"og:image:height\" content=\"809\" \/>\n\t<meta property=\"og:image:type\" content=\"image\/webp\" \/>\n<meta name=\"twitter:card\" content=\"summary_large_image\" \/>\n<meta name=\"twitter:label1\" content=\"Tiempo de lectura\" \/>\n\t<meta name=\"twitter:data1\" content=\"2 minutos\" \/>\n<script type=\"application\/ld+json\" class=\"yoast-schema-graph\">{\"@context\":\"https:\/\/schema.org\",\"@graph\":[{\"@type\":\"WebPage\",\"@id\":\"https:\/\/www.csj-emballages.com\/es\/produit\/250-bandejas-de-carton-desechables-para-aperitivos-21-x-30-cm\/\",\"url\":\"https:\/\/www.csj-emballages.com\/es\/produit\/250-bandejas-de-carton-desechables-para-aperitivos-21-x-30-cm\/\",\"name\":\"Bandeja Snacking de cart\u00f3n 21 x 30 cm por 250\",\"isPartOf\":{\"@id\":\"https:\/\/www.csj-emballages.com\/es\/#website\"},\"primaryImageOfPage\":{\"@id\":\"https:\/\/www.csj-emballages.com\/es\/produit\/250-bandejas-de-carton-desechables-para-aperitivos-21-x-30-cm\/#primaryimage\"},\"image\":{\"@id\":\"https:\/\/www.csj-emballages.com\/es\/produit\/250-bandejas-de-carton-desechables-para-aperitivos-21-x-30-cm\/#primaryimage\"},\"thumbnailUrl\":\"https:\/\/www.csj-emballages.com\/wp-content\/uploads\/2024\/03\/PTR-21X29.webp\",\"datePublished\":\"2024-03-01T15:50:20+00:00\",\"dateModified\":\"2026-04-01T00:17:23+00:00\",\"description\":\"Bandeja de aperitivos de cart\u00f3n de 21 x 30 cm por 250: pr\u00e1ctica, r\u00edgida y respetuosa con el medio ambiente. Ideal para catering, restaurantes y comida para llevar.\",\"breadcrumb\":{\"@id\":\"https:\/\/www.csj-emballages.com\/es\/produit\/250-bandejas-de-carton-desechables-para-aperitivos-21-x-30-cm\/#breadcrumb\"},\"inLanguage\":\"es\",\"potentialAction\":[{\"@type\":\"ReadAction\",\"target\":[\"https:\/\/www.csj-emballages.com\/es\/produit\/250-bandejas-de-carton-desechables-para-aperitivos-21-x-30-cm\/\"]}]},{\"@type\":\"ImageObject\",\"inLanguage\":\"es\",\"@id\":\"https:\/\/www.csj-emballages.com\/es\/produit\/250-bandejas-de-carton-desechables-para-aperitivos-21-x-30-cm\/#primaryimage\",\"url\":\"https:\/\/www.csj-emballages.com\/wp-content\/uploads\/2024\/03\/PTR-21X29.webp\",\"contentUrl\":\"https:\/\/www.csj-emballages.com\/wp-content\/uploads\/2024\/03\/PTR-21X29.webp\",\"width\":809,\"height\":809,\"caption\":\"Plateau snacking\"},{\"@type\":\"BreadcrumbList\",\"@id\":\"https:\/\/www.csj-emballages.com\/es\/produit\/250-bandejas-de-carton-desechables-para-aperitivos-21-x-30-cm\/#breadcrumb\",\"itemListElement\":[{\"@type\":\"ListItem\",\"position\":1,\"name\":\"Accueil\",\"item\":\"https:\/\/www.csj-emballages.com\/es\/universo-del-envasado-alimentario\/\"},{\"@type\":\"ListItem\",\"position\":2,\"name\":\"Tienda\",\"item\":\"https:\/\/www.csj-emballages.com\/tienda\/\"},{\"@type\":\"ListItem\",\"position\":3,\"name\":\"Bandeja de merienda de cart\u00f3n 21 x 30 cm por 250\"}]},{\"@type\":\"WebSite\",\"@id\":\"https:\/\/www.csj-emballages.com\/es\/#website\",\"url\":\"https:\/\/www.csj-emballages.com\/es\/\",\"name\":\"CSJ Emballages\",\"description\":\"\",\"publisher\":{\"@id\":\"https:\/\/www.csj-emballages.com\/es\/#organization\"},\"potentialAction\":[{\"@type\":\"SearchAction\",\"target\":{\"@type\":\"EntryPoint\",\"urlTemplate\":\"https:\/\/www.csj-emballages.com\/es\/?s={search_term_string}\"},\"query-input\":{\"@type\":\"PropertyValueSpecification\",\"valueRequired\":true,\"valueName\":\"search_term_string\"}}],\"inLanguage\":\"es\"},{\"@type\":\"Organization\",\"@id\":\"https:\/\/www.csj-emballages.com\/es\/#Organization\/\",\"name\":\"CSJ Emballages\",\"url\":\"https:\/\/www.csj-emballages.com\/es\/\",\"logo\":{\"@type\":\"ImageObject\",\"inLanguage\":\"es\",\"@id\":\"https:\/\/www.csj-emballages.com\/es\/#\/schema\/logo\/image\/\",\"url\":\"https:\/\/www.csj-emballages.com\/wp-content\/uploads\/2023\/10\/logo_csj.webp\",\"contentUrl\":\"https:\/\/www.csj-emballages.com\/wp-content\/uploads\/2023\/10\/logo_csj.webp\",\"width\":250,\"height\":95,\"caption\":\"CSJ Emballages\"},\"image\":{\"@id\":\"https:\/\/www.csj-emballages.com\/es\/#\/schema\/logo\/image\/\"},\"sameAs\":[\"https:\/\/www.facebook.com\/csjemballages\"],\"address\":{\"@type\":\"PostalAddress\",\"streetAddress\":\"ZI La Lechere\",\"addressLocality\":\"Patornay\",\"postalCode\":\"39130\",\"addressCountry\":\"FR\"},\"contactPoint\":[{\"@type\":\"ContactPoint\",\"contactType\":\"Service client\",\"telephone\":\"0384254272\",\"email\":\"contact@csj-emballages.com\"}]}]}<\/script>\n<!-- \/ Yoast SEO Premium plugin. -->","yoast_head_json":{"title":"Bandeja Snacking de cart\u00f3n 21 x 30 cm por 250","description":"Bandeja de aperitivos de cart\u00f3n de 21 x 30 cm por 250: pr\u00e1ctica, r\u00edgida y respetuosa con el medio ambiente. Ideal para catering, restaurantes y comida para llevar.","robots":{"index":"index","follow":"follow","max-snippet":"max-snippet:-1","max-image-preview":"max-image-preview:large","max-video-preview":"max-video-preview:-1"},"canonical":"https:\/\/www.csj-emballages.com\/es\/produit\/250-bandejas-de-carton-desechables-para-aperitivos-21-x-30-cm\/","og_locale":"es_ES","og_type":"article","og_title":"Bandeja de merienda de cart\u00f3n 21 x 30 cm por 250","og_description":"Bandeja de aperitivos de cart\u00f3n de 21 x 30 cm por 250: pr\u00e1ctica, r\u00edgida y respetuosa con el medio ambiente. Ideal para catering, restaurantes y comida para llevar.","og_url":"https:\/\/www.csj-emballages.com\/es\/produit\/250-bandejas-de-carton-desechables-para-aperitivos-21-x-30-cm\/","og_site_name":"CSJ Emballages","article_publisher":"https:\/\/www.facebook.com\/csjemballages","article_modified_time":"2026-04-01T00:17:23+00:00","og_image":[{"width":809,"height":809,"url":"https:\/\/www.csj-emballages.com\/wp-content\/uploads\/2024\/03\/PTR-21X29.webp","type":"image\/webp"}],"twitter_card":"summary_large_image","twitter_misc":{"Tiempo de lectura":"2 minutos"},"schema":{"@context":"https:\/\/schema.org","@graph":[{"@type":"WebPage","@id":"https:\/\/www.csj-emballages.com\/es\/produit\/250-bandejas-de-carton-desechables-para-aperitivos-21-x-30-cm\/","url":"https:\/\/www.csj-emballages.com\/es\/produit\/250-bandejas-de-carton-desechables-para-aperitivos-21-x-30-cm\/","name":"Bandeja Snacking de cart\u00f3n 21 x 30 cm por 250","isPartOf":{"@id":"https:\/\/www.csj-emballages.com\/es\/#website"},"primaryImageOfPage":{"@id":"https:\/\/www.csj-emballages.com\/es\/produit\/250-bandejas-de-carton-desechables-para-aperitivos-21-x-30-cm\/#primaryimage"},"image":{"@id":"https:\/\/www.csj-emballages.com\/es\/produit\/250-bandejas-de-carton-desechables-para-aperitivos-21-x-30-cm\/#primaryimage"},"thumbnailUrl":"https:\/\/www.csj-emballages.com\/wp-content\/uploads\/2024\/03\/PTR-21X29.webp","datePublished":"2024-03-01T15:50:20+00:00","dateModified":"2026-04-01T00:17:23+00:00","description":"Bandeja de aperitivos de cart\u00f3n de 21 x 30 cm por 250: pr\u00e1ctica, r\u00edgida y respetuosa con el medio ambiente. Ideal para catering, restaurantes y comida para llevar.","breadcrumb":{"@id":"https:\/\/www.csj-emballages.com\/es\/produit\/250-bandejas-de-carton-desechables-para-aperitivos-21-x-30-cm\/#breadcrumb"},"inLanguage":"es","potentialAction":[{"@type":"ReadAction","target":["https:\/\/www.csj-emballages.com\/es\/produit\/250-bandejas-de-carton-desechables-para-aperitivos-21-x-30-cm\/"]}]},{"@type":"ImageObject","inLanguage":"es","@id":"https:\/\/www.csj-emballages.com\/es\/produit\/250-bandejas-de-carton-desechables-para-aperitivos-21-x-30-cm\/#primaryimage","url":"https:\/\/www.csj-emballages.com\/wp-content\/uploads\/2024\/03\/PTR-21X29.webp","contentUrl":"https:\/\/www.csj-emballages.com\/wp-content\/uploads\/2024\/03\/PTR-21X29.webp","width":809,"height":809,"caption":"Plateau snacking"},{"@type":"BreadcrumbList","@id":"https:\/\/www.csj-emballages.com\/es\/produit\/250-bandejas-de-carton-desechables-para-aperitivos-21-x-30-cm\/#breadcrumb","itemListElement":[{"@type":"ListItem","position":1,"name":"Accueil","item":"https:\/\/www.csj-emballages.com\/es\/universo-del-envasado-alimentario\/"},{"@type":"ListItem","position":2,"name":"Tienda","item":"https:\/\/www.csj-emballages.com\/tienda\/"},{"@type":"ListItem","position":3,"name":"Bandeja de merienda de cart\u00f3n 21 x 30 cm por 250"}]},{"@type":"WebSite","@id":"https:\/\/www.csj-emballages.com\/es\/#website","url":"https:\/\/www.csj-emballages.com\/es\/","name":"CSJ Emballages","description":"","publisher":{"@id":"https:\/\/www.csj-emballages.com\/es\/#organization"},"potentialAction":[{"@type":"SearchAction","target":{"@type":"EntryPoint","urlTemplate":"https:\/\/www.csj-emballages.com\/es\/?s={search_term_string}"},"query-input":{"@type":"PropertyValueSpecification","valueRequired":true,"valueName":"search_term_string"}}],"inLanguage":"es"},{"@type":"Organization","@id":"https:\/\/www.csj-emballages.com\/es\/#Organization\/","name":"CSJ Emballages","url":"https:\/\/www.csj-emballages.com\/es\/","logo":{"@type":"ImageObject","inLanguage":"es","@id":"https:\/\/www.csj-emballages.com\/es\/#\/schema\/logo\/image\/","url":"https:\/\/www.csj-emballages.com\/wp-content\/uploads\/2023\/10\/logo_csj.webp","contentUrl":"https:\/\/www.csj-emballages.com\/wp-content\/uploads\/2023\/10\/logo_csj.webp","width":250,"height":95,"caption":"CSJ Emballages"},"image":{"@id":"https:\/\/www.csj-emballages.com\/es\/#\/schema\/logo\/image\/"},"sameAs":["https:\/\/www.facebook.com\/csjemballages"],"address":{"@type":"PostalAddress","streetAddress":"ZI La Lechere","addressLocality":"Patornay","postalCode":"39130","addressCountry":"FR"},"contactPoint":[{"@type":"ContactPoint","contactType":"Service client","telephone":"0384254272","email":"contact@csj-emballages.com"}]}]}},"df_price":41.75,"df_sale_price":"","df_regular_price":41.75,"df_image_link":"https:\/\/www.csj-emballages.com\/wp-content\/uploads\/2024\/03\/PTR-21X29-300x300.webp","tiered_pricing_type":"fixed","tiered_pricing_fixed_rules":[],"tiered_pricing_percentage_rules":[],"tiered_pricing_minimum":1,"tiered_pricing_roles_data":[],"_links":{"self":[{"href":"https:\/\/www.csj-emballages.com\/es\/wp-json\/wp\/v2\/product\/22773","targetHints":{"allow":["GET"]}}],"collection":[{"href":"https:\/\/www.csj-emballages.com\/es\/wp-json\/wp\/v2\/product"}],"about":[{"href":"https:\/\/www.csj-emballages.com\/es\/wp-json\/wp\/v2\/types\/product"}],"wp:featuredmedia":[{"embeddable":true,"href":"https:\/\/www.csj-emballages.com\/es\/wp-json\/wp\/v2\/media\/176972"}],"wp:attachment":[{"href":"https:\/\/www.csj-emballages.com\/es\/wp-json\/wp\/v2\/media?parent=22773"}],"wp:term":[{"taxonomy":"product_brand","embeddable":true,"href":"https:\/\/www.csj-emballages.com\/es\/wp-json\/wp\/v2\/product_brand?post=22773"},{"taxonomy":"product_cat","embeddable":true,"href":"https:\/\/www.csj-emballages.com\/es\/wp-json\/wp\/v2\/product_cat?post=22773"},{"taxonomy":"product_tag","embeddable":true,"href":"https:\/\/www.csj-emballages.com\/es\/wp-json\/wp\/v2\/product_tag?post=22773"}],"curies":[{"name":"wp","href":"https:\/\/api.w.org\/{rel}","templated":true}]}}