{"id":22765,"date":"2024-03-01T16:50:21","date_gmt":"2024-03-01T15:50:21","guid":{"rendered":"https:\/\/u15jnbdpoq.preview.infomaniak.website\/produit\/25-tarrinas-de-helado-kraft-desechables-237-ml\/"},"modified":"2026-04-10T02:15:05","modified_gmt":"2026-04-10T00:15:05","slug":"25-tarrinas-de-helado-kraft-desechables-237-ml","status":"publish","type":"product","link":"https:\/\/www.csj-emballages.com\/es\/produit\/25-tarrinas-de-helado-kraft-desechables-237-ml\/","title":{"rendered":"Tarro de sopa Kraft 237 ml por 25"},"content":{"rendered":"<div style=\"font-family: Roboto, sans-serif;\">\n<div style=\"font-family: Roboto, sans-serif;\">\n<div style=\"font-family: Roboto, sans-serif;\">\n<div style=\"font-family: Roboto, sans-serif;\">\n<div style=\"font-family: Roboto, sans-serif;\">\n<div style=\"font-family: Roboto, sans-serif;\">\n<div style=\"font-family: Roboto, sans-serif;\">\n<div style=\"font-family: Roboto, sans-serif;\">\n<div style=\"font-family: Roboto, sans-serif;\">\n<div style=\"font-family: Roboto, sans-serif;\">\n<h2>Olla para sopa<\/h2>\n<hr>\n<h3>Descripci\u00f3n de nuestra sopera kraft 237 ml por 25<\/h3>\n<p><!--more--><\/p>\n<div class=\"flex-shrink-0 flex flex-col relative items-end\">\n<div class=\"pt-0.5 juice:pt-0\">\n<div class=\"gizmo-bot-avatar flex h-6 w-6 items-center justify-center overflow-hidden rounded-full juice:h-8 juice:w-8\">\n<div class=\"relative p-1 rounded-sm flex items-center justify-center bg-token-main-surface-primary text-token-text-primary h-8 w-8\">\n<p data-start=\"215\" data-end=\"546\">El <strong>tarro sopero kraft de 237 ml<\/strong> es un aliado indispensable tanto para los profesionales de la restauraci\u00f3n como para los cocineros caseros. Fabricada en <strong>cart\u00f3n kraft<\/strong> r\u00edgido, ofrece una excelente resistencia al calor, lo que la convierte en el recipiente perfecto para <strong>sopas<\/strong>, <strong>velout\u00e9s<\/strong><span style=\"color: #d12727;\"><a style=\"color: #d12727;\" href=\"https:\/\/www.csj-emballages.com\/es\/categorie-produit\/alimentacion-es\/bases-culinarias\/\"><strong>caldos<\/strong><\/a><\/span> o salsas generosas. <\/p>\n<p data-start=\"548\" data-end=\"881\">Su tama\u00f1o <strong>de 237 ml<\/strong> es ideal para <strong>raciones individuales<\/strong>: ni demasiado peque\u00f1o ni demasiado grande, lo justo para una comida sabrosa sin desperdiciar. Muy utilizado por empresas de catering, food trucks, comida para llevar y comida a domicilio, este <strong>tarro de<\/strong> cart\u00f3n cumple todos los requisitos: pr\u00e1ctico, resistente y atractivo. <\/p>\n<p data-start=\"883\" data-end=\"1216\"><strong>El kraft<\/strong> le da ese aspecto natural y aut\u00e9ntico que atrae a clientes y profesionales por igual. Tambi\u00e9n es una gran alternativa a los pl\u00e1sticos tradicionales. Con <strong>tapa<\/strong> a juego (se vende por separado : <span style=\"color: #d12727;\"><a style=\"color: #d12727;\" href=\"https:\/\/www.csj-emballages.com\/es\/produit\/25-tapas-para-ollas-soperas-kraft-de-237-360-ml\/\">COUVPSA360<\/a><\/span>), puede estar seguro de un sellado seguro que mantiene su comida caliente y evita derrames durante el transporte.  <\/p>\n<p data-start=\"1383\" data-end=\"1400\">\n<\/div>\n<\/div>\n<\/div>\n<\/div>\n<p><!--more--><\/p>\n<p><strong>Ventajas :<\/strong><\/p>\n<ul>\n<li>Perfecto para porciones individuales (237 ml).<\/li>\n<li>Aspecto kraft natural y moderno.<\/li>\n<li>Esta olla sopera es ideal para comidas para llevar y entregas.<\/li>\n<li>Compatible con tapa para un transporte seguro.<\/li>\n<\/ul>\n<p>&nbsp;<\/p>\n<p><!--more--><\/p>\n<h4>Informaci\u00f3n adicional :<\/h4>\n<ul>\n<li><strong>Envase<\/strong>: Paquete de 25<\/li>\n<li><strong>Di\u00e1metro superior<\/strong>: \u00d89 cm<\/li>\n<li><strong>Di\u00e1metro inferior<\/strong>: \u00d87 cm<\/li>\n<li><strong>Altura<\/strong>: 6,5 cm<\/li>\n<li><span style=\"font-weight: bold;\">Volumen <\/span>: 237 ml<\/li>\n<li><span style=\"font-weight: bold;\">Material <\/span>: Cart\u00f3n<\/li>\n<\/ul>\n<p>&nbsp;<\/p>\n<p><!--more--><\/p>\n<p>Encuentra la tapa compatible con esta olla sopera aqu\u00ed: <span style=\"color: #d12727;\"><a style=\"color: #d12727;\" href=\"https:\/\/www.csj-emballages.com\/es\/produit\/25-tapas-para-ollas-soperas-kraft-de-237-360-ml\/\">COUVPSA360<\/a><\/span><\/p>\n<\/div>\n<p>&nbsp;<\/p>\n<\/div>\n<\/div>\n<h5><!--more--><\/h5>\n<div style=\"font-family: Roboto, sans-serif;\">\n<div style=\"font-family: Roboto, sans-serif;\">\n<div style=\"font-family: Roboto, sans-serif;\">\n<p>Este tarro tambi\u00e9n est\u00e1 disponible en varios tama\u00f1os: <span style=\"color: #d12727;\"><a style=\"color: #d12727;\" href=\"https:\/\/www.csj-emballages.com\/es\/produit\/25-tarros-de-sopa-de-carton-kraft-desechables-350-ml\/\">350 ml<\/a><\/span> \/ <span style=\"color: #d12727;\"><a style=\"color: #d12727;\" href=\"https:\/\/www.csj-emballages.com\/produit\/pot-a-soupe-avec-couvercle-kraft-450-ml-par-25\/\">450 ml<\/a><\/span> \/ <span style=\"color: #d12727;\"><a style=\"color: #d12727;\" href=\"https:\/\/www.csj-emballages.com\/es\/produit\/tarro-de-sopa-kraft-480-ml-por-25\/\">480 ml<\/a><\/span> \/ <span style=\"color: #d12727;\"><a style=\"color: #d12727;\" href=\"https:\/\/www.csj-emballages.com\/es\/produit\/25-tarros-de-sopa-kraft-desechables-780-ml\/\">780 ml<\/a><\/span> \/ <span style=\"color: #d12727;\"><a style=\"color: #d12727;\" href=\"https:\/\/www.csj-emballages.com\/produit\/pot-a-soupe-carton-960-ml-par-25\/\">960 ml<\/a><\/span><\/p>\n<p>&nbsp;<\/p>\n<p><!--more--><\/p>\n<p><a href=\"https:\/\/www.csj-emballages.com\/es\/categorie-produit\/envasado-de-alimentos\/catering-es\/ollas-cuencos-portavasos\/ollas-kraft\/ollas-para-sopa\/\">Ver el resto de nuestra gama de ollas soperas<\/a><\/p>\n<\/div>\n<\/div>\n<\/div>\n<\/div>\n<\/div>\n<\/div>\n<\/div>\n<\/div>\n<\/div>\n<\/div>\n","protected":false},"excerpt":{"rendered":"<p>Olla para sopa Descripci\u00f3n de nuestra sopera kraft 237 ml por 25<\/p>\n","protected":false},"featured_media":231751,"template":"","meta":{"_acf_changed":false},"product_brand":[],"product_cat":[1150,1143,1179,1277,8645],"product_tag":[],"class_list":{"0":"post-22765","1":"product","2":"type-product","3":"status-publish","4":"has-post-thumbnail","6":"product_cat-envasado-de-alimentos","7":"product_cat-carniceria-y-charcuteria","8":"product_cat-catering-es","9":"product_cat-ollas-kraft","10":"product_cat-ollas-para-sopa","12":"first","13":"instock","14":"taxable","15":"shipping-taxable","16":"purchasable","17":"product-type-simple"},"acf":[],"yoast_head":"<!-- This site is optimized with the Yoast SEO Premium plugin v26.6 (Yoast SEO v26.6) - https:\/\/yoast.com\/wordpress\/plugins\/seo\/ -->\n<title>Olla Kraft 237 ml \u00e0 25<\/title>\n<meta name=\"description\" content=\"Olla sopera Kraft 237 ml por 25: ideal para profesionales y particulares. Duraderas, pr\u00e1cticas y perfectas para llevar o vender a domicilio.\" \/>\n<meta name=\"robots\" content=\"index, follow, max-snippet:-1, max-image-preview:large, max-video-preview:-1\" \/>\n<link rel=\"canonical\" href=\"https:\/\/www.csj-emballages.com\/es\/produit\/25-tarrinas-de-helado-kraft-desechables-237-ml\/\" \/>\n<meta property=\"og:locale\" content=\"es_ES\" \/>\n<meta property=\"og:type\" content=\"article\" \/>\n<meta property=\"og:title\" content=\"Tarro de sopa Kraft 237 ml por 25\" \/>\n<meta property=\"og:description\" content=\"Olla sopera Kraft 237 ml por 25: ideal para profesionales y particulares. Duraderas, pr\u00e1cticas y perfectas para llevar o vender a domicilio.\" \/>\n<meta property=\"og:url\" content=\"https:\/\/www.csj-emballages.com\/es\/produit\/25-tarrinas-de-helado-kraft-desechables-237-ml\/\" \/>\n<meta property=\"og:site_name\" content=\"CSJ Emballages\" \/>\n<meta property=\"article:publisher\" content=\"https:\/\/www.facebook.com\/csjemballages\" \/>\n<meta property=\"article:modified_time\" content=\"2026-04-10T00:15:05+00:00\" \/>\n<meta property=\"og:image\" content=\"https:\/\/www.csj-emballages.com\/wp-content\/uploads\/2024\/03\/PSA250K.webp\" \/>\n\t<meta property=\"og:image:width\" content=\"800\" \/>\n\t<meta property=\"og:image:height\" content=\"800\" \/>\n\t<meta property=\"og:image:type\" content=\"image\/webp\" \/>\n<meta name=\"twitter:card\" content=\"summary_large_image\" \/>\n<meta name=\"twitter:label1\" content=\"Tiempo de lectura\" \/>\n\t<meta name=\"twitter:data1\" content=\"1 minuto\" \/>\n<script type=\"application\/ld+json\" class=\"yoast-schema-graph\">{\"@context\":\"https:\/\/schema.org\",\"@graph\":[{\"@type\":\"WebPage\",\"@id\":\"https:\/\/www.csj-emballages.com\/es\/produit\/25-tarrinas-de-helado-kraft-desechables-237-ml\/\",\"url\":\"https:\/\/www.csj-emballages.com\/es\/produit\/25-tarrinas-de-helado-kraft-desechables-237-ml\/\",\"name\":\"Olla Kraft 237 ml \u00e0 25\",\"isPartOf\":{\"@id\":\"https:\/\/www.csj-emballages.com\/es\/#website\"},\"primaryImageOfPage\":{\"@id\":\"https:\/\/www.csj-emballages.com\/es\/produit\/25-tarrinas-de-helado-kraft-desechables-237-ml\/#primaryimage\"},\"image\":{\"@id\":\"https:\/\/www.csj-emballages.com\/es\/produit\/25-tarrinas-de-helado-kraft-desechables-237-ml\/#primaryimage\"},\"thumbnailUrl\":\"https:\/\/www.csj-emballages.com\/wp-content\/uploads\/2024\/03\/PSA250K.webp\",\"datePublished\":\"2024-03-01T15:50:21+00:00\",\"dateModified\":\"2026-04-10T00:15:05+00:00\",\"description\":\"Olla sopera Kraft 237 ml por 25: ideal para profesionales y particulares. Duraderas, pr\u00e1cticas y perfectas para llevar o vender a domicilio.\",\"breadcrumb\":{\"@id\":\"https:\/\/www.csj-emballages.com\/es\/produit\/25-tarrinas-de-helado-kraft-desechables-237-ml\/#breadcrumb\"},\"inLanguage\":\"es\",\"potentialAction\":[{\"@type\":\"ReadAction\",\"target\":[\"https:\/\/www.csj-emballages.com\/es\/produit\/25-tarrinas-de-helado-kraft-desechables-237-ml\/\"]}]},{\"@type\":\"ImageObject\",\"inLanguage\":\"es\",\"@id\":\"https:\/\/www.csj-emballages.com\/es\/produit\/25-tarrinas-de-helado-kraft-desechables-237-ml\/#primaryimage\",\"url\":\"https:\/\/www.csj-emballages.com\/wp-content\/uploads\/2024\/03\/PSA250K.webp\",\"contentUrl\":\"https:\/\/www.csj-emballages.com\/wp-content\/uploads\/2024\/03\/PSA250K.webp\",\"width\":800,\"height\":800,\"caption\":\"Pot de glace\"},{\"@type\":\"BreadcrumbList\",\"@id\":\"https:\/\/www.csj-emballages.com\/es\/produit\/25-tarrinas-de-helado-kraft-desechables-237-ml\/#breadcrumb\",\"itemListElement\":[{\"@type\":\"ListItem\",\"position\":1,\"name\":\"Accueil\",\"item\":\"https:\/\/www.csj-emballages.com\/es\/universo-del-envasado-alimentario\/\"},{\"@type\":\"ListItem\",\"position\":2,\"name\":\"Tienda\",\"item\":\"https:\/\/www.csj-emballages.com\/tienda\/\"},{\"@type\":\"ListItem\",\"position\":3,\"name\":\"Tarro de sopa Kraft 237 ml por 25\"}]},{\"@type\":\"WebSite\",\"@id\":\"https:\/\/www.csj-emballages.com\/es\/#website\",\"url\":\"https:\/\/www.csj-emballages.com\/es\/\",\"name\":\"CSJ Emballages\",\"description\":\"\",\"publisher\":{\"@id\":\"https:\/\/www.csj-emballages.com\/es\/#organization\"},\"potentialAction\":[{\"@type\":\"SearchAction\",\"target\":{\"@type\":\"EntryPoint\",\"urlTemplate\":\"https:\/\/www.csj-emballages.com\/es\/?s={search_term_string}\"},\"query-input\":{\"@type\":\"PropertyValueSpecification\",\"valueRequired\":true,\"valueName\":\"search_term_string\"}}],\"inLanguage\":\"es\"},{\"@type\":\"Organization\",\"@id\":\"https:\/\/www.csj-emballages.com\/es\/#Organization\/\",\"name\":\"CSJ Emballages\",\"url\":\"https:\/\/www.csj-emballages.com\/es\/\",\"logo\":{\"@type\":\"ImageObject\",\"inLanguage\":\"es\",\"@id\":\"https:\/\/www.csj-emballages.com\/es\/#\/schema\/logo\/image\/\",\"url\":\"https:\/\/www.csj-emballages.com\/wp-content\/uploads\/2023\/10\/logo_csj.webp\",\"contentUrl\":\"https:\/\/www.csj-emballages.com\/wp-content\/uploads\/2023\/10\/logo_csj.webp\",\"width\":250,\"height\":95,\"caption\":\"CSJ Emballages\"},\"image\":{\"@id\":\"https:\/\/www.csj-emballages.com\/es\/#\/schema\/logo\/image\/\"},\"sameAs\":[\"https:\/\/www.facebook.com\/csjemballages\"],\"address\":{\"@type\":\"PostalAddress\",\"streetAddress\":\"ZI La Lechere\",\"addressLocality\":\"Patornay\",\"postalCode\":\"39130\",\"addressCountry\":\"FR\"},\"contactPoint\":[{\"@type\":\"ContactPoint\",\"contactType\":\"Service client\",\"telephone\":\"0384254272\",\"email\":\"contact@csj-emballages.com\"}]}]}<\/script>\n<!-- \/ Yoast SEO Premium plugin. -->","yoast_head_json":{"title":"Olla Kraft 237 ml \u00e0 25","description":"Olla sopera Kraft 237 ml por 25: ideal para profesionales y particulares. Duraderas, pr\u00e1cticas y perfectas para llevar o vender a domicilio.","robots":{"index":"index","follow":"follow","max-snippet":"max-snippet:-1","max-image-preview":"max-image-preview:large","max-video-preview":"max-video-preview:-1"},"canonical":"https:\/\/www.csj-emballages.com\/es\/produit\/25-tarrinas-de-helado-kraft-desechables-237-ml\/","og_locale":"es_ES","og_type":"article","og_title":"Tarro de sopa Kraft 237 ml por 25","og_description":"Olla sopera Kraft 237 ml por 25: ideal para profesionales y particulares. Duraderas, pr\u00e1cticas y perfectas para llevar o vender a domicilio.","og_url":"https:\/\/www.csj-emballages.com\/es\/produit\/25-tarrinas-de-helado-kraft-desechables-237-ml\/","og_site_name":"CSJ Emballages","article_publisher":"https:\/\/www.facebook.com\/csjemballages","article_modified_time":"2026-04-10T00:15:05+00:00","og_image":[{"width":800,"height":800,"url":"https:\/\/www.csj-emballages.com\/wp-content\/uploads\/2024\/03\/PSA250K.webp","type":"image\/webp"}],"twitter_card":"summary_large_image","twitter_misc":{"Tiempo de lectura":"1 minuto"},"schema":{"@context":"https:\/\/schema.org","@graph":[{"@type":"WebPage","@id":"https:\/\/www.csj-emballages.com\/es\/produit\/25-tarrinas-de-helado-kraft-desechables-237-ml\/","url":"https:\/\/www.csj-emballages.com\/es\/produit\/25-tarrinas-de-helado-kraft-desechables-237-ml\/","name":"Olla Kraft 237 ml \u00e0 25","isPartOf":{"@id":"https:\/\/www.csj-emballages.com\/es\/#website"},"primaryImageOfPage":{"@id":"https:\/\/www.csj-emballages.com\/es\/produit\/25-tarrinas-de-helado-kraft-desechables-237-ml\/#primaryimage"},"image":{"@id":"https:\/\/www.csj-emballages.com\/es\/produit\/25-tarrinas-de-helado-kraft-desechables-237-ml\/#primaryimage"},"thumbnailUrl":"https:\/\/www.csj-emballages.com\/wp-content\/uploads\/2024\/03\/PSA250K.webp","datePublished":"2024-03-01T15:50:21+00:00","dateModified":"2026-04-10T00:15:05+00:00","description":"Olla sopera Kraft 237 ml por 25: ideal para profesionales y particulares. Duraderas, pr\u00e1cticas y perfectas para llevar o vender a domicilio.","breadcrumb":{"@id":"https:\/\/www.csj-emballages.com\/es\/produit\/25-tarrinas-de-helado-kraft-desechables-237-ml\/#breadcrumb"},"inLanguage":"es","potentialAction":[{"@type":"ReadAction","target":["https:\/\/www.csj-emballages.com\/es\/produit\/25-tarrinas-de-helado-kraft-desechables-237-ml\/"]}]},{"@type":"ImageObject","inLanguage":"es","@id":"https:\/\/www.csj-emballages.com\/es\/produit\/25-tarrinas-de-helado-kraft-desechables-237-ml\/#primaryimage","url":"https:\/\/www.csj-emballages.com\/wp-content\/uploads\/2024\/03\/PSA250K.webp","contentUrl":"https:\/\/www.csj-emballages.com\/wp-content\/uploads\/2024\/03\/PSA250K.webp","width":800,"height":800,"caption":"Pot de glace"},{"@type":"BreadcrumbList","@id":"https:\/\/www.csj-emballages.com\/es\/produit\/25-tarrinas-de-helado-kraft-desechables-237-ml\/#breadcrumb","itemListElement":[{"@type":"ListItem","position":1,"name":"Accueil","item":"https:\/\/www.csj-emballages.com\/es\/universo-del-envasado-alimentario\/"},{"@type":"ListItem","position":2,"name":"Tienda","item":"https:\/\/www.csj-emballages.com\/tienda\/"},{"@type":"ListItem","position":3,"name":"Tarro de sopa Kraft 237 ml por 25"}]},{"@type":"WebSite","@id":"https:\/\/www.csj-emballages.com\/es\/#website","url":"https:\/\/www.csj-emballages.com\/es\/","name":"CSJ Emballages","description":"","publisher":{"@id":"https:\/\/www.csj-emballages.com\/es\/#organization"},"potentialAction":[{"@type":"SearchAction","target":{"@type":"EntryPoint","urlTemplate":"https:\/\/www.csj-emballages.com\/es\/?s={search_term_string}"},"query-input":{"@type":"PropertyValueSpecification","valueRequired":true,"valueName":"search_term_string"}}],"inLanguage":"es"},{"@type":"Organization","@id":"https:\/\/www.csj-emballages.com\/es\/#Organization\/","name":"CSJ Emballages","url":"https:\/\/www.csj-emballages.com\/es\/","logo":{"@type":"ImageObject","inLanguage":"es","@id":"https:\/\/www.csj-emballages.com\/es\/#\/schema\/logo\/image\/","url":"https:\/\/www.csj-emballages.com\/wp-content\/uploads\/2023\/10\/logo_csj.webp","contentUrl":"https:\/\/www.csj-emballages.com\/wp-content\/uploads\/2023\/10\/logo_csj.webp","width":250,"height":95,"caption":"CSJ Emballages"},"image":{"@id":"https:\/\/www.csj-emballages.com\/es\/#\/schema\/logo\/image\/"},"sameAs":["https:\/\/www.facebook.com\/csjemballages"],"address":{"@type":"PostalAddress","streetAddress":"ZI La Lechere","addressLocality":"Patornay","postalCode":"39130","addressCountry":"FR"},"contactPoint":[{"@type":"ContactPoint","contactType":"Service client","telephone":"0384254272","email":"contact@csj-emballages.com"}]}]}},"df_price":2.21,"df_sale_price":"","df_regular_price":2.21,"df_image_link":"https:\/\/www.csj-emballages.com\/wp-content\/uploads\/2024\/03\/PSA250K-300x300.webp","tiered_pricing_type":"fixed","tiered_pricing_fixed_rules":[],"tiered_pricing_percentage_rules":[],"tiered_pricing_minimum":1,"tiered_pricing_roles_data":[],"_links":{"self":[{"href":"https:\/\/www.csj-emballages.com\/es\/wp-json\/wp\/v2\/product\/22765","targetHints":{"allow":["GET"]}}],"collection":[{"href":"https:\/\/www.csj-emballages.com\/es\/wp-json\/wp\/v2\/product"}],"about":[{"href":"https:\/\/www.csj-emballages.com\/es\/wp-json\/wp\/v2\/types\/product"}],"wp:featuredmedia":[{"embeddable":true,"href":"https:\/\/www.csj-emballages.com\/es\/wp-json\/wp\/v2\/media\/231751"}],"wp:attachment":[{"href":"https:\/\/www.csj-emballages.com\/es\/wp-json\/wp\/v2\/media?parent=22765"}],"wp:term":[{"taxonomy":"product_brand","embeddable":true,"href":"https:\/\/www.csj-emballages.com\/es\/wp-json\/wp\/v2\/product_brand?post=22765"},{"taxonomy":"product_cat","embeddable":true,"href":"https:\/\/www.csj-emballages.com\/es\/wp-json\/wp\/v2\/product_cat?post=22765"},{"taxonomy":"product_tag","embeddable":true,"href":"https:\/\/www.csj-emballages.com\/es\/wp-json\/wp\/v2\/product_tag?post=22765"}],"curies":[{"name":"wp","href":"https:\/\/api.w.org\/{rel}","templated":true}]}}