{"id":22729,"date":"2024-03-01T16:50:22","date_gmt":"2024-03-01T15:50:22","guid":{"rendered":"https:\/\/u15jnbdpoq.preview.infomaniak.website\/produit\/470-hojas-de-chuleta-ovaladas-11-x-8-cm\/"},"modified":"2026-05-04T02:13:01","modified_gmt":"2026-05-04T00:13:01","slug":"470-hojas-de-chuleta-ovaladas-11-x-8-cm","status":"publish","type":"product","link":"https:\/\/www.csj-emballages.com\/es\/produit\/470-hojas-de-chuleta-ovaladas-11-x-8-cm\/","title":{"rendered":"Separador de filetes ovalado 11 x 8 cm por 2000"},"content":{"rendered":"<h2>Ficha de separaci\u00f3n<\/h2>\n<hr>\n<h3>Descripci\u00f3n de nuestra hoja separadora ovalada 11 x 8 cm por 470<\/h3>\n<p><!--more--><\/p>\n<p data-start=\"210\" data-end=\"622\">La <strong data-start=\"213\" data-end=\"260\">hoja separadora de filetes ovalada de 11 x 8 cm<\/strong> es indispensable para todos los carniceros y charcuteros profesionales, as\u00ed como para restauradores e incluso clientes particulares exigentes. Dise\u00f1ada para satisfacer las necesidades cotidianas, <strong data-start=\"479\" data-end=\"561\">facilita la separaci\u00f3n de sus filetes picados, carnes en lonchas o preparaciones caseras<\/strong>, al tiempo que garantiza la higiene, la practicidad y el ahorro de tiempo. <\/p>\n<p data-start=\"624\" data-end=\"953\">Gracias a su forma <strong data-start=\"641\" data-end=\"692\">ovalada, perfectamente adaptada al tama\u00f1o de un filete<\/strong>, esta <strong>l\u00e1mina<\/strong> se coloca entre dos piezas de carne. Evita que se peguen durante el almacenamiento o la congelaci\u00f3n, lo que simplifica enormemente su manipulaci\u00f3n y preserva un aspecto impecable al servir o cocinar. <\/p>\n<p data-start=\"955\" data-end=\"1312\">Su composici\u00f3n robusta y apta para uso alimentario garantiza una barrera protectora entre cada pieza. Ya sea para uso en laboratorio, cocina profesional o en casa, este <strong>paquete de 470<\/strong> hojas le ofrece una <strong data-start=\"1252\" data-end=\"1287\">soluci\u00f3n econ\u00f3mica y eficaz<\/strong> para sus preparaciones. <\/p>\n<p data-start=\"1314\" data-end=\"1695\">Adem\u00e1s de su practicidad, esta <strong>hoja divisoria<\/strong> es una verdadera ventaja para optimizar su organizaci\u00f3n: porcionar, congelar, almacenar y preparar los alimentos resulta mucho m\u00e1s sencillo y r\u00e1pido. Los profesionales apreciar\u00e1n la coherencia que aporta a su trabajo. <\/p>\n<p data-start=\"1610\" data-end=\"1830\"><!--more--><\/p>\n<h4>Ventajas :<\/h4>\n<ul>\n<li><strong>Pr\u00e1ctico<\/strong>: evita que los filetes se peguen.<\/li>\n<li><strong>Higi\u00e9nico<\/strong>: protege cada porci\u00f3n de carne.<\/li>\n<li><strong>Econ\u00f3mico<\/strong>: paquete de 470 hojas.<\/li>\n<li><strong>Vers\u00e1til<\/strong>: ideal para carnicer\u00edas, empresas de catering, restaurantes y clientes particulares.<\/li>\n<li><strong>Ahorra tiempo<\/strong>: facilita el almacenamiento, la congelaci\u00f3n y la manipulaci\u00f3n.<\/li>\n<\/ul>\n<p>&nbsp;<\/p>\n<p><!--more--><\/p>\n<h4>Informaci\u00f3n adicional :<\/h4>\n<ul>\n<li><strong>Embalaje<\/strong>: Paquete de 470<\/li>\n<li><strong>Dimensiones<\/strong>: 11 x 8 cm<\/li>\n<li><strong>Peso<\/strong>: 0,22 g<\/li>\n<li><strong>Color<\/strong>: blanco<\/li>\n<\/ul>\n<p>&nbsp;<\/p>\n<p><!--more--><\/p>\n<p><a href=\"https:\/\/www.csj-emballages.com\/es\/categorie-produit\/envasado-de-alimentos\/carniceria-y-charcuteria\/hojas-divisorias\/\">Consulte el resto de nuestra gama de l\u00e1minas separadoras de filetes<\/a><\/p>\n","protected":false},"excerpt":{"rendered":"<p>Ficha de separaci\u00f3n Descripci\u00f3n de nuestra hoja separadora ovalada 11 x 8 cm por 470<\/p>\n","protected":false},"featured_media":279030,"template":"","meta":{"_acf_changed":false},"product_brand":[],"product_cat":[1143,3195],"product_tag":[],"class_list":{"0":"post-22729","1":"product","2":"type-product","3":"status-publish","4":"has-post-thumbnail","6":"product_cat-carniceria-y-charcuteria","7":"product_cat-hojas-divisorias","9":"first","10":"instock","11":"taxable","12":"shipping-taxable","13":"purchasable","14":"product-type-simple"},"acf":[],"yoast_head":"<!-- This site is optimized with the Yoast SEO Premium plugin v26.6 (Yoast SEO v26.6) - https:\/\/yoast.com\/wordpress\/plugins\/seo\/ -->\n<title>Hoja de separaci\u00f3n ovalada 11 x 8 cm par 470<\/title>\n<meta name=\"description\" content=\"Papel separador para hamburguesa ovalado 11 x 8 cm \u2013 pack de 470. Pr\u00e1ctico e higi\u00e9nico, ideal para almacenar, congelar y manipular sus carnes.\" \/>\n<meta name=\"robots\" content=\"index, follow, max-snippet:-1, max-image-preview:large, max-video-preview:-1\" \/>\n<link rel=\"canonical\" href=\"https:\/\/www.csj-emballages.com\/es\/produit\/470-hojas-de-chuleta-ovaladas-11-x-8-cm\/\" \/>\n<meta property=\"og:locale\" content=\"es_ES\" \/>\n<meta property=\"og:type\" content=\"article\" \/>\n<meta property=\"og:title\" content=\"Separador de filetes ovalado 11 x 8 cm por 2000\" \/>\n<meta property=\"og:description\" content=\"Papel separador para hamburguesa ovalado 11 x 8 cm \u2013 pack de 470. Pr\u00e1ctico e higi\u00e9nico, ideal para almacenar, congelar y manipular sus carnes.\" \/>\n<meta property=\"og:url\" content=\"https:\/\/www.csj-emballages.com\/es\/produit\/470-hojas-de-chuleta-ovaladas-11-x-8-cm\/\" \/>\n<meta property=\"og:site_name\" content=\"CSJ Emballages\" \/>\n<meta property=\"article:publisher\" content=\"https:\/\/www.facebook.com\/csjemballages\" \/>\n<meta property=\"article:modified_time\" content=\"2026-05-04T00:13:01+00:00\" \/>\n<meta property=\"og:image\" content=\"https:\/\/www.csj-emballages.com\/wp-content\/uploads\/2024\/03\/PS118.webp\" \/>\n\t<meta property=\"og:image:width\" content=\"800\" \/>\n\t<meta property=\"og:image:height\" content=\"800\" \/>\n\t<meta property=\"og:image:type\" content=\"image\/webp\" \/>\n<meta name=\"twitter:card\" content=\"summary_large_image\" \/>\n<meta name=\"twitter:label1\" content=\"Tiempo de lectura\" \/>\n\t<meta name=\"twitter:data1\" content=\"1 minuto\" \/>\n<script type=\"application\/ld+json\" class=\"yoast-schema-graph\">{\"@context\":\"https:\/\/schema.org\",\"@graph\":[{\"@type\":\"WebPage\",\"@id\":\"https:\/\/www.csj-emballages.com\/es\/produit\/470-hojas-de-chuleta-ovaladas-11-x-8-cm\/\",\"url\":\"https:\/\/www.csj-emballages.com\/es\/produit\/470-hojas-de-chuleta-ovaladas-11-x-8-cm\/\",\"name\":\"Hoja de separaci\u00f3n ovalada 11 x 8 cm par 470\",\"isPartOf\":{\"@id\":\"https:\/\/www.csj-emballages.com\/es\/#website\"},\"primaryImageOfPage\":{\"@id\":\"https:\/\/www.csj-emballages.com\/es\/produit\/470-hojas-de-chuleta-ovaladas-11-x-8-cm\/#primaryimage\"},\"image\":{\"@id\":\"https:\/\/www.csj-emballages.com\/es\/produit\/470-hojas-de-chuleta-ovaladas-11-x-8-cm\/#primaryimage\"},\"thumbnailUrl\":\"https:\/\/www.csj-emballages.com\/wp-content\/uploads\/2024\/03\/PS118.webp\",\"datePublished\":\"2024-03-01T15:50:22+00:00\",\"dateModified\":\"2026-05-04T00:13:01+00:00\",\"description\":\"Papel separador para hamburguesa ovalado 11 x 8 cm \u2013 pack de 470. Pr\u00e1ctico e higi\u00e9nico, ideal para almacenar, congelar y manipular sus carnes.\",\"breadcrumb\":{\"@id\":\"https:\/\/www.csj-emballages.com\/es\/produit\/470-hojas-de-chuleta-ovaladas-11-x-8-cm\/#breadcrumb\"},\"inLanguage\":\"es\",\"potentialAction\":[{\"@type\":\"ReadAction\",\"target\":[\"https:\/\/www.csj-emballages.com\/es\/produit\/470-hojas-de-chuleta-ovaladas-11-x-8-cm\/\"]}]},{\"@type\":\"ImageObject\",\"inLanguage\":\"es\",\"@id\":\"https:\/\/www.csj-emballages.com\/es\/produit\/470-hojas-de-chuleta-ovaladas-11-x-8-cm\/#primaryimage\",\"url\":\"https:\/\/www.csj-emballages.com\/wp-content\/uploads\/2024\/03\/PS118.webp\",\"contentUrl\":\"https:\/\/www.csj-emballages.com\/wp-content\/uploads\/2024\/03\/PS118.webp\",\"width\":800,\"height\":800,\"caption\":\"Feuille de s\u00e9paration steak\"},{\"@type\":\"BreadcrumbList\",\"@id\":\"https:\/\/www.csj-emballages.com\/es\/produit\/470-hojas-de-chuleta-ovaladas-11-x-8-cm\/#breadcrumb\",\"itemListElement\":[{\"@type\":\"ListItem\",\"position\":1,\"name\":\"Accueil\",\"item\":\"https:\/\/www.csj-emballages.com\/es\/universo-del-envasado-alimentario\/\"},{\"@type\":\"ListItem\",\"position\":2,\"name\":\"Tienda\",\"item\":\"https:\/\/www.csj-emballages.com\/tienda\/\"},{\"@type\":\"ListItem\",\"position\":3,\"name\":\"Separador de filetes ovalado 11 x 8 cm por 2000\"}]},{\"@type\":\"WebSite\",\"@id\":\"https:\/\/www.csj-emballages.com\/es\/#website\",\"url\":\"https:\/\/www.csj-emballages.com\/es\/\",\"name\":\"CSJ Emballages\",\"description\":\"\",\"publisher\":{\"@id\":\"https:\/\/www.csj-emballages.com\/es\/#organization\"},\"potentialAction\":[{\"@type\":\"SearchAction\",\"target\":{\"@type\":\"EntryPoint\",\"urlTemplate\":\"https:\/\/www.csj-emballages.com\/es\/?s={search_term_string}\"},\"query-input\":{\"@type\":\"PropertyValueSpecification\",\"valueRequired\":true,\"valueName\":\"search_term_string\"}}],\"inLanguage\":\"es\"},{\"@type\":\"Organization\",\"@id\":\"https:\/\/www.csj-emballages.com\/es\/#Organization\/\",\"name\":\"CSJ Emballages\",\"url\":\"https:\/\/www.csj-emballages.com\/es\/\",\"logo\":{\"@type\":\"ImageObject\",\"inLanguage\":\"es\",\"@id\":\"https:\/\/www.csj-emballages.com\/es\/#\/schema\/logo\/image\/\",\"url\":\"https:\/\/www.csj-emballages.com\/wp-content\/uploads\/2023\/10\/logo_csj.webp\",\"contentUrl\":\"https:\/\/www.csj-emballages.com\/wp-content\/uploads\/2023\/10\/logo_csj.webp\",\"width\":250,\"height\":95,\"caption\":\"CSJ Emballages\"},\"image\":{\"@id\":\"https:\/\/www.csj-emballages.com\/es\/#\/schema\/logo\/image\/\"},\"sameAs\":[\"https:\/\/www.facebook.com\/csjemballages\"],\"address\":{\"@type\":\"PostalAddress\",\"streetAddress\":\"ZI La Lechere\",\"addressLocality\":\"Patornay\",\"postalCode\":\"39130\",\"addressCountry\":\"FR\"},\"contactPoint\":[{\"@type\":\"ContactPoint\",\"contactType\":\"Service client\",\"telephone\":\"0384254272\",\"email\":\"contact@csj-emballages.com\"}]}]}<\/script>\n<!-- \/ Yoast SEO Premium plugin. -->","yoast_head_json":{"title":"Hoja de separaci\u00f3n ovalada 11 x 8 cm par 470","description":"Papel separador para hamburguesa ovalado 11 x 8 cm \u2013 pack de 470. Pr\u00e1ctico e higi\u00e9nico, ideal para almacenar, congelar y manipular sus carnes.","robots":{"index":"index","follow":"follow","max-snippet":"max-snippet:-1","max-image-preview":"max-image-preview:large","max-video-preview":"max-video-preview:-1"},"canonical":"https:\/\/www.csj-emballages.com\/es\/produit\/470-hojas-de-chuleta-ovaladas-11-x-8-cm\/","og_locale":"es_ES","og_type":"article","og_title":"Separador de filetes ovalado 11 x 8 cm por 2000","og_description":"Papel separador para hamburguesa ovalado 11 x 8 cm \u2013 pack de 470. Pr\u00e1ctico e higi\u00e9nico, ideal para almacenar, congelar y manipular sus carnes.","og_url":"https:\/\/www.csj-emballages.com\/es\/produit\/470-hojas-de-chuleta-ovaladas-11-x-8-cm\/","og_site_name":"CSJ Emballages","article_publisher":"https:\/\/www.facebook.com\/csjemballages","article_modified_time":"2026-05-04T00:13:01+00:00","og_image":[{"width":800,"height":800,"url":"https:\/\/www.csj-emballages.com\/wp-content\/uploads\/2024\/03\/PS118.webp","type":"image\/webp"}],"twitter_card":"summary_large_image","twitter_misc":{"Tiempo de lectura":"1 minuto"},"schema":{"@context":"https:\/\/schema.org","@graph":[{"@type":"WebPage","@id":"https:\/\/www.csj-emballages.com\/es\/produit\/470-hojas-de-chuleta-ovaladas-11-x-8-cm\/","url":"https:\/\/www.csj-emballages.com\/es\/produit\/470-hojas-de-chuleta-ovaladas-11-x-8-cm\/","name":"Hoja de separaci\u00f3n ovalada 11 x 8 cm par 470","isPartOf":{"@id":"https:\/\/www.csj-emballages.com\/es\/#website"},"primaryImageOfPage":{"@id":"https:\/\/www.csj-emballages.com\/es\/produit\/470-hojas-de-chuleta-ovaladas-11-x-8-cm\/#primaryimage"},"image":{"@id":"https:\/\/www.csj-emballages.com\/es\/produit\/470-hojas-de-chuleta-ovaladas-11-x-8-cm\/#primaryimage"},"thumbnailUrl":"https:\/\/www.csj-emballages.com\/wp-content\/uploads\/2024\/03\/PS118.webp","datePublished":"2024-03-01T15:50:22+00:00","dateModified":"2026-05-04T00:13:01+00:00","description":"Papel separador para hamburguesa ovalado 11 x 8 cm \u2013 pack de 470. Pr\u00e1ctico e higi\u00e9nico, ideal para almacenar, congelar y manipular sus carnes.","breadcrumb":{"@id":"https:\/\/www.csj-emballages.com\/es\/produit\/470-hojas-de-chuleta-ovaladas-11-x-8-cm\/#breadcrumb"},"inLanguage":"es","potentialAction":[{"@type":"ReadAction","target":["https:\/\/www.csj-emballages.com\/es\/produit\/470-hojas-de-chuleta-ovaladas-11-x-8-cm\/"]}]},{"@type":"ImageObject","inLanguage":"es","@id":"https:\/\/www.csj-emballages.com\/es\/produit\/470-hojas-de-chuleta-ovaladas-11-x-8-cm\/#primaryimage","url":"https:\/\/www.csj-emballages.com\/wp-content\/uploads\/2024\/03\/PS118.webp","contentUrl":"https:\/\/www.csj-emballages.com\/wp-content\/uploads\/2024\/03\/PS118.webp","width":800,"height":800,"caption":"Feuille de s\u00e9paration steak"},{"@type":"BreadcrumbList","@id":"https:\/\/www.csj-emballages.com\/es\/produit\/470-hojas-de-chuleta-ovaladas-11-x-8-cm\/#breadcrumb","itemListElement":[{"@type":"ListItem","position":1,"name":"Accueil","item":"https:\/\/www.csj-emballages.com\/es\/universo-del-envasado-alimentario\/"},{"@type":"ListItem","position":2,"name":"Tienda","item":"https:\/\/www.csj-emballages.com\/tienda\/"},{"@type":"ListItem","position":3,"name":"Separador de filetes ovalado 11 x 8 cm por 2000"}]},{"@type":"WebSite","@id":"https:\/\/www.csj-emballages.com\/es\/#website","url":"https:\/\/www.csj-emballages.com\/es\/","name":"CSJ Emballages","description":"","publisher":{"@id":"https:\/\/www.csj-emballages.com\/es\/#organization"},"potentialAction":[{"@type":"SearchAction","target":{"@type":"EntryPoint","urlTemplate":"https:\/\/www.csj-emballages.com\/es\/?s={search_term_string}"},"query-input":{"@type":"PropertyValueSpecification","valueRequired":true,"valueName":"search_term_string"}}],"inLanguage":"es"},{"@type":"Organization","@id":"https:\/\/www.csj-emballages.com\/es\/#Organization\/","name":"CSJ Emballages","url":"https:\/\/www.csj-emballages.com\/es\/","logo":{"@type":"ImageObject","inLanguage":"es","@id":"https:\/\/www.csj-emballages.com\/es\/#\/schema\/logo\/image\/","url":"https:\/\/www.csj-emballages.com\/wp-content\/uploads\/2023\/10\/logo_csj.webp","contentUrl":"https:\/\/www.csj-emballages.com\/wp-content\/uploads\/2023\/10\/logo_csj.webp","width":250,"height":95,"caption":"CSJ Emballages"},"image":{"@id":"https:\/\/www.csj-emballages.com\/es\/#\/schema\/logo\/image\/"},"sameAs":["https:\/\/www.facebook.com\/csjemballages"],"address":{"@type":"PostalAddress","streetAddress":"ZI La Lechere","addressLocality":"Patornay","postalCode":"39130","addressCountry":"FR"},"contactPoint":[{"@type":"ContactPoint","contactType":"Service client","telephone":"0384254272","email":"contact@csj-emballages.com"}]}]}},"df_price":20.68,"df_sale_price":"","df_regular_price":20.68,"df_image_link":"https:\/\/www.csj-emballages.com\/wp-content\/uploads\/2024\/03\/PS118-300x300.webp","tiered_pricing_type":"fixed","tiered_pricing_fixed_rules":[],"tiered_pricing_percentage_rules":[],"tiered_pricing_minimum":1,"tiered_pricing_roles_data":[],"_links":{"self":[{"href":"https:\/\/www.csj-emballages.com\/es\/wp-json\/wp\/v2\/product\/22729","targetHints":{"allow":["GET"]}}],"collection":[{"href":"https:\/\/www.csj-emballages.com\/es\/wp-json\/wp\/v2\/product"}],"about":[{"href":"https:\/\/www.csj-emballages.com\/es\/wp-json\/wp\/v2\/types\/product"}],"wp:featuredmedia":[{"embeddable":true,"href":"https:\/\/www.csj-emballages.com\/es\/wp-json\/wp\/v2\/media\/279030"}],"wp:attachment":[{"href":"https:\/\/www.csj-emballages.com\/es\/wp-json\/wp\/v2\/media?parent=22729"}],"wp:term":[{"taxonomy":"product_brand","embeddable":true,"href":"https:\/\/www.csj-emballages.com\/es\/wp-json\/wp\/v2\/product_brand?post=22729"},{"taxonomy":"product_cat","embeddable":true,"href":"https:\/\/www.csj-emballages.com\/es\/wp-json\/wp\/v2\/product_cat?post=22729"},{"taxonomy":"product_tag","embeddable":true,"href":"https:\/\/www.csj-emballages.com\/es\/wp-json\/wp\/v2\/product_tag?post=22729"}],"curies":[{"name":"wp","href":"https:\/\/api.w.org\/{rel}","templated":true}]}}