{"id":22727,"date":"2024-03-01T16:50:23","date_gmt":"2024-03-01T15:50:23","guid":{"rendered":"https:\/\/u15jnbdpoq.preview.infomaniak.website\/produit\/100-cestas-kraft-para-comida-caliente-con-ventana-para-horno-220c\/"},"modified":"2026-04-29T02:16:55","modified_gmt":"2026-04-29T00:16:55","slug":"100-cestas-kraft-para-comida-caliente-con-ventana-para-horno-220c","status":"publish","type":"product","link":"https:\/\/www.csj-emballages.com\/es\/produit\/100-cestas-kraft-para-comida-caliente-con-ventana-para-horno-220c\/","title":{"rendered":"Cesta de comida caliente Kraft con ventana, 100"},"content":{"rendered":"<div style=\"font-family: Roboto, sans-serif;\">\n<div style=\"font-family: Roboto, sans-serif;\">\n<div style=\"font-family: Roboto, sans-serif;\">\n<h2>Bandeja frita<\/h2>\n<hr>\n<h3>Descripci\u00f3n de nuestro cart\u00f3n frito 250 ml por 200<\/h3>\n<p><!--more--><\/p>\n<div class=\"flex-shrink-0 flex flex-col relative items-end\">\n<div class=\"pt-0.5 juice:pt-0\">\n<div class=\"gizmo-bot-avatar flex h-6 w-6 items-center justify-center overflow-hidden rounded-full juice:h-8 juice:w-8\">\n<div class=\"relative p-1 rounded-sm flex items-center justify-center bg-token-main-surface-primary text-token-text-primary h-8 w-8\">\n<p data-start=\"222\" data-end=\"698\">La <strong data-start=\"225\" data-end=\"276\">cesta kraft para comida caliente con ventana por 100<\/strong> se ha convertido r\u00e1pidamente en un art\u00edculo imprescindible para cualquiera que trabaje en el sector de la comida para llevar. Si busca un envase fiable, pr\u00e1ctico y atractivo, este modelo le encantar\u00e1. Nada m\u00e1s sostenerlo en la mano, se nota que ha sido dise\u00f1ado para facilitar el servicio diario: el <strong>cart\u00f3n<\/strong> es s\u00f3lido, mantiene bien <strong>el calor<\/strong> y, sobre todo, no se reblandece al introducir en \u00e9l un plato ligeramente h\u00famedo.  <\/p>\n<p data-start=\"700\" data-end=\"1059\">Gracias a su <strong data-start=\"711\" data-end=\"735\">ventana transparente<\/strong>, sus clientes podr\u00e1n ver inmediatamente lo que compran. Esto marca la diferencia: no s\u00f3lo hace que sus platos destaquen, sino que tambi\u00e9n evita tener que abrir la caja varias veces, lo que ahorra tiempo y mantiene los alimentos bien protegidos. En el servicio, cada segundo cuenta, y este tipo de detalles marcan realmente la diferencia.  <\/p>\n<p data-start=\"1061\" data-end=\"1518\">Del mismo modo, montar esta <strong>fiambrera<\/strong> es<strong data-start=\"1074\" data-end=\"1106\"> r\u00e1pido y sencillo<\/strong>, por lo que podr\u00e1 preparar varias en un abrir y cerrar de ojos, incluso en hora punta. Y como los clientes son cada vez m\u00e1s sensibles a la calidad del envase, el <g id=\"gid_2\">cart\u00f3n<\/g> le da un aspecto natural, limpio y aut\u00e9ntico que atrae de inmediato. Es ideal para un snack bar, un restaurante tradicional o un servicio de catering que quiera presentar platos calientes de forma limpia y profesional.  <\/p>\n<p data-start=\"1520\" data-end=\"1759\">Desde un punto de vista pr\u00e1ctico, su tama\u00f1o ofrece espacio suficiente para componer una comida completa: plato principal, guarnici\u00f3n, peque\u00f1o entrante&#8230; todo cabe f\u00e1cilmente. Esta <strong>fiambrera de cart\u00f3n<\/strong> es vers\u00e1til, fiable y, francamente, un placer utilizarla a diario. <\/p>\n<\/div>\n<p data-start=\"1520\" data-end=\"1759\">\n<h5><!--more--><\/h5>\n<\/div>\n<\/div>\n<\/div>\n<p data-start=\"1520\" data-end=\"1759\">Se puede hornear a 220\u00b0C durante 30 minutos sin tapa.<br \/>\nSe puede meter en el microondas.<\/p>\n<div class=\"flex-shrink-0 flex flex-col relative items-end\">\n<div class=\"pt-0.5 juice:pt-0\">\n<p data-start=\"1520\" data-end=\"1759\">\n<\/div>\n<\/div>\n<p><!--more--><\/p>\n<p><strong>Ventajas :<\/strong><\/p>\n<ul>\n<li data-start=\"1789\" data-end=\"1842\">Material <strong>kraft<\/strong> resistente que soporta bien el calor.<\/li>\n<li data-start=\"1845\" data-end=\"1902\"><strong>Ventana transparente<\/strong> para facilitar la presentaci\u00f3n.<\/li>\n<li data-start=\"1905\" data-end=\"1936\">Un aspecto natural y profesional.<\/li>\n<li data-start=\"1939\" data-end=\"1981\">R\u00e1pido de montar, ideal para periodos de mucho trabajo.<\/li>\n<li data-start=\"1984\" data-end=\"2035\">Perfecto para men\u00fas completos para llevar.<\/li>\n<\/ul>\n<p>&nbsp;<\/p>\n<p><!--more--><\/p>\n<h4>Informaci\u00f3n adicional :<\/h4>\n<ul>\n<li><strong>Embalaje<\/strong>: Paquete de 100<\/li>\n<li><strong>Dimensiones<\/strong>: 180 x 140 x 65 (L x A x A en mm)<\/li>\n<li><span style=\"font-weight: bold;\">Color <\/span>: Marr\u00f3n<\/li>\n<li><span style=\"font-weight: bold;\">Material <\/span>: Cart\u00f3n \/ PP<\/li>\n<\/ul>\n<\/div>\n<\/div>\n<\/div>\n<div style=\"font-family: Roboto, sans-serif;\">\n<div style=\"font-family: Roboto, sans-serif;\">\n<div style=\"font-family: Roboto, sans-serif;\">\n<p>&nbsp;<\/p>\n<p><!--more--><\/p>\n<p><a href=\"https:\/\/www.csj-emballages.com\/es\/categorie-produit\/envasado-de-alimentos\/catering-es\/cajas-bandejas-bolsas-conos\/bandejas-cajas-de-carton\/cajas-americanas-para-llevar\/\">Ver el resto de nuestra gama de cajas de cart\u00f3n americanas<\/a><\/p>\n<\/div>\n<\/div>\n<\/div>\n","protected":false},"excerpt":{"rendered":"<p>Bandeja frita Descripci\u00f3n de nuestro cart\u00f3n frito 250 ml por 200<\/p>\n","protected":false},"featured_media":255225,"template":"","meta":{"_acf_changed":false},"product_brand":[],"product_cat":[1150,1179,2043],"product_tag":[],"class_list":{"0":"post-22727","1":"product","2":"type-product","3":"status-publish","4":"has-post-thumbnail","6":"product_cat-envasado-de-alimentos","7":"product_cat-catering-es","8":"product_cat-cajas-americanas-para-llevar","10":"first","11":"instock","12":"taxable","13":"shipping-taxable","14":"purchasable","15":"product-type-simple"},"acf":[],"yoast_head":"<!-- This site is optimized with the Yoast SEO Premium plugin v26.6 (Yoast SEO v26.6) - https:\/\/yoast.com\/wordpress\/plugins\/seo\/ -->\n<title>Cesta de almuerzo caliente Kraft con ventana, 100 unid.<\/title>\n<meta name=\"description\" content=\"Cesta kraft para comida caliente con ventana (paquete de 100). Resistente y pr\u00e1ctica, ideal para exponer y transportar sus men\u00fas calientes para llevar.\" \/>\n<meta name=\"robots\" content=\"index, follow, max-snippet:-1, max-image-preview:large, max-video-preview:-1\" \/>\n<link rel=\"canonical\" href=\"https:\/\/www.csj-emballages.com\/es\/produit\/100-cestas-kraft-para-comida-caliente-con-ventana-para-horno-220c\/\" \/>\n<meta property=\"og:locale\" content=\"es_ES\" \/>\n<meta property=\"og:type\" content=\"article\" \/>\n<meta property=\"og:title\" content=\"Cesta de comida caliente Kraft con ventana, 100\" \/>\n<meta property=\"og:description\" content=\"Cesta kraft para comida caliente con ventana (paquete de 100). Resistente y pr\u00e1ctica, ideal para exponer y transportar sus men\u00fas calientes para llevar.\" \/>\n<meta property=\"og:url\" content=\"https:\/\/www.csj-emballages.com\/es\/produit\/100-cestas-kraft-para-comida-caliente-con-ventana-para-horno-220c\/\" \/>\n<meta property=\"og:site_name\" content=\"CSJ Emballages\" \/>\n<meta property=\"article:publisher\" content=\"https:\/\/www.facebook.com\/csjemballages\" \/>\n<meta property=\"article:modified_time\" content=\"2026-04-29T00:16:55+00:00\" \/>\n<meta property=\"og:image\" content=\"https:\/\/www.csj-emballages.com\/wp-content\/uploads\/2024\/03\/739001GFRS001.webp\" \/>\n\t<meta property=\"og:image:width\" content=\"800\" \/>\n\t<meta property=\"og:image:height\" content=\"800\" \/>\n\t<meta property=\"og:image:type\" content=\"image\/webp\" \/>\n<meta name=\"twitter:card\" content=\"summary_large_image\" \/>\n<meta name=\"twitter:label1\" content=\"Tiempo de lectura\" \/>\n\t<meta name=\"twitter:data1\" content=\"2 minutos\" \/>\n<script type=\"application\/ld+json\" class=\"yoast-schema-graph\">{\"@context\":\"https:\/\/schema.org\",\"@graph\":[{\"@type\":\"WebPage\",\"@id\":\"https:\/\/www.csj-emballages.com\/es\/produit\/100-cestas-kraft-para-comida-caliente-con-ventana-para-horno-220c\/\",\"url\":\"https:\/\/www.csj-emballages.com\/es\/produit\/100-cestas-kraft-para-comida-caliente-con-ventana-para-horno-220c\/\",\"name\":\"Cesta de almuerzo caliente Kraft con ventana, 100 unid.\",\"isPartOf\":{\"@id\":\"https:\/\/www.csj-emballages.com\/es\/#website\"},\"primaryImageOfPage\":{\"@id\":\"https:\/\/www.csj-emballages.com\/es\/produit\/100-cestas-kraft-para-comida-caliente-con-ventana-para-horno-220c\/#primaryimage\"},\"image\":{\"@id\":\"https:\/\/www.csj-emballages.com\/es\/produit\/100-cestas-kraft-para-comida-caliente-con-ventana-para-horno-220c\/#primaryimage\"},\"thumbnailUrl\":\"https:\/\/www.csj-emballages.com\/wp-content\/uploads\/2024\/03\/739001GFRS001.webp\",\"datePublished\":\"2024-03-01T15:50:23+00:00\",\"dateModified\":\"2026-04-29T00:16:55+00:00\",\"description\":\"Cesta kraft para comida caliente con ventana (paquete de 100). Resistente y pr\u00e1ctica, ideal para exponer y transportar sus men\u00fas calientes para llevar.\",\"breadcrumb\":{\"@id\":\"https:\/\/www.csj-emballages.com\/es\/produit\/100-cestas-kraft-para-comida-caliente-con-ventana-para-horno-220c\/#breadcrumb\"},\"inLanguage\":\"es\",\"potentialAction\":[{\"@type\":\"ReadAction\",\"target\":[\"https:\/\/www.csj-emballages.com\/es\/produit\/100-cestas-kraft-para-comida-caliente-con-ventana-para-horno-220c\/\"]}]},{\"@type\":\"ImageObject\",\"inLanguage\":\"es\",\"@id\":\"https:\/\/www.csj-emballages.com\/es\/produit\/100-cestas-kraft-para-comida-caliente-con-ventana-para-horno-220c\/#primaryimage\",\"url\":\"https:\/\/www.csj-emballages.com\/wp-content\/uploads\/2024\/03\/739001GFRS001.webp\",\"contentUrl\":\"https:\/\/www.csj-emballages.com\/wp-content\/uploads\/2024\/03\/739001GFRS001.webp\",\"width\":800,\"height\":800,\"caption\":\"Panier repas\"},{\"@type\":\"BreadcrumbList\",\"@id\":\"https:\/\/www.csj-emballages.com\/es\/produit\/100-cestas-kraft-para-comida-caliente-con-ventana-para-horno-220c\/#breadcrumb\",\"itemListElement\":[{\"@type\":\"ListItem\",\"position\":1,\"name\":\"Accueil\",\"item\":\"https:\/\/www.csj-emballages.com\/es\/universo-del-envasado-alimentario\/\"},{\"@type\":\"ListItem\",\"position\":2,\"name\":\"Tienda\",\"item\":\"https:\/\/www.csj-emballages.com\/tienda\/\"},{\"@type\":\"ListItem\",\"position\":3,\"name\":\"Cesta de comida caliente Kraft con ventana, 100\"}]},{\"@type\":\"WebSite\",\"@id\":\"https:\/\/www.csj-emballages.com\/es\/#website\",\"url\":\"https:\/\/www.csj-emballages.com\/es\/\",\"name\":\"CSJ Emballages\",\"description\":\"\",\"publisher\":{\"@id\":\"https:\/\/www.csj-emballages.com\/es\/#organization\"},\"potentialAction\":[{\"@type\":\"SearchAction\",\"target\":{\"@type\":\"EntryPoint\",\"urlTemplate\":\"https:\/\/www.csj-emballages.com\/es\/?s={search_term_string}\"},\"query-input\":{\"@type\":\"PropertyValueSpecification\",\"valueRequired\":true,\"valueName\":\"search_term_string\"}}],\"inLanguage\":\"es\"},{\"@type\":\"Organization\",\"@id\":\"https:\/\/www.csj-emballages.com\/es\/#Organization\/\",\"name\":\"CSJ Emballages\",\"url\":\"https:\/\/www.csj-emballages.com\/es\/\",\"logo\":{\"@type\":\"ImageObject\",\"inLanguage\":\"es\",\"@id\":\"https:\/\/www.csj-emballages.com\/es\/#\/schema\/logo\/image\/\",\"url\":\"https:\/\/www.csj-emballages.com\/wp-content\/uploads\/2023\/10\/logo_csj.webp\",\"contentUrl\":\"https:\/\/www.csj-emballages.com\/wp-content\/uploads\/2023\/10\/logo_csj.webp\",\"width\":250,\"height\":95,\"caption\":\"CSJ Emballages\"},\"image\":{\"@id\":\"https:\/\/www.csj-emballages.com\/es\/#\/schema\/logo\/image\/\"},\"sameAs\":[\"https:\/\/www.facebook.com\/csjemballages\"],\"address\":{\"@type\":\"PostalAddress\",\"streetAddress\":\"ZI La Lechere\",\"addressLocality\":\"Patornay\",\"postalCode\":\"39130\",\"addressCountry\":\"FR\"},\"contactPoint\":[{\"@type\":\"ContactPoint\",\"contactType\":\"Service client\",\"telephone\":\"0384254272\",\"email\":\"contact@csj-emballages.com\"}]}]}<\/script>\n<!-- \/ Yoast SEO Premium plugin. -->","yoast_head_json":{"title":"Cesta de almuerzo caliente Kraft con ventana, 100 unid.","description":"Cesta kraft para comida caliente con ventana (paquete de 100). Resistente y pr\u00e1ctica, ideal para exponer y transportar sus men\u00fas calientes para llevar.","robots":{"index":"index","follow":"follow","max-snippet":"max-snippet:-1","max-image-preview":"max-image-preview:large","max-video-preview":"max-video-preview:-1"},"canonical":"https:\/\/www.csj-emballages.com\/es\/produit\/100-cestas-kraft-para-comida-caliente-con-ventana-para-horno-220c\/","og_locale":"es_ES","og_type":"article","og_title":"Cesta de comida caliente Kraft con ventana, 100","og_description":"Cesta kraft para comida caliente con ventana (paquete de 100). Resistente y pr\u00e1ctica, ideal para exponer y transportar sus men\u00fas calientes para llevar.","og_url":"https:\/\/www.csj-emballages.com\/es\/produit\/100-cestas-kraft-para-comida-caliente-con-ventana-para-horno-220c\/","og_site_name":"CSJ Emballages","article_publisher":"https:\/\/www.facebook.com\/csjemballages","article_modified_time":"2026-04-29T00:16:55+00:00","og_image":[{"width":800,"height":800,"url":"https:\/\/www.csj-emballages.com\/wp-content\/uploads\/2024\/03\/739001GFRS001.webp","type":"image\/webp"}],"twitter_card":"summary_large_image","twitter_misc":{"Tiempo de lectura":"2 minutos"},"schema":{"@context":"https:\/\/schema.org","@graph":[{"@type":"WebPage","@id":"https:\/\/www.csj-emballages.com\/es\/produit\/100-cestas-kraft-para-comida-caliente-con-ventana-para-horno-220c\/","url":"https:\/\/www.csj-emballages.com\/es\/produit\/100-cestas-kraft-para-comida-caliente-con-ventana-para-horno-220c\/","name":"Cesta de almuerzo caliente Kraft con ventana, 100 unid.","isPartOf":{"@id":"https:\/\/www.csj-emballages.com\/es\/#website"},"primaryImageOfPage":{"@id":"https:\/\/www.csj-emballages.com\/es\/produit\/100-cestas-kraft-para-comida-caliente-con-ventana-para-horno-220c\/#primaryimage"},"image":{"@id":"https:\/\/www.csj-emballages.com\/es\/produit\/100-cestas-kraft-para-comida-caliente-con-ventana-para-horno-220c\/#primaryimage"},"thumbnailUrl":"https:\/\/www.csj-emballages.com\/wp-content\/uploads\/2024\/03\/739001GFRS001.webp","datePublished":"2024-03-01T15:50:23+00:00","dateModified":"2026-04-29T00:16:55+00:00","description":"Cesta kraft para comida caliente con ventana (paquete de 100). Resistente y pr\u00e1ctica, ideal para exponer y transportar sus men\u00fas calientes para llevar.","breadcrumb":{"@id":"https:\/\/www.csj-emballages.com\/es\/produit\/100-cestas-kraft-para-comida-caliente-con-ventana-para-horno-220c\/#breadcrumb"},"inLanguage":"es","potentialAction":[{"@type":"ReadAction","target":["https:\/\/www.csj-emballages.com\/es\/produit\/100-cestas-kraft-para-comida-caliente-con-ventana-para-horno-220c\/"]}]},{"@type":"ImageObject","inLanguage":"es","@id":"https:\/\/www.csj-emballages.com\/es\/produit\/100-cestas-kraft-para-comida-caliente-con-ventana-para-horno-220c\/#primaryimage","url":"https:\/\/www.csj-emballages.com\/wp-content\/uploads\/2024\/03\/739001GFRS001.webp","contentUrl":"https:\/\/www.csj-emballages.com\/wp-content\/uploads\/2024\/03\/739001GFRS001.webp","width":800,"height":800,"caption":"Panier repas"},{"@type":"BreadcrumbList","@id":"https:\/\/www.csj-emballages.com\/es\/produit\/100-cestas-kraft-para-comida-caliente-con-ventana-para-horno-220c\/#breadcrumb","itemListElement":[{"@type":"ListItem","position":1,"name":"Accueil","item":"https:\/\/www.csj-emballages.com\/es\/universo-del-envasado-alimentario\/"},{"@type":"ListItem","position":2,"name":"Tienda","item":"https:\/\/www.csj-emballages.com\/tienda\/"},{"@type":"ListItem","position":3,"name":"Cesta de comida caliente Kraft con ventana, 100"}]},{"@type":"WebSite","@id":"https:\/\/www.csj-emballages.com\/es\/#website","url":"https:\/\/www.csj-emballages.com\/es\/","name":"CSJ Emballages","description":"","publisher":{"@id":"https:\/\/www.csj-emballages.com\/es\/#organization"},"potentialAction":[{"@type":"SearchAction","target":{"@type":"EntryPoint","urlTemplate":"https:\/\/www.csj-emballages.com\/es\/?s={search_term_string}"},"query-input":{"@type":"PropertyValueSpecification","valueRequired":true,"valueName":"search_term_string"}}],"inLanguage":"es"},{"@type":"Organization","@id":"https:\/\/www.csj-emballages.com\/es\/#Organization\/","name":"CSJ Emballages","url":"https:\/\/www.csj-emballages.com\/es\/","logo":{"@type":"ImageObject","inLanguage":"es","@id":"https:\/\/www.csj-emballages.com\/es\/#\/schema\/logo\/image\/","url":"https:\/\/www.csj-emballages.com\/wp-content\/uploads\/2023\/10\/logo_csj.webp","contentUrl":"https:\/\/www.csj-emballages.com\/wp-content\/uploads\/2023\/10\/logo_csj.webp","width":250,"height":95,"caption":"CSJ Emballages"},"image":{"@id":"https:\/\/www.csj-emballages.com\/es\/#\/schema\/logo\/image\/"},"sameAs":["https:\/\/www.facebook.com\/csjemballages"],"address":{"@type":"PostalAddress","streetAddress":"ZI La Lechere","addressLocality":"Patornay","postalCode":"39130","addressCountry":"FR"},"contactPoint":[{"@type":"ContactPoint","contactType":"Service client","telephone":"0384254272","email":"contact@csj-emballages.com"}]}]}},"df_price":70.24,"df_sale_price":"","df_regular_price":70.24,"df_image_link":"https:\/\/www.csj-emballages.com\/wp-content\/uploads\/2024\/03\/739001GFRS001-300x300.webp","tiered_pricing_type":"fixed","tiered_pricing_fixed_rules":[],"tiered_pricing_percentage_rules":[],"tiered_pricing_minimum":1,"tiered_pricing_roles_data":[],"_links":{"self":[{"href":"https:\/\/www.csj-emballages.com\/es\/wp-json\/wp\/v2\/product\/22727","targetHints":{"allow":["GET"]}}],"collection":[{"href":"https:\/\/www.csj-emballages.com\/es\/wp-json\/wp\/v2\/product"}],"about":[{"href":"https:\/\/www.csj-emballages.com\/es\/wp-json\/wp\/v2\/types\/product"}],"wp:featuredmedia":[{"embeddable":true,"href":"https:\/\/www.csj-emballages.com\/es\/wp-json\/wp\/v2\/media\/255225"}],"wp:attachment":[{"href":"https:\/\/www.csj-emballages.com\/es\/wp-json\/wp\/v2\/media?parent=22727"}],"wp:term":[{"taxonomy":"product_brand","embeddable":true,"href":"https:\/\/www.csj-emballages.com\/es\/wp-json\/wp\/v2\/product_brand?post=22727"},{"taxonomy":"product_cat","embeddable":true,"href":"https:\/\/www.csj-emballages.com\/es\/wp-json\/wp\/v2\/product_cat?post=22727"},{"taxonomy":"product_tag","embeddable":true,"href":"https:\/\/www.csj-emballages.com\/es\/wp-json\/wp\/v2\/product_tag?post=22727"}],"curies":[{"name":"wp","href":"https:\/\/api.w.org\/{rel}","templated":true}]}}