{"id":22726,"date":"2024-03-01T16:50:24","date_gmt":"2024-03-01T15:50:24","guid":{"rendered":"https:\/\/u15jnbdpoq.preview.infomaniak.website\/produit\/200-tripodes-de-plastico-para-pizza-37-mm\/"},"modified":"2026-05-02T02:11:42","modified_gmt":"2026-05-02T00:11:42","slug":"200-tripodes-de-plastico-para-pizza-37-mm","status":"publish","type":"product","link":"https:\/\/www.csj-emballages.com\/es\/produit\/200-tripodes-de-plastico-para-pizza-37-mm\/","title":{"rendered":"Tr\u00edpode de pl\u00e1stico para pizza 37 mm por 200"},"content":{"rendered":"<h2>Tr\u00edpode para pizza<\/h2>\n<div style=\"text-align: left;\">\n<hr>\n<h3 style=\"text-align: left;\">Descubra nuestro tr\u00edpode de pl\u00e1stico para pizza de 37 mm por 200<\/h3>\n<p><!--more--><\/p>\n<div style=\"text-align: left;\">\n<p data-start=\"311\" data-end=\"620\">Cuando env\u00edas una pizza caliente, quieres que llegue a la puerta de tu cliente exactamente como sali\u00f3 del horno: bonita, intacta y apetitosa. Precisamente por eso, este <strong data-start=\"509\" data-end=\"550\">tr\u00edpode de pl\u00e1stico para pizza de 37 mm<\/strong>, que se vende <strong>en paquetes de 200 unidades<\/strong>, es imprescindible en su cocina. <\/p>\n<p data-start=\"622\" data-end=\"1010\">En cuanto se coloca en el <strong>centro de la pizza<\/strong>, protege eficazmente la cobertura para que no quede aplastada por la tapa de la caja. Se acabaron las pizzas pegadas a la caja, los quesos aplastados y las presentaciones estropeadas: su preparaci\u00f3n permanece impecable del horno a la mesa. Gracias a su tama\u00f1o <strong>de 37 mm<\/strong>, es la altura ideal para mantener el espacio que necesita sin dejar de ser discreto.  <\/p>\n<p data-start=\"1012\" data-end=\"1292\">Su <strong>pl\u00e1stico apto para uso alimentario<\/strong> tambi\u00e9n garantiza su seguridad. Es resistente al calor, no se deforma y no huele. Puedes usarla en todo tipo de pizzas: cl\u00e1sicas, generosas, con muchos ingredientes o incluso en formatos m\u00e1s finos.  <\/p>\n<p data-start=\"1294\" data-end=\"1570\">Adem\u00e1s, con su envase <strong data-start=\"1336\" data-end=\"1350\">de 200 unidades<\/strong>, dispondr\u00e1 de un c\u00f3modo stock, perfecto para un uso regular o intensivo. Este envase le ahorra tiempo en el servicio, al tiempo que ofrece una presentaci\u00f3n profesional y pulida para cada pedido. <\/p>\n<p data-start=\"1572\" data-end=\"1785\">Este <strong>peque\u00f1o accesorio<\/strong>, a menudo olvidado pero terriblemente \u00fatil, demuestra su atenci\u00f3n al detalle. Demuestra a sus clientes que presta atenci\u00f3n a la calidad hasta el \u00faltimo momento: incluso durante el transporte. <\/p>\n<p data-start=\"1572\" data-end=\"1785\">\n<p data-start=\"1836\" data-end=\"2037\"><!--more--><\/p>\n<\/div>\n<h4>Ventajas :<\/h4>\n<ul>\n<li data-start=\"1813\" data-end=\"1861\"><strong>Protege la pizza<\/strong> del aplastamiento en su caja.<\/li>\n<li data-start=\"1864\" data-end=\"1919\">Mantiene una bonita presentaci\u00f3n hasta la entrega.<\/li>\n<li data-start=\"1922\" data-end=\"1973\"><strong>Tama\u00f1o de 37 mm<\/strong> perfecto para todos los tama\u00f1os de pizza.<\/li>\n<li data-start=\"1976\" data-end=\"2022\">Pl\u00e1stico alimentario resistente al calor.<\/li>\n<li data-start=\"2025\" data-end=\"2066\">Muy discreto pero terriblemente eficaz.<\/li>\n<li data-start=\"2069\" data-end=\"2099\">Paquete de <strong>200<\/strong> unidades.<\/li>\n<li data-start=\"2102\" data-end=\"2162\">Ideal para pizzer\u00edas, camiones de comida y servicios de reparto.<\/li>\n<\/ul>\n<p>&nbsp;<\/p>\n<p><!--more--><\/p>\n<h4>Informaci\u00f3n adicional :<\/h4>\n<ul>\n<li><strong>Envase<\/strong>: Paquete de 200<\/li>\n<li><strong>Altura<\/strong>: 37 mm<\/li>\n<li><strong>Material<\/strong>: PP<\/li>\n<li><strong>Color<\/strong>: blanco<\/li>\n<\/ul>\n<\/div>\n<p>&nbsp;<\/p>\n<p><!--more--><\/p>\n<div style=\"text-align: left;\">\n<div style=\"text-align: left;\">\n<div style=\"text-align: left;\">\n<div style=\"text-align: left;\">\n<p><a href=\"https:\/\/www.csj-emballages.com\/es\/categorie-produit\/envasado-de-alimentos\/catering-es\/cajas-bandejas-bolsas-conos\/cajas-de-pizza\/\"><span style=\"text-decoration: underline;\">Ver el resto de nuestra gama de cajas para pizza<\/span><\/a><\/p>\n<\/div>\n<\/div>\n<\/div>\n<\/div>\n","protected":false},"excerpt":{"rendered":"<p>Tr\u00edpode para pizza Descubra nuestro tr\u00edpode de pl\u00e1stico para pizza de 37 mm por 200<\/p>\n","protected":false},"featured_media":255318,"template":"","meta":{"_acf_changed":false},"product_brand":[],"product_cat":[1179,2233],"product_tag":[],"class_list":{"0":"post-22726","1":"product","2":"type-product","3":"status-publish","4":"has-post-thumbnail","6":"product_cat-catering-es","7":"product_cat-cajas-de-pizza","9":"first","10":"instock","11":"taxable","12":"shipping-taxable","13":"purchasable","14":"product-type-simple"},"acf":[],"yoast_head":"<!-- This site is optimized with the Yoast SEO Premium plugin v26.6 (Yoast SEO v26.6) - https:\/\/yoast.com\/wordpress\/plugins\/seo\/ -->\n<title>Tr\u00edpode de pl\u00e1stico para pizza 37 mm por 200<\/title>\n<meta name=\"description\" content=\"Tr\u00edpode para pizzas 37 mm por 200. Accesorio indispensable para evitar que las pizzas se aplasten y garantizar una bonita presentaci\u00f3n hasta la entrega.\" \/>\n<meta name=\"robots\" content=\"index, follow, max-snippet:-1, max-image-preview:large, max-video-preview:-1\" \/>\n<link rel=\"canonical\" href=\"https:\/\/www.csj-emballages.com\/es\/produit\/200-tripodes-de-plastico-para-pizza-37-mm\/\" \/>\n<meta property=\"og:locale\" content=\"es_ES\" \/>\n<meta property=\"og:type\" content=\"article\" \/>\n<meta property=\"og:title\" content=\"Tr\u00edpode de pl\u00e1stico para pizza 37 mm por 200\" \/>\n<meta property=\"og:description\" content=\"Tr\u00edpode para pizzas 37 mm por 200. Accesorio indispensable para evitar que las pizzas se aplasten y garantizar una bonita presentaci\u00f3n hasta la entrega.\" \/>\n<meta property=\"og:url\" content=\"https:\/\/www.csj-emballages.com\/es\/produit\/200-tripodes-de-plastico-para-pizza-37-mm\/\" \/>\n<meta property=\"og:site_name\" content=\"CSJ Emballages\" \/>\n<meta property=\"article:publisher\" content=\"https:\/\/www.facebook.com\/csjemballages\" \/>\n<meta property=\"article:modified_time\" content=\"2026-05-02T00:11:42+00:00\" \/>\n<meta property=\"og:image\" content=\"https:\/\/www.csj-emballages.com\/wp-content\/uploads\/2024\/03\/Trepied-a-pizza.webp\" \/>\n\t<meta property=\"og:image:width\" content=\"800\" \/>\n\t<meta property=\"og:image:height\" content=\"800\" \/>\n\t<meta property=\"og:image:type\" content=\"image\/webp\" \/>\n<meta name=\"twitter:card\" content=\"summary_large_image\" \/>\n<meta name=\"twitter:label1\" content=\"Tiempo de lectura\" \/>\n\t<meta name=\"twitter:data1\" content=\"2 minutos\" \/>\n<script type=\"application\/ld+json\" class=\"yoast-schema-graph\">{\"@context\":\"https:\/\/schema.org\",\"@graph\":[{\"@type\":\"WebPage\",\"@id\":\"https:\/\/www.csj-emballages.com\/es\/produit\/200-tripodes-de-plastico-para-pizza-37-mm\/\",\"url\":\"https:\/\/www.csj-emballages.com\/es\/produit\/200-tripodes-de-plastico-para-pizza-37-mm\/\",\"name\":\"Tr\u00edpode de pl\u00e1stico para pizza 37 mm por 200\",\"isPartOf\":{\"@id\":\"https:\/\/www.csj-emballages.com\/es\/#website\"},\"primaryImageOfPage\":{\"@id\":\"https:\/\/www.csj-emballages.com\/es\/produit\/200-tripodes-de-plastico-para-pizza-37-mm\/#primaryimage\"},\"image\":{\"@id\":\"https:\/\/www.csj-emballages.com\/es\/produit\/200-tripodes-de-plastico-para-pizza-37-mm\/#primaryimage\"},\"thumbnailUrl\":\"https:\/\/www.csj-emballages.com\/wp-content\/uploads\/2024\/03\/Trepied-a-pizza.webp\",\"datePublished\":\"2024-03-01T15:50:24+00:00\",\"dateModified\":\"2026-05-02T00:11:42+00:00\",\"description\":\"Tr\u00edpode para pizzas 37 mm por 200. Accesorio indispensable para evitar que las pizzas se aplasten y garantizar una bonita presentaci\u00f3n hasta la entrega.\",\"breadcrumb\":{\"@id\":\"https:\/\/www.csj-emballages.com\/es\/produit\/200-tripodes-de-plastico-para-pizza-37-mm\/#breadcrumb\"},\"inLanguage\":\"es\",\"potentialAction\":[{\"@type\":\"ReadAction\",\"target\":[\"https:\/\/www.csj-emballages.com\/es\/produit\/200-tripodes-de-plastico-para-pizza-37-mm\/\"]}]},{\"@type\":\"ImageObject\",\"inLanguage\":\"es\",\"@id\":\"https:\/\/www.csj-emballages.com\/es\/produit\/200-tripodes-de-plastico-para-pizza-37-mm\/#primaryimage\",\"url\":\"https:\/\/www.csj-emballages.com\/wp-content\/uploads\/2024\/03\/Trepied-a-pizza.webp\",\"contentUrl\":\"https:\/\/www.csj-emballages.com\/wp-content\/uploads\/2024\/03\/Trepied-a-pizza.webp\",\"width\":800,\"height\":800,\"caption\":\"Tr\u00e9pied \u00e0 pizza\"},{\"@type\":\"BreadcrumbList\",\"@id\":\"https:\/\/www.csj-emballages.com\/es\/produit\/200-tripodes-de-plastico-para-pizza-37-mm\/#breadcrumb\",\"itemListElement\":[{\"@type\":\"ListItem\",\"position\":1,\"name\":\"Accueil\",\"item\":\"https:\/\/www.csj-emballages.com\/es\/universo-del-envasado-alimentario\/\"},{\"@type\":\"ListItem\",\"position\":2,\"name\":\"Tienda\",\"item\":\"https:\/\/www.csj-emballages.com\/tienda\/\"},{\"@type\":\"ListItem\",\"position\":3,\"name\":\"Tr\u00edpode de pl\u00e1stico para pizza 37 mm por 200\"}]},{\"@type\":\"WebSite\",\"@id\":\"https:\/\/www.csj-emballages.com\/es\/#website\",\"url\":\"https:\/\/www.csj-emballages.com\/es\/\",\"name\":\"CSJ Emballages\",\"description\":\"\",\"publisher\":{\"@id\":\"https:\/\/www.csj-emballages.com\/es\/#organization\"},\"potentialAction\":[{\"@type\":\"SearchAction\",\"target\":{\"@type\":\"EntryPoint\",\"urlTemplate\":\"https:\/\/www.csj-emballages.com\/es\/?s={search_term_string}\"},\"query-input\":{\"@type\":\"PropertyValueSpecification\",\"valueRequired\":true,\"valueName\":\"search_term_string\"}}],\"inLanguage\":\"es\"},{\"@type\":\"Organization\",\"@id\":\"https:\/\/www.csj-emballages.com\/es\/#Organization\/\",\"name\":\"CSJ Emballages\",\"url\":\"https:\/\/www.csj-emballages.com\/es\/\",\"logo\":{\"@type\":\"ImageObject\",\"inLanguage\":\"es\",\"@id\":\"https:\/\/www.csj-emballages.com\/es\/#\/schema\/logo\/image\/\",\"url\":\"https:\/\/www.csj-emballages.com\/wp-content\/uploads\/2023\/10\/logo_csj.webp\",\"contentUrl\":\"https:\/\/www.csj-emballages.com\/wp-content\/uploads\/2023\/10\/logo_csj.webp\",\"width\":250,\"height\":95,\"caption\":\"CSJ Emballages\"},\"image\":{\"@id\":\"https:\/\/www.csj-emballages.com\/es\/#\/schema\/logo\/image\/\"},\"sameAs\":[\"https:\/\/www.facebook.com\/csjemballages\"],\"address\":{\"@type\":\"PostalAddress\",\"streetAddress\":\"ZI La Lechere\",\"addressLocality\":\"Patornay\",\"postalCode\":\"39130\",\"addressCountry\":\"FR\"},\"contactPoint\":[{\"@type\":\"ContactPoint\",\"contactType\":\"Service client\",\"telephone\":\"0384254272\",\"email\":\"contact@csj-emballages.com\"}]}]}<\/script>\n<!-- \/ Yoast SEO Premium plugin. -->","yoast_head_json":{"title":"Tr\u00edpode de pl\u00e1stico para pizza 37 mm por 200","description":"Tr\u00edpode para pizzas 37 mm por 200. Accesorio indispensable para evitar que las pizzas se aplasten y garantizar una bonita presentaci\u00f3n hasta la entrega.","robots":{"index":"index","follow":"follow","max-snippet":"max-snippet:-1","max-image-preview":"max-image-preview:large","max-video-preview":"max-video-preview:-1"},"canonical":"https:\/\/www.csj-emballages.com\/es\/produit\/200-tripodes-de-plastico-para-pizza-37-mm\/","og_locale":"es_ES","og_type":"article","og_title":"Tr\u00edpode de pl\u00e1stico para pizza 37 mm por 200","og_description":"Tr\u00edpode para pizzas 37 mm por 200. Accesorio indispensable para evitar que las pizzas se aplasten y garantizar una bonita presentaci\u00f3n hasta la entrega.","og_url":"https:\/\/www.csj-emballages.com\/es\/produit\/200-tripodes-de-plastico-para-pizza-37-mm\/","og_site_name":"CSJ Emballages","article_publisher":"https:\/\/www.facebook.com\/csjemballages","article_modified_time":"2026-05-02T00:11:42+00:00","og_image":[{"width":800,"height":800,"url":"https:\/\/www.csj-emballages.com\/wp-content\/uploads\/2024\/03\/Trepied-a-pizza.webp","type":"image\/webp"}],"twitter_card":"summary_large_image","twitter_misc":{"Tiempo de lectura":"2 minutos"},"schema":{"@context":"https:\/\/schema.org","@graph":[{"@type":"WebPage","@id":"https:\/\/www.csj-emballages.com\/es\/produit\/200-tripodes-de-plastico-para-pizza-37-mm\/","url":"https:\/\/www.csj-emballages.com\/es\/produit\/200-tripodes-de-plastico-para-pizza-37-mm\/","name":"Tr\u00edpode de pl\u00e1stico para pizza 37 mm por 200","isPartOf":{"@id":"https:\/\/www.csj-emballages.com\/es\/#website"},"primaryImageOfPage":{"@id":"https:\/\/www.csj-emballages.com\/es\/produit\/200-tripodes-de-plastico-para-pizza-37-mm\/#primaryimage"},"image":{"@id":"https:\/\/www.csj-emballages.com\/es\/produit\/200-tripodes-de-plastico-para-pizza-37-mm\/#primaryimage"},"thumbnailUrl":"https:\/\/www.csj-emballages.com\/wp-content\/uploads\/2024\/03\/Trepied-a-pizza.webp","datePublished":"2024-03-01T15:50:24+00:00","dateModified":"2026-05-02T00:11:42+00:00","description":"Tr\u00edpode para pizzas 37 mm por 200. Accesorio indispensable para evitar que las pizzas se aplasten y garantizar una bonita presentaci\u00f3n hasta la entrega.","breadcrumb":{"@id":"https:\/\/www.csj-emballages.com\/es\/produit\/200-tripodes-de-plastico-para-pizza-37-mm\/#breadcrumb"},"inLanguage":"es","potentialAction":[{"@type":"ReadAction","target":["https:\/\/www.csj-emballages.com\/es\/produit\/200-tripodes-de-plastico-para-pizza-37-mm\/"]}]},{"@type":"ImageObject","inLanguage":"es","@id":"https:\/\/www.csj-emballages.com\/es\/produit\/200-tripodes-de-plastico-para-pizza-37-mm\/#primaryimage","url":"https:\/\/www.csj-emballages.com\/wp-content\/uploads\/2024\/03\/Trepied-a-pizza.webp","contentUrl":"https:\/\/www.csj-emballages.com\/wp-content\/uploads\/2024\/03\/Trepied-a-pizza.webp","width":800,"height":800,"caption":"Tr\u00e9pied \u00e0 pizza"},{"@type":"BreadcrumbList","@id":"https:\/\/www.csj-emballages.com\/es\/produit\/200-tripodes-de-plastico-para-pizza-37-mm\/#breadcrumb","itemListElement":[{"@type":"ListItem","position":1,"name":"Accueil","item":"https:\/\/www.csj-emballages.com\/es\/universo-del-envasado-alimentario\/"},{"@type":"ListItem","position":2,"name":"Tienda","item":"https:\/\/www.csj-emballages.com\/tienda\/"},{"@type":"ListItem","position":3,"name":"Tr\u00edpode de pl\u00e1stico para pizza 37 mm por 200"}]},{"@type":"WebSite","@id":"https:\/\/www.csj-emballages.com\/es\/#website","url":"https:\/\/www.csj-emballages.com\/es\/","name":"CSJ Emballages","description":"","publisher":{"@id":"https:\/\/www.csj-emballages.com\/es\/#organization"},"potentialAction":[{"@type":"SearchAction","target":{"@type":"EntryPoint","urlTemplate":"https:\/\/www.csj-emballages.com\/es\/?s={search_term_string}"},"query-input":{"@type":"PropertyValueSpecification","valueRequired":true,"valueName":"search_term_string"}}],"inLanguage":"es"},{"@type":"Organization","@id":"https:\/\/www.csj-emballages.com\/es\/#Organization\/","name":"CSJ Emballages","url":"https:\/\/www.csj-emballages.com\/es\/","logo":{"@type":"ImageObject","inLanguage":"es","@id":"https:\/\/www.csj-emballages.com\/es\/#\/schema\/logo\/image\/","url":"https:\/\/www.csj-emballages.com\/wp-content\/uploads\/2023\/10\/logo_csj.webp","contentUrl":"https:\/\/www.csj-emballages.com\/wp-content\/uploads\/2023\/10\/logo_csj.webp","width":250,"height":95,"caption":"CSJ Emballages"},"image":{"@id":"https:\/\/www.csj-emballages.com\/es\/#\/schema\/logo\/image\/"},"sameAs":["https:\/\/www.facebook.com\/csjemballages"],"address":{"@type":"PostalAddress","streetAddress":"ZI La Lechere","addressLocality":"Patornay","postalCode":"39130","addressCountry":"FR"},"contactPoint":[{"@type":"ContactPoint","contactType":"Service client","telephone":"0384254272","email":"contact@csj-emballages.com"}]}]}},"df_price":6.43,"df_sale_price":"","df_regular_price":6.43,"df_image_link":"https:\/\/www.csj-emballages.com\/wp-content\/uploads\/2024\/03\/Trepied-a-pizza-300x300.webp","tiered_pricing_type":"fixed","tiered_pricing_fixed_rules":[],"tiered_pricing_percentage_rules":[],"tiered_pricing_minimum":1,"tiered_pricing_roles_data":[],"_links":{"self":[{"href":"https:\/\/www.csj-emballages.com\/es\/wp-json\/wp\/v2\/product\/22726","targetHints":{"allow":["GET"]}}],"collection":[{"href":"https:\/\/www.csj-emballages.com\/es\/wp-json\/wp\/v2\/product"}],"about":[{"href":"https:\/\/www.csj-emballages.com\/es\/wp-json\/wp\/v2\/types\/product"}],"wp:featuredmedia":[{"embeddable":true,"href":"https:\/\/www.csj-emballages.com\/es\/wp-json\/wp\/v2\/media\/255318"}],"wp:attachment":[{"href":"https:\/\/www.csj-emballages.com\/es\/wp-json\/wp\/v2\/media?parent=22726"}],"wp:term":[{"taxonomy":"product_brand","embeddable":true,"href":"https:\/\/www.csj-emballages.com\/es\/wp-json\/wp\/v2\/product_brand?post=22726"},{"taxonomy":"product_cat","embeddable":true,"href":"https:\/\/www.csj-emballages.com\/es\/wp-json\/wp\/v2\/product_cat?post=22726"},{"taxonomy":"product_tag","embeddable":true,"href":"https:\/\/www.csj-emballages.com\/es\/wp-json\/wp\/v2\/product_tag?post=22726"}],"curies":[{"name":"wp","href":"https:\/\/api.w.org\/{rel}","templated":true}]}}