{"id":22719,"date":"2024-03-01T16:50:23","date_gmt":"2024-03-01T15:50:23","guid":{"rendered":"https:\/\/u15jnbdpoq.preview.infomaniak.website\/produit\/5000-bolsas-de-apertura-descentrada-170-x-220-mm-21-micras\/"},"modified":"2026-04-14T02:19:34","modified_gmt":"2026-04-14T00:19:34","slug":"5000-bolsas-de-apertura-descentrada-170-x-220-mm-21-micras","status":"publish","type":"product","link":"https:\/\/www.csj-emballages.com\/es\/produit\/5000-bolsas-de-apertura-descentrada-170-x-220-mm-21-micras\/","title":{"rendered":"170 x 220 mm Bolsa de 21 micras con apertura escalonada, 5000 por bolsa"},"content":{"rendered":"<h2>Bolsa<\/h2>\n<hr>\n<h3>Descripci\u00f3n de nuestra bolsa para fardos con abertura offset 170 x 220 mm 21 micras por 5000<\/h3>\n<p><!--more--><\/p>\n<p data-start=\"262\" data-end=\"704\">La <strong>bolsa en fajos con abertura desplazada de 170 x 220 mm y 21 micras<\/strong> es una soluci\u00f3n de embalaje pr\u00e1ctica, econ\u00f3mica y perfectamente adaptada a las necesidades de los profesionales de <strong>la agroalimentaci\u00f3n, el comercio, la industria y los servicios administrativos<\/strong>. De hecho, dise\u00f1ada para facilitar la manipulaci\u00f3n r\u00e1pida y repetida, esta <strong>bolsa<\/strong> se entrega en <strong>fajos<\/strong>, lo que garantiza un ahorro de tiempo considerable durante la preparaci\u00f3n, el acondicionamiento o el almacenamiento de productos. <\/p>\n<p data-start=\"706\" data-end=\"1046\">Su <strong>abertura desplazada<\/strong> permite una separaci\u00f3n f\u00e1cil de las bolsas, lo que mejora la fluidez de uso, especialmente en entornos de alta cadencia. Fabricada en <strong>polietileno de baja densidad (PEBD)<\/strong> de <strong>21 micras<\/strong>, ofrece una buena flexibilidad a la vez que garantiza una resistencia suficiente para el embalaje de productos ligeros a medianamente pesados. <\/p>\n<p data-start=\"1048\" data-end=\"1442\">Con sus <strong>dimensiones de 170 x 220 mm<\/strong>, esta bolsa es ideal para el acondicionamiento de <strong>piezas peque\u00f1as, componentes, torniller\u00eda, accesorios o productos alimenticios secos<\/strong>, as\u00ed como para usos en <strong>laboratorio, taller o tienda<\/strong>. Asimismo, su transparencia permite una identificaci\u00f3n r\u00e1pida del contenido, lo que facilita la gesti\u00f3n de las existencias y el control visual sin necesidad de abrir la bolsa. <\/p>\n<p data-start=\"1444\" data-end=\"1798\">Empaquetada en <strong>5 000 unidades<\/strong>, esta <strong>bolsa en fajos<\/strong> es especialmente adecuada para estructuras con un volumen de consumo importante. Adem\u00e1s, este formato permite reducir los costes por unidad, optimizar el almacenamiento y garantizar la continuidad del suministro. En resumen, constituye una soluci\u00f3n fiable para un uso diario intensivo.  <\/p>\n<p data-start=\"1444\" data-end=\"1798\">\n<p><!--more--><\/p>\n<h4>Ventajas :<\/h4>\n<ul>\n<li>Las bolsas en fajos est\u00e1n unidas entre s\u00ed, lo que permite una distribuci\u00f3n r\u00e1pida y ordenada.<\/li>\n<li>Las bolsas en fajos est\u00e1n agrupadas, lo que facilita su almacenamiento y gesti\u00f3n.<\/li>\n<li>Disponible en varios tama\u00f1os y materiales seg\u00fan las necesidades de los usuarios.<\/li>\n<li>Las bolsas ofrecen una barrera protectora contra la suciedad y los contaminantes, lo que garantiza la frescura de los productos.<\/li>\n<\/ul>\n<p>&nbsp;<\/p>\n<p><!--more--><\/p>\n<p><strong>Informaci\u00f3n adicional :  <\/strong><\/p>\n<ul>\n<li><strong>Embalaje<\/strong>: Paquete de 5000 unidades<\/li>\n<li><strong>Dimensiones<\/strong>: 170 x 220 mm<\/li>\n<li><strong>Material<\/strong>: HDPE<\/li>\n<li><strong>Resistencia<\/strong>: 21 micras<\/li>\n<\/ul>\n<p>&nbsp;<\/p>\n<p><!--more--><\/p>\n<p>Esta bolsa en fajos con abertura desplazada est\u00e1 disponible en diferentes tama\u00f1os: <span style=\"color: #d62727;\"><a style=\"color: #d62727;\" href=\"https:\/\/u15jnbdpoq.preview.infomaniak.website\/produit\/5000-sacs-liasse-ouverture-decalee-230-x-310-mm-21-microns\/\">230&#215;310 mm<\/a><\/span> \/ <span style=\"color: #d62727;\"><a style=\"color: #d62727;\" href=\"https:\/\/u15jnbdpoq.preview.infomaniak.website\/produit\/5000-sacs-liasse-ouverture-decalee-300-x-350-mm-21-microns\/\">300&#215;350 mm<\/a> \/ <a style=\"color: #d62727;\" href=\"https:\/\/u15jnbdpoq.preview.infomaniak.website\/produit\/3000-sacs-liasse-ouverture-decalee-350-x-500-mm-21-microns\/\">350&#215;500 mm<\/a><\/span><\/p>\n<p>&nbsp;<\/p>\n<p><!--more--><\/p>\n<p><a href=\"https:\/\/u15jnbdpoq.preview.infomaniak.website\/categorie-produit\/emballages\/boucherie-traiteur-primeur\/sacs-et-sachets\/sacs-liasses-fond-de-caisse\/\">Ver el resto de nuestra gama de bolsas wicket<\/a><\/p>\n","protected":false},"excerpt":{"rendered":"<p>Bolsa Descripci\u00f3n de nuestra bolsa para fardos con abertura offset 170 x 220 mm 21 micras por 5000<\/p>\n","protected":false},"featured_media":209292,"template":"","meta":{"_acf_changed":false},"product_brand":[],"product_cat":[1143,2641],"product_tag":[],"class_list":{"0":"post-22719","1":"product","2":"type-product","3":"status-publish","4":"has-post-thumbnail","6":"product_cat-carniceria-y-charcuteria","7":"product_cat-bolsas-de-fardos-caja-flotante","9":"first","10":"instock","11":"taxable","12":"shipping-taxable","13":"purchasable","14":"product-type-simple"},"acf":[],"yoast_head":"<!-- This site is optimized with the Yoast SEO Premium plugin v26.6 (Yoast SEO v26.6) - https:\/\/yoast.com\/wordpress\/plugins\/seo\/ -->\n<title>Bolsa de archivo con abertura desplazada de 21 micras - 170 x 220 mm<\/title>\n<meta name=\"description\" content=\"Bolsa para paquetes de 170 x 220 mm, 21 micras, apertura offset. Pr\u00e1ctica, resistente y econ\u00f3mica, envasada en 5000 unidades.\" \/>\n<meta name=\"robots\" content=\"index, follow, max-snippet:-1, max-image-preview:large, max-video-preview:-1\" \/>\n<link rel=\"canonical\" href=\"https:\/\/www.csj-emballages.com\/es\/produit\/5000-bolsas-de-apertura-descentrada-170-x-220-mm-21-micras\/\" \/>\n<meta property=\"og:locale\" content=\"es_ES\" \/>\n<meta property=\"og:type\" content=\"article\" \/>\n<meta property=\"og:title\" content=\"170 x 220 mm Bolsa de 21 micras con apertura escalonada, 5000 por bolsa\" \/>\n<meta property=\"og:description\" content=\"Bolsa para paquetes de 170 x 220 mm, 21 micras, apertura offset. Pr\u00e1ctica, resistente y econ\u00f3mica, envasada en 5000 unidades.\" \/>\n<meta property=\"og:url\" content=\"https:\/\/www.csj-emballages.com\/es\/produit\/5000-bolsas-de-apertura-descentrada-170-x-220-mm-21-micras\/\" \/>\n<meta property=\"og:site_name\" content=\"CSJ Emballages\" \/>\n<meta property=\"article:publisher\" content=\"https:\/\/www.facebook.com\/csjemballages\" \/>\n<meta property=\"article:modified_time\" content=\"2026-04-14T00:19:34+00:00\" \/>\n<meta property=\"og:image\" content=\"https:\/\/www.csj-emballages.com\/wp-content\/uploads\/2024\/03\/sac-liasse.webp\" \/>\n\t<meta property=\"og:image:width\" content=\"800\" \/>\n\t<meta property=\"og:image:height\" content=\"800\" \/>\n\t<meta property=\"og:image:type\" content=\"image\/webp\" \/>\n<meta name=\"twitter:card\" content=\"summary_large_image\" \/>\n<meta name=\"twitter:label1\" content=\"Tiempo de lectura\" \/>\n\t<meta name=\"twitter:data1\" content=\"2 minutos\" \/>\n<script type=\"application\/ld+json\" class=\"yoast-schema-graph\">{\"@context\":\"https:\/\/schema.org\",\"@graph\":[{\"@type\":\"WebPage\",\"@id\":\"https:\/\/www.csj-emballages.com\/es\/produit\/5000-bolsas-de-apertura-descentrada-170-x-220-mm-21-micras\/\",\"url\":\"https:\/\/www.csj-emballages.com\/es\/produit\/5000-bolsas-de-apertura-descentrada-170-x-220-mm-21-micras\/\",\"name\":\"Bolsa de archivo con abertura desplazada de 21 micras - 170 x 220 mm\",\"isPartOf\":{\"@id\":\"https:\/\/www.csj-emballages.com\/es\/#website\"},\"primaryImageOfPage\":{\"@id\":\"https:\/\/www.csj-emballages.com\/es\/produit\/5000-bolsas-de-apertura-descentrada-170-x-220-mm-21-micras\/#primaryimage\"},\"image\":{\"@id\":\"https:\/\/www.csj-emballages.com\/es\/produit\/5000-bolsas-de-apertura-descentrada-170-x-220-mm-21-micras\/#primaryimage\"},\"thumbnailUrl\":\"https:\/\/www.csj-emballages.com\/wp-content\/uploads\/2024\/03\/sac-liasse.webp\",\"datePublished\":\"2024-03-01T15:50:23+00:00\",\"dateModified\":\"2026-04-14T00:19:34+00:00\",\"description\":\"Bolsa para paquetes de 170 x 220 mm, 21 micras, apertura offset. Pr\u00e1ctica, resistente y econ\u00f3mica, envasada en 5000 unidades.\",\"breadcrumb\":{\"@id\":\"https:\/\/www.csj-emballages.com\/es\/produit\/5000-bolsas-de-apertura-descentrada-170-x-220-mm-21-micras\/#breadcrumb\"},\"inLanguage\":\"es\",\"potentialAction\":[{\"@type\":\"ReadAction\",\"target\":[\"https:\/\/www.csj-emballages.com\/es\/produit\/5000-bolsas-de-apertura-descentrada-170-x-220-mm-21-micras\/\"]}]},{\"@type\":\"ImageObject\",\"inLanguage\":\"es\",\"@id\":\"https:\/\/www.csj-emballages.com\/es\/produit\/5000-bolsas-de-apertura-descentrada-170-x-220-mm-21-micras\/#primaryimage\",\"url\":\"https:\/\/www.csj-emballages.com\/wp-content\/uploads\/2024\/03\/sac-liasse.webp\",\"contentUrl\":\"https:\/\/www.csj-emballages.com\/wp-content\/uploads\/2024\/03\/sac-liasse.webp\",\"width\":800,\"height\":800,\"caption\":\"sac liasse\"},{\"@type\":\"BreadcrumbList\",\"@id\":\"https:\/\/www.csj-emballages.com\/es\/produit\/5000-bolsas-de-apertura-descentrada-170-x-220-mm-21-micras\/#breadcrumb\",\"itemListElement\":[{\"@type\":\"ListItem\",\"position\":1,\"name\":\"Accueil\",\"item\":\"https:\/\/www.csj-emballages.com\/es\/universo-del-envasado-alimentario\/\"},{\"@type\":\"ListItem\",\"position\":2,\"name\":\"Tienda\",\"item\":\"https:\/\/www.csj-emballages.com\/tienda\/\"},{\"@type\":\"ListItem\",\"position\":3,\"name\":\"170 x 220 mm Bolsa de 21 micras con apertura escalonada, 5000 por bolsa\"}]},{\"@type\":\"WebSite\",\"@id\":\"https:\/\/www.csj-emballages.com\/es\/#website\",\"url\":\"https:\/\/www.csj-emballages.com\/es\/\",\"name\":\"CSJ Emballages\",\"description\":\"\",\"publisher\":{\"@id\":\"https:\/\/www.csj-emballages.com\/es\/#organization\"},\"potentialAction\":[{\"@type\":\"SearchAction\",\"target\":{\"@type\":\"EntryPoint\",\"urlTemplate\":\"https:\/\/www.csj-emballages.com\/es\/?s={search_term_string}\"},\"query-input\":{\"@type\":\"PropertyValueSpecification\",\"valueRequired\":true,\"valueName\":\"search_term_string\"}}],\"inLanguage\":\"es\"},{\"@type\":\"Organization\",\"@id\":\"https:\/\/www.csj-emballages.com\/es\/#Organization\/\",\"name\":\"CSJ Emballages\",\"url\":\"https:\/\/www.csj-emballages.com\/es\/\",\"logo\":{\"@type\":\"ImageObject\",\"inLanguage\":\"es\",\"@id\":\"https:\/\/www.csj-emballages.com\/es\/#\/schema\/logo\/image\/\",\"url\":\"https:\/\/www.csj-emballages.com\/wp-content\/uploads\/2023\/10\/logo_csj.webp\",\"contentUrl\":\"https:\/\/www.csj-emballages.com\/wp-content\/uploads\/2023\/10\/logo_csj.webp\",\"width\":250,\"height\":95,\"caption\":\"CSJ Emballages\"},\"image\":{\"@id\":\"https:\/\/www.csj-emballages.com\/es\/#\/schema\/logo\/image\/\"},\"sameAs\":[\"https:\/\/www.facebook.com\/csjemballages\"],\"address\":{\"@type\":\"PostalAddress\",\"streetAddress\":\"ZI La Lechere\",\"addressLocality\":\"Patornay\",\"postalCode\":\"39130\",\"addressCountry\":\"FR\"},\"contactPoint\":[{\"@type\":\"ContactPoint\",\"contactType\":\"Service client\",\"telephone\":\"0384254272\",\"email\":\"contact@csj-emballages.com\"}]}]}<\/script>\n<!-- \/ Yoast SEO Premium plugin. -->","yoast_head_json":{"title":"Bolsa de archivo con abertura desplazada de 21 micras - 170 x 220 mm","description":"Bolsa para paquetes de 170 x 220 mm, 21 micras, apertura offset. Pr\u00e1ctica, resistente y econ\u00f3mica, envasada en 5000 unidades.","robots":{"index":"index","follow":"follow","max-snippet":"max-snippet:-1","max-image-preview":"max-image-preview:large","max-video-preview":"max-video-preview:-1"},"canonical":"https:\/\/www.csj-emballages.com\/es\/produit\/5000-bolsas-de-apertura-descentrada-170-x-220-mm-21-micras\/","og_locale":"es_ES","og_type":"article","og_title":"170 x 220 mm Bolsa de 21 micras con apertura escalonada, 5000 por bolsa","og_description":"Bolsa para paquetes de 170 x 220 mm, 21 micras, apertura offset. Pr\u00e1ctica, resistente y econ\u00f3mica, envasada en 5000 unidades.","og_url":"https:\/\/www.csj-emballages.com\/es\/produit\/5000-bolsas-de-apertura-descentrada-170-x-220-mm-21-micras\/","og_site_name":"CSJ Emballages","article_publisher":"https:\/\/www.facebook.com\/csjemballages","article_modified_time":"2026-04-14T00:19:34+00:00","og_image":[{"width":800,"height":800,"url":"https:\/\/www.csj-emballages.com\/wp-content\/uploads\/2024\/03\/sac-liasse.webp","type":"image\/webp"}],"twitter_card":"summary_large_image","twitter_misc":{"Tiempo de lectura":"2 minutos"},"schema":{"@context":"https:\/\/schema.org","@graph":[{"@type":"WebPage","@id":"https:\/\/www.csj-emballages.com\/es\/produit\/5000-bolsas-de-apertura-descentrada-170-x-220-mm-21-micras\/","url":"https:\/\/www.csj-emballages.com\/es\/produit\/5000-bolsas-de-apertura-descentrada-170-x-220-mm-21-micras\/","name":"Bolsa de archivo con abertura desplazada de 21 micras - 170 x 220 mm","isPartOf":{"@id":"https:\/\/www.csj-emballages.com\/es\/#website"},"primaryImageOfPage":{"@id":"https:\/\/www.csj-emballages.com\/es\/produit\/5000-bolsas-de-apertura-descentrada-170-x-220-mm-21-micras\/#primaryimage"},"image":{"@id":"https:\/\/www.csj-emballages.com\/es\/produit\/5000-bolsas-de-apertura-descentrada-170-x-220-mm-21-micras\/#primaryimage"},"thumbnailUrl":"https:\/\/www.csj-emballages.com\/wp-content\/uploads\/2024\/03\/sac-liasse.webp","datePublished":"2024-03-01T15:50:23+00:00","dateModified":"2026-04-14T00:19:34+00:00","description":"Bolsa para paquetes de 170 x 220 mm, 21 micras, apertura offset. Pr\u00e1ctica, resistente y econ\u00f3mica, envasada en 5000 unidades.","breadcrumb":{"@id":"https:\/\/www.csj-emballages.com\/es\/produit\/5000-bolsas-de-apertura-descentrada-170-x-220-mm-21-micras\/#breadcrumb"},"inLanguage":"es","potentialAction":[{"@type":"ReadAction","target":["https:\/\/www.csj-emballages.com\/es\/produit\/5000-bolsas-de-apertura-descentrada-170-x-220-mm-21-micras\/"]}]},{"@type":"ImageObject","inLanguage":"es","@id":"https:\/\/www.csj-emballages.com\/es\/produit\/5000-bolsas-de-apertura-descentrada-170-x-220-mm-21-micras\/#primaryimage","url":"https:\/\/www.csj-emballages.com\/wp-content\/uploads\/2024\/03\/sac-liasse.webp","contentUrl":"https:\/\/www.csj-emballages.com\/wp-content\/uploads\/2024\/03\/sac-liasse.webp","width":800,"height":800,"caption":"sac liasse"},{"@type":"BreadcrumbList","@id":"https:\/\/www.csj-emballages.com\/es\/produit\/5000-bolsas-de-apertura-descentrada-170-x-220-mm-21-micras\/#breadcrumb","itemListElement":[{"@type":"ListItem","position":1,"name":"Accueil","item":"https:\/\/www.csj-emballages.com\/es\/universo-del-envasado-alimentario\/"},{"@type":"ListItem","position":2,"name":"Tienda","item":"https:\/\/www.csj-emballages.com\/tienda\/"},{"@type":"ListItem","position":3,"name":"170 x 220 mm Bolsa de 21 micras con apertura escalonada, 5000 por bolsa"}]},{"@type":"WebSite","@id":"https:\/\/www.csj-emballages.com\/es\/#website","url":"https:\/\/www.csj-emballages.com\/es\/","name":"CSJ Emballages","description":"","publisher":{"@id":"https:\/\/www.csj-emballages.com\/es\/#organization"},"potentialAction":[{"@type":"SearchAction","target":{"@type":"EntryPoint","urlTemplate":"https:\/\/www.csj-emballages.com\/es\/?s={search_term_string}"},"query-input":{"@type":"PropertyValueSpecification","valueRequired":true,"valueName":"search_term_string"}}],"inLanguage":"es"},{"@type":"Organization","@id":"https:\/\/www.csj-emballages.com\/es\/#Organization\/","name":"CSJ Emballages","url":"https:\/\/www.csj-emballages.com\/es\/","logo":{"@type":"ImageObject","inLanguage":"es","@id":"https:\/\/www.csj-emballages.com\/es\/#\/schema\/logo\/image\/","url":"https:\/\/www.csj-emballages.com\/wp-content\/uploads\/2023\/10\/logo_csj.webp","contentUrl":"https:\/\/www.csj-emballages.com\/wp-content\/uploads\/2023\/10\/logo_csj.webp","width":250,"height":95,"caption":"CSJ Emballages"},"image":{"@id":"https:\/\/www.csj-emballages.com\/es\/#\/schema\/logo\/image\/"},"sameAs":["https:\/\/www.facebook.com\/csjemballages"],"address":{"@type":"PostalAddress","streetAddress":"ZI La Lechere","addressLocality":"Patornay","postalCode":"39130","addressCountry":"FR"},"contactPoint":[{"@type":"ContactPoint","contactType":"Service client","telephone":"0384254272","email":"contact@csj-emballages.com"}]}]}},"df_price":36.53,"df_sale_price":"","df_regular_price":36.53,"df_image_link":"https:\/\/www.csj-emballages.com\/wp-content\/uploads\/2024\/03\/sac-liasse-300x300.webp","tiered_pricing_type":"fixed","tiered_pricing_fixed_rules":[],"tiered_pricing_percentage_rules":[],"tiered_pricing_minimum":1,"tiered_pricing_roles_data":[],"_links":{"self":[{"href":"https:\/\/www.csj-emballages.com\/es\/wp-json\/wp\/v2\/product\/22719","targetHints":{"allow":["GET"]}}],"collection":[{"href":"https:\/\/www.csj-emballages.com\/es\/wp-json\/wp\/v2\/product"}],"about":[{"href":"https:\/\/www.csj-emballages.com\/es\/wp-json\/wp\/v2\/types\/product"}],"wp:featuredmedia":[{"embeddable":true,"href":"https:\/\/www.csj-emballages.com\/es\/wp-json\/wp\/v2\/media\/209292"}],"wp:attachment":[{"href":"https:\/\/www.csj-emballages.com\/es\/wp-json\/wp\/v2\/media?parent=22719"}],"wp:term":[{"taxonomy":"product_brand","embeddable":true,"href":"https:\/\/www.csj-emballages.com\/es\/wp-json\/wp\/v2\/product_brand?post=22719"},{"taxonomy":"product_cat","embeddable":true,"href":"https:\/\/www.csj-emballages.com\/es\/wp-json\/wp\/v2\/product_cat?post=22719"},{"taxonomy":"product_tag","embeddable":true,"href":"https:\/\/www.csj-emballages.com\/es\/wp-json\/wp\/v2\/product_tag?post=22719"}],"curies":[{"name":"wp","href":"https:\/\/api.w.org\/{rel}","templated":true}]}}