{"id":22702,"date":"2024-03-01T16:50:26","date_gmt":"2024-03-01T15:50:26","guid":{"rendered":"https:\/\/u15jnbdpoq.preview.infomaniak.website\/produit\/100-bolsillos-para-tortitas-de-carton-kraft-rasgable\/"},"modified":"2026-03-12T16:34:33","modified_gmt":"2026-03-12T15:34:33","slug":"100-bolsillos-para-tortitas-de-carton-kraft-rasgable","status":"publish","type":"product","link":"https:\/\/www.csj-emballages.com\/es\/produit\/100-bolsillos-para-tortitas-de-carton-kraft-rasgable\/","title":{"rendered":"Bolsa crep\u00e9 de cart\u00f3n rasgable, 100 unid."},"content":{"rendered":"<h2>Bolsa de crep\u00e9<\/h2>\n<hr>\n<h3>Descripci\u00f3n de nuestra bolsa de crep\u00e9 de cart\u00f3n kraft rasgable, paquete de 100<\/h3>\n<p><!--more--><\/p>\n<p data-start=\"217\" data-end=\"673\">La <strong>bolsa<\/strong> perfecta para servir <strong>crepes<\/strong> para llevar sin complicaciones. Esta <g id=\"gid_2\">bolsa para cr\u00eapes de cart\u00f3n rasgable<\/g> ha sido dise\u00f1ada para que servir cr\u00eapes sea m\u00e1s f\u00e1cil, m\u00e1s limpio y, sobre todo, m\u00e1s agradable. En cuanto la tiene en la mano, se da cuenta de que ha sido dise\u00f1ada para seguir el gesto natural del cliente: coger su crepe, dar unos mordiscos y luego rasgar lo justo para seguir comiendo c\u00f3modamente.  <\/p>\n<p data-start=\"675\" data-end=\"980\">Gracias a sus <strong data-start=\"687\" data-end=\"711\">l\u00edneas precortadas<\/strong>, la <strong>bolsa<\/strong> se abre limpiamente, sin deshilacharse y sin riesgo de que se caiga la crepe. El cliente siempre tiene un buen agarre, lo que resulta ideal para puestos, mercados, creper\u00edas m\u00f3viles o fiestas de pueblos donde la gente suele comer mientras camina. <\/p>\n<p data-start=\"982\" data-end=\"1347\">Su <strong data-start=\"995\" data-end=\"1011\">cart\u00f3n kraft<\/strong> le da un aspecto aut\u00e9ntico muy de moda en el mundo de la comida callejera. Aporta un toque natural y c\u00e1lido que realza autom\u00e1ticamente sus preparaciones, ya sean dulces o saladas. Y como el <strong>cart\u00f3n<\/strong> es suficientemente r\u00edgido, evita accidentes: la crepe se mantiene firme en su sitio, aunque est\u00e9 generosamente rellena.  <\/p>\n<p data-start=\"1349\" data-end=\"1553\">Del mismo modo, el formato de <strong data-start=\"1368\" data-end=\"1379\">100 paquetes<\/strong> significa que siempre tendr\u00e1 suficientes para mantener un buen ritmo de servicio sin interrupciones. Es pr\u00e1ctico, econ\u00f3mico y, sobre todo, muy apreciado cuando hay prisa. <\/p>\n<p data-start=\"1555\" data-end=\"1787\">En resumen, esta <strong>bolsa para crepes<\/strong> no es s\u00f3lo un envase: mejora la experiencia del cliente haciendo que la degustaci\u00f3n sea fluida de principio a fin. Combina sencillez, eficacia y comodidad, al tiempo que muestra su experiencia. <\/p>\n<p data-start=\"1555\" data-end=\"1787\">\n<p data-start=\"1013\" data-end=\"1189\"><!--more--><\/p>\n<p data-start=\"1013\" data-end=\"1189\"><strong>Ventajas :  <\/strong><\/p>\n<ul>\n<li data-start=\"1815\" data-end=\"1858\"><strong>Precortes<\/strong> limpios y f\u00e1ciles de arrancar<\/li>\n<li data-start=\"1861\" data-end=\"1905\">Buen agarre durante la cata<\/li>\n<li data-start=\"1908\" data-end=\"1943\"><strong>Cart\u00f3n kraft<\/strong> r\u00edgido y atractivo<\/li>\n<li data-start=\"1946\" data-end=\"1975\">Ideal para ventas m\u00f3viles<\/li>\n<li data-start=\"1978\" data-end=\"2009\">Pr\u00e1ctico paquete de <strong>100 bolsas<\/strong>.<\/li>\n<\/ul>\n<p>&nbsp;<\/p>\n<p data-start=\"1013\" data-end=\"1189\"><!--more--><\/p>\n<h4>Informaci\u00f3n adicional :<\/h4>\n<ul>\n<li><strong>Embalaje<\/strong>: Paquete de 100<\/li>\n<li><strong>Dimensiones<\/strong>: 170 x 220 x 100 (L x A x A en mm)<\/li>\n<li><strong>Color<\/strong>: Marr\u00f3n<\/li>\n<li><strong>Material<\/strong>: Cart\u00f3n<\/li>\n<\/ul>\n<p>&nbsp;<\/p>\n<p><!--more--><\/p>\n<p><a href=\"https:\/\/www.csj-emballages.com\/es\/categorie-produit\/envasado-de-alimentos\/catering-es\/cajas-bandejas-bolsas-conos\/patatas-fritas-tortitas-tacos-wraps\/\">Ver el resto de nuestra gama de bolsas para patatas fritas \/ tortitas \/ tacos \/ wraps<\/a><\/p>\n","protected":false},"excerpt":{"rendered":"<p>Bolsa de crep\u00e9 Descripci\u00f3n de nuestra bolsa de crep\u00e9 de cart\u00f3n kraft rasgable, paquete de 100<\/p>\n","protected":false},"featured_media":230491,"template":"","meta":{"_acf_changed":false},"product_brand":[],"product_cat":[1150,1179,3081],"product_tag":[],"class_list":{"0":"post-22702","1":"product","2":"type-product","3":"status-publish","4":"has-post-thumbnail","6":"product_cat-envasado-de-alimentos","7":"product_cat-catering-es","8":"product_cat-patatas-fritas-tortitas-tacos-wraps","10":"first","11":"instock","12":"taxable","13":"shipping-taxable","14":"purchasable","15":"product-type-simple"},"acf":[],"yoast_head":"<!-- This site is optimized with the Yoast SEO Premium plugin v26.6 (Yoast SEO v26.6) - https:\/\/yoast.com\/wordpress\/plugins\/seo\/ -->\n<title>Crepe Tear-Off Pouch 100 por caja<\/title>\n<meta name=\"description\" content=\"Descubra nuestra bolsa para cr\u00eapes de cart\u00f3n kraft con tira autoadhesiva (100 por bolsa): pr\u00e1ctica, higi\u00e9nica e ideal para la venta para llevar.\" \/>\n<meta name=\"robots\" content=\"index, follow, max-snippet:-1, max-image-preview:large, max-video-preview:-1\" \/>\n<link rel=\"canonical\" href=\"https:\/\/www.csj-emballages.com\/es\/produit\/100-bolsillos-para-tortitas-de-carton-kraft-rasgable\/\" \/>\n<meta property=\"og:locale\" content=\"es_ES\" \/>\n<meta property=\"og:type\" content=\"article\" \/>\n<meta property=\"og:title\" content=\"Bolsa crep\u00e9 de cart\u00f3n rasgable, 100 unid.\" \/>\n<meta property=\"og:description\" content=\"Descubra nuestra bolsa para cr\u00eapes de cart\u00f3n kraft con tira autoadhesiva (100 por bolsa): pr\u00e1ctica, higi\u00e9nica e ideal para la venta para llevar.\" \/>\n<meta property=\"og:url\" content=\"https:\/\/www.csj-emballages.com\/es\/produit\/100-bolsillos-para-tortitas-de-carton-kraft-rasgable\/\" \/>\n<meta property=\"og:site_name\" content=\"CSJ Emballages\" \/>\n<meta property=\"article:publisher\" content=\"https:\/\/www.facebook.com\/csjemballages\" \/>\n<meta property=\"article:modified_time\" content=\"2026-03-12T15:34:33+00:00\" \/>\n<meta property=\"og:image\" content=\"https:\/\/www.csj-emballages.com\/wp-content\/uploads\/2024\/03\/POCCREP-png.webp\" \/>\n\t<meta property=\"og:image:width\" content=\"800\" \/>\n\t<meta property=\"og:image:height\" content=\"800\" \/>\n\t<meta property=\"og:image:type\" content=\"image\/png\" \/>\n<meta name=\"twitter:card\" content=\"summary_large_image\" \/>\n<meta name=\"twitter:label1\" content=\"Tiempo de lectura\" \/>\n\t<meta name=\"twitter:data1\" content=\"2 minutos\" \/>\n<script type=\"application\/ld+json\" class=\"yoast-schema-graph\">{\"@context\":\"https:\/\/schema.org\",\"@graph\":[{\"@type\":\"WebPage\",\"@id\":\"https:\/\/www.csj-emballages.com\/es\/produit\/100-bolsillos-para-tortitas-de-carton-kraft-rasgable\/\",\"url\":\"https:\/\/www.csj-emballages.com\/es\/produit\/100-bolsillos-para-tortitas-de-carton-kraft-rasgable\/\",\"name\":\"Crepe Tear-Off Pouch 100 por caja\",\"isPartOf\":{\"@id\":\"https:\/\/www.csj-emballages.com\/es\/#website\"},\"primaryImageOfPage\":{\"@id\":\"https:\/\/www.csj-emballages.com\/es\/produit\/100-bolsillos-para-tortitas-de-carton-kraft-rasgable\/#primaryimage\"},\"image\":{\"@id\":\"https:\/\/www.csj-emballages.com\/es\/produit\/100-bolsillos-para-tortitas-de-carton-kraft-rasgable\/#primaryimage\"},\"thumbnailUrl\":\"https:\/\/www.csj-emballages.com\/wp-content\/uploads\/2024\/03\/POCCREP-png.webp\",\"datePublished\":\"2024-03-01T15:50:26+00:00\",\"dateModified\":\"2026-03-12T15:34:33+00:00\",\"description\":\"Descubra nuestra bolsa para cr\u00eapes de cart\u00f3n kraft con tira autoadhesiva (100 por bolsa): pr\u00e1ctica, higi\u00e9nica e ideal para la venta para llevar.\",\"breadcrumb\":{\"@id\":\"https:\/\/www.csj-emballages.com\/es\/produit\/100-bolsillos-para-tortitas-de-carton-kraft-rasgable\/#breadcrumb\"},\"inLanguage\":\"es\",\"potentialAction\":[{\"@type\":\"ReadAction\",\"target\":[\"https:\/\/www.csj-emballages.com\/es\/produit\/100-bolsillos-para-tortitas-de-carton-kraft-rasgable\/\"]}]},{\"@type\":\"ImageObject\",\"inLanguage\":\"es\",\"@id\":\"https:\/\/www.csj-emballages.com\/es\/produit\/100-bolsillos-para-tortitas-de-carton-kraft-rasgable\/#primaryimage\",\"url\":\"https:\/\/www.csj-emballages.com\/wp-content\/uploads\/2024\/03\/POCCREP-png.webp\",\"contentUrl\":\"https:\/\/www.csj-emballages.com\/wp-content\/uploads\/2024\/03\/POCCREP-png.webp\",\"width\":800,\"height\":800,\"caption\":\"Pochette cr\u00eape\"},{\"@type\":\"BreadcrumbList\",\"@id\":\"https:\/\/www.csj-emballages.com\/es\/produit\/100-bolsillos-para-tortitas-de-carton-kraft-rasgable\/#breadcrumb\",\"itemListElement\":[{\"@type\":\"ListItem\",\"position\":1,\"name\":\"Accueil\",\"item\":\"https:\/\/www.csj-emballages.com\/es\/universo-del-envasado-alimentario\/\"},{\"@type\":\"ListItem\",\"position\":2,\"name\":\"Tienda\",\"item\":\"https:\/\/www.csj-emballages.com\/tienda\/\"},{\"@type\":\"ListItem\",\"position\":3,\"name\":\"Bolsa crep\u00e9 de cart\u00f3n rasgable, 100 unid.\"}]},{\"@type\":\"WebSite\",\"@id\":\"https:\/\/www.csj-emballages.com\/es\/#website\",\"url\":\"https:\/\/www.csj-emballages.com\/es\/\",\"name\":\"CSJ Emballages\",\"description\":\"\",\"publisher\":{\"@id\":\"https:\/\/www.csj-emballages.com\/es\/#organization\"},\"potentialAction\":[{\"@type\":\"SearchAction\",\"target\":{\"@type\":\"EntryPoint\",\"urlTemplate\":\"https:\/\/www.csj-emballages.com\/es\/?s={search_term_string}\"},\"query-input\":{\"@type\":\"PropertyValueSpecification\",\"valueRequired\":true,\"valueName\":\"search_term_string\"}}],\"inLanguage\":\"es\"},{\"@type\":\"Organization\",\"@id\":\"https:\/\/www.csj-emballages.com\/es\/#Organization\/\",\"name\":\"CSJ Emballages\",\"url\":\"https:\/\/www.csj-emballages.com\/es\/\",\"logo\":{\"@type\":\"ImageObject\",\"inLanguage\":\"es\",\"@id\":\"https:\/\/www.csj-emballages.com\/es\/#\/schema\/logo\/image\/\",\"url\":\"https:\/\/www.csj-emballages.com\/wp-content\/uploads\/2023\/10\/logo_csj.webp\",\"contentUrl\":\"https:\/\/www.csj-emballages.com\/wp-content\/uploads\/2023\/10\/logo_csj.webp\",\"width\":250,\"height\":95,\"caption\":\"CSJ Emballages\"},\"image\":{\"@id\":\"https:\/\/www.csj-emballages.com\/es\/#\/schema\/logo\/image\/\"},\"sameAs\":[\"https:\/\/www.facebook.com\/csjemballages\"],\"address\":{\"@type\":\"PostalAddress\",\"streetAddress\":\"ZI La Lechere\",\"addressLocality\":\"Patornay\",\"postalCode\":\"39130\",\"addressCountry\":\"FR\"},\"contactPoint\":[{\"@type\":\"ContactPoint\",\"contactType\":\"Service client\",\"telephone\":\"0384254272\",\"email\":\"contact@csj-emballages.com\"}]}]}<\/script>\n<!-- \/ Yoast SEO Premium plugin. -->","yoast_head_json":{"title":"Crepe Tear-Off Pouch 100 por caja","description":"Descubra nuestra bolsa para cr\u00eapes de cart\u00f3n kraft con tira autoadhesiva (100 por bolsa): pr\u00e1ctica, higi\u00e9nica e ideal para la venta para llevar.","robots":{"index":"index","follow":"follow","max-snippet":"max-snippet:-1","max-image-preview":"max-image-preview:large","max-video-preview":"max-video-preview:-1"},"canonical":"https:\/\/www.csj-emballages.com\/es\/produit\/100-bolsillos-para-tortitas-de-carton-kraft-rasgable\/","og_locale":"es_ES","og_type":"article","og_title":"Bolsa crep\u00e9 de cart\u00f3n rasgable, 100 unid.","og_description":"Descubra nuestra bolsa para cr\u00eapes de cart\u00f3n kraft con tira autoadhesiva (100 por bolsa): pr\u00e1ctica, higi\u00e9nica e ideal para la venta para llevar.","og_url":"https:\/\/www.csj-emballages.com\/es\/produit\/100-bolsillos-para-tortitas-de-carton-kraft-rasgable\/","og_site_name":"CSJ Emballages","article_publisher":"https:\/\/www.facebook.com\/csjemballages","article_modified_time":"2026-03-12T15:34:33+00:00","og_image":[{"width":800,"height":800,"url":"https:\/\/www.csj-emballages.com\/wp-content\/uploads\/2024\/03\/POCCREP-png.webp","type":"image\/png"}],"twitter_card":"summary_large_image","twitter_misc":{"Tiempo de lectura":"2 minutos"},"schema":{"@context":"https:\/\/schema.org","@graph":[{"@type":"WebPage","@id":"https:\/\/www.csj-emballages.com\/es\/produit\/100-bolsillos-para-tortitas-de-carton-kraft-rasgable\/","url":"https:\/\/www.csj-emballages.com\/es\/produit\/100-bolsillos-para-tortitas-de-carton-kraft-rasgable\/","name":"Crepe Tear-Off Pouch 100 por caja","isPartOf":{"@id":"https:\/\/www.csj-emballages.com\/es\/#website"},"primaryImageOfPage":{"@id":"https:\/\/www.csj-emballages.com\/es\/produit\/100-bolsillos-para-tortitas-de-carton-kraft-rasgable\/#primaryimage"},"image":{"@id":"https:\/\/www.csj-emballages.com\/es\/produit\/100-bolsillos-para-tortitas-de-carton-kraft-rasgable\/#primaryimage"},"thumbnailUrl":"https:\/\/www.csj-emballages.com\/wp-content\/uploads\/2024\/03\/POCCREP-png.webp","datePublished":"2024-03-01T15:50:26+00:00","dateModified":"2026-03-12T15:34:33+00:00","description":"Descubra nuestra bolsa para cr\u00eapes de cart\u00f3n kraft con tira autoadhesiva (100 por bolsa): pr\u00e1ctica, higi\u00e9nica e ideal para la venta para llevar.","breadcrumb":{"@id":"https:\/\/www.csj-emballages.com\/es\/produit\/100-bolsillos-para-tortitas-de-carton-kraft-rasgable\/#breadcrumb"},"inLanguage":"es","potentialAction":[{"@type":"ReadAction","target":["https:\/\/www.csj-emballages.com\/es\/produit\/100-bolsillos-para-tortitas-de-carton-kraft-rasgable\/"]}]},{"@type":"ImageObject","inLanguage":"es","@id":"https:\/\/www.csj-emballages.com\/es\/produit\/100-bolsillos-para-tortitas-de-carton-kraft-rasgable\/#primaryimage","url":"https:\/\/www.csj-emballages.com\/wp-content\/uploads\/2024\/03\/POCCREP-png.webp","contentUrl":"https:\/\/www.csj-emballages.com\/wp-content\/uploads\/2024\/03\/POCCREP-png.webp","width":800,"height":800,"caption":"Pochette cr\u00eape"},{"@type":"BreadcrumbList","@id":"https:\/\/www.csj-emballages.com\/es\/produit\/100-bolsillos-para-tortitas-de-carton-kraft-rasgable\/#breadcrumb","itemListElement":[{"@type":"ListItem","position":1,"name":"Accueil","item":"https:\/\/www.csj-emballages.com\/es\/universo-del-envasado-alimentario\/"},{"@type":"ListItem","position":2,"name":"Tienda","item":"https:\/\/www.csj-emballages.com\/tienda\/"},{"@type":"ListItem","position":3,"name":"Bolsa crep\u00e9 de cart\u00f3n rasgable, 100 unid."}]},{"@type":"WebSite","@id":"https:\/\/www.csj-emballages.com\/es\/#website","url":"https:\/\/www.csj-emballages.com\/es\/","name":"CSJ Emballages","description":"","publisher":{"@id":"https:\/\/www.csj-emballages.com\/es\/#organization"},"potentialAction":[{"@type":"SearchAction","target":{"@type":"EntryPoint","urlTemplate":"https:\/\/www.csj-emballages.com\/es\/?s={search_term_string}"},"query-input":{"@type":"PropertyValueSpecification","valueRequired":true,"valueName":"search_term_string"}}],"inLanguage":"es"},{"@type":"Organization","@id":"https:\/\/www.csj-emballages.com\/es\/#Organization\/","name":"CSJ Emballages","url":"https:\/\/www.csj-emballages.com\/es\/","logo":{"@type":"ImageObject","inLanguage":"es","@id":"https:\/\/www.csj-emballages.com\/es\/#\/schema\/logo\/image\/","url":"https:\/\/www.csj-emballages.com\/wp-content\/uploads\/2023\/10\/logo_csj.webp","contentUrl":"https:\/\/www.csj-emballages.com\/wp-content\/uploads\/2023\/10\/logo_csj.webp","width":250,"height":95,"caption":"CSJ Emballages"},"image":{"@id":"https:\/\/www.csj-emballages.com\/es\/#\/schema\/logo\/image\/"},"sameAs":["https:\/\/www.facebook.com\/csjemballages"],"address":{"@type":"PostalAddress","streetAddress":"ZI La Lechere","addressLocality":"Patornay","postalCode":"39130","addressCountry":"FR"},"contactPoint":[{"@type":"ContactPoint","contactType":"Service client","telephone":"0384254272","email":"contact@csj-emballages.com"}]}]}},"df_price":20.56,"df_sale_price":"","df_regular_price":20.56,"df_image_link":"https:\/\/www.csj-emballages.com\/wp-content\/uploads\/2024\/03\/POCCREP-300x300.webp","tiered_pricing_type":"fixed","tiered_pricing_fixed_rules":[],"tiered_pricing_percentage_rules":[],"tiered_pricing_minimum":1,"tiered_pricing_roles_data":[],"_links":{"self":[{"href":"https:\/\/www.csj-emballages.com\/es\/wp-json\/wp\/v2\/product\/22702","targetHints":{"allow":["GET"]}}],"collection":[{"href":"https:\/\/www.csj-emballages.com\/es\/wp-json\/wp\/v2\/product"}],"about":[{"href":"https:\/\/www.csj-emballages.com\/es\/wp-json\/wp\/v2\/types\/product"}],"wp:featuredmedia":[{"embeddable":true,"href":"https:\/\/www.csj-emballages.com\/es\/wp-json\/wp\/v2\/media\/230491"}],"wp:attachment":[{"href":"https:\/\/www.csj-emballages.com\/es\/wp-json\/wp\/v2\/media?parent=22702"}],"wp:term":[{"taxonomy":"product_brand","embeddable":true,"href":"https:\/\/www.csj-emballages.com\/es\/wp-json\/wp\/v2\/product_brand?post=22702"},{"taxonomy":"product_cat","embeddable":true,"href":"https:\/\/www.csj-emballages.com\/es\/wp-json\/wp\/v2\/product_cat?post=22702"},{"taxonomy":"product_tag","embeddable":true,"href":"https:\/\/www.csj-emballages.com\/es\/wp-json\/wp\/v2\/product_tag?post=22702"}],"curies":[{"name":"wp","href":"https:\/\/api.w.org\/{rel}","templated":true}]}}