{"id":226936,"date":"2025-03-07T02:18:44","date_gmt":"2025-03-07T01:18:44","guid":{"rendered":"https:\/\/www.csj-emballages.com\/?post_type=product&#038;p=226936"},"modified":"2026-03-20T15:02:36","modified_gmt":"2026-03-20T14:02:36","slug":"bolsa-termica-blanca-impresa-con-queso-25-x-166-cm-por-1000","status":"publish","type":"product","link":"https:\/\/www.csj-emballages.com\/es\/produit\/bolsa-termica-blanca-impresa-con-queso-25-x-166-cm-por-1000\/","title":{"rendered":"Bolsa t\u00e9rmica blanca para queso 25 x 16,6 cm por 1000"},"content":{"rendered":"<h2 class=\"p1\">Bolsa de queso<\/h2>\n<hr>\n<h3>Descripci\u00f3n de nuestra bolsa t\u00e9rmica blanca para queso 25 x 16,6 cm por 1000<\/h3>\n<p><!--more--><\/p>\n<div class=\"flex max-w-full flex-col grow\">\n<div class=\"min-h-8 text-message relative flex w-full flex-col items-end gap-2 text-start break-words whitespace-normal [.text-message+&amp;]:mt-5\" dir=\"auto\" data-message-author-role=\"assistant\" data-message-id=\"1cf90a76-2f90-4af9-82a6-726e1ff89d2d\" data-message-model-slug=\"gpt-4o\">\n<div class=\"flex w-full flex-col gap-1 empty:hidden first:pt-[3px]\">\n<div class=\"markdown prose dark:prose-invert w-full break-words dark\">\n<article class=\"text-token-text-primary w-full\" dir=\"auto\" data-testid=\"conversation-turn-10\" data-scroll-anchor=\"true\">\n<div class=\"text-base my-auto mx-auto py-5 px-6\">\n<div class=\"mx-auto flex flex-1 text-base gap-4 md:gap-5 lg:gap-6 md:max-w-3xl lg:max-w-[40rem] xl:max-w-[48rem] group\/turn-messages focus-visible:outline-hidden\" tabindex=\"-1\">\n<div class=\"group\/conversation-turn relative flex w-full min-w-0 flex-col agent-turn @xs\/thread:px-0 @sm\/thread:px-1.5 @md\/thread:px-4\">\n<div class=\"relative flex-col gap-1 md:gap-3\">\n<div class=\"flex max-w-full flex-col grow\">\n<div class=\"min-h-8 text-message relative flex w-full flex-col items-end gap-2 text-start break-words whitespace-normal [.text-message+&amp;]:mt-5\" dir=\"auto\" data-message-author-role=\"assistant\" data-message-id=\"501a8fbe-9cc6-4e38-8a4d-2da13b1b7753\" data-message-model-slug=\"gpt-4o\">\n<div class=\"flex w-full flex-col gap-1 empty:hidden first:pt-[3px]\">\n<div class=\"markdown prose dark:prose-invert w-full break-words dark\">\n<p data-start=\"0\" data-end=\"1877\">Esta <strong>bolsa t\u00e9rmica blanca para queso<\/strong> est\u00e1 dise\u00f1ada para ofrecer a los queseros y minoristas una soluci\u00f3n de envasado que combina higiene, practicidad y est\u00e9tica. Su sistema <strong>adhesivo<\/strong> integrado permite un cierre r\u00e1pido y herm\u00e9tico, proporcionando una protecci\u00f3n \u00f3ptima contra el aire. Fabricada con materiales de alta calidad, garantiza una conservaci\u00f3n eficaz del queso y otros productos frescos, al tiempo que facilita su transporte. Su formato <strong>de 25 x 16,6 cm<\/strong> da cabida a peque\u00f1as porciones, por lo que resulta ideal para su uso con art\u00edculos peque\u00f1os. Adem\u00e1s de su funcionalidad, su dise\u00f1o sobrio y profesional realza el valor de sus productos y refuerza la imagen de marca de los minoristas que desean ofrecer un envase ordenado y eficaz.    <\/p>\n<p data-start=\"0\" data-end=\"1877\">\n<\/div>\n<div class=\"markdown prose dark:prose-invert w-full break-words dark\">\n<p data-start=\"0\" data-end=\"1877\"><!--more--><\/p>\n<p data-start=\"0\" data-end=\"1877\">Resistente y fiable, esta <strong>bolsa autoadhesiva para queso<\/strong> se adapta perfectamente a las necesidades de los profesionales m\u00e1s exigentes, evitando derrames y garantizando una presentaci\u00f3n impecable. Es r\u00e1pida y f\u00e1cil de usar, lo que optimiza el tiempo de preparaci\u00f3n en la tienda y mejora la experiencia del cliente. Adecuado para productos alimenticios que necesitan ser conservados, es una elecci\u00f3n acertada para combinar calidad, seguridad y est\u00e9tica. Adem\u00e1s, su dise\u00f1o <strong>t\u00e9rmico<\/strong> garantiza una excelente resistencia a las variaciones de temperatura, limitando los riesgos asociados a la humedad. Ideal para el uso diario, esta <strong>bolsa para queso<\/strong> ofrece una alternativa moderna y eficaz a los envases tradicionales. Su <strong>adhesivo<\/strong> de alto rendimiento garantiza una sujeci\u00f3n duradera, permitiendo un transporte seguro sin riesgo de apertura accidental. En resumen, es un producto imprescindible para los profesionales que desean combinar la practicidad con las exigencias sanitarias.      <\/p>\n<\/div>\n<\/div>\n<\/div>\n<\/div>\n<\/div>\n<\/div>\n<\/div>\n<\/div>\n<\/article>\n<\/div>\n<\/div>\n<\/div>\n<\/div>\n<div class=\"flex justify-start\"><\/div>\n<p data-start=\"108\" data-end=\"487\"><!--more--><\/p>\n<h4>Sus ventajas:<\/h4>\n<ul>\n<li data-start=\"513\" data-end=\"610\"><strong data-start=\"515\" data-end=\"540\">Higi\u00e9nico y seguro<\/strong>: protege eficazmente sus quesos de la contaminaci\u00f3n externa.<\/li>\n<li data-start=\"611\" data-end=\"701\"><strong data-start=\"613\" data-end=\"632\">Adhesivo integrado<\/strong>: para facilitar el cierre sin necesidad de accesorios adicionales.<\/li>\n<li data-start=\"790\" data-end=\"888\"><strong data-start=\"792\" data-end=\"814\">R\u00e1pido de usar<\/strong>: su f\u00e1cil manejo ahorra tiempo a los profesionales.<\/li>\n<li data-start=\"889\" data-end=\"981\"><strong data-start=\"891\" data-end=\"910\">Formato pr\u00e1ctico<\/strong>: Estas bolsas para queso son ideales para una gran variedad de quesos y otros productos frescos.<\/li>\n<li><strong>2 opciones de cierre<\/strong>: Con tira adhesiva integrada o por termosellado<\/li>\n<\/ul>\n<p>&nbsp;<\/p>\n<p><!--more--><\/p>\n<h4>Informaci\u00f3n adicional :<\/h4>\n<ul>\n<li><strong>Embalaje<\/strong>: Caja de 1000<\/li>\n<li><strong>Dimensiones<\/strong>: 25 x 16,6 cm<\/li>\n<li><strong>Material<\/strong>: Papel<\/li>\n<li><strong>Color<\/strong>: Blanco \/ Naranja<\/li>\n<\/ul>\n<p>&nbsp;<\/p>\n<p><!--more--><\/p>\n<p>Este producto est\u00e1 disponible en varios tama\u00f1os: <span style=\"color: #d12727;\"><a style=\"color: #d12727;\" href=\"https:\/\/www.csj-emballages.com\/es\/produit\/bolsa-termo-blanca-impresa-con-queso-25-x-25-cm-por-1000\/\">25 x 25 cm<\/a><\/span> \/ <span style=\"color: #d12727;\"><a style=\"color: #d12727;\" href=\"https:\/\/www.csj-emballages.com\/es\/produit\/bolsa-termica-blanca-con-impresion-de-queso-25-x-33-cm-por-500\/\">25 x 33 cm<\/a><\/span><\/p>\n<p>&nbsp;<\/p>\n<p><!--more--><\/p>\n<p><a href=\"https:\/\/www.csj-emballages.com\/es\/categorie-produit\/envasado-de-alimentos\/carniceria-y-charcuteria\/papel-alimentario\/bolsas-adhesivas\/\">Ver el resto de nuestra gama de bolsillos autoadhesivos<\/a><\/p>\n","protected":false},"excerpt":{"rendered":"<p>Bolsa de queso Descripci\u00f3n de nuestra bolsa t\u00e9rmica blanca para queso 25 x 16,6 cm por 1000<\/p>\n","protected":false},"featured_media":227218,"template":"","meta":{"_acf_changed":false},"product_brand":[],"product_cat":[1150,1143,2572,9264],"product_tag":[],"class_list":{"0":"post-226936","1":"product","2":"type-product","3":"status-publish","4":"has-post-thumbnail","6":"product_cat-envasado-de-alimentos","7":"product_cat-carniceria-y-charcuteria","8":"product_cat-papel-alimentario","9":"product_cat-bolsas-adhesivas","11":"first","12":"instock","13":"taxable","14":"shipping-taxable","15":"purchasable","16":"product-type-simple"},"acf":[],"yoast_head":"<!-- This site is optimized with the Yoast SEO Premium plugin v26.6 (Yoast SEO v26.6) - https:\/\/yoast.com\/wordpress\/plugins\/seo\/ -->\n<title>Bolsa t\u00e9rmica para queso blanca 25 x 16,6 cm por 1000<\/title>\n<meta name=\"description\" content=\"Descubra nuestra bolsa termoadhesiva blanca para queso de 25 x 16,6 cm (x1000). Perfecta para queseros y hosteleros, se cierra r\u00e1pidamente.\" \/>\n<meta name=\"robots\" content=\"index, follow, max-snippet:-1, max-image-preview:large, max-video-preview:-1\" \/>\n<link rel=\"canonical\" href=\"https:\/\/www.csj-emballages.com\/es\/produit\/bolsa-termica-blanca-impresa-con-queso-25-x-166-cm-por-1000\/\" \/>\n<meta property=\"og:locale\" content=\"es_ES\" \/>\n<meta property=\"og:type\" content=\"article\" \/>\n<meta property=\"og:title\" content=\"Bolsa t\u00e9rmica blanca para queso 25 x 16,6 cm por 1000\" \/>\n<meta property=\"og:description\" content=\"Descubra nuestra bolsa termoadhesiva blanca para queso de 25 x 16,6 cm (x1000). Perfecta para queseros y hosteleros, se cierra r\u00e1pidamente.\" \/>\n<meta property=\"og:url\" content=\"https:\/\/www.csj-emballages.com\/es\/produit\/bolsa-termica-blanca-impresa-con-queso-25-x-166-cm-por-1000\/\" \/>\n<meta property=\"og:site_name\" content=\"CSJ Emballages\" \/>\n<meta property=\"article:publisher\" content=\"https:\/\/www.facebook.com\/csjemballages\" \/>\n<meta property=\"article:modified_time\" content=\"2026-03-20T14:02:36+00:00\" \/>\n<meta property=\"og:image\" content=\"https:\/\/www.csj-emballages.com\/wp-content\/uploads\/2025\/03\/pochette-fromagerie.webp\" \/>\n\t<meta property=\"og:image:width\" content=\"800\" \/>\n\t<meta property=\"og:image:height\" content=\"800\" \/>\n\t<meta property=\"og:image:type\" content=\"image\/webp\" \/>\n<meta name=\"twitter:card\" content=\"summary_large_image\" \/>\n<meta name=\"twitter:label1\" content=\"Tiempo de lectura\" \/>\n\t<meta name=\"twitter:data1\" content=\"2 minutos\" \/>\n<script type=\"application\/ld+json\" class=\"yoast-schema-graph\">{\"@context\":\"https:\/\/schema.org\",\"@graph\":[{\"@type\":\"WebPage\",\"@id\":\"https:\/\/www.csj-emballages.com\/es\/produit\/bolsa-termica-blanca-impresa-con-queso-25-x-166-cm-por-1000\/\",\"url\":\"https:\/\/www.csj-emballages.com\/es\/produit\/bolsa-termica-blanca-impresa-con-queso-25-x-166-cm-por-1000\/\",\"name\":\"Bolsa t\u00e9rmica para queso blanca 25 x 16,6 cm por 1000\",\"isPartOf\":{\"@id\":\"https:\/\/www.csj-emballages.com\/es\/#website\"},\"primaryImageOfPage\":{\"@id\":\"https:\/\/www.csj-emballages.com\/es\/produit\/bolsa-termica-blanca-impresa-con-queso-25-x-166-cm-por-1000\/#primaryimage\"},\"image\":{\"@id\":\"https:\/\/www.csj-emballages.com\/es\/produit\/bolsa-termica-blanca-impresa-con-queso-25-x-166-cm-por-1000\/#primaryimage\"},\"thumbnailUrl\":\"https:\/\/www.csj-emballages.com\/wp-content\/uploads\/2025\/03\/pochette-fromagerie.webp\",\"datePublished\":\"2025-03-07T01:18:44+00:00\",\"dateModified\":\"2026-03-20T14:02:36+00:00\",\"description\":\"Descubra nuestra bolsa termoadhesiva blanca para queso de 25 x 16,6 cm (x1000). Perfecta para queseros y hosteleros, se cierra r\u00e1pidamente.\",\"breadcrumb\":{\"@id\":\"https:\/\/www.csj-emballages.com\/es\/produit\/bolsa-termica-blanca-impresa-con-queso-25-x-166-cm-por-1000\/#breadcrumb\"},\"inLanguage\":\"es\",\"potentialAction\":[{\"@type\":\"ReadAction\",\"target\":[\"https:\/\/www.csj-emballages.com\/es\/produit\/bolsa-termica-blanca-impresa-con-queso-25-x-166-cm-por-1000\/\"]}]},{\"@type\":\"ImageObject\",\"inLanguage\":\"es\",\"@id\":\"https:\/\/www.csj-emballages.com\/es\/produit\/bolsa-termica-blanca-impresa-con-queso-25-x-166-cm-por-1000\/#primaryimage\",\"url\":\"https:\/\/www.csj-emballages.com\/wp-content\/uploads\/2025\/03\/pochette-fromagerie.webp\",\"contentUrl\":\"https:\/\/www.csj-emballages.com\/wp-content\/uploads\/2025\/03\/pochette-fromagerie.webp\",\"width\":800,\"height\":800,\"caption\":\"pochette fromagerie\"},{\"@type\":\"BreadcrumbList\",\"@id\":\"https:\/\/www.csj-emballages.com\/es\/produit\/bolsa-termica-blanca-impresa-con-queso-25-x-166-cm-por-1000\/#breadcrumb\",\"itemListElement\":[{\"@type\":\"ListItem\",\"position\":1,\"name\":\"Accueil\",\"item\":\"https:\/\/www.csj-emballages.com\/es\/universo-del-envasado-alimentario\/\"},{\"@type\":\"ListItem\",\"position\":2,\"name\":\"Tienda\",\"item\":\"https:\/\/www.csj-emballages.com\/tienda\/\"},{\"@type\":\"ListItem\",\"position\":3,\"name\":\"Bolsa t\u00e9rmica blanca para queso 25 x 16,6 cm por 1000\"}]},{\"@type\":\"WebSite\",\"@id\":\"https:\/\/www.csj-emballages.com\/es\/#website\",\"url\":\"https:\/\/www.csj-emballages.com\/es\/\",\"name\":\"CSJ Emballages\",\"description\":\"\",\"publisher\":{\"@id\":\"https:\/\/www.csj-emballages.com\/es\/#organization\"},\"potentialAction\":[{\"@type\":\"SearchAction\",\"target\":{\"@type\":\"EntryPoint\",\"urlTemplate\":\"https:\/\/www.csj-emballages.com\/es\/?s={search_term_string}\"},\"query-input\":{\"@type\":\"PropertyValueSpecification\",\"valueRequired\":true,\"valueName\":\"search_term_string\"}}],\"inLanguage\":\"es\"},{\"@type\":\"Organization\",\"@id\":\"https:\/\/www.csj-emballages.com\/es\/#Organization\/\",\"name\":\"CSJ Emballages\",\"url\":\"https:\/\/www.csj-emballages.com\/es\/\",\"logo\":{\"@type\":\"ImageObject\",\"inLanguage\":\"es\",\"@id\":\"https:\/\/www.csj-emballages.com\/es\/#\/schema\/logo\/image\/\",\"url\":\"https:\/\/www.csj-emballages.com\/wp-content\/uploads\/2023\/10\/logo_csj.webp\",\"contentUrl\":\"https:\/\/www.csj-emballages.com\/wp-content\/uploads\/2023\/10\/logo_csj.webp\",\"width\":250,\"height\":95,\"caption\":\"CSJ Emballages\"},\"image\":{\"@id\":\"https:\/\/www.csj-emballages.com\/es\/#\/schema\/logo\/image\/\"},\"sameAs\":[\"https:\/\/www.facebook.com\/csjemballages\"],\"address\":{\"@type\":\"PostalAddress\",\"streetAddress\":\"ZI La Lechere\",\"addressLocality\":\"Patornay\",\"postalCode\":\"39130\",\"addressCountry\":\"FR\"},\"contactPoint\":[{\"@type\":\"ContactPoint\",\"contactType\":\"Service client\",\"telephone\":\"0384254272\",\"email\":\"contact@csj-emballages.com\"}]}]}<\/script>\n<!-- \/ Yoast SEO Premium plugin. -->","yoast_head_json":{"title":"Bolsa t\u00e9rmica para queso blanca 25 x 16,6 cm por 1000","description":"Descubra nuestra bolsa termoadhesiva blanca para queso de 25 x 16,6 cm (x1000). Perfecta para queseros y hosteleros, se cierra r\u00e1pidamente.","robots":{"index":"index","follow":"follow","max-snippet":"max-snippet:-1","max-image-preview":"max-image-preview:large","max-video-preview":"max-video-preview:-1"},"canonical":"https:\/\/www.csj-emballages.com\/es\/produit\/bolsa-termica-blanca-impresa-con-queso-25-x-166-cm-por-1000\/","og_locale":"es_ES","og_type":"article","og_title":"Bolsa t\u00e9rmica blanca para queso 25 x 16,6 cm por 1000","og_description":"Descubra nuestra bolsa termoadhesiva blanca para queso de 25 x 16,6 cm (x1000). Perfecta para queseros y hosteleros, se cierra r\u00e1pidamente.","og_url":"https:\/\/www.csj-emballages.com\/es\/produit\/bolsa-termica-blanca-impresa-con-queso-25-x-166-cm-por-1000\/","og_site_name":"CSJ Emballages","article_publisher":"https:\/\/www.facebook.com\/csjemballages","article_modified_time":"2026-03-20T14:02:36+00:00","og_image":[{"width":800,"height":800,"url":"https:\/\/www.csj-emballages.com\/wp-content\/uploads\/2025\/03\/pochette-fromagerie.webp","type":"image\/webp"}],"twitter_card":"summary_large_image","twitter_misc":{"Tiempo de lectura":"2 minutos"},"schema":{"@context":"https:\/\/schema.org","@graph":[{"@type":"WebPage","@id":"https:\/\/www.csj-emballages.com\/es\/produit\/bolsa-termica-blanca-impresa-con-queso-25-x-166-cm-por-1000\/","url":"https:\/\/www.csj-emballages.com\/es\/produit\/bolsa-termica-blanca-impresa-con-queso-25-x-166-cm-por-1000\/","name":"Bolsa t\u00e9rmica para queso blanca 25 x 16,6 cm por 1000","isPartOf":{"@id":"https:\/\/www.csj-emballages.com\/es\/#website"},"primaryImageOfPage":{"@id":"https:\/\/www.csj-emballages.com\/es\/produit\/bolsa-termica-blanca-impresa-con-queso-25-x-166-cm-por-1000\/#primaryimage"},"image":{"@id":"https:\/\/www.csj-emballages.com\/es\/produit\/bolsa-termica-blanca-impresa-con-queso-25-x-166-cm-por-1000\/#primaryimage"},"thumbnailUrl":"https:\/\/www.csj-emballages.com\/wp-content\/uploads\/2025\/03\/pochette-fromagerie.webp","datePublished":"2025-03-07T01:18:44+00:00","dateModified":"2026-03-20T14:02:36+00:00","description":"Descubra nuestra bolsa termoadhesiva blanca para queso de 25 x 16,6 cm (x1000). Perfecta para queseros y hosteleros, se cierra r\u00e1pidamente.","breadcrumb":{"@id":"https:\/\/www.csj-emballages.com\/es\/produit\/bolsa-termica-blanca-impresa-con-queso-25-x-166-cm-por-1000\/#breadcrumb"},"inLanguage":"es","potentialAction":[{"@type":"ReadAction","target":["https:\/\/www.csj-emballages.com\/es\/produit\/bolsa-termica-blanca-impresa-con-queso-25-x-166-cm-por-1000\/"]}]},{"@type":"ImageObject","inLanguage":"es","@id":"https:\/\/www.csj-emballages.com\/es\/produit\/bolsa-termica-blanca-impresa-con-queso-25-x-166-cm-por-1000\/#primaryimage","url":"https:\/\/www.csj-emballages.com\/wp-content\/uploads\/2025\/03\/pochette-fromagerie.webp","contentUrl":"https:\/\/www.csj-emballages.com\/wp-content\/uploads\/2025\/03\/pochette-fromagerie.webp","width":800,"height":800,"caption":"pochette fromagerie"},{"@type":"BreadcrumbList","@id":"https:\/\/www.csj-emballages.com\/es\/produit\/bolsa-termica-blanca-impresa-con-queso-25-x-166-cm-por-1000\/#breadcrumb","itemListElement":[{"@type":"ListItem","position":1,"name":"Accueil","item":"https:\/\/www.csj-emballages.com\/es\/universo-del-envasado-alimentario\/"},{"@type":"ListItem","position":2,"name":"Tienda","item":"https:\/\/www.csj-emballages.com\/tienda\/"},{"@type":"ListItem","position":3,"name":"Bolsa t\u00e9rmica blanca para queso 25 x 16,6 cm por 1000"}]},{"@type":"WebSite","@id":"https:\/\/www.csj-emballages.com\/es\/#website","url":"https:\/\/www.csj-emballages.com\/es\/","name":"CSJ Emballages","description":"","publisher":{"@id":"https:\/\/www.csj-emballages.com\/es\/#organization"},"potentialAction":[{"@type":"SearchAction","target":{"@type":"EntryPoint","urlTemplate":"https:\/\/www.csj-emballages.com\/es\/?s={search_term_string}"},"query-input":{"@type":"PropertyValueSpecification","valueRequired":true,"valueName":"search_term_string"}}],"inLanguage":"es"},{"@type":"Organization","@id":"https:\/\/www.csj-emballages.com\/es\/#Organization\/","name":"CSJ Emballages","url":"https:\/\/www.csj-emballages.com\/es\/","logo":{"@type":"ImageObject","inLanguage":"es","@id":"https:\/\/www.csj-emballages.com\/es\/#\/schema\/logo\/image\/","url":"https:\/\/www.csj-emballages.com\/wp-content\/uploads\/2023\/10\/logo_csj.webp","contentUrl":"https:\/\/www.csj-emballages.com\/wp-content\/uploads\/2023\/10\/logo_csj.webp","width":250,"height":95,"caption":"CSJ Emballages"},"image":{"@id":"https:\/\/www.csj-emballages.com\/es\/#\/schema\/logo\/image\/"},"sameAs":["https:\/\/www.facebook.com\/csjemballages"],"address":{"@type":"PostalAddress","streetAddress":"ZI La Lechere","addressLocality":"Patornay","postalCode":"39130","addressCountry":"FR"},"contactPoint":[{"@type":"ContactPoint","contactType":"Service client","telephone":"0384254272","email":"contact@csj-emballages.com"}]}]}},"df_price":60.8,"df_sale_price":"","df_regular_price":60.8,"df_image_link":"https:\/\/www.csj-emballages.com\/wp-content\/uploads\/2025\/03\/pochette-fromagerie-300x300.webp","tiered_pricing_type":"fixed","tiered_pricing_fixed_rules":[],"tiered_pricing_percentage_rules":[],"tiered_pricing_minimum":1,"tiered_pricing_roles_data":[],"_links":{"self":[{"href":"https:\/\/www.csj-emballages.com\/es\/wp-json\/wp\/v2\/product\/226936","targetHints":{"allow":["GET"]}}],"collection":[{"href":"https:\/\/www.csj-emballages.com\/es\/wp-json\/wp\/v2\/product"}],"about":[{"href":"https:\/\/www.csj-emballages.com\/es\/wp-json\/wp\/v2\/types\/product"}],"wp:featuredmedia":[{"embeddable":true,"href":"https:\/\/www.csj-emballages.com\/es\/wp-json\/wp\/v2\/media\/227218"}],"wp:attachment":[{"href":"https:\/\/www.csj-emballages.com\/es\/wp-json\/wp\/v2\/media?parent=226936"}],"wp:term":[{"taxonomy":"product_brand","embeddable":true,"href":"https:\/\/www.csj-emballages.com\/es\/wp-json\/wp\/v2\/product_brand?post=226936"},{"taxonomy":"product_cat","embeddable":true,"href":"https:\/\/www.csj-emballages.com\/es\/wp-json\/wp\/v2\/product_cat?post=226936"},{"taxonomy":"product_tag","embeddable":true,"href":"https:\/\/www.csj-emballages.com\/es\/wp-json\/wp\/v2\/product_tag?post=226936"}],"curies":[{"name":"wp","href":"https:\/\/api.w.org\/{rel}","templated":true}]}}