{"id":226932,"date":"2025-03-07T02:18:42","date_gmt":"2025-03-07T01:18:42","guid":{"rendered":"https:\/\/www.csj-emballages.com\/?post_type=product&#038;p=226932"},"modified":"2026-03-20T15:03:08","modified_gmt":"2026-03-20T14:03:08","slug":"bolsa-termica-blanca-con-impresion-de-charcuteria-25-x-25-cm-por-1000","status":"publish","type":"product","link":"https:\/\/www.csj-emballages.com\/es\/produit\/bolsa-termica-blanca-con-impresion-de-charcuteria-25-x-25-cm-por-1000\/","title":{"rendered":"Bolsa t\u00e9rmica blanca 25 x 25 cm por 1000"},"content":{"rendered":"<h2>Paquete de embutidos<\/h2>\n<hr>\n<h3>Descripci\u00f3n de nuestra bolsa t\u00e9rmica blanca 25 x 25 cm por 1000<\/h3>\n<p><!--more--><\/p>\n<article class=\"text-token-text-primary w-full\" dir=\"auto\" data-testid=\"conversation-turn-12\" data-scroll-anchor=\"true\">\n<div class=\"text-base my-auto mx-auto py-5 px-6\">\n<div class=\"mx-auto flex flex-1 text-base gap-4 md:gap-5 lg:gap-6 md:max-w-3xl lg:max-w-[40rem] xl:max-w-[48rem] group\/turn-messages focus-visible:outline-hidden\" tabindex=\"-1\">\n<div class=\"group\/conversation-turn relative flex w-full min-w-0 flex-col agent-turn @xs\/thread:px-0 @sm\/thread:px-1.5 @md\/thread:px-4\">\n<div class=\"relative flex-col gap-1 md:gap-3\">\n<div class=\"flex max-w-full flex-col grow\">\n<div class=\"min-h-8 text-message relative flex w-full flex-col items-end gap-2 text-start break-words whitespace-normal [.text-message+&amp;]:mt-5\" dir=\"auto\" data-message-author-role=\"assistant\" data-message-id=\"04080541-7628-4997-9580-4b4b174b20cc\" data-message-model-slug=\"gpt-4o\">\n<div class=\"flex w-full flex-col gap-1 empty:hidden first:pt-[3px]\">\n<div class=\"markdown prose dark:prose-invert w-full break-words dark\">\n<p data-start=\"0\" data-end=\"1749\">Optimice la conservaci\u00f3n y presentaci\u00f3n de sus productos con esta <strong>bolsa t\u00e9rmica blanca de 25 x 25 cm.<\/strong> Dise\u00f1ada para satisfacer las necesidades de profesionales como carniceros, charcuteros y restauradores, protege los alimentos del aire, la humedad y los contaminantes externos. Ideal para <strong>envasar charcuter\u00eda<\/strong> <strong>en lonchas<\/strong>, embutidos y otros productos que requieren una conservaci\u00f3n cuidadosa, garantiza un almacenamiento seguro al tiempo que preserva la frescura y las cualidades gustativas de los alimentos. Su material <strong>termo<\/strong> garantiza una mayor resistencia a las variaciones de temperatura, limitando el riesgo de condensaci\u00f3n o deterioro del producto. Su formato cuadrado de <strong>25 x 25<\/strong> <strong>cm<\/strong> se adapta perfectamente a las porciones est\u00e1ndar, facilitando su manipulaci\u00f3n y almacenamiento en vitrina o c\u00e1mara frigor\u00edfica.    <\/p>\n<p data-start=\"0\" data-end=\"1749\"><!--more--><\/p>\n<p data-start=\"0\" data-end=\"1749\">Con su dise\u00f1o elegante y profesional, esta <strong>bolsa autoadhesiva para embutidos<\/strong> realza el valor del producto al tiempo que refuerza la imagen de marca de los minoristas deseosos de ofrecer un envase de calidad. Su uso pr\u00e1ctico simplifica el envasado, optimizando el tiempo de trabajo en la tienda o el laboratorio. Fiable y resistente, evita las fugas y garantiza un transporte seguro, impidiendo la apertura accidental. Es una alternativa moderna y eficaz a los envases tradicionales que cumple las normas de higiene m\u00e1s estrictas. En resumen, es ideal para la venta para llevar, el almacenamiento en estanter\u00edas o la conservaci\u00f3n en el hogar. Esta bolsa combina practicidad, seguridad y est\u00e9tica, ofreciendo una soluci\u00f3n \u00f3ptima tanto para profesionales exigentes como para particulares que desean conservar sus alimentos en las mejores condiciones posibles.    <\/p>\n<\/div>\n<\/div>\n<\/div>\n<\/div>\n<\/div>\n<\/div>\n<\/div>\n<\/div>\n<\/article>\n<div class=\"pointer-events-none h-px w-px\" aria-hidden=\"true\" data-edge=\"true\"><\/div>\n<p data-start=\"108\" data-end=\"487\"><!--more--><\/p>\n<h4>Sus ventajas:<\/h4>\n<ul>\n<li data-start=\"634\" data-end=\"738\"><strong data-start=\"636\" data-end=\"660\">Seguridad alimentaria<\/strong>: protecci\u00f3n eficaz contra la humedad y la contaminaci\u00f3n externa.<\/li>\n<li data-start=\"839\" data-end=\"936\"><strong data-start=\"841\" data-end=\"863\">R\u00e1pido y sencillo<\/strong>: f\u00e1cil de usar para un envasado profesional en un solo paso.<\/li>\n<li data-start=\"937\" data-end=\"1018\"><strong data-start=\"939\" data-end=\"954\">Vers\u00e1til<\/strong>: Adecuado para embutidos, carnes y otros productos frescos.<\/li>\n<li data-start=\"1019\" data-end=\"1110\"><strong data-start=\"1021\" data-end=\"1048\">Dise\u00f1o sencillo y elegante<\/strong>: Bolsa de embutidos blanca para una presentaci\u00f3n limpia y ordenada.<\/li>\n<li><strong>2 opciones de cierre<\/strong>: Con tira adhesiva integrada o por termosellado<\/li>\n<\/ul>\n<p>&nbsp;<\/p>\n<p><!--more--><\/p>\n<h4>Informaci\u00f3n adicional :<\/h4>\n<ul>\n<li><strong>Embalaje<\/strong>: Caja de 1000<\/li>\n<li><strong>Dimensiones<\/strong>: 25 x 25 cm<\/li>\n<li><strong>Material<\/strong>: Papel<\/li>\n<li><strong>Color<\/strong>: Blanco \/ Rosa<\/li>\n<\/ul>\n<p>&nbsp;<\/p>\n<p><!--more--><\/p>\n<p>Este producto est\u00e1 disponible en varios tama\u00f1os: <span style=\"color: #d12727;\"><a style=\"color: #d12727;\" href=\"https:\/\/www.csj-emballages.com\/es\/produit\/bolsa-termica-blanca-con-impresion-de-charcuteria-25-x-166-cm-paquete-de-1000\/\">25 x 16,6 cm<\/a><\/span> \/ <span style=\"color: #d12727;\"><a style=\"color: #d12727;\" href=\"https:\/\/www.csj-emballages.com\/es\/produit\/bolsa-termica-blanca-con-impresion-de-charcuteria-25-x-33-cm-paquete-de-500\/\">25 x 33 cm<\/a><\/span><\/p>\n<p>&nbsp;<\/p>\n<p><!--more--><\/p>\n<p><a href=\"https:\/\/www.csj-emballages.com\/es\/categorie-produit\/envasado-de-alimentos\/carniceria-y-charcuteria\/papel-alimentario\/bolsas-adhesivas\/\">Ver el resto de nuestra gama de bolsillos autoadhesivos<\/a><\/p>\n","protected":false},"excerpt":{"rendered":"<p>Paquete de embutidos Descripci\u00f3n de nuestra bolsa t\u00e9rmica blanca 25 x 25 cm por 1000<\/p>\n","protected":false},"featured_media":227233,"template":"","meta":{"_acf_changed":false},"product_brand":[],"product_cat":[1150,1143,2572,9264],"product_tag":[],"class_list":{"0":"post-226932","1":"product","2":"type-product","3":"status-publish","4":"has-post-thumbnail","6":"product_cat-envasado-de-alimentos","7":"product_cat-carniceria-y-charcuteria","8":"product_cat-papel-alimentario","9":"product_cat-bolsas-adhesivas","11":"first","12":"instock","13":"taxable","14":"shipping-taxable","15":"purchasable","16":"product-type-simple"},"acf":[],"yoast_head":"<!-- This site is optimized with the Yoast SEO Premium plugin v26.6 (Yoast SEO v26.6) - https:\/\/yoast.com\/wordpress\/plugins\/seo\/ -->\n<title>Bolsa Termo Charcuter\u00eda Blanca 25 x 25 cm por 1000<\/title>\n<meta name=\"description\" content=\"Bolsa t\u00e9rmica blanca 25 x 25 cm (paquete de 1000). Perfectas para conservar embutidos y carnes.\" \/>\n<meta name=\"robots\" content=\"index, follow, max-snippet:-1, max-image-preview:large, max-video-preview:-1\" \/>\n<link rel=\"canonical\" href=\"https:\/\/www.csj-emballages.com\/es\/produit\/bolsa-termica-blanca-con-impresion-de-charcuteria-25-x-25-cm-por-1000\/\" \/>\n<meta property=\"og:locale\" content=\"es_ES\" \/>\n<meta property=\"og:type\" content=\"article\" \/>\n<meta property=\"og:title\" content=\"Bolsa t\u00e9rmica blanca 25 x 25 cm por 1000\" \/>\n<meta property=\"og:description\" content=\"Bolsa t\u00e9rmica blanca 25 x 25 cm (paquete de 1000). Perfectas para conservar embutidos y carnes.\" \/>\n<meta property=\"og:url\" content=\"https:\/\/www.csj-emballages.com\/es\/produit\/bolsa-termica-blanca-con-impresion-de-charcuteria-25-x-25-cm-por-1000\/\" \/>\n<meta property=\"og:site_name\" content=\"CSJ Emballages\" \/>\n<meta property=\"article:publisher\" content=\"https:\/\/www.facebook.com\/csjemballages\" \/>\n<meta property=\"article:modified_time\" content=\"2026-03-20T14:03:08+00:00\" \/>\n<meta property=\"og:image\" content=\"https:\/\/www.csj-emballages.com\/wp-content\/uploads\/2025\/03\/pochette-charcuterie.webp\" \/>\n\t<meta property=\"og:image:width\" content=\"800\" \/>\n\t<meta property=\"og:image:height\" content=\"800\" \/>\n\t<meta property=\"og:image:type\" content=\"image\/webp\" \/>\n<meta name=\"twitter:card\" content=\"summary_large_image\" \/>\n<meta name=\"twitter:label1\" content=\"Tiempo de lectura\" \/>\n\t<meta name=\"twitter:data1\" content=\"2 minutos\" \/>\n<script type=\"application\/ld+json\" class=\"yoast-schema-graph\">{\"@context\":\"https:\/\/schema.org\",\"@graph\":[{\"@type\":\"WebPage\",\"@id\":\"https:\/\/www.csj-emballages.com\/es\/produit\/bolsa-termica-blanca-con-impresion-de-charcuteria-25-x-25-cm-por-1000\/\",\"url\":\"https:\/\/www.csj-emballages.com\/es\/produit\/bolsa-termica-blanca-con-impresion-de-charcuteria-25-x-25-cm-por-1000\/\",\"name\":\"Bolsa Termo Charcuter\u00eda Blanca 25 x 25 cm por 1000\",\"isPartOf\":{\"@id\":\"https:\/\/www.csj-emballages.com\/es\/#website\"},\"primaryImageOfPage\":{\"@id\":\"https:\/\/www.csj-emballages.com\/es\/produit\/bolsa-termica-blanca-con-impresion-de-charcuteria-25-x-25-cm-por-1000\/#primaryimage\"},\"image\":{\"@id\":\"https:\/\/www.csj-emballages.com\/es\/produit\/bolsa-termica-blanca-con-impresion-de-charcuteria-25-x-25-cm-por-1000\/#primaryimage\"},\"thumbnailUrl\":\"https:\/\/www.csj-emballages.com\/wp-content\/uploads\/2025\/03\/pochette-charcuterie.webp\",\"datePublished\":\"2025-03-07T01:18:42+00:00\",\"dateModified\":\"2026-03-20T14:03:08+00:00\",\"description\":\"Bolsa t\u00e9rmica blanca 25 x 25 cm (paquete de 1000). Perfectas para conservar embutidos y carnes.\",\"breadcrumb\":{\"@id\":\"https:\/\/www.csj-emballages.com\/es\/produit\/bolsa-termica-blanca-con-impresion-de-charcuteria-25-x-25-cm-por-1000\/#breadcrumb\"},\"inLanguage\":\"es\",\"potentialAction\":[{\"@type\":\"ReadAction\",\"target\":[\"https:\/\/www.csj-emballages.com\/es\/produit\/bolsa-termica-blanca-con-impresion-de-charcuteria-25-x-25-cm-por-1000\/\"]}]},{\"@type\":\"ImageObject\",\"inLanguage\":\"es\",\"@id\":\"https:\/\/www.csj-emballages.com\/es\/produit\/bolsa-termica-blanca-con-impresion-de-charcuteria-25-x-25-cm-por-1000\/#primaryimage\",\"url\":\"https:\/\/www.csj-emballages.com\/wp-content\/uploads\/2025\/03\/pochette-charcuterie.webp\",\"contentUrl\":\"https:\/\/www.csj-emballages.com\/wp-content\/uploads\/2025\/03\/pochette-charcuterie.webp\",\"width\":800,\"height\":800,\"caption\":\"pochette charcuterie\"},{\"@type\":\"BreadcrumbList\",\"@id\":\"https:\/\/www.csj-emballages.com\/es\/produit\/bolsa-termica-blanca-con-impresion-de-charcuteria-25-x-25-cm-por-1000\/#breadcrumb\",\"itemListElement\":[{\"@type\":\"ListItem\",\"position\":1,\"name\":\"Accueil\",\"item\":\"https:\/\/www.csj-emballages.com\/es\/universo-del-envasado-alimentario\/\"},{\"@type\":\"ListItem\",\"position\":2,\"name\":\"Tienda\",\"item\":\"https:\/\/www.csj-emballages.com\/tienda\/\"},{\"@type\":\"ListItem\",\"position\":3,\"name\":\"Bolsa t\u00e9rmica blanca 25 x 25 cm por 1000\"}]},{\"@type\":\"WebSite\",\"@id\":\"https:\/\/www.csj-emballages.com\/es\/#website\",\"url\":\"https:\/\/www.csj-emballages.com\/es\/\",\"name\":\"CSJ Emballages\",\"description\":\"\",\"publisher\":{\"@id\":\"https:\/\/www.csj-emballages.com\/es\/#organization\"},\"potentialAction\":[{\"@type\":\"SearchAction\",\"target\":{\"@type\":\"EntryPoint\",\"urlTemplate\":\"https:\/\/www.csj-emballages.com\/es\/?s={search_term_string}\"},\"query-input\":{\"@type\":\"PropertyValueSpecification\",\"valueRequired\":true,\"valueName\":\"search_term_string\"}}],\"inLanguage\":\"es\"},{\"@type\":\"Organization\",\"@id\":\"https:\/\/www.csj-emballages.com\/es\/#Organization\/\",\"name\":\"CSJ Emballages\",\"url\":\"https:\/\/www.csj-emballages.com\/es\/\",\"logo\":{\"@type\":\"ImageObject\",\"inLanguage\":\"es\",\"@id\":\"https:\/\/www.csj-emballages.com\/es\/#\/schema\/logo\/image\/\",\"url\":\"https:\/\/www.csj-emballages.com\/wp-content\/uploads\/2023\/10\/logo_csj.webp\",\"contentUrl\":\"https:\/\/www.csj-emballages.com\/wp-content\/uploads\/2023\/10\/logo_csj.webp\",\"width\":250,\"height\":95,\"caption\":\"CSJ Emballages\"},\"image\":{\"@id\":\"https:\/\/www.csj-emballages.com\/es\/#\/schema\/logo\/image\/\"},\"sameAs\":[\"https:\/\/www.facebook.com\/csjemballages\"],\"address\":{\"@type\":\"PostalAddress\",\"streetAddress\":\"ZI La Lechere\",\"addressLocality\":\"Patornay\",\"postalCode\":\"39130\",\"addressCountry\":\"FR\"},\"contactPoint\":[{\"@type\":\"ContactPoint\",\"contactType\":\"Service client\",\"telephone\":\"0384254272\",\"email\":\"contact@csj-emballages.com\"}]}]}<\/script>\n<!-- \/ Yoast SEO Premium plugin. -->","yoast_head_json":{"title":"Bolsa Termo Charcuter\u00eda Blanca 25 x 25 cm por 1000","description":"Bolsa t\u00e9rmica blanca 25 x 25 cm (paquete de 1000). Perfectas para conservar embutidos y carnes.","robots":{"index":"index","follow":"follow","max-snippet":"max-snippet:-1","max-image-preview":"max-image-preview:large","max-video-preview":"max-video-preview:-1"},"canonical":"https:\/\/www.csj-emballages.com\/es\/produit\/bolsa-termica-blanca-con-impresion-de-charcuteria-25-x-25-cm-por-1000\/","og_locale":"es_ES","og_type":"article","og_title":"Bolsa t\u00e9rmica blanca 25 x 25 cm por 1000","og_description":"Bolsa t\u00e9rmica blanca 25 x 25 cm (paquete de 1000). Perfectas para conservar embutidos y carnes.","og_url":"https:\/\/www.csj-emballages.com\/es\/produit\/bolsa-termica-blanca-con-impresion-de-charcuteria-25-x-25-cm-por-1000\/","og_site_name":"CSJ Emballages","article_publisher":"https:\/\/www.facebook.com\/csjemballages","article_modified_time":"2026-03-20T14:03:08+00:00","og_image":[{"width":800,"height":800,"url":"https:\/\/www.csj-emballages.com\/wp-content\/uploads\/2025\/03\/pochette-charcuterie.webp","type":"image\/webp"}],"twitter_card":"summary_large_image","twitter_misc":{"Tiempo de lectura":"2 minutos"},"schema":{"@context":"https:\/\/schema.org","@graph":[{"@type":"WebPage","@id":"https:\/\/www.csj-emballages.com\/es\/produit\/bolsa-termica-blanca-con-impresion-de-charcuteria-25-x-25-cm-por-1000\/","url":"https:\/\/www.csj-emballages.com\/es\/produit\/bolsa-termica-blanca-con-impresion-de-charcuteria-25-x-25-cm-por-1000\/","name":"Bolsa Termo Charcuter\u00eda Blanca 25 x 25 cm por 1000","isPartOf":{"@id":"https:\/\/www.csj-emballages.com\/es\/#website"},"primaryImageOfPage":{"@id":"https:\/\/www.csj-emballages.com\/es\/produit\/bolsa-termica-blanca-con-impresion-de-charcuteria-25-x-25-cm-por-1000\/#primaryimage"},"image":{"@id":"https:\/\/www.csj-emballages.com\/es\/produit\/bolsa-termica-blanca-con-impresion-de-charcuteria-25-x-25-cm-por-1000\/#primaryimage"},"thumbnailUrl":"https:\/\/www.csj-emballages.com\/wp-content\/uploads\/2025\/03\/pochette-charcuterie.webp","datePublished":"2025-03-07T01:18:42+00:00","dateModified":"2026-03-20T14:03:08+00:00","description":"Bolsa t\u00e9rmica blanca 25 x 25 cm (paquete de 1000). Perfectas para conservar embutidos y carnes.","breadcrumb":{"@id":"https:\/\/www.csj-emballages.com\/es\/produit\/bolsa-termica-blanca-con-impresion-de-charcuteria-25-x-25-cm-por-1000\/#breadcrumb"},"inLanguage":"es","potentialAction":[{"@type":"ReadAction","target":["https:\/\/www.csj-emballages.com\/es\/produit\/bolsa-termica-blanca-con-impresion-de-charcuteria-25-x-25-cm-por-1000\/"]}]},{"@type":"ImageObject","inLanguage":"es","@id":"https:\/\/www.csj-emballages.com\/es\/produit\/bolsa-termica-blanca-con-impresion-de-charcuteria-25-x-25-cm-por-1000\/#primaryimage","url":"https:\/\/www.csj-emballages.com\/wp-content\/uploads\/2025\/03\/pochette-charcuterie.webp","contentUrl":"https:\/\/www.csj-emballages.com\/wp-content\/uploads\/2025\/03\/pochette-charcuterie.webp","width":800,"height":800,"caption":"pochette charcuterie"},{"@type":"BreadcrumbList","@id":"https:\/\/www.csj-emballages.com\/es\/produit\/bolsa-termica-blanca-con-impresion-de-charcuteria-25-x-25-cm-por-1000\/#breadcrumb","itemListElement":[{"@type":"ListItem","position":1,"name":"Accueil","item":"https:\/\/www.csj-emballages.com\/es\/universo-del-envasado-alimentario\/"},{"@type":"ListItem","position":2,"name":"Tienda","item":"https:\/\/www.csj-emballages.com\/tienda\/"},{"@type":"ListItem","position":3,"name":"Bolsa t\u00e9rmica blanca 25 x 25 cm por 1000"}]},{"@type":"WebSite","@id":"https:\/\/www.csj-emballages.com\/es\/#website","url":"https:\/\/www.csj-emballages.com\/es\/","name":"CSJ Emballages","description":"","publisher":{"@id":"https:\/\/www.csj-emballages.com\/es\/#organization"},"potentialAction":[{"@type":"SearchAction","target":{"@type":"EntryPoint","urlTemplate":"https:\/\/www.csj-emballages.com\/es\/?s={search_term_string}"},"query-input":{"@type":"PropertyValueSpecification","valueRequired":true,"valueName":"search_term_string"}}],"inLanguage":"es"},{"@type":"Organization","@id":"https:\/\/www.csj-emballages.com\/es\/#Organization\/","name":"CSJ Emballages","url":"https:\/\/www.csj-emballages.com\/es\/","logo":{"@type":"ImageObject","inLanguage":"es","@id":"https:\/\/www.csj-emballages.com\/es\/#\/schema\/logo\/image\/","url":"https:\/\/www.csj-emballages.com\/wp-content\/uploads\/2023\/10\/logo_csj.webp","contentUrl":"https:\/\/www.csj-emballages.com\/wp-content\/uploads\/2023\/10\/logo_csj.webp","width":250,"height":95,"caption":"CSJ Emballages"},"image":{"@id":"https:\/\/www.csj-emballages.com\/es\/#\/schema\/logo\/image\/"},"sameAs":["https:\/\/www.facebook.com\/csjemballages"],"address":{"@type":"PostalAddress","streetAddress":"ZI La Lechere","addressLocality":"Patornay","postalCode":"39130","addressCountry":"FR"},"contactPoint":[{"@type":"ContactPoint","contactType":"Service client","telephone":"0384254272","email":"contact@csj-emballages.com"}]}]}},"df_price":70.27,"df_sale_price":"","df_regular_price":70.27,"df_image_link":"https:\/\/www.csj-emballages.com\/wp-content\/uploads\/2025\/03\/pochette-charcuterie-300x300.webp","tiered_pricing_type":"fixed","tiered_pricing_fixed_rules":[],"tiered_pricing_percentage_rules":[],"tiered_pricing_minimum":1,"tiered_pricing_roles_data":[],"_links":{"self":[{"href":"https:\/\/www.csj-emballages.com\/es\/wp-json\/wp\/v2\/product\/226932","targetHints":{"allow":["GET"]}}],"collection":[{"href":"https:\/\/www.csj-emballages.com\/es\/wp-json\/wp\/v2\/product"}],"about":[{"href":"https:\/\/www.csj-emballages.com\/es\/wp-json\/wp\/v2\/types\/product"}],"wp:featuredmedia":[{"embeddable":true,"href":"https:\/\/www.csj-emballages.com\/es\/wp-json\/wp\/v2\/media\/227233"}],"wp:attachment":[{"href":"https:\/\/www.csj-emballages.com\/es\/wp-json\/wp\/v2\/media?parent=226932"}],"wp:term":[{"taxonomy":"product_brand","embeddable":true,"href":"https:\/\/www.csj-emballages.com\/es\/wp-json\/wp\/v2\/product_brand?post=226932"},{"taxonomy":"product_cat","embeddable":true,"href":"https:\/\/www.csj-emballages.com\/es\/wp-json\/wp\/v2\/product_cat?post=226932"},{"taxonomy":"product_tag","embeddable":true,"href":"https:\/\/www.csj-emballages.com\/es\/wp-json\/wp\/v2\/product_tag?post=226932"}],"curies":[{"name":"wp","href":"https:\/\/api.w.org\/{rel}","templated":true}]}}