{"id":226895,"date":"2025-03-07T02:18:36","date_gmt":"2025-03-07T01:18:36","guid":{"rendered":"https:\/\/www.csj-emballages.com\/?post_type=product&#038;p=226895"},"modified":"2026-03-20T15:06:11","modified_gmt":"2026-03-20T14:06:11","slug":"bolsa-termica-blanca-impresa-para-carnicerias-25-x-25-cm-por-1000","status":"publish","type":"product","link":"https:\/\/www.csj-emballages.com\/es\/produit\/bolsa-termica-blanca-impresa-para-carnicerias-25-x-25-cm-por-1000\/","title":{"rendered":"Bolsa termo carnicera blanca 25 x 25 cm por 1000"},"content":{"rendered":"<h2>Paquete de embutidos<\/h2>\n<hr>\n<h3>Descripci\u00f3n de nuestra bolsa termo carnicera blanca 25 x 25 cm por 1000<\/h3>\n<p><!--more--><\/p>\n<article class=\"text-token-text-primary w-full\" dir=\"auto\" data-testid=\"conversation-turn-16\" data-scroll-anchor=\"true\">\n<div class=\"text-base my-auto mx-auto py-5 px-6\">\n<div class=\"mx-auto flex flex-1 text-base gap-4 md:gap-5 lg:gap-6 md:max-w-3xl lg:max-w-[40rem] xl:max-w-[48rem] group\/turn-messages focus-visible:outline-hidden\" tabindex=\"-1\">\n<div class=\"group\/conversation-turn relative flex w-full min-w-0 flex-col agent-turn @xs\/thread:px-0 @sm\/thread:px-1.5 @md\/thread:px-4\">\n<div class=\"relative flex-col gap-1 md:gap-3\">\n<div class=\"flex max-w-full flex-col grow\">\n<div class=\"min-h-8 text-message relative flex w-full flex-col items-end gap-2 text-start break-words whitespace-normal [.text-message+&amp;]:mt-5\" dir=\"auto\" data-message-author-role=\"assistant\" data-message-id=\"d62e6ffa-4ea5-4026-a1a5-06f5f5719fdc\" data-message-model-slug=\"gpt-4o\">\n<div class=\"flex w-full flex-col gap-1 empty:hidden first:pt-[3px]\">\n<div class=\"markdown prose dark:prose-invert w-full break-words dark\">\n<p data-start=\"0\" data-end=\"659\">Esta <strong>bolsa t\u00e9rmica blanca de carnicero<\/strong> es el envase ideal para proteger y conservar sus carnes y embutidos en condiciones \u00f3ptimas. Con su formato <strong>de 25 x 25 cm<\/strong>, se adapta perfectamente a las porciones est\u00e1ndar, facilitando el envasado y garantizando una presentaci\u00f3n limpia y ordenada. Su dise\u00f1o <strong>termosellable<\/strong> proporciona un cierre herm\u00e9tico que impide que el aire y la humedad alteren la frescura de los alimentos, prolongando la conservaci\u00f3n sin comprometer la calidad. Su material robusto y resistente permite manipularlo sin riesgo de desgarros, garantizando un transporte seguro y un almacenamiento \u00f3ptimo.   <\/p>\n<p data-start=\"661\" data-end=\"1107\">Dise\u00f1ada para satisfacer las necesidades de <strong>carnicer\u00edas<\/strong>, <strong>charcuter\u00edas<\/strong> y <strong>empresas de catering<\/strong>, esta <strong>bolsa autoadhesiva para carnicer\u00edas<\/strong> proporciona una barrera eficaz contra los contaminantes externos, al tiempo que cumple las normas de higiene m\u00e1s estrictas. Su elegante aspecto blanco resalta los productos, reforzando la imagen de calidad y profesionalidad de su negocio. <\/p>\n<p data-start=\"661\" data-end=\"1107\"><!--more--><\/p>\n<p data-start=\"661\" data-end=\"1107\">F\u00e1cil de usar, optimiza el tiempo de preparaci\u00f3n y simplifica la organizaci\u00f3n en el laboratorio o la tienda. Ideal para la venta para llevar, las c\u00e1maras frigor\u00edficas o los escaparates, garantiza un envasado fiable y pr\u00e1ctico que satisface tanto las necesidades de los profesionales como las de los consumidores. Su <strong>termoestructura<\/strong> la hace m\u00e1s resistente a las variaciones de temperatura, evitando la condensaci\u00f3n y el deterioro del producto. Con esta <strong>bolsa de carnicero<\/strong>, podr\u00e1 ofrecer a sus clientes una soluci\u00f3n de envasado que combina practicidad, higiene y est\u00e9tica, para una experiencia de compra a la altura de sus expectativas.   <\/p>\n<\/div>\n<\/div>\n<\/div>\n<\/div>\n<\/div>\n<\/div>\n<\/div>\n<\/div>\n<\/article>\n<div class=\"pointer-events-none h-px w-px\" aria-hidden=\"true\" data-edge=\"true\"><\/div>\n<p data-start=\"108\" data-end=\"487\"><!--more--><\/p>\n<h4>Sus ventajas:<\/h4>\n<ul>\n<li data-start=\"749\" data-end=\"840\"><strong data-start=\"751\" data-end=\"774\">Protecci\u00f3n \u00f3ptima<\/strong>: mantiene la carne fresca y evita que se seque.<\/li>\n<li data-start=\"926\" data-end=\"1017\"><strong data-start=\"928\" data-end=\"947\">Tama\u00f1o pr\u00e1ctico<\/strong>: 25 x 25 cm, ideal para una gran variedad de carnes y embutidos.<\/li>\n<li data-start=\"1018\" data-end=\"1109\"><strong data-start=\"1020\" data-end=\"1043\">Uso profesional<\/strong>: Adecuado para carnicer\u00edas, empresas de catering y tiendas de alimentaci\u00f3n.<\/li>\n<li data-start=\"1110\" data-end=\"1215\"><strong data-start=\"1112\" data-end=\"1137\">Econ\u00f3mico y pr\u00e1ctico<\/strong>: paquete de 1000 unidades, perfecto para el uso diario en grandes cantidades.<\/li>\n<li><strong>2 opciones de cierre<\/strong>: Con tira adhesiva integrada o por termosellado<\/li>\n<\/ul>\n<p>&nbsp;<\/p>\n<p><!--more--><\/p>\n<h4>Informaci\u00f3n adicional :<\/h4>\n<ul>\n<li><strong>Embalaje<\/strong>: Caja de 1000<\/li>\n<li><strong>Dimensiones<\/strong>: 25 x 25 cm<\/li>\n<li><strong>Material<\/strong>: Papel<\/li>\n<li><strong>Color<\/strong>: Blanco \/ Burdeos<\/li>\n<\/ul>\n<p>&nbsp;<\/p>\n<p><!--more--><\/p>\n<p>Este producto est\u00e1 disponible en varios tama\u00f1os: <span style=\"color: #d12727;\"><a style=\"color: #d12727;\" href=\"https:\/\/www.csj-emballages.com\/es\/produit\/bolsa-termica-blanca-impresa-de-carnicero-25-x-166-cm-por-1000\/\">25 x 16,6 cm<\/a><\/span> \/ <span style=\"color: #d12727;\"><a style=\"color: #d12727;\" href=\"https:\/\/www.csj-emballages.com\/es\/produit\/bolsa-termica-blanca-impresa-de-carnicero-25-x-33-cm-por-500\/\">25 x 33 cm<\/a><\/span><\/p>\n<p>&nbsp;<\/p>\n<p><!--more--><\/p>\n<p><a href=\"https:\/\/www.csj-emballages.com\/es\/categorie-produit\/envasado-de-alimentos\/carniceria-y-charcuteria\/papel-alimentario\/bolsas-adhesivas\/\">Ver el resto de nuestra gama de bolsillos autoadhesivos<\/a><\/p>\n","protected":false},"excerpt":{"rendered":"<p>Paquete de embutidos Descripci\u00f3n de nuestra bolsa termo carnicera blanca 25 x 25 cm por 1000<\/p>\n","protected":false},"featured_media":227240,"template":"","meta":{"_acf_changed":false},"product_brand":[],"product_cat":[1150,1143,2572,9264],"product_tag":[],"class_list":{"0":"post-226895","1":"product","2":"type-product","3":"status-publish","4":"has-post-thumbnail","6":"product_cat-envasado-de-alimentos","7":"product_cat-carniceria-y-charcuteria","8":"product_cat-papel-alimentario","9":"product_cat-bolsas-adhesivas","11":"first","12":"instock","13":"taxable","14":"shipping-taxable","15":"purchasable","16":"product-type-simple"},"acf":[],"yoast_head":"<!-- This site is optimized with the Yoast SEO Premium plugin v26.6 (Yoast SEO v26.6) - https:\/\/yoast.com\/wordpress\/plugins\/seo\/ -->\n<title>Bolsa t\u00e9rmica para carnicer\u00eda blanca 25 x 25 cm por 1000<\/title>\n<meta name=\"description\" content=\"Descubra la bolsa termo carnicera blanca 25 x 25 cm. Ideal para carniceros y hosteleros, garantiza frescura, protecci\u00f3n e higiene.\" \/>\n<meta name=\"robots\" content=\"index, follow, max-snippet:-1, max-image-preview:large, max-video-preview:-1\" \/>\n<link rel=\"canonical\" href=\"https:\/\/www.csj-emballages.com\/es\/produit\/bolsa-termica-blanca-impresa-para-carnicerias-25-x-25-cm-por-1000\/\" \/>\n<meta property=\"og:locale\" content=\"es_ES\" \/>\n<meta property=\"og:type\" content=\"article\" \/>\n<meta property=\"og:title\" content=\"Bolsa termo carnicera blanca 25 x 25 cm por 1000\" \/>\n<meta property=\"og:description\" content=\"Descubra la bolsa termo carnicera blanca 25 x 25 cm. Ideal para carniceros y hosteleros, garantiza frescura, protecci\u00f3n e higiene.\" \/>\n<meta property=\"og:url\" content=\"https:\/\/www.csj-emballages.com\/es\/produit\/bolsa-termica-blanca-impresa-para-carnicerias-25-x-25-cm-por-1000\/\" \/>\n<meta property=\"og:site_name\" content=\"CSJ Emballages\" \/>\n<meta property=\"article:publisher\" content=\"https:\/\/www.facebook.com\/csjemballages\" \/>\n<meta property=\"article:modified_time\" content=\"2026-03-20T14:06:11+00:00\" \/>\n<meta property=\"og:image\" content=\"https:\/\/www.csj-emballages.com\/wp-content\/uploads\/2025\/03\/pochette-boucherie.webp\" \/>\n\t<meta property=\"og:image:width\" content=\"800\" \/>\n\t<meta property=\"og:image:height\" content=\"800\" \/>\n\t<meta property=\"og:image:type\" content=\"image\/webp\" \/>\n<meta name=\"twitter:card\" content=\"summary_large_image\" \/>\n<meta name=\"twitter:label1\" content=\"Tiempo de lectura\" \/>\n\t<meta name=\"twitter:data1\" content=\"2 minutos\" \/>\n<script type=\"application\/ld+json\" class=\"yoast-schema-graph\">{\"@context\":\"https:\/\/schema.org\",\"@graph\":[{\"@type\":\"WebPage\",\"@id\":\"https:\/\/www.csj-emballages.com\/es\/produit\/bolsa-termica-blanca-impresa-para-carnicerias-25-x-25-cm-por-1000\/\",\"url\":\"https:\/\/www.csj-emballages.com\/es\/produit\/bolsa-termica-blanca-impresa-para-carnicerias-25-x-25-cm-por-1000\/\",\"name\":\"Bolsa t\u00e9rmica para carnicer\u00eda blanca 25 x 25 cm por 1000\",\"isPartOf\":{\"@id\":\"https:\/\/www.csj-emballages.com\/es\/#website\"},\"primaryImageOfPage\":{\"@id\":\"https:\/\/www.csj-emballages.com\/es\/produit\/bolsa-termica-blanca-impresa-para-carnicerias-25-x-25-cm-por-1000\/#primaryimage\"},\"image\":{\"@id\":\"https:\/\/www.csj-emballages.com\/es\/produit\/bolsa-termica-blanca-impresa-para-carnicerias-25-x-25-cm-por-1000\/#primaryimage\"},\"thumbnailUrl\":\"https:\/\/www.csj-emballages.com\/wp-content\/uploads\/2025\/03\/pochette-boucherie.webp\",\"datePublished\":\"2025-03-07T01:18:36+00:00\",\"dateModified\":\"2026-03-20T14:06:11+00:00\",\"description\":\"Descubra la bolsa termo carnicera blanca 25 x 25 cm. Ideal para carniceros y hosteleros, garantiza frescura, protecci\u00f3n e higiene.\",\"breadcrumb\":{\"@id\":\"https:\/\/www.csj-emballages.com\/es\/produit\/bolsa-termica-blanca-impresa-para-carnicerias-25-x-25-cm-por-1000\/#breadcrumb\"},\"inLanguage\":\"es\",\"potentialAction\":[{\"@type\":\"ReadAction\",\"target\":[\"https:\/\/www.csj-emballages.com\/es\/produit\/bolsa-termica-blanca-impresa-para-carnicerias-25-x-25-cm-por-1000\/\"]}]},{\"@type\":\"ImageObject\",\"inLanguage\":\"es\",\"@id\":\"https:\/\/www.csj-emballages.com\/es\/produit\/bolsa-termica-blanca-impresa-para-carnicerias-25-x-25-cm-por-1000\/#primaryimage\",\"url\":\"https:\/\/www.csj-emballages.com\/wp-content\/uploads\/2025\/03\/pochette-boucherie.webp\",\"contentUrl\":\"https:\/\/www.csj-emballages.com\/wp-content\/uploads\/2025\/03\/pochette-boucherie.webp\",\"width\":800,\"height\":800,\"caption\":\"pochette boucherie\"},{\"@type\":\"BreadcrumbList\",\"@id\":\"https:\/\/www.csj-emballages.com\/es\/produit\/bolsa-termica-blanca-impresa-para-carnicerias-25-x-25-cm-por-1000\/#breadcrumb\",\"itemListElement\":[{\"@type\":\"ListItem\",\"position\":1,\"name\":\"Accueil\",\"item\":\"https:\/\/www.csj-emballages.com\/es\/universo-del-envasado-alimentario\/\"},{\"@type\":\"ListItem\",\"position\":2,\"name\":\"Tienda\",\"item\":\"https:\/\/www.csj-emballages.com\/tienda\/\"},{\"@type\":\"ListItem\",\"position\":3,\"name\":\"Bolsa termo carnicera blanca 25 x 25 cm por 1000\"}]},{\"@type\":\"WebSite\",\"@id\":\"https:\/\/www.csj-emballages.com\/es\/#website\",\"url\":\"https:\/\/www.csj-emballages.com\/es\/\",\"name\":\"CSJ Emballages\",\"description\":\"\",\"publisher\":{\"@id\":\"https:\/\/www.csj-emballages.com\/es\/#organization\"},\"potentialAction\":[{\"@type\":\"SearchAction\",\"target\":{\"@type\":\"EntryPoint\",\"urlTemplate\":\"https:\/\/www.csj-emballages.com\/es\/?s={search_term_string}\"},\"query-input\":{\"@type\":\"PropertyValueSpecification\",\"valueRequired\":true,\"valueName\":\"search_term_string\"}}],\"inLanguage\":\"es\"},{\"@type\":\"Organization\",\"@id\":\"https:\/\/www.csj-emballages.com\/es\/#Organization\/\",\"name\":\"CSJ Emballages\",\"url\":\"https:\/\/www.csj-emballages.com\/es\/\",\"logo\":{\"@type\":\"ImageObject\",\"inLanguage\":\"es\",\"@id\":\"https:\/\/www.csj-emballages.com\/es\/#\/schema\/logo\/image\/\",\"url\":\"https:\/\/www.csj-emballages.com\/wp-content\/uploads\/2023\/10\/logo_csj.webp\",\"contentUrl\":\"https:\/\/www.csj-emballages.com\/wp-content\/uploads\/2023\/10\/logo_csj.webp\",\"width\":250,\"height\":95,\"caption\":\"CSJ Emballages\"},\"image\":{\"@id\":\"https:\/\/www.csj-emballages.com\/es\/#\/schema\/logo\/image\/\"},\"sameAs\":[\"https:\/\/www.facebook.com\/csjemballages\"],\"address\":{\"@type\":\"PostalAddress\",\"streetAddress\":\"ZI La Lechere\",\"addressLocality\":\"Patornay\",\"postalCode\":\"39130\",\"addressCountry\":\"FR\"},\"contactPoint\":[{\"@type\":\"ContactPoint\",\"contactType\":\"Service client\",\"telephone\":\"0384254272\",\"email\":\"contact@csj-emballages.com\"}]}]}<\/script>\n<!-- \/ Yoast SEO Premium plugin. -->","yoast_head_json":{"title":"Bolsa t\u00e9rmica para carnicer\u00eda blanca 25 x 25 cm por 1000","description":"Descubra la bolsa termo carnicera blanca 25 x 25 cm. Ideal para carniceros y hosteleros, garantiza frescura, protecci\u00f3n e higiene.","robots":{"index":"index","follow":"follow","max-snippet":"max-snippet:-1","max-image-preview":"max-image-preview:large","max-video-preview":"max-video-preview:-1"},"canonical":"https:\/\/www.csj-emballages.com\/es\/produit\/bolsa-termica-blanca-impresa-para-carnicerias-25-x-25-cm-por-1000\/","og_locale":"es_ES","og_type":"article","og_title":"Bolsa termo carnicera blanca 25 x 25 cm por 1000","og_description":"Descubra la bolsa termo carnicera blanca 25 x 25 cm. Ideal para carniceros y hosteleros, garantiza frescura, protecci\u00f3n e higiene.","og_url":"https:\/\/www.csj-emballages.com\/es\/produit\/bolsa-termica-blanca-impresa-para-carnicerias-25-x-25-cm-por-1000\/","og_site_name":"CSJ Emballages","article_publisher":"https:\/\/www.facebook.com\/csjemballages","article_modified_time":"2026-03-20T14:06:11+00:00","og_image":[{"width":800,"height":800,"url":"https:\/\/www.csj-emballages.com\/wp-content\/uploads\/2025\/03\/pochette-boucherie.webp","type":"image\/webp"}],"twitter_card":"summary_large_image","twitter_misc":{"Tiempo de lectura":"2 minutos"},"schema":{"@context":"https:\/\/schema.org","@graph":[{"@type":"WebPage","@id":"https:\/\/www.csj-emballages.com\/es\/produit\/bolsa-termica-blanca-impresa-para-carnicerias-25-x-25-cm-por-1000\/","url":"https:\/\/www.csj-emballages.com\/es\/produit\/bolsa-termica-blanca-impresa-para-carnicerias-25-x-25-cm-por-1000\/","name":"Bolsa t\u00e9rmica para carnicer\u00eda blanca 25 x 25 cm por 1000","isPartOf":{"@id":"https:\/\/www.csj-emballages.com\/es\/#website"},"primaryImageOfPage":{"@id":"https:\/\/www.csj-emballages.com\/es\/produit\/bolsa-termica-blanca-impresa-para-carnicerias-25-x-25-cm-por-1000\/#primaryimage"},"image":{"@id":"https:\/\/www.csj-emballages.com\/es\/produit\/bolsa-termica-blanca-impresa-para-carnicerias-25-x-25-cm-por-1000\/#primaryimage"},"thumbnailUrl":"https:\/\/www.csj-emballages.com\/wp-content\/uploads\/2025\/03\/pochette-boucherie.webp","datePublished":"2025-03-07T01:18:36+00:00","dateModified":"2026-03-20T14:06:11+00:00","description":"Descubra la bolsa termo carnicera blanca 25 x 25 cm. Ideal para carniceros y hosteleros, garantiza frescura, protecci\u00f3n e higiene.","breadcrumb":{"@id":"https:\/\/www.csj-emballages.com\/es\/produit\/bolsa-termica-blanca-impresa-para-carnicerias-25-x-25-cm-por-1000\/#breadcrumb"},"inLanguage":"es","potentialAction":[{"@type":"ReadAction","target":["https:\/\/www.csj-emballages.com\/es\/produit\/bolsa-termica-blanca-impresa-para-carnicerias-25-x-25-cm-por-1000\/"]}]},{"@type":"ImageObject","inLanguage":"es","@id":"https:\/\/www.csj-emballages.com\/es\/produit\/bolsa-termica-blanca-impresa-para-carnicerias-25-x-25-cm-por-1000\/#primaryimage","url":"https:\/\/www.csj-emballages.com\/wp-content\/uploads\/2025\/03\/pochette-boucherie.webp","contentUrl":"https:\/\/www.csj-emballages.com\/wp-content\/uploads\/2025\/03\/pochette-boucherie.webp","width":800,"height":800,"caption":"pochette boucherie"},{"@type":"BreadcrumbList","@id":"https:\/\/www.csj-emballages.com\/es\/produit\/bolsa-termica-blanca-impresa-para-carnicerias-25-x-25-cm-por-1000\/#breadcrumb","itemListElement":[{"@type":"ListItem","position":1,"name":"Accueil","item":"https:\/\/www.csj-emballages.com\/es\/universo-del-envasado-alimentario\/"},{"@type":"ListItem","position":2,"name":"Tienda","item":"https:\/\/www.csj-emballages.com\/tienda\/"},{"@type":"ListItem","position":3,"name":"Bolsa termo carnicera blanca 25 x 25 cm por 1000"}]},{"@type":"WebSite","@id":"https:\/\/www.csj-emballages.com\/es\/#website","url":"https:\/\/www.csj-emballages.com\/es\/","name":"CSJ Emballages","description":"","publisher":{"@id":"https:\/\/www.csj-emballages.com\/es\/#organization"},"potentialAction":[{"@type":"SearchAction","target":{"@type":"EntryPoint","urlTemplate":"https:\/\/www.csj-emballages.com\/es\/?s={search_term_string}"},"query-input":{"@type":"PropertyValueSpecification","valueRequired":true,"valueName":"search_term_string"}}],"inLanguage":"es"},{"@type":"Organization","@id":"https:\/\/www.csj-emballages.com\/es\/#Organization\/","name":"CSJ Emballages","url":"https:\/\/www.csj-emballages.com\/es\/","logo":{"@type":"ImageObject","inLanguage":"es","@id":"https:\/\/www.csj-emballages.com\/es\/#\/schema\/logo\/image\/","url":"https:\/\/www.csj-emballages.com\/wp-content\/uploads\/2023\/10\/logo_csj.webp","contentUrl":"https:\/\/www.csj-emballages.com\/wp-content\/uploads\/2023\/10\/logo_csj.webp","width":250,"height":95,"caption":"CSJ Emballages"},"image":{"@id":"https:\/\/www.csj-emballages.com\/es\/#\/schema\/logo\/image\/"},"sameAs":["https:\/\/www.facebook.com\/csjemballages"],"address":{"@type":"PostalAddress","streetAddress":"ZI La Lechere","addressLocality":"Patornay","postalCode":"39130","addressCountry":"FR"},"contactPoint":[{"@type":"ContactPoint","contactType":"Service client","telephone":"0384254272","email":"contact@csj-emballages.com"}]}]}},"df_price":75.91,"df_sale_price":"","df_regular_price":75.91,"df_image_link":"https:\/\/www.csj-emballages.com\/wp-content\/uploads\/2025\/03\/pochette-boucherie-300x300.webp","tiered_pricing_type":"fixed","tiered_pricing_fixed_rules":[],"tiered_pricing_percentage_rules":[],"tiered_pricing_minimum":1,"tiered_pricing_roles_data":[],"_links":{"self":[{"href":"https:\/\/www.csj-emballages.com\/es\/wp-json\/wp\/v2\/product\/226895","targetHints":{"allow":["GET"]}}],"collection":[{"href":"https:\/\/www.csj-emballages.com\/es\/wp-json\/wp\/v2\/product"}],"about":[{"href":"https:\/\/www.csj-emballages.com\/es\/wp-json\/wp\/v2\/types\/product"}],"wp:featuredmedia":[{"embeddable":true,"href":"https:\/\/www.csj-emballages.com\/es\/wp-json\/wp\/v2\/media\/227240"}],"wp:attachment":[{"href":"https:\/\/www.csj-emballages.com\/es\/wp-json\/wp\/v2\/media?parent=226895"}],"wp:term":[{"taxonomy":"product_brand","embeddable":true,"href":"https:\/\/www.csj-emballages.com\/es\/wp-json\/wp\/v2\/product_brand?post=226895"},{"taxonomy":"product_cat","embeddable":true,"href":"https:\/\/www.csj-emballages.com\/es\/wp-json\/wp\/v2\/product_cat?post=226895"},{"taxonomy":"product_tag","embeddable":true,"href":"https:\/\/www.csj-emballages.com\/es\/wp-json\/wp\/v2\/product_tag?post=226895"}],"curies":[{"name":"wp","href":"https:\/\/api.w.org\/{rel}","templated":true}]}}