{"id":226880,"date":"2025-03-07T02:18:28","date_gmt":"2025-03-07T01:18:28","guid":{"rendered":"https:\/\/www.csj-emballages.com\/?post_type=product&#038;p=226880"},"modified":"2026-04-28T02:17:41","modified_gmt":"2026-04-28T00:17:41","slug":"100-mangas-pasteleras-desechables-frias-o-calientes-27-x-50-cm","status":"publish","type":"product","link":"https:\/\/www.csj-emballages.com\/es\/produit\/100-mangas-pasteleras-desechables-frias-o-calientes-27-x-50-cm\/","title":{"rendered":"Manga pastelera caliente o fr\u00eda 27 x 50 cm por 100"},"content":{"rendered":"<h2>Manga pastelera<\/h2>\n<hr>\n<h3>Descripci\u00f3n de nuestra manga pastelera para uso en fr\u00edo o en caliente 27 x 50 cm por 100<\/h3>\n<p><!--more--><\/p>\n<p data-start=\"150\" data-end=\"473\">La <strong data-start=\"153\" data-end=\"198\">manga pastelera de 27 x 50 cm<\/strong> por <strong>100<\/strong> <strong data-start=\"153\" data-end=\"198\">para uso en fr\u00edo o en caliente<\/strong> es indispensable para todos los profesionales de la restauraci\u00f3n y la pasteler\u00eda. Dise\u00f1ada para simplificar su rutina diaria, combina practicidad, resistencia e higiene, todo ello en un formato generoso perfectamente adaptado a las preparaciones m\u00e1s gourmet. <\/p>\n<p data-start=\"475\" data-end=\"809\">En primer lugar, su <strong data-start=\"492\" data-end=\"518\">superficie antideslizante<\/strong> te proporciona un excelente agarre, incluso durante largas sesiones de entrenamiento. As\u00ed siempre ser\u00e1 preciso y c\u00f3modo, sin preocuparse de que la bolsa se le escurra entre los dedos. Adem\u00e1s, gracias a su <strong>interior liso<\/strong>, tus preparaciones fluyen f\u00e1cilmente, para un resultado limpio y uniforme.  <\/p>\n<p data-start=\"811\" data-end=\"1162\">En segundo lugar, la <strong>transparencia de la bolsa<\/strong> es una gran ventaja: puedes comprobar de un vistazo cu\u00e1nto queda y anticiparte a tus necesidades. Embaladas en un <strong data-start=\"992\" data-end=\"1038\">rollo directamente en la caja<\/strong>, las <strong>bolsas<\/strong> son <strong>f\u00e1ciles de separar una a una<\/strong>, lo que evita p\u00e9rdidas de tiempo y garantiza un espacio de trabajo organizado. <\/p>\n<p data-start=\"1164\" data-end=\"1538\">En t\u00e9rminos de rendimiento, esta <strong>manga pastelera<\/strong> se adapta a sus necesidades: puede utilizarse tanto <strong data-start=\"1258\" data-end=\"1283\">en caliente (hasta 70\u00b0C)<\/strong> como en <strong>fr\u00edo<\/strong>. As\u00ed podr\u00e1 rellenar f\u00e1cilmente <strong data-start=\"1343\" data-end=\"1393\">natillas, nata montada, mousses ligeras<\/strong> o <strong data-start=\"1408\" data-end=\"1436\">pur\u00e9s y salsas calientes<\/strong>. Gracias a su robustez, soporta bien la presi\u00f3n, incluso con las preparaciones m\u00e1s espesas.  <\/p>\n<p data-start=\"1540\" data-end=\"1848\">Por \u00faltimo, el envase <strong data-start=\"1570\" data-end=\"1584\">de 100 unidades<\/strong> lo convierte en una opci\u00f3n econ\u00f3mica y eficaz, especialmente apreciada en entornos profesionales donde la higiene y la rapidez de ejecuci\u00f3n son primordiales.<\/p>\n<p data-start=\"1850\" data-end=\"2035\">En resumen, esta <strong data-start=\"1867\" data-end=\"1909\">manga pastelera transparente de 27 x 50 cm<\/strong> es la soluci\u00f3n ideal para trabajar de forma r\u00e1pida, segura y bien, mientras luce sus creaciones culinarias.<\/p>\n<p><!--more--><\/p>\n<h4><strong>Ventajas :<\/strong><\/h4>\n<ul>\n<li><strong data-start=\"2263\" data-end=\"2289\">Superficie antideslizante<\/strong> para un mejor agarre.<\/li>\n<li><strong data-start=\"2327\" data-end=\"2343\">Transparente<\/strong>: f\u00e1cil de comprobar cu\u00e1nto queda.<\/li>\n<li><strong data-start=\"2390\" data-end=\"2417\">Empaquetado en un rollo<\/strong> dentro de la caja.<\/li>\n<li>Puede utilizarse <strong data-start=\"2474\" data-end=\"2498\">en caliente hasta 70\u00b0C<\/strong> o en fr\u00edo.<\/li>\n<li>Interior liso para el <strong data-start=\"2537\" data-end=\"2558\">flujo de fluidos.<\/strong><\/li>\n<\/ul>\n<p>&nbsp;<\/p>\n<p><!--more--><\/p>\n<h4>Informaci\u00f3n adicional :<\/h4>\n<ul>\n<li><strong>Embalaje<\/strong>: Paquete de 100<\/li>\n<li><strong>Dimensiones<\/strong>: 27 x 50 cm<\/li>\n<li><strong>Material<\/strong>: LDPE (polietileno de baja densidad)<\/li>\n<li><strong>Color<\/strong>: Transparente<\/li>\n<li><strong>Resistencia<\/strong>: 80 micras<\/li>\n<\/ul>\n<p>&nbsp;<\/p>\n<p><!--more--><\/p>\n<p>Encuentre aqu\u00ed nuestra manga pastelera de 31 x 54 cm: <span style=\"color: #d12727;\"><a style=\"color: #d12727;\" href=\"https:\/\/www.csj-emballages.com\/es\/produit\/manga-pastelera-caliente-y-fria-31-x-54-cm-paquete-de-100\/\">POC54HOT<\/a><\/span><\/p>\n<p>&nbsp;<\/p>\n<p><!--more--><\/p>\n<p><a href=\"\/?product_cat=poches-a-douilles\">Consulte el resto de nuestra gama de mangas pasteleras aqu\u00ed<\/a><\/p>\n","protected":false},"excerpt":{"rendered":"<p>Manga pastelera Descripci\u00f3n de nuestra manga pastelera para uso en fr\u00edo o en caliente 27 x 50 cm por 100<\/p>\n","protected":false},"featured_media":242620,"template":"","meta":{"_acf_changed":false},"product_brand":[],"product_cat":[1150,1145,3870,3158],"product_tag":[],"class_list":{"0":"post-226880","1":"product","2":"type-product","3":"status-publish","4":"has-post-thumbnail","6":"product_cat-envasado-de-alimentos","7":"product_cat-panaderia-y-pasteleria","8":"product_cat-accesorios-y-equipamiento","9":"product_cat-bolsas-de-enchufe","11":"first","12":"instock","13":"taxable","14":"shipping-taxable","15":"purchasable","16":"product-type-simple"},"acf":[],"yoast_head":"<!-- This site is optimized with the Yoast SEO Premium plugin v26.6 (Yoast SEO v26.6) - https:\/\/yoast.com\/wordpress\/plugins\/seo\/ -->\n<title>Manga pastelera caliente o fr\u00eda 27 x 50 cm por 100<\/title>\n<meta name=\"description\" content=\"Manga pastelera transparente y antideslizante de 27 x 50 cm por 100, envasada en rollos. Puede utilizarse caliente hasta 70\u00b0C o fr\u00eda.\" \/>\n<meta name=\"robots\" content=\"index, follow, max-snippet:-1, max-image-preview:large, max-video-preview:-1\" \/>\n<link rel=\"canonical\" href=\"https:\/\/www.csj-emballages.com\/es\/produit\/100-mangas-pasteleras-desechables-frias-o-calientes-27-x-50-cm\/\" \/>\n<meta property=\"og:locale\" content=\"es_ES\" \/>\n<meta property=\"og:type\" content=\"article\" \/>\n<meta property=\"og:title\" content=\"Manga pastelera caliente o fr\u00eda 27 x 50 cm por 100\" \/>\n<meta property=\"og:description\" content=\"Manga pastelera transparente y antideslizante de 27 x 50 cm por 100, envasada en rollos. Puede utilizarse caliente hasta 70\u00b0C o fr\u00eda.\" \/>\n<meta property=\"og:url\" content=\"https:\/\/www.csj-emballages.com\/es\/produit\/100-mangas-pasteleras-desechables-frias-o-calientes-27-x-50-cm\/\" \/>\n<meta property=\"og:site_name\" content=\"CSJ Emballages\" \/>\n<meta property=\"article:publisher\" content=\"https:\/\/www.facebook.com\/csjemballages\" \/>\n<meta property=\"article:modified_time\" content=\"2026-04-28T00:17:41+00:00\" \/>\n<meta property=\"og:image\" content=\"https:\/\/www.csj-emballages.com\/wp-content\/uploads\/2025\/03\/POC50HOT.webp\" \/>\n\t<meta property=\"og:image:width\" content=\"800\" \/>\n\t<meta property=\"og:image:height\" content=\"800\" \/>\n\t<meta property=\"og:image:type\" content=\"image\/webp\" \/>\n<meta name=\"twitter:card\" content=\"summary_large_image\" \/>\n<meta name=\"twitter:label1\" content=\"Tiempo de lectura\" \/>\n\t<meta name=\"twitter:data1\" content=\"2 minutos\" \/>\n<script type=\"application\/ld+json\" class=\"yoast-schema-graph\">{\"@context\":\"https:\/\/schema.org\",\"@graph\":[{\"@type\":\"WebPage\",\"@id\":\"https:\/\/www.csj-emballages.com\/es\/produit\/100-mangas-pasteleras-desechables-frias-o-calientes-27-x-50-cm\/\",\"url\":\"https:\/\/www.csj-emballages.com\/es\/produit\/100-mangas-pasteleras-desechables-frias-o-calientes-27-x-50-cm\/\",\"name\":\"Manga pastelera caliente o fr\u00eda 27 x 50 cm por 100\",\"isPartOf\":{\"@id\":\"https:\/\/www.csj-emballages.com\/es\/#website\"},\"primaryImageOfPage\":{\"@id\":\"https:\/\/www.csj-emballages.com\/es\/produit\/100-mangas-pasteleras-desechables-frias-o-calientes-27-x-50-cm\/#primaryimage\"},\"image\":{\"@id\":\"https:\/\/www.csj-emballages.com\/es\/produit\/100-mangas-pasteleras-desechables-frias-o-calientes-27-x-50-cm\/#primaryimage\"},\"thumbnailUrl\":\"https:\/\/www.csj-emballages.com\/wp-content\/uploads\/2025\/03\/POC50HOT.webp\",\"datePublished\":\"2025-03-07T01:18:28+00:00\",\"dateModified\":\"2026-04-28T00:17:41+00:00\",\"description\":\"Manga pastelera transparente y antideslizante de 27 x 50 cm por 100, envasada en rollos. Puede utilizarse caliente hasta 70\u00b0C o fr\u00eda.\",\"breadcrumb\":{\"@id\":\"https:\/\/www.csj-emballages.com\/es\/produit\/100-mangas-pasteleras-desechables-frias-o-calientes-27-x-50-cm\/#breadcrumb\"},\"inLanguage\":\"es\",\"potentialAction\":[{\"@type\":\"ReadAction\",\"target\":[\"https:\/\/www.csj-emballages.com\/es\/produit\/100-mangas-pasteleras-desechables-frias-o-calientes-27-x-50-cm\/\"]}]},{\"@type\":\"ImageObject\",\"inLanguage\":\"es\",\"@id\":\"https:\/\/www.csj-emballages.com\/es\/produit\/100-mangas-pasteleras-desechables-frias-o-calientes-27-x-50-cm\/#primaryimage\",\"url\":\"https:\/\/www.csj-emballages.com\/wp-content\/uploads\/2025\/03\/POC50HOT.webp\",\"contentUrl\":\"https:\/\/www.csj-emballages.com\/wp-content\/uploads\/2025\/03\/POC50HOT.webp\",\"width\":800,\"height\":800,\"caption\":\"Poche \u00e0 douille\"},{\"@type\":\"BreadcrumbList\",\"@id\":\"https:\/\/www.csj-emballages.com\/es\/produit\/100-mangas-pasteleras-desechables-frias-o-calientes-27-x-50-cm\/#breadcrumb\",\"itemListElement\":[{\"@type\":\"ListItem\",\"position\":1,\"name\":\"Accueil\",\"item\":\"https:\/\/www.csj-emballages.com\/es\/universo-del-envasado-alimentario\/\"},{\"@type\":\"ListItem\",\"position\":2,\"name\":\"Tienda\",\"item\":\"https:\/\/www.csj-emballages.com\/tienda\/\"},{\"@type\":\"ListItem\",\"position\":3,\"name\":\"Manga pastelera caliente o fr\u00eda 27 x 50 cm por 100\"}]},{\"@type\":\"WebSite\",\"@id\":\"https:\/\/www.csj-emballages.com\/es\/#website\",\"url\":\"https:\/\/www.csj-emballages.com\/es\/\",\"name\":\"CSJ Emballages\",\"description\":\"\",\"publisher\":{\"@id\":\"https:\/\/www.csj-emballages.com\/es\/#organization\"},\"potentialAction\":[{\"@type\":\"SearchAction\",\"target\":{\"@type\":\"EntryPoint\",\"urlTemplate\":\"https:\/\/www.csj-emballages.com\/es\/?s={search_term_string}\"},\"query-input\":{\"@type\":\"PropertyValueSpecification\",\"valueRequired\":true,\"valueName\":\"search_term_string\"}}],\"inLanguage\":\"es\"},{\"@type\":\"Organization\",\"@id\":\"https:\/\/www.csj-emballages.com\/es\/#Organization\/\",\"name\":\"CSJ Emballages\",\"url\":\"https:\/\/www.csj-emballages.com\/es\/\",\"logo\":{\"@type\":\"ImageObject\",\"inLanguage\":\"es\",\"@id\":\"https:\/\/www.csj-emballages.com\/es\/#\/schema\/logo\/image\/\",\"url\":\"https:\/\/www.csj-emballages.com\/wp-content\/uploads\/2023\/10\/logo_csj.webp\",\"contentUrl\":\"https:\/\/www.csj-emballages.com\/wp-content\/uploads\/2023\/10\/logo_csj.webp\",\"width\":250,\"height\":95,\"caption\":\"CSJ Emballages\"},\"image\":{\"@id\":\"https:\/\/www.csj-emballages.com\/es\/#\/schema\/logo\/image\/\"},\"sameAs\":[\"https:\/\/www.facebook.com\/csjemballages\"],\"address\":{\"@type\":\"PostalAddress\",\"streetAddress\":\"ZI La Lechere\",\"addressLocality\":\"Patornay\",\"postalCode\":\"39130\",\"addressCountry\":\"FR\"},\"contactPoint\":[{\"@type\":\"ContactPoint\",\"contactType\":\"Service client\",\"telephone\":\"0384254272\",\"email\":\"contact@csj-emballages.com\"}]}]}<\/script>\n<!-- \/ Yoast SEO Premium plugin. -->","yoast_head_json":{"title":"Manga pastelera caliente o fr\u00eda 27 x 50 cm por 100","description":"Manga pastelera transparente y antideslizante de 27 x 50 cm por 100, envasada en rollos. Puede utilizarse caliente hasta 70\u00b0C o fr\u00eda.","robots":{"index":"index","follow":"follow","max-snippet":"max-snippet:-1","max-image-preview":"max-image-preview:large","max-video-preview":"max-video-preview:-1"},"canonical":"https:\/\/www.csj-emballages.com\/es\/produit\/100-mangas-pasteleras-desechables-frias-o-calientes-27-x-50-cm\/","og_locale":"es_ES","og_type":"article","og_title":"Manga pastelera caliente o fr\u00eda 27 x 50 cm por 100","og_description":"Manga pastelera transparente y antideslizante de 27 x 50 cm por 100, envasada en rollos. Puede utilizarse caliente hasta 70\u00b0C o fr\u00eda.","og_url":"https:\/\/www.csj-emballages.com\/es\/produit\/100-mangas-pasteleras-desechables-frias-o-calientes-27-x-50-cm\/","og_site_name":"CSJ Emballages","article_publisher":"https:\/\/www.facebook.com\/csjemballages","article_modified_time":"2026-04-28T00:17:41+00:00","og_image":[{"width":800,"height":800,"url":"https:\/\/www.csj-emballages.com\/wp-content\/uploads\/2025\/03\/POC50HOT.webp","type":"image\/webp"}],"twitter_card":"summary_large_image","twitter_misc":{"Tiempo de lectura":"2 minutos"},"schema":{"@context":"https:\/\/schema.org","@graph":[{"@type":"WebPage","@id":"https:\/\/www.csj-emballages.com\/es\/produit\/100-mangas-pasteleras-desechables-frias-o-calientes-27-x-50-cm\/","url":"https:\/\/www.csj-emballages.com\/es\/produit\/100-mangas-pasteleras-desechables-frias-o-calientes-27-x-50-cm\/","name":"Manga pastelera caliente o fr\u00eda 27 x 50 cm por 100","isPartOf":{"@id":"https:\/\/www.csj-emballages.com\/es\/#website"},"primaryImageOfPage":{"@id":"https:\/\/www.csj-emballages.com\/es\/produit\/100-mangas-pasteleras-desechables-frias-o-calientes-27-x-50-cm\/#primaryimage"},"image":{"@id":"https:\/\/www.csj-emballages.com\/es\/produit\/100-mangas-pasteleras-desechables-frias-o-calientes-27-x-50-cm\/#primaryimage"},"thumbnailUrl":"https:\/\/www.csj-emballages.com\/wp-content\/uploads\/2025\/03\/POC50HOT.webp","datePublished":"2025-03-07T01:18:28+00:00","dateModified":"2026-04-28T00:17:41+00:00","description":"Manga pastelera transparente y antideslizante de 27 x 50 cm por 100, envasada en rollos. Puede utilizarse caliente hasta 70\u00b0C o fr\u00eda.","breadcrumb":{"@id":"https:\/\/www.csj-emballages.com\/es\/produit\/100-mangas-pasteleras-desechables-frias-o-calientes-27-x-50-cm\/#breadcrumb"},"inLanguage":"es","potentialAction":[{"@type":"ReadAction","target":["https:\/\/www.csj-emballages.com\/es\/produit\/100-mangas-pasteleras-desechables-frias-o-calientes-27-x-50-cm\/"]}]},{"@type":"ImageObject","inLanguage":"es","@id":"https:\/\/www.csj-emballages.com\/es\/produit\/100-mangas-pasteleras-desechables-frias-o-calientes-27-x-50-cm\/#primaryimage","url":"https:\/\/www.csj-emballages.com\/wp-content\/uploads\/2025\/03\/POC50HOT.webp","contentUrl":"https:\/\/www.csj-emballages.com\/wp-content\/uploads\/2025\/03\/POC50HOT.webp","width":800,"height":800,"caption":"Poche \u00e0 douille"},{"@type":"BreadcrumbList","@id":"https:\/\/www.csj-emballages.com\/es\/produit\/100-mangas-pasteleras-desechables-frias-o-calientes-27-x-50-cm\/#breadcrumb","itemListElement":[{"@type":"ListItem","position":1,"name":"Accueil","item":"https:\/\/www.csj-emballages.com\/es\/universo-del-envasado-alimentario\/"},{"@type":"ListItem","position":2,"name":"Tienda","item":"https:\/\/www.csj-emballages.com\/tienda\/"},{"@type":"ListItem","position":3,"name":"Manga pastelera caliente o fr\u00eda 27 x 50 cm por 100"}]},{"@type":"WebSite","@id":"https:\/\/www.csj-emballages.com\/es\/#website","url":"https:\/\/www.csj-emballages.com\/es\/","name":"CSJ Emballages","description":"","publisher":{"@id":"https:\/\/www.csj-emballages.com\/es\/#organization"},"potentialAction":[{"@type":"SearchAction","target":{"@type":"EntryPoint","urlTemplate":"https:\/\/www.csj-emballages.com\/es\/?s={search_term_string}"},"query-input":{"@type":"PropertyValueSpecification","valueRequired":true,"valueName":"search_term_string"}}],"inLanguage":"es"},{"@type":"Organization","@id":"https:\/\/www.csj-emballages.com\/es\/#Organization\/","name":"CSJ Emballages","url":"https:\/\/www.csj-emballages.com\/es\/","logo":{"@type":"ImageObject","inLanguage":"es","@id":"https:\/\/www.csj-emballages.com\/es\/#\/schema\/logo\/image\/","url":"https:\/\/www.csj-emballages.com\/wp-content\/uploads\/2023\/10\/logo_csj.webp","contentUrl":"https:\/\/www.csj-emballages.com\/wp-content\/uploads\/2023\/10\/logo_csj.webp","width":250,"height":95,"caption":"CSJ Emballages"},"image":{"@id":"https:\/\/www.csj-emballages.com\/es\/#\/schema\/logo\/image\/"},"sameAs":["https:\/\/www.facebook.com\/csjemballages"],"address":{"@type":"PostalAddress","streetAddress":"ZI La Lechere","addressLocality":"Patornay","postalCode":"39130","addressCountry":"FR"},"contactPoint":[{"@type":"ContactPoint","contactType":"Service client","telephone":"0384254272","email":"contact@csj-emballages.com"}]}]}},"df_price":8.06,"df_sale_price":"","df_regular_price":8.06,"df_image_link":"https:\/\/www.csj-emballages.com\/wp-content\/uploads\/2025\/03\/POC50HOT-300x300.webp","tiered_pricing_type":"fixed","tiered_pricing_fixed_rules":[],"tiered_pricing_percentage_rules":[],"tiered_pricing_minimum":1,"tiered_pricing_roles_data":[],"_links":{"self":[{"href":"https:\/\/www.csj-emballages.com\/es\/wp-json\/wp\/v2\/product\/226880","targetHints":{"allow":["GET"]}}],"collection":[{"href":"https:\/\/www.csj-emballages.com\/es\/wp-json\/wp\/v2\/product"}],"about":[{"href":"https:\/\/www.csj-emballages.com\/es\/wp-json\/wp\/v2\/types\/product"}],"wp:featuredmedia":[{"embeddable":true,"href":"https:\/\/www.csj-emballages.com\/es\/wp-json\/wp\/v2\/media\/242620"}],"wp:attachment":[{"href":"https:\/\/www.csj-emballages.com\/es\/wp-json\/wp\/v2\/media?parent=226880"}],"wp:term":[{"taxonomy":"product_brand","embeddable":true,"href":"https:\/\/www.csj-emballages.com\/es\/wp-json\/wp\/v2\/product_brand?post=226880"},{"taxonomy":"product_cat","embeddable":true,"href":"https:\/\/www.csj-emballages.com\/es\/wp-json\/wp\/v2\/product_cat?post=226880"},{"taxonomy":"product_tag","embeddable":true,"href":"https:\/\/www.csj-emballages.com\/es\/wp-json\/wp\/v2\/product_tag?post=226880"}],"curies":[{"name":"wp","href":"https:\/\/api.w.org\/{rel}","templated":true}]}}