{"id":226870,"date":"2025-03-07T02:18:22","date_gmt":"2025-03-07T01:18:22","guid":{"rendered":"https:\/\/www.csj-emballages.com\/?post_type=product&#038;p=226870"},"modified":"2026-04-04T02:14:00","modified_gmt":"2026-04-04T00:14:00","slug":"placa-para-bolsas-de-vacio-canto-redondeado-160-x-230-mm-paquete-de-200","status":"publish","type":"product","link":"https:\/\/www.csj-emballages.com\/es\/produit\/placa-para-bolsas-de-vacio-canto-redondeado-160-x-230-mm-paquete-de-200\/","title":{"rendered":"Placa de embolsado al vac\u00edo dorada, cantos redondeados 160 x 230 mm, paquete de 100"},"content":{"rendered":"<h2>Bolsa de vac\u00edo con placa dorada<\/h2>\n<hr>\n<h3>Descripci\u00f3n de nuestra placa dorada para bolsas de vac\u00edo con bordes redondeados 160 x 230 mm por 100<\/h3>\n<p><!--more--><\/p>\n<p data-start=\"127\" data-end=\"484\">El <strong data-start=\"130\" data-end=\"157\">plato dorado para bolsas de vac\u00edo<\/strong> <strong>de 160 x 230 mm<\/strong> con <strong>bordes redondeados<\/strong> es el peque\u00f1o detalle que marca la diferencia en una presentaci\u00f3n. A primera vista, podr\u00eda pensarse que se trata simplemente de un soporte para alimentos. Pero en cuanto lo utilice, se dar\u00e1 cuenta de que aporta un valor a\u00f1adido real, tanto est\u00e9tico como de conservaci\u00f3n.  <\/p>\n<p data-start=\"486\" data-end=\"868\">En primer lugar, su formato <strong>de 160 x 230<\/strong><strong> mm<\/strong> es perfecto para peque\u00f1as preparaciones: una porci\u00f3n de salm\u00f3n ahumado, unas lonchas de embutido, un peque\u00f1o surtido&#8230; Tiene el tama\u00f1o justo para mostrar sus productos sin que parezcan perdidos en el plato. Y como es r\u00edgido, sujeta bien los alimentos envasados al vac\u00edo sin aplastarlos. <\/p>\n<p data-start=\"870\" data-end=\"1216\">En segundo lugar, el acabado <strong data-start=\"891\" data-end=\"904\">dorado<\/strong> no es s\u00f3lo para aparentar, sino que da una verdadera sensaci\u00f3n de calidad, ideal para escaparates, departamentos de productos frescos o presentaciones meticulosas. El <strong>color<\/strong> dorado transmite inmediatamente una impresi\u00f3n de calidad, casi gourmet, que hace que los clientes quieran comprar. <\/p>\n<p data-start=\"1218\" data-end=\"1498\">Adem\u00e1s, los <strong data-start=\"1222\" data-end=\"1240\">bordes redondeados<\/strong> facilitan la vida cotidiana: no hay esquinas que se enganchen, hay menos riesgo de perforar la <strong>bolsa de la aspiradora<\/strong> y la inserci\u00f3n es mucho m\u00e1s suave. Es el tipo de detalle que solo se nota cuando no est\u00e1&#8230; pero que lo cambia todo cuando est\u00e1. <\/p>\n<p data-start=\"1500\" data-end=\"1773\">Compatible con la mayor\u00eda de las envasadoras al vac\u00edo del mercado, esta <strong data-start=\"1567\" data-end=\"1594\">placa dorada para bolsas de vac\u00edo<\/strong> est\u00e1 dise\u00f1ada para profesionales que necesitan rapidez, fiabilidad y una presentaci\u00f3n atractiva. Se vende en <strong>paquetes de 100 unidades<\/strong> y facilita la manipulaci\u00f3n de grandes vol\u00famenes sin roturas. <\/p>\n<p data-start=\"1775\" data-end=\"1840\">En resumen: sencillo, limpio, elegante y, sobre todo, pr\u00e1ctico.<\/p>\n<p><!--more--><\/p>\n<h4>Ventajas :<\/h4>\n<ul>\n<li data-start=\"2055\" data-end=\"2094\">Presentaci\u00f3n de primera de un vistazo.<\/li>\n<li data-start=\"2097\" data-end=\"2149\"><strong>Bordes redondeados<\/strong>: no se perfora la bolsa de vac\u00edo.<\/li>\n<li data-start=\"2152\" data-end=\"2203\">Soporte r\u00edgido para una perfecta sujeci\u00f3n al vac\u00edo.<\/li>\n<li data-start=\"2245\" data-end=\"2281\">Ideal para porciones peque\u00f1as.<\/li>\n<li data-start=\"2284\" data-end=\"2314\">Paquete econ\u00f3mico de <strong>100 unidades<\/strong>.<\/li>\n<\/ul>\n<p>&nbsp;<\/p>\n<p><!--more--><\/p>\n<h4>Informaci\u00f3n adicional :<\/h4>\n<ul>\n<li><strong>Embalaje<\/strong>: Paquete de 100<\/li>\n<li><strong>Dimensiones<\/strong>: 160 x 230 mm<\/li>\n<li><strong>Gramaje<\/strong>: 620 g\/m\u00b2.<\/li>\n<li><strong>Material<\/strong>: Cart\u00f3n<\/li>\n<li><strong>Color<\/strong>: dorado<\/li>\n<\/ul>\n<p>&nbsp;<\/p>\n<p><!--more--><\/p>\n<p>Encuentre aqu\u00ed las bolsas de vac\u00edo compatibles con este tama\u00f1o de placa dorada: <span style=\"color: #d12727;\"><a style=\"color: #d12727;\" href=\"https:\/\/www.csj-emballages.com\/es\/produit\/100-bolsas-de-vacio-de-conservacion-gofradas-20-x-25-cm-100-%c2%b5\/\">SVIDEGAUF2024<\/a><\/span> \/ <span style=\"color: #d12727;\"><a style=\"color: #d12727;\" href=\"https:\/\/www.csj-emballages.com\/es\/produit\/100-bolsas-de-vacio-lisas-20-x-25-cm-90-%c2%b5\/\">SVIDELISS2025<\/a> <\/span>\/ <span style=\"color: #d12727;\"><a style=\"color: #d12727;\" href=\"https:\/\/www.csj-emballages.com\/es\/produit\/100-bolsas-de-vacio-negras-lisas-20-x-25-cm-90-%c2%b5\/\">SVIDELISS2025N<\/a><\/span><\/p>\n<p>&nbsp;<\/p>\n<p><!--more--><\/p>\n<p>Este producto est\u00e1 disponible en varios tama\u00f1os: <span style=\"color: #d12727;\"><a style=\"color: #d12727;\" href=\"https:\/\/www.csj-emballages.com\/produit\/plaque-or-sac-sous-vide-bords-arrondis-120-x-200-mm-par-200\/\">120 x 200 mm<\/a><\/span> \/ <span style=\"color: #d12727;\"><a style=\"color: #d12727;\" href=\"https:\/\/www.csj-emballages.com\/es\/produit\/bolsa-de-vacio-placa-dorada-cantos-redondeados-150-x-200-mm-paquete-de-100\/\">150 x 200 mm<\/a><\/span> \/ <span style=\"color: #d12727;\"><a style=\"color: #d12727;\" href=\"https:\/\/www.csj-emballages.com\/es\/produit\/bolsa-de-vacio-placa-dorada-cantos-redondeados-200-x-250-mm-paquete-de-100\/\">200 x 250 mm<\/a><\/span> \/ <span style=\"color: #d12727;\"><a style=\"color: #d12727;\" href=\"https:\/\/www.csj-emballages.com\/es\/produit\/carton-para-bolsas-de-vacio-canto-redondeado-200-x-300-mm-100-unid\/\">200 x 300 mm<\/a> <span style=\"color: #000000;\">\/<\/span> <a style=\"color: #d12727;\" href=\"https:\/\/www.csj-emballages.com\/es\/produit\/bolsa-de-vacio-placa-dorada-con-bordes-redondeados-200-x-500-mm-por-100\/\">200 x 500 mm<\/a> <span style=\"color: #000000;\">\/<\/span> <a style=\"color: #d12727;\" href=\"https:\/\/www.csj-emballages.com\/es\/produit\/bolsa-de-vacio-placa-dorada-cantos-redondeados-200-x-600-mm-paquete-de-100\/\">200 x 600 mm<\/a><\/span><\/p>\n<p>&nbsp;<\/p>\n<p><!--more--><\/p>\n<p><a href=\"https:\/\/www.csj-emballages.com\/es\/categorie-produit\/envasado-de-alimentos\/carniceria-y-charcuteria\/bolsas-y-fundas\/bolsas-de-vacio\/placas-de-oro\/\">Ver el resto de nuestra gama de placas doradas para bolsas de vac\u00edo<\/a><\/p>\n","protected":false},"excerpt":{"rendered":"<p>Bolsa de vac\u00edo con placa dorada Descripci\u00f3n de nuestra placa dorada para bolsas de vac\u00edo con bordes redondeados 160 x 230 mm por 100<\/p>\n","protected":false},"featured_media":253585,"template":"","meta":{"_acf_changed":false},"product_brand":[],"product_cat":[1150,1143,3866,1245,9257],"product_tag":[],"class_list":{"0":"post-226870","1":"product","2":"type-product","3":"status-publish","4":"has-post-thumbnail","6":"product_cat-envasado-de-alimentos","7":"product_cat-carniceria-y-charcuteria","8":"product_cat-bolsas-y-fundas","9":"product_cat-bolsas-de-vacio","10":"product_cat-placas-de-oro","12":"first","13":"instock","14":"taxable","15":"shipping-taxable","16":"purchasable","17":"product-type-simple"},"acf":[],"yoast_head":"<!-- This site is optimized with the Yoast SEO Premium plugin v26.6 (Yoast SEO v26.6) - https:\/\/yoast.com\/wordpress\/plugins\/seo\/ -->\n<title>Bolsa de Vac\u00edo Dorada Bordes Redondeados - 160 x 230 mm por 100<\/title>\n<meta name=\"description\" content=\"Optimice la conservaci\u00f3n de los alimentos con esta placa dorada para bolsas de vac\u00edo de 160 x 230 mm de bordes redondeados. Asegure sus productos sin riesgo de perforaci\u00f3n.\" \/>\n<meta name=\"robots\" content=\"index, follow, max-snippet:-1, max-image-preview:large, max-video-preview:-1\" \/>\n<link rel=\"canonical\" href=\"https:\/\/www.csj-emballages.com\/es\/produit\/placa-para-bolsas-de-vacio-canto-redondeado-160-x-230-mm-paquete-de-200\/\" \/>\n<meta property=\"og:locale\" content=\"es_ES\" \/>\n<meta property=\"og:type\" content=\"article\" \/>\n<meta property=\"og:title\" content=\"Placa de embolsado al vac\u00edo dorada, cantos redondeados 160 x 230 mm, paquete de 100\" \/>\n<meta property=\"og:description\" content=\"Optimice la conservaci\u00f3n de los alimentos con esta placa dorada para bolsas de vac\u00edo de 160 x 230 mm de bordes redondeados. Asegure sus productos sin riesgo de perforaci\u00f3n.\" \/>\n<meta property=\"og:url\" content=\"https:\/\/www.csj-emballages.com\/es\/produit\/placa-para-bolsas-de-vacio-canto-redondeado-160-x-230-mm-paquete-de-200\/\" \/>\n<meta property=\"og:site_name\" content=\"CSJ Emballages\" \/>\n<meta property=\"article:publisher\" content=\"https:\/\/www.facebook.com\/csjemballages\" \/>\n<meta property=\"article:modified_time\" content=\"2026-04-04T00:14:00+00:00\" \/>\n<meta property=\"og:image\" content=\"https:\/\/www.csj-emballages.com\/wp-content\/uploads\/2025\/03\/PLAQ1623.webp\" \/>\n\t<meta property=\"og:image:width\" content=\"800\" \/>\n\t<meta property=\"og:image:height\" content=\"800\" \/>\n\t<meta property=\"og:image:type\" content=\"image\/webp\" \/>\n<meta name=\"twitter:card\" content=\"summary_large_image\" \/>\n<meta name=\"twitter:label1\" content=\"Tiempo de lectura\" \/>\n\t<meta name=\"twitter:data1\" content=\"2 minutos\" \/>\n<script type=\"application\/ld+json\" class=\"yoast-schema-graph\">{\"@context\":\"https:\/\/schema.org\",\"@graph\":[{\"@type\":\"WebPage\",\"@id\":\"https:\/\/www.csj-emballages.com\/es\/produit\/placa-para-bolsas-de-vacio-canto-redondeado-160-x-230-mm-paquete-de-200\/\",\"url\":\"https:\/\/www.csj-emballages.com\/es\/produit\/placa-para-bolsas-de-vacio-canto-redondeado-160-x-230-mm-paquete-de-200\/\",\"name\":\"Bolsa de Vac\u00edo Dorada Bordes Redondeados - 160 x 230 mm por 100\",\"isPartOf\":{\"@id\":\"https:\/\/www.csj-emballages.com\/es\/#website\"},\"primaryImageOfPage\":{\"@id\":\"https:\/\/www.csj-emballages.com\/es\/produit\/placa-para-bolsas-de-vacio-canto-redondeado-160-x-230-mm-paquete-de-200\/#primaryimage\"},\"image\":{\"@id\":\"https:\/\/www.csj-emballages.com\/es\/produit\/placa-para-bolsas-de-vacio-canto-redondeado-160-x-230-mm-paquete-de-200\/#primaryimage\"},\"thumbnailUrl\":\"https:\/\/www.csj-emballages.com\/wp-content\/uploads\/2025\/03\/PLAQ1623.webp\",\"datePublished\":\"2025-03-07T01:18:22+00:00\",\"dateModified\":\"2026-04-04T00:14:00+00:00\",\"description\":\"Optimice la conservaci\u00f3n de los alimentos con esta placa dorada para bolsas de vac\u00edo de 160 x 230 mm de bordes redondeados. Asegure sus productos sin riesgo de perforaci\u00f3n.\",\"breadcrumb\":{\"@id\":\"https:\/\/www.csj-emballages.com\/es\/produit\/placa-para-bolsas-de-vacio-canto-redondeado-160-x-230-mm-paquete-de-200\/#breadcrumb\"},\"inLanguage\":\"es\",\"potentialAction\":[{\"@type\":\"ReadAction\",\"target\":[\"https:\/\/www.csj-emballages.com\/es\/produit\/placa-para-bolsas-de-vacio-canto-redondeado-160-x-230-mm-paquete-de-200\/\"]}]},{\"@type\":\"ImageObject\",\"inLanguage\":\"es\",\"@id\":\"https:\/\/www.csj-emballages.com\/es\/produit\/placa-para-bolsas-de-vacio-canto-redondeado-160-x-230-mm-paquete-de-200\/#primaryimage\",\"url\":\"https:\/\/www.csj-emballages.com\/wp-content\/uploads\/2025\/03\/PLAQ1623.webp\",\"contentUrl\":\"https:\/\/www.csj-emballages.com\/wp-content\/uploads\/2025\/03\/PLAQ1623.webp\",\"width\":800,\"height\":800,\"caption\":\"Plaque or sac sous vide\"},{\"@type\":\"BreadcrumbList\",\"@id\":\"https:\/\/www.csj-emballages.com\/es\/produit\/placa-para-bolsas-de-vacio-canto-redondeado-160-x-230-mm-paquete-de-200\/#breadcrumb\",\"itemListElement\":[{\"@type\":\"ListItem\",\"position\":1,\"name\":\"Accueil\",\"item\":\"https:\/\/www.csj-emballages.com\/es\/universo-del-envasado-alimentario\/\"},{\"@type\":\"ListItem\",\"position\":2,\"name\":\"Tienda\",\"item\":\"https:\/\/www.csj-emballages.com\/tienda\/\"},{\"@type\":\"ListItem\",\"position\":3,\"name\":\"Placa de embolsado al vac\u00edo dorada, cantos redondeados 160 x 230 mm, paquete de 100\"}]},{\"@type\":\"WebSite\",\"@id\":\"https:\/\/www.csj-emballages.com\/es\/#website\",\"url\":\"https:\/\/www.csj-emballages.com\/es\/\",\"name\":\"CSJ Emballages\",\"description\":\"\",\"publisher\":{\"@id\":\"https:\/\/www.csj-emballages.com\/es\/#organization\"},\"potentialAction\":[{\"@type\":\"SearchAction\",\"target\":{\"@type\":\"EntryPoint\",\"urlTemplate\":\"https:\/\/www.csj-emballages.com\/es\/?s={search_term_string}\"},\"query-input\":{\"@type\":\"PropertyValueSpecification\",\"valueRequired\":true,\"valueName\":\"search_term_string\"}}],\"inLanguage\":\"es\"},{\"@type\":\"Organization\",\"@id\":\"https:\/\/www.csj-emballages.com\/es\/#Organization\/\",\"name\":\"CSJ Emballages\",\"url\":\"https:\/\/www.csj-emballages.com\/es\/\",\"logo\":{\"@type\":\"ImageObject\",\"inLanguage\":\"es\",\"@id\":\"https:\/\/www.csj-emballages.com\/es\/#\/schema\/logo\/image\/\",\"url\":\"https:\/\/www.csj-emballages.com\/wp-content\/uploads\/2023\/10\/logo_csj.webp\",\"contentUrl\":\"https:\/\/www.csj-emballages.com\/wp-content\/uploads\/2023\/10\/logo_csj.webp\",\"width\":250,\"height\":95,\"caption\":\"CSJ Emballages\"},\"image\":{\"@id\":\"https:\/\/www.csj-emballages.com\/es\/#\/schema\/logo\/image\/\"},\"sameAs\":[\"https:\/\/www.facebook.com\/csjemballages\"],\"address\":{\"@type\":\"PostalAddress\",\"streetAddress\":\"ZI La Lechere\",\"addressLocality\":\"Patornay\",\"postalCode\":\"39130\",\"addressCountry\":\"FR\"},\"contactPoint\":[{\"@type\":\"ContactPoint\",\"contactType\":\"Service client\",\"telephone\":\"0384254272\",\"email\":\"contact@csj-emballages.com\"}]}]}<\/script>\n<!-- \/ Yoast SEO Premium plugin. -->","yoast_head_json":{"title":"Bolsa de Vac\u00edo Dorada Bordes Redondeados - 160 x 230 mm por 100","description":"Optimice la conservaci\u00f3n de los alimentos con esta placa dorada para bolsas de vac\u00edo de 160 x 230 mm de bordes redondeados. Asegure sus productos sin riesgo de perforaci\u00f3n.","robots":{"index":"index","follow":"follow","max-snippet":"max-snippet:-1","max-image-preview":"max-image-preview:large","max-video-preview":"max-video-preview:-1"},"canonical":"https:\/\/www.csj-emballages.com\/es\/produit\/placa-para-bolsas-de-vacio-canto-redondeado-160-x-230-mm-paquete-de-200\/","og_locale":"es_ES","og_type":"article","og_title":"Placa de embolsado al vac\u00edo dorada, cantos redondeados 160 x 230 mm, paquete de 100","og_description":"Optimice la conservaci\u00f3n de los alimentos con esta placa dorada para bolsas de vac\u00edo de 160 x 230 mm de bordes redondeados. Asegure sus productos sin riesgo de perforaci\u00f3n.","og_url":"https:\/\/www.csj-emballages.com\/es\/produit\/placa-para-bolsas-de-vacio-canto-redondeado-160-x-230-mm-paquete-de-200\/","og_site_name":"CSJ Emballages","article_publisher":"https:\/\/www.facebook.com\/csjemballages","article_modified_time":"2026-04-04T00:14:00+00:00","og_image":[{"width":800,"height":800,"url":"https:\/\/www.csj-emballages.com\/wp-content\/uploads\/2025\/03\/PLAQ1623.webp","type":"image\/webp"}],"twitter_card":"summary_large_image","twitter_misc":{"Tiempo de lectura":"2 minutos"},"schema":{"@context":"https:\/\/schema.org","@graph":[{"@type":"WebPage","@id":"https:\/\/www.csj-emballages.com\/es\/produit\/placa-para-bolsas-de-vacio-canto-redondeado-160-x-230-mm-paquete-de-200\/","url":"https:\/\/www.csj-emballages.com\/es\/produit\/placa-para-bolsas-de-vacio-canto-redondeado-160-x-230-mm-paquete-de-200\/","name":"Bolsa de Vac\u00edo Dorada Bordes Redondeados - 160 x 230 mm por 100","isPartOf":{"@id":"https:\/\/www.csj-emballages.com\/es\/#website"},"primaryImageOfPage":{"@id":"https:\/\/www.csj-emballages.com\/es\/produit\/placa-para-bolsas-de-vacio-canto-redondeado-160-x-230-mm-paquete-de-200\/#primaryimage"},"image":{"@id":"https:\/\/www.csj-emballages.com\/es\/produit\/placa-para-bolsas-de-vacio-canto-redondeado-160-x-230-mm-paquete-de-200\/#primaryimage"},"thumbnailUrl":"https:\/\/www.csj-emballages.com\/wp-content\/uploads\/2025\/03\/PLAQ1623.webp","datePublished":"2025-03-07T01:18:22+00:00","dateModified":"2026-04-04T00:14:00+00:00","description":"Optimice la conservaci\u00f3n de los alimentos con esta placa dorada para bolsas de vac\u00edo de 160 x 230 mm de bordes redondeados. Asegure sus productos sin riesgo de perforaci\u00f3n.","breadcrumb":{"@id":"https:\/\/www.csj-emballages.com\/es\/produit\/placa-para-bolsas-de-vacio-canto-redondeado-160-x-230-mm-paquete-de-200\/#breadcrumb"},"inLanguage":"es","potentialAction":[{"@type":"ReadAction","target":["https:\/\/www.csj-emballages.com\/es\/produit\/placa-para-bolsas-de-vacio-canto-redondeado-160-x-230-mm-paquete-de-200\/"]}]},{"@type":"ImageObject","inLanguage":"es","@id":"https:\/\/www.csj-emballages.com\/es\/produit\/placa-para-bolsas-de-vacio-canto-redondeado-160-x-230-mm-paquete-de-200\/#primaryimage","url":"https:\/\/www.csj-emballages.com\/wp-content\/uploads\/2025\/03\/PLAQ1623.webp","contentUrl":"https:\/\/www.csj-emballages.com\/wp-content\/uploads\/2025\/03\/PLAQ1623.webp","width":800,"height":800,"caption":"Plaque or sac sous vide"},{"@type":"BreadcrumbList","@id":"https:\/\/www.csj-emballages.com\/es\/produit\/placa-para-bolsas-de-vacio-canto-redondeado-160-x-230-mm-paquete-de-200\/#breadcrumb","itemListElement":[{"@type":"ListItem","position":1,"name":"Accueil","item":"https:\/\/www.csj-emballages.com\/es\/universo-del-envasado-alimentario\/"},{"@type":"ListItem","position":2,"name":"Tienda","item":"https:\/\/www.csj-emballages.com\/tienda\/"},{"@type":"ListItem","position":3,"name":"Placa de embolsado al vac\u00edo dorada, cantos redondeados 160 x 230 mm, paquete de 100"}]},{"@type":"WebSite","@id":"https:\/\/www.csj-emballages.com\/es\/#website","url":"https:\/\/www.csj-emballages.com\/es\/","name":"CSJ Emballages","description":"","publisher":{"@id":"https:\/\/www.csj-emballages.com\/es\/#organization"},"potentialAction":[{"@type":"SearchAction","target":{"@type":"EntryPoint","urlTemplate":"https:\/\/www.csj-emballages.com\/es\/?s={search_term_string}"},"query-input":{"@type":"PropertyValueSpecification","valueRequired":true,"valueName":"search_term_string"}}],"inLanguage":"es"},{"@type":"Organization","@id":"https:\/\/www.csj-emballages.com\/es\/#Organization\/","name":"CSJ Emballages","url":"https:\/\/www.csj-emballages.com\/es\/","logo":{"@type":"ImageObject","inLanguage":"es","@id":"https:\/\/www.csj-emballages.com\/es\/#\/schema\/logo\/image\/","url":"https:\/\/www.csj-emballages.com\/wp-content\/uploads\/2023\/10\/logo_csj.webp","contentUrl":"https:\/\/www.csj-emballages.com\/wp-content\/uploads\/2023\/10\/logo_csj.webp","width":250,"height":95,"caption":"CSJ Emballages"},"image":{"@id":"https:\/\/www.csj-emballages.com\/es\/#\/schema\/logo\/image\/"},"sameAs":["https:\/\/www.facebook.com\/csjemballages"],"address":{"@type":"PostalAddress","streetAddress":"ZI La Lechere","addressLocality":"Patornay","postalCode":"39130","addressCountry":"FR"},"contactPoint":[{"@type":"ContactPoint","contactType":"Service client","telephone":"0384254272","email":"contact@csj-emballages.com"}]}]}},"df_price":12.72,"df_sale_price":"","df_regular_price":12.72,"df_image_link":"https:\/\/www.csj-emballages.com\/wp-content\/uploads\/2025\/03\/PLAQ1623-300x300.webp","tiered_pricing_type":"fixed","tiered_pricing_fixed_rules":[],"tiered_pricing_percentage_rules":[],"tiered_pricing_minimum":1,"tiered_pricing_roles_data":[],"_links":{"self":[{"href":"https:\/\/www.csj-emballages.com\/es\/wp-json\/wp\/v2\/product\/226870","targetHints":{"allow":["GET"]}}],"collection":[{"href":"https:\/\/www.csj-emballages.com\/es\/wp-json\/wp\/v2\/product"}],"about":[{"href":"https:\/\/www.csj-emballages.com\/es\/wp-json\/wp\/v2\/types\/product"}],"wp:featuredmedia":[{"embeddable":true,"href":"https:\/\/www.csj-emballages.com\/es\/wp-json\/wp\/v2\/media\/253585"}],"wp:attachment":[{"href":"https:\/\/www.csj-emballages.com\/es\/wp-json\/wp\/v2\/media?parent=226870"}],"wp:term":[{"taxonomy":"product_brand","embeddable":true,"href":"https:\/\/www.csj-emballages.com\/es\/wp-json\/wp\/v2\/product_brand?post=226870"},{"taxonomy":"product_cat","embeddable":true,"href":"https:\/\/www.csj-emballages.com\/es\/wp-json\/wp\/v2\/product_cat?post=226870"},{"taxonomy":"product_tag","embeddable":true,"href":"https:\/\/www.csj-emballages.com\/es\/wp-json\/wp\/v2\/product_tag?post=226870"}],"curies":[{"name":"wp","href":"https:\/\/api.w.org\/{rel}","templated":true}]}}