{"id":22686,"date":"2024-03-01T16:50:26","date_gmt":"2024-03-01T15:50:26","guid":{"rendered":"https:\/\/u15jnbdpoq.preview.infomaniak.website\/produit\/50-bolsillos-de-carton-para-tacos\/"},"modified":"2026-04-21T02:15:41","modified_gmt":"2026-04-21T00:15:41","slug":"50-bolsillos-de-carton-para-tacos","status":"publish","type":"product","link":"https:\/\/www.csj-emballages.com\/es\/produit\/50-bolsillos-de-carton-para-tacos\/","title":{"rendered":"Bolsillo de cart\u00f3n para tacos, 50"},"content":{"rendered":"<h2>Bolsa para tacos<\/h2>\n<hr>\n<h3>Descripci\u00f3n de nuestra bolsa de cart\u00f3n kraft para tacos, paquete de 50<\/h3>\n<p><!--more--><\/p>\n<p data-start=\"343\" data-end=\"867\">Si quieres servir tus <strong>tacos<\/strong> en un envase limpio, moderno y realmente pr\u00e1ctico, esta <strong data-start=\"442\" data-end=\"481\">bolsa para tacos de cart\u00f3n rasgable<\/strong> cambiar\u00e1 tu forma de servirlos. A primera vista, su <strong>dise\u00f1o <\/strong><strong> en<\/strong> <strong>negro <\/strong>y beige llama inmediatamente la atenci\u00f3n, con sus l\u00edneas gr\u00e1ficas y el logotipo <strong>\u00abTASTY<\/strong> \u00bb que le dan un aire de comida callejera de primera calidad. Pero en cuanto la utilices, te dar\u00e1s cuenta de que esta <strong>bolsa para<\/strong> tacos va m\u00e1s all\u00e1 de la simple apariencia: est\u00e1 dise\u00f1ada para hacer la vida m\u00e1s f\u00e1cil a todo el mundo, tanto en la cocina como de cara al cliente.  <\/p>\n<p data-start=\"869\" data-end=\"1214\">En primer lugar, su sistema <strong data-start=\"890\" data-end=\"916\">de apertura por rasgado<\/strong> es una aut\u00e9ntica ventaja. En lugar de tener que sacar el taco entero y arriesgarse a que se desparrame por todas partes, los consumidores pueden tirar de la tira precortada para descubrir el contenido poco a poco. De este modo, la experiencia de comer es mucho m\u00e1s limpia, especialmente cuando se trata de tacos generosos o bien rellenos.  <\/p>\n<p data-start=\"1216\" data-end=\"1581\">En segundo lugar, el <strong>cart\u00f3n grueso<\/strong> retiene perfectamente el calor al tiempo que proporciona una buena rigidez, evitando que la <strong>bolsa<\/strong> se doble o se hunda. Esto significa que, incluso cuando se transportan a largas distancias o cuando se entrega un pedido, los tacos permanecen bien presentados. Adem\u00e1s, su formato universal permite envasar f\u00e1cilmente la mayor\u00eda de tama\u00f1os de tacos sin perder tiempo.  <\/p>\n<p data-start=\"1583\" data-end=\"1888\">Adem\u00e1s, la bolsa es f\u00e1cil de integrar en una l\u00ednea de preparaci\u00f3n: se abre r\u00e1pidamente, se llena en pocos gestos y es resistente a la humedad de las salsas. Con un <strong data-start=\"1756\" data-end=\"1769\">envase de 50 unidades<\/strong>, dispondr\u00e1 de una pr\u00e1ctica reserva para llevar consigo desde el servicio r\u00e1pido hasta las veladas m\u00e1s ajetreadas. <\/p>\n<p data-start=\"1013\" data-end=\"1189\"><!--more--><\/p>\n<p data-start=\"1013\" data-end=\"1189\"><strong>Ventajas :  <\/strong><\/p>\n<ul>\n<li data-start=\"2078\" data-end=\"2120\"><strong>Abertura<\/strong> limpia y pr\u00e1ctica.<\/li>\n<li data-start=\"2123\" data-end=\"2153\">Dise\u00f1o moderno y atractivo.<\/li>\n<li data-start=\"2156\" data-end=\"2200\">Cart\u00f3n r\u00edgido que sujeta bien los <strong>tacos<\/strong>.<\/li>\n<li data-start=\"2203\" data-end=\"2253\">Apto para comida para llevar y reparto.<\/li>\n<li data-start=\"2256\" data-end=\"2303\">Paquete de <strong>50<\/strong>, perfecto para servicios regulares.<\/li>\n<\/ul>\n<p>&nbsp;<\/p>\n<p data-start=\"1013\" data-end=\"1189\"><!--more--><\/p>\n<h4>Informaci\u00f3n adicional :<\/h4>\n<ul>\n<li><strong>Envase<\/strong>: Paquete de 50<\/li>\n<li><strong>Dimensiones<\/strong>: 190 x 160 x 150 (L x A x A en mm)<\/li>\n<li><strong>Color<\/strong>: Marr\u00f3n \/ Negro<\/li>\n<li><strong>Material<\/strong>: Cart\u00f3n<\/li>\n<\/ul>\n<p>&nbsp;<\/p>\n<p><!--more--><\/p>\n<p>Encuentre nuestra bolsa kraft para tacos aqu\u00ed: <span style=\"color: #d12727;\"><a style=\"color: #d12727;\" href=\"https:\/\/www.csj-emballages.com\/es\/produit\/100-bolsillos-de-carton-kraft-para-tacos\/\">POCTACOSK<\/a><\/span><\/p>\n<p>&nbsp;<\/p>\n<p><!--more--><\/p>\n<p><a href=\"\/?product_cat=pochettes-carton-frites-crepes-tacos-wraps-snack-restauration-emporter\">Consulte el resto de nuestra gama de bolsitas para patatas fritas \/ cr\u00eapes \/ tacos \/ wraps<\/a><\/p>\n","protected":false},"excerpt":{"rendered":"<p>Bolsa para tacos Descripci\u00f3n de nuestra bolsa de cart\u00f3n kraft para tacos, paquete de 50<\/p>\n","protected":false},"featured_media":230475,"template":"","meta":{"_acf_changed":false},"product_brand":[],"product_cat":[1150,1179,3081,1270],"product_tag":[],"class_list":{"0":"post-22686","1":"product","2":"type-product","3":"status-publish","4":"has-post-thumbnail","6":"product_cat-envasado-de-alimentos","7":"product_cat-catering-es","8":"product_cat-patatas-fritas-tortitas-tacos-wraps","9":"product_cat-descuentos","11":"first","12":"instock","13":"sale","14":"taxable","15":"shipping-taxable","16":"purchasable","17":"product-type-simple"},"acf":[],"yoast_head":"<!-- This site is optimized with the Yoast SEO Premium plugin v26.6 (Yoast SEO v26.6) - https:\/\/yoast.com\/wordpress\/plugins\/seo\/ -->\n<title>Paquete de 50 Tacos de Cart\u00f3n Kraft Tear-Off<\/title>\n<meta name=\"description\" content=\"Descubra nuestra bolsa para tacos de cart\u00f3n kraft negro con su leng\u00fceta de 50 rasgaduras: pr\u00e1ctica, higi\u00e9nica e ideal para la venta para llevar.\" \/>\n<meta name=\"robots\" content=\"index, follow, max-snippet:-1, max-image-preview:large, max-video-preview:-1\" \/>\n<link rel=\"canonical\" href=\"https:\/\/www.csj-emballages.com\/es\/produit\/50-bolsillos-de-carton-para-tacos\/\" \/>\n<meta property=\"og:locale\" content=\"es_ES\" \/>\n<meta property=\"og:type\" content=\"article\" \/>\n<meta property=\"og:title\" content=\"Bolsillo de cart\u00f3n para tacos, 50\" \/>\n<meta property=\"og:description\" content=\"Descubra nuestra bolsa para tacos de cart\u00f3n kraft negro con su leng\u00fceta de 50 rasgaduras: pr\u00e1ctica, higi\u00e9nica e ideal para la venta para llevar.\" \/>\n<meta property=\"og:url\" content=\"https:\/\/www.csj-emballages.com\/es\/produit\/50-bolsillos-de-carton-para-tacos\/\" \/>\n<meta property=\"og:site_name\" content=\"CSJ Emballages\" \/>\n<meta property=\"article:publisher\" content=\"https:\/\/www.facebook.com\/csjemballages\" \/>\n<meta property=\"article:modified_time\" content=\"2026-04-21T00:15:41+00:00\" \/>\n<meta property=\"og:image\" content=\"https:\/\/www.csj-emballages.com\/wp-content\/uploads\/2024\/03\/POCTACOS-1.webp\" \/>\n\t<meta property=\"og:image:width\" content=\"800\" \/>\n\t<meta property=\"og:image:height\" content=\"800\" \/>\n\t<meta property=\"og:image:type\" content=\"image\/webp\" \/>\n<meta name=\"twitter:card\" content=\"summary_large_image\" \/>\n<meta name=\"twitter:label1\" content=\"Tiempo de lectura\" \/>\n\t<meta name=\"twitter:data1\" content=\"2 minutos\" \/>\n<script type=\"application\/ld+json\" class=\"yoast-schema-graph\">{\"@context\":\"https:\/\/schema.org\",\"@graph\":[{\"@type\":\"WebPage\",\"@id\":\"https:\/\/www.csj-emballages.com\/es\/produit\/50-bolsillos-de-carton-para-tacos\/\",\"url\":\"https:\/\/www.csj-emballages.com\/es\/produit\/50-bolsillos-de-carton-para-tacos\/\",\"name\":\"Paquete de 50 Tacos de Cart\u00f3n Kraft Tear-Off\",\"isPartOf\":{\"@id\":\"https:\/\/www.csj-emballages.com\/es\/#website\"},\"primaryImageOfPage\":{\"@id\":\"https:\/\/www.csj-emballages.com\/es\/produit\/50-bolsillos-de-carton-para-tacos\/#primaryimage\"},\"image\":{\"@id\":\"https:\/\/www.csj-emballages.com\/es\/produit\/50-bolsillos-de-carton-para-tacos\/#primaryimage\"},\"thumbnailUrl\":\"https:\/\/www.csj-emballages.com\/wp-content\/uploads\/2024\/03\/POCTACOS-1.webp\",\"datePublished\":\"2024-03-01T15:50:26+00:00\",\"dateModified\":\"2026-04-21T00:15:41+00:00\",\"description\":\"Descubra nuestra bolsa para tacos de cart\u00f3n kraft negro con su leng\u00fceta de 50 rasgaduras: pr\u00e1ctica, higi\u00e9nica e ideal para la venta para llevar.\",\"breadcrumb\":{\"@id\":\"https:\/\/www.csj-emballages.com\/es\/produit\/50-bolsillos-de-carton-para-tacos\/#breadcrumb\"},\"inLanguage\":\"es\",\"potentialAction\":[{\"@type\":\"ReadAction\",\"target\":[\"https:\/\/www.csj-emballages.com\/es\/produit\/50-bolsillos-de-carton-para-tacos\/\"]}]},{\"@type\":\"ImageObject\",\"inLanguage\":\"es\",\"@id\":\"https:\/\/www.csj-emballages.com\/es\/produit\/50-bolsillos-de-carton-para-tacos\/#primaryimage\",\"url\":\"https:\/\/www.csj-emballages.com\/wp-content\/uploads\/2024\/03\/POCTACOS-1.webp\",\"contentUrl\":\"https:\/\/www.csj-emballages.com\/wp-content\/uploads\/2024\/03\/POCTACOS-1.webp\",\"width\":800,\"height\":800,\"caption\":\"Pochette tacos\"},{\"@type\":\"BreadcrumbList\",\"@id\":\"https:\/\/www.csj-emballages.com\/es\/produit\/50-bolsillos-de-carton-para-tacos\/#breadcrumb\",\"itemListElement\":[{\"@type\":\"ListItem\",\"position\":1,\"name\":\"Accueil\",\"item\":\"https:\/\/www.csj-emballages.com\/es\/universo-del-envasado-alimentario\/\"},{\"@type\":\"ListItem\",\"position\":2,\"name\":\"Tienda\",\"item\":\"https:\/\/www.csj-emballages.com\/tienda\/\"},{\"@type\":\"ListItem\",\"position\":3,\"name\":\"Bolsillo de cart\u00f3n para tacos, 50\"}]},{\"@type\":\"WebSite\",\"@id\":\"https:\/\/www.csj-emballages.com\/es\/#website\",\"url\":\"https:\/\/www.csj-emballages.com\/es\/\",\"name\":\"CSJ Emballages\",\"description\":\"\",\"publisher\":{\"@id\":\"https:\/\/www.csj-emballages.com\/es\/#organization\"},\"potentialAction\":[{\"@type\":\"SearchAction\",\"target\":{\"@type\":\"EntryPoint\",\"urlTemplate\":\"https:\/\/www.csj-emballages.com\/es\/?s={search_term_string}\"},\"query-input\":{\"@type\":\"PropertyValueSpecification\",\"valueRequired\":true,\"valueName\":\"search_term_string\"}}],\"inLanguage\":\"es\"},{\"@type\":\"Organization\",\"@id\":\"https:\/\/www.csj-emballages.com\/es\/#Organization\/\",\"name\":\"CSJ Emballages\",\"url\":\"https:\/\/www.csj-emballages.com\/es\/\",\"logo\":{\"@type\":\"ImageObject\",\"inLanguage\":\"es\",\"@id\":\"https:\/\/www.csj-emballages.com\/es\/#\/schema\/logo\/image\/\",\"url\":\"https:\/\/www.csj-emballages.com\/wp-content\/uploads\/2023\/10\/logo_csj.webp\",\"contentUrl\":\"https:\/\/www.csj-emballages.com\/wp-content\/uploads\/2023\/10\/logo_csj.webp\",\"width\":250,\"height\":95,\"caption\":\"CSJ Emballages\"},\"image\":{\"@id\":\"https:\/\/www.csj-emballages.com\/es\/#\/schema\/logo\/image\/\"},\"sameAs\":[\"https:\/\/www.facebook.com\/csjemballages\"],\"address\":{\"@type\":\"PostalAddress\",\"streetAddress\":\"ZI La Lechere\",\"addressLocality\":\"Patornay\",\"postalCode\":\"39130\",\"addressCountry\":\"FR\"},\"contactPoint\":[{\"@type\":\"ContactPoint\",\"contactType\":\"Service client\",\"telephone\":\"0384254272\",\"email\":\"contact@csj-emballages.com\"}]}]}<\/script>\n<!-- \/ Yoast SEO Premium plugin. -->","yoast_head_json":{"title":"Paquete de 50 Tacos de Cart\u00f3n Kraft Tear-Off","description":"Descubra nuestra bolsa para tacos de cart\u00f3n kraft negro con su leng\u00fceta de 50 rasgaduras: pr\u00e1ctica, higi\u00e9nica e ideal para la venta para llevar.","robots":{"index":"index","follow":"follow","max-snippet":"max-snippet:-1","max-image-preview":"max-image-preview:large","max-video-preview":"max-video-preview:-1"},"canonical":"https:\/\/www.csj-emballages.com\/es\/produit\/50-bolsillos-de-carton-para-tacos\/","og_locale":"es_ES","og_type":"article","og_title":"Bolsillo de cart\u00f3n para tacos, 50","og_description":"Descubra nuestra bolsa para tacos de cart\u00f3n kraft negro con su leng\u00fceta de 50 rasgaduras: pr\u00e1ctica, higi\u00e9nica e ideal para la venta para llevar.","og_url":"https:\/\/www.csj-emballages.com\/es\/produit\/50-bolsillos-de-carton-para-tacos\/","og_site_name":"CSJ Emballages","article_publisher":"https:\/\/www.facebook.com\/csjemballages","article_modified_time":"2026-04-21T00:15:41+00:00","og_image":[{"width":800,"height":800,"url":"https:\/\/www.csj-emballages.com\/wp-content\/uploads\/2024\/03\/POCTACOS-1.webp","type":"image\/webp"}],"twitter_card":"summary_large_image","twitter_misc":{"Tiempo de lectura":"2 minutos"},"schema":{"@context":"https:\/\/schema.org","@graph":[{"@type":"WebPage","@id":"https:\/\/www.csj-emballages.com\/es\/produit\/50-bolsillos-de-carton-para-tacos\/","url":"https:\/\/www.csj-emballages.com\/es\/produit\/50-bolsillos-de-carton-para-tacos\/","name":"Paquete de 50 Tacos de Cart\u00f3n Kraft Tear-Off","isPartOf":{"@id":"https:\/\/www.csj-emballages.com\/es\/#website"},"primaryImageOfPage":{"@id":"https:\/\/www.csj-emballages.com\/es\/produit\/50-bolsillos-de-carton-para-tacos\/#primaryimage"},"image":{"@id":"https:\/\/www.csj-emballages.com\/es\/produit\/50-bolsillos-de-carton-para-tacos\/#primaryimage"},"thumbnailUrl":"https:\/\/www.csj-emballages.com\/wp-content\/uploads\/2024\/03\/POCTACOS-1.webp","datePublished":"2024-03-01T15:50:26+00:00","dateModified":"2026-04-21T00:15:41+00:00","description":"Descubra nuestra bolsa para tacos de cart\u00f3n kraft negro con su leng\u00fceta de 50 rasgaduras: pr\u00e1ctica, higi\u00e9nica e ideal para la venta para llevar.","breadcrumb":{"@id":"https:\/\/www.csj-emballages.com\/es\/produit\/50-bolsillos-de-carton-para-tacos\/#breadcrumb"},"inLanguage":"es","potentialAction":[{"@type":"ReadAction","target":["https:\/\/www.csj-emballages.com\/es\/produit\/50-bolsillos-de-carton-para-tacos\/"]}]},{"@type":"ImageObject","inLanguage":"es","@id":"https:\/\/www.csj-emballages.com\/es\/produit\/50-bolsillos-de-carton-para-tacos\/#primaryimage","url":"https:\/\/www.csj-emballages.com\/wp-content\/uploads\/2024\/03\/POCTACOS-1.webp","contentUrl":"https:\/\/www.csj-emballages.com\/wp-content\/uploads\/2024\/03\/POCTACOS-1.webp","width":800,"height":800,"caption":"Pochette tacos"},{"@type":"BreadcrumbList","@id":"https:\/\/www.csj-emballages.com\/es\/produit\/50-bolsillos-de-carton-para-tacos\/#breadcrumb","itemListElement":[{"@type":"ListItem","position":1,"name":"Accueil","item":"https:\/\/www.csj-emballages.com\/es\/universo-del-envasado-alimentario\/"},{"@type":"ListItem","position":2,"name":"Tienda","item":"https:\/\/www.csj-emballages.com\/tienda\/"},{"@type":"ListItem","position":3,"name":"Bolsillo de cart\u00f3n para tacos, 50"}]},{"@type":"WebSite","@id":"https:\/\/www.csj-emballages.com\/es\/#website","url":"https:\/\/www.csj-emballages.com\/es\/","name":"CSJ Emballages","description":"","publisher":{"@id":"https:\/\/www.csj-emballages.com\/es\/#organization"},"potentialAction":[{"@type":"SearchAction","target":{"@type":"EntryPoint","urlTemplate":"https:\/\/www.csj-emballages.com\/es\/?s={search_term_string}"},"query-input":{"@type":"PropertyValueSpecification","valueRequired":true,"valueName":"search_term_string"}}],"inLanguage":"es"},{"@type":"Organization","@id":"https:\/\/www.csj-emballages.com\/es\/#Organization\/","name":"CSJ Emballages","url":"https:\/\/www.csj-emballages.com\/es\/","logo":{"@type":"ImageObject","inLanguage":"es","@id":"https:\/\/www.csj-emballages.com\/es\/#\/schema\/logo\/image\/","url":"https:\/\/www.csj-emballages.com\/wp-content\/uploads\/2023\/10\/logo_csj.webp","contentUrl":"https:\/\/www.csj-emballages.com\/wp-content\/uploads\/2023\/10\/logo_csj.webp","width":250,"height":95,"caption":"CSJ Emballages"},"image":{"@id":"https:\/\/www.csj-emballages.com\/es\/#\/schema\/logo\/image\/"},"sameAs":["https:\/\/www.facebook.com\/csjemballages"],"address":{"@type":"PostalAddress","streetAddress":"ZI La Lechere","addressLocality":"Patornay","postalCode":"39130","addressCountry":"FR"},"contactPoint":[{"@type":"ContactPoint","contactType":"Service client","telephone":"0384254272","email":"contact@csj-emballages.com"}]}]}},"df_price":7.8,"df_sale_price":7.8,"df_regular_price":11.14,"df_image_link":"https:\/\/www.csj-emballages.com\/wp-content\/uploads\/2024\/03\/POCTACOS-1-300x300.webp","tiered_pricing_type":"fixed","tiered_pricing_fixed_rules":[],"tiered_pricing_percentage_rules":[],"tiered_pricing_minimum":1,"tiered_pricing_roles_data":[],"_links":{"self":[{"href":"https:\/\/www.csj-emballages.com\/es\/wp-json\/wp\/v2\/product\/22686","targetHints":{"allow":["GET"]}}],"collection":[{"href":"https:\/\/www.csj-emballages.com\/es\/wp-json\/wp\/v2\/product"}],"about":[{"href":"https:\/\/www.csj-emballages.com\/es\/wp-json\/wp\/v2\/types\/product"}],"wp:featuredmedia":[{"embeddable":true,"href":"https:\/\/www.csj-emballages.com\/es\/wp-json\/wp\/v2\/media\/230475"}],"wp:attachment":[{"href":"https:\/\/www.csj-emballages.com\/es\/wp-json\/wp\/v2\/media?parent=22686"}],"wp:term":[{"taxonomy":"product_brand","embeddable":true,"href":"https:\/\/www.csj-emballages.com\/es\/wp-json\/wp\/v2\/product_brand?post=22686"},{"taxonomy":"product_cat","embeddable":true,"href":"https:\/\/www.csj-emballages.com\/es\/wp-json\/wp\/v2\/product_cat?post=22686"},{"taxonomy":"product_tag","embeddable":true,"href":"https:\/\/www.csj-emballages.com\/es\/wp-json\/wp\/v2\/product_tag?post=22686"}],"curies":[{"name":"wp","href":"https:\/\/api.w.org\/{rel}","templated":true}]}}