{"id":226856,"date":"2025-03-05T02:18:18","date_gmt":"2025-03-05T01:18:18","guid":{"rendered":"https:\/\/www.csj-emballages.com\/?post_type=product&#038;p=226856"},"modified":"2026-04-18T02:12:47","modified_gmt":"2026-04-18T00:12:47","slug":"50-cajas-de-carton-blanco-para-pasteleria-de-14-x-5-cm","status":"publish","type":"product","link":"https:\/\/www.csj-emballages.com\/es\/produit\/50-cajas-de-carton-blanco-para-pasteleria-de-14-x-5-cm\/","title":{"rendered":"Caja de cart\u00f3n blanca para pasteler\u00eda 14 x 5 cm, paquete de 50"},"content":{"rendered":"<h2 class=\"ai-optimize-32\">Caja para pasteles<\/h2>\n<hr>\n<h3 class=\"ai-optimize-33\">Descripci\u00f3n de nuestra caja para pasteles de cart\u00f3n blanco de 14 x 5 cm, paquete de 50<\/h3>\n<p><!--more--><\/p>\n<div class=\"flex-1 overflow-hidden\">\n<div class=\"h-full\">\n<div class=\"react-scroll-to-bottom--css-topht-79elbk h-full\">\n<div class=\"react-scroll-to-bottom--css-topht-1n7m0yu\">\n<div class=\"flex flex-col text-sm md:pb-9\">\n<article class=\"w-full text-token-text-primary focus-visible:outline-2 focus-visible:outline-offset-[-4px]\" dir=\"auto\" data-testid=\"conversation-turn-3\" data-scroll-anchor=\"true\">\n<div class=\"text-base py-[18px] px-3 md:px-4 m-auto w-full md:px-5 lg:px-1 xl:px-5\">\n<div class=\"mx-auto flex flex-1 gap-4 text-base md:gap-5 lg:gap-6 md:max-w-3xl lg:max-w-[40rem] xl:max-w-[48rem]\">\n<div class=\"group\/conversation-turn relative flex w-full min-w-0 flex-col agent-turn\">\n<div class=\"flex-col gap-1 md:gap-3\">\n<div class=\"flex max-w-full flex-col flex-grow\">\n<div class=\"min-h-[20px] text-message flex w-full flex-col items-end gap-2 whitespace-normal break-words [.text-message+&amp;]:mt-5\" dir=\"auto\" data-message-author-role=\"assistant\" data-message-id=\"9b3be93c-2125-4d4a-a54f-505a21bded71\">\n<div class=\"flex w-full flex-col gap-1 empty:hidden first:pt-[3px]\">\n<div class=\"markdown prose w-full break-words dark:prose-invert light\">\n<p class=\"ai-optimize-42 ai-optimize-introduction\" data-start=\"381\" data-end=\"723\">Tanto si es un pastelero profesional, un servicio de catering o un aficionado apasionado, esta <strong>caja de cart\u00f3n blanco para reposter\u00eda<\/strong> <strong data-start=\"502\" data-end=\"515\">de 14 x 5 cm<\/strong> es una parte esencial de su rutina diaria. Sencilla, elegante y dise\u00f1ada para <strong data-start=\"589\" data-end=\"616\">realzar sus creaciones<\/strong>, ofrece una soluci\u00f3n pr\u00e1ctica e higi\u00e9nica para transportar y presentar sus postres. <\/p>\n<p class=\"ai-optimize-43\" data-start=\"725\" data-end=\"1049\">Fabricado en <strong>cart\u00f3n<\/strong> r\u00edgido alimentario, es <strong data-start=\"785\" data-end=\"839\">perfecto para pasteles individuales<\/strong>, mignardises, porciones de tarta, peque\u00f1os entremeses o incluso quesos finos. Su <strong data-start=\"918\" data-end=\"937\">color blanco<\/strong> le da un aspecto profesional a la vez que resalta sus productos, sin remolinos ni elementos visuales superfluos. <\/p>\n<p class=\"ai-optimize-44\" data-start=\"1051\" data-end=\"1297\">Su tama\u00f1o compacto <strong>(14 cm de largo<\/strong> y <strong>5 cm de alto)<\/strong> la convierte en una <strong>pastelera<\/strong> muy <strong data-start=\"1129\" data-end=\"1144\">vers\u00e1til<\/strong>, ideal para peque\u00f1os formatos de comida para llevar. <strong data-start=\"1192\" data-end=\"1214\">Se monta r\u00e1pidamente<\/strong>, sin necesidad de cola, para que pueda ahorrar un tiempo precioso en la preparaci\u00f3n de sus platos. <\/p>\n<p class=\"ai-optimize-45\" data-start=\"1299\" data-end=\"1505\">Suministrada en <strong data-start=\"1310\" data-end=\"1330\">paquetes de 50 unidades<\/strong>, esta caja responde a las exigencias de los vol\u00famenes profesionales.<\/p>\n<p>&nbsp;<\/p>\n<p><!--more--><\/p>\n<\/div>\n<\/div>\n<\/div>\n<\/div>\n<\/div>\n<\/div>\n<\/div>\n<\/div>\n<\/article>\n<\/div>\n<\/div>\n<\/div>\n<\/div>\n<\/div>\n<div class=\"flex-1 overflow-hidden\">\n<div class=\"h-full\">\n<div class=\"react-scroll-to-bottom--css-topht-79elbk h-full\">\n<div class=\"react-scroll-to-bottom--css-topht-1n7m0yu\">\n<div class=\"flex flex-col text-sm md:pb-9\">\n<article class=\"w-full text-token-text-primary focus-visible:outline-2 focus-visible:outline-offset-[-4px]\" dir=\"auto\" data-testid=\"conversation-turn-3\" data-scroll-anchor=\"true\">\n<div class=\"text-base py-[18px] px-3 md:px-4 m-auto w-full md:px-5 lg:px-1 xl:px-5\">\n<div class=\"mx-auto flex flex-1 gap-4 text-base md:gap-5 lg:gap-6 md:max-w-3xl lg:max-w-[40rem] xl:max-w-[48rem]\">\n<div class=\"group\/conversation-turn relative flex w-full min-w-0 flex-col agent-turn\">\n<div class=\"flex-col gap-1 md:gap-3\">\n<div class=\"flex max-w-full flex-col flex-grow\">\n<div class=\"min-h-[20px] text-message flex w-full flex-col items-end gap-2 whitespace-normal break-words [.text-message+&amp;]:mt-5\" dir=\"auto\" data-message-author-role=\"assistant\" data-message-id=\"9b3be93c-2125-4d4a-a54f-505a21bded71\">\n<div class=\"flex w-full flex-col gap-1 empty:hidden first:pt-[3px]\">\n<div class=\"markdown prose w-full break-words dark:prose-invert light\">\n<p class=\"ai-optimize-35\">Puedes utilizarlas para todo tipo de pasteles, desde tartas hasta boller\u00eda.<\/p>\n<\/div>\n<\/div>\n<\/div>\n<\/div>\n<\/div>\n<\/div>\n<\/div>\n<\/div>\n<\/article>\n<\/div>\n<\/div>\n<\/div>\n<\/div>\n<\/div>\n<p>&nbsp;<\/p>\n<p><!--more--><\/p>\n<h4 class=\"ai-optimize-36\"><strong>Sus ventajas:<\/strong><\/h4>\n<ul>\n<li class=\"ai-optimize-37\"><strong>Formato compacto y pr\u00e1ctico<\/strong>: perfecto para raciones individuales.<\/li>\n<li class=\"ai-optimize-38\"><strong>Cart\u00f3n r\u00edgido de alta calidad <\/strong>: se mantiene bien, incluso con productos h\u00famedos.<\/li>\n<li class=\"ai-optimize-39\"><strong>Paquete de 50<\/strong>: econ\u00f3mico y adecuado para un uso regular.<\/li>\n<li class=\"ai-optimize-40\">Este pastelero es r\u00e1pido y f\u00e1cil de montar.<\/li>\n<li class=\"ai-optimize-46\">Gracias a su aspecto sobrio y profesional, realza todo tipo de creaciones.<\/li>\n<\/ul>\n<p>&nbsp;<\/p>\n<p><!--more--><\/p>\n<p class=\"ai-optimize-47\">Todas nuestras cajas para pasteler\u00eda de 5 cm de altura est\u00e1n disponibles aqu\u00ed: <span style=\"color: #d12727;\"><a style=\"color: #d12727;\" href=\"https:\/\/www.csj-emballages.com\/es\/produit\/50-cajas-de-carton-blanco-para-pasteleria-de-16-x-5-cm\/\">16 x 5 cm<\/a><\/span> \/ <span style=\"color: #d12727;\"><a style=\"color: #d12727;\" href=\"https:\/\/www.csj-emballages.com\/es\/produit\/50-cajas-de-carton-blanco-para-pasteleria-de-18-x-5-cm\/\">18 x 5 cm<\/a><\/span> \/ <span style=\"color: #d12727;\"><a style=\"color: #d12727;\" href=\"https:\/\/www.csj-emballages.com\/es\/produit\/50-cajas-de-carton-blanco-para-pasteleria-de-20-x-5-cm\/\">20 x 5 cm<\/a><\/span> \/ <span style=\"color: #d12727;\"><a style=\"color: #d12727;\" href=\"https:\/\/www.csj-emballages.com\/es\/produit\/50-cajas-de-carton-blanco-para-pasteleria-23-x-5-cm\/\">23 x 5 cm<\/a><\/span> \/ <span style=\"color: #d12727;\"><a style=\"color: #d12727;\" href=\"https:\/\/www.csj-emballages.com\/es\/produit\/50-cajas-de-carton-blanco-para-pasteleria-26-x-5-cm\/\">26 x 5 cm<\/a><\/span> \/ <span style=\"color: #d12727;\"><a style=\"color: #d12727;\" href=\"https:\/\/www.csj-emballages.com\/es\/produit\/50-cajas-de-carton-blanco-para-pasteleria-29-x-5-cm\/\">29 x 5 cm<\/a><\/span> \/ <span style=\"color: #d12727;\"><a style=\"color: #d12727;\" href=\"https:\/\/www.csj-emballages.com\/es\/produit\/50-cajas-de-carton-blanco-para-pasteleria-33-x-5-cm\/\">33 x 5 cm<\/a><\/span><\/p>\n<p>&nbsp;<\/p>\n<p><!--more--><\/p>\n<p class=\"ai-optimize-41\"><a href=\"https:\/\/www.csj-emballages.com\/es\/categorie-produit\/envasado-de-alimentos\/panaderia-y-pasteleria\/cajas-y-estuches\/cajas-para-pasteles\/cajas-de-pasteleria-blancas\/\">Ver el resto de nuestra gama de cajas blancas para pasteler\u00eda<\/a><\/p>\n","protected":false},"excerpt":{"rendered":"<p>Caja para pasteles Descripci\u00f3n de nuestra caja para pasteles de cart\u00f3n blanco de 14 x 5 cm, paquete de 50<\/p>\n","protected":false},"featured_media":237330,"template":"","meta":{"_acf_changed":false},"product_brand":[],"product_cat":[1150,1145,3868,1259,2307],"product_tag":[],"class_list":{"0":"post-226856","1":"product","2":"type-product","3":"status-publish","4":"has-post-thumbnail","6":"product_cat-envasado-de-alimentos","7":"product_cat-panaderia-y-pasteleria","8":"product_cat-cajas-y-estuches","9":"product_cat-cajas-para-pasteles","10":"product_cat-cajas-de-pasteleria-blancas","12":"first","13":"instock","14":"taxable","15":"shipping-taxable","16":"purchasable","17":"product-type-simple"},"acf":[],"yoast_head":"<!-- This site is optimized with the Yoast SEO Premium plugin v26.6 (Yoast SEO v26.6) - https:\/\/yoast.com\/wordpress\/plugins\/seo\/ -->\n<title>Caja de cart\u00f3n blanca para pasteles 14 x 5 cm, paquete de 50<\/title>\n<meta name=\"description\" content=\"Pastelera de cart\u00f3n blanco de 14 x 5 cm, ideal para porciones individuales o mignardises. Paquete de 50, f\u00e1cil montaje, calidad profesional.\" \/>\n<meta name=\"robots\" content=\"index, follow, max-snippet:-1, max-image-preview:large, max-video-preview:-1\" \/>\n<link rel=\"canonical\" href=\"https:\/\/www.csj-emballages.com\/es\/produit\/50-cajas-de-carton-blanco-para-pasteleria-de-14-x-5-cm\/\" \/>\n<meta property=\"og:locale\" content=\"es_ES\" \/>\n<meta property=\"og:type\" content=\"article\" \/>\n<meta property=\"og:title\" content=\"Caja de cart\u00f3n blanca para pasteler\u00eda 14 x 5 cm, paquete de 50\" \/>\n<meta property=\"og:description\" content=\"Pastelera de cart\u00f3n blanco de 14 x 5 cm, ideal para porciones individuales o mignardises. Paquete de 50, f\u00e1cil montaje, calidad profesional.\" \/>\n<meta property=\"og:url\" content=\"https:\/\/www.csj-emballages.com\/es\/produit\/50-cajas-de-carton-blanco-para-pasteleria-de-14-x-5-cm\/\" \/>\n<meta property=\"og:site_name\" content=\"CSJ Emballages\" \/>\n<meta property=\"article:publisher\" content=\"https:\/\/www.facebook.com\/csjemballages\" \/>\n<meta property=\"article:modified_time\" content=\"2026-04-18T00:12:47+00:00\" \/>\n<meta property=\"og:image\" content=\"https:\/\/www.csj-emballages.com\/wp-content\/uploads\/2025\/03\/Boite-patissiere.webp\" \/>\n\t<meta property=\"og:image:width\" content=\"800\" \/>\n\t<meta property=\"og:image:height\" content=\"800\" \/>\n\t<meta property=\"og:image:type\" content=\"image\/webp\" \/>\n<meta name=\"twitter:card\" content=\"summary_large_image\" \/>\n<meta name=\"twitter:label1\" content=\"Tiempo de lectura\" \/>\n\t<meta name=\"twitter:data1\" content=\"2 minutos\" \/>\n<script type=\"application\/ld+json\" class=\"yoast-schema-graph\">{\"@context\":\"https:\/\/schema.org\",\"@graph\":[{\"@type\":\"WebPage\",\"@id\":\"https:\/\/www.csj-emballages.com\/es\/produit\/50-cajas-de-carton-blanco-para-pasteleria-de-14-x-5-cm\/\",\"url\":\"https:\/\/www.csj-emballages.com\/es\/produit\/50-cajas-de-carton-blanco-para-pasteleria-de-14-x-5-cm\/\",\"name\":\"Caja de cart\u00f3n blanca para pasteles 14 x 5 cm, paquete de 50\",\"isPartOf\":{\"@id\":\"https:\/\/www.csj-emballages.com\/es\/#website\"},\"primaryImageOfPage\":{\"@id\":\"https:\/\/www.csj-emballages.com\/es\/produit\/50-cajas-de-carton-blanco-para-pasteleria-de-14-x-5-cm\/#primaryimage\"},\"image\":{\"@id\":\"https:\/\/www.csj-emballages.com\/es\/produit\/50-cajas-de-carton-blanco-para-pasteleria-de-14-x-5-cm\/#primaryimage\"},\"thumbnailUrl\":\"https:\/\/www.csj-emballages.com\/wp-content\/uploads\/2025\/03\/Boite-patissiere.webp\",\"datePublished\":\"2025-03-05T01:18:18+00:00\",\"dateModified\":\"2026-04-18T00:12:47+00:00\",\"description\":\"Pastelera de cart\u00f3n blanco de 14 x 5 cm, ideal para porciones individuales o mignardises. Paquete de 50, f\u00e1cil montaje, calidad profesional.\",\"breadcrumb\":{\"@id\":\"https:\/\/www.csj-emballages.com\/es\/produit\/50-cajas-de-carton-blanco-para-pasteleria-de-14-x-5-cm\/#breadcrumb\"},\"inLanguage\":\"es\",\"potentialAction\":[{\"@type\":\"ReadAction\",\"target\":[\"https:\/\/www.csj-emballages.com\/es\/produit\/50-cajas-de-carton-blanco-para-pasteleria-de-14-x-5-cm\/\"]}]},{\"@type\":\"ImageObject\",\"inLanguage\":\"es\",\"@id\":\"https:\/\/www.csj-emballages.com\/es\/produit\/50-cajas-de-carton-blanco-para-pasteleria-de-14-x-5-cm\/#primaryimage\",\"url\":\"https:\/\/www.csj-emballages.com\/wp-content\/uploads\/2025\/03\/Boite-patissiere.webp\",\"contentUrl\":\"https:\/\/www.csj-emballages.com\/wp-content\/uploads\/2025\/03\/Boite-patissiere.webp\",\"width\":800,\"height\":800,\"caption\":\"Boite p\u00e2tissi\u00e8re\"},{\"@type\":\"BreadcrumbList\",\"@id\":\"https:\/\/www.csj-emballages.com\/es\/produit\/50-cajas-de-carton-blanco-para-pasteleria-de-14-x-5-cm\/#breadcrumb\",\"itemListElement\":[{\"@type\":\"ListItem\",\"position\":1,\"name\":\"Accueil\",\"item\":\"https:\/\/www.csj-emballages.com\/es\/universo-del-envasado-alimentario\/\"},{\"@type\":\"ListItem\",\"position\":2,\"name\":\"Tienda\",\"item\":\"https:\/\/www.csj-emballages.com\/tienda\/\"},{\"@type\":\"ListItem\",\"position\":3,\"name\":\"Caja de cart\u00f3n blanca para pasteler\u00eda 14 x 5 cm, paquete de 50\"}]},{\"@type\":\"WebSite\",\"@id\":\"https:\/\/www.csj-emballages.com\/es\/#website\",\"url\":\"https:\/\/www.csj-emballages.com\/es\/\",\"name\":\"CSJ Emballages\",\"description\":\"\",\"publisher\":{\"@id\":\"https:\/\/www.csj-emballages.com\/es\/#organization\"},\"potentialAction\":[{\"@type\":\"SearchAction\",\"target\":{\"@type\":\"EntryPoint\",\"urlTemplate\":\"https:\/\/www.csj-emballages.com\/es\/?s={search_term_string}\"},\"query-input\":{\"@type\":\"PropertyValueSpecification\",\"valueRequired\":true,\"valueName\":\"search_term_string\"}}],\"inLanguage\":\"es\"},{\"@type\":\"Organization\",\"@id\":\"https:\/\/www.csj-emballages.com\/es\/#Organization\/\",\"name\":\"CSJ Emballages\",\"url\":\"https:\/\/www.csj-emballages.com\/es\/\",\"logo\":{\"@type\":\"ImageObject\",\"inLanguage\":\"es\",\"@id\":\"https:\/\/www.csj-emballages.com\/es\/#\/schema\/logo\/image\/\",\"url\":\"https:\/\/www.csj-emballages.com\/wp-content\/uploads\/2023\/10\/logo_csj.webp\",\"contentUrl\":\"https:\/\/www.csj-emballages.com\/wp-content\/uploads\/2023\/10\/logo_csj.webp\",\"width\":250,\"height\":95,\"caption\":\"CSJ Emballages\"},\"image\":{\"@id\":\"https:\/\/www.csj-emballages.com\/es\/#\/schema\/logo\/image\/\"},\"sameAs\":[\"https:\/\/www.facebook.com\/csjemballages\"],\"address\":{\"@type\":\"PostalAddress\",\"streetAddress\":\"ZI La Lechere\",\"addressLocality\":\"Patornay\",\"postalCode\":\"39130\",\"addressCountry\":\"FR\"},\"contactPoint\":[{\"@type\":\"ContactPoint\",\"contactType\":\"Service client\",\"telephone\":\"0384254272\",\"email\":\"contact@csj-emballages.com\"}]}]}<\/script>\n<!-- \/ Yoast SEO Premium plugin. -->","yoast_head_json":{"title":"Caja de cart\u00f3n blanca para pasteles 14 x 5 cm, paquete de 50","description":"Pastelera de cart\u00f3n blanco de 14 x 5 cm, ideal para porciones individuales o mignardises. Paquete de 50, f\u00e1cil montaje, calidad profesional.","robots":{"index":"index","follow":"follow","max-snippet":"max-snippet:-1","max-image-preview":"max-image-preview:large","max-video-preview":"max-video-preview:-1"},"canonical":"https:\/\/www.csj-emballages.com\/es\/produit\/50-cajas-de-carton-blanco-para-pasteleria-de-14-x-5-cm\/","og_locale":"es_ES","og_type":"article","og_title":"Caja de cart\u00f3n blanca para pasteler\u00eda 14 x 5 cm, paquete de 50","og_description":"Pastelera de cart\u00f3n blanco de 14 x 5 cm, ideal para porciones individuales o mignardises. Paquete de 50, f\u00e1cil montaje, calidad profesional.","og_url":"https:\/\/www.csj-emballages.com\/es\/produit\/50-cajas-de-carton-blanco-para-pasteleria-de-14-x-5-cm\/","og_site_name":"CSJ Emballages","article_publisher":"https:\/\/www.facebook.com\/csjemballages","article_modified_time":"2026-04-18T00:12:47+00:00","og_image":[{"width":800,"height":800,"url":"https:\/\/www.csj-emballages.com\/wp-content\/uploads\/2025\/03\/Boite-patissiere.webp","type":"image\/webp"}],"twitter_card":"summary_large_image","twitter_misc":{"Tiempo de lectura":"2 minutos"},"schema":{"@context":"https:\/\/schema.org","@graph":[{"@type":"WebPage","@id":"https:\/\/www.csj-emballages.com\/es\/produit\/50-cajas-de-carton-blanco-para-pasteleria-de-14-x-5-cm\/","url":"https:\/\/www.csj-emballages.com\/es\/produit\/50-cajas-de-carton-blanco-para-pasteleria-de-14-x-5-cm\/","name":"Caja de cart\u00f3n blanca para pasteles 14 x 5 cm, paquete de 50","isPartOf":{"@id":"https:\/\/www.csj-emballages.com\/es\/#website"},"primaryImageOfPage":{"@id":"https:\/\/www.csj-emballages.com\/es\/produit\/50-cajas-de-carton-blanco-para-pasteleria-de-14-x-5-cm\/#primaryimage"},"image":{"@id":"https:\/\/www.csj-emballages.com\/es\/produit\/50-cajas-de-carton-blanco-para-pasteleria-de-14-x-5-cm\/#primaryimage"},"thumbnailUrl":"https:\/\/www.csj-emballages.com\/wp-content\/uploads\/2025\/03\/Boite-patissiere.webp","datePublished":"2025-03-05T01:18:18+00:00","dateModified":"2026-04-18T00:12:47+00:00","description":"Pastelera de cart\u00f3n blanco de 14 x 5 cm, ideal para porciones individuales o mignardises. Paquete de 50, f\u00e1cil montaje, calidad profesional.","breadcrumb":{"@id":"https:\/\/www.csj-emballages.com\/es\/produit\/50-cajas-de-carton-blanco-para-pasteleria-de-14-x-5-cm\/#breadcrumb"},"inLanguage":"es","potentialAction":[{"@type":"ReadAction","target":["https:\/\/www.csj-emballages.com\/es\/produit\/50-cajas-de-carton-blanco-para-pasteleria-de-14-x-5-cm\/"]}]},{"@type":"ImageObject","inLanguage":"es","@id":"https:\/\/www.csj-emballages.com\/es\/produit\/50-cajas-de-carton-blanco-para-pasteleria-de-14-x-5-cm\/#primaryimage","url":"https:\/\/www.csj-emballages.com\/wp-content\/uploads\/2025\/03\/Boite-patissiere.webp","contentUrl":"https:\/\/www.csj-emballages.com\/wp-content\/uploads\/2025\/03\/Boite-patissiere.webp","width":800,"height":800,"caption":"Boite p\u00e2tissi\u00e8re"},{"@type":"BreadcrumbList","@id":"https:\/\/www.csj-emballages.com\/es\/produit\/50-cajas-de-carton-blanco-para-pasteleria-de-14-x-5-cm\/#breadcrumb","itemListElement":[{"@type":"ListItem","position":1,"name":"Accueil","item":"https:\/\/www.csj-emballages.com\/es\/universo-del-envasado-alimentario\/"},{"@type":"ListItem","position":2,"name":"Tienda","item":"https:\/\/www.csj-emballages.com\/tienda\/"},{"@type":"ListItem","position":3,"name":"Caja de cart\u00f3n blanca para pasteler\u00eda 14 x 5 cm, paquete de 50"}]},{"@type":"WebSite","@id":"https:\/\/www.csj-emballages.com\/es\/#website","url":"https:\/\/www.csj-emballages.com\/es\/","name":"CSJ Emballages","description":"","publisher":{"@id":"https:\/\/www.csj-emballages.com\/es\/#organization"},"potentialAction":[{"@type":"SearchAction","target":{"@type":"EntryPoint","urlTemplate":"https:\/\/www.csj-emballages.com\/es\/?s={search_term_string}"},"query-input":{"@type":"PropertyValueSpecification","valueRequired":true,"valueName":"search_term_string"}}],"inLanguage":"es"},{"@type":"Organization","@id":"https:\/\/www.csj-emballages.com\/es\/#Organization\/","name":"CSJ Emballages","url":"https:\/\/www.csj-emballages.com\/es\/","logo":{"@type":"ImageObject","inLanguage":"es","@id":"https:\/\/www.csj-emballages.com\/es\/#\/schema\/logo\/image\/","url":"https:\/\/www.csj-emballages.com\/wp-content\/uploads\/2023\/10\/logo_csj.webp","contentUrl":"https:\/\/www.csj-emballages.com\/wp-content\/uploads\/2023\/10\/logo_csj.webp","width":250,"height":95,"caption":"CSJ Emballages"},"image":{"@id":"https:\/\/www.csj-emballages.com\/es\/#\/schema\/logo\/image\/"},"sameAs":["https:\/\/www.facebook.com\/csjemballages"],"address":{"@type":"PostalAddress","streetAddress":"ZI La Lechere","addressLocality":"Patornay","postalCode":"39130","addressCountry":"FR"},"contactPoint":[{"@type":"ContactPoint","contactType":"Service client","telephone":"0384254272","email":"contact@csj-emballages.com"}]}]}},"df_price":6.37,"df_sale_price":"","df_regular_price":6.37,"df_image_link":"https:\/\/www.csj-emballages.com\/wp-content\/uploads\/2025\/03\/Boite-patissiere-300x300.webp","tiered_pricing_type":"fixed","tiered_pricing_fixed_rules":[],"tiered_pricing_percentage_rules":[],"tiered_pricing_minimum":1,"tiered_pricing_roles_data":[],"_links":{"self":[{"href":"https:\/\/www.csj-emballages.com\/es\/wp-json\/wp\/v2\/product\/226856","targetHints":{"allow":["GET"]}}],"collection":[{"href":"https:\/\/www.csj-emballages.com\/es\/wp-json\/wp\/v2\/product"}],"about":[{"href":"https:\/\/www.csj-emballages.com\/es\/wp-json\/wp\/v2\/types\/product"}],"wp:featuredmedia":[{"embeddable":true,"href":"https:\/\/www.csj-emballages.com\/es\/wp-json\/wp\/v2\/media\/237330"}],"wp:attachment":[{"href":"https:\/\/www.csj-emballages.com\/es\/wp-json\/wp\/v2\/media?parent=226856"}],"wp:term":[{"taxonomy":"product_brand","embeddable":true,"href":"https:\/\/www.csj-emballages.com\/es\/wp-json\/wp\/v2\/product_brand?post=226856"},{"taxonomy":"product_cat","embeddable":true,"href":"https:\/\/www.csj-emballages.com\/es\/wp-json\/wp\/v2\/product_cat?post=226856"},{"taxonomy":"product_tag","embeddable":true,"href":"https:\/\/www.csj-emballages.com\/es\/wp-json\/wp\/v2\/product_tag?post=226856"}],"curies":[{"name":"wp","href":"https:\/\/api.w.org\/{rel}","templated":true}]}}