{"id":226851,"date":"2025-03-01T02:18:13","date_gmt":"2025-03-01T01:18:13","guid":{"rendered":"https:\/\/www.csj-emballages.com\/?post_type=product&#038;p=226851"},"modified":"2026-04-30T02:15:40","modified_gmt":"2026-04-30T00:15:40","slug":"bolsa-de-papel-para-hamburguesas-14-7-x-22-cm-por-1000","status":"publish","type":"product","link":"https:\/\/www.csj-emballages.com\/es\/produit\/bolsa-de-papel-para-hamburguesas-14-7-x-22-cm-por-1000\/","title":{"rendered":"Bolsa para hamburguesas de papel sulfurizado 14 + 6,5 x 25 cm por 1000"},"content":{"rendered":"<h2>Bolsa para hamburguesas<\/h2>\n<hr>\n<h3>Descripci\u00f3n de nuestra bolsa para hamburguesas de papel sulfurizado 14 + 6,5 x 25 cm por 1000<\/h3>\n<p><!--more--><\/p>\n<div class=\"flex-1 overflow-hidden\">\n<div class=\"h-full\">\n<div class=\"react-scroll-to-bottom--css-topht-79elbk h-full\">\n<div class=\"react-scroll-to-bottom--css-topht-1n7m0yu\">\n<div class=\"flex flex-col text-sm md:pb-9\">\n<article class=\"w-full text-token-text-primary focus-visible:outline-2 focus-visible:outline-offset-[-4px]\" dir=\"auto\" data-testid=\"conversation-turn-3\" data-scroll-anchor=\"true\">\n<div class=\"text-base py-[18px] px-3 md:px-4 m-auto w-full md:px-5 lg:px-1 xl:px-5\">\n<div class=\"mx-auto flex flex-1 gap-4 text-base md:gap-5 lg:gap-6 md:max-w-3xl lg:max-w-[40rem] xl:max-w-[48rem]\">\n<div class=\"group\/conversation-turn relative flex w-full min-w-0 flex-col agent-turn\">\n<div class=\"flex-col gap-1 md:gap-3\">\n<div class=\"flex max-w-full flex-col flex-grow\">\n<div class=\"min-h-[20px] text-message flex w-full flex-col items-end gap-2 whitespace-normal break-words [.text-message+&amp;]:mt-5\" dir=\"auto\" data-message-author-role=\"assistant\" data-message-id=\"9b3be93c-2125-4d4a-a54f-505a21bded71\">\n<div class=\"flex w-full flex-col gap-1 empty:hidden first:pt-[3px]\">\n<div class=\"markdown prose w-full break-words dark:prose-invert light\">\n<p data-start=\"335\" data-end=\"699\">Tanto si es propietario de un restaurante, un servicio de catering, un cami\u00f3n de comida o incluso una autoridad local, la <strong>bolsa de<\/strong> <strong>papel antigrasa<\/strong> <strong>para hamburguesas<\/strong> es imprescindible para el envasado de alimentos. Con unas medidas <strong>de 14 + 6,5 x 25 cm<\/strong>, este modelo es perfecto para hamburguesas generosas, bagels, paninis o cualquier otro tentempi\u00e9 caliente. \u00bfSu principal ventaja? Es <strong>antigrasa<\/strong>, lo que significa que es resistente a grasas, salsas y otros l\u00edquidos: se acabaron los envoltorios chorreantes y las manos manchadas. Sus clientes podr\u00e1n disfrutar de su comida sin preocupaciones, incluso sobre la marcha.    <\/p>\n<p data-start=\"954\" data-end=\"1227\">Fabricada con papel de calidad, esta <strong>bolsa para hamburguesas<\/strong> es a la vez resistente y flexible. Se amolda a la forma del producto y ofrece una buena resistencia al calor y la humedad. Su formato con fuelle facilita la introducci\u00f3n de productos m\u00e1s grandes o gourmet.  <\/p>\n<p data-start=\"1229\" data-end=\"1385\">Adem\u00e1s de pr\u00e1ctico, su dise\u00f1o a\u00f1ade una imagen atractiva a su servicio de comida para llevar. El resultado es limpio, higi\u00e9nico y seguro. <\/p>\n<p data-start=\"1387\" data-end=\"1648\">Envasada en lotes de <strong>1.000<\/strong> unidades, esta <strong>bolsa para hamburguesas<\/strong> est\u00e1 dise\u00f1ada para un uso intensivo y ofrece una excelente relaci\u00f3n calidad-precio. Es una soluci\u00f3n fiable, r\u00e1pida y f\u00e1cil de usar, que facilita el servicio urgente al tiempo que garantiza una buena experiencia del cliente. <\/p>\n<\/div>\n<\/div>\n<\/div>\n<\/div>\n<\/div>\n<\/div>\n<\/div>\n<\/div>\n<\/article>\n<\/div>\n<\/div>\n<\/div>\n<\/div>\n<\/div>\n<p>&nbsp;<\/p>\n<p><!--more--><\/p>\n<h4><strong>Sus ventajas:<\/strong><\/h4>\n<ul>\n<li>Papel antigrasa: resistente a salsas, grasas y humedad.<\/li>\n<li>Dimensiones pr\u00e1cticas: ideal para hamburguesas, bagels, paninis, etc.<\/li>\n<li>Presentaci\u00f3n limpia y profesional.<\/li>\n<li>Adecuado para establecimientos de comida r\u00e1pida y para llevar.<\/li>\n<li>Envase econ\u00f3mico de 1000 sobres.<\/li>\n<\/ul>\n<p>&nbsp;<\/p>\n<p><!--more--><\/p>\n<p><strong>Informaci\u00f3n adicional :  <\/strong><\/p>\n<ul>\n<li><strong>Embalaje<\/strong>: Caja de 1000<\/li>\n<li><strong>Dimensiones<\/strong>: 14 + 6,5 x 25 cm<\/li>\n<li><strong>Material<\/strong>: Papel sulfurizado<\/li>\n<li><strong>Color<\/strong>: Blanco \/ Deco<\/li>\n<\/ul>\n<p>&nbsp;<\/p>\n<p><!--more--><\/p>\n<p>Encuentre aqu\u00ed nuestra bolsa para hamburguesas con estampado verde : <span style=\"color: #d12727;\"><a style=\"color: #d12727;\" href=\"https:\/\/www.csj-emballages.com\/es\/produit\/500-bolsas-de-papel-para-hamburguesas-14-7-x-22-cm\/\">SCBUR22<\/a><\/span><\/p>\n<p>&nbsp;<\/p>\n<p><!--more--><\/p>\n<p><a href=\"https:\/\/www.csj-emballages.com\/es\/categorie-produit\/envasado-de-alimentos\/panaderia-y-pasteleria\/cajas-y-estuches\/cajas-para-pasteles\/cajas-de-pasteleria-blancas\/\">Ver el resto de nuestra gama de cajas blancas para pasteler\u00eda<\/a><\/p>\n","protected":false},"excerpt":{"rendered":"<p>Bolsa para hamburguesas Descripci\u00f3n de nuestra bolsa para hamburguesas de papel sulfurizado 14 + 6,5 x 25 cm por 1000<\/p>\n","protected":false},"featured_media":233055,"template":"","meta":{"_acf_changed":false},"product_brand":[],"product_cat":[1150,1145,3871,1654,3476,1179,3880,3439],"product_tag":[],"class_list":{"0":"post-226851","1":"product","2":"type-product","3":"status-publish","4":"has-post-thumbnail","6":"product_cat-envasado-de-alimentos","7":"product_cat-panaderia-y-pasteleria","8":"product_cat-bolsas-sobres-y-papel","9":"product_cat-sacheries-es","10":"product_cat-bolsas-para-bocadillos","11":"product_cat-catering-es","12":"product_cat-bolsas-y-papel","13":"product_cat-bolsas-para-hamburguesas","15":"first","16":"instock","17":"taxable","18":"shipping-taxable","19":"purchasable","20":"product-type-simple"},"acf":[],"yoast_head":"<!-- This site is optimized with the Yoast SEO Premium plugin v26.6 (Yoast SEO v26.6) - https:\/\/yoast.com\/wordpress\/plugins\/seo\/ -->\n<title>Burger Bag Papel sulfurizado 14 + 6,5 x 25 cm por 1000<\/title>\n<meta name=\"description\" content=\"Bolsa para hamburguesas de papel sulfurizado 14 + 6,5 x 25 cm - Paquete de 1000. Ideal para hamburguesas, paninis, bagels... Envase pr\u00e1ctico, limpio y profesional.\" \/>\n<meta name=\"robots\" content=\"index, follow, max-snippet:-1, max-image-preview:large, max-video-preview:-1\" \/>\n<link rel=\"canonical\" href=\"https:\/\/www.csj-emballages.com\/es\/produit\/bolsa-de-papel-para-hamburguesas-14-7-x-22-cm-por-1000\/\" \/>\n<meta property=\"og:locale\" content=\"es_ES\" \/>\n<meta property=\"og:type\" content=\"article\" \/>\n<meta property=\"og:title\" content=\"Bolsa para hamburguesas de papel sulfurizado 14 + 6,5 x 25 cm por 1000\" \/>\n<meta property=\"og:description\" content=\"Bolsa para hamburguesas de papel sulfurizado 14 + 6,5 x 25 cm - Paquete de 1000. Ideal para hamburguesas, paninis, bagels... Envase pr\u00e1ctico, limpio y profesional.\" \/>\n<meta property=\"og:url\" content=\"https:\/\/www.csj-emballages.com\/es\/produit\/bolsa-de-papel-para-hamburguesas-14-7-x-22-cm-por-1000\/\" \/>\n<meta property=\"og:site_name\" content=\"CSJ Emballages\" \/>\n<meta property=\"article:publisher\" content=\"https:\/\/www.facebook.com\/csjemballages\" \/>\n<meta property=\"article:modified_time\" content=\"2026-04-30T00:15:40+00:00\" \/>\n<meta property=\"og:image\" content=\"https:\/\/www.csj-emballages.com\/wp-content\/uploads\/2025\/03\/Design-sans-titre-15.webp\" \/>\n\t<meta property=\"og:image:width\" content=\"800\" \/>\n\t<meta property=\"og:image:height\" content=\"800\" \/>\n\t<meta property=\"og:image:type\" content=\"image\/jpeg\" \/>\n<meta name=\"twitter:card\" content=\"summary_large_image\" \/>\n<meta name=\"twitter:label1\" content=\"Tiempo de lectura\" \/>\n\t<meta name=\"twitter:data1\" content=\"2 minutos\" \/>\n<script type=\"application\/ld+json\" class=\"yoast-schema-graph\">{\"@context\":\"https:\/\/schema.org\",\"@graph\":[{\"@type\":\"WebPage\",\"@id\":\"https:\/\/www.csj-emballages.com\/es\/produit\/bolsa-de-papel-para-hamburguesas-14-7-x-22-cm-por-1000\/\",\"url\":\"https:\/\/www.csj-emballages.com\/es\/produit\/bolsa-de-papel-para-hamburguesas-14-7-x-22-cm-por-1000\/\",\"name\":\"Burger Bag Papel sulfurizado 14 + 6,5 x 25 cm por 1000\",\"isPartOf\":{\"@id\":\"https:\/\/www.csj-emballages.com\/es\/#website\"},\"primaryImageOfPage\":{\"@id\":\"https:\/\/www.csj-emballages.com\/es\/produit\/bolsa-de-papel-para-hamburguesas-14-7-x-22-cm-por-1000\/#primaryimage\"},\"image\":{\"@id\":\"https:\/\/www.csj-emballages.com\/es\/produit\/bolsa-de-papel-para-hamburguesas-14-7-x-22-cm-por-1000\/#primaryimage\"},\"thumbnailUrl\":\"https:\/\/www.csj-emballages.com\/wp-content\/uploads\/2025\/03\/Design-sans-titre-15.webp\",\"datePublished\":\"2025-03-01T01:18:13+00:00\",\"dateModified\":\"2026-04-30T00:15:40+00:00\",\"description\":\"Bolsa para hamburguesas de papel sulfurizado 14 + 6,5 x 25 cm - Paquete de 1000. Ideal para hamburguesas, paninis, bagels... Envase pr\u00e1ctico, limpio y profesional.\",\"breadcrumb\":{\"@id\":\"https:\/\/www.csj-emballages.com\/es\/produit\/bolsa-de-papel-para-hamburguesas-14-7-x-22-cm-por-1000\/#breadcrumb\"},\"inLanguage\":\"es\",\"potentialAction\":[{\"@type\":\"ReadAction\",\"target\":[\"https:\/\/www.csj-emballages.com\/es\/produit\/bolsa-de-papel-para-hamburguesas-14-7-x-22-cm-por-1000\/\"]}]},{\"@type\":\"ImageObject\",\"inLanguage\":\"es\",\"@id\":\"https:\/\/www.csj-emballages.com\/es\/produit\/bolsa-de-papel-para-hamburguesas-14-7-x-22-cm-por-1000\/#primaryimage\",\"url\":\"https:\/\/www.csj-emballages.com\/wp-content\/uploads\/2025\/03\/Design-sans-titre-15.webp\",\"contentUrl\":\"https:\/\/www.csj-emballages.com\/wp-content\/uploads\/2025\/03\/Design-sans-titre-15.webp\",\"width\":800,\"height\":800,\"caption\":\"Sachet burger\"},{\"@type\":\"BreadcrumbList\",\"@id\":\"https:\/\/www.csj-emballages.com\/es\/produit\/bolsa-de-papel-para-hamburguesas-14-7-x-22-cm-por-1000\/#breadcrumb\",\"itemListElement\":[{\"@type\":\"ListItem\",\"position\":1,\"name\":\"Accueil\",\"item\":\"https:\/\/www.csj-emballages.com\/es\/universo-del-envasado-alimentario\/\"},{\"@type\":\"ListItem\",\"position\":2,\"name\":\"Tienda\",\"item\":\"https:\/\/www.csj-emballages.com\/tienda\/\"},{\"@type\":\"ListItem\",\"position\":3,\"name\":\"Bolsa para hamburguesas de papel sulfurizado 14 + 6,5 x 25 cm por 1000\"}]},{\"@type\":\"WebSite\",\"@id\":\"https:\/\/www.csj-emballages.com\/es\/#website\",\"url\":\"https:\/\/www.csj-emballages.com\/es\/\",\"name\":\"CSJ Emballages\",\"description\":\"\",\"publisher\":{\"@id\":\"https:\/\/www.csj-emballages.com\/es\/#organization\"},\"potentialAction\":[{\"@type\":\"SearchAction\",\"target\":{\"@type\":\"EntryPoint\",\"urlTemplate\":\"https:\/\/www.csj-emballages.com\/es\/?s={search_term_string}\"},\"query-input\":{\"@type\":\"PropertyValueSpecification\",\"valueRequired\":true,\"valueName\":\"search_term_string\"}}],\"inLanguage\":\"es\"},{\"@type\":\"Organization\",\"@id\":\"https:\/\/www.csj-emballages.com\/es\/#Organization\/\",\"name\":\"CSJ Emballages\",\"url\":\"https:\/\/www.csj-emballages.com\/es\/\",\"logo\":{\"@type\":\"ImageObject\",\"inLanguage\":\"es\",\"@id\":\"https:\/\/www.csj-emballages.com\/es\/#\/schema\/logo\/image\/\",\"url\":\"https:\/\/www.csj-emballages.com\/wp-content\/uploads\/2023\/10\/logo_csj.webp\",\"contentUrl\":\"https:\/\/www.csj-emballages.com\/wp-content\/uploads\/2023\/10\/logo_csj.webp\",\"width\":250,\"height\":95,\"caption\":\"CSJ Emballages\"},\"image\":{\"@id\":\"https:\/\/www.csj-emballages.com\/es\/#\/schema\/logo\/image\/\"},\"sameAs\":[\"https:\/\/www.facebook.com\/csjemballages\"],\"address\":{\"@type\":\"PostalAddress\",\"streetAddress\":\"ZI La Lechere\",\"addressLocality\":\"Patornay\",\"postalCode\":\"39130\",\"addressCountry\":\"FR\"},\"contactPoint\":[{\"@type\":\"ContactPoint\",\"contactType\":\"Service client\",\"telephone\":\"0384254272\",\"email\":\"contact@csj-emballages.com\"}]}]}<\/script>\n<!-- \/ Yoast SEO Premium plugin. -->","yoast_head_json":{"title":"Burger Bag Papel sulfurizado 14 + 6,5 x 25 cm por 1000","description":"Bolsa para hamburguesas de papel sulfurizado 14 + 6,5 x 25 cm - Paquete de 1000. Ideal para hamburguesas, paninis, bagels... Envase pr\u00e1ctico, limpio y profesional.","robots":{"index":"index","follow":"follow","max-snippet":"max-snippet:-1","max-image-preview":"max-image-preview:large","max-video-preview":"max-video-preview:-1"},"canonical":"https:\/\/www.csj-emballages.com\/es\/produit\/bolsa-de-papel-para-hamburguesas-14-7-x-22-cm-por-1000\/","og_locale":"es_ES","og_type":"article","og_title":"Bolsa para hamburguesas de papel sulfurizado 14 + 6,5 x 25 cm por 1000","og_description":"Bolsa para hamburguesas de papel sulfurizado 14 + 6,5 x 25 cm - Paquete de 1000. Ideal para hamburguesas, paninis, bagels... Envase pr\u00e1ctico, limpio y profesional.","og_url":"https:\/\/www.csj-emballages.com\/es\/produit\/bolsa-de-papel-para-hamburguesas-14-7-x-22-cm-por-1000\/","og_site_name":"CSJ Emballages","article_publisher":"https:\/\/www.facebook.com\/csjemballages","article_modified_time":"2026-04-30T00:15:40+00:00","og_image":[{"width":800,"height":800,"url":"https:\/\/www.csj-emballages.com\/wp-content\/uploads\/2025\/03\/Design-sans-titre-15.webp","type":"image\/jpeg"}],"twitter_card":"summary_large_image","twitter_misc":{"Tiempo de lectura":"2 minutos"},"schema":{"@context":"https:\/\/schema.org","@graph":[{"@type":"WebPage","@id":"https:\/\/www.csj-emballages.com\/es\/produit\/bolsa-de-papel-para-hamburguesas-14-7-x-22-cm-por-1000\/","url":"https:\/\/www.csj-emballages.com\/es\/produit\/bolsa-de-papel-para-hamburguesas-14-7-x-22-cm-por-1000\/","name":"Burger Bag Papel sulfurizado 14 + 6,5 x 25 cm por 1000","isPartOf":{"@id":"https:\/\/www.csj-emballages.com\/es\/#website"},"primaryImageOfPage":{"@id":"https:\/\/www.csj-emballages.com\/es\/produit\/bolsa-de-papel-para-hamburguesas-14-7-x-22-cm-por-1000\/#primaryimage"},"image":{"@id":"https:\/\/www.csj-emballages.com\/es\/produit\/bolsa-de-papel-para-hamburguesas-14-7-x-22-cm-por-1000\/#primaryimage"},"thumbnailUrl":"https:\/\/www.csj-emballages.com\/wp-content\/uploads\/2025\/03\/Design-sans-titre-15.webp","datePublished":"2025-03-01T01:18:13+00:00","dateModified":"2026-04-30T00:15:40+00:00","description":"Bolsa para hamburguesas de papel sulfurizado 14 + 6,5 x 25 cm - Paquete de 1000. Ideal para hamburguesas, paninis, bagels... Envase pr\u00e1ctico, limpio y profesional.","breadcrumb":{"@id":"https:\/\/www.csj-emballages.com\/es\/produit\/bolsa-de-papel-para-hamburguesas-14-7-x-22-cm-por-1000\/#breadcrumb"},"inLanguage":"es","potentialAction":[{"@type":"ReadAction","target":["https:\/\/www.csj-emballages.com\/es\/produit\/bolsa-de-papel-para-hamburguesas-14-7-x-22-cm-por-1000\/"]}]},{"@type":"ImageObject","inLanguage":"es","@id":"https:\/\/www.csj-emballages.com\/es\/produit\/bolsa-de-papel-para-hamburguesas-14-7-x-22-cm-por-1000\/#primaryimage","url":"https:\/\/www.csj-emballages.com\/wp-content\/uploads\/2025\/03\/Design-sans-titre-15.webp","contentUrl":"https:\/\/www.csj-emballages.com\/wp-content\/uploads\/2025\/03\/Design-sans-titre-15.webp","width":800,"height":800,"caption":"Sachet burger"},{"@type":"BreadcrumbList","@id":"https:\/\/www.csj-emballages.com\/es\/produit\/bolsa-de-papel-para-hamburguesas-14-7-x-22-cm-por-1000\/#breadcrumb","itemListElement":[{"@type":"ListItem","position":1,"name":"Accueil","item":"https:\/\/www.csj-emballages.com\/es\/universo-del-envasado-alimentario\/"},{"@type":"ListItem","position":2,"name":"Tienda","item":"https:\/\/www.csj-emballages.com\/tienda\/"},{"@type":"ListItem","position":3,"name":"Bolsa para hamburguesas de papel sulfurizado 14 + 6,5 x 25 cm por 1000"}]},{"@type":"WebSite","@id":"https:\/\/www.csj-emballages.com\/es\/#website","url":"https:\/\/www.csj-emballages.com\/es\/","name":"CSJ Emballages","description":"","publisher":{"@id":"https:\/\/www.csj-emballages.com\/es\/#organization"},"potentialAction":[{"@type":"SearchAction","target":{"@type":"EntryPoint","urlTemplate":"https:\/\/www.csj-emballages.com\/es\/?s={search_term_string}"},"query-input":{"@type":"PropertyValueSpecification","valueRequired":true,"valueName":"search_term_string"}}],"inLanguage":"es"},{"@type":"Organization","@id":"https:\/\/www.csj-emballages.com\/es\/#Organization\/","name":"CSJ Emballages","url":"https:\/\/www.csj-emballages.com\/es\/","logo":{"@type":"ImageObject","inLanguage":"es","@id":"https:\/\/www.csj-emballages.com\/es\/#\/schema\/logo\/image\/","url":"https:\/\/www.csj-emballages.com\/wp-content\/uploads\/2023\/10\/logo_csj.webp","contentUrl":"https:\/\/www.csj-emballages.com\/wp-content\/uploads\/2023\/10\/logo_csj.webp","width":250,"height":95,"caption":"CSJ Emballages"},"image":{"@id":"https:\/\/www.csj-emballages.com\/es\/#\/schema\/logo\/image\/"},"sameAs":["https:\/\/www.facebook.com\/csjemballages"],"address":{"@type":"PostalAddress","streetAddress":"ZI La Lechere","addressLocality":"Patornay","postalCode":"39130","addressCountry":"FR"},"contactPoint":[{"@type":"ContactPoint","contactType":"Service client","telephone":"0384254272","email":"contact@csj-emballages.com"}]}]}},"df_price":24.78,"df_sale_price":"","df_regular_price":24.78,"df_image_link":"https:\/\/www.csj-emballages.com\/wp-content\/uploads\/2025\/03\/Design-sans-titre-15-300x300.webp","tiered_pricing_type":"fixed","tiered_pricing_fixed_rules":[],"tiered_pricing_percentage_rules":[],"tiered_pricing_minimum":1,"tiered_pricing_roles_data":[],"_links":{"self":[{"href":"https:\/\/www.csj-emballages.com\/es\/wp-json\/wp\/v2\/product\/226851","targetHints":{"allow":["GET"]}}],"collection":[{"href":"https:\/\/www.csj-emballages.com\/es\/wp-json\/wp\/v2\/product"}],"about":[{"href":"https:\/\/www.csj-emballages.com\/es\/wp-json\/wp\/v2\/types\/product"}],"wp:featuredmedia":[{"embeddable":true,"href":"https:\/\/www.csj-emballages.com\/es\/wp-json\/wp\/v2\/media\/233055"}],"wp:attachment":[{"href":"https:\/\/www.csj-emballages.com\/es\/wp-json\/wp\/v2\/media?parent=226851"}],"wp:term":[{"taxonomy":"product_brand","embeddable":true,"href":"https:\/\/www.csj-emballages.com\/es\/wp-json\/wp\/v2\/product_brand?post=226851"},{"taxonomy":"product_cat","embeddable":true,"href":"https:\/\/www.csj-emballages.com\/es\/wp-json\/wp\/v2\/product_cat?post=226851"},{"taxonomy":"product_tag","embeddable":true,"href":"https:\/\/www.csj-emballages.com\/es\/wp-json\/wp\/v2\/product_tag?post=226851"}],"curies":[{"name":"wp","href":"https:\/\/api.w.org\/{rel}","templated":true}]}}