{"id":22680,"date":"2024-03-01T16:50:26","date_gmt":"2024-03-01T15:50:26","guid":{"rendered":"https:\/\/u15jnbdpoq.preview.infomaniak.website\/produit\/100-bolsillos-de-carton-kraft-para-tacos\/"},"modified":"2026-03-12T16:34:36","modified_gmt":"2026-03-12T15:34:36","slug":"100-bolsillos-de-carton-kraft-para-tacos","status":"publish","type":"product","link":"https:\/\/www.csj-emballages.com\/es\/produit\/100-bolsillos-de-carton-kraft-para-tacos\/","title":{"rendered":"Bolsillo para tacos de cart\u00f3n kraft rasgable, paquete de 100"},"content":{"rendered":"<h2>Bolsa para tacos<\/h2>\n<hr>\n<h3>Descripci\u00f3n de nuestra bolsa de cart\u00f3n kraft para tacos, paquete de 100 unidades<\/h3>\n<p><!--more--><\/p>\n<p data-start=\"291\" data-end=\"748\">He aqu\u00ed un bolsillo que realmente cambia la forma de servir <strong>tacos<\/strong>. Gracias a su <strong data-start=\"373\" data-end=\"403\">sistema de rasgado integrado<\/strong>, este <strong>bolsillo de cart\u00f3n kraft<\/strong> facilita la comida, sin ensuciarse las manos ni manipular todo el envase. Basta con tirar de la tira precortada para liberar la parte inferior, d\u00e1ndote acceso a los tacos sobre la marcha. Es sencillo, limpio y superpr\u00e1ctico, especialmente para la venta para llevar.   <\/p>\n<p data-start=\"750\" data-end=\"1168\">Su grueso <strong>cart\u00f3n kraft<\/strong> aporta a la vez estabilidad y autenticidad. Su <g id=\"gid_1\">textura natural<\/g> realza el aspecto<g id=\"gid_2\">\u00abcasero<\/g>\u00bb y refuerza la imagen de calidad de sus preparaciones. El <strong>bolsillo para tacos<\/strong> tambi\u00e9n mantiene muy bien el calor: los tacos permanecen en su sitio, incluso cuando est\u00e1n generosamente rellenos. Esto reduce el riesgo de fugas o roturas, lo que mejora directamente la comodidad de sus clientes a la hora de comer.   <\/p>\n<p data-start=\"1170\" data-end=\"1557\">Otro punto fuerte: el agarre. La <strong>bolsa<\/strong> est\u00e1 dise\u00f1ada para que sea c\u00f3moda de sujetar, incluso cuando el taco pesa o est\u00e1 lleno. Evita quemaduras, derrames y manipulaciones delicadas. Es perfecta para restaurantes de comida r\u00e1pida, bares de aperitivos, food-trucks o establecimientos especializados que quieran mejorar la eficiencia y ofrecer al mismo tiempo una experiencia m\u00e1s limpia y agradable.   <\/p>\n<p data-start=\"1559\" data-end=\"1763\">Con su <strong data-start=\"1568\" data-end=\"1589\">envase de 100 unidades<\/strong>, estar\u00e1 preparado para seguir el ritmo de turnos ajetreados sin interrupciones. Este envase es ideal para establecimientos que necesitan existencias fiables y constantes. <\/p>\n<p data-start=\"1765\" data-end=\"1930\">En resumen, esta <strong>bolsa kraft para tacos<\/strong> es m\u00e1s que un simple envoltorio: es una herramienta inteligente que facilita la vida a los clientes a la vez que promociona su experiencia.<\/p>\n<p data-start=\"1765\" data-end=\"1930\">\n<p data-start=\"1013\" data-end=\"1189\"><!--more--><\/p>\n<p data-start=\"1013\" data-end=\"1189\"><strong>Ventajas :  <\/strong><\/p>\n<ul>\n<li data-start=\"1958\" data-end=\"1996\">Pr\u00e1ctica <strong>apertura rasgable<\/strong>.<\/li>\n<li data-start=\"1999\" data-end=\"2038\">Cart\u00f3n kraft resistente y atractivo.<\/li>\n<li data-start=\"2041\" data-end=\"2073\">Muy buena resistencia al calor.<\/li>\n<li data-start=\"2076\" data-end=\"2118\">Buen agarre para tacos generosos.<\/li>\n<li data-start=\"2121\" data-end=\"2165\">Lote de <strong>100<\/strong>, perfecto para servicio continuo.<\/li>\n<\/ul>\n<p>&nbsp;<\/p>\n<p data-start=\"1013\" data-end=\"1189\"><!--more--><\/p>\n<h4>Informaci\u00f3n adicional :<\/h4>\n<ul>\n<li><strong>Embalaje<\/strong>: Paquete de 100<\/li>\n<li><strong>Dimensiones<\/strong>: 195 x 125 x 30 (L x A x A en mm)<\/li>\n<li><strong>Color<\/strong>: Marr\u00f3n<\/li>\n<li><strong>Material<\/strong>: Cart\u00f3n<\/li>\n<\/ul>\n<p>&nbsp;<\/p>\n<p><!--more--><\/p>\n<p>Encuentra nuestra bolsa de tacos \u00abTASTY\u00bb aqu\u00ed: <span style=\"color: #d12727;\"><a style=\"color: #d12727;\" href=\"https:\/\/www.csj-emballages.com\/es\/produit\/50-bolsillos-de-carton-para-tacos\/\">POCTACOS<\/a><\/span><\/p>\n<p>&nbsp;<\/p>\n<p><!--more--><\/p>\n<p><a href=\"https:\/\/www.csj-emballages.com\/es\/categorie-produit\/envasado-de-alimentos\/catering-es\/cajas-bandejas-bolsas-conos\/patatas-fritas-tortitas-tacos-wraps\/\">Ver el resto de nuestra gama de bolsas para patatas fritas \/ tortitas \/ tacos \/ wraps<\/a><\/p>\n","protected":false},"excerpt":{"rendered":"<p>Bolsa para tacos Descripci\u00f3n de nuestra bolsa de cart\u00f3n kraft para tacos, paquete de 100 unidades<\/p>\n","protected":false},"featured_media":230458,"template":"","meta":{"_acf_changed":false},"product_brand":[],"product_cat":[1150,1179,3081],"product_tag":[],"class_list":{"0":"post-22680","1":"product","2":"type-product","3":"status-publish","4":"has-post-thumbnail","6":"product_cat-envasado-de-alimentos","7":"product_cat-catering-es","8":"product_cat-patatas-fritas-tortitas-tacos-wraps","10":"first","11":"instock","12":"taxable","13":"shipping-taxable","14":"purchasable","15":"product-type-simple"},"acf":[],"yoast_head":"<!-- This site is optimized with the Yoast SEO Premium plugin v26.6 (Yoast SEO v26.6) - https:\/\/yoast.com\/wordpress\/plugins\/seo\/ -->\n<title>Paquete de 100 Tacos de Cart\u00f3n Kraft Tear-Off<\/title>\n<meta name=\"description\" content=\"Descubra nuestra bolsa de cart\u00f3n kraft para tacos con leng\u00fceta rasgable (100 por bolsa): pr\u00e1ctica, higi\u00e9nica e ideal para la venta para llevar.\" \/>\n<meta name=\"robots\" content=\"index, follow, max-snippet:-1, max-image-preview:large, max-video-preview:-1\" \/>\n<link rel=\"canonical\" href=\"https:\/\/www.csj-emballages.com\/es\/produit\/100-bolsillos-de-carton-kraft-para-tacos\/\" \/>\n<meta property=\"og:locale\" content=\"es_ES\" \/>\n<meta property=\"og:type\" content=\"article\" \/>\n<meta property=\"og:title\" content=\"Bolsillo para tacos de cart\u00f3n kraft rasgable, paquete de 100\" \/>\n<meta property=\"og:description\" content=\"Descubra nuestra bolsa de cart\u00f3n kraft para tacos con leng\u00fceta rasgable (100 por bolsa): pr\u00e1ctica, higi\u00e9nica e ideal para la venta para llevar.\" \/>\n<meta property=\"og:url\" content=\"https:\/\/www.csj-emballages.com\/es\/produit\/100-bolsillos-de-carton-kraft-para-tacos\/\" \/>\n<meta property=\"og:site_name\" content=\"CSJ Emballages\" \/>\n<meta property=\"article:publisher\" content=\"https:\/\/www.facebook.com\/csjemballages\" \/>\n<meta property=\"article:modified_time\" content=\"2026-03-12T15:34:36+00:00\" \/>\n<meta property=\"og:image\" content=\"https:\/\/www.csj-emballages.com\/wp-content\/uploads\/2024\/03\/POCTACOSSK.webp\" \/>\n\t<meta property=\"og:image:width\" content=\"800\" \/>\n\t<meta property=\"og:image:height\" content=\"800\" \/>\n\t<meta property=\"og:image:type\" content=\"image\/webp\" \/>\n<meta name=\"twitter:card\" content=\"summary_large_image\" \/>\n<meta name=\"twitter:label1\" content=\"Tiempo de lectura\" \/>\n\t<meta name=\"twitter:data1\" content=\"2 minutos\" \/>\n<script type=\"application\/ld+json\" class=\"yoast-schema-graph\">{\"@context\":\"https:\/\/schema.org\",\"@graph\":[{\"@type\":\"WebPage\",\"@id\":\"https:\/\/www.csj-emballages.com\/es\/produit\/100-bolsillos-de-carton-kraft-para-tacos\/\",\"url\":\"https:\/\/www.csj-emballages.com\/es\/produit\/100-bolsillos-de-carton-kraft-para-tacos\/\",\"name\":\"Paquete de 100 Tacos de Cart\u00f3n Kraft Tear-Off\",\"isPartOf\":{\"@id\":\"https:\/\/www.csj-emballages.com\/es\/#website\"},\"primaryImageOfPage\":{\"@id\":\"https:\/\/www.csj-emballages.com\/es\/produit\/100-bolsillos-de-carton-kraft-para-tacos\/#primaryimage\"},\"image\":{\"@id\":\"https:\/\/www.csj-emballages.com\/es\/produit\/100-bolsillos-de-carton-kraft-para-tacos\/#primaryimage\"},\"thumbnailUrl\":\"https:\/\/www.csj-emballages.com\/wp-content\/uploads\/2024\/03\/POCTACOSSK.webp\",\"datePublished\":\"2024-03-01T15:50:26+00:00\",\"dateModified\":\"2026-03-12T15:34:36+00:00\",\"description\":\"Descubra nuestra bolsa de cart\u00f3n kraft para tacos con leng\u00fceta rasgable (100 por bolsa): pr\u00e1ctica, higi\u00e9nica e ideal para la venta para llevar.\",\"breadcrumb\":{\"@id\":\"https:\/\/www.csj-emballages.com\/es\/produit\/100-bolsillos-de-carton-kraft-para-tacos\/#breadcrumb\"},\"inLanguage\":\"es\",\"potentialAction\":[{\"@type\":\"ReadAction\",\"target\":[\"https:\/\/www.csj-emballages.com\/es\/produit\/100-bolsillos-de-carton-kraft-para-tacos\/\"]}]},{\"@type\":\"ImageObject\",\"inLanguage\":\"es\",\"@id\":\"https:\/\/www.csj-emballages.com\/es\/produit\/100-bolsillos-de-carton-kraft-para-tacos\/#primaryimage\",\"url\":\"https:\/\/www.csj-emballages.com\/wp-content\/uploads\/2024\/03\/POCTACOSSK.webp\",\"contentUrl\":\"https:\/\/www.csj-emballages.com\/wp-content\/uploads\/2024\/03\/POCTACOSSK.webp\",\"width\":800,\"height\":800,\"caption\":\"Pochette tacos\"},{\"@type\":\"BreadcrumbList\",\"@id\":\"https:\/\/www.csj-emballages.com\/es\/produit\/100-bolsillos-de-carton-kraft-para-tacos\/#breadcrumb\",\"itemListElement\":[{\"@type\":\"ListItem\",\"position\":1,\"name\":\"Accueil\",\"item\":\"https:\/\/www.csj-emballages.com\/es\/universo-del-envasado-alimentario\/\"},{\"@type\":\"ListItem\",\"position\":2,\"name\":\"Tienda\",\"item\":\"https:\/\/www.csj-emballages.com\/tienda\/\"},{\"@type\":\"ListItem\",\"position\":3,\"name\":\"Bolsillo para tacos de cart\u00f3n kraft rasgable, paquete de 100\"}]},{\"@type\":\"WebSite\",\"@id\":\"https:\/\/www.csj-emballages.com\/es\/#website\",\"url\":\"https:\/\/www.csj-emballages.com\/es\/\",\"name\":\"CSJ Emballages\",\"description\":\"\",\"publisher\":{\"@id\":\"https:\/\/www.csj-emballages.com\/es\/#organization\"},\"potentialAction\":[{\"@type\":\"SearchAction\",\"target\":{\"@type\":\"EntryPoint\",\"urlTemplate\":\"https:\/\/www.csj-emballages.com\/es\/?s={search_term_string}\"},\"query-input\":{\"@type\":\"PropertyValueSpecification\",\"valueRequired\":true,\"valueName\":\"search_term_string\"}}],\"inLanguage\":\"es\"},{\"@type\":\"Organization\",\"@id\":\"https:\/\/www.csj-emballages.com\/es\/#Organization\/\",\"name\":\"CSJ Emballages\",\"url\":\"https:\/\/www.csj-emballages.com\/es\/\",\"logo\":{\"@type\":\"ImageObject\",\"inLanguage\":\"es\",\"@id\":\"https:\/\/www.csj-emballages.com\/es\/#\/schema\/logo\/image\/\",\"url\":\"https:\/\/www.csj-emballages.com\/wp-content\/uploads\/2023\/10\/logo_csj.webp\",\"contentUrl\":\"https:\/\/www.csj-emballages.com\/wp-content\/uploads\/2023\/10\/logo_csj.webp\",\"width\":250,\"height\":95,\"caption\":\"CSJ Emballages\"},\"image\":{\"@id\":\"https:\/\/www.csj-emballages.com\/es\/#\/schema\/logo\/image\/\"},\"sameAs\":[\"https:\/\/www.facebook.com\/csjemballages\"],\"address\":{\"@type\":\"PostalAddress\",\"streetAddress\":\"ZI La Lechere\",\"addressLocality\":\"Patornay\",\"postalCode\":\"39130\",\"addressCountry\":\"FR\"},\"contactPoint\":[{\"@type\":\"ContactPoint\",\"contactType\":\"Service client\",\"telephone\":\"0384254272\",\"email\":\"contact@csj-emballages.com\"}]}]}<\/script>\n<!-- \/ Yoast SEO Premium plugin. -->","yoast_head_json":{"title":"Paquete de 100 Tacos de Cart\u00f3n Kraft Tear-Off","description":"Descubra nuestra bolsa de cart\u00f3n kraft para tacos con leng\u00fceta rasgable (100 por bolsa): pr\u00e1ctica, higi\u00e9nica e ideal para la venta para llevar.","robots":{"index":"index","follow":"follow","max-snippet":"max-snippet:-1","max-image-preview":"max-image-preview:large","max-video-preview":"max-video-preview:-1"},"canonical":"https:\/\/www.csj-emballages.com\/es\/produit\/100-bolsillos-de-carton-kraft-para-tacos\/","og_locale":"es_ES","og_type":"article","og_title":"Bolsillo para tacos de cart\u00f3n kraft rasgable, paquete de 100","og_description":"Descubra nuestra bolsa de cart\u00f3n kraft para tacos con leng\u00fceta rasgable (100 por bolsa): pr\u00e1ctica, higi\u00e9nica e ideal para la venta para llevar.","og_url":"https:\/\/www.csj-emballages.com\/es\/produit\/100-bolsillos-de-carton-kraft-para-tacos\/","og_site_name":"CSJ Emballages","article_publisher":"https:\/\/www.facebook.com\/csjemballages","article_modified_time":"2026-03-12T15:34:36+00:00","og_image":[{"width":800,"height":800,"url":"https:\/\/www.csj-emballages.com\/wp-content\/uploads\/2024\/03\/POCTACOSSK.webp","type":"image\/webp"}],"twitter_card":"summary_large_image","twitter_misc":{"Tiempo de lectura":"2 minutos"},"schema":{"@context":"https:\/\/schema.org","@graph":[{"@type":"WebPage","@id":"https:\/\/www.csj-emballages.com\/es\/produit\/100-bolsillos-de-carton-kraft-para-tacos\/","url":"https:\/\/www.csj-emballages.com\/es\/produit\/100-bolsillos-de-carton-kraft-para-tacos\/","name":"Paquete de 100 Tacos de Cart\u00f3n Kraft Tear-Off","isPartOf":{"@id":"https:\/\/www.csj-emballages.com\/es\/#website"},"primaryImageOfPage":{"@id":"https:\/\/www.csj-emballages.com\/es\/produit\/100-bolsillos-de-carton-kraft-para-tacos\/#primaryimage"},"image":{"@id":"https:\/\/www.csj-emballages.com\/es\/produit\/100-bolsillos-de-carton-kraft-para-tacos\/#primaryimage"},"thumbnailUrl":"https:\/\/www.csj-emballages.com\/wp-content\/uploads\/2024\/03\/POCTACOSSK.webp","datePublished":"2024-03-01T15:50:26+00:00","dateModified":"2026-03-12T15:34:36+00:00","description":"Descubra nuestra bolsa de cart\u00f3n kraft para tacos con leng\u00fceta rasgable (100 por bolsa): pr\u00e1ctica, higi\u00e9nica e ideal para la venta para llevar.","breadcrumb":{"@id":"https:\/\/www.csj-emballages.com\/es\/produit\/100-bolsillos-de-carton-kraft-para-tacos\/#breadcrumb"},"inLanguage":"es","potentialAction":[{"@type":"ReadAction","target":["https:\/\/www.csj-emballages.com\/es\/produit\/100-bolsillos-de-carton-kraft-para-tacos\/"]}]},{"@type":"ImageObject","inLanguage":"es","@id":"https:\/\/www.csj-emballages.com\/es\/produit\/100-bolsillos-de-carton-kraft-para-tacos\/#primaryimage","url":"https:\/\/www.csj-emballages.com\/wp-content\/uploads\/2024\/03\/POCTACOSSK.webp","contentUrl":"https:\/\/www.csj-emballages.com\/wp-content\/uploads\/2024\/03\/POCTACOSSK.webp","width":800,"height":800,"caption":"Pochette tacos"},{"@type":"BreadcrumbList","@id":"https:\/\/www.csj-emballages.com\/es\/produit\/100-bolsillos-de-carton-kraft-para-tacos\/#breadcrumb","itemListElement":[{"@type":"ListItem","position":1,"name":"Accueil","item":"https:\/\/www.csj-emballages.com\/es\/universo-del-envasado-alimentario\/"},{"@type":"ListItem","position":2,"name":"Tienda","item":"https:\/\/www.csj-emballages.com\/tienda\/"},{"@type":"ListItem","position":3,"name":"Bolsillo para tacos de cart\u00f3n kraft rasgable, paquete de 100"}]},{"@type":"WebSite","@id":"https:\/\/www.csj-emballages.com\/es\/#website","url":"https:\/\/www.csj-emballages.com\/es\/","name":"CSJ Emballages","description":"","publisher":{"@id":"https:\/\/www.csj-emballages.com\/es\/#organization"},"potentialAction":[{"@type":"SearchAction","target":{"@type":"EntryPoint","urlTemplate":"https:\/\/www.csj-emballages.com\/es\/?s={search_term_string}"},"query-input":{"@type":"PropertyValueSpecification","valueRequired":true,"valueName":"search_term_string"}}],"inLanguage":"es"},{"@type":"Organization","@id":"https:\/\/www.csj-emballages.com\/es\/#Organization\/","name":"CSJ Emballages","url":"https:\/\/www.csj-emballages.com\/es\/","logo":{"@type":"ImageObject","inLanguage":"es","@id":"https:\/\/www.csj-emballages.com\/es\/#\/schema\/logo\/image\/","url":"https:\/\/www.csj-emballages.com\/wp-content\/uploads\/2023\/10\/logo_csj.webp","contentUrl":"https:\/\/www.csj-emballages.com\/wp-content\/uploads\/2023\/10\/logo_csj.webp","width":250,"height":95,"caption":"CSJ Emballages"},"image":{"@id":"https:\/\/www.csj-emballages.com\/es\/#\/schema\/logo\/image\/"},"sameAs":["https:\/\/www.facebook.com\/csjemballages"],"address":{"@type":"PostalAddress","streetAddress":"ZI La Lechere","addressLocality":"Patornay","postalCode":"39130","addressCountry":"FR"},"contactPoint":[{"@type":"ContactPoint","contactType":"Service client","telephone":"0384254272","email":"contact@csj-emballages.com"}]}]}},"df_price":21.29,"df_sale_price":"","df_regular_price":21.29,"df_image_link":"https:\/\/www.csj-emballages.com\/wp-content\/uploads\/2024\/03\/POCTACOSSK-300x300.webp","tiered_pricing_type":"fixed","tiered_pricing_fixed_rules":[],"tiered_pricing_percentage_rules":[],"tiered_pricing_minimum":1,"tiered_pricing_roles_data":[],"_links":{"self":[{"href":"https:\/\/www.csj-emballages.com\/es\/wp-json\/wp\/v2\/product\/22680","targetHints":{"allow":["GET"]}}],"collection":[{"href":"https:\/\/www.csj-emballages.com\/es\/wp-json\/wp\/v2\/product"}],"about":[{"href":"https:\/\/www.csj-emballages.com\/es\/wp-json\/wp\/v2\/types\/product"}],"wp:featuredmedia":[{"embeddable":true,"href":"https:\/\/www.csj-emballages.com\/es\/wp-json\/wp\/v2\/media\/230458"}],"wp:attachment":[{"href":"https:\/\/www.csj-emballages.com\/es\/wp-json\/wp\/v2\/media?parent=22680"}],"wp:term":[{"taxonomy":"product_brand","embeddable":true,"href":"https:\/\/www.csj-emballages.com\/es\/wp-json\/wp\/v2\/product_brand?post=22680"},{"taxonomy":"product_cat","embeddable":true,"href":"https:\/\/www.csj-emballages.com\/es\/wp-json\/wp\/v2\/product_cat?post=22680"},{"taxonomy":"product_tag","embeddable":true,"href":"https:\/\/www.csj-emballages.com\/es\/wp-json\/wp\/v2\/product_tag?post=22680"}],"curies":[{"name":"wp","href":"https:\/\/api.w.org\/{rel}","templated":true}]}}