{"id":226797,"date":"2025-02-27T17:01:42","date_gmt":"2025-02-27T16:01:42","guid":{"rendered":"https:\/\/www.csj-emballages.com\/?post_type=product&#038;p=226797"},"modified":"2026-03-24T02:15:58","modified_gmt":"2026-03-24T01:15:58","slug":"mantel-de-papel-damasco-marfil-en-rollo-120-x-25-m","status":"publish","type":"product","link":"https:\/\/www.csj-emballages.com\/es\/produit\/mantel-de-papel-damasco-marfil-en-rollo-120-x-25-m\/","title":{"rendered":"Mantel damasco de papel marfil en rollo 1,20 x 25 m"},"content":{"rendered":"<h2>Mantel Damasco<\/h2>\n<hr>\n<h3>Descripci\u00f3n de nuestro mantel damasco de papel marfil en rollo 1,20 x 25 m<\/h3>\n<p><!--more--><\/p>\n<p data-start=\"276\" data-end=\"604\">Este <strong>mantel damasco de papel marfil<\/strong> en <strong>rollo (1,20 x 25 metros)<\/strong> es la soluci\u00f3n perfecta para vestir sus <strong>mesas<\/strong> de forma r\u00e1pida y elegante en recepciones, buffets, eventos empresariales o familiares. Su aspecto <strong>adamascado<\/strong> le confiere un acabado similar a la tela, conservando al mismo tiempo la practicidad de un uso desechable. Dise\u00f1ado para satisfacer las necesidades de <strong data-start=\"643\" data-end=\"656\">empresas de catering<\/strong>, <strong data-start=\"658\" data-end=\"675\">restauradores<\/strong>, <strong data-start=\"677\" data-end=\"707\">organizadores de eventos<\/strong> e incluso <strong data-start=\"720\" data-end=\"736\">particulares<\/strong>, combina est\u00e9tica, funcionalidad y ahorro de tiempo. Su <strong>color marfil<\/strong> a\u00f1ade inmediatamente un toque bohemio a sus mesas, ideal para celebraciones de fin de a\u00f1o, bodas, cumplea\u00f1os o comidas de empresa.   <\/p>\n<p data-start=\"995\" data-end=\"1300\">El <strong>papel adamascado<\/strong> utilizado tambi\u00e9n es de calidad superior: se sujeta bien a la mesa, resiste peque\u00f1os accidentes de servicio y es f\u00e1cil de cortar. Con este <strong>rollo de 25 metros<\/strong>, podr\u00e1 cubrir varias mesas o adaptar la longitud a sus necesidades individuales, sin desperdicios. <\/p>\n<p data-start=\"1302\" data-end=\"1517\">En resumen, r\u00e1pido de colocar y visualmente impactante, este <strong>mantel de damasco marfil<\/strong> se ha convertido en un imprescindible.<\/p>\n<p data-start=\"1302\" data-end=\"1517\"><!--more--><\/p>\n<p><strong>Sus ventajas:<\/strong><\/p>\n<ul>\n<li>Elegante aspecto adamascado, efecto tela<\/li>\n<li>Bohemia marfil<\/li>\n<li>Resistente y estable sobre la mesa<\/li>\n<li><strong>Desechable<\/strong>: ahorro de tiempo en la limpieza<\/li>\n<\/ul>\n<p>&nbsp;<\/p>\n<p><!--more--><\/p>\n<p><strong>Informaci\u00f3n adicional :  <\/strong><\/p>\n<ul>\n<li><strong>Embalaje<\/strong>: Por unidad<\/li>\n<li><strong>Dimensiones<\/strong>: 1,20 x 25 m (ancho x largo)<\/li>\n<li><strong>Material<\/strong>: Papel<\/li>\n<li><strong>Tipo<\/strong>: Damasco<\/li>\n<li><strong>Color<\/strong>: marfil<\/li>\n<\/ul>\n<p>&nbsp;<\/p>\n<p><!--more--><\/p>\n<p><span style=\"color: #d12727;\"><span style=\"color: #000000;\">Producto disponible en varios colores: <a style=\"color: #d12727;\" href=\"https:\/\/www.csj-emballages.com\/es\/produit\/rollo-de-mantel-de-papel-damasco-blanco-120-x-25-m\/\">Blanco<\/a> \/ <a style=\"color: #d12727;\" href=\"https:\/\/www.csj-emballages.com\/es\/produit\/rollo-de-mantel-de-papel-damasco-chocolate-118-x-25-m\/\">Chocolate<\/a> \/ <a style=\"color: #d12727;\" href=\"https:\/\/www.csj-emballages.com\/es\/produit\/mantel-de-papel-damasco-azul-pastel-en-rollo-120-x-25-m\/\">Azul pastel<\/a> \/ <span style=\"color: #d12727;\"><a style=\"color: #d12727;\" href=\"https:\/\/www.csj-emballages.com\/es\/produit\/mantel-de-papel-damasco-negro-en-rollo-120-x-25-m\/\">Negro<\/a><\/span> \/ <span style=\"color: #d12727;\"><a style=\"color: #d12727;\" href=\"https:\/\/www.csj-emballages.com\/es\/produit\/mantel-de-papel-damasco-gris-en-rollo-120-x-25-m\/\">Gris<\/a><\/span> \/ <a style=\"color: #d12727;\" href=\"https:\/\/www.csj-emballages.com\/es\/produit\/mantel-de-papel-damasco-rojo-en-rollo-120-x-25-m\/\">Rojo<\/a> \/ <a style=\"color: #d12727;\" href=\"https:\/\/www.csj-emballages.com\/es\/produit\/mantel-de-papel-damasco-burdeos-en-rollo-120-x-25-m\/\">Burdeos<\/a> \/ <a style=\"color: #d12727;\" href=\"https:\/\/www.csj-emballages.com\/es\/produit\/mantel-de-papel-damasco-azul-marino-en-rollo-120-x-25-m\/\">Azul marino<\/a> \/ <a style=\"color: #d12727;\" href=\"https:\/\/www.csj-emballages.com\/es\/produit\/mantel-de-papel-damasco-rosa-pastel-en-rollo-120-x-25-m\/\">Rosa pastel<\/a> \/ <a style=\"color: #d12727;\" href=\"https:\/\/www.csj-emballages.com\/es\/produit\/mantel-de-papel-damasco-verde-abeto-en-rollo-120-x-25-m\/\">Verde abeto<\/a> \/ <a style=\"color: #d12727;\" href=\"https:\/\/www.csj-emballages.com\/es\/produit\/mantel-de-papel-damasco-papel-verde-anis-en-rollo-120-x-25-m\/\">Verde an\u00eds<\/a><\/span><\/span><\/p>\n<p>&nbsp;<\/p>\n<p><!--more--><\/p>\n<p><a href=\"https:\/\/www.csj-emballages.com\/es\/categorie-produit\/envasado-de-alimentos\/catering-es\/servilletas-manteles-individuales-manteles\/manteles\/manteles-de-damasco\/\">Ver el resto de nuestra gama de manteles adamascados<\/a><\/p>\n","protected":false},"excerpt":{"rendered":"<p>Mantel Damasco Descripci\u00f3n de nuestro mantel damasco de papel marfil en rollo 1,20 x 25 m<\/p>\n","protected":false},"featured_media":232640,"template":"","meta":{"_acf_changed":false},"product_brand":[],"product_cat":[1150,1179,1182,2910,2913],"product_tag":[],"class_list":{"0":"post-226797","1":"product","2":"type-product","3":"status-publish","4":"has-post-thumbnail","6":"product_cat-envasado-de-alimentos","7":"product_cat-catering-es","8":"product_cat-servilletas-manteles-individuales-manteles","9":"product_cat-manteles","10":"product_cat-manteles-de-damasco","11":"product_shipping_class-no-permitido-en-reles","13":"first","14":"instock","15":"taxable","16":"shipping-taxable","17":"purchasable","18":"product-type-simple"},"acf":[],"yoast_head":"<!-- This site is optimized with the Yoast SEO Premium plugin v26.6 (Yoast SEO v26.6) - https:\/\/yoast.com\/wordpress\/plugins\/seo\/ -->\n<title>Mantel de Papel Damasco Rollo Marfil 1,20 x 25 m<\/title>\n<meta name=\"description\" content=\"Mantel de papel damasco marfil en rollo de 1,20 x 25 m: ideal para eventos, buffets o comidas festivas. Elegante y pr\u00e1ctico.\" \/>\n<meta name=\"robots\" content=\"index, follow, max-snippet:-1, max-image-preview:large, max-video-preview:-1\" \/>\n<link rel=\"canonical\" href=\"https:\/\/www.csj-emballages.com\/es\/produit\/mantel-de-papel-damasco-marfil-en-rollo-120-x-25-m\/\" \/>\n<meta property=\"og:locale\" content=\"es_ES\" \/>\n<meta property=\"og:type\" content=\"article\" \/>\n<meta property=\"og:title\" content=\"Mantel damasco de papel marfil en rollo 1,20 x 25 m\" \/>\n<meta property=\"og:description\" content=\"Mantel de papel damasco marfil en rollo de 1,20 x 25 m: ideal para eventos, buffets o comidas festivas. Elegante y pr\u00e1ctico.\" \/>\n<meta property=\"og:url\" content=\"https:\/\/www.csj-emballages.com\/es\/produit\/mantel-de-papel-damasco-marfil-en-rollo-120-x-25-m\/\" \/>\n<meta property=\"og:site_name\" content=\"CSJ Emballages\" \/>\n<meta property=\"article:publisher\" content=\"https:\/\/www.facebook.com\/csjemballages\" \/>\n<meta property=\"article:modified_time\" content=\"2026-03-24T01:15:58+00:00\" \/>\n<meta property=\"og:image\" content=\"https:\/\/www.csj-emballages.com\/wp-content\/uploads\/2025\/02\/Nappe-ivoire.webp\" \/>\n\t<meta property=\"og:image:width\" content=\"800\" \/>\n\t<meta property=\"og:image:height\" content=\"800\" \/>\n\t<meta property=\"og:image:type\" content=\"image\/webp\" \/>\n<meta name=\"twitter:card\" content=\"summary_large_image\" \/>\n<meta name=\"twitter:label1\" content=\"Tiempo de lectura\" \/>\n\t<meta name=\"twitter:data1\" content=\"1 minuto\" \/>\n<script type=\"application\/ld+json\" class=\"yoast-schema-graph\">{\"@context\":\"https:\/\/schema.org\",\"@graph\":[{\"@type\":\"WebPage\",\"@id\":\"https:\/\/www.csj-emballages.com\/es\/produit\/mantel-de-papel-damasco-marfil-en-rollo-120-x-25-m\/\",\"url\":\"https:\/\/www.csj-emballages.com\/es\/produit\/mantel-de-papel-damasco-marfil-en-rollo-120-x-25-m\/\",\"name\":\"Mantel de Papel Damasco Rollo Marfil 1,20 x 25 m\",\"isPartOf\":{\"@id\":\"https:\/\/www.csj-emballages.com\/es\/#website\"},\"primaryImageOfPage\":{\"@id\":\"https:\/\/www.csj-emballages.com\/es\/produit\/mantel-de-papel-damasco-marfil-en-rollo-120-x-25-m\/#primaryimage\"},\"image\":{\"@id\":\"https:\/\/www.csj-emballages.com\/es\/produit\/mantel-de-papel-damasco-marfil-en-rollo-120-x-25-m\/#primaryimage\"},\"thumbnailUrl\":\"https:\/\/www.csj-emballages.com\/wp-content\/uploads\/2025\/02\/Nappe-ivoire.webp\",\"datePublished\":\"2025-02-27T16:01:42+00:00\",\"dateModified\":\"2026-03-24T01:15:58+00:00\",\"description\":\"Mantel de papel damasco marfil en rollo de 1,20 x 25 m: ideal para eventos, buffets o comidas festivas. Elegante y pr\u00e1ctico.\",\"breadcrumb\":{\"@id\":\"https:\/\/www.csj-emballages.com\/es\/produit\/mantel-de-papel-damasco-marfil-en-rollo-120-x-25-m\/#breadcrumb\"},\"inLanguage\":\"es\",\"potentialAction\":[{\"@type\":\"ReadAction\",\"target\":[\"https:\/\/www.csj-emballages.com\/es\/produit\/mantel-de-papel-damasco-marfil-en-rollo-120-x-25-m\/\"]}]},{\"@type\":\"ImageObject\",\"inLanguage\":\"es\",\"@id\":\"https:\/\/www.csj-emballages.com\/es\/produit\/mantel-de-papel-damasco-marfil-en-rollo-120-x-25-m\/#primaryimage\",\"url\":\"https:\/\/www.csj-emballages.com\/wp-content\/uploads\/2025\/02\/Nappe-ivoire.webp\",\"contentUrl\":\"https:\/\/www.csj-emballages.com\/wp-content\/uploads\/2025\/02\/Nappe-ivoire.webp\",\"width\":800,\"height\":800,\"caption\":\"Nappe damass\u00e9e\"},{\"@type\":\"BreadcrumbList\",\"@id\":\"https:\/\/www.csj-emballages.com\/es\/produit\/mantel-de-papel-damasco-marfil-en-rollo-120-x-25-m\/#breadcrumb\",\"itemListElement\":[{\"@type\":\"ListItem\",\"position\":1,\"name\":\"Accueil\",\"item\":\"https:\/\/www.csj-emballages.com\/es\/universo-del-envasado-alimentario\/\"},{\"@type\":\"ListItem\",\"position\":2,\"name\":\"Tienda\",\"item\":\"https:\/\/www.csj-emballages.com\/tienda\/\"},{\"@type\":\"ListItem\",\"position\":3,\"name\":\"Mantel damasco de papel marfil en rollo 1,20 x 25 m\"}]},{\"@type\":\"WebSite\",\"@id\":\"https:\/\/www.csj-emballages.com\/es\/#website\",\"url\":\"https:\/\/www.csj-emballages.com\/es\/\",\"name\":\"CSJ Emballages\",\"description\":\"\",\"publisher\":{\"@id\":\"https:\/\/www.csj-emballages.com\/es\/#organization\"},\"potentialAction\":[{\"@type\":\"SearchAction\",\"target\":{\"@type\":\"EntryPoint\",\"urlTemplate\":\"https:\/\/www.csj-emballages.com\/es\/?s={search_term_string}\"},\"query-input\":{\"@type\":\"PropertyValueSpecification\",\"valueRequired\":true,\"valueName\":\"search_term_string\"}}],\"inLanguage\":\"es\"},{\"@type\":\"Organization\",\"@id\":\"https:\/\/www.csj-emballages.com\/es\/#Organization\/\",\"name\":\"CSJ Emballages\",\"url\":\"https:\/\/www.csj-emballages.com\/es\/\",\"logo\":{\"@type\":\"ImageObject\",\"inLanguage\":\"es\",\"@id\":\"https:\/\/www.csj-emballages.com\/es\/#\/schema\/logo\/image\/\",\"url\":\"https:\/\/www.csj-emballages.com\/wp-content\/uploads\/2023\/10\/logo_csj.webp\",\"contentUrl\":\"https:\/\/www.csj-emballages.com\/wp-content\/uploads\/2023\/10\/logo_csj.webp\",\"width\":250,\"height\":95,\"caption\":\"CSJ Emballages\"},\"image\":{\"@id\":\"https:\/\/www.csj-emballages.com\/es\/#\/schema\/logo\/image\/\"},\"sameAs\":[\"https:\/\/www.facebook.com\/csjemballages\"],\"address\":{\"@type\":\"PostalAddress\",\"streetAddress\":\"ZI La Lechere\",\"addressLocality\":\"Patornay\",\"postalCode\":\"39130\",\"addressCountry\":\"FR\"},\"contactPoint\":[{\"@type\":\"ContactPoint\",\"contactType\":\"Service client\",\"telephone\":\"0384254272\",\"email\":\"contact@csj-emballages.com\"}]}]}<\/script>\n<!-- \/ Yoast SEO Premium plugin. -->","yoast_head_json":{"title":"Mantel de Papel Damasco Rollo Marfil 1,20 x 25 m","description":"Mantel de papel damasco marfil en rollo de 1,20 x 25 m: ideal para eventos, buffets o comidas festivas. Elegante y pr\u00e1ctico.","robots":{"index":"index","follow":"follow","max-snippet":"max-snippet:-1","max-image-preview":"max-image-preview:large","max-video-preview":"max-video-preview:-1"},"canonical":"https:\/\/www.csj-emballages.com\/es\/produit\/mantel-de-papel-damasco-marfil-en-rollo-120-x-25-m\/","og_locale":"es_ES","og_type":"article","og_title":"Mantel damasco de papel marfil en rollo 1,20 x 25 m","og_description":"Mantel de papel damasco marfil en rollo de 1,20 x 25 m: ideal para eventos, buffets o comidas festivas. Elegante y pr\u00e1ctico.","og_url":"https:\/\/www.csj-emballages.com\/es\/produit\/mantel-de-papel-damasco-marfil-en-rollo-120-x-25-m\/","og_site_name":"CSJ Emballages","article_publisher":"https:\/\/www.facebook.com\/csjemballages","article_modified_time":"2026-03-24T01:15:58+00:00","og_image":[{"width":800,"height":800,"url":"https:\/\/www.csj-emballages.com\/wp-content\/uploads\/2025\/02\/Nappe-ivoire.webp","type":"image\/webp"}],"twitter_card":"summary_large_image","twitter_misc":{"Tiempo de lectura":"1 minuto"},"schema":{"@context":"https:\/\/schema.org","@graph":[{"@type":"WebPage","@id":"https:\/\/www.csj-emballages.com\/es\/produit\/mantel-de-papel-damasco-marfil-en-rollo-120-x-25-m\/","url":"https:\/\/www.csj-emballages.com\/es\/produit\/mantel-de-papel-damasco-marfil-en-rollo-120-x-25-m\/","name":"Mantel de Papel Damasco Rollo Marfil 1,20 x 25 m","isPartOf":{"@id":"https:\/\/www.csj-emballages.com\/es\/#website"},"primaryImageOfPage":{"@id":"https:\/\/www.csj-emballages.com\/es\/produit\/mantel-de-papel-damasco-marfil-en-rollo-120-x-25-m\/#primaryimage"},"image":{"@id":"https:\/\/www.csj-emballages.com\/es\/produit\/mantel-de-papel-damasco-marfil-en-rollo-120-x-25-m\/#primaryimage"},"thumbnailUrl":"https:\/\/www.csj-emballages.com\/wp-content\/uploads\/2025\/02\/Nappe-ivoire.webp","datePublished":"2025-02-27T16:01:42+00:00","dateModified":"2026-03-24T01:15:58+00:00","description":"Mantel de papel damasco marfil en rollo de 1,20 x 25 m: ideal para eventos, buffets o comidas festivas. Elegante y pr\u00e1ctico.","breadcrumb":{"@id":"https:\/\/www.csj-emballages.com\/es\/produit\/mantel-de-papel-damasco-marfil-en-rollo-120-x-25-m\/#breadcrumb"},"inLanguage":"es","potentialAction":[{"@type":"ReadAction","target":["https:\/\/www.csj-emballages.com\/es\/produit\/mantel-de-papel-damasco-marfil-en-rollo-120-x-25-m\/"]}]},{"@type":"ImageObject","inLanguage":"es","@id":"https:\/\/www.csj-emballages.com\/es\/produit\/mantel-de-papel-damasco-marfil-en-rollo-120-x-25-m\/#primaryimage","url":"https:\/\/www.csj-emballages.com\/wp-content\/uploads\/2025\/02\/Nappe-ivoire.webp","contentUrl":"https:\/\/www.csj-emballages.com\/wp-content\/uploads\/2025\/02\/Nappe-ivoire.webp","width":800,"height":800,"caption":"Nappe damass\u00e9e"},{"@type":"BreadcrumbList","@id":"https:\/\/www.csj-emballages.com\/es\/produit\/mantel-de-papel-damasco-marfil-en-rollo-120-x-25-m\/#breadcrumb","itemListElement":[{"@type":"ListItem","position":1,"name":"Accueil","item":"https:\/\/www.csj-emballages.com\/es\/universo-del-envasado-alimentario\/"},{"@type":"ListItem","position":2,"name":"Tienda","item":"https:\/\/www.csj-emballages.com\/tienda\/"},{"@type":"ListItem","position":3,"name":"Mantel damasco de papel marfil en rollo 1,20 x 25 m"}]},{"@type":"WebSite","@id":"https:\/\/www.csj-emballages.com\/es\/#website","url":"https:\/\/www.csj-emballages.com\/es\/","name":"CSJ Emballages","description":"","publisher":{"@id":"https:\/\/www.csj-emballages.com\/es\/#organization"},"potentialAction":[{"@type":"SearchAction","target":{"@type":"EntryPoint","urlTemplate":"https:\/\/www.csj-emballages.com\/es\/?s={search_term_string}"},"query-input":{"@type":"PropertyValueSpecification","valueRequired":true,"valueName":"search_term_string"}}],"inLanguage":"es"},{"@type":"Organization","@id":"https:\/\/www.csj-emballages.com\/es\/#Organization\/","name":"CSJ Emballages","url":"https:\/\/www.csj-emballages.com\/es\/","logo":{"@type":"ImageObject","inLanguage":"es","@id":"https:\/\/www.csj-emballages.com\/es\/#\/schema\/logo\/image\/","url":"https:\/\/www.csj-emballages.com\/wp-content\/uploads\/2023\/10\/logo_csj.webp","contentUrl":"https:\/\/www.csj-emballages.com\/wp-content\/uploads\/2023\/10\/logo_csj.webp","width":250,"height":95,"caption":"CSJ Emballages"},"image":{"@id":"https:\/\/www.csj-emballages.com\/es\/#\/schema\/logo\/image\/"},"sameAs":["https:\/\/www.facebook.com\/csjemballages"],"address":{"@type":"PostalAddress","streetAddress":"ZI La Lechere","addressLocality":"Patornay","postalCode":"39130","addressCountry":"FR"},"contactPoint":[{"@type":"ContactPoint","contactType":"Service client","telephone":"0384254272","email":"contact@csj-emballages.com"}]}]}},"df_price":12.1,"df_sale_price":"","df_regular_price":12.1,"df_image_link":"https:\/\/www.csj-emballages.com\/wp-content\/uploads\/2025\/02\/Nappe-ivoire-300x300.webp","tiered_pricing_type":"fixed","tiered_pricing_fixed_rules":[],"tiered_pricing_percentage_rules":[],"tiered_pricing_minimum":1,"tiered_pricing_roles_data":[],"_links":{"self":[{"href":"https:\/\/www.csj-emballages.com\/es\/wp-json\/wp\/v2\/product\/226797","targetHints":{"allow":["GET"]}}],"collection":[{"href":"https:\/\/www.csj-emballages.com\/es\/wp-json\/wp\/v2\/product"}],"about":[{"href":"https:\/\/www.csj-emballages.com\/es\/wp-json\/wp\/v2\/types\/product"}],"wp:featuredmedia":[{"embeddable":true,"href":"https:\/\/www.csj-emballages.com\/es\/wp-json\/wp\/v2\/media\/232640"}],"wp:attachment":[{"href":"https:\/\/www.csj-emballages.com\/es\/wp-json\/wp\/v2\/media?parent=226797"}],"wp:term":[{"taxonomy":"product_brand","embeddable":true,"href":"https:\/\/www.csj-emballages.com\/es\/wp-json\/wp\/v2\/product_brand?post=226797"},{"taxonomy":"product_cat","embeddable":true,"href":"https:\/\/www.csj-emballages.com\/es\/wp-json\/wp\/v2\/product_cat?post=226797"},{"taxonomy":"product_tag","embeddable":true,"href":"https:\/\/www.csj-emballages.com\/es\/wp-json\/wp\/v2\/product_tag?post=226797"}],"curies":[{"name":"wp","href":"https:\/\/api.w.org\/{rel}","templated":true}]}}