{"id":226763,"date":"2025-01-21T17:51:04","date_gmt":"2025-01-21T16:51:04","guid":{"rendered":"https:\/\/www.csj-emballages.com\/?post_type=product&#038;p=226763"},"modified":"2026-04-03T02:17:28","modified_gmt":"2026-04-03T00:17:28","slug":"50-bandejas-para-microondas-con-tapas-de-plastico-separadas-500-ml","status":"publish","type":"product","link":"https:\/\/www.csj-emballages.com\/es\/produit\/50-bandejas-para-microondas-con-tapas-de-plastico-separadas-500-ml\/","title":{"rendered":"Bandeja de pl\u00e1stico para microondas de 500 ml, paquete de 50"},"content":{"rendered":"<h2>Bandeja para microondas<\/h2>\n<hr>\n<h3>Descripci\u00f3n de nuestra bandeja de pl\u00e1stico microondable de 500 ml, paquete de 50<\/h3>\n<p><!--more--><\/p>\n<p>La <strong>bandeja de<\/strong> <strong>pl\u00e1stico<\/strong> <strong>microondable<\/strong> sin tapa <strong>PRATIPACK<\/strong> <strong>500 ml<\/strong> es un producto vers\u00e1til, muy utilizado en los sectores de la restauraci\u00f3n, el catering y los aperitivos, e incluso por particulares. Estas <strong>bandejas semirr\u00edgidas<\/strong> est\u00e1n dise\u00f1adas para contener platos calientes. <\/p>\n<p>&nbsp;<\/p>\n<p><!--more--><\/p>\n<p><strong>Ventajas y calidad de las bandejas PRATIPACK<\/strong><\/p>\n<p><strong>Las bandejas PRATIPACK<\/strong> ofrecen muchas ventajas pr\u00e1cticas. Garantizan un transporte seguro gracias a su cierre a presi\u00f3n y a su perfecta estanqueidad, evitando cualquier fuga o contaminaci\u00f3n. Su f\u00e1cil apertura, gracias a un pasador saliente, simplifica el acceso al contenido, incluso en situaciones de transporte r\u00e1pido.  <\/p>\n<p>Tambi\u00e9n son famosas por su resistencia, ya que protegen eficazmente los alimentos durante el transporte, al tiempo que mantienen su aspecto y frescura. La calidad de fabricaci\u00f3n de estas <strong>bandejas<\/strong> es otro de sus puntos fuertes, y est\u00e1n disponibles en una amplia gama de tama\u00f1os para adaptarse a distintos tipos de producto. Adem\u00e1s, a un precio muy atractivo, las <strong>bandejas PRATIPACK<\/strong> ofrecen una soluci\u00f3n econ\u00f3mica para los profesionales, al tiempo que garantizan una calidad excelente.  <\/p>\n<p>En resumen, <strong>las bandejas para microondas PRATIPACK<\/strong> son ideales para quienes buscan un producto fiable, pr\u00e1ctico y econ\u00f3mico. Responden a las necesidades de los profesionales de la restauraci\u00f3n, los servicios de catering y los consumidores por igual, al tiempo que ofrecen una seguridad de transporte \u00f3ptima y una calidad superior. <\/p>\n<p>&nbsp;<\/p>\n<p><!--more--><\/p>\n<p><strong><span style=\"color: #ff0000\">*Seguro para microondas<\/span><\/strong><\/p>\n<p>&nbsp;<\/p>\n<p><!--more--><\/p>\n<h4>Informaci\u00f3n adicional :<\/h4>\n<ul>\n<li><strong>Volumen<\/strong>: 500 ml<\/li>\n<li><strong>Dimensiones<\/strong>: 180 x 133 x 33 (L x A x A en mm)<\/li>\n<li><strong>Embalaje<\/strong>: Bolsa de 50<\/li>\n<li><strong>Material<\/strong>: <span style=\"text-indent: 0pt\">PP<\/span><\/li>\n<li><strong>Temperatura de funcionamiento<\/strong>: hasta 100\u00b0C<\/li>\n<\/ul>\n<p>&nbsp;<\/p>\n<p><!--more--><\/p>\n<p>Encuentra aqu\u00ed la tapa que se vende por separado, compatible con esta bandeja: <span style=\"color: #d12727\"><a style=\"color: #d12727\" href=\"https:\/\/www.csj-emballages.com\/produit\/50-couvercles-micro-ondes-pour-kp816-a-kp825\/\">KP821<\/a><\/span><\/p>\n<p>&nbsp;<\/p>\n<p><!--more--><\/p>\n<p>Este producto tambi\u00e9n est\u00e1 disponible en <span style=\"color: #d12727\"><a style=\"color: #d12727\" href=\"https:\/\/www.csj-emballages.com\/es\/produit\/50-bandejas-de-plastico-para-microondas-con-tapas-separadas-750-ml\/\">750 ml<\/a><\/span> \/ <span style=\"color: #d12727\"><a style=\"color: #d12727\" href=\"https:\/\/www.csj-emballages.com\/es\/produit\/50-bandejas-de-plastico-desechables-para-microondas-con-tapas-separadas-1000-ml\/\">1000 ml<\/a><\/span> \/<span style=\"color: #d12727\"><a style=\"color: #d12727\" href=\"https:\/\/www.csj-emballages.com\/produit\/50-barquettes-micro-ondes-sans-couvercles-en-plastique-1500-ml\/\">1500 ml<\/a><\/span><\/p>\n<p>&nbsp;<\/p>\n<p><!--more--><\/p>\n<p><a href=\"https:\/\/www.csj-emballages.com\/es\/categorie-produit\/envasado-de-alimentos\/carniceria-y-charcuteria\/bandejas-latas-y-tarros\/bandejas-latas-tarros-de-comida\/bandejas-para-microondas-con-tapa\/\">Ver el resto de nuestra gama de bandejas con tapa para microondas<\/a><\/p>\n","protected":false},"excerpt":{"rendered":"<p>Bandeja para microondas Descripci\u00f3n de nuestra bandeja de pl\u00e1stico microondable de 500 ml, paquete de 50<\/p>\n","protected":false},"featured_media":230545,"template":"","meta":{"_acf_changed":false},"product_brand":[],"product_cat":[1150,1143,2296,1491,2172],"product_tag":[],"class_list":{"0":"post-226763","1":"product","2":"type-product","3":"status-publish","4":"has-post-thumbnail","6":"product_cat-envasado-de-alimentos","7":"product_cat-carniceria-y-charcuteria","8":"product_cat-bandejas-latas-y-tarros","9":"product_cat-bandejas-latas-tarros-de-comida","10":"product_cat-bandejas-para-microondas-con-tapa","12":"first","13":"instock","14":"taxable","15":"shipping-taxable","16":"purchasable","17":"product-type-simple"},"acf":[],"yoast_head":"<!-- This site is optimized with the Yoast SEO Premium plugin v26.6 (Yoast SEO v26.6) - https:\/\/yoast.com\/wordpress\/plugins\/seo\/ -->\n<title>Bandeja de pl\u00e1stico microondable 500 ml, paquete de 50<\/title>\n<meta name=\"description\" content=\"Bandeja apta para microondas: pr\u00e1ctica y resistente. Ideal para platos calientes, garantiza un transporte seguro con un sellado perfecto.\" \/>\n<meta name=\"robots\" content=\"index, follow, max-snippet:-1, max-image-preview:large, max-video-preview:-1\" \/>\n<link rel=\"canonical\" href=\"https:\/\/www.csj-emballages.com\/es\/produit\/50-bandejas-para-microondas-con-tapas-de-plastico-separadas-500-ml\/\" \/>\n<meta property=\"og:locale\" content=\"es_ES\" \/>\n<meta property=\"og:type\" content=\"article\" \/>\n<meta property=\"og:title\" content=\"Bandeja de pl\u00e1stico para microondas de 500 ml, paquete de 50\" \/>\n<meta property=\"og:description\" content=\"Bandeja apta para microondas: pr\u00e1ctica y resistente. Ideal para platos calientes, garantiza un transporte seguro con un sellado perfecto.\" \/>\n<meta property=\"og:url\" content=\"https:\/\/www.csj-emballages.com\/es\/produit\/50-bandejas-para-microondas-con-tapas-de-plastico-separadas-500-ml\/\" \/>\n<meta property=\"og:site_name\" content=\"CSJ Emballages\" \/>\n<meta property=\"article:publisher\" content=\"https:\/\/www.facebook.com\/csjemballages\" \/>\n<meta property=\"article:modified_time\" content=\"2026-04-03T00:17:28+00:00\" \/>\n<meta property=\"og:image\" content=\"https:\/\/www.csj-emballages.com\/wp-content\/uploads\/2025\/01\/KP818.webp\" \/>\n\t<meta property=\"og:image:width\" content=\"800\" \/>\n\t<meta property=\"og:image:height\" content=\"800\" \/>\n\t<meta property=\"og:image:type\" content=\"image\/webp\" \/>\n<meta name=\"twitter:card\" content=\"summary_large_image\" \/>\n<meta name=\"twitter:label1\" content=\"Tiempo de lectura\" \/>\n\t<meta name=\"twitter:data1\" content=\"2 minutos\" \/>\n<script type=\"application\/ld+json\" class=\"yoast-schema-graph\">{\"@context\":\"https:\/\/schema.org\",\"@graph\":[{\"@type\":\"WebPage\",\"@id\":\"https:\/\/www.csj-emballages.com\/es\/produit\/50-bandejas-para-microondas-con-tapas-de-plastico-separadas-500-ml\/\",\"url\":\"https:\/\/www.csj-emballages.com\/es\/produit\/50-bandejas-para-microondas-con-tapas-de-plastico-separadas-500-ml\/\",\"name\":\"Bandeja de pl\u00e1stico microondable 500 ml, paquete de 50\",\"isPartOf\":{\"@id\":\"https:\/\/www.csj-emballages.com\/es\/#website\"},\"primaryImageOfPage\":{\"@id\":\"https:\/\/www.csj-emballages.com\/es\/produit\/50-bandejas-para-microondas-con-tapas-de-plastico-separadas-500-ml\/#primaryimage\"},\"image\":{\"@id\":\"https:\/\/www.csj-emballages.com\/es\/produit\/50-bandejas-para-microondas-con-tapas-de-plastico-separadas-500-ml\/#primaryimage\"},\"thumbnailUrl\":\"https:\/\/www.csj-emballages.com\/wp-content\/uploads\/2025\/01\/KP818.webp\",\"datePublished\":\"2025-01-21T16:51:04+00:00\",\"dateModified\":\"2026-04-03T00:17:28+00:00\",\"description\":\"Bandeja apta para microondas: pr\u00e1ctica y resistente. Ideal para platos calientes, garantiza un transporte seguro con un sellado perfecto.\",\"breadcrumb\":{\"@id\":\"https:\/\/www.csj-emballages.com\/es\/produit\/50-bandejas-para-microondas-con-tapas-de-plastico-separadas-500-ml\/#breadcrumb\"},\"inLanguage\":\"es\",\"potentialAction\":[{\"@type\":\"ReadAction\",\"target\":[\"https:\/\/www.csj-emballages.com\/es\/produit\/50-bandejas-para-microondas-con-tapas-de-plastico-separadas-500-ml\/\"]}]},{\"@type\":\"ImageObject\",\"inLanguage\":\"es\",\"@id\":\"https:\/\/www.csj-emballages.com\/es\/produit\/50-bandejas-para-microondas-con-tapas-de-plastico-separadas-500-ml\/#primaryimage\",\"url\":\"https:\/\/www.csj-emballages.com\/wp-content\/uploads\/2025\/01\/KP818.webp\",\"contentUrl\":\"https:\/\/www.csj-emballages.com\/wp-content\/uploads\/2025\/01\/KP818.webp\",\"width\":800,\"height\":800,\"caption\":\"Barquette micro-ondable\"},{\"@type\":\"BreadcrumbList\",\"@id\":\"https:\/\/www.csj-emballages.com\/es\/produit\/50-bandejas-para-microondas-con-tapas-de-plastico-separadas-500-ml\/#breadcrumb\",\"itemListElement\":[{\"@type\":\"ListItem\",\"position\":1,\"name\":\"Accueil\",\"item\":\"https:\/\/www.csj-emballages.com\/es\/universo-del-envasado-alimentario\/\"},{\"@type\":\"ListItem\",\"position\":2,\"name\":\"Tienda\",\"item\":\"https:\/\/www.csj-emballages.com\/tienda\/\"},{\"@type\":\"ListItem\",\"position\":3,\"name\":\"Bandeja de pl\u00e1stico para microondas de 500 ml, paquete de 50\"}]},{\"@type\":\"WebSite\",\"@id\":\"https:\/\/www.csj-emballages.com\/es\/#website\",\"url\":\"https:\/\/www.csj-emballages.com\/es\/\",\"name\":\"CSJ Emballages\",\"description\":\"\",\"publisher\":{\"@id\":\"https:\/\/www.csj-emballages.com\/es\/#organization\"},\"potentialAction\":[{\"@type\":\"SearchAction\",\"target\":{\"@type\":\"EntryPoint\",\"urlTemplate\":\"https:\/\/www.csj-emballages.com\/es\/?s={search_term_string}\"},\"query-input\":{\"@type\":\"PropertyValueSpecification\",\"valueRequired\":true,\"valueName\":\"search_term_string\"}}],\"inLanguage\":\"es\"},{\"@type\":\"Organization\",\"@id\":\"https:\/\/www.csj-emballages.com\/es\/#Organization\/\",\"name\":\"CSJ Emballages\",\"url\":\"https:\/\/www.csj-emballages.com\/es\/\",\"logo\":{\"@type\":\"ImageObject\",\"inLanguage\":\"es\",\"@id\":\"https:\/\/www.csj-emballages.com\/es\/#\/schema\/logo\/image\/\",\"url\":\"https:\/\/www.csj-emballages.com\/wp-content\/uploads\/2023\/10\/logo_csj.webp\",\"contentUrl\":\"https:\/\/www.csj-emballages.com\/wp-content\/uploads\/2023\/10\/logo_csj.webp\",\"width\":250,\"height\":95,\"caption\":\"CSJ Emballages\"},\"image\":{\"@id\":\"https:\/\/www.csj-emballages.com\/es\/#\/schema\/logo\/image\/\"},\"sameAs\":[\"https:\/\/www.facebook.com\/csjemballages\"],\"address\":{\"@type\":\"PostalAddress\",\"streetAddress\":\"ZI La Lechere\",\"addressLocality\":\"Patornay\",\"postalCode\":\"39130\",\"addressCountry\":\"FR\"},\"contactPoint\":[{\"@type\":\"ContactPoint\",\"contactType\":\"Service client\",\"telephone\":\"0384254272\",\"email\":\"contact@csj-emballages.com\"}]}]}<\/script>\n<!-- \/ Yoast SEO Premium plugin. -->","yoast_head_json":{"title":"Bandeja de pl\u00e1stico microondable 500 ml, paquete de 50","description":"Bandeja apta para microondas: pr\u00e1ctica y resistente. Ideal para platos calientes, garantiza un transporte seguro con un sellado perfecto.","robots":{"index":"index","follow":"follow","max-snippet":"max-snippet:-1","max-image-preview":"max-image-preview:large","max-video-preview":"max-video-preview:-1"},"canonical":"https:\/\/www.csj-emballages.com\/es\/produit\/50-bandejas-para-microondas-con-tapas-de-plastico-separadas-500-ml\/","og_locale":"es_ES","og_type":"article","og_title":"Bandeja de pl\u00e1stico para microondas de 500 ml, paquete de 50","og_description":"Bandeja apta para microondas: pr\u00e1ctica y resistente. Ideal para platos calientes, garantiza un transporte seguro con un sellado perfecto.","og_url":"https:\/\/www.csj-emballages.com\/es\/produit\/50-bandejas-para-microondas-con-tapas-de-plastico-separadas-500-ml\/","og_site_name":"CSJ Emballages","article_publisher":"https:\/\/www.facebook.com\/csjemballages","article_modified_time":"2026-04-03T00:17:28+00:00","og_image":[{"width":800,"height":800,"url":"https:\/\/www.csj-emballages.com\/wp-content\/uploads\/2025\/01\/KP818.webp","type":"image\/webp"}],"twitter_card":"summary_large_image","twitter_misc":{"Tiempo de lectura":"2 minutos"},"schema":{"@context":"https:\/\/schema.org","@graph":[{"@type":"WebPage","@id":"https:\/\/www.csj-emballages.com\/es\/produit\/50-bandejas-para-microondas-con-tapas-de-plastico-separadas-500-ml\/","url":"https:\/\/www.csj-emballages.com\/es\/produit\/50-bandejas-para-microondas-con-tapas-de-plastico-separadas-500-ml\/","name":"Bandeja de pl\u00e1stico microondable 500 ml, paquete de 50","isPartOf":{"@id":"https:\/\/www.csj-emballages.com\/es\/#website"},"primaryImageOfPage":{"@id":"https:\/\/www.csj-emballages.com\/es\/produit\/50-bandejas-para-microondas-con-tapas-de-plastico-separadas-500-ml\/#primaryimage"},"image":{"@id":"https:\/\/www.csj-emballages.com\/es\/produit\/50-bandejas-para-microondas-con-tapas-de-plastico-separadas-500-ml\/#primaryimage"},"thumbnailUrl":"https:\/\/www.csj-emballages.com\/wp-content\/uploads\/2025\/01\/KP818.webp","datePublished":"2025-01-21T16:51:04+00:00","dateModified":"2026-04-03T00:17:28+00:00","description":"Bandeja apta para microondas: pr\u00e1ctica y resistente. Ideal para platos calientes, garantiza un transporte seguro con un sellado perfecto.","breadcrumb":{"@id":"https:\/\/www.csj-emballages.com\/es\/produit\/50-bandejas-para-microondas-con-tapas-de-plastico-separadas-500-ml\/#breadcrumb"},"inLanguage":"es","potentialAction":[{"@type":"ReadAction","target":["https:\/\/www.csj-emballages.com\/es\/produit\/50-bandejas-para-microondas-con-tapas-de-plastico-separadas-500-ml\/"]}]},{"@type":"ImageObject","inLanguage":"es","@id":"https:\/\/www.csj-emballages.com\/es\/produit\/50-bandejas-para-microondas-con-tapas-de-plastico-separadas-500-ml\/#primaryimage","url":"https:\/\/www.csj-emballages.com\/wp-content\/uploads\/2025\/01\/KP818.webp","contentUrl":"https:\/\/www.csj-emballages.com\/wp-content\/uploads\/2025\/01\/KP818.webp","width":800,"height":800,"caption":"Barquette micro-ondable"},{"@type":"BreadcrumbList","@id":"https:\/\/www.csj-emballages.com\/es\/produit\/50-bandejas-para-microondas-con-tapas-de-plastico-separadas-500-ml\/#breadcrumb","itemListElement":[{"@type":"ListItem","position":1,"name":"Accueil","item":"https:\/\/www.csj-emballages.com\/es\/universo-del-envasado-alimentario\/"},{"@type":"ListItem","position":2,"name":"Tienda","item":"https:\/\/www.csj-emballages.com\/tienda\/"},{"@type":"ListItem","position":3,"name":"Bandeja de pl\u00e1stico para microondas de 500 ml, paquete de 50"}]},{"@type":"WebSite","@id":"https:\/\/www.csj-emballages.com\/es\/#website","url":"https:\/\/www.csj-emballages.com\/es\/","name":"CSJ Emballages","description":"","publisher":{"@id":"https:\/\/www.csj-emballages.com\/es\/#organization"},"potentialAction":[{"@type":"SearchAction","target":{"@type":"EntryPoint","urlTemplate":"https:\/\/www.csj-emballages.com\/es\/?s={search_term_string}"},"query-input":{"@type":"PropertyValueSpecification","valueRequired":true,"valueName":"search_term_string"}}],"inLanguage":"es"},{"@type":"Organization","@id":"https:\/\/www.csj-emballages.com\/es\/#Organization\/","name":"CSJ Emballages","url":"https:\/\/www.csj-emballages.com\/es\/","logo":{"@type":"ImageObject","inLanguage":"es","@id":"https:\/\/www.csj-emballages.com\/es\/#\/schema\/logo\/image\/","url":"https:\/\/www.csj-emballages.com\/wp-content\/uploads\/2023\/10\/logo_csj.webp","contentUrl":"https:\/\/www.csj-emballages.com\/wp-content\/uploads\/2023\/10\/logo_csj.webp","width":250,"height":95,"caption":"CSJ Emballages"},"image":{"@id":"https:\/\/www.csj-emballages.com\/es\/#\/schema\/logo\/image\/"},"sameAs":["https:\/\/www.facebook.com\/csjemballages"],"address":{"@type":"PostalAddress","streetAddress":"ZI La Lechere","addressLocality":"Patornay","postalCode":"39130","addressCountry":"FR"},"contactPoint":[{"@type":"ContactPoint","contactType":"Service client","telephone":"0384254272","email":"contact@csj-emballages.com"}]}]}},"df_price":7.43,"df_sale_price":"","df_regular_price":7.43,"df_image_link":"https:\/\/www.csj-emballages.com\/wp-content\/uploads\/2025\/01\/KP818-300x300.webp","tiered_pricing_type":"fixed","tiered_pricing_fixed_rules":[],"tiered_pricing_percentage_rules":[],"tiered_pricing_minimum":1,"tiered_pricing_roles_data":[],"_links":{"self":[{"href":"https:\/\/www.csj-emballages.com\/es\/wp-json\/wp\/v2\/product\/226763","targetHints":{"allow":["GET"]}}],"collection":[{"href":"https:\/\/www.csj-emballages.com\/es\/wp-json\/wp\/v2\/product"}],"about":[{"href":"https:\/\/www.csj-emballages.com\/es\/wp-json\/wp\/v2\/types\/product"}],"wp:featuredmedia":[{"embeddable":true,"href":"https:\/\/www.csj-emballages.com\/es\/wp-json\/wp\/v2\/media\/230545"}],"wp:attachment":[{"href":"https:\/\/www.csj-emballages.com\/es\/wp-json\/wp\/v2\/media?parent=226763"}],"wp:term":[{"taxonomy":"product_brand","embeddable":true,"href":"https:\/\/www.csj-emballages.com\/es\/wp-json\/wp\/v2\/product_brand?post=226763"},{"taxonomy":"product_cat","embeddable":true,"href":"https:\/\/www.csj-emballages.com\/es\/wp-json\/wp\/v2\/product_cat?post=226763"},{"taxonomy":"product_tag","embeddable":true,"href":"https:\/\/www.csj-emballages.com\/es\/wp-json\/wp\/v2\/product_tag?post=226763"}],"curies":[{"name":"wp","href":"https:\/\/api.w.org\/{rel}","templated":true}]}}