{"id":226756,"date":"2025-01-21T17:33:31","date_gmt":"2025-01-21T16:33:31","guid":{"rendered":"https:\/\/www.csj-emballages.com\/?post_type=product&#038;p=226756"},"modified":"2026-05-05T19:00:23","modified_gmt":"2026-05-05T17:00:23","slug":"carcasa-de-aluminio-por-100","status":"publish","type":"product","link":"https:\/\/www.csj-emballages.com\/es\/produit\/carcasa-de-aluminio-por-100\/","title":{"rendered":"Concha de aluminio para vieiras, 100 uds."},"content":{"rendered":"<h2>Carcasa de aluminio<\/h2>\n<hr>\n<h3>Descripci\u00f3n de nuestra concha de aluminio para vieiras, paquete de 100<\/h3>\n<p><!--more--><\/p>\n<p class=\"\" data-start=\"231\" data-end=\"663\">Estas <strong>conchas de aluminio para<\/strong> <strong>vieiras<\/strong> son ideales para presentar y cocinar sus <strong>vieiras<\/strong>, as\u00ed como para cualquier otra preparaci\u00f3n individual que requiera cocci\u00f3n en el horno. Fabricadas <strong>en aluminio<\/strong> de calidad alimentaria, ofrecen una excelente conducci\u00f3n del calor, por lo que sus platos se cocinan de manera uniforme y r\u00e1pida. Robustas y elegantes, estas <strong>conchas<\/strong> de aluminio est\u00e1n dise\u00f1adas para facilitar el servicio y realzar sus creaciones culinarias. Soportan muy bien el calor de un horno tradicional, pero son lo bastante ligeras para transportarlas o llevarlas. Este formato desechable tambi\u00e9n es perfecto para eventos o servicios de gran volumen, ya que le ahorrar\u00e1 un tiempo precioso en fregar y limpiar.    <\/p>\n<p class=\"\" data-start=\"1088\" data-end=\"1457\">Su dise\u00f1o cl\u00e1sico <strong>en forma de concha<\/strong> a\u00f1ade un toque tradicional y refinado a sus presentaciones. Disponibles en paquetes de <strong>100<\/strong> unidades, son ideales para uso profesional. Tambi\u00e9n son muy populares entre los clientes particulares que desean reproducir en casa una presentaci\u00f3n al estilo de un restaurante.  <\/p>\n<p><!--more--><\/p>\n<p><strong>Sus ventajas:<\/strong><\/p>\n<ul>\n<li>Perfecto para cocinar y presentar vieiras.<\/li>\n<li>Gracias a su excelente conducci\u00f3n del calor, la cocci\u00f3n es uniforme y controlada<\/li>\n<li>Apilable para facilitar su almacenamiento.<\/li>\n<li><strong>Envasado en 100 unidades<\/strong>: ideal para profesionales.<\/li>\n<li><strong>Desechables<\/strong>: ahorran tiempo de limpieza.<\/li>\n<\/ul>\n<p>&nbsp;<\/p>\n<p><!--more--><\/p>\n<p><strong>Informaci\u00f3n adicional :  <\/strong><\/p>\n<ul>\n<li><strong>Embalaje<\/strong>: Paquete de 100<\/li>\n<li><strong>Di\u00e1metro inferior <\/strong>: 6 cm<\/li>\n<li> <strong>Di\u00e1metro superior<\/strong>: 12 cm<\/li>\n<li><strong>Altura<\/strong>: 2 cm<\/li>\n<li><strong>Material<\/strong>: Aluminio<\/li>\n<\/ul>\n<p>&nbsp;<\/p>\n<p><!--more--><\/p>\n<p><span style=\"color: #000000\">Encuentre aqu\u00ed nuestra placa para caracoles: <span style=\"color: #d12727\"><a style=\"color: #d12727\" href=\"https:\/\/www.csj-emballages.com\/es\/produit\/100-placas-de-caracol-de-aluminio-147-o\/\">AA170<\/a><\/span><\/span><\/p>\n<p>&nbsp;<\/p>\n<p><!--more--><\/p>\n<p><a href=\"https:\/\/www.csj-emballages.com\/es\/categorie-produit\/envasado-de-alimentos\/carniceria-y-charcuteria\/bandejas-latas-y-tarros\/bandejas-platos-moldes-bandejas-de-comida-tazas-ramequines-pasteles-de-carne-de-aluminio\/\">Ver el resto de nuestra gama de envases de aluminio<\/a><\/p>\n","protected":false},"excerpt":{"rendered":"<p>Carcasa de aluminio Descripci\u00f3n de nuestra concha de aluminio para vieiras, paquete de 100<\/p>\n","protected":false},"featured_media":232662,"template":"","meta":{"_acf_changed":false},"product_brand":[],"product_cat":[1150,1143,2296,2006,9356],"product_tag":[],"class_list":{"0":"post-226756","1":"product","2":"type-product","3":"status-publish","4":"has-post-thumbnail","6":"product_cat-envasado-de-alimentos","7":"product_cat-carniceria-y-charcuteria","8":"product_cat-bandejas-latas-y-tarros","9":"product_cat-bandejas-platos-moldes-bandejas-de-comida-tazas-ramequines-pasteles-de-carne-de-aluminio","10":"product_cat-carcasas-de-aluminio","12":"first","13":"instock","14":"taxable","15":"shipping-taxable","16":"purchasable","17":"product-type-simple"},"acf":[],"yoast_head":"<!-- This site is optimized with the Yoast SEO Premium plugin v26.6 (Yoast SEO v26.6) - https:\/\/yoast.com\/wordpress\/plugins\/seo\/ -->\n<title>Concha de aluminio para vieiras, 100 uds.<\/title>\n<meta name=\"description\" content=\"100 conchas de aluminio, ideales para cocinar y presentar vieiras. Resistentes, pr\u00e1cticas y listas para usar.\" \/>\n<meta name=\"robots\" content=\"index, follow, max-snippet:-1, max-image-preview:large, max-video-preview:-1\" \/>\n<link rel=\"canonical\" href=\"https:\/\/www.csj-emballages.com\/es\/produit\/carcasa-de-aluminio-por-100\/\" \/>\n<meta property=\"og:locale\" content=\"es_ES\" \/>\n<meta property=\"og:type\" content=\"article\" \/>\n<meta property=\"og:title\" content=\"Concha de aluminio para vieiras, 100 uds.\" \/>\n<meta property=\"og:description\" content=\"100 conchas de aluminio, ideales para cocinar y presentar vieiras. Resistentes, pr\u00e1cticas y listas para usar.\" \/>\n<meta property=\"og:url\" content=\"https:\/\/www.csj-emballages.com\/es\/produit\/carcasa-de-aluminio-por-100\/\" \/>\n<meta property=\"og:site_name\" content=\"CSJ Emballages\" \/>\n<meta property=\"article:publisher\" content=\"https:\/\/www.facebook.com\/csjemballages\" \/>\n<meta property=\"article:modified_time\" content=\"2026-05-05T17:00:23+00:00\" \/>\n<meta property=\"og:image\" content=\"https:\/\/www.csj-emballages.com\/wp-content\/uploads\/2025\/01\/COQUIALU.webp\" \/>\n\t<meta property=\"og:image:width\" content=\"800\" \/>\n\t<meta property=\"og:image:height\" content=\"801\" \/>\n\t<meta property=\"og:image:type\" content=\"image\/webp\" \/>\n<meta name=\"twitter:card\" content=\"summary_large_image\" \/>\n<meta name=\"twitter:label1\" content=\"Tiempo de lectura\" \/>\n\t<meta name=\"twitter:data1\" content=\"1 minuto\" \/>\n<script type=\"application\/ld+json\" class=\"yoast-schema-graph\">{\"@context\":\"https:\/\/schema.org\",\"@graph\":[{\"@type\":\"WebPage\",\"@id\":\"https:\/\/www.csj-emballages.com\/es\/produit\/carcasa-de-aluminio-por-100\/\",\"url\":\"https:\/\/www.csj-emballages.com\/es\/produit\/carcasa-de-aluminio-por-100\/\",\"name\":\"Concha de aluminio para vieiras, 100 uds.\",\"isPartOf\":{\"@id\":\"https:\/\/www.csj-emballages.com\/es\/#website\"},\"primaryImageOfPage\":{\"@id\":\"https:\/\/www.csj-emballages.com\/es\/produit\/carcasa-de-aluminio-por-100\/#primaryimage\"},\"image\":{\"@id\":\"https:\/\/www.csj-emballages.com\/es\/produit\/carcasa-de-aluminio-por-100\/#primaryimage\"},\"thumbnailUrl\":\"https:\/\/www.csj-emballages.com\/wp-content\/uploads\/2025\/01\/COQUIALU.webp\",\"datePublished\":\"2025-01-21T16:33:31+00:00\",\"dateModified\":\"2026-05-05T17:00:23+00:00\",\"description\":\"100 conchas de aluminio, ideales para cocinar y presentar vieiras. Resistentes, pr\u00e1cticas y listas para usar.\",\"breadcrumb\":{\"@id\":\"https:\/\/www.csj-emballages.com\/es\/produit\/carcasa-de-aluminio-por-100\/#breadcrumb\"},\"inLanguage\":\"es\",\"potentialAction\":[{\"@type\":\"ReadAction\",\"target\":[\"https:\/\/www.csj-emballages.com\/es\/produit\/carcasa-de-aluminio-por-100\/\"]}]},{\"@type\":\"ImageObject\",\"inLanguage\":\"es\",\"@id\":\"https:\/\/www.csj-emballages.com\/es\/produit\/carcasa-de-aluminio-por-100\/#primaryimage\",\"url\":\"https:\/\/www.csj-emballages.com\/wp-content\/uploads\/2025\/01\/COQUIALU.webp\",\"contentUrl\":\"https:\/\/www.csj-emballages.com\/wp-content\/uploads\/2025\/01\/COQUIALU.webp\",\"width\":800,\"height\":801,\"caption\":\"Coquille aluminium\"},{\"@type\":\"BreadcrumbList\",\"@id\":\"https:\/\/www.csj-emballages.com\/es\/produit\/carcasa-de-aluminio-por-100\/#breadcrumb\",\"itemListElement\":[{\"@type\":\"ListItem\",\"position\":1,\"name\":\"Accueil\",\"item\":\"https:\/\/www.csj-emballages.com\/es\/universo-del-envasado-alimentario\/\"},{\"@type\":\"ListItem\",\"position\":2,\"name\":\"Tienda\",\"item\":\"https:\/\/www.csj-emballages.com\/tienda\/\"},{\"@type\":\"ListItem\",\"position\":3,\"name\":\"Concha de aluminio para vieiras, 100 uds.\"}]},{\"@type\":\"WebSite\",\"@id\":\"https:\/\/www.csj-emballages.com\/es\/#website\",\"url\":\"https:\/\/www.csj-emballages.com\/es\/\",\"name\":\"CSJ Emballages\",\"description\":\"\",\"publisher\":{\"@id\":\"https:\/\/www.csj-emballages.com\/es\/#organization\"},\"potentialAction\":[{\"@type\":\"SearchAction\",\"target\":{\"@type\":\"EntryPoint\",\"urlTemplate\":\"https:\/\/www.csj-emballages.com\/es\/?s={search_term_string}\"},\"query-input\":{\"@type\":\"PropertyValueSpecification\",\"valueRequired\":true,\"valueName\":\"search_term_string\"}}],\"inLanguage\":\"es\"},{\"@type\":\"Organization\",\"@id\":\"https:\/\/www.csj-emballages.com\/es\/#Organization\/\",\"name\":\"CSJ Emballages\",\"url\":\"https:\/\/www.csj-emballages.com\/es\/\",\"logo\":{\"@type\":\"ImageObject\",\"inLanguage\":\"es\",\"@id\":\"https:\/\/www.csj-emballages.com\/es\/#\/schema\/logo\/image\/\",\"url\":\"https:\/\/www.csj-emballages.com\/wp-content\/uploads\/2023\/10\/logo_csj.webp\",\"contentUrl\":\"https:\/\/www.csj-emballages.com\/wp-content\/uploads\/2023\/10\/logo_csj.webp\",\"width\":250,\"height\":95,\"caption\":\"CSJ Emballages\"},\"image\":{\"@id\":\"https:\/\/www.csj-emballages.com\/es\/#\/schema\/logo\/image\/\"},\"sameAs\":[\"https:\/\/www.facebook.com\/csjemballages\"],\"address\":{\"@type\":\"PostalAddress\",\"streetAddress\":\"ZI La Lechere\",\"addressLocality\":\"Patornay\",\"postalCode\":\"39130\",\"addressCountry\":\"FR\"},\"contactPoint\":[{\"@type\":\"ContactPoint\",\"contactType\":\"Service client\",\"telephone\":\"0384254272\",\"email\":\"contact@csj-emballages.com\"}]}]}<\/script>\n<!-- \/ Yoast SEO Premium plugin. -->","yoast_head_json":{"title":"Concha de aluminio para vieiras, 100 uds.","description":"100 conchas de aluminio, ideales para cocinar y presentar vieiras. Resistentes, pr\u00e1cticas y listas para usar.","robots":{"index":"index","follow":"follow","max-snippet":"max-snippet:-1","max-image-preview":"max-image-preview:large","max-video-preview":"max-video-preview:-1"},"canonical":"https:\/\/www.csj-emballages.com\/es\/produit\/carcasa-de-aluminio-por-100\/","og_locale":"es_ES","og_type":"article","og_title":"Concha de aluminio para vieiras, 100 uds.","og_description":"100 conchas de aluminio, ideales para cocinar y presentar vieiras. Resistentes, pr\u00e1cticas y listas para usar.","og_url":"https:\/\/www.csj-emballages.com\/es\/produit\/carcasa-de-aluminio-por-100\/","og_site_name":"CSJ Emballages","article_publisher":"https:\/\/www.facebook.com\/csjemballages","article_modified_time":"2026-05-05T17:00:23+00:00","og_image":[{"width":800,"height":801,"url":"https:\/\/www.csj-emballages.com\/wp-content\/uploads\/2025\/01\/COQUIALU.webp","type":"image\/webp"}],"twitter_card":"summary_large_image","twitter_misc":{"Tiempo de lectura":"1 minuto"},"schema":{"@context":"https:\/\/schema.org","@graph":[{"@type":"WebPage","@id":"https:\/\/www.csj-emballages.com\/es\/produit\/carcasa-de-aluminio-por-100\/","url":"https:\/\/www.csj-emballages.com\/es\/produit\/carcasa-de-aluminio-por-100\/","name":"Concha de aluminio para vieiras, 100 uds.","isPartOf":{"@id":"https:\/\/www.csj-emballages.com\/es\/#website"},"primaryImageOfPage":{"@id":"https:\/\/www.csj-emballages.com\/es\/produit\/carcasa-de-aluminio-por-100\/#primaryimage"},"image":{"@id":"https:\/\/www.csj-emballages.com\/es\/produit\/carcasa-de-aluminio-por-100\/#primaryimage"},"thumbnailUrl":"https:\/\/www.csj-emballages.com\/wp-content\/uploads\/2025\/01\/COQUIALU.webp","datePublished":"2025-01-21T16:33:31+00:00","dateModified":"2026-05-05T17:00:23+00:00","description":"100 conchas de aluminio, ideales para cocinar y presentar vieiras. Resistentes, pr\u00e1cticas y listas para usar.","breadcrumb":{"@id":"https:\/\/www.csj-emballages.com\/es\/produit\/carcasa-de-aluminio-por-100\/#breadcrumb"},"inLanguage":"es","potentialAction":[{"@type":"ReadAction","target":["https:\/\/www.csj-emballages.com\/es\/produit\/carcasa-de-aluminio-por-100\/"]}]},{"@type":"ImageObject","inLanguage":"es","@id":"https:\/\/www.csj-emballages.com\/es\/produit\/carcasa-de-aluminio-por-100\/#primaryimage","url":"https:\/\/www.csj-emballages.com\/wp-content\/uploads\/2025\/01\/COQUIALU.webp","contentUrl":"https:\/\/www.csj-emballages.com\/wp-content\/uploads\/2025\/01\/COQUIALU.webp","width":800,"height":801,"caption":"Coquille aluminium"},{"@type":"BreadcrumbList","@id":"https:\/\/www.csj-emballages.com\/es\/produit\/carcasa-de-aluminio-por-100\/#breadcrumb","itemListElement":[{"@type":"ListItem","position":1,"name":"Accueil","item":"https:\/\/www.csj-emballages.com\/es\/universo-del-envasado-alimentario\/"},{"@type":"ListItem","position":2,"name":"Tienda","item":"https:\/\/www.csj-emballages.com\/tienda\/"},{"@type":"ListItem","position":3,"name":"Concha de aluminio para vieiras, 100 uds."}]},{"@type":"WebSite","@id":"https:\/\/www.csj-emballages.com\/es\/#website","url":"https:\/\/www.csj-emballages.com\/es\/","name":"CSJ Emballages","description":"","publisher":{"@id":"https:\/\/www.csj-emballages.com\/es\/#organization"},"potentialAction":[{"@type":"SearchAction","target":{"@type":"EntryPoint","urlTemplate":"https:\/\/www.csj-emballages.com\/es\/?s={search_term_string}"},"query-input":{"@type":"PropertyValueSpecification","valueRequired":true,"valueName":"search_term_string"}}],"inLanguage":"es"},{"@type":"Organization","@id":"https:\/\/www.csj-emballages.com\/es\/#Organization\/","name":"CSJ Emballages","url":"https:\/\/www.csj-emballages.com\/es\/","logo":{"@type":"ImageObject","inLanguage":"es","@id":"https:\/\/www.csj-emballages.com\/es\/#\/schema\/logo\/image\/","url":"https:\/\/www.csj-emballages.com\/wp-content\/uploads\/2023\/10\/logo_csj.webp","contentUrl":"https:\/\/www.csj-emballages.com\/wp-content\/uploads\/2023\/10\/logo_csj.webp","width":250,"height":95,"caption":"CSJ Emballages"},"image":{"@id":"https:\/\/www.csj-emballages.com\/es\/#\/schema\/logo\/image\/"},"sameAs":["https:\/\/www.facebook.com\/csjemballages"],"address":{"@type":"PostalAddress","streetAddress":"ZI La Lechere","addressLocality":"Patornay","postalCode":"39130","addressCountry":"FR"},"contactPoint":[{"@type":"ContactPoint","contactType":"Service client","telephone":"0384254272","email":"contact@csj-emballages.com"}]}]}},"df_price":4.98,"df_sale_price":"","df_regular_price":4.98,"df_image_link":"https:\/\/www.csj-emballages.com\/wp-content\/uploads\/2025\/01\/COQUIALU-300x300.webp","tiered_pricing_type":"fixed","tiered_pricing_fixed_rules":[],"tiered_pricing_percentage_rules":[],"tiered_pricing_minimum":1,"tiered_pricing_roles_data":[],"_links":{"self":[{"href":"https:\/\/www.csj-emballages.com\/es\/wp-json\/wp\/v2\/product\/226756","targetHints":{"allow":["GET"]}}],"collection":[{"href":"https:\/\/www.csj-emballages.com\/es\/wp-json\/wp\/v2\/product"}],"about":[{"href":"https:\/\/www.csj-emballages.com\/es\/wp-json\/wp\/v2\/types\/product"}],"wp:featuredmedia":[{"embeddable":true,"href":"https:\/\/www.csj-emballages.com\/es\/wp-json\/wp\/v2\/media\/232662"}],"wp:attachment":[{"href":"https:\/\/www.csj-emballages.com\/es\/wp-json\/wp\/v2\/media?parent=226756"}],"wp:term":[{"taxonomy":"product_brand","embeddable":true,"href":"https:\/\/www.csj-emballages.com\/es\/wp-json\/wp\/v2\/product_brand?post=226756"},{"taxonomy":"product_cat","embeddable":true,"href":"https:\/\/www.csj-emballages.com\/es\/wp-json\/wp\/v2\/product_cat?post=226756"},{"taxonomy":"product_tag","embeddable":true,"href":"https:\/\/www.csj-emballages.com\/es\/wp-json\/wp\/v2\/product_tag?post=226756"}],"curies":[{"name":"wp","href":"https:\/\/api.w.org\/{rel}","templated":true}]}}