{"id":226680,"date":"2024-03-01T16:54:54","date_gmt":"2024-03-01T15:54:54","guid":{"rendered":"https:\/\/www.csj-emballages.com\/produit\/100-charlottes-blancos-tipo-acordeon-48-cm-o-no-tejidos\/"},"modified":"2026-05-01T02:11:47","modified_gmt":"2026-05-01T00:11:47","slug":"100-charlottes-blancos-tipo-acordeon-48-cm-o-no-tejidos","status":"publish","type":"product","link":"https:\/\/www.csj-emballages.com\/es\/produit\/100-charlottes-blancos-tipo-acordeon-48-cm-o-no-tejidos\/","title":{"rendered":"Gorro blanco acorde\u00f3n de 48 cm de di\u00e1metro, no tejido, en paquetes de 100"},"content":{"rendered":"<h2>Gorro blanco<\/h2>\n<hr>\n<h3>Descubra nuestro gorro blanco acorde\u00f3n de 48 cm de di\u00e1metro, no tejido, en paquetes de 100<\/h3>\n<p><!--more--><\/p>\n<p data-start=\"289\" data-end=\"619\">Discreto, pr\u00e1ctico y agradable de llevar, este <strong data-start=\"336\" data-end=\"373\">gorro blanco acorde\u00f3n de \u00d8 48 cm<\/strong> es ideal para todos los entornos donde la higiene es esencial. En cuanto se pone, se olvida. Su <strong>formato acorde\u00f3n<\/strong> se adapta f\u00e1cilmente a la cabeza sin apretar, lo que permite trabajar c\u00f3modamente, incluso durante varias horas.  <\/p>\n<p data-start=\"621\" data-end=\"994\">Fabricado en <strong data-start=\"634\" data-end=\"656\">material no tejido<\/strong>, deja <strong>respirar el cuero cabelludo<\/strong> al tiempo que garantiza una protecci\u00f3n eficaz contra la ca\u00edda del cabello. Gracias a su <strong>el\u00e1stico flexible<\/strong>, se adapta a diferentes morfolog\u00edas sin resbalar ni marcar. Es exactamente el tipo de producto que se utiliza a diario sin pensar, pero que marca la diferencia en el \u00e1mbito sanitario.  <\/p>\n<p data-start=\"996\" data-end=\"1353\">Su <strong data-start=\"1000\" data-end=\"1016\">color blanco<\/strong> aporta un resultado <strong>m\u00e1s limpio<\/strong>. Por lo tanto, es perfecto para los oficios de la alimentaci\u00f3n, las cocinas profesionales, los laboratorios, pero tambi\u00e9n para los sectores de la industria, la limpieza o el m\u00e9dico. Permite respetar las normas de higiene manteniendo un aspecto cuidado.  <\/p>\n<p data-start=\"1355\" data-end=\"1678\">Vendido <strong data-start=\"1362\" data-end=\"1380\">en lotes de 100<\/strong>, este <strong>gorro<\/strong> tambi\u00e9n es una opci\u00f3n pr\u00e1ctica para la gesti\u00f3n de existencias. Siempre tiene lo que necesita a mano para equipar a su equipo o a sus visitantes, sin riesgo de rotura de stock. Se utiliza una sola vez, se desecha f\u00e1cilmente y garantiza una higiene impecable en cada uso.  <\/p>\n<p data-start=\"1680\" data-end=\"1896\">En resumen, este <strong>gorro blanco acorde\u00f3n<\/strong> combina comodidad, eficacia y discreci\u00f3n. Se integra de forma natural en su rutina profesional y responde perfectamente a las exigencias de los entornos controlados. <\/p>\n<p data-start=\"1680\" data-end=\"1896\"><!--more--><\/p>\n<h4 data-start=\"1680\" data-end=\"1896\">Ventajas :<\/h4>\n<ul>\n<li data-start=\"1924\" data-end=\"1979\"><strong>Tama\u00f1o \u00d8 48 cm<\/strong> adaptado a la mayor\u00eda de los usuarios.<\/li>\n<li data-start=\"1982\" data-end=\"2023\"><strong>Material no tejido<\/strong> ligero y transpirable.<\/li>\n<li data-start=\"2026\" data-end=\"2074\">El\u00e1stico c\u00f3modo, sin presi\u00f3n excesiva.<\/li>\n<li data-start=\"2077\" data-end=\"2116\"><strong>Color blanco<\/strong> limpio y profesional.<\/li>\n<li data-start=\"2119\" data-end=\"2159\">De un solo uso para una higiene \u00f3ptima.<\/li>\n<li data-start=\"2162\" data-end=\"2192\">Lote econ\u00f3mico de <strong>100 unidades<\/strong>.<\/li>\n<\/ul>\n<p>&nbsp;<\/p>\n<p><!--more--><\/p>\n<h4>Informaci\u00f3n adicional :<\/h4>\n<ul>\n<li><strong>Embalaje<\/strong>: Paquete de 100<\/li>\n<li><strong>Di\u00e1metro<\/strong>: 48 cm<\/li>\n<li><strong>Dimensiones<\/strong>: 270 x 240 x 40 mm<\/li>\n<li><strong>Material<\/strong>: Polipropileno no tejido<\/li>\n<li><strong>Color<\/strong>: blanco<\/li>\n<\/ul>\n<p>&nbsp;<\/p>\n<p><!--more--><\/p>\n<p>Este gorro blanco tambi\u00e9n est\u00e1 disponible en negro: <span style=\"color: #d12727;\"><a style=\"color: #d12727;\" href=\"https:\/\/www.csj-emballages.com\/produit\/100-charlottes-noires-accordeon-48-cm-o-non-tissees\/\">CHARLN<\/a><\/span><\/p>\n<h3><\/h3>\n<p><!--more--><\/p>\n<p><a href=\"https:\/\/www.csj-emballages.com\/es\/categorie-produit\/higiene-y-mantenimiento\/equipamiento-individual\/charlottes-es\/\">Consulte el resto de nuestra gama de gorros<\/a><\/p>\n","protected":false},"excerpt":{"rendered":"<p>Gorro blanco Descubra nuestro gorro blanco acorde\u00f3n de 48 cm de di\u00e1metro, no tejido, en paquetes de 100<\/p>\n","protected":false},"featured_media":12281,"template":"","meta":{"_acf_changed":false},"product_brand":[],"product_cat":[1226,2325,3846],"product_tag":[],"class_list":{"0":"post-226680","1":"product","2":"type-product","3":"status-publish","4":"has-post-thumbnail","6":"product_cat-higiene-y-mantenimiento","7":"product_cat-equipamiento-individual","8":"product_cat-charlottes-es","10":"first","11":"instock","12":"taxable","13":"shipping-taxable","14":"purchasable","15":"product-type-simple"},"acf":[],"yoast_head":"<!-- This site is optimized with the Yoast SEO Premium plugin v26.6 (Yoast SEO v26.6) - https:\/\/yoast.com\/wordpress\/plugins\/seo\/ -->\n<title>Gorro blanco acorde\u00f3n de 48 cm de di\u00e1metro, no tejido, en paquetes de 100<\/title>\n<meta name=\"description\" content=\"Gorro blanco acorde\u00f3n de \u00d8 48 cm no tejido. C\u00f3modo e ideal para garantizar una higiene impecable en el entorno profesional.\" \/>\n<meta name=\"robots\" content=\"index, follow, max-snippet:-1, max-image-preview:large, max-video-preview:-1\" \/>\n<link rel=\"canonical\" href=\"https:\/\/www.csj-emballages.com\/es\/produit\/100-charlottes-blancos-tipo-acordeon-48-cm-o-no-tejidos\/\" \/>\n<meta property=\"og:locale\" content=\"es_ES\" \/>\n<meta property=\"og:type\" content=\"article\" \/>\n<meta property=\"og:title\" content=\"Gorro blanco acorde\u00f3n de 48 cm de di\u00e1metro, no tejido, en paquetes de 100\" \/>\n<meta property=\"og:description\" content=\"Gorro blanco acorde\u00f3n de \u00d8 48 cm no tejido. C\u00f3modo e ideal para garantizar una higiene impecable en el entorno profesional.\" \/>\n<meta property=\"og:url\" content=\"https:\/\/www.csj-emballages.com\/es\/produit\/100-charlottes-blancos-tipo-acordeon-48-cm-o-no-tejidos\/\" \/>\n<meta property=\"og:site_name\" content=\"CSJ Emballages\" \/>\n<meta property=\"article:publisher\" content=\"https:\/\/www.facebook.com\/csjemballages\" \/>\n<meta property=\"article:modified_time\" content=\"2026-05-01T00:11:47+00:00\" \/>\n<meta property=\"og:image\" content=\"https:\/\/www.csj-emballages.com\/wp-content\/uploads\/2024\/03\/ItemCHARLACCORD.png\" \/>\n\t<meta property=\"og:image:width\" content=\"300\" \/>\n\t<meta property=\"og:image:height\" content=\"300\" \/>\n\t<meta property=\"og:image:type\" content=\"image\/png\" \/>\n<meta name=\"twitter:card\" content=\"summary_large_image\" \/>\n<meta name=\"twitter:label1\" content=\"Tiempo de lectura\" \/>\n\t<meta name=\"twitter:data1\" content=\"2 minutos\" \/>\n<script type=\"application\/ld+json\" class=\"yoast-schema-graph\">{\"@context\":\"https:\/\/schema.org\",\"@graph\":[{\"@type\":\"WebPage\",\"@id\":\"https:\/\/www.csj-emballages.com\/es\/produit\/100-charlottes-blancos-tipo-acordeon-48-cm-o-no-tejidos\/\",\"url\":\"https:\/\/www.csj-emballages.com\/es\/produit\/100-charlottes-blancos-tipo-acordeon-48-cm-o-no-tejidos\/\",\"name\":\"Gorro blanco acorde\u00f3n de 48 cm de di\u00e1metro, no tejido, en paquetes de 100\",\"isPartOf\":{\"@id\":\"https:\/\/www.csj-emballages.com\/es\/#website\"},\"primaryImageOfPage\":{\"@id\":\"https:\/\/www.csj-emballages.com\/es\/produit\/100-charlottes-blancos-tipo-acordeon-48-cm-o-no-tejidos\/#primaryimage\"},\"image\":{\"@id\":\"https:\/\/www.csj-emballages.com\/es\/produit\/100-charlottes-blancos-tipo-acordeon-48-cm-o-no-tejidos\/#primaryimage\"},\"thumbnailUrl\":\"https:\/\/www.csj-emballages.com\/wp-content\/uploads\/2024\/03\/ItemCHARLACCORD.png\",\"datePublished\":\"2024-03-01T15:54:54+00:00\",\"dateModified\":\"2026-05-01T00:11:47+00:00\",\"description\":\"Gorro blanco acorde\u00f3n de \u00d8 48 cm no tejido. C\u00f3modo e ideal para garantizar una higiene impecable en el entorno profesional.\",\"breadcrumb\":{\"@id\":\"https:\/\/www.csj-emballages.com\/es\/produit\/100-charlottes-blancos-tipo-acordeon-48-cm-o-no-tejidos\/#breadcrumb\"},\"inLanguage\":\"es\",\"potentialAction\":[{\"@type\":\"ReadAction\",\"target\":[\"https:\/\/www.csj-emballages.com\/es\/produit\/100-charlottes-blancos-tipo-acordeon-48-cm-o-no-tejidos\/\"]}]},{\"@type\":\"ImageObject\",\"inLanguage\":\"es\",\"@id\":\"https:\/\/www.csj-emballages.com\/es\/produit\/100-charlottes-blancos-tipo-acordeon-48-cm-o-no-tejidos\/#primaryimage\",\"url\":\"https:\/\/www.csj-emballages.com\/wp-content\/uploads\/2024\/03\/ItemCHARLACCORD.png\",\"contentUrl\":\"https:\/\/www.csj-emballages.com\/wp-content\/uploads\/2024\/03\/ItemCHARLACCORD.png\",\"width\":300,\"height\":300,\"caption\":\"Charlotte blanche\"},{\"@type\":\"BreadcrumbList\",\"@id\":\"https:\/\/www.csj-emballages.com\/es\/produit\/100-charlottes-blancos-tipo-acordeon-48-cm-o-no-tejidos\/#breadcrumb\",\"itemListElement\":[{\"@type\":\"ListItem\",\"position\":1,\"name\":\"Accueil\",\"item\":\"https:\/\/www.csj-emballages.com\/es\/universo-del-envasado-alimentario\/\"},{\"@type\":\"ListItem\",\"position\":2,\"name\":\"Tienda\",\"item\":\"https:\/\/www.csj-emballages.com\/tienda\/\"},{\"@type\":\"ListItem\",\"position\":3,\"name\":\"Gorro blanco acorde\u00f3n de 48 cm de di\u00e1metro, no tejido, en paquetes de 100\"}]},{\"@type\":\"WebSite\",\"@id\":\"https:\/\/www.csj-emballages.com\/es\/#website\",\"url\":\"https:\/\/www.csj-emballages.com\/es\/\",\"name\":\"CSJ Emballages\",\"description\":\"\",\"publisher\":{\"@id\":\"https:\/\/www.csj-emballages.com\/es\/#organization\"},\"potentialAction\":[{\"@type\":\"SearchAction\",\"target\":{\"@type\":\"EntryPoint\",\"urlTemplate\":\"https:\/\/www.csj-emballages.com\/es\/?s={search_term_string}\"},\"query-input\":{\"@type\":\"PropertyValueSpecification\",\"valueRequired\":true,\"valueName\":\"search_term_string\"}}],\"inLanguage\":\"es\"},{\"@type\":\"Organization\",\"@id\":\"https:\/\/www.csj-emballages.com\/es\/#Organization\/\",\"name\":\"CSJ Emballages\",\"url\":\"https:\/\/www.csj-emballages.com\/es\/\",\"logo\":{\"@type\":\"ImageObject\",\"inLanguage\":\"es\",\"@id\":\"https:\/\/www.csj-emballages.com\/es\/#\/schema\/logo\/image\/\",\"url\":\"https:\/\/www.csj-emballages.com\/wp-content\/uploads\/2023\/10\/logo_csj.webp\",\"contentUrl\":\"https:\/\/www.csj-emballages.com\/wp-content\/uploads\/2023\/10\/logo_csj.webp\",\"width\":250,\"height\":95,\"caption\":\"CSJ Emballages\"},\"image\":{\"@id\":\"https:\/\/www.csj-emballages.com\/es\/#\/schema\/logo\/image\/\"},\"sameAs\":[\"https:\/\/www.facebook.com\/csjemballages\"],\"address\":{\"@type\":\"PostalAddress\",\"streetAddress\":\"ZI La Lechere\",\"addressLocality\":\"Patornay\",\"postalCode\":\"39130\",\"addressCountry\":\"FR\"},\"contactPoint\":[{\"@type\":\"ContactPoint\",\"contactType\":\"Service client\",\"telephone\":\"0384254272\",\"email\":\"contact@csj-emballages.com\"}]}]}<\/script>\n<!-- \/ Yoast SEO Premium plugin. -->","yoast_head_json":{"title":"Gorro blanco acorde\u00f3n de 48 cm de di\u00e1metro, no tejido, en paquetes de 100","description":"Gorro blanco acorde\u00f3n de \u00d8 48 cm no tejido. C\u00f3modo e ideal para garantizar una higiene impecable en el entorno profesional.","robots":{"index":"index","follow":"follow","max-snippet":"max-snippet:-1","max-image-preview":"max-image-preview:large","max-video-preview":"max-video-preview:-1"},"canonical":"https:\/\/www.csj-emballages.com\/es\/produit\/100-charlottes-blancos-tipo-acordeon-48-cm-o-no-tejidos\/","og_locale":"es_ES","og_type":"article","og_title":"Gorro blanco acorde\u00f3n de 48 cm de di\u00e1metro, no tejido, en paquetes de 100","og_description":"Gorro blanco acorde\u00f3n de \u00d8 48 cm no tejido. C\u00f3modo e ideal para garantizar una higiene impecable en el entorno profesional.","og_url":"https:\/\/www.csj-emballages.com\/es\/produit\/100-charlottes-blancos-tipo-acordeon-48-cm-o-no-tejidos\/","og_site_name":"CSJ Emballages","article_publisher":"https:\/\/www.facebook.com\/csjemballages","article_modified_time":"2026-05-01T00:11:47+00:00","og_image":[{"width":300,"height":300,"url":"https:\/\/www.csj-emballages.com\/wp-content\/uploads\/2024\/03\/ItemCHARLACCORD.png","type":"image\/png"}],"twitter_card":"summary_large_image","twitter_misc":{"Tiempo de lectura":"2 minutos"},"schema":{"@context":"https:\/\/schema.org","@graph":[{"@type":"WebPage","@id":"https:\/\/www.csj-emballages.com\/es\/produit\/100-charlottes-blancos-tipo-acordeon-48-cm-o-no-tejidos\/","url":"https:\/\/www.csj-emballages.com\/es\/produit\/100-charlottes-blancos-tipo-acordeon-48-cm-o-no-tejidos\/","name":"Gorro blanco acorde\u00f3n de 48 cm de di\u00e1metro, no tejido, en paquetes de 100","isPartOf":{"@id":"https:\/\/www.csj-emballages.com\/es\/#website"},"primaryImageOfPage":{"@id":"https:\/\/www.csj-emballages.com\/es\/produit\/100-charlottes-blancos-tipo-acordeon-48-cm-o-no-tejidos\/#primaryimage"},"image":{"@id":"https:\/\/www.csj-emballages.com\/es\/produit\/100-charlottes-blancos-tipo-acordeon-48-cm-o-no-tejidos\/#primaryimage"},"thumbnailUrl":"https:\/\/www.csj-emballages.com\/wp-content\/uploads\/2024\/03\/ItemCHARLACCORD.png","datePublished":"2024-03-01T15:54:54+00:00","dateModified":"2026-05-01T00:11:47+00:00","description":"Gorro blanco acorde\u00f3n de \u00d8 48 cm no tejido. C\u00f3modo e ideal para garantizar una higiene impecable en el entorno profesional.","breadcrumb":{"@id":"https:\/\/www.csj-emballages.com\/es\/produit\/100-charlottes-blancos-tipo-acordeon-48-cm-o-no-tejidos\/#breadcrumb"},"inLanguage":"es","potentialAction":[{"@type":"ReadAction","target":["https:\/\/www.csj-emballages.com\/es\/produit\/100-charlottes-blancos-tipo-acordeon-48-cm-o-no-tejidos\/"]}]},{"@type":"ImageObject","inLanguage":"es","@id":"https:\/\/www.csj-emballages.com\/es\/produit\/100-charlottes-blancos-tipo-acordeon-48-cm-o-no-tejidos\/#primaryimage","url":"https:\/\/www.csj-emballages.com\/wp-content\/uploads\/2024\/03\/ItemCHARLACCORD.png","contentUrl":"https:\/\/www.csj-emballages.com\/wp-content\/uploads\/2024\/03\/ItemCHARLACCORD.png","width":300,"height":300,"caption":"Charlotte blanche"},{"@type":"BreadcrumbList","@id":"https:\/\/www.csj-emballages.com\/es\/produit\/100-charlottes-blancos-tipo-acordeon-48-cm-o-no-tejidos\/#breadcrumb","itemListElement":[{"@type":"ListItem","position":1,"name":"Accueil","item":"https:\/\/www.csj-emballages.com\/es\/universo-del-envasado-alimentario\/"},{"@type":"ListItem","position":2,"name":"Tienda","item":"https:\/\/www.csj-emballages.com\/tienda\/"},{"@type":"ListItem","position":3,"name":"Gorro blanco acorde\u00f3n de 48 cm de di\u00e1metro, no tejido, en paquetes de 100"}]},{"@type":"WebSite","@id":"https:\/\/www.csj-emballages.com\/es\/#website","url":"https:\/\/www.csj-emballages.com\/es\/","name":"CSJ Emballages","description":"","publisher":{"@id":"https:\/\/www.csj-emballages.com\/es\/#organization"},"potentialAction":[{"@type":"SearchAction","target":{"@type":"EntryPoint","urlTemplate":"https:\/\/www.csj-emballages.com\/es\/?s={search_term_string}"},"query-input":{"@type":"PropertyValueSpecification","valueRequired":true,"valueName":"search_term_string"}}],"inLanguage":"es"},{"@type":"Organization","@id":"https:\/\/www.csj-emballages.com\/es\/#Organization\/","name":"CSJ Emballages","url":"https:\/\/www.csj-emballages.com\/es\/","logo":{"@type":"ImageObject","inLanguage":"es","@id":"https:\/\/www.csj-emballages.com\/es\/#\/schema\/logo\/image\/","url":"https:\/\/www.csj-emballages.com\/wp-content\/uploads\/2023\/10\/logo_csj.webp","contentUrl":"https:\/\/www.csj-emballages.com\/wp-content\/uploads\/2023\/10\/logo_csj.webp","width":250,"height":95,"caption":"CSJ Emballages"},"image":{"@id":"https:\/\/www.csj-emballages.com\/es\/#\/schema\/logo\/image\/"},"sameAs":["https:\/\/www.facebook.com\/csjemballages"],"address":{"@type":"PostalAddress","streetAddress":"ZI La Lechere","addressLocality":"Patornay","postalCode":"39130","addressCountry":"FR"},"contactPoint":[{"@type":"ContactPoint","contactType":"Service client","telephone":"0384254272","email":"contact@csj-emballages.com"}]}]}},"df_price":1.99,"df_sale_price":"","df_regular_price":1.99,"df_image_link":"https:\/\/www.csj-emballages.com\/wp-content\/uploads\/2024\/03\/ItemCHARLACCORD.png","tiered_pricing_type":"fixed","tiered_pricing_fixed_rules":[],"tiered_pricing_percentage_rules":[],"tiered_pricing_minimum":1,"tiered_pricing_roles_data":[],"_links":{"self":[{"href":"https:\/\/www.csj-emballages.com\/es\/wp-json\/wp\/v2\/product\/226680","targetHints":{"allow":["GET"]}}],"collection":[{"href":"https:\/\/www.csj-emballages.com\/es\/wp-json\/wp\/v2\/product"}],"about":[{"href":"https:\/\/www.csj-emballages.com\/es\/wp-json\/wp\/v2\/types\/product"}],"wp:featuredmedia":[{"embeddable":true,"href":"https:\/\/www.csj-emballages.com\/es\/wp-json\/wp\/v2\/media\/12281"}],"wp:attachment":[{"href":"https:\/\/www.csj-emballages.com\/es\/wp-json\/wp\/v2\/media?parent=226680"}],"wp:term":[{"taxonomy":"product_brand","embeddable":true,"href":"https:\/\/www.csj-emballages.com\/es\/wp-json\/wp\/v2\/product_brand?post=226680"},{"taxonomy":"product_cat","embeddable":true,"href":"https:\/\/www.csj-emballages.com\/es\/wp-json\/wp\/v2\/product_cat?post=226680"},{"taxonomy":"product_tag","embeddable":true,"href":"https:\/\/www.csj-emballages.com\/es\/wp-json\/wp\/v2\/product_tag?post=226680"}],"curies":[{"name":"wp","href":"https:\/\/api.w.org\/{rel}","templated":true}]}}