{"id":22663,"date":"2024-03-01T16:50:26","date_gmt":"2024-03-01T15:50:26","guid":{"rendered":"https:\/\/u15jnbdpoq.preview.infomaniak.website\/produit\/50-portavasos-de-carton-rasgable\/"},"modified":"2026-04-30T10:01:38","modified_gmt":"2026-04-30T08:01:38","slug":"50-portavasos-de-carton-rasgable","status":"publish","type":"product","link":"https:\/\/www.csj-emballages.com\/es\/produit\/50-portavasos-de-carton-rasgable\/","title":{"rendered":"Portavasos de cart\u00f3n rasgable, 50"},"content":{"rendered":"<h2>Portavasos<\/h2>\n<hr>\n<h3>Descripci\u00f3n de nuestro portavasos de cart\u00f3n rasgable (50 unidades)<\/h3>\n<p><!--more--><\/p>\n<p data-start=\"277\" data-end=\"628\">Cuando hay que llevar varias bebidas a la vez, este <strong data-start=\"335\" data-end=\"374\">portavasos de cart\u00f3n rasgable<\/strong> se convierte r\u00e1pidamente en indispensable. Permite transportar hasta <strong data-start=\"436\" data-end=\"450\">4 tazas<\/strong> de forma estable y sin estr\u00e9s, sin riesgo de derrames. Ya sea para caf\u00e9, t\u00e9, refrescos o bebidas calientes, todo se mantiene en su sitio durante el viaje.  <\/p>\n<p data-start=\"630\" data-end=\"947\">Su verdadero punto fuerte es la <strong data-start=\"660\" data-end=\"683\">funci\u00f3n de rasgado<\/strong>. Con unos sencillos movimientos, puede adaptar el soporte a sus necesidades: <strong>1, 2, 3 \u00f3 4 tazas<\/strong>. Es sencillo, r\u00e1pido y, sobre todo, pr\u00e1ctico para la venta para llevar. Evita el desperdicio y utiliza s\u00f3lo lo que necesita, sin multiplicar los envases.   <\/p>\n<p data-start=\"949\" data-end=\"1301\">Fabricado en <strong data-start=\"961\" data-end=\"977\">cart\u00f3n moldeado<\/strong>, este <strong>portavasos de cart\u00f3n<\/strong> es f\u00e1cil de sujetar y absorbe ligeramente la humedad. Como resultado, los <strong>vasos<\/strong> se sujetan mejor y son m\u00e1s c\u00f3modos de llevar, tanto para su personal como para sus clientes. Se desliza f\u00e1cilmente sobre el mostrador y puede dispensarse sin p\u00e9rdida de tiempo, incluso en horas punta.  <\/p>\n<p data-start=\"1303\" data-end=\"1535\">Se vende <strong data-start=\"1309\" data-end=\"1326\">en paquetes de 50<\/strong> unidades y es perfecto para cafeter\u00edas, establecimientos de comida r\u00e1pida, bares, panader\u00edas y food-trucks. Discreto, robusto y funcional, simplifica el servicio al tiempo que ofrece una soluci\u00f3n fiable a diario. <\/p>\n<p data-start=\"1537\" data-end=\"1657\">En resumen, es un accesorio inteligente que facilita la venta de comida para llevar y mejora la experiencia del cliente, sin complicaciones.<\/p>\n<p data-start=\"1537\" data-end=\"1657\">\n<p><!--more--><\/p>\n<p>Este <strong>portavasos<\/strong> es compatible con capacidades de <strong>240 ml<\/strong> a <strong>650 ml<\/strong> (tazas de caf\u00e9 y\/o tarros de batidos).<\/p>\n<p>&nbsp;<\/p>\n<p><!--more--><\/p>\n<h4>Ventajas :<\/h4>\n<ul>\n<li data-start=\"1685\" data-end=\"1725\">Transporte seguro para hasta <strong>4 tazas<\/strong>.<\/li>\n<li data-start=\"1728\" data-end=\"1769\"><strong>Puede abrirse<\/strong> en funci\u00f3n del n\u00famero de bebidas.<\/li>\n<li data-start=\"1772\" data-end=\"1807\">Buena estabilidad y agarre.<\/li>\n<li data-start=\"1810\" data-end=\"1837\">Ahorra tiempo al servir.<\/li>\n<li data-start=\"1840\" data-end=\"1866\">Pr\u00e1ctico paquete de <strong>50<\/strong>.<\/li>\n<\/ul>\n<p>&nbsp;<\/p>\n<p><!--more--><\/p>\n<h4>Informaci\u00f3n adicional :<\/h4>\n<ul>\n<li><strong>Envase<\/strong>: Paquete de 50<\/li>\n<li><strong>Dimensiones<\/strong>: 220 x 185 x 45 mm (L x A x A)<\/li>\n<li><strong>Material<\/strong>: Cart\u00f3n<\/li>\n<li><strong>Capacidad<\/strong>: 4 parcelas<\/li>\n<\/ul>\n<p>&nbsp;<\/p>\n<p><!--more--><\/p>\n<p><a href=\"https:\/\/www.csj-emballages.com\/es\/categorie-produit\/envasado-de-alimentos\/catering-es\/ollas-cuencos-portavasos\/portavasos\/\">Ver el resto de nuestra gama de portavasos<\/a><\/p>\n","protected":false},"excerpt":{"rendered":"<p>Portavasos Descripci\u00f3n de nuestro portavasos de cart\u00f3n rasgable (50 unidades)<\/p>\n","protected":false},"featured_media":203502,"template":"","meta":{"_acf_changed":false},"product_brand":[],"product_cat":[1150,1179,3159],"product_tag":[],"class_list":{"0":"post-22663","1":"product","2":"type-product","3":"status-publish","4":"has-post-thumbnail","6":"product_cat-envasado-de-alimentos","7":"product_cat-catering-es","8":"product_cat-portavasos","10":"first","11":"instock","12":"taxable","13":"shipping-taxable","14":"purchasable","15":"product-type-simple"},"acf":[],"yoast_head":"<!-- This site is optimized with the Yoast SEO Premium plugin v26.6 (Yoast SEO v26.6) - https:\/\/yoast.com\/wordpress\/plugins\/seo\/ -->\n<title>Portavasos de cart\u00f3n rasgable, 50<\/title>\n<meta name=\"description\" content=\"Descubra nuestro portavasos de cart\u00f3n para 4 bebidas. Dimensiones: 220 x 185 x 45 mm. Este producto se vende en paquetes de 50 unidades.\" \/>\n<meta name=\"robots\" content=\"index, follow, max-snippet:-1, max-image-preview:large, max-video-preview:-1\" \/>\n<link rel=\"canonical\" href=\"https:\/\/www.csj-emballages.com\/es\/produit\/50-portavasos-de-carton-rasgable\/\" \/>\n<meta property=\"og:locale\" content=\"es_ES\" \/>\n<meta property=\"og:type\" content=\"article\" \/>\n<meta property=\"og:title\" content=\"Portavasos de cart\u00f3n rasgable, 50\" \/>\n<meta property=\"og:description\" content=\"Descubra nuestro portavasos de cart\u00f3n para 4 bebidas. Dimensiones: 220 x 185 x 45 mm. Este producto se vende en paquetes de 50 unidades.\" \/>\n<meta property=\"og:url\" content=\"https:\/\/www.csj-emballages.com\/es\/produit\/50-portavasos-de-carton-rasgable\/\" \/>\n<meta property=\"og:site_name\" content=\"CSJ Emballages\" \/>\n<meta property=\"article:publisher\" content=\"https:\/\/www.facebook.com\/csjemballages\" \/>\n<meta property=\"article:modified_time\" content=\"2026-04-30T08:01:38+00:00\" \/>\n<meta property=\"og:image\" content=\"https:\/\/www.csj-emballages.com\/wp-content\/uploads\/2024\/03\/Porte-gobelets.webp\" \/>\n\t<meta property=\"og:image:width\" content=\"800\" \/>\n\t<meta property=\"og:image:height\" content=\"800\" \/>\n\t<meta property=\"og:image:type\" content=\"image\/webp\" \/>\n<meta name=\"twitter:card\" content=\"summary_large_image\" \/>\n<meta name=\"twitter:label1\" content=\"Tiempo de lectura\" \/>\n\t<meta name=\"twitter:data1\" content=\"2 minutos\" \/>\n<script type=\"application\/ld+json\" class=\"yoast-schema-graph\">{\"@context\":\"https:\/\/schema.org\",\"@graph\":[{\"@type\":\"WebPage\",\"@id\":\"https:\/\/www.csj-emballages.com\/es\/produit\/50-portavasos-de-carton-rasgable\/\",\"url\":\"https:\/\/www.csj-emballages.com\/es\/produit\/50-portavasos-de-carton-rasgable\/\",\"name\":\"Portavasos de cart\u00f3n rasgable, 50\",\"isPartOf\":{\"@id\":\"https:\/\/www.csj-emballages.com\/es\/#website\"},\"primaryImageOfPage\":{\"@id\":\"https:\/\/www.csj-emballages.com\/es\/produit\/50-portavasos-de-carton-rasgable\/#primaryimage\"},\"image\":{\"@id\":\"https:\/\/www.csj-emballages.com\/es\/produit\/50-portavasos-de-carton-rasgable\/#primaryimage\"},\"thumbnailUrl\":\"https:\/\/www.csj-emballages.com\/wp-content\/uploads\/2024\/03\/Porte-gobelets.webp\",\"datePublished\":\"2024-03-01T15:50:26+00:00\",\"dateModified\":\"2026-04-30T08:01:38+00:00\",\"description\":\"Descubra nuestro portavasos de cart\u00f3n para 4 bebidas. Dimensiones: 220 x 185 x 45 mm. Este producto se vende en paquetes de 50 unidades.\",\"breadcrumb\":{\"@id\":\"https:\/\/www.csj-emballages.com\/es\/produit\/50-portavasos-de-carton-rasgable\/#breadcrumb\"},\"inLanguage\":\"es\",\"potentialAction\":[{\"@type\":\"ReadAction\",\"target\":[\"https:\/\/www.csj-emballages.com\/es\/produit\/50-portavasos-de-carton-rasgable\/\"]}]},{\"@type\":\"ImageObject\",\"inLanguage\":\"es\",\"@id\":\"https:\/\/www.csj-emballages.com\/es\/produit\/50-portavasos-de-carton-rasgable\/#primaryimage\",\"url\":\"https:\/\/www.csj-emballages.com\/wp-content\/uploads\/2024\/03\/Porte-gobelets.webp\",\"contentUrl\":\"https:\/\/www.csj-emballages.com\/wp-content\/uploads\/2024\/03\/Porte-gobelets.webp\",\"width\":800,\"height\":800,\"caption\":\"porte gobelets\"},{\"@type\":\"BreadcrumbList\",\"@id\":\"https:\/\/www.csj-emballages.com\/es\/produit\/50-portavasos-de-carton-rasgable\/#breadcrumb\",\"itemListElement\":[{\"@type\":\"ListItem\",\"position\":1,\"name\":\"Accueil\",\"item\":\"https:\/\/www.csj-emballages.com\/es\/universo-del-envasado-alimentario\/\"},{\"@type\":\"ListItem\",\"position\":2,\"name\":\"Tienda\",\"item\":\"https:\/\/www.csj-emballages.com\/tienda\/\"},{\"@type\":\"ListItem\",\"position\":3,\"name\":\"Portavasos de cart\u00f3n rasgable, 50\"}]},{\"@type\":\"WebSite\",\"@id\":\"https:\/\/www.csj-emballages.com\/es\/#website\",\"url\":\"https:\/\/www.csj-emballages.com\/es\/\",\"name\":\"CSJ Emballages\",\"description\":\"\",\"publisher\":{\"@id\":\"https:\/\/www.csj-emballages.com\/es\/#organization\"},\"potentialAction\":[{\"@type\":\"SearchAction\",\"target\":{\"@type\":\"EntryPoint\",\"urlTemplate\":\"https:\/\/www.csj-emballages.com\/es\/?s={search_term_string}\"},\"query-input\":{\"@type\":\"PropertyValueSpecification\",\"valueRequired\":true,\"valueName\":\"search_term_string\"}}],\"inLanguage\":\"es\"},{\"@type\":\"Organization\",\"@id\":\"https:\/\/www.csj-emballages.com\/es\/#Organization\/\",\"name\":\"CSJ Emballages\",\"url\":\"https:\/\/www.csj-emballages.com\/es\/\",\"logo\":{\"@type\":\"ImageObject\",\"inLanguage\":\"es\",\"@id\":\"https:\/\/www.csj-emballages.com\/es\/#\/schema\/logo\/image\/\",\"url\":\"https:\/\/www.csj-emballages.com\/wp-content\/uploads\/2023\/10\/logo_csj.webp\",\"contentUrl\":\"https:\/\/www.csj-emballages.com\/wp-content\/uploads\/2023\/10\/logo_csj.webp\",\"width\":250,\"height\":95,\"caption\":\"CSJ Emballages\"},\"image\":{\"@id\":\"https:\/\/www.csj-emballages.com\/es\/#\/schema\/logo\/image\/\"},\"sameAs\":[\"https:\/\/www.facebook.com\/csjemballages\"],\"address\":{\"@type\":\"PostalAddress\",\"streetAddress\":\"ZI La Lechere\",\"addressLocality\":\"Patornay\",\"postalCode\":\"39130\",\"addressCountry\":\"FR\"},\"contactPoint\":[{\"@type\":\"ContactPoint\",\"contactType\":\"Service client\",\"telephone\":\"0384254272\",\"email\":\"contact@csj-emballages.com\"}]}]}<\/script>\n<!-- \/ Yoast SEO Premium plugin. -->","yoast_head_json":{"title":"Portavasos de cart\u00f3n rasgable, 50","description":"Descubra nuestro portavasos de cart\u00f3n para 4 bebidas. Dimensiones: 220 x 185 x 45 mm. Este producto se vende en paquetes de 50 unidades.","robots":{"index":"index","follow":"follow","max-snippet":"max-snippet:-1","max-image-preview":"max-image-preview:large","max-video-preview":"max-video-preview:-1"},"canonical":"https:\/\/www.csj-emballages.com\/es\/produit\/50-portavasos-de-carton-rasgable\/","og_locale":"es_ES","og_type":"article","og_title":"Portavasos de cart\u00f3n rasgable, 50","og_description":"Descubra nuestro portavasos de cart\u00f3n para 4 bebidas. Dimensiones: 220 x 185 x 45 mm. Este producto se vende en paquetes de 50 unidades.","og_url":"https:\/\/www.csj-emballages.com\/es\/produit\/50-portavasos-de-carton-rasgable\/","og_site_name":"CSJ Emballages","article_publisher":"https:\/\/www.facebook.com\/csjemballages","article_modified_time":"2026-04-30T08:01:38+00:00","og_image":[{"width":800,"height":800,"url":"https:\/\/www.csj-emballages.com\/wp-content\/uploads\/2024\/03\/Porte-gobelets.webp","type":"image\/webp"}],"twitter_card":"summary_large_image","twitter_misc":{"Tiempo de lectura":"2 minutos"},"schema":{"@context":"https:\/\/schema.org","@graph":[{"@type":"WebPage","@id":"https:\/\/www.csj-emballages.com\/es\/produit\/50-portavasos-de-carton-rasgable\/","url":"https:\/\/www.csj-emballages.com\/es\/produit\/50-portavasos-de-carton-rasgable\/","name":"Portavasos de cart\u00f3n rasgable, 50","isPartOf":{"@id":"https:\/\/www.csj-emballages.com\/es\/#website"},"primaryImageOfPage":{"@id":"https:\/\/www.csj-emballages.com\/es\/produit\/50-portavasos-de-carton-rasgable\/#primaryimage"},"image":{"@id":"https:\/\/www.csj-emballages.com\/es\/produit\/50-portavasos-de-carton-rasgable\/#primaryimage"},"thumbnailUrl":"https:\/\/www.csj-emballages.com\/wp-content\/uploads\/2024\/03\/Porte-gobelets.webp","datePublished":"2024-03-01T15:50:26+00:00","dateModified":"2026-04-30T08:01:38+00:00","description":"Descubra nuestro portavasos de cart\u00f3n para 4 bebidas. Dimensiones: 220 x 185 x 45 mm. Este producto se vende en paquetes de 50 unidades.","breadcrumb":{"@id":"https:\/\/www.csj-emballages.com\/es\/produit\/50-portavasos-de-carton-rasgable\/#breadcrumb"},"inLanguage":"es","potentialAction":[{"@type":"ReadAction","target":["https:\/\/www.csj-emballages.com\/es\/produit\/50-portavasos-de-carton-rasgable\/"]}]},{"@type":"ImageObject","inLanguage":"es","@id":"https:\/\/www.csj-emballages.com\/es\/produit\/50-portavasos-de-carton-rasgable\/#primaryimage","url":"https:\/\/www.csj-emballages.com\/wp-content\/uploads\/2024\/03\/Porte-gobelets.webp","contentUrl":"https:\/\/www.csj-emballages.com\/wp-content\/uploads\/2024\/03\/Porte-gobelets.webp","width":800,"height":800,"caption":"porte gobelets"},{"@type":"BreadcrumbList","@id":"https:\/\/www.csj-emballages.com\/es\/produit\/50-portavasos-de-carton-rasgable\/#breadcrumb","itemListElement":[{"@type":"ListItem","position":1,"name":"Accueil","item":"https:\/\/www.csj-emballages.com\/es\/universo-del-envasado-alimentario\/"},{"@type":"ListItem","position":2,"name":"Tienda","item":"https:\/\/www.csj-emballages.com\/tienda\/"},{"@type":"ListItem","position":3,"name":"Portavasos de cart\u00f3n rasgable, 50"}]},{"@type":"WebSite","@id":"https:\/\/www.csj-emballages.com\/es\/#website","url":"https:\/\/www.csj-emballages.com\/es\/","name":"CSJ Emballages","description":"","publisher":{"@id":"https:\/\/www.csj-emballages.com\/es\/#organization"},"potentialAction":[{"@type":"SearchAction","target":{"@type":"EntryPoint","urlTemplate":"https:\/\/www.csj-emballages.com\/es\/?s={search_term_string}"},"query-input":{"@type":"PropertyValueSpecification","valueRequired":true,"valueName":"search_term_string"}}],"inLanguage":"es"},{"@type":"Organization","@id":"https:\/\/www.csj-emballages.com\/es\/#Organization\/","name":"CSJ Emballages","url":"https:\/\/www.csj-emballages.com\/es\/","logo":{"@type":"ImageObject","inLanguage":"es","@id":"https:\/\/www.csj-emballages.com\/es\/#\/schema\/logo\/image\/","url":"https:\/\/www.csj-emballages.com\/wp-content\/uploads\/2023\/10\/logo_csj.webp","contentUrl":"https:\/\/www.csj-emballages.com\/wp-content\/uploads\/2023\/10\/logo_csj.webp","width":250,"height":95,"caption":"CSJ Emballages"},"image":{"@id":"https:\/\/www.csj-emballages.com\/es\/#\/schema\/logo\/image\/"},"sameAs":["https:\/\/www.facebook.com\/csjemballages"],"address":{"@type":"PostalAddress","streetAddress":"ZI La Lechere","addressLocality":"Patornay","postalCode":"39130","addressCountry":"FR"},"contactPoint":[{"@type":"ContactPoint","contactType":"Service client","telephone":"0384254272","email":"contact@csj-emballages.com"}]}]}},"df_price":8.47,"df_sale_price":"","df_regular_price":8.47,"df_image_link":"https:\/\/www.csj-emballages.com\/wp-content\/uploads\/2024\/03\/Porte-gobelets-300x300.webp","tiered_pricing_type":"fixed","tiered_pricing_fixed_rules":[],"tiered_pricing_percentage_rules":[],"tiered_pricing_minimum":1,"tiered_pricing_roles_data":[],"_links":{"self":[{"href":"https:\/\/www.csj-emballages.com\/es\/wp-json\/wp\/v2\/product\/22663","targetHints":{"allow":["GET"]}}],"collection":[{"href":"https:\/\/www.csj-emballages.com\/es\/wp-json\/wp\/v2\/product"}],"about":[{"href":"https:\/\/www.csj-emballages.com\/es\/wp-json\/wp\/v2\/types\/product"}],"wp:featuredmedia":[{"embeddable":true,"href":"https:\/\/www.csj-emballages.com\/es\/wp-json\/wp\/v2\/media\/203502"}],"wp:attachment":[{"href":"https:\/\/www.csj-emballages.com\/es\/wp-json\/wp\/v2\/media?parent=22663"}],"wp:term":[{"taxonomy":"product_brand","embeddable":true,"href":"https:\/\/www.csj-emballages.com\/es\/wp-json\/wp\/v2\/product_brand?post=22663"},{"taxonomy":"product_cat","embeddable":true,"href":"https:\/\/www.csj-emballages.com\/es\/wp-json\/wp\/v2\/product_cat?post=22663"},{"taxonomy":"product_tag","embeddable":true,"href":"https:\/\/www.csj-emballages.com\/es\/wp-json\/wp\/v2\/product_tag?post=22663"}],"curies":[{"name":"wp","href":"https:\/\/api.w.org\/{rel}","templated":true}]}}