{"id":226620,"date":"2024-03-01T16:55:49","date_gmt":"2024-03-01T15:55:49","guid":{"rendered":"https:\/\/www.csj-emballages.com\/produit\/cuchillo-de-madera-165-mm-por-100\/"},"modified":"2026-04-16T09:00:44","modified_gmt":"2026-04-16T07:00:44","slug":"cuchillo-de-madera-165-mm-por-100","status":"publish","type":"product","link":"https:\/\/www.csj-emballages.com\/es\/produit\/cuchillo-de-madera-165-mm-por-100\/","title":{"rendered":"Cuchillo de madera 165 mm por 100"},"content":{"rendered":"<h2>Cuchillo de madera<\/h2>\n<hr>\n<h3>Descubra nuestro cuchillo de madera 165 mm por 100<\/h3>\n<p><!--more--><\/p>\n<p data-start=\"217\" data-end=\"567\">Si busca una alternativa sencilla, limpia y agradable a los cubiertos tradicionales, estos <strong data-start=\"309\" data-end=\"336\">cuchillos de madera de 165 mm<\/strong> son una excelente opci\u00f3n. De hecho, su <strong>dise\u00f1o natural<\/strong> a\u00f1ade al instante un toque m\u00e1s aut\u00e9ntico a sus comidas, lo que los hace perfectos para food-trucks, buffets, eventos, mercados gourmet o incluso picnics improvisados. <\/p>\n<p data-start=\"569\" data-end=\"911\">Gracias a su forma ligera pero bien dise\u00f1ada, se adaptan c\u00f3modamente a la mano y son f\u00e1ciles de cortar alimentos cotidianos: verduras, boller\u00eda, carnes peque\u00f1as&#8230; Son lo suficientemente resistentes como para no romperse al primer toque, pero suaves al tacto, sin sabor particular y sin riesgo de astillas.<\/p>\n<p data-start=\"913\" data-end=\"1302\">Como est\u00e1n hechos de <strong>madera<\/strong>, encajan perfectamente con un enfoque m\u00e1s respetuoso con el medio ambiente. Nada de pl\u00e1stico ni revestimientos extra\u00f1os: s\u00f3lo un material sano, <strong>biodegradable<\/strong> y elegante. Es un peque\u00f1o gesto que marca una verdadera diferencia para su imagen y para sus clientes, sobre todo si trabaja en un sector en el que cuentan la naturalidad y la sencillez.  <\/p>\n<p data-start=\"1304\" data-end=\"1602\">El <strong data-start=\"1307\" data-end=\"1321\">paquete de 100<\/strong> unidades le permite gestionar f\u00e1cilmente un servicio completo, un evento o mantener un stock listo para periodos de mucho trabajo. No tendr\u00e1 que perder tiempo reponiendo con demasiada frecuencia y siempre tendr\u00e1 lo que necesita para servir de forma r\u00e1pida y limpia. <\/p>\n<p data-start=\"1604\" data-end=\"1780\">En resumen, estos <strong>cuchillos de madera<\/strong> combinan comodidad, practicidad y est\u00e9tica. Simplifican su organizaci\u00f3n al tiempo que a\u00f1aden una aut\u00e9ntica coherencia visual a sus presentaciones. <\/p>\n<p data-start=\"1604\" data-end=\"1780\">\n<p data-start=\"1604\" data-end=\"1780\"><!--more--><\/p>\n<h4>Ventajas :<\/h4>\n<ul>\n<li data-start=\"1808\" data-end=\"1850\">Natural, c\u00e1lido y atractivo.<\/li>\n<li data-start=\"1853\" data-end=\"1893\">Buen agarre y corte eficaz.<\/li>\n<li data-start=\"1896\" data-end=\"1930\"><strong>Madera respetuosa con el medio ambiente<\/strong> y sin pl\u00e1sticos.<\/li>\n<li data-start=\"1933\" data-end=\"1984\">Adecuado para comidas sobre la marcha o eventos.<\/li>\n<li data-start=\"1987\" data-end=\"2021\">Pr\u00e1ctico y econ\u00f3mico <strong>paquete de 100<\/strong>.<\/li>\n<\/ul>\n<p>&nbsp;<\/p>\n<p><!--more--><\/p>\n<h4>Informaci\u00f3n adicional :<\/h4>\n<ul>\n<li><strong>Embalaje<\/strong>: Paquete de 100<\/li>\n<li><strong>Tama\u00f1o<\/strong>: 165 mm (longitud)<\/li>\n<li><strong>Material<\/strong>: madera<\/li>\n<\/ul>\n<p>&nbsp;<\/p>\n<p><!--more--><\/p>\n<p><a href=\"https:\/\/www.csj-emballages.com\/es\/categorie-produit\/envasado-de-alimentos\/catering-es\/platos-cubiertos-desechables-pajitas\/tenedores-cuchillos-cucharas\/cubiertos-biodegradables\/\">Ver el resto de nuestra gama de cubiertos biodegradables<\/a><\/p>\n","protected":false},"excerpt":{"rendered":"<p>Cuchillo de madera Descubra nuestro cuchillo de madera 165 mm por 100<\/p>\n","protected":false},"featured_media":167479,"template":"","meta":{"_acf_changed":false},"product_brand":[],"product_cat":[1150,1179,2609,2610,1163,2598],"product_tag":[],"class_list":{"0":"post-226620","1":"product","2":"type-product","3":"status-publish","4":"has-post-thumbnail","6":"product_cat-envasado-de-alimentos","7":"product_cat-catering-es","8":"product_cat-tenedores-cuchillos-cucharas","9":"product_cat-cubiertos-biodegradables","10":"product_cat-gama-ecologica","11":"product_cat-cubiertos-ecologicos","13":"first","14":"instock","15":"taxable","16":"shipping-taxable","17":"purchasable","18":"product-type-simple"},"acf":[],"yoast_head":"<!-- This site is optimized with the Yoast SEO Premium plugin v26.6 (Yoast SEO v26.6) - https:\/\/yoast.com\/wordpress\/plugins\/seo\/ -->\n<title>Cuchillo de madera biodegradable - 165 mm<\/title>\n<meta name=\"description\" content=\"Descubra nuestro cuchillo de madera ecol\u00f3gica de 165 mm. Le ofrecemos un paquete de 50 cuchillos de madera compostables a precios de DESCUENTO.\" \/>\n<meta name=\"robots\" content=\"index, follow, max-snippet:-1, max-image-preview:large, max-video-preview:-1\" \/>\n<link rel=\"canonical\" href=\"https:\/\/www.csj-emballages.com\/es\/produit\/cuchillo-de-madera-165-mm-por-100\/\" \/>\n<meta property=\"og:locale\" content=\"es_ES\" \/>\n<meta property=\"og:type\" content=\"article\" \/>\n<meta property=\"og:title\" content=\"Cuchillo de madera 165 mm por 100\" \/>\n<meta property=\"og:description\" content=\"Descubra nuestro cuchillo de madera ecol\u00f3gica de 165 mm. Le ofrecemos un paquete de 50 cuchillos de madera compostables a precios de DESCUENTO.\" \/>\n<meta property=\"og:url\" content=\"https:\/\/www.csj-emballages.com\/es\/produit\/cuchillo-de-madera-165-mm-por-100\/\" \/>\n<meta property=\"og:site_name\" content=\"CSJ Emballages\" \/>\n<meta property=\"article:publisher\" content=\"https:\/\/www.facebook.com\/csjemballages\" \/>\n<meta property=\"article:modified_time\" content=\"2026-04-16T07:00:44+00:00\" \/>\n<meta property=\"og:image\" content=\"https:\/\/www.csj-emballages.com\/wp-content\/uploads\/2024\/03\/Couteaubois-scaled.webp\" \/>\n\t<meta property=\"og:image:width\" content=\"2560\" \/>\n\t<meta property=\"og:image:height\" content=\"2560\" \/>\n\t<meta property=\"og:image:type\" content=\"image\/webp\" \/>\n<meta name=\"twitter:card\" content=\"summary_large_image\" \/>\n<meta name=\"twitter:label1\" content=\"Tiempo de lectura\" \/>\n\t<meta name=\"twitter:data1\" content=\"2 minutos\" \/>\n<script type=\"application\/ld+json\" class=\"yoast-schema-graph\">{\"@context\":\"https:\/\/schema.org\",\"@graph\":[{\"@type\":\"WebPage\",\"@id\":\"https:\/\/www.csj-emballages.com\/es\/produit\/cuchillo-de-madera-165-mm-por-100\/\",\"url\":\"https:\/\/www.csj-emballages.com\/es\/produit\/cuchillo-de-madera-165-mm-por-100\/\",\"name\":\"Cuchillo de madera biodegradable - 165 mm\",\"isPartOf\":{\"@id\":\"https:\/\/www.csj-emballages.com\/es\/#website\"},\"primaryImageOfPage\":{\"@id\":\"https:\/\/www.csj-emballages.com\/es\/produit\/cuchillo-de-madera-165-mm-por-100\/#primaryimage\"},\"image\":{\"@id\":\"https:\/\/www.csj-emballages.com\/es\/produit\/cuchillo-de-madera-165-mm-por-100\/#primaryimage\"},\"thumbnailUrl\":\"https:\/\/www.csj-emballages.com\/wp-content\/uploads\/2024\/03\/Couteaubois-scaled.webp\",\"datePublished\":\"2024-03-01T15:55:49+00:00\",\"dateModified\":\"2026-04-16T07:00:44+00:00\",\"description\":\"Descubra nuestro cuchillo de madera ecol\u00f3gica de 165 mm. Le ofrecemos un paquete de 50 cuchillos de madera compostables a precios de DESCUENTO.\",\"breadcrumb\":{\"@id\":\"https:\/\/www.csj-emballages.com\/es\/produit\/cuchillo-de-madera-165-mm-por-100\/#breadcrumb\"},\"inLanguage\":\"es\",\"potentialAction\":[{\"@type\":\"ReadAction\",\"target\":[\"https:\/\/www.csj-emballages.com\/es\/produit\/cuchillo-de-madera-165-mm-por-100\/\"]}]},{\"@type\":\"ImageObject\",\"inLanguage\":\"es\",\"@id\":\"https:\/\/www.csj-emballages.com\/es\/produit\/cuchillo-de-madera-165-mm-por-100\/#primaryimage\",\"url\":\"https:\/\/www.csj-emballages.com\/wp-content\/uploads\/2024\/03\/Couteaubois-scaled.webp\",\"contentUrl\":\"https:\/\/www.csj-emballages.com\/wp-content\/uploads\/2024\/03\/Couteaubois-scaled.webp\",\"width\":2560,\"height\":2560,\"caption\":\"couteau bois\"},{\"@type\":\"BreadcrumbList\",\"@id\":\"https:\/\/www.csj-emballages.com\/es\/produit\/cuchillo-de-madera-165-mm-por-100\/#breadcrumb\",\"itemListElement\":[{\"@type\":\"ListItem\",\"position\":1,\"name\":\"Accueil\",\"item\":\"https:\/\/www.csj-emballages.com\/es\/universo-del-envasado-alimentario\/\"},{\"@type\":\"ListItem\",\"position\":2,\"name\":\"Tienda\",\"item\":\"https:\/\/www.csj-emballages.com\/tienda\/\"},{\"@type\":\"ListItem\",\"position\":3,\"name\":\"Cuchillo de madera 165 mm por 100\"}]},{\"@type\":\"WebSite\",\"@id\":\"https:\/\/www.csj-emballages.com\/es\/#website\",\"url\":\"https:\/\/www.csj-emballages.com\/es\/\",\"name\":\"CSJ Emballages\",\"description\":\"\",\"publisher\":{\"@id\":\"https:\/\/www.csj-emballages.com\/es\/#organization\"},\"potentialAction\":[{\"@type\":\"SearchAction\",\"target\":{\"@type\":\"EntryPoint\",\"urlTemplate\":\"https:\/\/www.csj-emballages.com\/es\/?s={search_term_string}\"},\"query-input\":{\"@type\":\"PropertyValueSpecification\",\"valueRequired\":true,\"valueName\":\"search_term_string\"}}],\"inLanguage\":\"es\"},{\"@type\":\"Organization\",\"@id\":\"https:\/\/www.csj-emballages.com\/es\/#Organization\/\",\"name\":\"CSJ Emballages\",\"url\":\"https:\/\/www.csj-emballages.com\/es\/\",\"logo\":{\"@type\":\"ImageObject\",\"inLanguage\":\"es\",\"@id\":\"https:\/\/www.csj-emballages.com\/es\/#\/schema\/logo\/image\/\",\"url\":\"https:\/\/www.csj-emballages.com\/wp-content\/uploads\/2023\/10\/logo_csj.webp\",\"contentUrl\":\"https:\/\/www.csj-emballages.com\/wp-content\/uploads\/2023\/10\/logo_csj.webp\",\"width\":250,\"height\":95,\"caption\":\"CSJ Emballages\"},\"image\":{\"@id\":\"https:\/\/www.csj-emballages.com\/es\/#\/schema\/logo\/image\/\"},\"sameAs\":[\"https:\/\/www.facebook.com\/csjemballages\"],\"address\":{\"@type\":\"PostalAddress\",\"streetAddress\":\"ZI La Lechere\",\"addressLocality\":\"Patornay\",\"postalCode\":\"39130\",\"addressCountry\":\"FR\"},\"contactPoint\":[{\"@type\":\"ContactPoint\",\"contactType\":\"Service client\",\"telephone\":\"0384254272\",\"email\":\"contact@csj-emballages.com\"}]}]}<\/script>\n<!-- \/ Yoast SEO Premium plugin. -->","yoast_head_json":{"title":"Cuchillo de madera biodegradable - 165 mm","description":"Descubra nuestro cuchillo de madera ecol\u00f3gica de 165 mm. Le ofrecemos un paquete de 50 cuchillos de madera compostables a precios de DESCUENTO.","robots":{"index":"index","follow":"follow","max-snippet":"max-snippet:-1","max-image-preview":"max-image-preview:large","max-video-preview":"max-video-preview:-1"},"canonical":"https:\/\/www.csj-emballages.com\/es\/produit\/cuchillo-de-madera-165-mm-por-100\/","og_locale":"es_ES","og_type":"article","og_title":"Cuchillo de madera 165 mm por 100","og_description":"Descubra nuestro cuchillo de madera ecol\u00f3gica de 165 mm. Le ofrecemos un paquete de 50 cuchillos de madera compostables a precios de DESCUENTO.","og_url":"https:\/\/www.csj-emballages.com\/es\/produit\/cuchillo-de-madera-165-mm-por-100\/","og_site_name":"CSJ Emballages","article_publisher":"https:\/\/www.facebook.com\/csjemballages","article_modified_time":"2026-04-16T07:00:44+00:00","og_image":[{"width":2560,"height":2560,"url":"https:\/\/www.csj-emballages.com\/wp-content\/uploads\/2024\/03\/Couteaubois-scaled.webp","type":"image\/webp"}],"twitter_card":"summary_large_image","twitter_misc":{"Tiempo de lectura":"2 minutos"},"schema":{"@context":"https:\/\/schema.org","@graph":[{"@type":"WebPage","@id":"https:\/\/www.csj-emballages.com\/es\/produit\/cuchillo-de-madera-165-mm-por-100\/","url":"https:\/\/www.csj-emballages.com\/es\/produit\/cuchillo-de-madera-165-mm-por-100\/","name":"Cuchillo de madera biodegradable - 165 mm","isPartOf":{"@id":"https:\/\/www.csj-emballages.com\/es\/#website"},"primaryImageOfPage":{"@id":"https:\/\/www.csj-emballages.com\/es\/produit\/cuchillo-de-madera-165-mm-por-100\/#primaryimage"},"image":{"@id":"https:\/\/www.csj-emballages.com\/es\/produit\/cuchillo-de-madera-165-mm-por-100\/#primaryimage"},"thumbnailUrl":"https:\/\/www.csj-emballages.com\/wp-content\/uploads\/2024\/03\/Couteaubois-scaled.webp","datePublished":"2024-03-01T15:55:49+00:00","dateModified":"2026-04-16T07:00:44+00:00","description":"Descubra nuestro cuchillo de madera ecol\u00f3gica de 165 mm. Le ofrecemos un paquete de 50 cuchillos de madera compostables a precios de DESCUENTO.","breadcrumb":{"@id":"https:\/\/www.csj-emballages.com\/es\/produit\/cuchillo-de-madera-165-mm-por-100\/#breadcrumb"},"inLanguage":"es","potentialAction":[{"@type":"ReadAction","target":["https:\/\/www.csj-emballages.com\/es\/produit\/cuchillo-de-madera-165-mm-por-100\/"]}]},{"@type":"ImageObject","inLanguage":"es","@id":"https:\/\/www.csj-emballages.com\/es\/produit\/cuchillo-de-madera-165-mm-por-100\/#primaryimage","url":"https:\/\/www.csj-emballages.com\/wp-content\/uploads\/2024\/03\/Couteaubois-scaled.webp","contentUrl":"https:\/\/www.csj-emballages.com\/wp-content\/uploads\/2024\/03\/Couteaubois-scaled.webp","width":2560,"height":2560,"caption":"couteau bois"},{"@type":"BreadcrumbList","@id":"https:\/\/www.csj-emballages.com\/es\/produit\/cuchillo-de-madera-165-mm-por-100\/#breadcrumb","itemListElement":[{"@type":"ListItem","position":1,"name":"Accueil","item":"https:\/\/www.csj-emballages.com\/es\/universo-del-envasado-alimentario\/"},{"@type":"ListItem","position":2,"name":"Tienda","item":"https:\/\/www.csj-emballages.com\/tienda\/"},{"@type":"ListItem","position":3,"name":"Cuchillo de madera 165 mm por 100"}]},{"@type":"WebSite","@id":"https:\/\/www.csj-emballages.com\/es\/#website","url":"https:\/\/www.csj-emballages.com\/es\/","name":"CSJ Emballages","description":"","publisher":{"@id":"https:\/\/www.csj-emballages.com\/es\/#organization"},"potentialAction":[{"@type":"SearchAction","target":{"@type":"EntryPoint","urlTemplate":"https:\/\/www.csj-emballages.com\/es\/?s={search_term_string}"},"query-input":{"@type":"PropertyValueSpecification","valueRequired":true,"valueName":"search_term_string"}}],"inLanguage":"es"},{"@type":"Organization","@id":"https:\/\/www.csj-emballages.com\/es\/#Organization\/","name":"CSJ Emballages","url":"https:\/\/www.csj-emballages.com\/es\/","logo":{"@type":"ImageObject","inLanguage":"es","@id":"https:\/\/www.csj-emballages.com\/es\/#\/schema\/logo\/image\/","url":"https:\/\/www.csj-emballages.com\/wp-content\/uploads\/2023\/10\/logo_csj.webp","contentUrl":"https:\/\/www.csj-emballages.com\/wp-content\/uploads\/2023\/10\/logo_csj.webp","width":250,"height":95,"caption":"CSJ Emballages"},"image":{"@id":"https:\/\/www.csj-emballages.com\/es\/#\/schema\/logo\/image\/"},"sameAs":["https:\/\/www.facebook.com\/csjemballages"],"address":{"@type":"PostalAddress","streetAddress":"ZI La Lechere","addressLocality":"Patornay","postalCode":"39130","addressCountry":"FR"},"contactPoint":[{"@type":"ContactPoint","contactType":"Service client","telephone":"0384254272","email":"contact@csj-emballages.com"}]}]}},"df_price":1.62,"df_sale_price":"","df_regular_price":1.62,"df_image_link":"https:\/\/www.csj-emballages.com\/wp-content\/uploads\/2024\/03\/Couteaubois-300x300.webp","tiered_pricing_type":"fixed","tiered_pricing_fixed_rules":[],"tiered_pricing_percentage_rules":[],"tiered_pricing_minimum":1,"tiered_pricing_roles_data":[],"_links":{"self":[{"href":"https:\/\/www.csj-emballages.com\/es\/wp-json\/wp\/v2\/product\/226620","targetHints":{"allow":["GET"]}}],"collection":[{"href":"https:\/\/www.csj-emballages.com\/es\/wp-json\/wp\/v2\/product"}],"about":[{"href":"https:\/\/www.csj-emballages.com\/es\/wp-json\/wp\/v2\/types\/product"}],"wp:featuredmedia":[{"embeddable":true,"href":"https:\/\/www.csj-emballages.com\/es\/wp-json\/wp\/v2\/media\/167479"}],"wp:attachment":[{"href":"https:\/\/www.csj-emballages.com\/es\/wp-json\/wp\/v2\/media?parent=226620"}],"wp:term":[{"taxonomy":"product_brand","embeddable":true,"href":"https:\/\/www.csj-emballages.com\/es\/wp-json\/wp\/v2\/product_brand?post=226620"},{"taxonomy":"product_cat","embeddable":true,"href":"https:\/\/www.csj-emballages.com\/es\/wp-json\/wp\/v2\/product_cat?post=226620"},{"taxonomy":"product_tag","embeddable":true,"href":"https:\/\/www.csj-emballages.com\/es\/wp-json\/wp\/v2\/product_tag?post=226620"}],"curies":[{"name":"wp","href":"https:\/\/api.w.org\/{rel}","templated":true}]}}