{"id":226618,"date":"2024-03-01T16:55:49","date_gmt":"2024-03-01T15:55:49","guid":{"rendered":"https:\/\/www.csj-emballages.com\/produit\/cuchillo-de-plastico-reutilizable-cristal-180-mm-paquete-de-50\/"},"modified":"2026-04-30T10:00:48","modified_gmt":"2026-04-30T08:00:48","slug":"cuchillo-de-plastico-reutilizable-cristal-180-mm-paquete-de-50","status":"publish","type":"product","link":"https:\/\/www.csj-emballages.com\/es\/produit\/cuchillo-de-plastico-reutilizable-cristal-180-mm-paquete-de-50\/","title":{"rendered":"Cuchillo de pl\u00e1stico reutilizable, cristal, 180 mm, paquete de 50"},"content":{"rendered":"<h2>Cuchillo de pl\u00e1stico<\/h2>\n<hr>\n<h3>Descubra nuestro cuchillo de pl\u00e1stico reutilizable cristal 180 mm (pack de 50)<\/h3>\n<p><!--more--><\/p>\n<p data-start=\"249\" data-end=\"522\">El <strong>cuchillo de pl\u00e1stico reutilizable cristal 180 mm<\/strong> es una soluci\u00f3n pr\u00e1ctica y elegante para comidas, buf\u00e9s y eventos. Gracias a su aspecto transparente efecto cristal, aporta un toque refinado a sus mesas manteniendo la ligereza y practicidad del pl\u00e1stico. <\/p>\n<p data-start=\"524\" data-end=\"874\">Con una <strong>longitud de 180 mm<\/strong>, este <strong>cuchillo<\/strong> ofrece un buen agarre y un corte eficaz para una gran variedad de alimentos: carnes, verduras, pasteler\u00eda o platos de catering. Su dise\u00f1o robusto permite un uso repetido, respondiendo a las necesidades de los profesionales que buscan una alternativa m\u00e1s sostenible a los cubiertos desechables cl\u00e1sicos. <\/p>\n<p data-start=\"876\" data-end=\"1148\">Fabricado en pl\u00e1stico r\u00edgido de calidad alimentaria, combina resistencia y est\u00e9tica. Asimismo, su dise\u00f1o <strong>sobrio y transparente<\/strong> se adapta a todos los estilos de decoraci\u00f3n. <\/p>\n<p data-start=\"1150\" data-end=\"1454\">En definitiva, f\u00e1cil de limpiar y reutilizable, este <strong>cuchillo<\/strong> constituye una soluci\u00f3n pr\u00e1ctica para reducir residuos manteniendo una presentaci\u00f3n cuidada. Disponible en packs de <strong>50<\/strong> <strong>unidades<\/strong>, es apto tanto para necesidades puntuales como para uso regular en restauraci\u00f3n, catering o eventos. <\/p>\n<p data-start=\"1150\" data-end=\"1454\">\n<p data-start=\"1150\" data-end=\"1454\"><!--more--><\/p>\n<h4 data-start=\"1150\" data-end=\"1454\">Ventajas :<\/h4>\n<ul>\n<li data-start=\"1492\" data-end=\"1544\"><strong>Longitud 180 mm<\/strong> para un agarre c\u00f3modo.<\/li>\n<li data-start=\"1547\" data-end=\"1586\">Aspecto cristal elegante y transparente.<\/li>\n<li data-start=\"1589\" data-end=\"1620\">Pl\u00e1stico r\u00edgido y resistente.<\/li>\n<li data-start=\"1623\" data-end=\"1671\">Reutilizable para un uso m\u00e1s sostenible.<\/li>\n<li data-start=\"1706\" data-end=\"1754\">Ideal para buf\u00e9s, recepciones y restauraci\u00f3n.<\/li>\n<li data-start=\"1797\" data-end=\"1839\">Pr\u00e1ctico formato de <strong>50 cuchillos<\/strong>.<\/li>\n<\/ul>\n<p>&nbsp;<\/p>\n<p><!--more--><\/p>\n<h4>Informaci\u00f3n adicional :<\/h4>\n<ul>\n<li><strong>Envase<\/strong>: Paquete de 50<\/li>\n<li><strong>Longitud<\/strong>: 180 mm<\/li>\n<li><strong>Color<\/strong>: Transparente<\/li>\n<li><strong>Material<\/strong>: pl\u00e1stico PET<\/li>\n<\/ul>\n<p>&nbsp;<\/p>\n<p><!--more--><\/p>\n<p><a href=\"https:\/\/www.csj-emballages.com\/es\/categorie-produit\/envasado-de-alimentos\/catering-es\/platos-cubiertos-desechables-pajitas\/tenedores-cuchillos-cucharas\/cubiertos-de-cristal\/\">Consulte el resto de nuestra gama de cubiertos cristal<\/a><\/p>\n","protected":false},"excerpt":{"rendered":"<p>Cuchillo de pl\u00e1stico Descubra nuestro cuchillo de pl\u00e1stico reutilizable cristal 180 mm (pack de 50)<\/p>\n","protected":false},"featured_media":167883,"template":"","meta":{"_acf_changed":false},"product_brand":[],"product_cat":[1179,2609,2625],"product_tag":[],"class_list":{"0":"post-226618","1":"product","2":"type-product","3":"status-publish","4":"has-post-thumbnail","6":"product_cat-catering-es","7":"product_cat-tenedores-cuchillos-cucharas","8":"product_cat-cubiertos-de-cristal","10":"first","11":"instock","12":"taxable","13":"shipping-taxable","14":"purchasable","15":"product-type-simple"},"acf":[],"yoast_head":"<!-- This site is optimized with the Yoast SEO Premium plugin v26.6 (Yoast SEO v26.6) - https:\/\/yoast.com\/wordpress\/plugins\/seo\/ -->\n<title>Cuchillo de Pl\u00e1stico Reutilizable Cristal 180 mm (Pack de 50)<\/title>\n<meta name=\"description\" content=\"Cuchillo de pl\u00e1stico reutilizable cristal transparente de 180 mm en pack de 50. Elegante, resistente e ideal para buf\u00e9s y eventos.\" \/>\n<meta name=\"robots\" content=\"index, follow, max-snippet:-1, max-image-preview:large, max-video-preview:-1\" \/>\n<link rel=\"canonical\" href=\"https:\/\/www.csj-emballages.com\/es\/produit\/cuchillo-de-plastico-reutilizable-cristal-180-mm-paquete-de-50\/\" \/>\n<meta property=\"og:locale\" content=\"es_ES\" \/>\n<meta property=\"og:type\" content=\"article\" \/>\n<meta property=\"og:title\" content=\"Cuchillo de pl\u00e1stico reutilizable, cristal, 180 mm, paquete de 50\" \/>\n<meta property=\"og:description\" content=\"Cuchillo de pl\u00e1stico reutilizable cristal transparente de 180 mm en pack de 50. Elegante, resistente e ideal para buf\u00e9s y eventos.\" \/>\n<meta property=\"og:url\" content=\"https:\/\/www.csj-emballages.com\/es\/produit\/cuchillo-de-plastico-reutilizable-cristal-180-mm-paquete-de-50\/\" \/>\n<meta property=\"og:site_name\" content=\"CSJ Emballages\" \/>\n<meta property=\"article:publisher\" content=\"https:\/\/www.facebook.com\/csjemballages\" \/>\n<meta property=\"article:modified_time\" content=\"2026-04-30T08:00:48+00:00\" \/>\n<meta property=\"og:image\" content=\"https:\/\/www.csj-emballages.com\/wp-content\/uploads\/2024\/03\/100-couteaux-reutilisables-18cm-cristal-p-image-219807-grande-jpg-e1731592959318.webp\" \/>\n\t<meta property=\"og:image:width\" content=\"1000\" \/>\n\t<meta property=\"og:image:height\" content=\"1000\" \/>\n\t<meta property=\"og:image:type\" content=\"image\/jpeg\" \/>\n<meta name=\"twitter:card\" content=\"summary_large_image\" \/>\n<meta name=\"twitter:label1\" content=\"Tiempo de lectura\" \/>\n\t<meta name=\"twitter:data1\" content=\"1 minuto\" \/>\n<script type=\"application\/ld+json\" class=\"yoast-schema-graph\">{\"@context\":\"https:\/\/schema.org\",\"@graph\":[{\"@type\":\"WebPage\",\"@id\":\"https:\/\/www.csj-emballages.com\/es\/produit\/cuchillo-de-plastico-reutilizable-cristal-180-mm-paquete-de-50\/\",\"url\":\"https:\/\/www.csj-emballages.com\/es\/produit\/cuchillo-de-plastico-reutilizable-cristal-180-mm-paquete-de-50\/\",\"name\":\"Cuchillo de Pl\u00e1stico Reutilizable Cristal 180 mm (Pack de 50)\",\"isPartOf\":{\"@id\":\"https:\/\/www.csj-emballages.com\/es\/#website\"},\"primaryImageOfPage\":{\"@id\":\"https:\/\/www.csj-emballages.com\/es\/produit\/cuchillo-de-plastico-reutilizable-cristal-180-mm-paquete-de-50\/#primaryimage\"},\"image\":{\"@id\":\"https:\/\/www.csj-emballages.com\/es\/produit\/cuchillo-de-plastico-reutilizable-cristal-180-mm-paquete-de-50\/#primaryimage\"},\"thumbnailUrl\":\"https:\/\/www.csj-emballages.com\/wp-content\/uploads\/2024\/03\/100-couteaux-reutilisables-18cm-cristal-p-image-219807-grande-jpg-e1731592959318.webp\",\"datePublished\":\"2024-03-01T15:55:49+00:00\",\"dateModified\":\"2026-04-30T08:00:48+00:00\",\"description\":\"Cuchillo de pl\u00e1stico reutilizable cristal transparente de 180 mm en pack de 50. Elegante, resistente e ideal para buf\u00e9s y eventos.\",\"breadcrumb\":{\"@id\":\"https:\/\/www.csj-emballages.com\/es\/produit\/cuchillo-de-plastico-reutilizable-cristal-180-mm-paquete-de-50\/#breadcrumb\"},\"inLanguage\":\"es\",\"potentialAction\":[{\"@type\":\"ReadAction\",\"target\":[\"https:\/\/www.csj-emballages.com\/es\/produit\/cuchillo-de-plastico-reutilizable-cristal-180-mm-paquete-de-50\/\"]}]},{\"@type\":\"ImageObject\",\"inLanguage\":\"es\",\"@id\":\"https:\/\/www.csj-emballages.com\/es\/produit\/cuchillo-de-plastico-reutilizable-cristal-180-mm-paquete-de-50\/#primaryimage\",\"url\":\"https:\/\/www.csj-emballages.com\/wp-content\/uploads\/2024\/03\/100-couteaux-reutilisables-18cm-cristal-p-image-219807-grande-jpg-e1731592959318.webp\",\"contentUrl\":\"https:\/\/www.csj-emballages.com\/wp-content\/uploads\/2024\/03\/100-couteaux-reutilisables-18cm-cristal-p-image-219807-grande-jpg-e1731592959318.webp\",\"width\":1000,\"height\":1000,\"caption\":\"couteau plastique\"},{\"@type\":\"BreadcrumbList\",\"@id\":\"https:\/\/www.csj-emballages.com\/es\/produit\/cuchillo-de-plastico-reutilizable-cristal-180-mm-paquete-de-50\/#breadcrumb\",\"itemListElement\":[{\"@type\":\"ListItem\",\"position\":1,\"name\":\"Accueil\",\"item\":\"https:\/\/www.csj-emballages.com\/es\/universo-del-envasado-alimentario\/\"},{\"@type\":\"ListItem\",\"position\":2,\"name\":\"Tienda\",\"item\":\"https:\/\/www.csj-emballages.com\/tienda\/\"},{\"@type\":\"ListItem\",\"position\":3,\"name\":\"Cuchillo de pl\u00e1stico reutilizable, cristal, 180 mm, paquete de 50\"}]},{\"@type\":\"WebSite\",\"@id\":\"https:\/\/www.csj-emballages.com\/es\/#website\",\"url\":\"https:\/\/www.csj-emballages.com\/es\/\",\"name\":\"CSJ Emballages\",\"description\":\"\",\"publisher\":{\"@id\":\"https:\/\/www.csj-emballages.com\/es\/#organization\"},\"potentialAction\":[{\"@type\":\"SearchAction\",\"target\":{\"@type\":\"EntryPoint\",\"urlTemplate\":\"https:\/\/www.csj-emballages.com\/es\/?s={search_term_string}\"},\"query-input\":{\"@type\":\"PropertyValueSpecification\",\"valueRequired\":true,\"valueName\":\"search_term_string\"}}],\"inLanguage\":\"es\"},{\"@type\":\"Organization\",\"@id\":\"https:\/\/www.csj-emballages.com\/es\/#Organization\/\",\"name\":\"CSJ Emballages\",\"url\":\"https:\/\/www.csj-emballages.com\/es\/\",\"logo\":{\"@type\":\"ImageObject\",\"inLanguage\":\"es\",\"@id\":\"https:\/\/www.csj-emballages.com\/es\/#\/schema\/logo\/image\/\",\"url\":\"https:\/\/www.csj-emballages.com\/wp-content\/uploads\/2023\/10\/logo_csj.webp\",\"contentUrl\":\"https:\/\/www.csj-emballages.com\/wp-content\/uploads\/2023\/10\/logo_csj.webp\",\"width\":250,\"height\":95,\"caption\":\"CSJ Emballages\"},\"image\":{\"@id\":\"https:\/\/www.csj-emballages.com\/es\/#\/schema\/logo\/image\/\"},\"sameAs\":[\"https:\/\/www.facebook.com\/csjemballages\"],\"address\":{\"@type\":\"PostalAddress\",\"streetAddress\":\"ZI La Lechere\",\"addressLocality\":\"Patornay\",\"postalCode\":\"39130\",\"addressCountry\":\"FR\"},\"contactPoint\":[{\"@type\":\"ContactPoint\",\"contactType\":\"Service client\",\"telephone\":\"0384254272\",\"email\":\"contact@csj-emballages.com\"}]}]}<\/script>\n<!-- \/ Yoast SEO Premium plugin. -->","yoast_head_json":{"title":"Cuchillo de Pl\u00e1stico Reutilizable Cristal 180 mm (Pack de 50)","description":"Cuchillo de pl\u00e1stico reutilizable cristal transparente de 180 mm en pack de 50. Elegante, resistente e ideal para buf\u00e9s y eventos.","robots":{"index":"index","follow":"follow","max-snippet":"max-snippet:-1","max-image-preview":"max-image-preview:large","max-video-preview":"max-video-preview:-1"},"canonical":"https:\/\/www.csj-emballages.com\/es\/produit\/cuchillo-de-plastico-reutilizable-cristal-180-mm-paquete-de-50\/","og_locale":"es_ES","og_type":"article","og_title":"Cuchillo de pl\u00e1stico reutilizable, cristal, 180 mm, paquete de 50","og_description":"Cuchillo de pl\u00e1stico reutilizable cristal transparente de 180 mm en pack de 50. Elegante, resistente e ideal para buf\u00e9s y eventos.","og_url":"https:\/\/www.csj-emballages.com\/es\/produit\/cuchillo-de-plastico-reutilizable-cristal-180-mm-paquete-de-50\/","og_site_name":"CSJ Emballages","article_publisher":"https:\/\/www.facebook.com\/csjemballages","article_modified_time":"2026-04-30T08:00:48+00:00","og_image":[{"width":1000,"height":1000,"url":"https:\/\/www.csj-emballages.com\/wp-content\/uploads\/2024\/03\/100-couteaux-reutilisables-18cm-cristal-p-image-219807-grande-jpg-e1731592959318.webp","type":"image\/jpeg"}],"twitter_card":"summary_large_image","twitter_misc":{"Tiempo de lectura":"1 minuto"},"schema":{"@context":"https:\/\/schema.org","@graph":[{"@type":"WebPage","@id":"https:\/\/www.csj-emballages.com\/es\/produit\/cuchillo-de-plastico-reutilizable-cristal-180-mm-paquete-de-50\/","url":"https:\/\/www.csj-emballages.com\/es\/produit\/cuchillo-de-plastico-reutilizable-cristal-180-mm-paquete-de-50\/","name":"Cuchillo de Pl\u00e1stico Reutilizable Cristal 180 mm (Pack de 50)","isPartOf":{"@id":"https:\/\/www.csj-emballages.com\/es\/#website"},"primaryImageOfPage":{"@id":"https:\/\/www.csj-emballages.com\/es\/produit\/cuchillo-de-plastico-reutilizable-cristal-180-mm-paquete-de-50\/#primaryimage"},"image":{"@id":"https:\/\/www.csj-emballages.com\/es\/produit\/cuchillo-de-plastico-reutilizable-cristal-180-mm-paquete-de-50\/#primaryimage"},"thumbnailUrl":"https:\/\/www.csj-emballages.com\/wp-content\/uploads\/2024\/03\/100-couteaux-reutilisables-18cm-cristal-p-image-219807-grande-jpg-e1731592959318.webp","datePublished":"2024-03-01T15:55:49+00:00","dateModified":"2026-04-30T08:00:48+00:00","description":"Cuchillo de pl\u00e1stico reutilizable cristal transparente de 180 mm en pack de 50. Elegante, resistente e ideal para buf\u00e9s y eventos.","breadcrumb":{"@id":"https:\/\/www.csj-emballages.com\/es\/produit\/cuchillo-de-plastico-reutilizable-cristal-180-mm-paquete-de-50\/#breadcrumb"},"inLanguage":"es","potentialAction":[{"@type":"ReadAction","target":["https:\/\/www.csj-emballages.com\/es\/produit\/cuchillo-de-plastico-reutilizable-cristal-180-mm-paquete-de-50\/"]}]},{"@type":"ImageObject","inLanguage":"es","@id":"https:\/\/www.csj-emballages.com\/es\/produit\/cuchillo-de-plastico-reutilizable-cristal-180-mm-paquete-de-50\/#primaryimage","url":"https:\/\/www.csj-emballages.com\/wp-content\/uploads\/2024\/03\/100-couteaux-reutilisables-18cm-cristal-p-image-219807-grande-jpg-e1731592959318.webp","contentUrl":"https:\/\/www.csj-emballages.com\/wp-content\/uploads\/2024\/03\/100-couteaux-reutilisables-18cm-cristal-p-image-219807-grande-jpg-e1731592959318.webp","width":1000,"height":1000,"caption":"couteau plastique"},{"@type":"BreadcrumbList","@id":"https:\/\/www.csj-emballages.com\/es\/produit\/cuchillo-de-plastico-reutilizable-cristal-180-mm-paquete-de-50\/#breadcrumb","itemListElement":[{"@type":"ListItem","position":1,"name":"Accueil","item":"https:\/\/www.csj-emballages.com\/es\/universo-del-envasado-alimentario\/"},{"@type":"ListItem","position":2,"name":"Tienda","item":"https:\/\/www.csj-emballages.com\/tienda\/"},{"@type":"ListItem","position":3,"name":"Cuchillo de pl\u00e1stico reutilizable, cristal, 180 mm, paquete de 50"}]},{"@type":"WebSite","@id":"https:\/\/www.csj-emballages.com\/es\/#website","url":"https:\/\/www.csj-emballages.com\/es\/","name":"CSJ Emballages","description":"","publisher":{"@id":"https:\/\/www.csj-emballages.com\/es\/#organization"},"potentialAction":[{"@type":"SearchAction","target":{"@type":"EntryPoint","urlTemplate":"https:\/\/www.csj-emballages.com\/es\/?s={search_term_string}"},"query-input":{"@type":"PropertyValueSpecification","valueRequired":true,"valueName":"search_term_string"}}],"inLanguage":"es"},{"@type":"Organization","@id":"https:\/\/www.csj-emballages.com\/es\/#Organization\/","name":"CSJ Emballages","url":"https:\/\/www.csj-emballages.com\/es\/","logo":{"@type":"ImageObject","inLanguage":"es","@id":"https:\/\/www.csj-emballages.com\/es\/#\/schema\/logo\/image\/","url":"https:\/\/www.csj-emballages.com\/wp-content\/uploads\/2023\/10\/logo_csj.webp","contentUrl":"https:\/\/www.csj-emballages.com\/wp-content\/uploads\/2023\/10\/logo_csj.webp","width":250,"height":95,"caption":"CSJ Emballages"},"image":{"@id":"https:\/\/www.csj-emballages.com\/es\/#\/schema\/logo\/image\/"},"sameAs":["https:\/\/www.facebook.com\/csjemballages"],"address":{"@type":"PostalAddress","streetAddress":"ZI La Lechere","addressLocality":"Patornay","postalCode":"39130","addressCountry":"FR"},"contactPoint":[{"@type":"ContactPoint","contactType":"Service client","telephone":"0384254272","email":"contact@csj-emballages.com"}]}]}},"df_price":2.18,"df_sale_price":"","df_regular_price":2.18,"df_image_link":"https:\/\/www.csj-emballages.com\/wp-content\/uploads\/2024\/03\/100-couteaux-reutilisables-18cm-cristal-p-image-219807-grande-300x300.webp","tiered_pricing_type":"fixed","tiered_pricing_fixed_rules":[],"tiered_pricing_percentage_rules":[],"tiered_pricing_minimum":1,"tiered_pricing_roles_data":[],"_links":{"self":[{"href":"https:\/\/www.csj-emballages.com\/es\/wp-json\/wp\/v2\/product\/226618","targetHints":{"allow":["GET"]}}],"collection":[{"href":"https:\/\/www.csj-emballages.com\/es\/wp-json\/wp\/v2\/product"}],"about":[{"href":"https:\/\/www.csj-emballages.com\/es\/wp-json\/wp\/v2\/types\/product"}],"wp:featuredmedia":[{"embeddable":true,"href":"https:\/\/www.csj-emballages.com\/es\/wp-json\/wp\/v2\/media\/167883"}],"wp:attachment":[{"href":"https:\/\/www.csj-emballages.com\/es\/wp-json\/wp\/v2\/media?parent=226618"}],"wp:term":[{"taxonomy":"product_brand","embeddable":true,"href":"https:\/\/www.csj-emballages.com\/es\/wp-json\/wp\/v2\/product_brand?post=226618"},{"taxonomy":"product_cat","embeddable":true,"href":"https:\/\/www.csj-emballages.com\/es\/wp-json\/wp\/v2\/product_cat?post=226618"},{"taxonomy":"product_tag","embeddable":true,"href":"https:\/\/www.csj-emballages.com\/es\/wp-json\/wp\/v2\/product_tag?post=226618"}],"curies":[{"name":"wp","href":"https:\/\/api.w.org\/{rel}","templated":true}]}}