{"id":226603,"date":"2024-03-01T16:55:44","date_gmt":"2024-03-01T15:55:44","guid":{"rendered":"https:\/\/www.csj-emballages.com\/produit\/100-tapones-desechables-de-papel-blanco-con-ribete-azul\/"},"modified":"2026-03-12T16:19:08","modified_gmt":"2026-03-12T15:19:08","slug":"100-tapones-desechables-de-papel-blanco-con-ribete-azul","status":"publish","type":"product","link":"https:\/\/www.csj-emballages.com\/es\/produit\/100-tapones-desechables-de-papel-blanco-con-ribete-azul\/","title":{"rendered":"Calota de papel blanca con ribete azul, por 100 unidades"},"content":{"rendered":"<h2>Calota de papel<\/h2>\n<hr>\n<h3>Descubra nuestra calota de papel blanca con ribete azul, por 100 unidades<\/h3>\n<p><!--more--><\/p>\n<p data-start=\"289\" data-end=\"674\">Este <strong>gorro de papel blanco con ribete azul<\/strong> es un cl\u00e1sico\u2026 y por una buena raz\u00f3n. Cumple su funci\u00f3n de forma sencilla y eficaz. En cuanto se lleva puesto, transmite una imagen limpia, cuidada y profesional, lo cual es esencial en el sector alimentario. El ribete azul aporta un peque\u00f1o toque visual discreto pero tranquilizador, a menudo asociado a <strong>la higiene y la frescura<\/strong>.   <\/p>\n<p data-start=\"676\" data-end=\"992\">Dise\u00f1ado para el uso diario, este <strong>gorro blanco<\/strong> se ajusta f\u00e1cilmente a la cabeza gracias a su sistema plegable. No necesita una talla precisa: se adapta en cuesti\u00f3n de segundos y se puede quitar igual de r\u00e1pido. Es pr\u00e1ctico cuando los equipos se turnan o cuando el ritmo se acelera en la cocina, en el laboratorio o en la tienda.  <\/p>\n<p data-start=\"994\" data-end=\"1352\">Su <strong>papel<\/strong> ligero hace que sea agradable de llevar, incluso durante varias horas. Se mantiene bien en su sitio sin apretar, a la vez que cumple perfectamente su funci\u00f3n: sujetar el pelo y respetar las normas de higiene. Este modelo es adecuado tanto para carnicer\u00edas, pescader\u00edas, panader\u00edas, empresas de catering como para cocinas profesionales o eventos puntuales.  <\/p>\n<p data-start=\"1354\" data-end=\"1596\">Se vende <strong data-start=\"1360\" data-end=\"1378\">en lote de 100<\/strong>, lo que permite gestionar f\u00e1cilmente las necesidades diarias sin preocuparse por la reposici\u00f3n inmediata. Es una soluci\u00f3n sencilla, econ\u00f3mica y eficaz para equipar a un equipo completo manteniendo una presentaci\u00f3n uniforme. <\/p>\n<p data-start=\"1598\" data-end=\"1770\">En resumen, este <strong>gorro de papel<\/strong> no pretende ser pretencioso. Aporta exactamente lo que se espera de \u00e9l: limpieza, practicidad y una imagen seria, sin complicaciones. <\/p>\n<p data-start=\"1598\" data-end=\"1770\"><!--more--><\/p>\n<h4 data-start=\"1598\" data-end=\"1770\">Ventajas :<\/h4>\n<ul>\n<li data-start=\"120\" data-end=\"162\">Aspecto limpio y profesional inmediato.<\/li>\n<li data-start=\"165\" data-end=\"218\"><strong>Ribete azul<\/strong> discreto que refuerza la imagen de higiene.<\/li>\n<li data-start=\"221\" data-end=\"266\">Ajuste f\u00e1cil gracias al sistema plegable.<\/li>\n<li data-start=\"269\" data-end=\"314\">Ligera y c\u00f3moda de llevar a diario.<\/li>\n<li data-start=\"317\" data-end=\"355\">Adaptada a todos los negocios de alimentaci\u00f3n.<\/li>\n<li data-start=\"358\" data-end=\"403\">Lote de <strong>100<\/strong> pr\u00e1ctico para un uso regular.<\/li>\n<\/ul>\n<p>&nbsp;<\/p>\n<p><!--more--><\/p>\n<h4>Informaci\u00f3n adicional :<\/h4>\n<ul>\n<li><strong>Embalaje<\/strong>: Paquete de 100<\/li>\n<li><strong>Dimensiones<\/strong>: 27,5 x 8,5 cm<\/li>\n<li><strong>Grosor<\/strong>: 70 gr\/m\u00b2<\/li>\n<li><strong>Material<\/strong>: papel<\/li>\n<li>Contorno de cabeza <strong>ajustable<\/strong><\/li>\n<li>Parte superior <strong>perforada<\/strong> y aireada<\/li>\n<li><strong>Parte superior plegada<\/strong> y pegada al contorno de la calota<\/li>\n<li><strong>Color<\/strong>: blanco \/ azul<\/li>\n<\/ul>\n<p>&nbsp;<\/p>\n<p><!--more--><\/p>\n<p>Esta calota de papel tambi\u00e9n est\u00e1 disponible en rojo: <span style=\"color: #d12727;\"><a style=\"color: #d12727;\" href=\"https:\/\/www.csj-emballages.com\/es\/produit\/100-tapones-desechables-de-papel-blanco-con-ribete-rojo\/\">CALOTROUG<\/a><\/span><\/p>\n<p>&nbsp;<\/p>\n<p><!--more--><\/p>\n<p><a href=\"https:\/\/www.csj-emballages.com\/es\/categorie-produit\/higiene-y-mantenimiento\/equipamiento-individual\/gorras\/\">Consulte el resto de nuestra gama de calotas<\/a><\/p>\n","protected":false},"excerpt":{"rendered":"<p>Calota de papel Descubra nuestra calota de papel blanca con ribete azul, por 100 unidades<\/p>\n","protected":false},"featured_media":7013,"template":"","meta":{"_acf_changed":false},"product_brand":[],"product_cat":[1226,2325,3845],"product_tag":[],"class_list":{"0":"post-226603","1":"product","2":"type-product","3":"status-publish","4":"has-post-thumbnail","6":"product_cat-higiene-y-mantenimiento","7":"product_cat-equipamiento-individual","8":"product_cat-gorras","10":"first","11":"instock","12":"taxable","13":"shipping-taxable","14":"purchasable","15":"product-type-simple"},"acf":[],"yoast_head":"<!-- This site is optimized with the Yoast SEO Premium plugin v26.6 (Yoast SEO v26.6) - https:\/\/yoast.com\/wordpress\/plugins\/seo\/ -->\n<title>Calota de Papel Blanca con Ribete Azul, por 100 unidades<\/title>\n<meta name=\"description\" content=\"Calota de papel blanca con ribete azul, se vende por 100 unidades. Ligera, ajustable e higi\u00e9nica, ideal para cocinas, carnicer\u00edas, pescader\u00edas y negocios de alimentaci\u00f3n.\" \/>\n<meta name=\"robots\" content=\"index, follow, max-snippet:-1, max-image-preview:large, max-video-preview:-1\" \/>\n<link rel=\"canonical\" href=\"https:\/\/www.csj-emballages.com\/es\/produit\/100-tapones-desechables-de-papel-blanco-con-ribete-azul\/\" \/>\n<meta property=\"og:locale\" content=\"es_ES\" \/>\n<meta property=\"og:type\" content=\"article\" \/>\n<meta property=\"og:title\" content=\"Calota de papel blanca con ribete azul, por 100 unidades\" \/>\n<meta property=\"og:description\" content=\"Calota de papel blanca con ribete azul, se vende por 100 unidades. Ligera, ajustable e higi\u00e9nica, ideal para cocinas, carnicer\u00edas, pescader\u00edas y negocios de alimentaci\u00f3n.\" \/>\n<meta property=\"og:url\" content=\"https:\/\/www.csj-emballages.com\/es\/produit\/100-tapones-desechables-de-papel-blanco-con-ribete-azul\/\" \/>\n<meta property=\"og:site_name\" content=\"CSJ Emballages\" \/>\n<meta property=\"article:publisher\" content=\"https:\/\/www.facebook.com\/csjemballages\" \/>\n<meta property=\"article:modified_time\" content=\"2026-03-12T15:19:08+00:00\" \/>\n<meta property=\"og:image\" content=\"https:\/\/www.csj-emballages.com\/wp-content\/uploads\/2024\/03\/calot-bleu-poissonerie-papier-reglable-grossiste-csj-emballages-zoom-jpg.webp\" \/>\n\t<meta property=\"og:image:width\" content=\"600\" \/>\n\t<meta property=\"og:image:height\" content=\"600\" \/>\n\t<meta property=\"og:image:type\" content=\"image\/jpeg\" \/>\n<meta name=\"twitter:card\" content=\"summary_large_image\" \/>\n<meta name=\"twitter:label1\" content=\"Tiempo de lectura\" \/>\n\t<meta name=\"twitter:data1\" content=\"2 minutos\" \/>\n<script type=\"application\/ld+json\" class=\"yoast-schema-graph\">{\"@context\":\"https:\/\/schema.org\",\"@graph\":[{\"@type\":\"WebPage\",\"@id\":\"https:\/\/www.csj-emballages.com\/es\/produit\/100-tapones-desechables-de-papel-blanco-con-ribete-azul\/\",\"url\":\"https:\/\/www.csj-emballages.com\/es\/produit\/100-tapones-desechables-de-papel-blanco-con-ribete-azul\/\",\"name\":\"Calota de Papel Blanca con Ribete Azul, por 100 unidades\",\"isPartOf\":{\"@id\":\"https:\/\/www.csj-emballages.com\/es\/#website\"},\"primaryImageOfPage\":{\"@id\":\"https:\/\/www.csj-emballages.com\/es\/produit\/100-tapones-desechables-de-papel-blanco-con-ribete-azul\/#primaryimage\"},\"image\":{\"@id\":\"https:\/\/www.csj-emballages.com\/es\/produit\/100-tapones-desechables-de-papel-blanco-con-ribete-azul\/#primaryimage\"},\"thumbnailUrl\":\"https:\/\/www.csj-emballages.com\/wp-content\/uploads\/2024\/03\/calot-bleu-poissonerie-papier-reglable-grossiste-csj-emballages-zoom-jpg.webp\",\"datePublished\":\"2024-03-01T15:55:44+00:00\",\"dateModified\":\"2026-03-12T15:19:08+00:00\",\"description\":\"Calota de papel blanca con ribete azul, se vende por 100 unidades. Ligera, ajustable e higi\u00e9nica, ideal para cocinas, carnicer\u00edas, pescader\u00edas y negocios de alimentaci\u00f3n.\",\"breadcrumb\":{\"@id\":\"https:\/\/www.csj-emballages.com\/es\/produit\/100-tapones-desechables-de-papel-blanco-con-ribete-azul\/#breadcrumb\"},\"inLanguage\":\"es\",\"potentialAction\":[{\"@type\":\"ReadAction\",\"target\":[\"https:\/\/www.csj-emballages.com\/es\/produit\/100-tapones-desechables-de-papel-blanco-con-ribete-azul\/\"]}]},{\"@type\":\"ImageObject\",\"inLanguage\":\"es\",\"@id\":\"https:\/\/www.csj-emballages.com\/es\/produit\/100-tapones-desechables-de-papel-blanco-con-ribete-azul\/#primaryimage\",\"url\":\"https:\/\/www.csj-emballages.com\/wp-content\/uploads\/2024\/03\/calot-bleu-poissonerie-papier-reglable-grossiste-csj-emballages-zoom-jpg.webp\",\"contentUrl\":\"https:\/\/www.csj-emballages.com\/wp-content\/uploads\/2024\/03\/calot-bleu-poissonerie-papier-reglable-grossiste-csj-emballages-zoom-jpg.webp\",\"width\":600,\"height\":600,\"caption\":\"Calot en papier\"},{\"@type\":\"BreadcrumbList\",\"@id\":\"https:\/\/www.csj-emballages.com\/es\/produit\/100-tapones-desechables-de-papel-blanco-con-ribete-azul\/#breadcrumb\",\"itemListElement\":[{\"@type\":\"ListItem\",\"position\":1,\"name\":\"Accueil\",\"item\":\"https:\/\/www.csj-emballages.com\/es\/universo-del-envasado-alimentario\/\"},{\"@type\":\"ListItem\",\"position\":2,\"name\":\"Tienda\",\"item\":\"https:\/\/www.csj-emballages.com\/tienda\/\"},{\"@type\":\"ListItem\",\"position\":3,\"name\":\"Calota de papel blanca con ribete azul, por 100 unidades\"}]},{\"@type\":\"WebSite\",\"@id\":\"https:\/\/www.csj-emballages.com\/es\/#website\",\"url\":\"https:\/\/www.csj-emballages.com\/es\/\",\"name\":\"CSJ Emballages\",\"description\":\"\",\"publisher\":{\"@id\":\"https:\/\/www.csj-emballages.com\/es\/#organization\"},\"potentialAction\":[{\"@type\":\"SearchAction\",\"target\":{\"@type\":\"EntryPoint\",\"urlTemplate\":\"https:\/\/www.csj-emballages.com\/es\/?s={search_term_string}\"},\"query-input\":{\"@type\":\"PropertyValueSpecification\",\"valueRequired\":true,\"valueName\":\"search_term_string\"}}],\"inLanguage\":\"es\"},{\"@type\":\"Organization\",\"@id\":\"https:\/\/www.csj-emballages.com\/es\/#Organization\/\",\"name\":\"CSJ Emballages\",\"url\":\"https:\/\/www.csj-emballages.com\/es\/\",\"logo\":{\"@type\":\"ImageObject\",\"inLanguage\":\"es\",\"@id\":\"https:\/\/www.csj-emballages.com\/es\/#\/schema\/logo\/image\/\",\"url\":\"https:\/\/www.csj-emballages.com\/wp-content\/uploads\/2023\/10\/logo_csj.webp\",\"contentUrl\":\"https:\/\/www.csj-emballages.com\/wp-content\/uploads\/2023\/10\/logo_csj.webp\",\"width\":250,\"height\":95,\"caption\":\"CSJ Emballages\"},\"image\":{\"@id\":\"https:\/\/www.csj-emballages.com\/es\/#\/schema\/logo\/image\/\"},\"sameAs\":[\"https:\/\/www.facebook.com\/csjemballages\"],\"address\":{\"@type\":\"PostalAddress\",\"streetAddress\":\"ZI La Lechere\",\"addressLocality\":\"Patornay\",\"postalCode\":\"39130\",\"addressCountry\":\"FR\"},\"contactPoint\":[{\"@type\":\"ContactPoint\",\"contactType\":\"Service client\",\"telephone\":\"0384254272\",\"email\":\"contact@csj-emballages.com\"}]}]}<\/script>\n<!-- \/ Yoast SEO Premium plugin. -->","yoast_head_json":{"title":"Calota de Papel Blanca con Ribete Azul, por 100 unidades","description":"Calota de papel blanca con ribete azul, se vende por 100 unidades. Ligera, ajustable e higi\u00e9nica, ideal para cocinas, carnicer\u00edas, pescader\u00edas y negocios de alimentaci\u00f3n.","robots":{"index":"index","follow":"follow","max-snippet":"max-snippet:-1","max-image-preview":"max-image-preview:large","max-video-preview":"max-video-preview:-1"},"canonical":"https:\/\/www.csj-emballages.com\/es\/produit\/100-tapones-desechables-de-papel-blanco-con-ribete-azul\/","og_locale":"es_ES","og_type":"article","og_title":"Calota de papel blanca con ribete azul, por 100 unidades","og_description":"Calota de papel blanca con ribete azul, se vende por 100 unidades. Ligera, ajustable e higi\u00e9nica, ideal para cocinas, carnicer\u00edas, pescader\u00edas y negocios de alimentaci\u00f3n.","og_url":"https:\/\/www.csj-emballages.com\/es\/produit\/100-tapones-desechables-de-papel-blanco-con-ribete-azul\/","og_site_name":"CSJ Emballages","article_publisher":"https:\/\/www.facebook.com\/csjemballages","article_modified_time":"2026-03-12T15:19:08+00:00","og_image":[{"width":600,"height":600,"url":"https:\/\/www.csj-emballages.com\/wp-content\/uploads\/2024\/03\/calot-bleu-poissonerie-papier-reglable-grossiste-csj-emballages-zoom-jpg.webp","type":"image\/jpeg"}],"twitter_card":"summary_large_image","twitter_misc":{"Tiempo de lectura":"2 minutos"},"schema":{"@context":"https:\/\/schema.org","@graph":[{"@type":"WebPage","@id":"https:\/\/www.csj-emballages.com\/es\/produit\/100-tapones-desechables-de-papel-blanco-con-ribete-azul\/","url":"https:\/\/www.csj-emballages.com\/es\/produit\/100-tapones-desechables-de-papel-blanco-con-ribete-azul\/","name":"Calota de Papel Blanca con Ribete Azul, por 100 unidades","isPartOf":{"@id":"https:\/\/www.csj-emballages.com\/es\/#website"},"primaryImageOfPage":{"@id":"https:\/\/www.csj-emballages.com\/es\/produit\/100-tapones-desechables-de-papel-blanco-con-ribete-azul\/#primaryimage"},"image":{"@id":"https:\/\/www.csj-emballages.com\/es\/produit\/100-tapones-desechables-de-papel-blanco-con-ribete-azul\/#primaryimage"},"thumbnailUrl":"https:\/\/www.csj-emballages.com\/wp-content\/uploads\/2024\/03\/calot-bleu-poissonerie-papier-reglable-grossiste-csj-emballages-zoom-jpg.webp","datePublished":"2024-03-01T15:55:44+00:00","dateModified":"2026-03-12T15:19:08+00:00","description":"Calota de papel blanca con ribete azul, se vende por 100 unidades. Ligera, ajustable e higi\u00e9nica, ideal para cocinas, carnicer\u00edas, pescader\u00edas y negocios de alimentaci\u00f3n.","breadcrumb":{"@id":"https:\/\/www.csj-emballages.com\/es\/produit\/100-tapones-desechables-de-papel-blanco-con-ribete-azul\/#breadcrumb"},"inLanguage":"es","potentialAction":[{"@type":"ReadAction","target":["https:\/\/www.csj-emballages.com\/es\/produit\/100-tapones-desechables-de-papel-blanco-con-ribete-azul\/"]}]},{"@type":"ImageObject","inLanguage":"es","@id":"https:\/\/www.csj-emballages.com\/es\/produit\/100-tapones-desechables-de-papel-blanco-con-ribete-azul\/#primaryimage","url":"https:\/\/www.csj-emballages.com\/wp-content\/uploads\/2024\/03\/calot-bleu-poissonerie-papier-reglable-grossiste-csj-emballages-zoom-jpg.webp","contentUrl":"https:\/\/www.csj-emballages.com\/wp-content\/uploads\/2024\/03\/calot-bleu-poissonerie-papier-reglable-grossiste-csj-emballages-zoom-jpg.webp","width":600,"height":600,"caption":"Calot en papier"},{"@type":"BreadcrumbList","@id":"https:\/\/www.csj-emballages.com\/es\/produit\/100-tapones-desechables-de-papel-blanco-con-ribete-azul\/#breadcrumb","itemListElement":[{"@type":"ListItem","position":1,"name":"Accueil","item":"https:\/\/www.csj-emballages.com\/es\/universo-del-envasado-alimentario\/"},{"@type":"ListItem","position":2,"name":"Tienda","item":"https:\/\/www.csj-emballages.com\/tienda\/"},{"@type":"ListItem","position":3,"name":"Calota de papel blanca con ribete azul, por 100 unidades"}]},{"@type":"WebSite","@id":"https:\/\/www.csj-emballages.com\/es\/#website","url":"https:\/\/www.csj-emballages.com\/es\/","name":"CSJ Emballages","description":"","publisher":{"@id":"https:\/\/www.csj-emballages.com\/es\/#organization"},"potentialAction":[{"@type":"SearchAction","target":{"@type":"EntryPoint","urlTemplate":"https:\/\/www.csj-emballages.com\/es\/?s={search_term_string}"},"query-input":{"@type":"PropertyValueSpecification","valueRequired":true,"valueName":"search_term_string"}}],"inLanguage":"es"},{"@type":"Organization","@id":"https:\/\/www.csj-emballages.com\/es\/#Organization\/","name":"CSJ Emballages","url":"https:\/\/www.csj-emballages.com\/es\/","logo":{"@type":"ImageObject","inLanguage":"es","@id":"https:\/\/www.csj-emballages.com\/es\/#\/schema\/logo\/image\/","url":"https:\/\/www.csj-emballages.com\/wp-content\/uploads\/2023\/10\/logo_csj.webp","contentUrl":"https:\/\/www.csj-emballages.com\/wp-content\/uploads\/2023\/10\/logo_csj.webp","width":250,"height":95,"caption":"CSJ Emballages"},"image":{"@id":"https:\/\/www.csj-emballages.com\/es\/#\/schema\/logo\/image\/"},"sameAs":["https:\/\/www.facebook.com\/csjemballages"],"address":{"@type":"PostalAddress","streetAddress":"ZI La Lechere","addressLocality":"Patornay","postalCode":"39130","addressCountry":"FR"},"contactPoint":[{"@type":"ContactPoint","contactType":"Service client","telephone":"0384254272","email":"contact@csj-emballages.com"}]}]}},"df_price":6,"df_sale_price":"","df_regular_price":6,"df_image_link":"https:\/\/www.csj-emballages.com\/wp-content\/uploads\/2024\/03\/calot-bleu-poissonerie-papier-reglable-grossiste-csj-emballages-zoom-300x300.webp","tiered_pricing_type":"fixed","tiered_pricing_fixed_rules":[],"tiered_pricing_percentage_rules":[],"tiered_pricing_minimum":1,"tiered_pricing_roles_data":[],"_links":{"self":[{"href":"https:\/\/www.csj-emballages.com\/es\/wp-json\/wp\/v2\/product\/226603","targetHints":{"allow":["GET"]}}],"collection":[{"href":"https:\/\/www.csj-emballages.com\/es\/wp-json\/wp\/v2\/product"}],"about":[{"href":"https:\/\/www.csj-emballages.com\/es\/wp-json\/wp\/v2\/types\/product"}],"wp:featuredmedia":[{"embeddable":true,"href":"https:\/\/www.csj-emballages.com\/es\/wp-json\/wp\/v2\/media\/7013"}],"wp:attachment":[{"href":"https:\/\/www.csj-emballages.com\/es\/wp-json\/wp\/v2\/media?parent=226603"}],"wp:term":[{"taxonomy":"product_brand","embeddable":true,"href":"https:\/\/www.csj-emballages.com\/es\/wp-json\/wp\/v2\/product_brand?post=226603"},{"taxonomy":"product_cat","embeddable":true,"href":"https:\/\/www.csj-emballages.com\/es\/wp-json\/wp\/v2\/product_cat?post=226603"},{"taxonomy":"product_tag","embeddable":true,"href":"https:\/\/www.csj-emballages.com\/es\/wp-json\/wp\/v2\/product_tag?post=226603"}],"curies":[{"name":"wp","href":"https:\/\/api.w.org\/{rel}","templated":true}]}}