{"id":226590,"date":"2024-03-01T16:55:44","date_gmt":"2024-03-01T15:55:44","guid":{"rendered":"https:\/\/www.csj-emballages.com\/produit\/50-insertos-de-plastico-negro-8-macarrones-por-caja\/"},"modified":"2026-04-22T02:11:35","modified_gmt":"2026-04-22T00:11:35","slug":"50-insertos-de-plastico-negro-8-macarrones-por-caja","status":"publish","type":"product","link":"https:\/\/www.csj-emballages.com\/es\/produit\/50-insertos-de-plastico-negro-8-macarrones-por-caja\/","title":{"rendered":"Macarrones de pl\u00e1stico negro 8 macarrones por caja de 50"},"content":{"rendered":"<h2>Colocaci\u00f3n de macarrones<\/h2>\n<hr>\n<h3>Descripci\u00f3n de nuestro inserto para macarrones de pl\u00e1stico negro 8 macarrones para cajas de 50<\/h3>\n<p><!--more--><\/p>\n<p data-start=\"128\" data-end=\"437\">Ofrezca a sus dulces una presentaci\u00f3n elegante y una protecci\u00f3n \u00f3ptima con el <strong data-start=\"212\" data-end=\"275\">porta-macarrones de pl\u00e1stico negro 8 macarrones para cajas de 50 unidades<\/strong>. Especialmente dise\u00f1ado para profesionales de la pasteler\u00eda y artesanos que desean realzar su imagen, este soporte combina practicidad, higiene y est\u00e9tica. <\/p>\n<p data-start=\"439\" data-end=\"802\">Cada <strong>bandeja<\/strong> puede contener <strong data-start=\"473\" data-end=\"495\">hasta 8 macarons<\/strong> de tama\u00f1o est\u00e1ndar, manteni\u00e9ndolos firmemente en su sitio para evitar que se golpeen o aplasten durante el transporte o el almacenamiento. Su dise\u00f1o <strong data-start=\"642\" data-end=\"667\">de pl\u00e1stico apto para alimentos<\/strong> garantiza una seguridad \u00f3ptima para sus creaciones, al tiempo que ofrece la rigidez suficiente para soportar una manipulaci\u00f3n repetida. <\/p>\n<p data-start=\"804\" data-end=\"1037\">El color <strong data-start=\"815\" data-end=\"824\">negro<\/strong> a\u00f1ade un toque refinado que realza los colores brillantes y delicados de las c\u00e1scaras de los macarrones. El efecto de contraste realza sus creaciones y contribuye a reforzar la imagen de alta gama de su marca. <\/p>\n<p data-start=\"1039\" data-end=\"1314\">Se venden en econ\u00f3micos paquetes de <strong data-start=\"1067\" data-end=\"1081\">50<\/strong> unidades y son ideales para uso profesional habitual. F\u00e1ciles de insertar en cajas de macarrones est\u00e1ndar, encajan con facilidad y se colocan r\u00e1pidamente al preparar los pedidos. <\/p>\n<p data-start=\"1316\" data-end=\"1613\">Elegir esta <strong data-start=\"1327\" data-end=\"1361\">bandeja para macarrones de pl\u00e1stico<\/strong> negro significa optar por un producto pr\u00e1ctico, resistente y atractivo, dise\u00f1ado para satisfacer las necesidades de artesanos, hosteleros y tiendas especializadas por igual. Imprescindible para atender a sus clientes con esmero, promocionando al mismo tiempo su saber hacer. <\/p>\n<p data-start=\"1423\" data-end=\"1694\"><!--more--><\/p>\n<h4 data-start=\"1423\" data-end=\"1694\">Ventajas :<\/h4>\n<ul>\n<li data-start=\"1423\" data-end=\"1694\">Contiene perfectamente <strong data-start=\"1658\" data-end=\"1672\">8 macarrones<\/strong> sin romperse.<\/li>\n<li data-start=\"1423\" data-end=\"1694\"><strong data-start=\"1698\" data-end=\"1723\">Pl\u00e1stico alimentario<\/strong> r\u00edgido e higi\u00e9nico.<\/li>\n<li data-start=\"1423\" data-end=\"1694\"><strong data-start=\"1757\" data-end=\"1775\">Un elegante<\/strong> color <strong data-start=\"1757\" data-end=\"1775\">negro<\/strong> que realza sus creaciones.<\/li>\n<li data-start=\"1423\" data-end=\"1694\">Formato est\u00e1ndar adecuado para cajas de macarrones cl\u00e1sicas.<\/li>\n<li data-start=\"1423\" data-end=\"1694\">Se venden en <strong data-start=\"1875\" data-end=\"1888\">paquetes de 50<\/strong> unidades, ideales para profesionales.<\/li>\n<\/ul>\n<p>&nbsp;<\/p>\n<p><!--more--><\/p>\n<h4>Informaci\u00f3n adicional :<\/h4>\n<ul style=\"box-sizing: inherit; font-family: Roboto, sans-serif;\">\n<li><strong>Envase<\/strong>: Paquete de 50<\/li>\n<li><span style=\"font-weight: bold;\">Dimensiones<\/span>: 230 x 50 x 19 (L x A x A en mm)<\/li>\n<li><strong>Dimensiones de la posici\u00f3n del distintivo<\/strong>: 4 cm x 2,5 cm<\/li>\n<li><strong>Material<\/strong>: Pl\u00e1stico<\/li>\n<li><strong>Color<\/strong>: Negro<\/li>\n<li><strong>Capacidad<\/strong>: 8 macarrones<\/li>\n<\/ul>\n<p>&nbsp;<\/p>\n<p><!--more--><\/p>\n<p>Tambi\u00e9n disponible en transparente: <span style=\"color: #d12727;\"><br \/>\n  <a style=\"color: #d12727;\" href=\"https:\/\/www.csj-emballages.com\/produit\/50-calages-transparent-plastique-8-macarons-pour-boite\/\">CALBM6TRAN<\/a><br \/>\n<\/span><\/p>\n<p>&nbsp;<\/p>\n<p><!--more--><\/p>\n<p>Aqu\u00ed encontrar\u00e1 todas las cajas de macarrones compatibles con este inserto: <span style=\"color: #d12727;\"><br \/>\n  <a style=\"color: #d12727;\" href=\"https:\/\/www.csj-emballages.com\/pt-pt\/produit\/25-caixas-de-cartao-branco-para-8-macarons\/\">BLANCO<\/a><br \/>\n<\/span> (BM6BANC) \/ <span style=\"color: #d12727;\"><br \/>\n  <a style=\"color: #d12727;\" href=\"https:\/\/www.csj-emballages.com\/pt-pt\/produit\/caixa-de-cartao-cor-de-rosa-para-8-macarons\/\">ROSA<\/a><br \/>\n<\/span> (BM6ROSE) \/ <span style=\"color: #d12727;\"><br \/>\n  <a style=\"color: #d12727;\" href=\"https:\/\/www.csj-emballages.com\/pt-pt\/produit\/caixa-de-cartao-verde-para-8-macarons\/\">VERDE<\/a><br \/>\n<\/span> (BM6VERT) \/ <span style=\"color: #d12727;\"><br \/>\n  <a style=\"color: #d12727;\" href=\"https:\/\/www.csj-emballages.com\/pt-pt\/produit\/caixa-de-cartao-laranja-para-8-macarons\/\">NARANJA<\/a><br \/>\n<\/span> (BM6ORANGE) \/ <span style=\"color: #d12727;\"><a style=\"color: #d12727;\" href=\"https:\/\/www.csj-emballages.com\/pt-pt\/produit\/caixa-de-cartao-preta-para-8-macarons\/\">NEGRO<\/a> <span style=\"color: #000000;\">(BM6NOIR)<\/span><\/span><\/p>\n<p>&nbsp;<\/p>\n<p><!--more--><\/p>\n<p><a href=\"https:\/\/www.csj-emballages.com\/es\/categorie-produit\/envasado-de-alimentos\/panaderia-y-pasteleria\/cajas-y-estuches\/cajas-estuches-para-macarrones\/cajas-macarrones\/cunas-de-macarrones\/\">Ver el resto de nuestra gama de revestimientos para macarrones<\/a><\/p>\n","protected":false},"excerpt":{"rendered":"<p>Colocaci\u00f3n de macarrones Descripci\u00f3n de nuestro inserto para macarrones de pl\u00e1stico negro 8 macarrones para cajas de 50<\/p>\n","protected":false},"featured_media":241965,"template":"","meta":{"_acf_changed":false},"product_brand":[],"product_cat":[1150,1145,1710,2161,3837],"product_tag":[],"class_list":{"0":"post-226590","1":"product","2":"type-product","3":"status-publish","4":"has-post-thumbnail","6":"product_cat-envasado-de-alimentos","7":"product_cat-panaderia-y-pasteleria","8":"product_cat-cajas-estuches-para-macarrones","9":"product_cat-cajas-macarrones","10":"product_cat-cunas-de-macarrones","12":"first","13":"instock","14":"taxable","15":"shipping-taxable","16":"purchasable","17":"product-type-simple"},"acf":[],"yoast_head":"<!-- This site is optimized with the Yoast SEO Premium plugin v26.6 (Yoast SEO v26.6) - https:\/\/yoast.com\/wordpress\/plugins\/seo\/ -->\n<title>Bandeja para Macarrones Pl\u00e1stico Negro 8 Macarrones por Caja de 50<\/title>\n<meta name=\"description\" content=\"Inserto de pl\u00e1stico negro para 8 macarrones - Ideal para colocar los macarrones en su caja. Se venden en paquetes de 50.\" \/>\n<meta name=\"robots\" content=\"index, follow, max-snippet:-1, max-image-preview:large, max-video-preview:-1\" \/>\n<link rel=\"canonical\" href=\"https:\/\/www.csj-emballages.com\/es\/produit\/50-insertos-de-plastico-negro-8-macarrones-por-caja\/\" \/>\n<meta property=\"og:locale\" content=\"es_ES\" \/>\n<meta property=\"og:type\" content=\"article\" \/>\n<meta property=\"og:title\" content=\"Macarrones de pl\u00e1stico negro 8 macarrones por caja de 50\" \/>\n<meta property=\"og:description\" content=\"Inserto de pl\u00e1stico negro para 8 macarrones - Ideal para colocar los macarrones en su caja. Se venden en paquetes de 50.\" \/>\n<meta property=\"og:url\" content=\"https:\/\/www.csj-emballages.com\/es\/produit\/50-insertos-de-plastico-negro-8-macarrones-por-caja\/\" \/>\n<meta property=\"og:site_name\" content=\"CSJ Emballages\" \/>\n<meta property=\"article:publisher\" content=\"https:\/\/www.facebook.com\/csjemballages\" \/>\n<meta property=\"article:modified_time\" content=\"2026-04-22T00:11:35+00:00\" \/>\n<meta property=\"og:image\" content=\"https:\/\/www.csj-emballages.com\/wp-content\/uploads\/2024\/03\/Calages-macarons.webp\" \/>\n\t<meta property=\"og:image:width\" content=\"800\" \/>\n\t<meta property=\"og:image:height\" content=\"800\" \/>\n\t<meta property=\"og:image:type\" content=\"image\/webp\" \/>\n<meta name=\"twitter:card\" content=\"summary_large_image\" \/>\n<meta name=\"twitter:label1\" content=\"Tiempo de lectura\" \/>\n\t<meta name=\"twitter:data1\" content=\"2 minutos\" \/>\n<script type=\"application\/ld+json\" class=\"yoast-schema-graph\">{\"@context\":\"https:\/\/schema.org\",\"@graph\":[{\"@type\":\"WebPage\",\"@id\":\"https:\/\/www.csj-emballages.com\/es\/produit\/50-insertos-de-plastico-negro-8-macarrones-por-caja\/\",\"url\":\"https:\/\/www.csj-emballages.com\/es\/produit\/50-insertos-de-plastico-negro-8-macarrones-por-caja\/\",\"name\":\"Bandeja para Macarrones Pl\u00e1stico Negro 8 Macarrones por Caja de 50\",\"isPartOf\":{\"@id\":\"https:\/\/www.csj-emballages.com\/es\/#website\"},\"primaryImageOfPage\":{\"@id\":\"https:\/\/www.csj-emballages.com\/es\/produit\/50-insertos-de-plastico-negro-8-macarrones-por-caja\/#primaryimage\"},\"image\":{\"@id\":\"https:\/\/www.csj-emballages.com\/es\/produit\/50-insertos-de-plastico-negro-8-macarrones-por-caja\/#primaryimage\"},\"thumbnailUrl\":\"https:\/\/www.csj-emballages.com\/wp-content\/uploads\/2024\/03\/Calages-macarons.webp\",\"datePublished\":\"2024-03-01T15:55:44+00:00\",\"dateModified\":\"2026-04-22T00:11:35+00:00\",\"description\":\"Inserto de pl\u00e1stico negro para 8 macarrones - Ideal para colocar los macarrones en su caja. Se venden en paquetes de 50.\",\"breadcrumb\":{\"@id\":\"https:\/\/www.csj-emballages.com\/es\/produit\/50-insertos-de-plastico-negro-8-macarrones-por-caja\/#breadcrumb\"},\"inLanguage\":\"es\",\"potentialAction\":[{\"@type\":\"ReadAction\",\"target\":[\"https:\/\/www.csj-emballages.com\/es\/produit\/50-insertos-de-plastico-negro-8-macarrones-por-caja\/\"]}]},{\"@type\":\"ImageObject\",\"inLanguage\":\"es\",\"@id\":\"https:\/\/www.csj-emballages.com\/es\/produit\/50-insertos-de-plastico-negro-8-macarrones-por-caja\/#primaryimage\",\"url\":\"https:\/\/www.csj-emballages.com\/wp-content\/uploads\/2024\/03\/Calages-macarons.webp\",\"contentUrl\":\"https:\/\/www.csj-emballages.com\/wp-content\/uploads\/2024\/03\/Calages-macarons.webp\",\"width\":800,\"height\":800,\"caption\":\"Calage noir\"},{\"@type\":\"BreadcrumbList\",\"@id\":\"https:\/\/www.csj-emballages.com\/es\/produit\/50-insertos-de-plastico-negro-8-macarrones-por-caja\/#breadcrumb\",\"itemListElement\":[{\"@type\":\"ListItem\",\"position\":1,\"name\":\"Accueil\",\"item\":\"https:\/\/www.csj-emballages.com\/es\/universo-del-envasado-alimentario\/\"},{\"@type\":\"ListItem\",\"position\":2,\"name\":\"Tienda\",\"item\":\"https:\/\/www.csj-emballages.com\/tienda\/\"},{\"@type\":\"ListItem\",\"position\":3,\"name\":\"Macarrones de pl\u00e1stico negro 8 macarrones por caja de 50\"}]},{\"@type\":\"WebSite\",\"@id\":\"https:\/\/www.csj-emballages.com\/es\/#website\",\"url\":\"https:\/\/www.csj-emballages.com\/es\/\",\"name\":\"CSJ Emballages\",\"description\":\"\",\"publisher\":{\"@id\":\"https:\/\/www.csj-emballages.com\/es\/#organization\"},\"potentialAction\":[{\"@type\":\"SearchAction\",\"target\":{\"@type\":\"EntryPoint\",\"urlTemplate\":\"https:\/\/www.csj-emballages.com\/es\/?s={search_term_string}\"},\"query-input\":{\"@type\":\"PropertyValueSpecification\",\"valueRequired\":true,\"valueName\":\"search_term_string\"}}],\"inLanguage\":\"es\"},{\"@type\":\"Organization\",\"@id\":\"https:\/\/www.csj-emballages.com\/es\/#Organization\/\",\"name\":\"CSJ Emballages\",\"url\":\"https:\/\/www.csj-emballages.com\/es\/\",\"logo\":{\"@type\":\"ImageObject\",\"inLanguage\":\"es\",\"@id\":\"https:\/\/www.csj-emballages.com\/es\/#\/schema\/logo\/image\/\",\"url\":\"https:\/\/www.csj-emballages.com\/wp-content\/uploads\/2023\/10\/logo_csj.webp\",\"contentUrl\":\"https:\/\/www.csj-emballages.com\/wp-content\/uploads\/2023\/10\/logo_csj.webp\",\"width\":250,\"height\":95,\"caption\":\"CSJ Emballages\"},\"image\":{\"@id\":\"https:\/\/www.csj-emballages.com\/es\/#\/schema\/logo\/image\/\"},\"sameAs\":[\"https:\/\/www.facebook.com\/csjemballages\"],\"address\":{\"@type\":\"PostalAddress\",\"streetAddress\":\"ZI La Lechere\",\"addressLocality\":\"Patornay\",\"postalCode\":\"39130\",\"addressCountry\":\"FR\"},\"contactPoint\":[{\"@type\":\"ContactPoint\",\"contactType\":\"Service client\",\"telephone\":\"0384254272\",\"email\":\"contact@csj-emballages.com\"}]}]}<\/script>\n<!-- \/ Yoast SEO Premium plugin. -->","yoast_head_json":{"title":"Bandeja para Macarrones Pl\u00e1stico Negro 8 Macarrones por Caja de 50","description":"Inserto de pl\u00e1stico negro para 8 macarrones - Ideal para colocar los macarrones en su caja. Se venden en paquetes de 50.","robots":{"index":"index","follow":"follow","max-snippet":"max-snippet:-1","max-image-preview":"max-image-preview:large","max-video-preview":"max-video-preview:-1"},"canonical":"https:\/\/www.csj-emballages.com\/es\/produit\/50-insertos-de-plastico-negro-8-macarrones-por-caja\/","og_locale":"es_ES","og_type":"article","og_title":"Macarrones de pl\u00e1stico negro 8 macarrones por caja de 50","og_description":"Inserto de pl\u00e1stico negro para 8 macarrones - Ideal para colocar los macarrones en su caja. Se venden en paquetes de 50.","og_url":"https:\/\/www.csj-emballages.com\/es\/produit\/50-insertos-de-plastico-negro-8-macarrones-por-caja\/","og_site_name":"CSJ Emballages","article_publisher":"https:\/\/www.facebook.com\/csjemballages","article_modified_time":"2026-04-22T00:11:35+00:00","og_image":[{"width":800,"height":800,"url":"https:\/\/www.csj-emballages.com\/wp-content\/uploads\/2024\/03\/Calages-macarons.webp","type":"image\/webp"}],"twitter_card":"summary_large_image","twitter_misc":{"Tiempo de lectura":"2 minutos"},"schema":{"@context":"https:\/\/schema.org","@graph":[{"@type":"WebPage","@id":"https:\/\/www.csj-emballages.com\/es\/produit\/50-insertos-de-plastico-negro-8-macarrones-por-caja\/","url":"https:\/\/www.csj-emballages.com\/es\/produit\/50-insertos-de-plastico-negro-8-macarrones-por-caja\/","name":"Bandeja para Macarrones Pl\u00e1stico Negro 8 Macarrones por Caja de 50","isPartOf":{"@id":"https:\/\/www.csj-emballages.com\/es\/#website"},"primaryImageOfPage":{"@id":"https:\/\/www.csj-emballages.com\/es\/produit\/50-insertos-de-plastico-negro-8-macarrones-por-caja\/#primaryimage"},"image":{"@id":"https:\/\/www.csj-emballages.com\/es\/produit\/50-insertos-de-plastico-negro-8-macarrones-por-caja\/#primaryimage"},"thumbnailUrl":"https:\/\/www.csj-emballages.com\/wp-content\/uploads\/2024\/03\/Calages-macarons.webp","datePublished":"2024-03-01T15:55:44+00:00","dateModified":"2026-04-22T00:11:35+00:00","description":"Inserto de pl\u00e1stico negro para 8 macarrones - Ideal para colocar los macarrones en su caja. Se venden en paquetes de 50.","breadcrumb":{"@id":"https:\/\/www.csj-emballages.com\/es\/produit\/50-insertos-de-plastico-negro-8-macarrones-por-caja\/#breadcrumb"},"inLanguage":"es","potentialAction":[{"@type":"ReadAction","target":["https:\/\/www.csj-emballages.com\/es\/produit\/50-insertos-de-plastico-negro-8-macarrones-por-caja\/"]}]},{"@type":"ImageObject","inLanguage":"es","@id":"https:\/\/www.csj-emballages.com\/es\/produit\/50-insertos-de-plastico-negro-8-macarrones-por-caja\/#primaryimage","url":"https:\/\/www.csj-emballages.com\/wp-content\/uploads\/2024\/03\/Calages-macarons.webp","contentUrl":"https:\/\/www.csj-emballages.com\/wp-content\/uploads\/2024\/03\/Calages-macarons.webp","width":800,"height":800,"caption":"Calage noir"},{"@type":"BreadcrumbList","@id":"https:\/\/www.csj-emballages.com\/es\/produit\/50-insertos-de-plastico-negro-8-macarrones-por-caja\/#breadcrumb","itemListElement":[{"@type":"ListItem","position":1,"name":"Accueil","item":"https:\/\/www.csj-emballages.com\/es\/universo-del-envasado-alimentario\/"},{"@type":"ListItem","position":2,"name":"Tienda","item":"https:\/\/www.csj-emballages.com\/tienda\/"},{"@type":"ListItem","position":3,"name":"Macarrones de pl\u00e1stico negro 8 macarrones por caja de 50"}]},{"@type":"WebSite","@id":"https:\/\/www.csj-emballages.com\/es\/#website","url":"https:\/\/www.csj-emballages.com\/es\/","name":"CSJ Emballages","description":"","publisher":{"@id":"https:\/\/www.csj-emballages.com\/es\/#organization"},"potentialAction":[{"@type":"SearchAction","target":{"@type":"EntryPoint","urlTemplate":"https:\/\/www.csj-emballages.com\/es\/?s={search_term_string}"},"query-input":{"@type":"PropertyValueSpecification","valueRequired":true,"valueName":"search_term_string"}}],"inLanguage":"es"},{"@type":"Organization","@id":"https:\/\/www.csj-emballages.com\/es\/#Organization\/","name":"CSJ Emballages","url":"https:\/\/www.csj-emballages.com\/es\/","logo":{"@type":"ImageObject","inLanguage":"es","@id":"https:\/\/www.csj-emballages.com\/es\/#\/schema\/logo\/image\/","url":"https:\/\/www.csj-emballages.com\/wp-content\/uploads\/2023\/10\/logo_csj.webp","contentUrl":"https:\/\/www.csj-emballages.com\/wp-content\/uploads\/2023\/10\/logo_csj.webp","width":250,"height":95,"caption":"CSJ Emballages"},"image":{"@id":"https:\/\/www.csj-emballages.com\/es\/#\/schema\/logo\/image\/"},"sameAs":["https:\/\/www.facebook.com\/csjemballages"],"address":{"@type":"PostalAddress","streetAddress":"ZI La Lechere","addressLocality":"Patornay","postalCode":"39130","addressCountry":"FR"},"contactPoint":[{"@type":"ContactPoint","contactType":"Service client","telephone":"0384254272","email":"contact@csj-emballages.com"}]}]}},"df_price":27.86,"df_sale_price":"","df_regular_price":27.86,"df_image_link":"https:\/\/www.csj-emballages.com\/wp-content\/uploads\/2024\/03\/Calages-macarons-300x300.webp","tiered_pricing_type":"fixed","tiered_pricing_fixed_rules":[],"tiered_pricing_percentage_rules":[],"tiered_pricing_minimum":1,"tiered_pricing_roles_data":[],"_links":{"self":[{"href":"https:\/\/www.csj-emballages.com\/es\/wp-json\/wp\/v2\/product\/226590","targetHints":{"allow":["GET"]}}],"collection":[{"href":"https:\/\/www.csj-emballages.com\/es\/wp-json\/wp\/v2\/product"}],"about":[{"href":"https:\/\/www.csj-emballages.com\/es\/wp-json\/wp\/v2\/types\/product"}],"wp:featuredmedia":[{"embeddable":true,"href":"https:\/\/www.csj-emballages.com\/es\/wp-json\/wp\/v2\/media\/241965"}],"wp:attachment":[{"href":"https:\/\/www.csj-emballages.com\/es\/wp-json\/wp\/v2\/media?parent=226590"}],"wp:term":[{"taxonomy":"product_brand","embeddable":true,"href":"https:\/\/www.csj-emballages.com\/es\/wp-json\/wp\/v2\/product_brand?post=226590"},{"taxonomy":"product_cat","embeddable":true,"href":"https:\/\/www.csj-emballages.com\/es\/wp-json\/wp\/v2\/product_cat?post=226590"},{"taxonomy":"product_tag","embeddable":true,"href":"https:\/\/www.csj-emballages.com\/es\/wp-json\/wp\/v2\/product_tag?post=226590"}],"curies":[{"name":"wp","href":"https:\/\/api.w.org\/{rel}","templated":true}]}}