{"id":226586,"date":"2024-03-01T16:55:44","date_gmt":"2024-03-01T15:55:44","guid":{"rendered":"https:\/\/www.csj-emballages.com\/produit\/50-insertos-de-plastico-negro-25-macarrones-para-caja\/"},"modified":"2026-03-12T16:19:02","modified_gmt":"2026-03-12T15:19:02","slug":"50-insertos-de-plastico-negro-25-macarrones-para-caja","status":"publish","type":"product","link":"https:\/\/www.csj-emballages.com\/es\/produit\/50-insertos-de-plastico-negro-25-macarrones-para-caja\/","title":{"rendered":"Macarrones de pl\u00e1stico negro 25 macarrones por caja de 50"},"content":{"rendered":"<h2>Colocaci\u00f3n de macarrones<\/h2>\n<hr>\n<h3>Descripci\u00f3n de nuestro inserto para macarrones de pl\u00e1stico negro 25 macarrones para cajas de 50<\/h3>\n<p><!--more--><\/p>\n<p data-start=\"101\" data-end=\"569\">El <strong data-start=\"104\" data-end=\"150\">macarronero de pl\u00e1stico negro para 25 macarrones<\/strong> es un accesorio esencial para una presentaci\u00f3n elegante y una protecci\u00f3n \u00f3ptima de sus dulces. Especialmente dise\u00f1ado para adaptarse a las cajas de pasteler\u00eda, este <strong>soporte de pl\u00e1stico r\u00edgido<\/strong> contiene hasta <strong data-start=\"383\" data-end=\"398\">25 macarrones<\/strong> perfectamente organizados. Tanto si es un pastelero artesano como si se dedica al catering o a la venta al por menor, este soporte garantiza un acabado profesional a sus creaciones.  <\/p>\n<p data-start=\"571\" data-end=\"1022\">Gracias a su <strong data-start=\"590\" data-end=\"617\">sobrio y refinado<\/strong> color negro, resalta el brillo y los matices de color de sus macarons, reforzando su impacto visual en el momento de la degustaci\u00f3n. Fabricada en pl\u00e1stico de alta calidad, esta <g id=\"gid_1\">bandeja<\/g> es a la vez ligera y robusta, lo que garantiza una excelente sujeci\u00f3n durante el transporte, incluso a largas distancias. Cabe f\u00e1cilmente en una <strong data-start=\"944\" data-end=\"972\">caja de macarrones adecuada (25 macarrones)<\/strong>, lo que facilita su preparaci\u00f3n y almacenamiento.  <\/p>\n<p data-start=\"1024\" data-end=\"1326\">Envasado <strong data-start=\"1036\" data-end=\"1060\">en paquetes de 50<\/strong> unidades, responde a las necesidades de los profesionales que buscan una soluci\u00f3n pr\u00e1ctica, higi\u00e9nica y econ\u00f3mica. Este <strong>inserto<\/strong> tambi\u00e9n est\u00e1 dise\u00f1ado para optimizar el espacio y evitar que los macarrones resbalen o se da\u00f1en, preservando su textura y delicadeza. <\/p>\n<p data-start=\"1328\" data-end=\"1644\">Ideal para periodos de gran afluencia como fiestas, bodas o eventos, la <strong data-start=\"1414\" data-end=\"1448\">bandeja de macarrones de pl\u00e1stico<\/strong> negro ahorra tiempo a la vez que ofrece a sus clientes un producto final pulcro e irresistible. Con ella, cada <strong>caja<\/strong> <strong>con su inserto<\/strong> se convierte en un aut\u00e9ntico escaparate gourmet irresistible desde el primer vistazo. <\/p>\n<p data-start=\"1328\" data-end=\"1644\">\n<p data-start=\"1423\" data-end=\"1694\"><!--more--><\/p>\n<h4 data-start=\"1423\" data-end=\"1694\">Ventajas :<\/h4>\n<ul>\n<li data-start=\"1423\" data-end=\"1694\">Contiene perfectamente <strong>25 macarrones<\/strong> sin riesgo de aplastarlos.<\/li>\n<li data-start=\"1423\" data-end=\"1694\"><strong data-start=\"1698\" data-end=\"1723\">Pl\u00e1stico alimentario<\/strong> r\u00edgido e higi\u00e9nico.<\/li>\n<li data-start=\"1423\" data-end=\"1694\"><strong data-start=\"1757\" data-end=\"1775\"> Negro<\/strong> para realzar sus creaciones.<\/li>\n<li data-start=\"1423\" data-end=\"1694\">Formato est\u00e1ndar adecuado para cajas de macarrones cl\u00e1sicas.<\/li>\n<li data-start=\"1423\" data-end=\"1694\">Se venden en <strong data-start=\"1875\" data-end=\"1888\">paquetes de 50<\/strong> unidades, ideales para profesionales.<\/li>\n<\/ul>\n<p>&nbsp;<\/p>\n<p><!--more--><\/p>\n<h4>Informaci\u00f3n adicional :<\/h4>\n<ul style=\"box-sizing: inherit; font-family: Roboto, sans-serif;\">\n<li><strong>Envase<\/strong>: Paquete de 50<\/li>\n<li><span style=\"font-weight: bold;\">Dimensiones<\/span>: 220 x 140 x 19 (L x A x A en mm)<\/li>\n<li><strong>Dimensiones de la posici\u00f3n del distintivo<\/strong>: 4 cm x 2,5 cm<\/li>\n<li><strong>Material<\/strong>: Pl\u00e1stico<\/li>\n<li><strong>Color<\/strong>: Negro<\/li>\n<li><strong>Capacidad<\/strong>: 25 macarrones<\/li>\n<\/ul>\n<p>&nbsp;<\/p>\n<p><!--more--><\/p>\n<p>Tambi\u00e9n disponible en transparente: <span style=\"color: #d12727;\"><br \/>\n  <a style=\"color: #d12727;\" href=\"https:\/\/www.csj-emballages.com\/produit\/50-calages-transparent-plastique-25-macarons-pour-boite\/\">CALBM25TRAN<\/a><br \/>\n<\/span><\/p>\n<p>&nbsp;<\/p>\n<p><!--more--><\/p>\n<p>Aqu\u00ed encontrar\u00e1 todas las cajas de macarrones compatibles con este inserto: <span style=\"color: #d12727;\"><br \/>\n  <a style=\"color: #d12727;\" href=\"https:\/\/www.csj-emballages.com\/es\/produit\/caja-de-carton-rosa-para-25-macarrones\/\">ROSA<\/a><br \/>\n<\/span> (BM25ROSE) \/ <span style=\"color: #d12727;\"><br \/>\n  <a style=\"color: #d12727;\" href=\"https:\/\/www.csj-emballages.com\/es\/produit\/caja-verde-para-25-macarrones-de-carton\/\">VERDE<\/a><br \/>\n<\/span> (BM25VERT) \/ <span style=\"color: #d12727;\"><br \/>\n  <a style=\"color: #d12727;\" href=\"https:\/\/www.csj-emballages.com\/es\/produit\/caja-de-carton-naranja-para-25-macarrones\/\">NARANJA<\/a><br \/>\n<\/span> (BM25NARANJA) \/ NEGRO <span style=\"color: #d12727;\"><a style=\"color: #d12727;\" href=\"https:\/\/www.csj-emballages.com\/es\/produit\/caja-de-carton-negra-para-25-macarrones\/\">NEGRO<\/a> <span style=\"color: #000000;\">(BM25NOIR)<\/span><\/span><\/p>\n<p>&nbsp;<\/p>\n<p><!--more--><\/p>\n<p><a href=\"https:\/\/www.csj-emballages.com\/es\/categorie-produit\/envasado-de-alimentos\/panaderia-y-pasteleria\/cajas-y-estuches\/cajas-estuches-para-macarrones\/cajas-macarrones\/cunas-de-macarrones\/\">Ver el resto de nuestra gama de revestimientos para macarrones<\/a><\/p>\n","protected":false},"excerpt":{"rendered":"<p>Colocaci\u00f3n de macarrones Descripci\u00f3n de nuestro inserto para macarrones de pl\u00e1stico negro 25 macarrones para cajas de 50<\/p>\n","protected":false},"featured_media":242010,"template":"","meta":{"_acf_changed":false},"product_brand":[],"product_cat":[1150,1145,1710,2161,3837],"product_tag":[],"class_list":{"0":"post-226586","1":"product","2":"type-product","3":"status-publish","4":"has-post-thumbnail","6":"product_cat-envasado-de-alimentos","7":"product_cat-panaderia-y-pasteleria","8":"product_cat-cajas-estuches-para-macarrones","9":"product_cat-cajas-macarrones","10":"product_cat-cunas-de-macarrones","12":"first","13":"instock","14":"taxable","15":"shipping-taxable","16":"purchasable","17":"product-type-simple"},"acf":[],"yoast_head":"<!-- This site is optimized with the Yoast SEO Premium plugin v26.6 (Yoast SEO v26.6) - https:\/\/yoast.com\/wordpress\/plugins\/seo\/ -->\n<title>Macaroon Insert Pl\u00e1stico Negro 25 Macaroons para Caja de 50<\/title>\n<meta name=\"description\" content=\"Inserto de pl\u00e1stico negro para 25 macarrones - Paquete de 50 pr\u00e1cticos, elegantes y resistentes insertos para proteger y realzar sus creaciones de reposter\u00eda.\" \/>\n<meta name=\"robots\" content=\"index, follow, max-snippet:-1, max-image-preview:large, max-video-preview:-1\" \/>\n<link rel=\"canonical\" href=\"https:\/\/www.csj-emballages.com\/es\/produit\/50-insertos-de-plastico-negro-25-macarrones-para-caja\/\" \/>\n<meta property=\"og:locale\" content=\"es_ES\" \/>\n<meta property=\"og:type\" content=\"article\" \/>\n<meta property=\"og:title\" content=\"Macarrones de pl\u00e1stico negro 25 macarrones por caja de 50\" \/>\n<meta property=\"og:description\" content=\"Inserto de pl\u00e1stico negro para 25 macarrones - Paquete de 50 pr\u00e1cticos, elegantes y resistentes insertos para proteger y realzar sus creaciones de reposter\u00eda.\" \/>\n<meta property=\"og:url\" content=\"https:\/\/www.csj-emballages.com\/es\/produit\/50-insertos-de-plastico-negro-25-macarrones-para-caja\/\" \/>\n<meta property=\"og:site_name\" content=\"CSJ Emballages\" \/>\n<meta property=\"article:publisher\" content=\"https:\/\/www.facebook.com\/csjemballages\" \/>\n<meta property=\"article:modified_time\" content=\"2026-03-12T15:19:02+00:00\" \/>\n<meta property=\"og:image\" content=\"https:\/\/www.csj-emballages.com\/wp-content\/uploads\/2024\/03\/CALBM25NOIR.webp\" \/>\n\t<meta property=\"og:image:width\" content=\"800\" \/>\n\t<meta property=\"og:image:height\" content=\"800\" \/>\n\t<meta property=\"og:image:type\" content=\"image\/webp\" \/>\n<meta name=\"twitter:card\" content=\"summary_large_image\" \/>\n<meta name=\"twitter:label1\" content=\"Tiempo de lectura\" \/>\n\t<meta name=\"twitter:data1\" content=\"2 minutos\" \/>\n<script type=\"application\/ld+json\" class=\"yoast-schema-graph\">{\"@context\":\"https:\/\/schema.org\",\"@graph\":[{\"@type\":\"WebPage\",\"@id\":\"https:\/\/www.csj-emballages.com\/es\/produit\/50-insertos-de-plastico-negro-25-macarrones-para-caja\/\",\"url\":\"https:\/\/www.csj-emballages.com\/es\/produit\/50-insertos-de-plastico-negro-25-macarrones-para-caja\/\",\"name\":\"Macaroon Insert Pl\u00e1stico Negro 25 Macaroons para Caja de 50\",\"isPartOf\":{\"@id\":\"https:\/\/www.csj-emballages.com\/es\/#website\"},\"primaryImageOfPage\":{\"@id\":\"https:\/\/www.csj-emballages.com\/es\/produit\/50-insertos-de-plastico-negro-25-macarrones-para-caja\/#primaryimage\"},\"image\":{\"@id\":\"https:\/\/www.csj-emballages.com\/es\/produit\/50-insertos-de-plastico-negro-25-macarrones-para-caja\/#primaryimage\"},\"thumbnailUrl\":\"https:\/\/www.csj-emballages.com\/wp-content\/uploads\/2024\/03\/CALBM25NOIR.webp\",\"datePublished\":\"2024-03-01T15:55:44+00:00\",\"dateModified\":\"2026-03-12T15:19:02+00:00\",\"description\":\"Inserto de pl\u00e1stico negro para 25 macarrones - Paquete de 50 pr\u00e1cticos, elegantes y resistentes insertos para proteger y realzar sus creaciones de reposter\u00eda.\",\"breadcrumb\":{\"@id\":\"https:\/\/www.csj-emballages.com\/es\/produit\/50-insertos-de-plastico-negro-25-macarrones-para-caja\/#breadcrumb\"},\"inLanguage\":\"es\",\"potentialAction\":[{\"@type\":\"ReadAction\",\"target\":[\"https:\/\/www.csj-emballages.com\/es\/produit\/50-insertos-de-plastico-negro-25-macarrones-para-caja\/\"]}]},{\"@type\":\"ImageObject\",\"inLanguage\":\"es\",\"@id\":\"https:\/\/www.csj-emballages.com\/es\/produit\/50-insertos-de-plastico-negro-25-macarrones-para-caja\/#primaryimage\",\"url\":\"https:\/\/www.csj-emballages.com\/wp-content\/uploads\/2024\/03\/CALBM25NOIR.webp\",\"contentUrl\":\"https:\/\/www.csj-emballages.com\/wp-content\/uploads\/2024\/03\/CALBM25NOIR.webp\",\"width\":800,\"height\":800,\"caption\":\"Calage macarons\"},{\"@type\":\"BreadcrumbList\",\"@id\":\"https:\/\/www.csj-emballages.com\/es\/produit\/50-insertos-de-plastico-negro-25-macarrones-para-caja\/#breadcrumb\",\"itemListElement\":[{\"@type\":\"ListItem\",\"position\":1,\"name\":\"Accueil\",\"item\":\"https:\/\/www.csj-emballages.com\/es\/universo-del-envasado-alimentario\/\"},{\"@type\":\"ListItem\",\"position\":2,\"name\":\"Tienda\",\"item\":\"https:\/\/www.csj-emballages.com\/tienda\/\"},{\"@type\":\"ListItem\",\"position\":3,\"name\":\"Macarrones de pl\u00e1stico negro 25 macarrones por caja de 50\"}]},{\"@type\":\"WebSite\",\"@id\":\"https:\/\/www.csj-emballages.com\/es\/#website\",\"url\":\"https:\/\/www.csj-emballages.com\/es\/\",\"name\":\"CSJ Emballages\",\"description\":\"\",\"publisher\":{\"@id\":\"https:\/\/www.csj-emballages.com\/es\/#organization\"},\"potentialAction\":[{\"@type\":\"SearchAction\",\"target\":{\"@type\":\"EntryPoint\",\"urlTemplate\":\"https:\/\/www.csj-emballages.com\/es\/?s={search_term_string}\"},\"query-input\":{\"@type\":\"PropertyValueSpecification\",\"valueRequired\":true,\"valueName\":\"search_term_string\"}}],\"inLanguage\":\"es\"},{\"@type\":\"Organization\",\"@id\":\"https:\/\/www.csj-emballages.com\/es\/#Organization\/\",\"name\":\"CSJ Emballages\",\"url\":\"https:\/\/www.csj-emballages.com\/es\/\",\"logo\":{\"@type\":\"ImageObject\",\"inLanguage\":\"es\",\"@id\":\"https:\/\/www.csj-emballages.com\/es\/#\/schema\/logo\/image\/\",\"url\":\"https:\/\/www.csj-emballages.com\/wp-content\/uploads\/2023\/10\/logo_csj.webp\",\"contentUrl\":\"https:\/\/www.csj-emballages.com\/wp-content\/uploads\/2023\/10\/logo_csj.webp\",\"width\":250,\"height\":95,\"caption\":\"CSJ Emballages\"},\"image\":{\"@id\":\"https:\/\/www.csj-emballages.com\/es\/#\/schema\/logo\/image\/\"},\"sameAs\":[\"https:\/\/www.facebook.com\/csjemballages\"],\"address\":{\"@type\":\"PostalAddress\",\"streetAddress\":\"ZI La Lechere\",\"addressLocality\":\"Patornay\",\"postalCode\":\"39130\",\"addressCountry\":\"FR\"},\"contactPoint\":[{\"@type\":\"ContactPoint\",\"contactType\":\"Service client\",\"telephone\":\"0384254272\",\"email\":\"contact@csj-emballages.com\"}]}]}<\/script>\n<!-- \/ Yoast SEO Premium plugin. -->","yoast_head_json":{"title":"Macaroon Insert Pl\u00e1stico Negro 25 Macaroons para Caja de 50","description":"Inserto de pl\u00e1stico negro para 25 macarrones - Paquete de 50 pr\u00e1cticos, elegantes y resistentes insertos para proteger y realzar sus creaciones de reposter\u00eda.","robots":{"index":"index","follow":"follow","max-snippet":"max-snippet:-1","max-image-preview":"max-image-preview:large","max-video-preview":"max-video-preview:-1"},"canonical":"https:\/\/www.csj-emballages.com\/es\/produit\/50-insertos-de-plastico-negro-25-macarrones-para-caja\/","og_locale":"es_ES","og_type":"article","og_title":"Macarrones de pl\u00e1stico negro 25 macarrones por caja de 50","og_description":"Inserto de pl\u00e1stico negro para 25 macarrones - Paquete de 50 pr\u00e1cticos, elegantes y resistentes insertos para proteger y realzar sus creaciones de reposter\u00eda.","og_url":"https:\/\/www.csj-emballages.com\/es\/produit\/50-insertos-de-plastico-negro-25-macarrones-para-caja\/","og_site_name":"CSJ Emballages","article_publisher":"https:\/\/www.facebook.com\/csjemballages","article_modified_time":"2026-03-12T15:19:02+00:00","og_image":[{"width":800,"height":800,"url":"https:\/\/www.csj-emballages.com\/wp-content\/uploads\/2024\/03\/CALBM25NOIR.webp","type":"image\/webp"}],"twitter_card":"summary_large_image","twitter_misc":{"Tiempo de lectura":"2 minutos"},"schema":{"@context":"https:\/\/schema.org","@graph":[{"@type":"WebPage","@id":"https:\/\/www.csj-emballages.com\/es\/produit\/50-insertos-de-plastico-negro-25-macarrones-para-caja\/","url":"https:\/\/www.csj-emballages.com\/es\/produit\/50-insertos-de-plastico-negro-25-macarrones-para-caja\/","name":"Macaroon Insert Pl\u00e1stico Negro 25 Macaroons para Caja de 50","isPartOf":{"@id":"https:\/\/www.csj-emballages.com\/es\/#website"},"primaryImageOfPage":{"@id":"https:\/\/www.csj-emballages.com\/es\/produit\/50-insertos-de-plastico-negro-25-macarrones-para-caja\/#primaryimage"},"image":{"@id":"https:\/\/www.csj-emballages.com\/es\/produit\/50-insertos-de-plastico-negro-25-macarrones-para-caja\/#primaryimage"},"thumbnailUrl":"https:\/\/www.csj-emballages.com\/wp-content\/uploads\/2024\/03\/CALBM25NOIR.webp","datePublished":"2024-03-01T15:55:44+00:00","dateModified":"2026-03-12T15:19:02+00:00","description":"Inserto de pl\u00e1stico negro para 25 macarrones - Paquete de 50 pr\u00e1cticos, elegantes y resistentes insertos para proteger y realzar sus creaciones de reposter\u00eda.","breadcrumb":{"@id":"https:\/\/www.csj-emballages.com\/es\/produit\/50-insertos-de-plastico-negro-25-macarrones-para-caja\/#breadcrumb"},"inLanguage":"es","potentialAction":[{"@type":"ReadAction","target":["https:\/\/www.csj-emballages.com\/es\/produit\/50-insertos-de-plastico-negro-25-macarrones-para-caja\/"]}]},{"@type":"ImageObject","inLanguage":"es","@id":"https:\/\/www.csj-emballages.com\/es\/produit\/50-insertos-de-plastico-negro-25-macarrones-para-caja\/#primaryimage","url":"https:\/\/www.csj-emballages.com\/wp-content\/uploads\/2024\/03\/CALBM25NOIR.webp","contentUrl":"https:\/\/www.csj-emballages.com\/wp-content\/uploads\/2024\/03\/CALBM25NOIR.webp","width":800,"height":800,"caption":"Calage macarons"},{"@type":"BreadcrumbList","@id":"https:\/\/www.csj-emballages.com\/es\/produit\/50-insertos-de-plastico-negro-25-macarrones-para-caja\/#breadcrumb","itemListElement":[{"@type":"ListItem","position":1,"name":"Accueil","item":"https:\/\/www.csj-emballages.com\/es\/universo-del-envasado-alimentario\/"},{"@type":"ListItem","position":2,"name":"Tienda","item":"https:\/\/www.csj-emballages.com\/tienda\/"},{"@type":"ListItem","position":3,"name":"Macarrones de pl\u00e1stico negro 25 macarrones por caja de 50"}]},{"@type":"WebSite","@id":"https:\/\/www.csj-emballages.com\/es\/#website","url":"https:\/\/www.csj-emballages.com\/es\/","name":"CSJ Emballages","description":"","publisher":{"@id":"https:\/\/www.csj-emballages.com\/es\/#organization"},"potentialAction":[{"@type":"SearchAction","target":{"@type":"EntryPoint","urlTemplate":"https:\/\/www.csj-emballages.com\/es\/?s={search_term_string}"},"query-input":{"@type":"PropertyValueSpecification","valueRequired":true,"valueName":"search_term_string"}}],"inLanguage":"es"},{"@type":"Organization","@id":"https:\/\/www.csj-emballages.com\/es\/#Organization\/","name":"CSJ Emballages","url":"https:\/\/www.csj-emballages.com\/es\/","logo":{"@type":"ImageObject","inLanguage":"es","@id":"https:\/\/www.csj-emballages.com\/es\/#\/schema\/logo\/image\/","url":"https:\/\/www.csj-emballages.com\/wp-content\/uploads\/2023\/10\/logo_csj.webp","contentUrl":"https:\/\/www.csj-emballages.com\/wp-content\/uploads\/2023\/10\/logo_csj.webp","width":250,"height":95,"caption":"CSJ Emballages"},"image":{"@id":"https:\/\/www.csj-emballages.com\/es\/#\/schema\/logo\/image\/"},"sameAs":["https:\/\/www.facebook.com\/csjemballages"],"address":{"@type":"PostalAddress","streetAddress":"ZI La Lechere","addressLocality":"Patornay","postalCode":"39130","addressCountry":"FR"},"contactPoint":[{"@type":"ContactPoint","contactType":"Service client","telephone":"0384254272","email":"contact@csj-emballages.com"}]}]}},"df_price":31.99,"df_sale_price":"","df_regular_price":31.99,"df_image_link":"https:\/\/www.csj-emballages.com\/wp-content\/uploads\/2024\/03\/CALBM25NOIR-300x300.webp","tiered_pricing_type":"fixed","tiered_pricing_fixed_rules":[],"tiered_pricing_percentage_rules":[],"tiered_pricing_minimum":1,"tiered_pricing_roles_data":[],"_links":{"self":[{"href":"https:\/\/www.csj-emballages.com\/es\/wp-json\/wp\/v2\/product\/226586","targetHints":{"allow":["GET"]}}],"collection":[{"href":"https:\/\/www.csj-emballages.com\/es\/wp-json\/wp\/v2\/product"}],"about":[{"href":"https:\/\/www.csj-emballages.com\/es\/wp-json\/wp\/v2\/types\/product"}],"wp:featuredmedia":[{"embeddable":true,"href":"https:\/\/www.csj-emballages.com\/es\/wp-json\/wp\/v2\/media\/242010"}],"wp:attachment":[{"href":"https:\/\/www.csj-emballages.com\/es\/wp-json\/wp\/v2\/media?parent=226586"}],"wp:term":[{"taxonomy":"product_brand","embeddable":true,"href":"https:\/\/www.csj-emballages.com\/es\/wp-json\/wp\/v2\/product_brand?post=226586"},{"taxonomy":"product_cat","embeddable":true,"href":"https:\/\/www.csj-emballages.com\/es\/wp-json\/wp\/v2\/product_cat?post=226586"},{"taxonomy":"product_tag","embeddable":true,"href":"https:\/\/www.csj-emballages.com\/es\/wp-json\/wp\/v2\/product_tag?post=226586"}],"curies":[{"name":"wp","href":"https:\/\/api.w.org\/{rel}","templated":true}]}}