{"id":226564,"date":"2024-03-01T16:55:42","date_gmt":"2024-03-01T15:55:42","guid":{"rendered":"https:\/\/www.csj-emballages.com\/produit\/cuchara-de-plastico-reutilizable-cristal-140-mm-100-piezas\/"},"modified":"2026-05-04T02:11:10","modified_gmt":"2026-05-04T00:11:10","slug":"cuchara-de-plastico-reutilizable-cristal-140-mm-100-piezas","status":"publish","type":"product","link":"https:\/\/www.csj-emballages.com\/es\/produit\/cuchara-de-plastico-reutilizable-cristal-140-mm-100-piezas\/","title":{"rendered":"Cuchara de pl\u00e1stico reutilizable, cristal, 140 mm, 100 piezas"},"content":{"rendered":"<h2>Cuchara de pl\u00e1stico reu<\/h2>\n<hr>\n<h3>Descubra nuestra cuchara de pl\u00e1stico reutilizable de cristal de 140 mm por 100<\/h3>\n<p><!--more--><\/p>\n<p data-start=\"191\" data-end=\"510\">La <strong>cuchara de pl\u00e1stico reutilizable de cristal de 140 mm<\/strong> es ideal para servir postres, entrantes o degustaciones en bufets, recepciones y eventos profesionales. En primer lugar, su aspecto transparente con efecto cristal aporta un toque elegante y cuidado a la mesa, manteniendo la practicidad de un cubierto de pl\u00e1stico. <\/p>\n<p data-start=\"512\" data-end=\"785\">De hecho, con una <strong>longitud de 140<\/strong> mm, esta <strong>cuchara es perfectamente adecuada para postres individuales, verrines, macedonias, cremas, mousses o preparaciones de catering<\/strong>. Adem\u00e1s, su forma garantiza un agarre c\u00f3modo y un uso agradable para el consumidor. <\/p>\n<p data-start=\"787\" data-end=\"1158\">Fabricada en pl\u00e1stico r\u00edgido, ofrece una buena resistencia y puede ser reutilizada. Gracias a su <strong>dise\u00f1o sobrio y transparente,<\/strong> se integra f\u00e1cilmente en todos los estilos de decoraci\u00f3n, desde eventos formales hasta bufets m\u00e1s informales. <\/p>\n<p data-start=\"1160\" data-end=\"1476\">En resumen, f\u00e1cil de limpiar y apilable para un almacenamiento optimizado, la cuchara de pl\u00e1stico reutilizable de cristal constituye una soluci\u00f3n pr\u00e1ctica para la restauraci\u00f3n, los eventos, las colectividades y los servicios de catering. Envasada en lotes de <strong>100 unidades<\/strong>, es adecuada tanto para usos regulares como para necesidades puntuales. <\/p>\n<p data-start=\"1160\" data-end=\"1476\">\n<p data-start=\"1150\" data-end=\"1454\"><!--more--><\/p>\n<h4 data-start=\"1150\" data-end=\"1454\">Ventajas :<\/h4>\n<ul>\n<li data-start=\"1514\" data-end=\"1564\"><strong>Longitud de 140 mm<\/strong> ideal para postres y verrines.<\/li>\n<li data-start=\"1567\" data-end=\"1606\">Aspecto cristal elegante y transparente.<\/li>\n<li data-start=\"1609\" data-end=\"1640\">Pl\u00e1stico r\u00edgido y resistente.<\/li>\n<li data-start=\"1643\" data-end=\"1688\">Reutilizable para una soluci\u00f3n m\u00e1s sostenible.<\/li>\n<li data-start=\"1723\" data-end=\"1772\">Adecuada para bufets, recepciones y restauraci\u00f3n.<\/li>\n<li data-start=\"1805\" data-end=\"1849\">Envase pr\u00e1ctico de <strong>100 cucharas<\/strong>.<\/li>\n<\/ul>\n<p>&nbsp;<\/p>\n<p><!--more--><\/p>\n<h4>Informaci\u00f3n adicional :<\/h4>\n<ul>\n<li><strong>Embalaje<\/strong>: Paquete de 100<\/li>\n<li><strong>Longitud<\/strong>: 140 mm<\/li>\n<li><strong>Color<\/strong>: Transparente<\/li>\n<li><strong>Material<\/strong>: pl\u00e1stico PET<\/li>\n<\/ul>\n<p>&nbsp;<\/p>\n<p><!--more--><\/p>\n<p><a href=\"https:\/\/www.csj-emballages.com\/es\/categorie-produit\/envasado-de-alimentos\/catering-es\/platos-cubiertos-desechables-pajitas\/tenedores-cuchillos-cucharas\/cubiertos-de-cristal\/\">Consulte el resto de nuestra gama de cubiertos de cristal<\/a><\/p>\n","protected":false},"excerpt":{"rendered":"<p>Cuchara de pl\u00e1stico reu Descubra nuestra cuchara de pl\u00e1stico reutilizable de cristal de 140 mm por 100<\/p>\n","protected":false},"featured_media":167909,"template":"","meta":{"_acf_changed":false},"product_brand":[],"product_cat":[1179,2609,2625],"product_tag":[],"class_list":{"0":"post-226564","1":"product","2":"type-product","3":"status-publish","4":"has-post-thumbnail","6":"product_cat-catering-es","7":"product_cat-tenedores-cuchillos-cucharas","8":"product_cat-cubiertos-de-cristal","10":"first","11":"instock","12":"taxable","13":"shipping-taxable","14":"purchasable","15":"product-type-simple"},"acf":[],"yoast_head":"<!-- This site is optimized with the Yoast SEO Premium plugin v26.6 (Yoast SEO v26.6) - https:\/\/yoast.com\/wordpress\/plugins\/seo\/ -->\n<title>Cuchara de cristal de pl\u00e1stico reutilizable - 140 mm<\/title>\n<meta name=\"description\" content=\"Cuchara de pl\u00e1stico reutilizable de cristal de 140 mm por 100. Elegante, resistente e ideal para bufets y eventos.\" \/>\n<meta name=\"robots\" content=\"index, follow, max-snippet:-1, max-image-preview:large, max-video-preview:-1\" \/>\n<link rel=\"canonical\" href=\"https:\/\/www.csj-emballages.com\/es\/produit\/cuchara-de-plastico-reutilizable-cristal-140-mm-100-piezas\/\" \/>\n<meta property=\"og:locale\" content=\"es_ES\" \/>\n<meta property=\"og:type\" content=\"article\" \/>\n<meta property=\"og:title\" content=\"Cuchara de pl\u00e1stico reutilizable, cristal, 140 mm, 100 piezas\" \/>\n<meta property=\"og:description\" content=\"Cuchara de pl\u00e1stico reutilizable de cristal de 140 mm por 100. Elegante, resistente e ideal para bufets y eventos.\" \/>\n<meta property=\"og:url\" content=\"https:\/\/www.csj-emballages.com\/es\/produit\/cuchara-de-plastico-reutilizable-cristal-140-mm-100-piezas\/\" \/>\n<meta property=\"og:site_name\" content=\"CSJ Emballages\" \/>\n<meta property=\"article:publisher\" content=\"https:\/\/www.facebook.com\/csjemballages\" \/>\n<meta property=\"article:modified_time\" content=\"2026-05-04T00:11:10+00:00\" \/>\n<meta property=\"og:image\" content=\"https:\/\/www.csj-emballages.com\/wp-content\/uploads\/2024\/03\/Cuillere-1-scaled.webp\" \/>\n\t<meta property=\"og:image:width\" content=\"2048\" \/>\n\t<meta property=\"og:image:height\" content=\"2048\" \/>\n\t<meta property=\"og:image:type\" content=\"image\/webp\" \/>\n<meta name=\"twitter:card\" content=\"summary_large_image\" \/>\n<meta name=\"twitter:label1\" content=\"Tiempo de lectura\" \/>\n\t<meta name=\"twitter:data1\" content=\"1 minuto\" \/>\n<script type=\"application\/ld+json\" class=\"yoast-schema-graph\">{\"@context\":\"https:\/\/schema.org\",\"@graph\":[{\"@type\":\"WebPage\",\"@id\":\"https:\/\/www.csj-emballages.com\/es\/produit\/cuchara-de-plastico-reutilizable-cristal-140-mm-100-piezas\/\",\"url\":\"https:\/\/www.csj-emballages.com\/es\/produit\/cuchara-de-plastico-reutilizable-cristal-140-mm-100-piezas\/\",\"name\":\"Cuchara de cristal de pl\u00e1stico reutilizable - 140 mm\",\"isPartOf\":{\"@id\":\"https:\/\/www.csj-emballages.com\/es\/#website\"},\"primaryImageOfPage\":{\"@id\":\"https:\/\/www.csj-emballages.com\/es\/produit\/cuchara-de-plastico-reutilizable-cristal-140-mm-100-piezas\/#primaryimage\"},\"image\":{\"@id\":\"https:\/\/www.csj-emballages.com\/es\/produit\/cuchara-de-plastico-reutilizable-cristal-140-mm-100-piezas\/#primaryimage\"},\"thumbnailUrl\":\"https:\/\/www.csj-emballages.com\/wp-content\/uploads\/2024\/03\/Cuillere-1-scaled.webp\",\"datePublished\":\"2024-03-01T15:55:42+00:00\",\"dateModified\":\"2026-05-04T00:11:10+00:00\",\"description\":\"Cuchara de pl\u00e1stico reutilizable de cristal de 140 mm por 100. Elegante, resistente e ideal para bufets y eventos.\",\"breadcrumb\":{\"@id\":\"https:\/\/www.csj-emballages.com\/es\/produit\/cuchara-de-plastico-reutilizable-cristal-140-mm-100-piezas\/#breadcrumb\"},\"inLanguage\":\"es\",\"potentialAction\":[{\"@type\":\"ReadAction\",\"target\":[\"https:\/\/www.csj-emballages.com\/es\/produit\/cuchara-de-plastico-reutilizable-cristal-140-mm-100-piezas\/\"]}]},{\"@type\":\"ImageObject\",\"inLanguage\":\"es\",\"@id\":\"https:\/\/www.csj-emballages.com\/es\/produit\/cuchara-de-plastico-reutilizable-cristal-140-mm-100-piezas\/#primaryimage\",\"url\":\"https:\/\/www.csj-emballages.com\/wp-content\/uploads\/2024\/03\/Cuillere-1-scaled.webp\",\"contentUrl\":\"https:\/\/www.csj-emballages.com\/wp-content\/uploads\/2024\/03\/Cuillere-1-scaled.webp\",\"width\":2048,\"height\":2048,\"caption\":\"Couteau plastique\"},{\"@type\":\"BreadcrumbList\",\"@id\":\"https:\/\/www.csj-emballages.com\/es\/produit\/cuchara-de-plastico-reutilizable-cristal-140-mm-100-piezas\/#breadcrumb\",\"itemListElement\":[{\"@type\":\"ListItem\",\"position\":1,\"name\":\"Accueil\",\"item\":\"https:\/\/www.csj-emballages.com\/es\/universo-del-envasado-alimentario\/\"},{\"@type\":\"ListItem\",\"position\":2,\"name\":\"Tienda\",\"item\":\"https:\/\/www.csj-emballages.com\/tienda\/\"},{\"@type\":\"ListItem\",\"position\":3,\"name\":\"Cuchara de pl\u00e1stico reutilizable, cristal, 140 mm, 100 piezas\"}]},{\"@type\":\"WebSite\",\"@id\":\"https:\/\/www.csj-emballages.com\/es\/#website\",\"url\":\"https:\/\/www.csj-emballages.com\/es\/\",\"name\":\"CSJ Emballages\",\"description\":\"\",\"publisher\":{\"@id\":\"https:\/\/www.csj-emballages.com\/es\/#organization\"},\"potentialAction\":[{\"@type\":\"SearchAction\",\"target\":{\"@type\":\"EntryPoint\",\"urlTemplate\":\"https:\/\/www.csj-emballages.com\/es\/?s={search_term_string}\"},\"query-input\":{\"@type\":\"PropertyValueSpecification\",\"valueRequired\":true,\"valueName\":\"search_term_string\"}}],\"inLanguage\":\"es\"},{\"@type\":\"Organization\",\"@id\":\"https:\/\/www.csj-emballages.com\/es\/#Organization\/\",\"name\":\"CSJ Emballages\",\"url\":\"https:\/\/www.csj-emballages.com\/es\/\",\"logo\":{\"@type\":\"ImageObject\",\"inLanguage\":\"es\",\"@id\":\"https:\/\/www.csj-emballages.com\/es\/#\/schema\/logo\/image\/\",\"url\":\"https:\/\/www.csj-emballages.com\/wp-content\/uploads\/2023\/10\/logo_csj.webp\",\"contentUrl\":\"https:\/\/www.csj-emballages.com\/wp-content\/uploads\/2023\/10\/logo_csj.webp\",\"width\":250,\"height\":95,\"caption\":\"CSJ Emballages\"},\"image\":{\"@id\":\"https:\/\/www.csj-emballages.com\/es\/#\/schema\/logo\/image\/\"},\"sameAs\":[\"https:\/\/www.facebook.com\/csjemballages\"],\"address\":{\"@type\":\"PostalAddress\",\"streetAddress\":\"ZI La Lechere\",\"addressLocality\":\"Patornay\",\"postalCode\":\"39130\",\"addressCountry\":\"FR\"},\"contactPoint\":[{\"@type\":\"ContactPoint\",\"contactType\":\"Service client\",\"telephone\":\"0384254272\",\"email\":\"contact@csj-emballages.com\"}]}]}<\/script>\n<!-- \/ Yoast SEO Premium plugin. -->","yoast_head_json":{"title":"Cuchara de cristal de pl\u00e1stico reutilizable - 140 mm","description":"Cuchara de pl\u00e1stico reutilizable de cristal de 140 mm por 100. Elegante, resistente e ideal para bufets y eventos.","robots":{"index":"index","follow":"follow","max-snippet":"max-snippet:-1","max-image-preview":"max-image-preview:large","max-video-preview":"max-video-preview:-1"},"canonical":"https:\/\/www.csj-emballages.com\/es\/produit\/cuchara-de-plastico-reutilizable-cristal-140-mm-100-piezas\/","og_locale":"es_ES","og_type":"article","og_title":"Cuchara de pl\u00e1stico reutilizable, cristal, 140 mm, 100 piezas","og_description":"Cuchara de pl\u00e1stico reutilizable de cristal de 140 mm por 100. Elegante, resistente e ideal para bufets y eventos.","og_url":"https:\/\/www.csj-emballages.com\/es\/produit\/cuchara-de-plastico-reutilizable-cristal-140-mm-100-piezas\/","og_site_name":"CSJ Emballages","article_publisher":"https:\/\/www.facebook.com\/csjemballages","article_modified_time":"2026-05-04T00:11:10+00:00","og_image":[{"width":2048,"height":2048,"url":"https:\/\/www.csj-emballages.com\/wp-content\/uploads\/2024\/03\/Cuillere-1-scaled.webp","type":"image\/webp"}],"twitter_card":"summary_large_image","twitter_misc":{"Tiempo de lectura":"1 minuto"},"schema":{"@context":"https:\/\/schema.org","@graph":[{"@type":"WebPage","@id":"https:\/\/www.csj-emballages.com\/es\/produit\/cuchara-de-plastico-reutilizable-cristal-140-mm-100-piezas\/","url":"https:\/\/www.csj-emballages.com\/es\/produit\/cuchara-de-plastico-reutilizable-cristal-140-mm-100-piezas\/","name":"Cuchara de cristal de pl\u00e1stico reutilizable - 140 mm","isPartOf":{"@id":"https:\/\/www.csj-emballages.com\/es\/#website"},"primaryImageOfPage":{"@id":"https:\/\/www.csj-emballages.com\/es\/produit\/cuchara-de-plastico-reutilizable-cristal-140-mm-100-piezas\/#primaryimage"},"image":{"@id":"https:\/\/www.csj-emballages.com\/es\/produit\/cuchara-de-plastico-reutilizable-cristal-140-mm-100-piezas\/#primaryimage"},"thumbnailUrl":"https:\/\/www.csj-emballages.com\/wp-content\/uploads\/2024\/03\/Cuillere-1-scaled.webp","datePublished":"2024-03-01T15:55:42+00:00","dateModified":"2026-05-04T00:11:10+00:00","description":"Cuchara de pl\u00e1stico reutilizable de cristal de 140 mm por 100. Elegante, resistente e ideal para bufets y eventos.","breadcrumb":{"@id":"https:\/\/www.csj-emballages.com\/es\/produit\/cuchara-de-plastico-reutilizable-cristal-140-mm-100-piezas\/#breadcrumb"},"inLanguage":"es","potentialAction":[{"@type":"ReadAction","target":["https:\/\/www.csj-emballages.com\/es\/produit\/cuchara-de-plastico-reutilizable-cristal-140-mm-100-piezas\/"]}]},{"@type":"ImageObject","inLanguage":"es","@id":"https:\/\/www.csj-emballages.com\/es\/produit\/cuchara-de-plastico-reutilizable-cristal-140-mm-100-piezas\/#primaryimage","url":"https:\/\/www.csj-emballages.com\/wp-content\/uploads\/2024\/03\/Cuillere-1-scaled.webp","contentUrl":"https:\/\/www.csj-emballages.com\/wp-content\/uploads\/2024\/03\/Cuillere-1-scaled.webp","width":2048,"height":2048,"caption":"Couteau plastique"},{"@type":"BreadcrumbList","@id":"https:\/\/www.csj-emballages.com\/es\/produit\/cuchara-de-plastico-reutilizable-cristal-140-mm-100-piezas\/#breadcrumb","itemListElement":[{"@type":"ListItem","position":1,"name":"Accueil","item":"https:\/\/www.csj-emballages.com\/es\/universo-del-envasado-alimentario\/"},{"@type":"ListItem","position":2,"name":"Tienda","item":"https:\/\/www.csj-emballages.com\/tienda\/"},{"@type":"ListItem","position":3,"name":"Cuchara de pl\u00e1stico reutilizable, cristal, 140 mm, 100 piezas"}]},{"@type":"WebSite","@id":"https:\/\/www.csj-emballages.com\/es\/#website","url":"https:\/\/www.csj-emballages.com\/es\/","name":"CSJ Emballages","description":"","publisher":{"@id":"https:\/\/www.csj-emballages.com\/es\/#organization"},"potentialAction":[{"@type":"SearchAction","target":{"@type":"EntryPoint","urlTemplate":"https:\/\/www.csj-emballages.com\/es\/?s={search_term_string}"},"query-input":{"@type":"PropertyValueSpecification","valueRequired":true,"valueName":"search_term_string"}}],"inLanguage":"es"},{"@type":"Organization","@id":"https:\/\/www.csj-emballages.com\/es\/#Organization\/","name":"CSJ Emballages","url":"https:\/\/www.csj-emballages.com\/es\/","logo":{"@type":"ImageObject","inLanguage":"es","@id":"https:\/\/www.csj-emballages.com\/es\/#\/schema\/logo\/image\/","url":"https:\/\/www.csj-emballages.com\/wp-content\/uploads\/2023\/10\/logo_csj.webp","contentUrl":"https:\/\/www.csj-emballages.com\/wp-content\/uploads\/2023\/10\/logo_csj.webp","width":250,"height":95,"caption":"CSJ Emballages"},"image":{"@id":"https:\/\/www.csj-emballages.com\/es\/#\/schema\/logo\/image\/"},"sameAs":["https:\/\/www.facebook.com\/csjemballages"],"address":{"@type":"PostalAddress","streetAddress":"ZI La Lechere","addressLocality":"Patornay","postalCode":"39130","addressCountry":"FR"},"contactPoint":[{"@type":"ContactPoint","contactType":"Service client","telephone":"0384254272","email":"contact@csj-emballages.com"}]}]}},"df_price":2.74,"df_sale_price":"","df_regular_price":2.74,"df_image_link":"https:\/\/www.csj-emballages.com\/wp-content\/uploads\/2024\/03\/Cuillere-1-300x300.webp","tiered_pricing_type":"fixed","tiered_pricing_fixed_rules":[],"tiered_pricing_percentage_rules":[],"tiered_pricing_minimum":1,"tiered_pricing_roles_data":[],"_links":{"self":[{"href":"https:\/\/www.csj-emballages.com\/es\/wp-json\/wp\/v2\/product\/226564","targetHints":{"allow":["GET"]}}],"collection":[{"href":"https:\/\/www.csj-emballages.com\/es\/wp-json\/wp\/v2\/product"}],"about":[{"href":"https:\/\/www.csj-emballages.com\/es\/wp-json\/wp\/v2\/types\/product"}],"wp:featuredmedia":[{"embeddable":true,"href":"https:\/\/www.csj-emballages.com\/es\/wp-json\/wp\/v2\/media\/167909"}],"wp:attachment":[{"href":"https:\/\/www.csj-emballages.com\/es\/wp-json\/wp\/v2\/media?parent=226564"}],"wp:term":[{"taxonomy":"product_brand","embeddable":true,"href":"https:\/\/www.csj-emballages.com\/es\/wp-json\/wp\/v2\/product_brand?post=226564"},{"taxonomy":"product_cat","embeddable":true,"href":"https:\/\/www.csj-emballages.com\/es\/wp-json\/wp\/v2\/product_cat?post=226564"},{"taxonomy":"product_tag","embeddable":true,"href":"https:\/\/www.csj-emballages.com\/es\/wp-json\/wp\/v2\/product_tag?post=226564"}],"curies":[{"name":"wp","href":"https:\/\/api.w.org\/{rel}","templated":true}]}}