{"id":226553,"date":"2024-03-01T16:54:58","date_gmt":"2024-03-01T15:54:58","guid":{"rendered":"https:\/\/www.csj-emballages.com\/produit\/cuchara-de-plastico-reutilizable-cristal-180-mm-100-piezas\/"},"modified":"2026-05-04T07:00:31","modified_gmt":"2026-05-04T05:00:31","slug":"cuchara-de-plastico-reutilizable-cristal-180-mm-100-piezas","status":"publish","type":"product","link":"https:\/\/www.csj-emballages.com\/es\/produit\/cuchara-de-plastico-reutilizable-cristal-180-mm-100-piezas\/","title":{"rendered":"Cuchara de pl\u00e1stico reutilizable, cristal, 180 mm, 100 piezas"},"content":{"rendered":"<h2>Cuchara de pl\u00e1stico<\/h2>\n<hr>\n<h3>Descubra nuestra cuchara de pl\u00e1stico reutilizable cristal de 180 mm por 100<\/h3>\n<p><!--more--><\/p>\n<p data-start=\"236\" data-end=\"545\">La <strong>cuchara de pl\u00e1stico reutilizable cristal de 180 mm<\/strong> es ideal para servir comidas y postres en eventos, buffets o servicios de catering. Con su aspecto <strong>transparente efecto cristal<\/strong>, aporta un toque elegante y cuidado a sus mesas, manteniendo la practicidad de un cubierto de pl\u00e1stico. <\/p>\n<p data-start=\"547\" data-end=\"930\">Gracias a su <strong>longitud de 180 mm<\/strong>, esta cuchara ofrece un agarre c\u00f3modo y un uso vers\u00e1til. Es adecuada tanto para <strong>entrantes, platos, postres, ensaladas de fruta o preparaciones de catering<\/strong>. Su dise\u00f1o robusto permite un uso repetido, respondiendo a las expectativas de los profesionales que buscan una alternativa m\u00e1s duradera a los cubiertos desechables cl\u00e1sicos.  <\/p>\n<p data-start=\"932\" data-end=\"1267\">Fabricada en <strong>pl\u00e1stico r\u00edgido de calidad alimentaria<\/strong>, garantiza una buena resistencia sin renunciar a un acabado est\u00e9tico refinado. Adem\u00e1s, su <strong>dise\u00f1o sobrio y transparente<\/strong> se integra f\u00e1cilmente en cualquier estilo de recepci\u00f3n, ya sea un evento formal, un buffet de empresa, una restauraci\u00f3n colectiva o una fiesta privada. <\/p>\n<p data-start=\"1269\" data-end=\"1553\">F\u00e1cil de limpiar y apilable para un almacenamiento optimizado, la <strong>cuchara de pl\u00e1stico reutilizable cristal<\/strong> es una soluci\u00f3n pr\u00e1ctica y econ\u00f3mica. Envasada en lotes de <strong>100 unidades<\/strong>, se adapta perfectamente a las necesidades de los profesionales y a usos de gran volumen. <\/p>\n<p data-start=\"1269\" data-end=\"1553\">\n<p><!--more--><\/p>\n<h4>Ventajas :<\/h4>\n<ul>\n<li data-start=\"1591\" data-end=\"1643\"><strong>Longitud 180 mm<\/strong> para un agarre c\u00f3modo.<\/li>\n<li data-start=\"1646\" data-end=\"1685\">Aspecto cristal elegante y transparente.<\/li>\n<li data-start=\"1688\" data-end=\"1719\">Pl\u00e1stico r\u00edgido y resistente.<\/li>\n<li data-start=\"1722\" data-end=\"1767\">Reutilizable para una soluci\u00f3n m\u00e1s sostenible.<\/li>\n<li data-start=\"1770\" data-end=\"1799\">Apto para contacto alimentario.<\/li>\n<li data-start=\"1802\" data-end=\"1833\">Adecuada para comidas y postres.<\/li>\n<li data-start=\"1836\" data-end=\"1882\">Ideal para buffets, recepciones y caterings.<\/li>\n<li data-start=\"1885\" data-end=\"1929\">Envase pr\u00e1ctico de <strong>100 cucharas<\/strong>.<\/li>\n<\/ul>\n<p>&nbsp;<\/p>\n<p><!--more--><\/p>\n<h4>Informaci\u00f3n adicional :<\/h4>\n<ul>\n<li><strong>Embalaje<\/strong>: Paquete de 100<\/li>\n<li><strong>Longitud<\/strong>: 180 mm<\/li>\n<li><strong>Color<\/strong>: Transparente<\/li>\n<li><strong>Material<\/strong>: pl\u00e1stico PET<\/li>\n<\/ul>\n<p>&nbsp;<\/p>\n<p><!--more--><\/p>\n<p><a href=\"https:\/\/www.csj-emballages.com\/es\/categorie-produit\/envasado-de-alimentos\/catering-es\/platos-cubiertos-desechables-pajitas\/tenedores-cuchillos-cucharas\/cubiertos-de-cristal\/\">Consulte el resto de nuestra gama de cubiertos cristal  <\/a><\/p>\n","protected":false},"excerpt":{"rendered":"<p>Cuchara de pl\u00e1stico Descubra nuestra cuchara de pl\u00e1stico reutilizable cristal de 180 mm por 100<\/p>\n","protected":false},"featured_media":167921,"template":"","meta":{"_acf_changed":false},"product_brand":[],"product_cat":[1179,2609,2625],"product_tag":[],"class_list":{"0":"post-226553","1":"product","2":"type-product","3":"status-publish","4":"has-post-thumbnail","6":"product_cat-catering-es","7":"product_cat-tenedores-cuchillos-cucharas","8":"product_cat-cubiertos-de-cristal","10":"first","11":"instock","12":"taxable","13":"shipping-taxable","14":"purchasable","15":"product-type-simple"},"acf":[],"yoast_head":"<!-- This site is optimized with the Yoast SEO Premium plugin v26.6 (Yoast SEO v26.6) - https:\/\/yoast.com\/wordpress\/plugins\/seo\/ -->\n<title>Cuchara de cristal de pl\u00e1stico reutilizable - 180 mm<\/title>\n<meta name=\"description\" content=\"\u00a1Descubra nuestra cuchara de pl\u00e1stico reutilizable de 180 mm! Le ofrecemos un paquete de 100 cucharas reutilizables baratas a precio DISCOUNT\" \/>\n<meta name=\"robots\" content=\"index, follow, max-snippet:-1, max-image-preview:large, max-video-preview:-1\" \/>\n<link rel=\"canonical\" href=\"https:\/\/www.csj-emballages.com\/es\/produit\/cuchara-de-plastico-reutilizable-cristal-180-mm-100-piezas\/\" \/>\n<meta property=\"og:locale\" content=\"es_ES\" \/>\n<meta property=\"og:type\" content=\"article\" \/>\n<meta property=\"og:title\" content=\"Cuchara de pl\u00e1stico reutilizable, cristal, 180 mm, 100 piezas\" \/>\n<meta property=\"og:description\" content=\"\u00a1Descubra nuestra cuchara de pl\u00e1stico reutilizable de 180 mm! Le ofrecemos un paquete de 100 cucharas reutilizables baratas a precio DISCOUNT\" \/>\n<meta property=\"og:url\" content=\"https:\/\/www.csj-emballages.com\/es\/produit\/cuchara-de-plastico-reutilizable-cristal-180-mm-100-piezas\/\" \/>\n<meta property=\"og:site_name\" content=\"CSJ Emballages\" \/>\n<meta property=\"article:publisher\" content=\"https:\/\/www.facebook.com\/csjemballages\" \/>\n<meta property=\"article:modified_time\" content=\"2026-05-04T05:00:31+00:00\" \/>\n<meta property=\"og:image\" content=\"https:\/\/www.csj-emballages.com\/wp-content\/uploads\/2024\/03\/Cuillere2-scaled-e1731594107147.webp\" \/>\n\t<meta property=\"og:image:width\" content=\"2048\" \/>\n\t<meta property=\"og:image:height\" content=\"2048\" \/>\n\t<meta property=\"og:image:type\" content=\"image\/webp\" \/>\n<meta name=\"twitter:card\" content=\"summary_large_image\" \/>\n<meta name=\"twitter:label1\" content=\"Tiempo de lectura\" \/>\n\t<meta name=\"twitter:data1\" content=\"1 minuto\" \/>\n<script type=\"application\/ld+json\" class=\"yoast-schema-graph\">{\"@context\":\"https:\/\/schema.org\",\"@graph\":[{\"@type\":\"WebPage\",\"@id\":\"https:\/\/www.csj-emballages.com\/es\/produit\/cuchara-de-plastico-reutilizable-cristal-180-mm-100-piezas\/\",\"url\":\"https:\/\/www.csj-emballages.com\/es\/produit\/cuchara-de-plastico-reutilizable-cristal-180-mm-100-piezas\/\",\"name\":\"Cuchara de cristal de pl\u00e1stico reutilizable - 180 mm\",\"isPartOf\":{\"@id\":\"https:\/\/www.csj-emballages.com\/es\/#website\"},\"primaryImageOfPage\":{\"@id\":\"https:\/\/www.csj-emballages.com\/es\/produit\/cuchara-de-plastico-reutilizable-cristal-180-mm-100-piezas\/#primaryimage\"},\"image\":{\"@id\":\"https:\/\/www.csj-emballages.com\/es\/produit\/cuchara-de-plastico-reutilizable-cristal-180-mm-100-piezas\/#primaryimage\"},\"thumbnailUrl\":\"https:\/\/www.csj-emballages.com\/wp-content\/uploads\/2024\/03\/Cuillere2-scaled-e1731594107147.webp\",\"datePublished\":\"2024-03-01T15:54:58+00:00\",\"dateModified\":\"2026-05-04T05:00:31+00:00\",\"description\":\"\u00a1Descubra nuestra cuchara de pl\u00e1stico reutilizable de 180 mm! Le ofrecemos un paquete de 100 cucharas reutilizables baratas a precio DISCOUNT\",\"breadcrumb\":{\"@id\":\"https:\/\/www.csj-emballages.com\/es\/produit\/cuchara-de-plastico-reutilizable-cristal-180-mm-100-piezas\/#breadcrumb\"},\"inLanguage\":\"es\",\"potentialAction\":[{\"@type\":\"ReadAction\",\"target\":[\"https:\/\/www.csj-emballages.com\/es\/produit\/cuchara-de-plastico-reutilizable-cristal-180-mm-100-piezas\/\"]}]},{\"@type\":\"ImageObject\",\"inLanguage\":\"es\",\"@id\":\"https:\/\/www.csj-emballages.com\/es\/produit\/cuchara-de-plastico-reutilizable-cristal-180-mm-100-piezas\/#primaryimage\",\"url\":\"https:\/\/www.csj-emballages.com\/wp-content\/uploads\/2024\/03\/Cuillere2-scaled-e1731594107147.webp\",\"contentUrl\":\"https:\/\/www.csj-emballages.com\/wp-content\/uploads\/2024\/03\/Cuillere2-scaled-e1731594107147.webp\",\"width\":2048,\"height\":2048,\"caption\":\"Cuill\u00e8re plastique\"},{\"@type\":\"BreadcrumbList\",\"@id\":\"https:\/\/www.csj-emballages.com\/es\/produit\/cuchara-de-plastico-reutilizable-cristal-180-mm-100-piezas\/#breadcrumb\",\"itemListElement\":[{\"@type\":\"ListItem\",\"position\":1,\"name\":\"Accueil\",\"item\":\"https:\/\/www.csj-emballages.com\/es\/universo-del-envasado-alimentario\/\"},{\"@type\":\"ListItem\",\"position\":2,\"name\":\"Tienda\",\"item\":\"https:\/\/www.csj-emballages.com\/tienda\/\"},{\"@type\":\"ListItem\",\"position\":3,\"name\":\"Cuchara de pl\u00e1stico reutilizable, cristal, 180 mm, 100 piezas\"}]},{\"@type\":\"WebSite\",\"@id\":\"https:\/\/www.csj-emballages.com\/es\/#website\",\"url\":\"https:\/\/www.csj-emballages.com\/es\/\",\"name\":\"CSJ Emballages\",\"description\":\"\",\"publisher\":{\"@id\":\"https:\/\/www.csj-emballages.com\/es\/#organization\"},\"potentialAction\":[{\"@type\":\"SearchAction\",\"target\":{\"@type\":\"EntryPoint\",\"urlTemplate\":\"https:\/\/www.csj-emballages.com\/es\/?s={search_term_string}\"},\"query-input\":{\"@type\":\"PropertyValueSpecification\",\"valueRequired\":true,\"valueName\":\"search_term_string\"}}],\"inLanguage\":\"es\"},{\"@type\":\"Organization\",\"@id\":\"https:\/\/www.csj-emballages.com\/es\/#Organization\/\",\"name\":\"CSJ Emballages\",\"url\":\"https:\/\/www.csj-emballages.com\/es\/\",\"logo\":{\"@type\":\"ImageObject\",\"inLanguage\":\"es\",\"@id\":\"https:\/\/www.csj-emballages.com\/es\/#\/schema\/logo\/image\/\",\"url\":\"https:\/\/www.csj-emballages.com\/wp-content\/uploads\/2023\/10\/logo_csj.webp\",\"contentUrl\":\"https:\/\/www.csj-emballages.com\/wp-content\/uploads\/2023\/10\/logo_csj.webp\",\"width\":250,\"height\":95,\"caption\":\"CSJ Emballages\"},\"image\":{\"@id\":\"https:\/\/www.csj-emballages.com\/es\/#\/schema\/logo\/image\/\"},\"sameAs\":[\"https:\/\/www.facebook.com\/csjemballages\"],\"address\":{\"@type\":\"PostalAddress\",\"streetAddress\":\"ZI La Lechere\",\"addressLocality\":\"Patornay\",\"postalCode\":\"39130\",\"addressCountry\":\"FR\"},\"contactPoint\":[{\"@type\":\"ContactPoint\",\"contactType\":\"Service client\",\"telephone\":\"0384254272\",\"email\":\"contact@csj-emballages.com\"}]}]}<\/script>\n<!-- \/ Yoast SEO Premium plugin. -->","yoast_head_json":{"title":"Cuchara de cristal de pl\u00e1stico reutilizable - 180 mm","description":"\u00a1Descubra nuestra cuchara de pl\u00e1stico reutilizable de 180 mm! Le ofrecemos un paquete de 100 cucharas reutilizables baratas a precio DISCOUNT","robots":{"index":"index","follow":"follow","max-snippet":"max-snippet:-1","max-image-preview":"max-image-preview:large","max-video-preview":"max-video-preview:-1"},"canonical":"https:\/\/www.csj-emballages.com\/es\/produit\/cuchara-de-plastico-reutilizable-cristal-180-mm-100-piezas\/","og_locale":"es_ES","og_type":"article","og_title":"Cuchara de pl\u00e1stico reutilizable, cristal, 180 mm, 100 piezas","og_description":"\u00a1Descubra nuestra cuchara de pl\u00e1stico reutilizable de 180 mm! Le ofrecemos un paquete de 100 cucharas reutilizables baratas a precio DISCOUNT","og_url":"https:\/\/www.csj-emballages.com\/es\/produit\/cuchara-de-plastico-reutilizable-cristal-180-mm-100-piezas\/","og_site_name":"CSJ Emballages","article_publisher":"https:\/\/www.facebook.com\/csjemballages","article_modified_time":"2026-05-04T05:00:31+00:00","og_image":[{"width":2048,"height":2048,"url":"https:\/\/www.csj-emballages.com\/wp-content\/uploads\/2024\/03\/Cuillere2-scaled-e1731594107147.webp","type":"image\/webp"}],"twitter_card":"summary_large_image","twitter_misc":{"Tiempo de lectura":"1 minuto"},"schema":{"@context":"https:\/\/schema.org","@graph":[{"@type":"WebPage","@id":"https:\/\/www.csj-emballages.com\/es\/produit\/cuchara-de-plastico-reutilizable-cristal-180-mm-100-piezas\/","url":"https:\/\/www.csj-emballages.com\/es\/produit\/cuchara-de-plastico-reutilizable-cristal-180-mm-100-piezas\/","name":"Cuchara de cristal de pl\u00e1stico reutilizable - 180 mm","isPartOf":{"@id":"https:\/\/www.csj-emballages.com\/es\/#website"},"primaryImageOfPage":{"@id":"https:\/\/www.csj-emballages.com\/es\/produit\/cuchara-de-plastico-reutilizable-cristal-180-mm-100-piezas\/#primaryimage"},"image":{"@id":"https:\/\/www.csj-emballages.com\/es\/produit\/cuchara-de-plastico-reutilizable-cristal-180-mm-100-piezas\/#primaryimage"},"thumbnailUrl":"https:\/\/www.csj-emballages.com\/wp-content\/uploads\/2024\/03\/Cuillere2-scaled-e1731594107147.webp","datePublished":"2024-03-01T15:54:58+00:00","dateModified":"2026-05-04T05:00:31+00:00","description":"\u00a1Descubra nuestra cuchara de pl\u00e1stico reutilizable de 180 mm! Le ofrecemos un paquete de 100 cucharas reutilizables baratas a precio DISCOUNT","breadcrumb":{"@id":"https:\/\/www.csj-emballages.com\/es\/produit\/cuchara-de-plastico-reutilizable-cristal-180-mm-100-piezas\/#breadcrumb"},"inLanguage":"es","potentialAction":[{"@type":"ReadAction","target":["https:\/\/www.csj-emballages.com\/es\/produit\/cuchara-de-plastico-reutilizable-cristal-180-mm-100-piezas\/"]}]},{"@type":"ImageObject","inLanguage":"es","@id":"https:\/\/www.csj-emballages.com\/es\/produit\/cuchara-de-plastico-reutilizable-cristal-180-mm-100-piezas\/#primaryimage","url":"https:\/\/www.csj-emballages.com\/wp-content\/uploads\/2024\/03\/Cuillere2-scaled-e1731594107147.webp","contentUrl":"https:\/\/www.csj-emballages.com\/wp-content\/uploads\/2024\/03\/Cuillere2-scaled-e1731594107147.webp","width":2048,"height":2048,"caption":"Cuill\u00e8re plastique"},{"@type":"BreadcrumbList","@id":"https:\/\/www.csj-emballages.com\/es\/produit\/cuchara-de-plastico-reutilizable-cristal-180-mm-100-piezas\/#breadcrumb","itemListElement":[{"@type":"ListItem","position":1,"name":"Accueil","item":"https:\/\/www.csj-emballages.com\/es\/universo-del-envasado-alimentario\/"},{"@type":"ListItem","position":2,"name":"Tienda","item":"https:\/\/www.csj-emballages.com\/tienda\/"},{"@type":"ListItem","position":3,"name":"Cuchara de pl\u00e1stico reutilizable, cristal, 180 mm, 100 piezas"}]},{"@type":"WebSite","@id":"https:\/\/www.csj-emballages.com\/es\/#website","url":"https:\/\/www.csj-emballages.com\/es\/","name":"CSJ Emballages","description":"","publisher":{"@id":"https:\/\/www.csj-emballages.com\/es\/#organization"},"potentialAction":[{"@type":"SearchAction","target":{"@type":"EntryPoint","urlTemplate":"https:\/\/www.csj-emballages.com\/es\/?s={search_term_string}"},"query-input":{"@type":"PropertyValueSpecification","valueRequired":true,"valueName":"search_term_string"}}],"inLanguage":"es"},{"@type":"Organization","@id":"https:\/\/www.csj-emballages.com\/es\/#Organization\/","name":"CSJ Emballages","url":"https:\/\/www.csj-emballages.com\/es\/","logo":{"@type":"ImageObject","inLanguage":"es","@id":"https:\/\/www.csj-emballages.com\/es\/#\/schema\/logo\/image\/","url":"https:\/\/www.csj-emballages.com\/wp-content\/uploads\/2023\/10\/logo_csj.webp","contentUrl":"https:\/\/www.csj-emballages.com\/wp-content\/uploads\/2023\/10\/logo_csj.webp","width":250,"height":95,"caption":"CSJ Emballages"},"image":{"@id":"https:\/\/www.csj-emballages.com\/es\/#\/schema\/logo\/image\/"},"sameAs":["https:\/\/www.facebook.com\/csjemballages"],"address":{"@type":"PostalAddress","streetAddress":"ZI La Lechere","addressLocality":"Patornay","postalCode":"39130","addressCountry":"FR"},"contactPoint":[{"@type":"ContactPoint","contactType":"Service client","telephone":"0384254272","email":"contact@csj-emballages.com"}]}]}},"df_price":3.22,"df_sale_price":"","df_regular_price":3.22,"df_image_link":"https:\/\/www.csj-emballages.com\/wp-content\/uploads\/2024\/03\/Cuillere2-300x300.webp","tiered_pricing_type":"fixed","tiered_pricing_fixed_rules":[],"tiered_pricing_percentage_rules":[],"tiered_pricing_minimum":1,"tiered_pricing_roles_data":[],"_links":{"self":[{"href":"https:\/\/www.csj-emballages.com\/es\/wp-json\/wp\/v2\/product\/226553","targetHints":{"allow":["GET"]}}],"collection":[{"href":"https:\/\/www.csj-emballages.com\/es\/wp-json\/wp\/v2\/product"}],"about":[{"href":"https:\/\/www.csj-emballages.com\/es\/wp-json\/wp\/v2\/types\/product"}],"wp:featuredmedia":[{"embeddable":true,"href":"https:\/\/www.csj-emballages.com\/es\/wp-json\/wp\/v2\/media\/167921"}],"wp:attachment":[{"href":"https:\/\/www.csj-emballages.com\/es\/wp-json\/wp\/v2\/media?parent=226553"}],"wp:term":[{"taxonomy":"product_brand","embeddable":true,"href":"https:\/\/www.csj-emballages.com\/es\/wp-json\/wp\/v2\/product_brand?post=226553"},{"taxonomy":"product_cat","embeddable":true,"href":"https:\/\/www.csj-emballages.com\/es\/wp-json\/wp\/v2\/product_cat?post=226553"},{"taxonomy":"product_tag","embeddable":true,"href":"https:\/\/www.csj-emballages.com\/es\/wp-json\/wp\/v2\/product_tag?post=226553"}],"curies":[{"name":"wp","href":"https:\/\/api.w.org\/{rel}","templated":true}]}}