{"id":22649,"date":"2024-03-01T16:50:27","date_gmt":"2024-03-01T15:50:27","guid":{"rendered":"https:\/\/u15jnbdpoq.preview.infomaniak.website\/produit\/25-ensaladeras-kraft-tapas-pet-de-500-ml\/"},"modified":"2026-04-04T02:14:19","modified_gmt":"2026-04-04T00:14:19","slug":"25-ensaladeras-kraft-tapas-pet-de-500-ml","status":"publish","type":"product","link":"https:\/\/www.csj-emballages.com\/es\/produit\/25-ensaladeras-kraft-tapas-pet-de-500-ml\/","title":{"rendered":"Ensaladera de cart\u00f3n + tapa PET 500 ml por 25"},"content":{"rendered":"<h2>Ensaladera<\/h2>\n<hr>\n<h3>Descripci\u00f3n de nuestra ensaladera de cart\u00f3n de 500 ml + tapa de PET, paquete de 25<\/h3>\n<p><!--more--><\/p>\n<p data-start=\"271\" data-end=\"668\">Esta <strong>ensaladera<\/strong> <strong data-start=\"285\" data-end=\"295\">de 500 ml<\/strong> ha sido dise\u00f1ada para quienes desean ofrecer platos frescos para llevar sin complicar su organizaci\u00f3n. Desde el momento en que la cojas, sentir\u00e1s que todo est\u00e1 bien equilibrado: un <strong>bol de cart\u00f3n<\/strong> resistente, una forma pr\u00e1ctica y una tapa transparente que te permite ver el contenido. \u00bfEl resultado? Una presentaci\u00f3n limpia, ordenada y apetitosa, ideal para abrir el apetito a primera vista.   <\/p>\n<p data-start=\"670\" data-end=\"1094\">Gracias a su capacidad de <strong>500 ml<\/strong>, es perfecto para <strong>ensaladas mixtas<\/strong>, <strong>cuencos de pok\u00e9<\/strong>, <strong>crousty<\/strong>, <strong>platos fr\u00edos<\/strong>, <strong>fruta cortada<\/strong> o incluso recetas calientes. El <strong>cart\u00f3n<\/strong> tiene una buena sujeci\u00f3n, por lo que no se deforma durante el transporte. La <strong>tapa de PET<\/strong> es f\u00e1cil de encajar y proporciona un cierre fiable. As\u00ed podr\u00e1 transportar sus preparaciones con total tranquilidad, sin sorpresas desagradables a su llegada.   <\/p>\n<p data-start=\"1096\" data-end=\"1363\">Otro punto fuerte es la <strong>transparencia de la tapa<\/strong>. Adem\u00e1s, permite a los clientes ver inmediatamente la frescura y calidad del producto, al tiempo que resalta los colores de los ingredientes. Es una verdadera ventaja para las vitrinas refrigeradas, la comida para llevar y las entregas.  <\/p>\n<p data-start=\"1365\" data-end=\"1664\">Este formato, que se vende <strong data-start=\"1371\" data-end=\"1388\">en paquetes de 25 unidades<\/strong>, es perfecto para una gesti\u00f3n inteligente de las existencias. Es ideal para restaurantes, empresas de catering, bares de aperitivos, bares de ensaladas y eventos puntuales. F\u00e1cil de usar, pr\u00e1ctico para cerrar y atractivo para presentar, este bol se est\u00e1 convirtiendo r\u00e1pidamente en un elemento esencial para el d\u00eda a d\u00eda.  <\/p>\n<p data-start=\"1666\" data-end=\"1822\">En resumen, esta <strong>ensaladera<\/strong> cumple todos los requisitos: pr\u00e1ctica, limpia, funcional y dise\u00f1ada para satisfacer las expectativas actuales de la comida para llevar.<\/p>\n<p data-start=\"1666\" data-end=\"1822\"><!--more--><\/p>\n<p data-start=\"1666\" data-end=\"1822\"><strong><span style=\"color: #ff0000;\">*La tapa no es apta para microondas<\/span><\/strong><\/p>\n<p>&nbsp;<\/p>\n<p><!--more--><\/p>\n<p><strong>Ventajas :<\/strong><\/p>\n<ul>\n<li data-start=\"1850\" data-end=\"1880\">Capacidad ideal de <strong>500 ml<\/strong>.<\/li>\n<li data-start=\"1883\" data-end=\"1930\">Bol de cart\u00f3n r\u00edgido y f\u00e1cil de manejar.<\/li>\n<li data-start=\"1933\" data-end=\"1989\">Tapa de <strong>PET transparente<\/strong> para una presentaci\u00f3n atractiva.<\/li>\n<li data-start=\"1992\" data-end=\"2029\">Cierre fiable para el transporte.<\/li>\n<li data-start=\"2032\" data-end=\"2077\">Adecuado para ensaladas, platos fr\u00edos o calientes.<\/li>\n<li data-start=\"2080\" data-end=\"2114\">Paquete de <strong>25<\/strong>, pr\u00e1ctico y econ\u00f3mico.<\/li>\n<\/ul>\n<p>&nbsp;<\/p>\n<p><!--more--><\/p>\n<h4>Informaci\u00f3n adicional :<\/h4>\n<ul>\n<li><strong>Envase<\/strong>: Paquete de 25<\/li>\n<li><strong>Volumen<\/strong>: 500 ml<\/li>\n<li><strong>Di\u00e1metro<\/strong>: 150 mm<\/li>\n<li><strong>Altura<\/strong>: 50 mm<\/li>\n<li><strong>Material<\/strong>: Cart\u00f3n \/ PET<\/li>\n<li><strong>Color<\/strong>: Marr\u00f3n<\/li>\n<li><strong>Uso<\/strong>: Fr\u00edo \/ Caliente<\/li>\n<\/ul>\n<p>&nbsp;<\/p>\n<p><!--more--><\/p>\n<p>Este producto est\u00e1 disponible en varios tama\u00f1os: <span style=\"color: #d12727;\"><a style=\"color: #d12727;\" href=\"https:\/\/www.csj-emballages.com\/produit\/25-bols-salades-kraft-couvercles-pet-750-ml\/\">750 ml<\/a><\/span> \/ <span style=\"color: #d12727;\"><a style=\"color: #d12727;\" href=\"https:\/\/www.csj-emballages.com\/produit\/25-bols-salades-kraft-couvercles-pet-1000-ml\/\">1000 ml<\/a><\/span> \/ <span style=\"color: #d12727;\"><a style=\"color: #d12727;\" href=\"https:\/\/www.csj-emballages.com\/produit\/25-bols-salades-kraft-couvercles-pet-1100-ml\/\">1100 ml<\/a><\/span> \/ <span style=\"color: #d12727;\"><a style=\"color: #d12727;\" href=\"https:\/\/www.csj-emballages.com\/produit\/25-bols-salades-kraft-couvercles-pet-1300-ml\/\">1300 ml<\/a><\/span><\/p>\n<p>&nbsp;<\/p>\n<p><!--more--><\/p>\n<p><a href=\"\/?product_cat=pots-salade-kraft\">Ver el resto de nuestra gama de tarros kraft para ensalada<\/a><\/p>\n","protected":false},"excerpt":{"rendered":"<p>Ensaladera Descripci\u00f3n de nuestra ensaladera de cart\u00f3n de 500 ml + tapa de PET, paquete de 25<\/p>\n","protected":false},"featured_media":203337,"template":"","meta":{"_acf_changed":false},"product_brand":[],"product_cat":[1150,1179,3151],"product_tag":[],"class_list":{"0":"post-22649","1":"product","2":"type-product","3":"status-publish","4":"has-post-thumbnail","6":"product_cat-envasado-de-alimentos","7":"product_cat-catering-es","8":"product_cat-tarros-de-ensalada-kraft","10":"first","11":"instock","12":"taxable","13":"shipping-taxable","14":"purchasable","15":"product-type-simple"},"acf":[],"yoast_head":"<!-- This site is optimized with the Yoast SEO Premium plugin v26.6 (Yoast SEO v26.6) - https:\/\/yoast.com\/wordpress\/plugins\/seo\/ -->\n<title>Ensaladera de cart\u00f3n + tapa PET - 500 ml<\/title>\n<meta name=\"description\" content=\"Ensaladera de cart\u00f3n de 500 ml con tapa de PET: pr\u00e1ctica, ecol\u00f3gica, resistente y herm\u00e9tica. Ideal para todas sus comidas para llevar.\" \/>\n<meta name=\"robots\" content=\"index, follow, max-snippet:-1, max-image-preview:large, max-video-preview:-1\" \/>\n<link rel=\"canonical\" href=\"https:\/\/www.csj-emballages.com\/es\/produit\/25-ensaladeras-kraft-tapas-pet-de-500-ml\/\" \/>\n<meta property=\"og:locale\" content=\"es_ES\" \/>\n<meta property=\"og:type\" content=\"article\" \/>\n<meta property=\"og:title\" content=\"Ensaladera de cart\u00f3n + tapa PET 500 ml por 25\" \/>\n<meta property=\"og:description\" content=\"Ensaladera de cart\u00f3n de 500 ml con tapa de PET: pr\u00e1ctica, ecol\u00f3gica, resistente y herm\u00e9tica. Ideal para todas sus comidas para llevar.\" \/>\n<meta property=\"og:url\" content=\"https:\/\/www.csj-emballages.com\/es\/produit\/25-ensaladeras-kraft-tapas-pet-de-500-ml\/\" \/>\n<meta property=\"og:site_name\" content=\"CSJ Emballages\" \/>\n<meta property=\"article:publisher\" content=\"https:\/\/www.facebook.com\/csjemballages\" \/>\n<meta property=\"article:modified_time\" content=\"2026-04-04T00:14:19+00:00\" \/>\n<meta property=\"og:image\" content=\"https:\/\/www.csj-emballages.com\/wp-content\/uploads\/2024\/03\/Bols-salade-500.webp\" \/>\n\t<meta property=\"og:image:width\" content=\"800\" \/>\n\t<meta property=\"og:image:height\" content=\"800\" \/>\n\t<meta property=\"og:image:type\" content=\"image\/webp\" \/>\n<meta name=\"twitter:card\" content=\"summary_large_image\" \/>\n<meta name=\"twitter:label1\" content=\"Tiempo de lectura\" \/>\n\t<meta name=\"twitter:data1\" content=\"2 minutos\" \/>\n<script type=\"application\/ld+json\" class=\"yoast-schema-graph\">{\"@context\":\"https:\/\/schema.org\",\"@graph\":[{\"@type\":\"WebPage\",\"@id\":\"https:\/\/www.csj-emballages.com\/es\/produit\/25-ensaladeras-kraft-tapas-pet-de-500-ml\/\",\"url\":\"https:\/\/www.csj-emballages.com\/es\/produit\/25-ensaladeras-kraft-tapas-pet-de-500-ml\/\",\"name\":\"Ensaladera de cart\u00f3n + tapa PET - 500 ml\",\"isPartOf\":{\"@id\":\"https:\/\/www.csj-emballages.com\/es\/#website\"},\"primaryImageOfPage\":{\"@id\":\"https:\/\/www.csj-emballages.com\/es\/produit\/25-ensaladeras-kraft-tapas-pet-de-500-ml\/#primaryimage\"},\"image\":{\"@id\":\"https:\/\/www.csj-emballages.com\/es\/produit\/25-ensaladeras-kraft-tapas-pet-de-500-ml\/#primaryimage\"},\"thumbnailUrl\":\"https:\/\/www.csj-emballages.com\/wp-content\/uploads\/2024\/03\/Bols-salade-500.webp\",\"datePublished\":\"2024-03-01T15:50:27+00:00\",\"dateModified\":\"2026-04-04T00:14:19+00:00\",\"description\":\"Ensaladera de cart\u00f3n de 500 ml con tapa de PET: pr\u00e1ctica, ecol\u00f3gica, resistente y herm\u00e9tica. Ideal para todas sus comidas para llevar.\",\"breadcrumb\":{\"@id\":\"https:\/\/www.csj-emballages.com\/es\/produit\/25-ensaladeras-kraft-tapas-pet-de-500-ml\/#breadcrumb\"},\"inLanguage\":\"es\",\"potentialAction\":[{\"@type\":\"ReadAction\",\"target\":[\"https:\/\/www.csj-emballages.com\/es\/produit\/25-ensaladeras-kraft-tapas-pet-de-500-ml\/\"]}]},{\"@type\":\"ImageObject\",\"inLanguage\":\"es\",\"@id\":\"https:\/\/www.csj-emballages.com\/es\/produit\/25-ensaladeras-kraft-tapas-pet-de-500-ml\/#primaryimage\",\"url\":\"https:\/\/www.csj-emballages.com\/wp-content\/uploads\/2024\/03\/Bols-salade-500.webp\",\"contentUrl\":\"https:\/\/www.csj-emballages.com\/wp-content\/uploads\/2024\/03\/Bols-salade-500.webp\",\"width\":800,\"height\":800,\"caption\":\"Bol salade\"},{\"@type\":\"BreadcrumbList\",\"@id\":\"https:\/\/www.csj-emballages.com\/es\/produit\/25-ensaladeras-kraft-tapas-pet-de-500-ml\/#breadcrumb\",\"itemListElement\":[{\"@type\":\"ListItem\",\"position\":1,\"name\":\"Accueil\",\"item\":\"https:\/\/www.csj-emballages.com\/es\/universo-del-envasado-alimentario\/\"},{\"@type\":\"ListItem\",\"position\":2,\"name\":\"Tienda\",\"item\":\"https:\/\/www.csj-emballages.com\/tienda\/\"},{\"@type\":\"ListItem\",\"position\":3,\"name\":\"Ensaladera de cart\u00f3n + tapa PET 500 ml por 25\"}]},{\"@type\":\"WebSite\",\"@id\":\"https:\/\/www.csj-emballages.com\/es\/#website\",\"url\":\"https:\/\/www.csj-emballages.com\/es\/\",\"name\":\"CSJ Emballages\",\"description\":\"\",\"publisher\":{\"@id\":\"https:\/\/www.csj-emballages.com\/es\/#organization\"},\"potentialAction\":[{\"@type\":\"SearchAction\",\"target\":{\"@type\":\"EntryPoint\",\"urlTemplate\":\"https:\/\/www.csj-emballages.com\/es\/?s={search_term_string}\"},\"query-input\":{\"@type\":\"PropertyValueSpecification\",\"valueRequired\":true,\"valueName\":\"search_term_string\"}}],\"inLanguage\":\"es\"},{\"@type\":\"Organization\",\"@id\":\"https:\/\/www.csj-emballages.com\/es\/#Organization\/\",\"name\":\"CSJ Emballages\",\"url\":\"https:\/\/www.csj-emballages.com\/es\/\",\"logo\":{\"@type\":\"ImageObject\",\"inLanguage\":\"es\",\"@id\":\"https:\/\/www.csj-emballages.com\/es\/#\/schema\/logo\/image\/\",\"url\":\"https:\/\/www.csj-emballages.com\/wp-content\/uploads\/2023\/10\/logo_csj.webp\",\"contentUrl\":\"https:\/\/www.csj-emballages.com\/wp-content\/uploads\/2023\/10\/logo_csj.webp\",\"width\":250,\"height\":95,\"caption\":\"CSJ Emballages\"},\"image\":{\"@id\":\"https:\/\/www.csj-emballages.com\/es\/#\/schema\/logo\/image\/\"},\"sameAs\":[\"https:\/\/www.facebook.com\/csjemballages\"],\"address\":{\"@type\":\"PostalAddress\",\"streetAddress\":\"ZI La Lechere\",\"addressLocality\":\"Patornay\",\"postalCode\":\"39130\",\"addressCountry\":\"FR\"},\"contactPoint\":[{\"@type\":\"ContactPoint\",\"contactType\":\"Service client\",\"telephone\":\"0384254272\",\"email\":\"contact@csj-emballages.com\"}]}]}<\/script>\n<!-- \/ Yoast SEO Premium plugin. -->","yoast_head_json":{"title":"Ensaladera de cart\u00f3n + tapa PET - 500 ml","description":"Ensaladera de cart\u00f3n de 500 ml con tapa de PET: pr\u00e1ctica, ecol\u00f3gica, resistente y herm\u00e9tica. Ideal para todas sus comidas para llevar.","robots":{"index":"index","follow":"follow","max-snippet":"max-snippet:-1","max-image-preview":"max-image-preview:large","max-video-preview":"max-video-preview:-1"},"canonical":"https:\/\/www.csj-emballages.com\/es\/produit\/25-ensaladeras-kraft-tapas-pet-de-500-ml\/","og_locale":"es_ES","og_type":"article","og_title":"Ensaladera de cart\u00f3n + tapa PET 500 ml por 25","og_description":"Ensaladera de cart\u00f3n de 500 ml con tapa de PET: pr\u00e1ctica, ecol\u00f3gica, resistente y herm\u00e9tica. Ideal para todas sus comidas para llevar.","og_url":"https:\/\/www.csj-emballages.com\/es\/produit\/25-ensaladeras-kraft-tapas-pet-de-500-ml\/","og_site_name":"CSJ Emballages","article_publisher":"https:\/\/www.facebook.com\/csjemballages","article_modified_time":"2026-04-04T00:14:19+00:00","og_image":[{"width":800,"height":800,"url":"https:\/\/www.csj-emballages.com\/wp-content\/uploads\/2024\/03\/Bols-salade-500.webp","type":"image\/webp"}],"twitter_card":"summary_large_image","twitter_misc":{"Tiempo de lectura":"2 minutos"},"schema":{"@context":"https:\/\/schema.org","@graph":[{"@type":"WebPage","@id":"https:\/\/www.csj-emballages.com\/es\/produit\/25-ensaladeras-kraft-tapas-pet-de-500-ml\/","url":"https:\/\/www.csj-emballages.com\/es\/produit\/25-ensaladeras-kraft-tapas-pet-de-500-ml\/","name":"Ensaladera de cart\u00f3n + tapa PET - 500 ml","isPartOf":{"@id":"https:\/\/www.csj-emballages.com\/es\/#website"},"primaryImageOfPage":{"@id":"https:\/\/www.csj-emballages.com\/es\/produit\/25-ensaladeras-kraft-tapas-pet-de-500-ml\/#primaryimage"},"image":{"@id":"https:\/\/www.csj-emballages.com\/es\/produit\/25-ensaladeras-kraft-tapas-pet-de-500-ml\/#primaryimage"},"thumbnailUrl":"https:\/\/www.csj-emballages.com\/wp-content\/uploads\/2024\/03\/Bols-salade-500.webp","datePublished":"2024-03-01T15:50:27+00:00","dateModified":"2026-04-04T00:14:19+00:00","description":"Ensaladera de cart\u00f3n de 500 ml con tapa de PET: pr\u00e1ctica, ecol\u00f3gica, resistente y herm\u00e9tica. Ideal para todas sus comidas para llevar.","breadcrumb":{"@id":"https:\/\/www.csj-emballages.com\/es\/produit\/25-ensaladeras-kraft-tapas-pet-de-500-ml\/#breadcrumb"},"inLanguage":"es","potentialAction":[{"@type":"ReadAction","target":["https:\/\/www.csj-emballages.com\/es\/produit\/25-ensaladeras-kraft-tapas-pet-de-500-ml\/"]}]},{"@type":"ImageObject","inLanguage":"es","@id":"https:\/\/www.csj-emballages.com\/es\/produit\/25-ensaladeras-kraft-tapas-pet-de-500-ml\/#primaryimage","url":"https:\/\/www.csj-emballages.com\/wp-content\/uploads\/2024\/03\/Bols-salade-500.webp","contentUrl":"https:\/\/www.csj-emballages.com\/wp-content\/uploads\/2024\/03\/Bols-salade-500.webp","width":800,"height":800,"caption":"Bol salade"},{"@type":"BreadcrumbList","@id":"https:\/\/www.csj-emballages.com\/es\/produit\/25-ensaladeras-kraft-tapas-pet-de-500-ml\/#breadcrumb","itemListElement":[{"@type":"ListItem","position":1,"name":"Accueil","item":"https:\/\/www.csj-emballages.com\/es\/universo-del-envasado-alimentario\/"},{"@type":"ListItem","position":2,"name":"Tienda","item":"https:\/\/www.csj-emballages.com\/tienda\/"},{"@type":"ListItem","position":3,"name":"Ensaladera de cart\u00f3n + tapa PET 500 ml por 25"}]},{"@type":"WebSite","@id":"https:\/\/www.csj-emballages.com\/es\/#website","url":"https:\/\/www.csj-emballages.com\/es\/","name":"CSJ Emballages","description":"","publisher":{"@id":"https:\/\/www.csj-emballages.com\/es\/#organization"},"potentialAction":[{"@type":"SearchAction","target":{"@type":"EntryPoint","urlTemplate":"https:\/\/www.csj-emballages.com\/es\/?s={search_term_string}"},"query-input":{"@type":"PropertyValueSpecification","valueRequired":true,"valueName":"search_term_string"}}],"inLanguage":"es"},{"@type":"Organization","@id":"https:\/\/www.csj-emballages.com\/es\/#Organization\/","name":"CSJ Emballages","url":"https:\/\/www.csj-emballages.com\/es\/","logo":{"@type":"ImageObject","inLanguage":"es","@id":"https:\/\/www.csj-emballages.com\/es\/#\/schema\/logo\/image\/","url":"https:\/\/www.csj-emballages.com\/wp-content\/uploads\/2023\/10\/logo_csj.webp","contentUrl":"https:\/\/www.csj-emballages.com\/wp-content\/uploads\/2023\/10\/logo_csj.webp","width":250,"height":95,"caption":"CSJ Emballages"},"image":{"@id":"https:\/\/www.csj-emballages.com\/es\/#\/schema\/logo\/image\/"},"sameAs":["https:\/\/www.facebook.com\/csjemballages"],"address":{"@type":"PostalAddress","streetAddress":"ZI La Lechere","addressLocality":"Patornay","postalCode":"39130","addressCountry":"FR"},"contactPoint":[{"@type":"ContactPoint","contactType":"Service client","telephone":"0384254272","email":"contact@csj-emballages.com"}]}]}},"df_price":4.97,"df_sale_price":"","df_regular_price":4.97,"df_image_link":"https:\/\/www.csj-emballages.com\/wp-content\/uploads\/2024\/03\/Bols-salade-500-300x300.webp","tiered_pricing_type":"fixed","tiered_pricing_fixed_rules":[],"tiered_pricing_percentage_rules":[],"tiered_pricing_minimum":1,"tiered_pricing_roles_data":[],"_links":{"self":[{"href":"https:\/\/www.csj-emballages.com\/es\/wp-json\/wp\/v2\/product\/22649","targetHints":{"allow":["GET"]}}],"collection":[{"href":"https:\/\/www.csj-emballages.com\/es\/wp-json\/wp\/v2\/product"}],"about":[{"href":"https:\/\/www.csj-emballages.com\/es\/wp-json\/wp\/v2\/types\/product"}],"wp:featuredmedia":[{"embeddable":true,"href":"https:\/\/www.csj-emballages.com\/es\/wp-json\/wp\/v2\/media\/203337"}],"wp:attachment":[{"href":"https:\/\/www.csj-emballages.com\/es\/wp-json\/wp\/v2\/media?parent=22649"}],"wp:term":[{"taxonomy":"product_brand","embeddable":true,"href":"https:\/\/www.csj-emballages.com\/es\/wp-json\/wp\/v2\/product_brand?post=22649"},{"taxonomy":"product_cat","embeddable":true,"href":"https:\/\/www.csj-emballages.com\/es\/wp-json\/wp\/v2\/product_cat?post=22649"},{"taxonomy":"product_tag","embeddable":true,"href":"https:\/\/www.csj-emballages.com\/es\/wp-json\/wp\/v2\/product_tag?post=22649"}],"curies":[{"name":"wp","href":"https:\/\/api.w.org\/{rel}","templated":true}]}}