{"id":22629,"date":"2024-03-01T16:50:29","date_gmt":"2024-03-01T15:50:29","guid":{"rendered":"https:\/\/u15jnbdpoq.preview.infomaniak.website\/produit\/50-tarros-redondos-kraft-1000-ml\/"},"modified":"2025-02-11T02:16:47","modified_gmt":"2025-02-11T01:16:47","slug":"50-tarros-redondos-kraft-1000-ml","status":"publish","type":"product","link":"https:\/\/www.csj-emballages.com\/es\/produit\/50-tarros-redondos-kraft-1000-ml\/","title":{"rendered":"50 tarros redondos kraft 1000 ml"},"content":{"rendered":"\n<p><span>Tarros de ensalada Kraft 1000 ml&nbsp;<\/span><\/p>\n<p><span>&nbsp;<\/span><\/p>\n<p><span>Descripci\u00f3n<\/span><\/p>\n<p><span>&nbsp;<\/span><\/p>\n<p><span>Descubre nuestros tarros para ensalada<\/span><\/p>\n<p><span>&nbsp;<\/span><\/p>\n<p><span>Este cuenco de cart\u00f3n kraft es perfecto para restaurantes, bares de aperitivos, asociaciones, establecimientos de comida r\u00e1pida, etc. Simplemente se cierra.&nbsp;con presi\u00f3n gracias a&nbsp;La tapa se vende por separado, y la leng\u00fceta facilita su apertura. Esta olla es perfectamente herm\u00e9tica y mantiene tu plato caliente. Adem\u00e1s, es extremadamente ligera y reciclable, lo que la convierte en el envase preferido.<\/span><\/p>\n<p><span>&nbsp;<\/span><\/p>\n<p><span>Se pueden apilar unas sobre otras<\/span><\/p>\n<p><span>&nbsp;<\/span><\/p>\n<p><span><span>Las cubiertas se venden por separado referencia COUVPO1000K<\/span><\/span><\/p>\n<p><span>&nbsp;<\/span><\/p>\n<p><span><span>Descubre el resto de nuestra gama de tarros para ensalada<\/span><\/span><\/p>\n<p><span>&nbsp;<\/span><\/p>\n<p><span>Caracter\u00edsticas de los tarros kraft para ensalada<\/span><\/p>\n<p><span>&nbsp;<\/span><\/p>\n<ul style=\"margin-top:0;margin-bottom:0;\">\n<li><span>Vendido a profesionales \/ particulares<\/span><\/li>\n<li><span>Di\u00e1metro exterior: 165 mm<\/span><\/li>\n<li><span>Di\u00e1metro interior: 141 mm<\/span><\/li>\n<li><span>Altura: 63 mm<\/span><\/li>\n<li><span>Envase : Envase de 50 tarros<\/span><\/li>\n<li><span>Envasado en pel\u00edcula protectora para un mejor almacenamiento y protecci\u00f3n.<\/span><\/li>\n<li><span>Material: cart\u00f3n kraft<\/span><\/li>\n<\/ul>\n<p><span>&nbsp;<\/span><\/p>\n<p><span>Elige tarros kraft para ensalada<\/span><\/p>\n","protected":false},"excerpt":{"rendered":"<p>Tarros de ensalada Kraft 1000 ml&nbsp; &nbsp; Descripci\u00f3n &nbsp; Descubre nuestros tarros para ensalada &nbsp; Este cuenco de cart\u00f3n kraft es perfecto para restaurantes, bares de aperitivos, asociaciones, establecimientos de comida r\u00e1pida, etc. Simplemente se cierra.&nbsp;con presi\u00f3n gracias a&nbsp;La tapa se vende por separado, y la leng\u00fceta facilita su apertura. Esta olla es perfectamente herm\u00e9tica [&hellip;]<\/p>\n","protected":false},"featured_media":8185,"template":"","meta":{"_acf_changed":false},"product_brand":[],"product_cat":[1179,3151],"product_tag":[],"class_list":{"0":"post-22629","1":"product","2":"type-product","3":"status-publish","4":"has-post-thumbnail","6":"product_cat-catering-es","7":"product_cat-tarros-de-ensalada-kraft","9":"first","10":"instock","11":"taxable","12":"shipping-taxable","13":"purchasable","14":"product-type-simple"},"acf":[],"yoast_head":"<!-- This site is optimized with the Yoast SEO Premium plugin v26.6 (Yoast SEO v26.6) - https:\/\/yoast.com\/wordpress\/plugins\/seo\/ -->\n<title>50 Tarros Kraft Desechables Redondos 1000 ml \/ csj-embalajes-com<\/title>\n<meta name=\"description\" content=\"\u00a1Compra tarros de ensalada Kraft desechables! Opta por un paquete de 50 tarros desechables redondos, resistentes y de gran calidad, a precios DESCUENTO.\" \/>\n<meta name=\"robots\" content=\"index, follow, max-snippet:-1, max-image-preview:large, max-video-preview:-1\" \/>\n<link rel=\"canonical\" href=\"https:\/\/www.csj-emballages.com\/es\/produit\/50-tarros-redondos-kraft-1000-ml\/\" \/>\n<meta property=\"og:locale\" content=\"es_ES\" \/>\n<meta property=\"og:type\" content=\"article\" \/>\n<meta property=\"og:title\" content=\"50 tarros redondos kraft 1000 ml\" \/>\n<meta property=\"og:description\" content=\"\u00a1Compra tarros de ensalada Kraft desechables! Opta por un paquete de 50 tarros desechables redondos, resistentes y de gran calidad, a precios DESCUENTO.\" \/>\n<meta property=\"og:url\" content=\"https:\/\/www.csj-emballages.com\/es\/produit\/50-tarros-redondos-kraft-1000-ml\/\" \/>\n<meta property=\"og:site_name\" content=\"CSJ Emballages\" \/>\n<meta property=\"article:publisher\" content=\"https:\/\/www.facebook.com\/csjemballages\" \/>\n<meta property=\"article:modified_time\" content=\"2025-02-11T01:16:47+00:00\" \/>\n<meta property=\"og:image\" content=\"https:\/\/www.csj-emballages.com\/wp-content\/uploads\/2024\/03\/pots-kraft-salade-carton-emporter-grossiste-csj-emballages-zoom-jpg.webp\" \/>\n\t<meta property=\"og:image:width\" content=\"800\" \/>\n\t<meta property=\"og:image:height\" content=\"800\" \/>\n\t<meta property=\"og:image:type\" content=\"image\/jpeg\" \/>\n<meta name=\"twitter:card\" content=\"summary_large_image\" \/>\n<meta name=\"twitter:label1\" content=\"Tiempo de lectura\" \/>\n\t<meta name=\"twitter:data1\" content=\"1 minuto\" \/>\n<script type=\"application\/ld+json\" class=\"yoast-schema-graph\">{\"@context\":\"https:\/\/schema.org\",\"@graph\":[{\"@type\":\"WebPage\",\"@id\":\"https:\/\/www.csj-emballages.com\/es\/produit\/50-tarros-redondos-kraft-1000-ml\/\",\"url\":\"https:\/\/www.csj-emballages.com\/es\/produit\/50-tarros-redondos-kraft-1000-ml\/\",\"name\":\"50 Tarros Kraft Desechables Redondos 1000 ml \/ csj-embalajes-com\",\"isPartOf\":{\"@id\":\"https:\/\/www.csj-emballages.com\/es\/#website\"},\"primaryImageOfPage\":{\"@id\":\"https:\/\/www.csj-emballages.com\/es\/produit\/50-tarros-redondos-kraft-1000-ml\/#primaryimage\"},\"image\":{\"@id\":\"https:\/\/www.csj-emballages.com\/es\/produit\/50-tarros-redondos-kraft-1000-ml\/#primaryimage\"},\"thumbnailUrl\":\"https:\/\/www.csj-emballages.com\/wp-content\/uploads\/2024\/03\/pots-kraft-salade-carton-emporter-grossiste-csj-emballages-zoom-jpg.webp\",\"datePublished\":\"2024-03-01T15:50:29+00:00\",\"dateModified\":\"2025-02-11T01:16:47+00:00\",\"description\":\"\u00a1Compra tarros de ensalada Kraft desechables! Opta por un paquete de 50 tarros desechables redondos, resistentes y de gran calidad, a precios DESCUENTO.\",\"breadcrumb\":{\"@id\":\"https:\/\/www.csj-emballages.com\/es\/produit\/50-tarros-redondos-kraft-1000-ml\/#breadcrumb\"},\"inLanguage\":\"es\",\"potentialAction\":[{\"@type\":\"ReadAction\",\"target\":[\"https:\/\/www.csj-emballages.com\/es\/produit\/50-tarros-redondos-kraft-1000-ml\/\"]}]},{\"@type\":\"ImageObject\",\"inLanguage\":\"es\",\"@id\":\"https:\/\/www.csj-emballages.com\/es\/produit\/50-tarros-redondos-kraft-1000-ml\/#primaryimage\",\"url\":\"https:\/\/www.csj-emballages.com\/wp-content\/uploads\/2024\/03\/pots-kraft-salade-carton-emporter-grossiste-csj-emballages-zoom-jpg.webp\",\"contentUrl\":\"https:\/\/www.csj-emballages.com\/wp-content\/uploads\/2024\/03\/pots-kraft-salade-carton-emporter-grossiste-csj-emballages-zoom-jpg.webp\",\"width\":800,\"height\":800},{\"@type\":\"BreadcrumbList\",\"@id\":\"https:\/\/www.csj-emballages.com\/es\/produit\/50-tarros-redondos-kraft-1000-ml\/#breadcrumb\",\"itemListElement\":[{\"@type\":\"ListItem\",\"position\":1,\"name\":\"Accueil\",\"item\":\"https:\/\/www.csj-emballages.com\/es\/universo-del-envasado-alimentario\/\"},{\"@type\":\"ListItem\",\"position\":2,\"name\":\"Tienda\",\"item\":\"https:\/\/www.csj-emballages.com\/tienda\/\"},{\"@type\":\"ListItem\",\"position\":3,\"name\":\"50 tarros redondos kraft 1000 ml\"}]},{\"@type\":\"WebSite\",\"@id\":\"https:\/\/www.csj-emballages.com\/es\/#website\",\"url\":\"https:\/\/www.csj-emballages.com\/es\/\",\"name\":\"CSJ Emballages\",\"description\":\"\",\"publisher\":{\"@id\":\"https:\/\/www.csj-emballages.com\/es\/#organization\"},\"potentialAction\":[{\"@type\":\"SearchAction\",\"target\":{\"@type\":\"EntryPoint\",\"urlTemplate\":\"https:\/\/www.csj-emballages.com\/es\/?s={search_term_string}\"},\"query-input\":{\"@type\":\"PropertyValueSpecification\",\"valueRequired\":true,\"valueName\":\"search_term_string\"}}],\"inLanguage\":\"es\"},{\"@type\":\"Organization\",\"@id\":\"https:\/\/www.csj-emballages.com\/es\/#Organization\/\",\"name\":\"CSJ Emballages\",\"url\":\"https:\/\/www.csj-emballages.com\/es\/\",\"logo\":{\"@type\":\"ImageObject\",\"inLanguage\":\"es\",\"@id\":\"https:\/\/www.csj-emballages.com\/es\/#\/schema\/logo\/image\/\",\"url\":\"https:\/\/www.csj-emballages.com\/wp-content\/uploads\/2023\/10\/logo_csj.webp\",\"contentUrl\":\"https:\/\/www.csj-emballages.com\/wp-content\/uploads\/2023\/10\/logo_csj.webp\",\"width\":250,\"height\":95,\"caption\":\"CSJ Emballages\"},\"image\":{\"@id\":\"https:\/\/www.csj-emballages.com\/es\/#\/schema\/logo\/image\/\"},\"sameAs\":[\"https:\/\/www.facebook.com\/csjemballages\"],\"address\":{\"@type\":\"PostalAddress\",\"streetAddress\":\"ZI La Lechere\",\"addressLocality\":\"Patornay\",\"postalCode\":\"39130\",\"addressCountry\":\"FR\"},\"contactPoint\":[{\"@type\":\"ContactPoint\",\"contactType\":\"Service client\",\"telephone\":\"0384254272\",\"email\":\"contact@csj-emballages.com\"}]}]}<\/script>\n<!-- \/ Yoast SEO Premium plugin. -->","yoast_head_json":{"title":"50 Tarros Kraft Desechables Redondos 1000 ml \/ csj-embalajes-com","description":"\u00a1Compra tarros de ensalada Kraft desechables! Opta por un paquete de 50 tarros desechables redondos, resistentes y de gran calidad, a precios DESCUENTO.","robots":{"index":"index","follow":"follow","max-snippet":"max-snippet:-1","max-image-preview":"max-image-preview:large","max-video-preview":"max-video-preview:-1"},"canonical":"https:\/\/www.csj-emballages.com\/es\/produit\/50-tarros-redondos-kraft-1000-ml\/","og_locale":"es_ES","og_type":"article","og_title":"50 tarros redondos kraft 1000 ml","og_description":"\u00a1Compra tarros de ensalada Kraft desechables! Opta por un paquete de 50 tarros desechables redondos, resistentes y de gran calidad, a precios DESCUENTO.","og_url":"https:\/\/www.csj-emballages.com\/es\/produit\/50-tarros-redondos-kraft-1000-ml\/","og_site_name":"CSJ Emballages","article_publisher":"https:\/\/www.facebook.com\/csjemballages","article_modified_time":"2025-02-11T01:16:47+00:00","og_image":[{"width":800,"height":800,"url":"https:\/\/www.csj-emballages.com\/wp-content\/uploads\/2024\/03\/pots-kraft-salade-carton-emporter-grossiste-csj-emballages-zoom-jpg.webp","type":"image\/jpeg"}],"twitter_card":"summary_large_image","twitter_misc":{"Tiempo de lectura":"1 minuto"},"schema":{"@context":"https:\/\/schema.org","@graph":[{"@type":"WebPage","@id":"https:\/\/www.csj-emballages.com\/es\/produit\/50-tarros-redondos-kraft-1000-ml\/","url":"https:\/\/www.csj-emballages.com\/es\/produit\/50-tarros-redondos-kraft-1000-ml\/","name":"50 Tarros Kraft Desechables Redondos 1000 ml \/ csj-embalajes-com","isPartOf":{"@id":"https:\/\/www.csj-emballages.com\/es\/#website"},"primaryImageOfPage":{"@id":"https:\/\/www.csj-emballages.com\/es\/produit\/50-tarros-redondos-kraft-1000-ml\/#primaryimage"},"image":{"@id":"https:\/\/www.csj-emballages.com\/es\/produit\/50-tarros-redondos-kraft-1000-ml\/#primaryimage"},"thumbnailUrl":"https:\/\/www.csj-emballages.com\/wp-content\/uploads\/2024\/03\/pots-kraft-salade-carton-emporter-grossiste-csj-emballages-zoom-jpg.webp","datePublished":"2024-03-01T15:50:29+00:00","dateModified":"2025-02-11T01:16:47+00:00","description":"\u00a1Compra tarros de ensalada Kraft desechables! Opta por un paquete de 50 tarros desechables redondos, resistentes y de gran calidad, a precios DESCUENTO.","breadcrumb":{"@id":"https:\/\/www.csj-emballages.com\/es\/produit\/50-tarros-redondos-kraft-1000-ml\/#breadcrumb"},"inLanguage":"es","potentialAction":[{"@type":"ReadAction","target":["https:\/\/www.csj-emballages.com\/es\/produit\/50-tarros-redondos-kraft-1000-ml\/"]}]},{"@type":"ImageObject","inLanguage":"es","@id":"https:\/\/www.csj-emballages.com\/es\/produit\/50-tarros-redondos-kraft-1000-ml\/#primaryimage","url":"https:\/\/www.csj-emballages.com\/wp-content\/uploads\/2024\/03\/pots-kraft-salade-carton-emporter-grossiste-csj-emballages-zoom-jpg.webp","contentUrl":"https:\/\/www.csj-emballages.com\/wp-content\/uploads\/2024\/03\/pots-kraft-salade-carton-emporter-grossiste-csj-emballages-zoom-jpg.webp","width":800,"height":800},{"@type":"BreadcrumbList","@id":"https:\/\/www.csj-emballages.com\/es\/produit\/50-tarros-redondos-kraft-1000-ml\/#breadcrumb","itemListElement":[{"@type":"ListItem","position":1,"name":"Accueil","item":"https:\/\/www.csj-emballages.com\/es\/universo-del-envasado-alimentario\/"},{"@type":"ListItem","position":2,"name":"Tienda","item":"https:\/\/www.csj-emballages.com\/tienda\/"},{"@type":"ListItem","position":3,"name":"50 tarros redondos kraft 1000 ml"}]},{"@type":"WebSite","@id":"https:\/\/www.csj-emballages.com\/es\/#website","url":"https:\/\/www.csj-emballages.com\/es\/","name":"CSJ Emballages","description":"","publisher":{"@id":"https:\/\/www.csj-emballages.com\/es\/#organization"},"potentialAction":[{"@type":"SearchAction","target":{"@type":"EntryPoint","urlTemplate":"https:\/\/www.csj-emballages.com\/es\/?s={search_term_string}"},"query-input":{"@type":"PropertyValueSpecification","valueRequired":true,"valueName":"search_term_string"}}],"inLanguage":"es"},{"@type":"Organization","@id":"https:\/\/www.csj-emballages.com\/es\/#Organization\/","name":"CSJ Emballages","url":"https:\/\/www.csj-emballages.com\/es\/","logo":{"@type":"ImageObject","inLanguage":"es","@id":"https:\/\/www.csj-emballages.com\/es\/#\/schema\/logo\/image\/","url":"https:\/\/www.csj-emballages.com\/wp-content\/uploads\/2023\/10\/logo_csj.webp","contentUrl":"https:\/\/www.csj-emballages.com\/wp-content\/uploads\/2023\/10\/logo_csj.webp","width":250,"height":95,"caption":"CSJ Emballages"},"image":{"@id":"https:\/\/www.csj-emballages.com\/es\/#\/schema\/logo\/image\/"},"sameAs":["https:\/\/www.facebook.com\/csjemballages"],"address":{"@type":"PostalAddress","streetAddress":"ZI La Lechere","addressLocality":"Patornay","postalCode":"39130","addressCountry":"FR"},"contactPoint":[{"@type":"ContactPoint","contactType":"Service client","telephone":"0384254272","email":"contact@csj-emballages.com"}]}]}},"df_price":8.17,"df_sale_price":"","df_regular_price":8.17,"df_image_link":"https:\/\/www.csj-emballages.com\/wp-content\/uploads\/2024\/03\/pots-kraft-salade-carton-emporter-grossiste-csj-emballages-zoom-300x300.webp","tiered_pricing_type":"fixed","tiered_pricing_fixed_rules":[],"tiered_pricing_percentage_rules":[],"tiered_pricing_minimum":1,"tiered_pricing_roles_data":[],"_links":{"self":[{"href":"https:\/\/www.csj-emballages.com\/es\/wp-json\/wp\/v2\/product\/22629","targetHints":{"allow":["GET"]}}],"collection":[{"href":"https:\/\/www.csj-emballages.com\/es\/wp-json\/wp\/v2\/product"}],"about":[{"href":"https:\/\/www.csj-emballages.com\/es\/wp-json\/wp\/v2\/types\/product"}],"wp:featuredmedia":[{"embeddable":true,"href":"https:\/\/www.csj-emballages.com\/es\/wp-json\/wp\/v2\/media\/8185"}],"wp:attachment":[{"href":"https:\/\/www.csj-emballages.com\/es\/wp-json\/wp\/v2\/media?parent=22629"}],"wp:term":[{"taxonomy":"product_brand","embeddable":true,"href":"https:\/\/www.csj-emballages.com\/es\/wp-json\/wp\/v2\/product_brand?post=22629"},{"taxonomy":"product_cat","embeddable":true,"href":"https:\/\/www.csj-emballages.com\/es\/wp-json\/wp\/v2\/product_cat?post=22629"},{"taxonomy":"product_tag","embeddable":true,"href":"https:\/\/www.csj-emballages.com\/es\/wp-json\/wp\/v2\/product_tag?post=22629"}],"curies":[{"name":"wp","href":"https:\/\/api.w.org\/{rel}","templated":true}]}}