{"id":22627,"date":"2024-03-01T16:50:28","date_gmt":"2024-03-01T15:50:28","guid":{"rendered":"https:\/\/u15jnbdpoq.preview.infomaniak.website\/produit\/45-tarros-redondos-frios-de-plastico-350-ml\/"},"modified":"2026-04-29T02:16:43","modified_gmt":"2026-04-29T00:16:43","slug":"45-tarros-redondos-frios-de-plastico-350-ml","status":"publish","type":"product","link":"https:\/\/www.csj-emballages.com\/es\/produit\/45-tarros-redondos-frios-de-plastico-350-ml\/","title":{"rendered":"Bote redondo de pl\u00e1stico 350 ml por 45"},"content":{"rendered":"<h2>Maceta redonda de pl\u00e1stico<\/h2>\n<hr>\n<h3>Descripci\u00f3n de nuestro tarro de 350 ml por 45 ensaladas<\/h3>\n<p><!--more--><\/p>\n<p data-start=\"251\" data-end=\"695\">Este <strong>tarro redondo de pl\u00e1stico<\/strong> de <strong>350 ml<\/strong> es el tipo de envase que se adapta a todo sin complicar las cosas. Su formato es ideal para ofrecer porciones limpias y bien presentadas, ya sea para <strong>ensaladas<\/strong> de <strong>frutas coloridas<\/strong>, <strong>postres caseros<\/strong>, <strong>salsas<\/strong>, <strong>entrantes fr\u00edos<\/strong> o incluso preparaciones para llevar. Gracias a su <strong>transparencia<\/strong>, el contenido permanece perfectamente visible, lo que realza instant\u00e1neamente los productos.  <\/p>\n<p data-start=\"697\" data-end=\"1095\">Este <strong>bote redondo de pl\u00e1stico <\/strong> es realmente pr\u00e1ctico para el uso diario. Es f\u00e1cil de sujetar, de llenar y de apilar, por lo que ahorra espacio tanto en la cocina como en el trastero. Adem\u00e1s, su estructura de pl\u00e1stico r\u00edgido garantiza que se mantenga en su sitio, incluso cuando la olla est\u00e1 llena. As\u00ed que puede usarla con confianza para llevar o para preparaciones por adelantado.   <\/p>\n<p data-start=\"1097\" data-end=\"1448\">Adem\u00e1s, este formato de <strong>350 ml<\/strong> responde perfectamente a las expectativas de los clientes: ni muy poco, ni excesivo. Permite ofrecer una porci\u00f3n equilibrada, visualmente atractiva y f\u00e1cil de transportar. Tanto si es restaurador, proveedor de catering, snack, bar de ensaladas o profesional de eventos, este recipiente se integra naturalmente en su organizaci\u00f3n.  <\/p>\n<p data-start=\"1450\" data-end=\"1694\">Vendido <strong data-start=\"1456\" data-end=\"1473\">en paquetes de 45<\/strong> unidades, es una soluci\u00f3n pr\u00e1ctica para gestionar sus vol\u00famenes sin un exceso innecesario de existencias. Es una elecci\u00f3n sencilla, eficaz y vers\u00e1til, que le ayudar\u00e1 a ofrecer un servicio fluido y ordenado, al tiempo que mejora el valor de sus preparaciones. <\/p>\n<p>&nbsp;<\/p>\n<p><!--more--><\/p>\n<p><strong><span style=\"color: #ff0000;\">*S\u00f3lo para uso en fr\u00edo<\/span><\/strong><\/p>\n<p>&nbsp;<\/p>\n<p><!--more--><\/p>\n<h4>Ventajas :<\/h4>\n<ul>\n<li data-start=\"1722\" data-end=\"1761\">Formato de <strong>350 ml<\/strong> pr\u00e1ctico y vers\u00e1til.<\/li>\n<li data-start=\"1764\" data-end=\"1818\"><strong>Transparencia<\/strong> ideal para resaltar preparaciones.<\/li>\n<li data-start=\"1821\" data-end=\"1861\">Pl\u00e1stico r\u00edgido para una buena sujeci\u00f3n.<\/li>\n<li data-start=\"1864\" data-end=\"1896\">F\u00e1cil de apilar y almacenar.<\/li>\n<li data-start=\"1899\" data-end=\"1941\">Lote de <strong>45<\/strong> unidades adaptado para uso profesional<\/li>\n<\/ul>\n<p>&nbsp;<\/p>\n<p><!--more--><\/p>\n<h4>Informaci\u00f3n adicional :<\/h4>\n<ul>\n<li><strong>Envase<\/strong>: Paquete de 45<\/li>\n<li><strong>Volumen<\/strong>: 350 ml<\/li>\n<li><strong>Di\u00e1metro superior<\/strong>: \u00d8117 mm<\/li>\n<li><strong>Altura<\/strong>: 57 mm<\/li>\n<li><strong>Material<\/strong>: rPET (tereftalato de polietileno reciclado)<\/li>\n<li><strong>Uso<\/strong>: Fr\u00edo<\/li>\n<li><strong>Temperatura de funcionamiento<\/strong>: -40\u00b0C \/ +60\u00b0C<\/li>\n<\/ul>\n<p>&nbsp;<\/p>\n<p><!--more--><\/p>\n<p><span style=\"color: #d12727;\"><a style=\"color: #d12727;\" href=\"https:\/\/www.csj-emballages.com\/es\/produit\/45-tapas-de-cristal-frio-para-tarros-de-alimentos-crudos\/\">Haz clic aqu\u00ed para ver la tapa dise\u00f1ada para esta olla  <\/a><\/span><\/p>\n<p>&nbsp;<\/p>\n<p><!--more--><\/p>\n<p>Disponible en varios tama\u00f1os: <span style=\"color: #d12727;\"><a style=\"color: #d12727;\" href=\"https:\/\/www.csj-emballages.com\/es\/produit\/45-tarros-redondos-de-plastico-de-250-ml\/\">250 ml<\/a><\/span> \/ <span style=\"color: #d12727;\"><a style=\"color: #d12727;\" href=\"https:\/\/www.csj-emballages.com\/produit\/45-pots-crudites-ronds-froids-jetables-en-plastique-500-ml\/\">500 ml<\/a><\/span> \/ <span style=\"color: #d12727;\"><a style=\"color: #d12727;\" href=\"https:\/\/www.csj-emballages.com\/produit\/50-pots-crudites-ronds-froids-jetables-en-plastique-720-ml\/\">720 ml<\/a><\/span><\/p>\n<p>&nbsp;<\/p>\n<p><!--more--><\/p>\n<p><a href=\"https:\/\/www.csj-emballages.com\/es\/categorie-produit\/envasado-de-alimentos\/catering-es\/ollas-cuencos-portavasos\/macetas-redondas-es\/ollas-redondas-frias\/\">Ver el resto de nuestra gama de tarros redondos para uso en fr\u00edo<\/a><\/p>\n","protected":false},"excerpt":{"rendered":"<p>Maceta redonda de pl\u00e1stico Descripci\u00f3n de nuestro tarro de 350 ml por 45 ensaladas<\/p>\n","protected":false},"featured_media":259204,"template":"","meta":{"_acf_changed":false},"product_brand":[],"product_cat":[1150,1143,1491,1492,2472,1179,1494,2473],"product_tag":[],"class_list":{"0":"post-22627","1":"product","2":"type-product","3":"status-publish","4":"has-post-thumbnail","6":"product_cat-envasado-de-alimentos","7":"product_cat-carniceria-y-charcuteria","8":"product_cat-bandejas-latas-tarros-de-comida","9":"product_cat-macetas-redondas","10":"product_cat-tarros-redondos-para-uso-en-frio","11":"product_cat-catering-es","12":"product_cat-macetas-redondas-es","13":"product_cat-ollas-redondas-frias","15":"first","16":"instock","17":"taxable","18":"shipping-taxable","19":"purchasable","20":"product-type-simple"},"acf":[],"yoast_head":"<!-- This site is optimized with the Yoast SEO Premium plugin v26.6 (Yoast SEO v26.6) - https:\/\/yoast.com\/wordpress\/plugins\/seo\/ -->\n<title>Lote de 45 recipientes redondos de pl\u00e1stico de 350 ml<\/title>\n<meta name=\"description\" content=\"Recipiente redondo de pl\u00e1stico transparente de 350 ml, vendido en lotes de 45. Ideal para postres, ensaladas de frutas y preparaciones fr\u00edas para llevar o para exhibir en vitrinas.\" \/>\n<meta name=\"robots\" content=\"index, follow, max-snippet:-1, max-image-preview:large, max-video-preview:-1\" \/>\n<link rel=\"canonical\" href=\"https:\/\/www.csj-emballages.com\/es\/produit\/45-tarros-redondos-frios-de-plastico-350-ml\/\" \/>\n<meta property=\"og:locale\" content=\"es_ES\" \/>\n<meta property=\"og:type\" content=\"article\" \/>\n<meta property=\"og:title\" content=\"Bote redondo de pl\u00e1stico 350 ml por 45\" \/>\n<meta property=\"og:description\" content=\"Recipiente redondo de pl\u00e1stico transparente de 350 ml, vendido en lotes de 45. Ideal para postres, ensaladas de frutas y preparaciones fr\u00edas para llevar o para exhibir en vitrinas.\" \/>\n<meta property=\"og:url\" content=\"https:\/\/www.csj-emballages.com\/es\/produit\/45-tarros-redondos-frios-de-plastico-350-ml\/\" \/>\n<meta property=\"og:site_name\" content=\"CSJ Emballages\" \/>\n<meta property=\"article:publisher\" content=\"https:\/\/www.facebook.com\/csjemballages\" \/>\n<meta property=\"article:modified_time\" content=\"2026-04-29T00:16:43+00:00\" \/>\n<meta property=\"og:image\" content=\"https:\/\/www.csj-emballages.com\/wp-content\/uploads\/2024\/03\/PO375C.webp\" \/>\n\t<meta property=\"og:image:width\" content=\"800\" \/>\n\t<meta property=\"og:image:height\" content=\"800\" \/>\n\t<meta property=\"og:image:type\" content=\"image\/webp\" \/>\n<meta name=\"twitter:card\" content=\"summary_large_image\" \/>\n<meta name=\"twitter:label1\" content=\"Tiempo de lectura\" \/>\n\t<meta name=\"twitter:data1\" content=\"2 minutos\" \/>\n<script type=\"application\/ld+json\" class=\"yoast-schema-graph\">{\"@context\":\"https:\/\/schema.org\",\"@graph\":[{\"@type\":\"WebPage\",\"@id\":\"https:\/\/www.csj-emballages.com\/es\/produit\/45-tarros-redondos-frios-de-plastico-350-ml\/\",\"url\":\"https:\/\/www.csj-emballages.com\/es\/produit\/45-tarros-redondos-frios-de-plastico-350-ml\/\",\"name\":\"Lote de 45 recipientes redondos de pl\u00e1stico de 350 ml\",\"isPartOf\":{\"@id\":\"https:\/\/www.csj-emballages.com\/es\/#website\"},\"primaryImageOfPage\":{\"@id\":\"https:\/\/www.csj-emballages.com\/es\/produit\/45-tarros-redondos-frios-de-plastico-350-ml\/#primaryimage\"},\"image\":{\"@id\":\"https:\/\/www.csj-emballages.com\/es\/produit\/45-tarros-redondos-frios-de-plastico-350-ml\/#primaryimage\"},\"thumbnailUrl\":\"https:\/\/www.csj-emballages.com\/wp-content\/uploads\/2024\/03\/PO375C.webp\",\"datePublished\":\"2024-03-01T15:50:28+00:00\",\"dateModified\":\"2026-04-29T00:16:43+00:00\",\"description\":\"Recipiente redondo de pl\u00e1stico transparente de 350 ml, vendido en lotes de 45. Ideal para postres, ensaladas de frutas y preparaciones fr\u00edas para llevar o para exhibir en vitrinas.\",\"breadcrumb\":{\"@id\":\"https:\/\/www.csj-emballages.com\/es\/produit\/45-tarros-redondos-frios-de-plastico-350-ml\/#breadcrumb\"},\"inLanguage\":\"es\",\"potentialAction\":[{\"@type\":\"ReadAction\",\"target\":[\"https:\/\/www.csj-emballages.com\/es\/produit\/45-tarros-redondos-frios-de-plastico-350-ml\/\"]}]},{\"@type\":\"ImageObject\",\"inLanguage\":\"es\",\"@id\":\"https:\/\/www.csj-emballages.com\/es\/produit\/45-tarros-redondos-frios-de-plastico-350-ml\/#primaryimage\",\"url\":\"https:\/\/www.csj-emballages.com\/wp-content\/uploads\/2024\/03\/PO375C.webp\",\"contentUrl\":\"https:\/\/www.csj-emballages.com\/wp-content\/uploads\/2024\/03\/PO375C.webp\",\"width\":800,\"height\":800,\"caption\":\"Pot rond plastique\"},{\"@type\":\"BreadcrumbList\",\"@id\":\"https:\/\/www.csj-emballages.com\/es\/produit\/45-tarros-redondos-frios-de-plastico-350-ml\/#breadcrumb\",\"itemListElement\":[{\"@type\":\"ListItem\",\"position\":1,\"name\":\"Accueil\",\"item\":\"https:\/\/www.csj-emballages.com\/es\/universo-del-envasado-alimentario\/\"},{\"@type\":\"ListItem\",\"position\":2,\"name\":\"Tienda\",\"item\":\"https:\/\/www.csj-emballages.com\/tienda\/\"},{\"@type\":\"ListItem\",\"position\":3,\"name\":\"Bote redondo de pl\u00e1stico 350 ml por 45\"}]},{\"@type\":\"WebSite\",\"@id\":\"https:\/\/www.csj-emballages.com\/es\/#website\",\"url\":\"https:\/\/www.csj-emballages.com\/es\/\",\"name\":\"CSJ Emballages\",\"description\":\"\",\"publisher\":{\"@id\":\"https:\/\/www.csj-emballages.com\/es\/#organization\"},\"potentialAction\":[{\"@type\":\"SearchAction\",\"target\":{\"@type\":\"EntryPoint\",\"urlTemplate\":\"https:\/\/www.csj-emballages.com\/es\/?s={search_term_string}\"},\"query-input\":{\"@type\":\"PropertyValueSpecification\",\"valueRequired\":true,\"valueName\":\"search_term_string\"}}],\"inLanguage\":\"es\"},{\"@type\":\"Organization\",\"@id\":\"https:\/\/www.csj-emballages.com\/es\/#Organization\/\",\"name\":\"CSJ Emballages\",\"url\":\"https:\/\/www.csj-emballages.com\/es\/\",\"logo\":{\"@type\":\"ImageObject\",\"inLanguage\":\"es\",\"@id\":\"https:\/\/www.csj-emballages.com\/es\/#\/schema\/logo\/image\/\",\"url\":\"https:\/\/www.csj-emballages.com\/wp-content\/uploads\/2023\/10\/logo_csj.webp\",\"contentUrl\":\"https:\/\/www.csj-emballages.com\/wp-content\/uploads\/2023\/10\/logo_csj.webp\",\"width\":250,\"height\":95,\"caption\":\"CSJ Emballages\"},\"image\":{\"@id\":\"https:\/\/www.csj-emballages.com\/es\/#\/schema\/logo\/image\/\"},\"sameAs\":[\"https:\/\/www.facebook.com\/csjemballages\"],\"address\":{\"@type\":\"PostalAddress\",\"streetAddress\":\"ZI La Lechere\",\"addressLocality\":\"Patornay\",\"postalCode\":\"39130\",\"addressCountry\":\"FR\"},\"contactPoint\":[{\"@type\":\"ContactPoint\",\"contactType\":\"Service client\",\"telephone\":\"0384254272\",\"email\":\"contact@csj-emballages.com\"}]}]}<\/script>\n<!-- \/ Yoast SEO Premium plugin. -->","yoast_head_json":{"title":"Lote de 45 recipientes redondos de pl\u00e1stico de 350 ml","description":"Recipiente redondo de pl\u00e1stico transparente de 350 ml, vendido en lotes de 45. Ideal para postres, ensaladas de frutas y preparaciones fr\u00edas para llevar o para exhibir en vitrinas.","robots":{"index":"index","follow":"follow","max-snippet":"max-snippet:-1","max-image-preview":"max-image-preview:large","max-video-preview":"max-video-preview:-1"},"canonical":"https:\/\/www.csj-emballages.com\/es\/produit\/45-tarros-redondos-frios-de-plastico-350-ml\/","og_locale":"es_ES","og_type":"article","og_title":"Bote redondo de pl\u00e1stico 350 ml por 45","og_description":"Recipiente redondo de pl\u00e1stico transparente de 350 ml, vendido en lotes de 45. Ideal para postres, ensaladas de frutas y preparaciones fr\u00edas para llevar o para exhibir en vitrinas.","og_url":"https:\/\/www.csj-emballages.com\/es\/produit\/45-tarros-redondos-frios-de-plastico-350-ml\/","og_site_name":"CSJ Emballages","article_publisher":"https:\/\/www.facebook.com\/csjemballages","article_modified_time":"2026-04-29T00:16:43+00:00","og_image":[{"width":800,"height":800,"url":"https:\/\/www.csj-emballages.com\/wp-content\/uploads\/2024\/03\/PO375C.webp","type":"image\/webp"}],"twitter_card":"summary_large_image","twitter_misc":{"Tiempo de lectura":"2 minutos"},"schema":{"@context":"https:\/\/schema.org","@graph":[{"@type":"WebPage","@id":"https:\/\/www.csj-emballages.com\/es\/produit\/45-tarros-redondos-frios-de-plastico-350-ml\/","url":"https:\/\/www.csj-emballages.com\/es\/produit\/45-tarros-redondos-frios-de-plastico-350-ml\/","name":"Lote de 45 recipientes redondos de pl\u00e1stico de 350 ml","isPartOf":{"@id":"https:\/\/www.csj-emballages.com\/es\/#website"},"primaryImageOfPage":{"@id":"https:\/\/www.csj-emballages.com\/es\/produit\/45-tarros-redondos-frios-de-plastico-350-ml\/#primaryimage"},"image":{"@id":"https:\/\/www.csj-emballages.com\/es\/produit\/45-tarros-redondos-frios-de-plastico-350-ml\/#primaryimage"},"thumbnailUrl":"https:\/\/www.csj-emballages.com\/wp-content\/uploads\/2024\/03\/PO375C.webp","datePublished":"2024-03-01T15:50:28+00:00","dateModified":"2026-04-29T00:16:43+00:00","description":"Recipiente redondo de pl\u00e1stico transparente de 350 ml, vendido en lotes de 45. Ideal para postres, ensaladas de frutas y preparaciones fr\u00edas para llevar o para exhibir en vitrinas.","breadcrumb":{"@id":"https:\/\/www.csj-emballages.com\/es\/produit\/45-tarros-redondos-frios-de-plastico-350-ml\/#breadcrumb"},"inLanguage":"es","potentialAction":[{"@type":"ReadAction","target":["https:\/\/www.csj-emballages.com\/es\/produit\/45-tarros-redondos-frios-de-plastico-350-ml\/"]}]},{"@type":"ImageObject","inLanguage":"es","@id":"https:\/\/www.csj-emballages.com\/es\/produit\/45-tarros-redondos-frios-de-plastico-350-ml\/#primaryimage","url":"https:\/\/www.csj-emballages.com\/wp-content\/uploads\/2024\/03\/PO375C.webp","contentUrl":"https:\/\/www.csj-emballages.com\/wp-content\/uploads\/2024\/03\/PO375C.webp","width":800,"height":800,"caption":"Pot rond plastique"},{"@type":"BreadcrumbList","@id":"https:\/\/www.csj-emballages.com\/es\/produit\/45-tarros-redondos-frios-de-plastico-350-ml\/#breadcrumb","itemListElement":[{"@type":"ListItem","position":1,"name":"Accueil","item":"https:\/\/www.csj-emballages.com\/es\/universo-del-envasado-alimentario\/"},{"@type":"ListItem","position":2,"name":"Tienda","item":"https:\/\/www.csj-emballages.com\/tienda\/"},{"@type":"ListItem","position":3,"name":"Bote redondo de pl\u00e1stico 350 ml por 45"}]},{"@type":"WebSite","@id":"https:\/\/www.csj-emballages.com\/es\/#website","url":"https:\/\/www.csj-emballages.com\/es\/","name":"CSJ Emballages","description":"","publisher":{"@id":"https:\/\/www.csj-emballages.com\/es\/#organization"},"potentialAction":[{"@type":"SearchAction","target":{"@type":"EntryPoint","urlTemplate":"https:\/\/www.csj-emballages.com\/es\/?s={search_term_string}"},"query-input":{"@type":"PropertyValueSpecification","valueRequired":true,"valueName":"search_term_string"}}],"inLanguage":"es"},{"@type":"Organization","@id":"https:\/\/www.csj-emballages.com\/es\/#Organization\/","name":"CSJ Emballages","url":"https:\/\/www.csj-emballages.com\/es\/","logo":{"@type":"ImageObject","inLanguage":"es","@id":"https:\/\/www.csj-emballages.com\/es\/#\/schema\/logo\/image\/","url":"https:\/\/www.csj-emballages.com\/wp-content\/uploads\/2023\/10\/logo_csj.webp","contentUrl":"https:\/\/www.csj-emballages.com\/wp-content\/uploads\/2023\/10\/logo_csj.webp","width":250,"height":95,"caption":"CSJ Emballages"},"image":{"@id":"https:\/\/www.csj-emballages.com\/es\/#\/schema\/logo\/image\/"},"sameAs":["https:\/\/www.facebook.com\/csjemballages"],"address":{"@type":"PostalAddress","streetAddress":"ZI La Lechere","addressLocality":"Patornay","postalCode":"39130","addressCountry":"FR"},"contactPoint":[{"@type":"ContactPoint","contactType":"Service client","telephone":"0384254272","email":"contact@csj-emballages.com"}]}]}},"df_price":5.28,"df_sale_price":"","df_regular_price":5.28,"df_image_link":"https:\/\/www.csj-emballages.com\/wp-content\/uploads\/2024\/03\/PO375C-300x300.webp","tiered_pricing_type":"fixed","tiered_pricing_fixed_rules":[],"tiered_pricing_percentage_rules":[],"tiered_pricing_minimum":1,"tiered_pricing_roles_data":[],"_links":{"self":[{"href":"https:\/\/www.csj-emballages.com\/es\/wp-json\/wp\/v2\/product\/22627","targetHints":{"allow":["GET"]}}],"collection":[{"href":"https:\/\/www.csj-emballages.com\/es\/wp-json\/wp\/v2\/product"}],"about":[{"href":"https:\/\/www.csj-emballages.com\/es\/wp-json\/wp\/v2\/types\/product"}],"wp:featuredmedia":[{"embeddable":true,"href":"https:\/\/www.csj-emballages.com\/es\/wp-json\/wp\/v2\/media\/259204"}],"wp:attachment":[{"href":"https:\/\/www.csj-emballages.com\/es\/wp-json\/wp\/v2\/media?parent=22627"}],"wp:term":[{"taxonomy":"product_brand","embeddable":true,"href":"https:\/\/www.csj-emballages.com\/es\/wp-json\/wp\/v2\/product_brand?post=22627"},{"taxonomy":"product_cat","embeddable":true,"href":"https:\/\/www.csj-emballages.com\/es\/wp-json\/wp\/v2\/product_cat?post=22627"},{"taxonomy":"product_tag","embeddable":true,"href":"https:\/\/www.csj-emballages.com\/es\/wp-json\/wp\/v2\/product_tag?post=22627"}],"curies":[{"name":"wp","href":"https:\/\/api.w.org\/{rel}","templated":true}]}}