{"id":226152,"date":"2024-12-14T02:18:24","date_gmt":"2024-12-14T01:18:24","guid":{"rendered":"https:\/\/www.csj-emballages.com\/produit\/caja-ventana-de-carton-20-x-12-x-4-cm-paquete-de-50\/"},"modified":"2026-04-01T17:47:05","modified_gmt":"2026-04-01T15:47:05","slug":"caja-ventana-de-carton-20-x-12-x-4-cm-paquete-de-50","status":"publish","type":"product","link":"https:\/\/www.csj-emballages.com\/es\/produit\/caja-ventana-de-carton-20-x-12-x-4-cm-paquete-de-50\/","title":{"rendered":"Caja ventana de cart\u00f3n 20 x 12 x 4 cm, paquete de 50"},"content":{"rendered":"<h2>Jardinera<\/h2>\n<hr>\n<h3>Descripci\u00f3n de nuestra caja de cart\u00f3n con ventana 20 x 12 x 4 cm, paquete de 50<!--more--><\/h3>\n<div class=\"flex max-w-full flex-col flex-grow\">\n<div class=\"min-h-8 text-message flex w-full flex-col items-end gap-2 whitespace-normal break-words text-start [.text-message+&amp;]:mt-5\" dir=\"auto\" data-message-author-role=\"assistant\" data-message-id=\"266ca6f3-5e07-4948-bd20-80ac5e6da4a5\" data-message-model-slug=\"gpt-4o\">\n<div class=\"flex w-full flex-col gap-1 empty:hidden first:pt-[3px]\">\n<div class=\"markdown prose w-full break-words dark:prose-invert dark\">\n<p data-start=\"106\" data-end=\"516\">Descubra nuestra <strong data-start=\"122\" data-end=\"169\">caja con ventana de 20 x 12 x 4 cm (50 unidades)<\/strong>, un envase pr\u00e1ctico, atractivo y respetuoso con sus alimentos. Fabricada en <strong data-start=\"261\" data-end=\"278\">cart\u00f3n r\u00edgido<\/strong>, ofrece una excelente resistencia sin dejar de ser ligera y f\u00e1cil de manejar. Su <strong data-start=\"366\" data-end=\"390\">ventana transparente<\/strong> muestra sus creaciones sin necesidad de abrir la caja: una verdadera ventaja para conquistar a sus clientes a primera vista.  <\/p>\n<p data-start=\"518\" data-end=\"827\">Esta <strong data-start=\"122\" data-end=\"169\">caja<\/strong> es ideal para envasar <strong data-start=\"563\" data-end=\"612\">pasteler\u00eda o <\/strong>aperitivos<strong data-start=\"563\" data-end=\"612\"> salados<\/strong>. Gracias a su tama\u00f1o compacto, se adapta perfectamente a las necesidades de panaderos, pasteleros, hosteleros y restauradores que buscan un envase de calidad. <\/p>\n<p data-start=\"829\" data-end=\"1107\">Vendida en paquetes de <strong>50 unidades<\/strong>, esta soluci\u00f3n le permite disponer de existencias suficientes para sus ventas diarias o sus eventos (festivales, mercados, ferias). El montaje es r\u00e1pido e intuitivo, lo que le ahorrar\u00e1 tiempo a la hora de preparar los pedidos. <\/p>\n<p data-start=\"1109\" data-end=\"1468\">Adem\u00e1s de su practicidad, esta <strong data-start=\"122\" data-end=\"169\">caja de<\/strong><strong data-start=\"1147\" data-end=\"1166\"> cart\u00f3n<\/strong> transmite una imagen profesional y pulida. La <strong>ventana<\/strong> a\u00f1ade un toque elegante y permite a los consumidores ver inmediatamente lo fresco y delicioso que es el contenido. Adem\u00e1s, el <strong>cart\u00f3n<\/strong> es un material respetuoso con el medio ambiente, lo que contribuye a un consumo m\u00e1s responsable.  <\/p>\n<p data-start=\"1470\" data-end=\"1659\">Ya sea artesano o profesional de la restauraci\u00f3n, esta <strong data-start=\"1536\" data-end=\"1565\">jardinera<\/strong> es un aliado imprescindible para proteger, transportar y promocionar sus productos gourmet.<\/p>\n<p data-start=\"1470\" data-end=\"1659\">\n<\/div>\n<\/div>\n<\/div>\n<\/div>\n<p><!--more--><\/p>\n<h4>Ventajas :<\/h4>\n<ul>\n<li><strong data-start=\"1650\" data-end=\"1674\">Ventana transparente<\/strong> para mostrar sus productos.<\/li>\n<li><strong>Envases<\/strong> alimentarios s\u00f3lidos y reciclables.<\/li>\n<li>Pr\u00e1ctico formato para galletas, bombones y otros dulces.<\/li>\n<li>Dise\u00f1o sencillo y elegante, f\u00e1cil de personalizar.<\/li>\n<li>En paquetes de 50 unidades.<\/li>\n<\/ul>\n<p>&nbsp;<\/p>\n<p><!--more--><\/p>\n<h4>Informaci\u00f3n adicional :<\/h4>\n<ul>\n<li><strong>Envase<\/strong>: Paquete de 50<\/li>\n<li><strong>Dimensiones<\/strong>: 20 x 12 x 4 cm (largo x ancho x alto)<\/li>\n<li><strong>Material<\/strong>: Cart\u00f3n \/ PET<\/li>\n<li><strong>Color<\/strong>: Kraft<\/li>\n<\/ul>\n<p>&nbsp;<\/p>\n<p><!--more--><\/p>\n<p>Producto disponible en varios tama\u00f1os: <span style=\"color: #d12727;\"><a style=\"color: #d12727;\" href=\"https:\/\/www.csj-emballages.com\/es\/produit\/caja-con-ventana-de-10-x-10-x-4-cm-por-50\/\">10 x 10 x 4 cm<\/a> <span style=\"color: #000000;\">\/<\/span> <a style=\"color: #d12727;\" href=\"https:\/\/www.csj-emballages.com\/es\/produit\/caja-con-ventana-15-x-9-x-45-cm-por-50\/\">15 x 9 x 4,5 cm<\/a> <span style=\"color: #000000;\">\/<\/span> <a style=\"color: #d12727;\" href=\"https:\/\/www.csj-emballages.com\/es\/produit\/caja-con-ventana-14-x-14-x-6-cm-paquete-de-50\/\">14 x 14 x 6 cm<\/a> <span style=\"color: #000000;\">\/<\/span> <a style=\"color: #d12727;\" href=\"https:\/\/www.csj-emballages.com\/es\/produit\/50-jardineras-de-carton-de-20-x-6-cm\/\">20 x 20 x 4 cm<\/a> <span style=\"color: #000000;\">\/<\/span> <a style=\"color: #d12727;\" href=\"https:\/\/www.csj-emballages.com\/es\/produit\/caja-de-carton-con-ventana-24-x-24-x-4-cm-por-50\/\">24 x 24 x 4 cm<\/a><\/span><\/p>\n<p>&nbsp;<\/p>\n<p><!--more--><\/p>\n<p><a href=\"https:\/\/www.csj-emballages.com\/es\/categorie-produit\/envasado-de-alimentos\/panaderia-y-pasteleria\/cajas-y-estuches\/jardineras\/\">Ver el resto de nuestra gama de jardineras<\/a><\/p>\n","protected":false},"excerpt":{"rendered":"<p>Jardinera Descripci\u00f3n de nuestra caja de cart\u00f3n con ventana 20 x 12 x 4 cm, paquete de 50<\/p>\n","protected":false},"featured_media":221540,"template":"","meta":{"_acf_changed":false},"product_brand":[],"product_cat":[1150,1145,3868,1147,1259,3839],"product_tag":[],"class_list":{"0":"post-226152","1":"product","2":"type-product","3":"status-publish","4":"has-post-thumbnail","6":"product_cat-envasado-de-alimentos","7":"product_cat-panaderia-y-pasteleria","8":"product_cat-cajas-y-estuches","9":"product_cat-jardineras","10":"product_cat-cajas-para-pasteles","11":"product_cat-reposteros-de-ventana","13":"first","14":"instock","15":"taxable","16":"shipping-taxable","17":"purchasable","18":"product-type-simple"},"acf":[],"yoast_head":"<!-- This site is optimized with the Yoast SEO Premium plugin v26.6 (Yoast SEO v26.6) - https:\/\/yoast.com\/wordpress\/plugins\/seo\/ -->\n<title>Jardinera 20 x 12 x 4 cm por 50<\/title>\n<meta name=\"description\" content=\"Cart\u00f3n con ventana de 20 x 12 x 4 cm - Ideal para boller\u00eda, aperitivos y porciones individuales. Resistente, reciclable y perfecta para el transporte.\" \/>\n<meta name=\"robots\" content=\"index, follow, max-snippet:-1, max-image-preview:large, max-video-preview:-1\" \/>\n<link rel=\"canonical\" href=\"https:\/\/www.csj-emballages.com\/es\/produit\/caja-ventana-de-carton-20-x-12-x-4-cm-paquete-de-50\/\" \/>\n<meta property=\"og:locale\" content=\"es_ES\" \/>\n<meta property=\"og:type\" content=\"article\" \/>\n<meta property=\"og:title\" content=\"Caja ventana de cart\u00f3n 20 x 12 x 4 cm, paquete de 50\" \/>\n<meta property=\"og:description\" content=\"Cart\u00f3n con ventana de 20 x 12 x 4 cm - Ideal para boller\u00eda, aperitivos y porciones individuales. Resistente, reciclable y perfecta para el transporte.\" \/>\n<meta property=\"og:url\" content=\"https:\/\/www.csj-emballages.com\/es\/produit\/caja-ventana-de-carton-20-x-12-x-4-cm-paquete-de-50\/\" \/>\n<meta property=\"og:site_name\" content=\"CSJ Emballages\" \/>\n<meta property=\"article:publisher\" content=\"https:\/\/www.facebook.com\/csjemballages\" \/>\n<meta property=\"article:modified_time\" content=\"2026-04-01T15:47:05+00:00\" \/>\n<meta property=\"og:image\" content=\"https:\/\/www.csj-emballages.com\/wp-content\/uploads\/2024\/12\/BTPF2012.webp\" \/>\n\t<meta property=\"og:image:width\" content=\"800\" \/>\n\t<meta property=\"og:image:height\" content=\"800\" \/>\n\t<meta property=\"og:image:type\" content=\"image\/webp\" \/>\n<meta name=\"twitter:card\" content=\"summary_large_image\" \/>\n<meta name=\"twitter:label1\" content=\"Tiempo de lectura\" \/>\n\t<meta name=\"twitter:data1\" content=\"2 minutos\" \/>\n<script type=\"application\/ld+json\" class=\"yoast-schema-graph\">{\"@context\":\"https:\/\/schema.org\",\"@graph\":[{\"@type\":\"WebPage\",\"@id\":\"https:\/\/www.csj-emballages.com\/es\/produit\/caja-ventana-de-carton-20-x-12-x-4-cm-paquete-de-50\/\",\"url\":\"https:\/\/www.csj-emballages.com\/es\/produit\/caja-ventana-de-carton-20-x-12-x-4-cm-paquete-de-50\/\",\"name\":\"Jardinera 20 x 12 x 4 cm por 50\",\"isPartOf\":{\"@id\":\"https:\/\/www.csj-emballages.com\/es\/#website\"},\"primaryImageOfPage\":{\"@id\":\"https:\/\/www.csj-emballages.com\/es\/produit\/caja-ventana-de-carton-20-x-12-x-4-cm-paquete-de-50\/#primaryimage\"},\"image\":{\"@id\":\"https:\/\/www.csj-emballages.com\/es\/produit\/caja-ventana-de-carton-20-x-12-x-4-cm-paquete-de-50\/#primaryimage\"},\"thumbnailUrl\":\"https:\/\/www.csj-emballages.com\/wp-content\/uploads\/2024\/12\/BTPF2012.webp\",\"datePublished\":\"2024-12-14T01:18:24+00:00\",\"dateModified\":\"2026-04-01T15:47:05+00:00\",\"description\":\"Cart\u00f3n con ventana de 20 x 12 x 4 cm - Ideal para boller\u00eda, aperitivos y porciones individuales. Resistente, reciclable y perfecta para el transporte.\",\"breadcrumb\":{\"@id\":\"https:\/\/www.csj-emballages.com\/es\/produit\/caja-ventana-de-carton-20-x-12-x-4-cm-paquete-de-50\/#breadcrumb\"},\"inLanguage\":\"es\",\"potentialAction\":[{\"@type\":\"ReadAction\",\"target\":[\"https:\/\/www.csj-emballages.com\/es\/produit\/caja-ventana-de-carton-20-x-12-x-4-cm-paquete-de-50\/\"]}]},{\"@type\":\"ImageObject\",\"inLanguage\":\"es\",\"@id\":\"https:\/\/www.csj-emballages.com\/es\/produit\/caja-ventana-de-carton-20-x-12-x-4-cm-paquete-de-50\/#primaryimage\",\"url\":\"https:\/\/www.csj-emballages.com\/wp-content\/uploads\/2024\/12\/BTPF2012.webp\",\"contentUrl\":\"https:\/\/www.csj-emballages.com\/wp-content\/uploads\/2024\/12\/BTPF2012.webp\",\"width\":800,\"height\":800,\"caption\":\"Boite carton fen\u00eatre\"},{\"@type\":\"BreadcrumbList\",\"@id\":\"https:\/\/www.csj-emballages.com\/es\/produit\/caja-ventana-de-carton-20-x-12-x-4-cm-paquete-de-50\/#breadcrumb\",\"itemListElement\":[{\"@type\":\"ListItem\",\"position\":1,\"name\":\"Accueil\",\"item\":\"https:\/\/www.csj-emballages.com\/es\/universo-del-envasado-alimentario\/\"},{\"@type\":\"ListItem\",\"position\":2,\"name\":\"Tienda\",\"item\":\"https:\/\/www.csj-emballages.com\/tienda\/\"},{\"@type\":\"ListItem\",\"position\":3,\"name\":\"Caja ventana de cart\u00f3n 20 x 12 x 4 cm, paquete de 50\"}]},{\"@type\":\"WebSite\",\"@id\":\"https:\/\/www.csj-emballages.com\/es\/#website\",\"url\":\"https:\/\/www.csj-emballages.com\/es\/\",\"name\":\"CSJ Emballages\",\"description\":\"\",\"publisher\":{\"@id\":\"https:\/\/www.csj-emballages.com\/es\/#organization\"},\"potentialAction\":[{\"@type\":\"SearchAction\",\"target\":{\"@type\":\"EntryPoint\",\"urlTemplate\":\"https:\/\/www.csj-emballages.com\/es\/?s={search_term_string}\"},\"query-input\":{\"@type\":\"PropertyValueSpecification\",\"valueRequired\":true,\"valueName\":\"search_term_string\"}}],\"inLanguage\":\"es\"},{\"@type\":\"Organization\",\"@id\":\"https:\/\/www.csj-emballages.com\/es\/#Organization\/\",\"name\":\"CSJ Emballages\",\"url\":\"https:\/\/www.csj-emballages.com\/es\/\",\"logo\":{\"@type\":\"ImageObject\",\"inLanguage\":\"es\",\"@id\":\"https:\/\/www.csj-emballages.com\/es\/#\/schema\/logo\/image\/\",\"url\":\"https:\/\/www.csj-emballages.com\/wp-content\/uploads\/2023\/10\/logo_csj.webp\",\"contentUrl\":\"https:\/\/www.csj-emballages.com\/wp-content\/uploads\/2023\/10\/logo_csj.webp\",\"width\":250,\"height\":95,\"caption\":\"CSJ Emballages\"},\"image\":{\"@id\":\"https:\/\/www.csj-emballages.com\/es\/#\/schema\/logo\/image\/\"},\"sameAs\":[\"https:\/\/www.facebook.com\/csjemballages\"],\"address\":{\"@type\":\"PostalAddress\",\"streetAddress\":\"ZI La Lechere\",\"addressLocality\":\"Patornay\",\"postalCode\":\"39130\",\"addressCountry\":\"FR\"},\"contactPoint\":[{\"@type\":\"ContactPoint\",\"contactType\":\"Service client\",\"telephone\":\"0384254272\",\"email\":\"contact@csj-emballages.com\"}]}]}<\/script>\n<!-- \/ Yoast SEO Premium plugin. -->","yoast_head_json":{"title":"Jardinera 20 x 12 x 4 cm por 50","description":"Cart\u00f3n con ventana de 20 x 12 x 4 cm - Ideal para boller\u00eda, aperitivos y porciones individuales. Resistente, reciclable y perfecta para el transporte.","robots":{"index":"index","follow":"follow","max-snippet":"max-snippet:-1","max-image-preview":"max-image-preview:large","max-video-preview":"max-video-preview:-1"},"canonical":"https:\/\/www.csj-emballages.com\/es\/produit\/caja-ventana-de-carton-20-x-12-x-4-cm-paquete-de-50\/","og_locale":"es_ES","og_type":"article","og_title":"Caja ventana de cart\u00f3n 20 x 12 x 4 cm, paquete de 50","og_description":"Cart\u00f3n con ventana de 20 x 12 x 4 cm - Ideal para boller\u00eda, aperitivos y porciones individuales. Resistente, reciclable y perfecta para el transporte.","og_url":"https:\/\/www.csj-emballages.com\/es\/produit\/caja-ventana-de-carton-20-x-12-x-4-cm-paquete-de-50\/","og_site_name":"CSJ Emballages","article_publisher":"https:\/\/www.facebook.com\/csjemballages","article_modified_time":"2026-04-01T15:47:05+00:00","og_image":[{"width":800,"height":800,"url":"https:\/\/www.csj-emballages.com\/wp-content\/uploads\/2024\/12\/BTPF2012.webp","type":"image\/webp"}],"twitter_card":"summary_large_image","twitter_misc":{"Tiempo de lectura":"2 minutos"},"schema":{"@context":"https:\/\/schema.org","@graph":[{"@type":"WebPage","@id":"https:\/\/www.csj-emballages.com\/es\/produit\/caja-ventana-de-carton-20-x-12-x-4-cm-paquete-de-50\/","url":"https:\/\/www.csj-emballages.com\/es\/produit\/caja-ventana-de-carton-20-x-12-x-4-cm-paquete-de-50\/","name":"Jardinera 20 x 12 x 4 cm por 50","isPartOf":{"@id":"https:\/\/www.csj-emballages.com\/es\/#website"},"primaryImageOfPage":{"@id":"https:\/\/www.csj-emballages.com\/es\/produit\/caja-ventana-de-carton-20-x-12-x-4-cm-paquete-de-50\/#primaryimage"},"image":{"@id":"https:\/\/www.csj-emballages.com\/es\/produit\/caja-ventana-de-carton-20-x-12-x-4-cm-paquete-de-50\/#primaryimage"},"thumbnailUrl":"https:\/\/www.csj-emballages.com\/wp-content\/uploads\/2024\/12\/BTPF2012.webp","datePublished":"2024-12-14T01:18:24+00:00","dateModified":"2026-04-01T15:47:05+00:00","description":"Cart\u00f3n con ventana de 20 x 12 x 4 cm - Ideal para boller\u00eda, aperitivos y porciones individuales. Resistente, reciclable y perfecta para el transporte.","breadcrumb":{"@id":"https:\/\/www.csj-emballages.com\/es\/produit\/caja-ventana-de-carton-20-x-12-x-4-cm-paquete-de-50\/#breadcrumb"},"inLanguage":"es","potentialAction":[{"@type":"ReadAction","target":["https:\/\/www.csj-emballages.com\/es\/produit\/caja-ventana-de-carton-20-x-12-x-4-cm-paquete-de-50\/"]}]},{"@type":"ImageObject","inLanguage":"es","@id":"https:\/\/www.csj-emballages.com\/es\/produit\/caja-ventana-de-carton-20-x-12-x-4-cm-paquete-de-50\/#primaryimage","url":"https:\/\/www.csj-emballages.com\/wp-content\/uploads\/2024\/12\/BTPF2012.webp","contentUrl":"https:\/\/www.csj-emballages.com\/wp-content\/uploads\/2024\/12\/BTPF2012.webp","width":800,"height":800,"caption":"Boite carton fen\u00eatre"},{"@type":"BreadcrumbList","@id":"https:\/\/www.csj-emballages.com\/es\/produit\/caja-ventana-de-carton-20-x-12-x-4-cm-paquete-de-50\/#breadcrumb","itemListElement":[{"@type":"ListItem","position":1,"name":"Accueil","item":"https:\/\/www.csj-emballages.com\/es\/universo-del-envasado-alimentario\/"},{"@type":"ListItem","position":2,"name":"Tienda","item":"https:\/\/www.csj-emballages.com\/tienda\/"},{"@type":"ListItem","position":3,"name":"Caja ventana de cart\u00f3n 20 x 12 x 4 cm, paquete de 50"}]},{"@type":"WebSite","@id":"https:\/\/www.csj-emballages.com\/es\/#website","url":"https:\/\/www.csj-emballages.com\/es\/","name":"CSJ Emballages","description":"","publisher":{"@id":"https:\/\/www.csj-emballages.com\/es\/#organization"},"potentialAction":[{"@type":"SearchAction","target":{"@type":"EntryPoint","urlTemplate":"https:\/\/www.csj-emballages.com\/es\/?s={search_term_string}"},"query-input":{"@type":"PropertyValueSpecification","valueRequired":true,"valueName":"search_term_string"}}],"inLanguage":"es"},{"@type":"Organization","@id":"https:\/\/www.csj-emballages.com\/es\/#Organization\/","name":"CSJ Emballages","url":"https:\/\/www.csj-emballages.com\/es\/","logo":{"@type":"ImageObject","inLanguage":"es","@id":"https:\/\/www.csj-emballages.com\/es\/#\/schema\/logo\/image\/","url":"https:\/\/www.csj-emballages.com\/wp-content\/uploads\/2023\/10\/logo_csj.webp","contentUrl":"https:\/\/www.csj-emballages.com\/wp-content\/uploads\/2023\/10\/logo_csj.webp","width":250,"height":95,"caption":"CSJ Emballages"},"image":{"@id":"https:\/\/www.csj-emballages.com\/es\/#\/schema\/logo\/image\/"},"sameAs":["https:\/\/www.facebook.com\/csjemballages"],"address":{"@type":"PostalAddress","streetAddress":"ZI La Lechere","addressLocality":"Patornay","postalCode":"39130","addressCountry":"FR"},"contactPoint":[{"@type":"ContactPoint","contactType":"Service client","telephone":"0384254272","email":"contact@csj-emballages.com"}]}]}},"df_price":18.65,"df_sale_price":"","df_regular_price":18.65,"df_image_link":"https:\/\/www.csj-emballages.com\/wp-content\/uploads\/2024\/12\/BTPF2012-300x300.webp","tiered_pricing_type":"fixed","tiered_pricing_fixed_rules":[],"tiered_pricing_percentage_rules":[],"tiered_pricing_minimum":1,"tiered_pricing_roles_data":[],"_links":{"self":[{"href":"https:\/\/www.csj-emballages.com\/es\/wp-json\/wp\/v2\/product\/226152","targetHints":{"allow":["GET"]}}],"collection":[{"href":"https:\/\/www.csj-emballages.com\/es\/wp-json\/wp\/v2\/product"}],"about":[{"href":"https:\/\/www.csj-emballages.com\/es\/wp-json\/wp\/v2\/types\/product"}],"wp:featuredmedia":[{"embeddable":true,"href":"https:\/\/www.csj-emballages.com\/es\/wp-json\/wp\/v2\/media\/221540"}],"wp:attachment":[{"href":"https:\/\/www.csj-emballages.com\/es\/wp-json\/wp\/v2\/media?parent=226152"}],"wp:term":[{"taxonomy":"product_brand","embeddable":true,"href":"https:\/\/www.csj-emballages.com\/es\/wp-json\/wp\/v2\/product_brand?post=226152"},{"taxonomy":"product_cat","embeddable":true,"href":"https:\/\/www.csj-emballages.com\/es\/wp-json\/wp\/v2\/product_cat?post=226152"},{"taxonomy":"product_tag","embeddable":true,"href":"https:\/\/www.csj-emballages.com\/es\/wp-json\/wp\/v2\/product_tag?post=226152"}],"curies":[{"name":"wp","href":"https:\/\/api.w.org\/{rel}","templated":true}]}}