{"id":226142,"date":"2024-12-06T02:18:18","date_gmt":"2024-12-06T01:18:18","guid":{"rendered":"https:\/\/www.csj-emballages.com\/produit\/caja-de-pasteleria-royal-20-x-8-cm-por-50\/"},"modified":"2026-04-28T02:12:50","modified_gmt":"2026-04-28T00:12:50","slug":"caja-de-pasteleria-royal-20-x-8-cm-por-50","status":"publish","type":"product","link":"https:\/\/www.csj-emballages.com\/es\/produit\/caja-de-pasteleria-royal-20-x-8-cm-por-50\/","title":{"rendered":"Caja de pasteler\u00eda \u00abRoyal\u00bb 20 x 8 cm por 50"},"content":{"rendered":"<h2>Caja para tartas<\/h2>\n<hr>\n<h3><span style=\"font-weight: bold;\">Descubra nuestra caja de pasteler\u00eda \u00abRoyal\u00bb 20 x 8 cm por 50<\/span><\/h3>\n<p><!--more--><\/p>\n<p>Descubra el modelo de <strong>caja de pasteler\u00eda<\/strong> <strong><em>Real<\/em><\/strong>una soluci\u00f3n ideal para presentar y transportar sus creaciones dulces con elegancia. Con unas medidas <strong>de 20 x 8 cm<\/strong>, esta caja tiene el tama\u00f1o perfecto para pasteles de tama\u00f1o mediano. Tanto si es un pastelero profesional como un aficionado, esta <strong>caja<\/strong> <strong>de 50 pasteles<\/strong> satisfar\u00e1 sus necesidades. Cuidadosamente dise\u00f1ado, este <strong>molde para tartas<\/strong> combina practicidad y est\u00e9tica. Sus l\u00edneas elegantes y modernas har\u00e1n que sus postres destaquen entre la multitud. Su robusta estructura de cart\u00f3n garantiza que incluso las creaciones m\u00e1s delicadas aguanten bien durante el transporte. Adem\u00e1s, ofrece una protecci\u00f3n \u00f3ptima contra los golpes y la humedad.      <\/p>\n<p>Su ingeniosa apertura facilita el servicio a sus clientes o invitados. Con unos pocos movimientos de mu\u00f1eca, el <strong>molde<\/strong> puede abrirse para ofrecer una presentaci\u00f3n impecable de sus postres. Este detalle es esencial para preservar la calidad y frescura de sus productos.  <\/p>\n<p>&nbsp;<\/p>\n<p><!--more--><\/p>\n<h3>Capacidad ideal para tus pasteles<\/h3>\n<p>Con sus generosas dimensiones de <strong>20 x 8 cm<\/strong>, esta <strong>caja para pasteles<\/strong> es ideal para tartas, entremeses o panecillos. Es lo suficientemente espaciosa como para contener sus postres sin da\u00f1arlos. Fabricada con material reciclable, esta <strong>caja para pasteles<\/strong> respeta sus compromisos medioambientales. Al elegir este envase, combina la practicidad con la responsabilidad ecol\u00f3gica. Contribuye a un enfoque sostenible, a la vez que promociona sus productos. El envasado en paquetes de <strong>50 unidades<\/strong> le garantiza un stock suficiente para sus necesidades habituales. Este <strong>pastel en caja<\/strong> es una elecci\u00f3n econ\u00f3mica y juiciosa para gestionar sus pedidos de volumen. Tambi\u00e9n es perfecto para pasteler\u00edas, panader\u00edas y empresas de catering que deseen combinar calidad y control de costes.       <\/p>\n<p>&nbsp;<\/p>\n<p><!--more--><\/p>\n<h3>\u00bfPor qu\u00e9 elegir el pastelero Royal?<\/h3>\n<p>Este modelo <strong><em>Royal<\/em><\/strong> est\u00e1 dise\u00f1ado para satisfacer las necesidades de los profesionales m\u00e1s exigentes. Ofrece una excelente relaci\u00f3n calidad-precio. Su robustez, est\u00e9tica y practicidad lo convierten en un elemento imprescindible para lucir sus dulces creaciones. En resumen, con este <strong>molde para tartas<\/strong> podr\u00e1 combinar elegancia y practicidad.   <\/p>\n<p>&nbsp;<\/p>\n<p><!--more--><\/p>\n<p>Opte ahora por el modelo <strong>pastelero<\/strong> <strong><em>Real<\/em><\/strong>. Es la soluci\u00f3n ideal para transportar, presentar y proteger sus postres con estilo. <\/p>\n<p>&nbsp;<\/p>\n<p><!--more--><\/p>\n<h4>Los beneficios:<\/h4>\n<ul>\n<li><strong>F\u00e1cil de usar<\/strong>: su ingeniosa apertura permite un acceso r\u00e1pido al tiempo que garantiza una bonita presentaci\u00f3n.<\/li>\n<li><strong>Formato vers\u00e1til<\/strong>: su tama\u00f1o (20 x 8 cm) lo hace perfecto para todo tipo de reposter\u00eda.<\/li>\n<li><strong>Material ecol\u00f3gico<\/strong>: fabricado con cart\u00f3n reciclable, combina la durabilidad con el respeto al medio ambiente.<\/li>\n<li><strong>Embalaje econ\u00f3mico<\/strong>: se vende en paquetes de 50 unidades, ideal para los profesionales que desean gestionar eficazmente sus existencias.<\/li>\n<\/ul>\n<p>&nbsp;<\/p>\n<p><!--more--><\/p>\n<h4>Informaci\u00f3n adicional :<\/h4>\n<ul>\n<li><strong>Envase<\/strong>: Paquete de 50<\/li>\n<li><b>Dimensiones: <\/b>20 x 8 cm (largo x ancho x alto)<\/li>\n<li><strong>Materiales<\/strong>: Cart\u00f3n<\/li>\n<li><strong>Color: <\/strong>Verde agua \/ Dorado<\/li>\n<li><strong>Modelo<\/strong>: Royal<\/li>\n<li><strong>Categor\u00eda<\/strong>: Cajas de pasteler\u00eda<\/li>\n<\/ul>\n<p>&nbsp;<\/p>\n<p><!--more--><\/p>\n<p><a href=\"https:\/\/www.csj-emballages.com\/es\/categorie-produit\/envasado-de-alimentos\/panaderia-y-pasteleria\/cajas-y-estuches\/cajas-para-pasteles\/cajas-de-pasteles-de-colores\/\">Vea el resto de nuestra gama de coloridas cajas para pasteler\u00eda aqu\u00ed<\/a><\/p>\n","protected":false},"excerpt":{"rendered":"<p>Caja para tartas Descubra nuestra caja de pasteler\u00eda \u00abRoyal\u00bb 20 x 8 cm por 50<\/p>\n","protected":false},"featured_media":193823,"template":"","meta":{"_acf_changed":false},"product_brand":[],"product_cat":[1150,1145,3868,1259,1266,9269,1270],"product_tag":[],"class_list":{"0":"post-226142","1":"product","2":"type-product","3":"status-publish","4":"has-post-thumbnail","6":"product_cat-envasado-de-alimentos","7":"product_cat-panaderia-y-pasteleria","8":"product_cat-cajas-y-estuches","9":"product_cat-cajas-para-pasteles","10":"product_cat-cajas-de-pasteles-de-colores","11":"product_cat-cajas-de-pasteles-de-colores-leccion","12":"product_cat-descuentos","14":"first","15":"instock","16":"sale","17":"taxable","18":"shipping-taxable","19":"purchasable","20":"product-type-simple"},"acf":[],"yoast_head":"<!-- This site is optimized with the Yoast SEO Premium plugin v26.6 (Yoast SEO v26.6) - https:\/\/yoast.com\/wordpress\/plugins\/seo\/ -->\n<title>Caja para tartas y pasteles &#039;Royal&#039; - 20 x 8 cm<\/title>\n<meta name=\"description\" content=\"Descubra la caja para tartas y pasteles Royal, de 20 x 8 cm por 50: elegante y reciclable, ideal para exponer y transportar sus postres.\" \/>\n<meta name=\"robots\" content=\"index, follow, max-snippet:-1, max-image-preview:large, max-video-preview:-1\" \/>\n<link rel=\"canonical\" href=\"https:\/\/www.csj-emballages.com\/es\/produit\/caja-de-pasteleria-royal-20-x-8-cm-por-50\/\" \/>\n<meta property=\"og:locale\" content=\"es_ES\" \/>\n<meta property=\"og:type\" content=\"article\" \/>\n<meta property=\"og:title\" content=\"Caja de pasteler\u00eda &quot;Royal&quot; 20 x 8 cm por 50\" \/>\n<meta property=\"og:description\" content=\"Descubra la caja para tartas y pasteles Royal, de 20 x 8 cm por 50: elegante y reciclable, ideal para exponer y transportar sus postres.\" \/>\n<meta property=\"og:url\" content=\"https:\/\/www.csj-emballages.com\/es\/produit\/caja-de-pasteleria-royal-20-x-8-cm-por-50\/\" \/>\n<meta property=\"og:site_name\" content=\"CSJ Emballages\" \/>\n<meta property=\"article:publisher\" content=\"https:\/\/www.facebook.com\/csjemballages\" \/>\n<meta property=\"article:modified_time\" content=\"2026-04-28T00:12:50+00:00\" \/>\n<meta property=\"og:image\" content=\"https:\/\/www.csj-emballages.com\/wp-content\/uploads\/2024\/11\/BTP-Royal.webp\" \/>\n\t<meta property=\"og:image:width\" content=\"800\" \/>\n\t<meta property=\"og:image:height\" content=\"800\" \/>\n\t<meta property=\"og:image:type\" content=\"image\/webp\" \/>\n<meta name=\"twitter:card\" content=\"summary_large_image\" \/>\n<meta name=\"twitter:label1\" content=\"Tiempo de lectura\" \/>\n\t<meta name=\"twitter:data1\" content=\"2 minutos\" \/>\n<script type=\"application\/ld+json\" class=\"yoast-schema-graph\">{\"@context\":\"https:\/\/schema.org\",\"@graph\":[{\"@type\":\"WebPage\",\"@id\":\"https:\/\/www.csj-emballages.com\/es\/produit\/caja-de-pasteleria-royal-20-x-8-cm-por-50\/\",\"url\":\"https:\/\/www.csj-emballages.com\/es\/produit\/caja-de-pasteleria-royal-20-x-8-cm-por-50\/\",\"name\":\"Caja para tartas y pasteles 'Royal' - 20 x 8 cm\",\"isPartOf\":{\"@id\":\"https:\/\/www.csj-emballages.com\/es\/#website\"},\"primaryImageOfPage\":{\"@id\":\"https:\/\/www.csj-emballages.com\/es\/produit\/caja-de-pasteleria-royal-20-x-8-cm-por-50\/#primaryimage\"},\"image\":{\"@id\":\"https:\/\/www.csj-emballages.com\/es\/produit\/caja-de-pasteleria-royal-20-x-8-cm-por-50\/#primaryimage\"},\"thumbnailUrl\":\"https:\/\/www.csj-emballages.com\/wp-content\/uploads\/2024\/11\/BTP-Royal.webp\",\"datePublished\":\"2024-12-06T01:18:18+00:00\",\"dateModified\":\"2026-04-28T00:12:50+00:00\",\"description\":\"Descubra la caja para tartas y pasteles Royal, de 20 x 8 cm por 50: elegante y reciclable, ideal para exponer y transportar sus postres.\",\"breadcrumb\":{\"@id\":\"https:\/\/www.csj-emballages.com\/es\/produit\/caja-de-pasteleria-royal-20-x-8-cm-por-50\/#breadcrumb\"},\"inLanguage\":\"es\",\"potentialAction\":[{\"@type\":\"ReadAction\",\"target\":[\"https:\/\/www.csj-emballages.com\/es\/produit\/caja-de-pasteleria-royal-20-x-8-cm-por-50\/\"]}]},{\"@type\":\"ImageObject\",\"inLanguage\":\"es\",\"@id\":\"https:\/\/www.csj-emballages.com\/es\/produit\/caja-de-pasteleria-royal-20-x-8-cm-por-50\/#primaryimage\",\"url\":\"https:\/\/www.csj-emballages.com\/wp-content\/uploads\/2024\/11\/BTP-Royal.webp\",\"contentUrl\":\"https:\/\/www.csj-emballages.com\/wp-content\/uploads\/2024\/11\/BTP-Royal.webp\",\"width\":800,\"height\":800,\"caption\":\"boite patissiere\"},{\"@type\":\"BreadcrumbList\",\"@id\":\"https:\/\/www.csj-emballages.com\/es\/produit\/caja-de-pasteleria-royal-20-x-8-cm-por-50\/#breadcrumb\",\"itemListElement\":[{\"@type\":\"ListItem\",\"position\":1,\"name\":\"Accueil\",\"item\":\"https:\/\/www.csj-emballages.com\/es\/universo-del-envasado-alimentario\/\"},{\"@type\":\"ListItem\",\"position\":2,\"name\":\"Tienda\",\"item\":\"https:\/\/www.csj-emballages.com\/tienda\/\"},{\"@type\":\"ListItem\",\"position\":3,\"name\":\"Caja de pasteler\u00eda \u00ab\u00a0Royal\u00a0\u00bb 20 x 8 cm por 50\"}]},{\"@type\":\"WebSite\",\"@id\":\"https:\/\/www.csj-emballages.com\/es\/#website\",\"url\":\"https:\/\/www.csj-emballages.com\/es\/\",\"name\":\"CSJ Emballages\",\"description\":\"\",\"publisher\":{\"@id\":\"https:\/\/www.csj-emballages.com\/es\/#organization\"},\"potentialAction\":[{\"@type\":\"SearchAction\",\"target\":{\"@type\":\"EntryPoint\",\"urlTemplate\":\"https:\/\/www.csj-emballages.com\/es\/?s={search_term_string}\"},\"query-input\":{\"@type\":\"PropertyValueSpecification\",\"valueRequired\":true,\"valueName\":\"search_term_string\"}}],\"inLanguage\":\"es\"},{\"@type\":\"Organization\",\"@id\":\"https:\/\/www.csj-emballages.com\/es\/#Organization\/\",\"name\":\"CSJ Emballages\",\"url\":\"https:\/\/www.csj-emballages.com\/es\/\",\"logo\":{\"@type\":\"ImageObject\",\"inLanguage\":\"es\",\"@id\":\"https:\/\/www.csj-emballages.com\/es\/#\/schema\/logo\/image\/\",\"url\":\"https:\/\/www.csj-emballages.com\/wp-content\/uploads\/2023\/10\/logo_csj.webp\",\"contentUrl\":\"https:\/\/www.csj-emballages.com\/wp-content\/uploads\/2023\/10\/logo_csj.webp\",\"width\":250,\"height\":95,\"caption\":\"CSJ Emballages\"},\"image\":{\"@id\":\"https:\/\/www.csj-emballages.com\/es\/#\/schema\/logo\/image\/\"},\"sameAs\":[\"https:\/\/www.facebook.com\/csjemballages\"],\"address\":{\"@type\":\"PostalAddress\",\"streetAddress\":\"ZI La Lechere\",\"addressLocality\":\"Patornay\",\"postalCode\":\"39130\",\"addressCountry\":\"FR\"},\"contactPoint\":[{\"@type\":\"ContactPoint\",\"contactType\":\"Service client\",\"telephone\":\"0384254272\",\"email\":\"contact@csj-emballages.com\"}]}]}<\/script>\n<!-- \/ Yoast SEO Premium plugin. -->","yoast_head_json":{"title":"Caja para tartas y pasteles 'Royal' - 20 x 8 cm","description":"Descubra la caja para tartas y pasteles Royal, de 20 x 8 cm por 50: elegante y reciclable, ideal para exponer y transportar sus postres.","robots":{"index":"index","follow":"follow","max-snippet":"max-snippet:-1","max-image-preview":"max-image-preview:large","max-video-preview":"max-video-preview:-1"},"canonical":"https:\/\/www.csj-emballages.com\/es\/produit\/caja-de-pasteleria-royal-20-x-8-cm-por-50\/","og_locale":"es_ES","og_type":"article","og_title":"Caja de pasteler\u00eda \"Royal\" 20 x 8 cm por 50","og_description":"Descubra la caja para tartas y pasteles Royal, de 20 x 8 cm por 50: elegante y reciclable, ideal para exponer y transportar sus postres.","og_url":"https:\/\/www.csj-emballages.com\/es\/produit\/caja-de-pasteleria-royal-20-x-8-cm-por-50\/","og_site_name":"CSJ Emballages","article_publisher":"https:\/\/www.facebook.com\/csjemballages","article_modified_time":"2026-04-28T00:12:50+00:00","og_image":[{"width":800,"height":800,"url":"https:\/\/www.csj-emballages.com\/wp-content\/uploads\/2024\/11\/BTP-Royal.webp","type":"image\/webp"}],"twitter_card":"summary_large_image","twitter_misc":{"Tiempo de lectura":"2 minutos"},"schema":{"@context":"https:\/\/schema.org","@graph":[{"@type":"WebPage","@id":"https:\/\/www.csj-emballages.com\/es\/produit\/caja-de-pasteleria-royal-20-x-8-cm-por-50\/","url":"https:\/\/www.csj-emballages.com\/es\/produit\/caja-de-pasteleria-royal-20-x-8-cm-por-50\/","name":"Caja para tartas y pasteles 'Royal' - 20 x 8 cm","isPartOf":{"@id":"https:\/\/www.csj-emballages.com\/es\/#website"},"primaryImageOfPage":{"@id":"https:\/\/www.csj-emballages.com\/es\/produit\/caja-de-pasteleria-royal-20-x-8-cm-por-50\/#primaryimage"},"image":{"@id":"https:\/\/www.csj-emballages.com\/es\/produit\/caja-de-pasteleria-royal-20-x-8-cm-por-50\/#primaryimage"},"thumbnailUrl":"https:\/\/www.csj-emballages.com\/wp-content\/uploads\/2024\/11\/BTP-Royal.webp","datePublished":"2024-12-06T01:18:18+00:00","dateModified":"2026-04-28T00:12:50+00:00","description":"Descubra la caja para tartas y pasteles Royal, de 20 x 8 cm por 50: elegante y reciclable, ideal para exponer y transportar sus postres.","breadcrumb":{"@id":"https:\/\/www.csj-emballages.com\/es\/produit\/caja-de-pasteleria-royal-20-x-8-cm-por-50\/#breadcrumb"},"inLanguage":"es","potentialAction":[{"@type":"ReadAction","target":["https:\/\/www.csj-emballages.com\/es\/produit\/caja-de-pasteleria-royal-20-x-8-cm-por-50\/"]}]},{"@type":"ImageObject","inLanguage":"es","@id":"https:\/\/www.csj-emballages.com\/es\/produit\/caja-de-pasteleria-royal-20-x-8-cm-por-50\/#primaryimage","url":"https:\/\/www.csj-emballages.com\/wp-content\/uploads\/2024\/11\/BTP-Royal.webp","contentUrl":"https:\/\/www.csj-emballages.com\/wp-content\/uploads\/2024\/11\/BTP-Royal.webp","width":800,"height":800,"caption":"boite patissiere"},{"@type":"BreadcrumbList","@id":"https:\/\/www.csj-emballages.com\/es\/produit\/caja-de-pasteleria-royal-20-x-8-cm-por-50\/#breadcrumb","itemListElement":[{"@type":"ListItem","position":1,"name":"Accueil","item":"https:\/\/www.csj-emballages.com\/es\/universo-del-envasado-alimentario\/"},{"@type":"ListItem","position":2,"name":"Tienda","item":"https:\/\/www.csj-emballages.com\/tienda\/"},{"@type":"ListItem","position":3,"name":"Caja de pasteler\u00eda \u00ab\u00a0Royal\u00a0\u00bb 20 x 8 cm por 50"}]},{"@type":"WebSite","@id":"https:\/\/www.csj-emballages.com\/es\/#website","url":"https:\/\/www.csj-emballages.com\/es\/","name":"CSJ Emballages","description":"","publisher":{"@id":"https:\/\/www.csj-emballages.com\/es\/#organization"},"potentialAction":[{"@type":"SearchAction","target":{"@type":"EntryPoint","urlTemplate":"https:\/\/www.csj-emballages.com\/es\/?s={search_term_string}"},"query-input":{"@type":"PropertyValueSpecification","valueRequired":true,"valueName":"search_term_string"}}],"inLanguage":"es"},{"@type":"Organization","@id":"https:\/\/www.csj-emballages.com\/es\/#Organization\/","name":"CSJ Emballages","url":"https:\/\/www.csj-emballages.com\/es\/","logo":{"@type":"ImageObject","inLanguage":"es","@id":"https:\/\/www.csj-emballages.com\/es\/#\/schema\/logo\/image\/","url":"https:\/\/www.csj-emballages.com\/wp-content\/uploads\/2023\/10\/logo_csj.webp","contentUrl":"https:\/\/www.csj-emballages.com\/wp-content\/uploads\/2023\/10\/logo_csj.webp","width":250,"height":95,"caption":"CSJ Emballages"},"image":{"@id":"https:\/\/www.csj-emballages.com\/es\/#\/schema\/logo\/image\/"},"sameAs":["https:\/\/www.facebook.com\/csjemballages"],"address":{"@type":"PostalAddress","streetAddress":"ZI La Lechere","addressLocality":"Patornay","postalCode":"39130","addressCountry":"FR"},"contactPoint":[{"@type":"ContactPoint","contactType":"Service client","telephone":"0384254272","email":"contact@csj-emballages.com"}]}]}},"df_price":11.94,"df_sale_price":11.94,"df_regular_price":14.93,"df_image_link":"https:\/\/www.csj-emballages.com\/wp-content\/uploads\/2024\/11\/BTP-Royal-300x300.webp","tiered_pricing_type":"fixed","tiered_pricing_fixed_rules":[],"tiered_pricing_percentage_rules":[],"tiered_pricing_minimum":1,"tiered_pricing_roles_data":[],"_links":{"self":[{"href":"https:\/\/www.csj-emballages.com\/es\/wp-json\/wp\/v2\/product\/226142","targetHints":{"allow":["GET"]}}],"collection":[{"href":"https:\/\/www.csj-emballages.com\/es\/wp-json\/wp\/v2\/product"}],"about":[{"href":"https:\/\/www.csj-emballages.com\/es\/wp-json\/wp\/v2\/types\/product"}],"wp:featuredmedia":[{"embeddable":true,"href":"https:\/\/www.csj-emballages.com\/es\/wp-json\/wp\/v2\/media\/193823"}],"wp:attachment":[{"href":"https:\/\/www.csj-emballages.com\/es\/wp-json\/wp\/v2\/media?parent=226142"}],"wp:term":[{"taxonomy":"product_brand","embeddable":true,"href":"https:\/\/www.csj-emballages.com\/es\/wp-json\/wp\/v2\/product_brand?post=226142"},{"taxonomy":"product_cat","embeddable":true,"href":"https:\/\/www.csj-emballages.com\/es\/wp-json\/wp\/v2\/product_cat?post=226142"},{"taxonomy":"product_tag","embeddable":true,"href":"https:\/\/www.csj-emballages.com\/es\/wp-json\/wp\/v2\/product_tag?post=226142"}],"curies":[{"name":"wp","href":"https:\/\/api.w.org\/{rel}","templated":true}]}}