{"id":226141,"date":"2024-12-14T02:18:16","date_gmt":"2024-12-14T01:18:16","guid":{"rendered":"https:\/\/www.csj-emballages.com\/produit\/caja-con-ventana-de-10-x-10-x-4-cm-por-50\/"},"modified":"2026-05-05T14:00:31","modified_gmt":"2026-05-05T12:00:31","slug":"caja-con-ventana-de-10-x-10-x-4-cm-por-50","status":"publish","type":"product","link":"https:\/\/www.csj-emballages.com\/es\/produit\/caja-con-ventana-de-10-x-10-x-4-cm-por-50\/","title":{"rendered":"Caja con ventana de 10 x 10 x 4 cm por 50"},"content":{"rendered":"<h2>Jardinera<\/h2>\n<hr>\n<h3>Descripci\u00f3n de nuestra jardinera 10 x 10 x 4 cm por 50<!--more--><\/h3>\n<div class=\"flex max-w-full flex-col flex-grow\">\n<div class=\"min-h-8 text-message flex w-full flex-col items-end gap-2 whitespace-normal break-words text-start [.text-message+&amp;]:mt-5\" dir=\"auto\" data-message-author-role=\"assistant\" data-message-id=\"266ca6f3-5e07-4948-bd20-80ac5e6da4a5\" data-message-model-slug=\"gpt-4o\">\n<div class=\"flex w-full flex-col gap-1 empty:hidden first:pt-[3px]\">\n<div class=\"markdown prose w-full break-words dark:prose-invert dark\">\n<p data-start=\"99\" data-end=\"584\">La <strong data-start=\"102\" data-end=\"148\">caja con ventana de 10 x 10 x 4 cm por 50<\/strong> es el envase ideal para mostrar sus peque\u00f1as creaciones culinarias protegi\u00e9ndolas al mismo tiempo. Fabricada en <strong data-start=\"260\" data-end=\"293\">cart\u00f3n alimentario<\/strong>, combina robustez, practicidad y est\u00e9tica. Su <strong data-start=\"346\" data-end=\"370\">ventana transparente<\/strong> destaca inmediatamente el contenido, para que sus clientes puedan ver sus productos sin tener que abrir la caja. Es una aut\u00e9ntica baza para crear expectaci\u00f3n y reforzar la imagen profesional de su empresa.   <\/p>\n<p data-start=\"586\" data-end=\"974\">Gracias a su <strong data-start=\"595\" data-end=\"631\">formato compacto de 10 x 10 x 4 cm<\/strong>, esta caja es perfecta para contener galletas, pasteles, bombones, mignardises o peque\u00f1os regalos gourmet. Es ideal para <strong data-start=\"807\" data-end=\"821\">pasteleros<\/strong>, <strong data-start=\"823\" data-end=\"836\">restauradores<\/strong>, <strong data-start=\"838\" data-end=\"854\">chocolateros<\/strong>, pasteler\u00edas y eventos especiales como bodas, cumplea\u00f1os y celebraciones de fin de a\u00f1o. <\/p>\n<p data-start=\"976\" data-end=\"1319\">Su dise\u00f1o sobrio y elegante en <strong data-start=\"1007\" data-end=\"1023\">cart\u00f3n kraft<\/strong> facilita su personalizaci\u00f3n: puede colocar una etiqueta, una cinta o su logotipo para reforzar la identidad de su marca. Ecol\u00f3gica y reciclable, esta <strong>jardinera<\/strong> responde a las expectativas de los consumidores actuales, preocupados por el medio ambiente, al tiempo que garantiza una presentaci\u00f3n cuidada. <\/p>\n<p data-start=\"1321\" data-end=\"1625\">Envasada en paquetes de <strong>50 unidades<\/strong>, le permite mantener existencias suficientes para gestionar sus pedidos. La <strong data-start=\"1491\" data-end=\"1520\">caja de cart\u00f3n con ventana<\/strong> es la combinaci\u00f3n perfecta de protecci\u00f3n, visibilidad y valor para sus productos. <\/p>\n<p data-start=\"1321\" data-end=\"1625\">\n<\/div>\n<\/div>\n<\/div>\n<\/div>\n<p><!--more--><\/p>\n<h4>Ventajas :<\/h4>\n<ul>\n<li><strong data-start=\"1650\" data-end=\"1674\">Ventana transparente<\/strong> para mostrar sus productos.<\/li>\n<li><strong>Envases<\/strong> alimentarios s\u00f3lidos y reciclables.<\/li>\n<li>Pr\u00e1ctico formato para galletas, bombones y otros dulces.<\/li>\n<li>Dise\u00f1o sencillo y elegante, f\u00e1cil de personalizar.<\/li>\n<li>En paquetes de 50 unidades.<\/li>\n<\/ul>\n<p>&nbsp;<\/p>\n<p><!--more--><\/p>\n<h4>Informaci\u00f3n adicional :<\/h4>\n<ul>\n<li><strong>Envase<\/strong>: Paquete de 50<\/li>\n<li><strong>Dimensiones<\/strong>: 10 x 10 x 4 cm (largo x ancho x alto)<\/li>\n<li><strong>Material<\/strong>: Cart\u00f3n \/ PET<\/li>\n<li><strong>Color<\/strong>: Kraft<\/li>\n<\/ul>\n<p>&nbsp;<\/p>\n<p><!--more--><\/p>\n<p>Producto disponible en varios tama\u00f1os: <span style=\"color: #d12727;\"><a style=\"color: #d12727;\" href=\"https:\/\/www.csj-emballages.com\/es\/produit\/caja-con-ventana-14-x-14-x-6-cm-paquete-de-50\/\">14 x 14 x 6 cm<\/a> <span style=\"color: #000000;\">\/<\/span> <a style=\"color: #d12727;\" href=\"https:\/\/www.csj-emballages.com\/es\/produit\/caja-con-ventana-15-x-9-x-45-cm-por-50\/\">15 x 9 x 4,5 cm<\/a> <span style=\"color: #000000;\">\/<\/span> <a style=\"color: #d12727;\" href=\"https:\/\/www.csj-emballages.com\/es\/produit\/caja-ventana-de-carton-20-x-12-x-4-cm-paquete-de-50\/\">20 x 12 x 4 cm<\/a> <span style=\"color: #000000;\">\/<\/span> <a style=\"color: #d12727;\" href=\"https:\/\/www.csj-emballages.com\/es\/produit\/50-jardineras-de-carton-de-20-x-6-cm\/\">20 x 20 x 4 cm<\/a> <span style=\"color: #000000;\">\/<\/span> <a style=\"color: #d12727;\" href=\"https:\/\/www.csj-emballages.com\/es\/produit\/caja-de-carton-con-ventana-24-x-24-x-4-cm-por-50\/\">24 x 24 x 4 cm<\/a><\/span><\/p>\n<p>&nbsp;<\/p>\n<p><!--more--><\/p>\n<p><a href=\"https:\/\/www.csj-emballages.com\/es\/categorie-produit\/envasado-de-alimentos\/panaderia-y-pasteleria\/cajas-y-estuches\/jardineras\/\">Ver el resto de nuestra gama de jardineras<\/a><\/p>\n","protected":false},"excerpt":{"rendered":"<p>Jardinera Descripci\u00f3n de nuestra jardinera 10 x 10 x 4 cm por 50<\/p>\n","protected":false},"featured_media":221528,"template":"","meta":{"_acf_changed":false},"product_brand":[],"product_cat":[1150,1145,3868,1147,1259,3839],"product_tag":[],"class_list":{"0":"post-226141","1":"product","2":"type-product","3":"status-publish","4":"has-post-thumbnail","6":"product_cat-envasado-de-alimentos","7":"product_cat-panaderia-y-pasteleria","8":"product_cat-cajas-y-estuches","9":"product_cat-jardineras","10":"product_cat-cajas-para-pasteles","11":"product_cat-reposteros-de-ventana","13":"first","14":"instock","15":"taxable","16":"shipping-taxable","17":"purchasable","18":"product-type-simple"},"acf":[],"yoast_head":"<!-- This site is optimized with the Yoast SEO Premium plugin v26.6 (Yoast SEO v26.6) - https:\/\/yoast.com\/wordpress\/plugins\/seo\/ -->\n<title>Jardinera - 10 x 10 x 4 cm por 50<\/title>\n<meta name=\"description\" content=\"Cart\u00f3n con ventana de 10 x 10 x 4 cm - Ideal para boller\u00eda, aperitivos y porciones individuales. Resistente, reciclable y perfecta para el transporte.\" \/>\n<meta name=\"robots\" content=\"index, follow, max-snippet:-1, max-image-preview:large, max-video-preview:-1\" \/>\n<link rel=\"canonical\" href=\"https:\/\/www.csj-emballages.com\/es\/produit\/caja-con-ventana-de-10-x-10-x-4-cm-por-50\/\" \/>\n<meta property=\"og:locale\" content=\"es_ES\" \/>\n<meta property=\"og:type\" content=\"article\" \/>\n<meta property=\"og:title\" content=\"Caja con ventana de 10 x 10 x 4 cm por 50\" \/>\n<meta property=\"og:description\" content=\"Cart\u00f3n con ventana de 10 x 10 x 4 cm - Ideal para boller\u00eda, aperitivos y porciones individuales. Resistente, reciclable y perfecta para el transporte.\" \/>\n<meta property=\"og:url\" content=\"https:\/\/www.csj-emballages.com\/es\/produit\/caja-con-ventana-de-10-x-10-x-4-cm-por-50\/\" \/>\n<meta property=\"og:site_name\" content=\"CSJ Emballages\" \/>\n<meta property=\"article:publisher\" content=\"https:\/\/www.facebook.com\/csjemballages\" \/>\n<meta property=\"article:modified_time\" content=\"2026-05-05T12:00:31+00:00\" \/>\n<meta property=\"og:image\" content=\"https:\/\/www.csj-emballages.com\/wp-content\/uploads\/2024\/12\/BTPF10.webp\" \/>\n\t<meta property=\"og:image:width\" content=\"800\" \/>\n\t<meta property=\"og:image:height\" content=\"800\" \/>\n\t<meta property=\"og:image:type\" content=\"image\/webp\" \/>\n<meta name=\"twitter:card\" content=\"summary_large_image\" \/>\n<meta name=\"twitter:label1\" content=\"Tiempo de lectura\" \/>\n\t<meta name=\"twitter:data1\" content=\"2 minutos\" \/>\n<script type=\"application\/ld+json\" class=\"yoast-schema-graph\">{\"@context\":\"https:\/\/schema.org\",\"@graph\":[{\"@type\":\"WebPage\",\"@id\":\"https:\/\/www.csj-emballages.com\/es\/produit\/caja-con-ventana-de-10-x-10-x-4-cm-por-50\/\",\"url\":\"https:\/\/www.csj-emballages.com\/es\/produit\/caja-con-ventana-de-10-x-10-x-4-cm-por-50\/\",\"name\":\"Jardinera - 10 x 10 x 4 cm por 50\",\"isPartOf\":{\"@id\":\"https:\/\/www.csj-emballages.com\/es\/#website\"},\"primaryImageOfPage\":{\"@id\":\"https:\/\/www.csj-emballages.com\/es\/produit\/caja-con-ventana-de-10-x-10-x-4-cm-por-50\/#primaryimage\"},\"image\":{\"@id\":\"https:\/\/www.csj-emballages.com\/es\/produit\/caja-con-ventana-de-10-x-10-x-4-cm-por-50\/#primaryimage\"},\"thumbnailUrl\":\"https:\/\/www.csj-emballages.com\/wp-content\/uploads\/2024\/12\/BTPF10.webp\",\"datePublished\":\"2024-12-14T01:18:16+00:00\",\"dateModified\":\"2026-05-05T12:00:31+00:00\",\"description\":\"Cart\u00f3n con ventana de 10 x 10 x 4 cm - Ideal para boller\u00eda, aperitivos y porciones individuales. Resistente, reciclable y perfecta para el transporte.\",\"breadcrumb\":{\"@id\":\"https:\/\/www.csj-emballages.com\/es\/produit\/caja-con-ventana-de-10-x-10-x-4-cm-por-50\/#breadcrumb\"},\"inLanguage\":\"es\",\"potentialAction\":[{\"@type\":\"ReadAction\",\"target\":[\"https:\/\/www.csj-emballages.com\/es\/produit\/caja-con-ventana-de-10-x-10-x-4-cm-por-50\/\"]}]},{\"@type\":\"ImageObject\",\"inLanguage\":\"es\",\"@id\":\"https:\/\/www.csj-emballages.com\/es\/produit\/caja-con-ventana-de-10-x-10-x-4-cm-por-50\/#primaryimage\",\"url\":\"https:\/\/www.csj-emballages.com\/wp-content\/uploads\/2024\/12\/BTPF10.webp\",\"contentUrl\":\"https:\/\/www.csj-emballages.com\/wp-content\/uploads\/2024\/12\/BTPF10.webp\",\"width\":800,\"height\":800,\"caption\":\"Boite carton fen\u00eatre\"},{\"@type\":\"BreadcrumbList\",\"@id\":\"https:\/\/www.csj-emballages.com\/es\/produit\/caja-con-ventana-de-10-x-10-x-4-cm-por-50\/#breadcrumb\",\"itemListElement\":[{\"@type\":\"ListItem\",\"position\":1,\"name\":\"Accueil\",\"item\":\"https:\/\/www.csj-emballages.com\/es\/universo-del-envasado-alimentario\/\"},{\"@type\":\"ListItem\",\"position\":2,\"name\":\"Tienda\",\"item\":\"https:\/\/www.csj-emballages.com\/tienda\/\"},{\"@type\":\"ListItem\",\"position\":3,\"name\":\"Caja con ventana de 10 x 10 x 4 cm por 50\"}]},{\"@type\":\"WebSite\",\"@id\":\"https:\/\/www.csj-emballages.com\/es\/#website\",\"url\":\"https:\/\/www.csj-emballages.com\/es\/\",\"name\":\"CSJ Emballages\",\"description\":\"\",\"publisher\":{\"@id\":\"https:\/\/www.csj-emballages.com\/es\/#organization\"},\"potentialAction\":[{\"@type\":\"SearchAction\",\"target\":{\"@type\":\"EntryPoint\",\"urlTemplate\":\"https:\/\/www.csj-emballages.com\/es\/?s={search_term_string}\"},\"query-input\":{\"@type\":\"PropertyValueSpecification\",\"valueRequired\":true,\"valueName\":\"search_term_string\"}}],\"inLanguage\":\"es\"},{\"@type\":\"Organization\",\"@id\":\"https:\/\/www.csj-emballages.com\/es\/#Organization\/\",\"name\":\"CSJ Emballages\",\"url\":\"https:\/\/www.csj-emballages.com\/es\/\",\"logo\":{\"@type\":\"ImageObject\",\"inLanguage\":\"es\",\"@id\":\"https:\/\/www.csj-emballages.com\/es\/#\/schema\/logo\/image\/\",\"url\":\"https:\/\/www.csj-emballages.com\/wp-content\/uploads\/2023\/10\/logo_csj.webp\",\"contentUrl\":\"https:\/\/www.csj-emballages.com\/wp-content\/uploads\/2023\/10\/logo_csj.webp\",\"width\":250,\"height\":95,\"caption\":\"CSJ Emballages\"},\"image\":{\"@id\":\"https:\/\/www.csj-emballages.com\/es\/#\/schema\/logo\/image\/\"},\"sameAs\":[\"https:\/\/www.facebook.com\/csjemballages\"],\"address\":{\"@type\":\"PostalAddress\",\"streetAddress\":\"ZI La Lechere\",\"addressLocality\":\"Patornay\",\"postalCode\":\"39130\",\"addressCountry\":\"FR\"},\"contactPoint\":[{\"@type\":\"ContactPoint\",\"contactType\":\"Service client\",\"telephone\":\"0384254272\",\"email\":\"contact@csj-emballages.com\"}]}]}<\/script>\n<!-- \/ Yoast SEO Premium plugin. -->","yoast_head_json":{"title":"Jardinera - 10 x 10 x 4 cm por 50","description":"Cart\u00f3n con ventana de 10 x 10 x 4 cm - Ideal para boller\u00eda, aperitivos y porciones individuales. Resistente, reciclable y perfecta para el transporte.","robots":{"index":"index","follow":"follow","max-snippet":"max-snippet:-1","max-image-preview":"max-image-preview:large","max-video-preview":"max-video-preview:-1"},"canonical":"https:\/\/www.csj-emballages.com\/es\/produit\/caja-con-ventana-de-10-x-10-x-4-cm-por-50\/","og_locale":"es_ES","og_type":"article","og_title":"Caja con ventana de 10 x 10 x 4 cm por 50","og_description":"Cart\u00f3n con ventana de 10 x 10 x 4 cm - Ideal para boller\u00eda, aperitivos y porciones individuales. Resistente, reciclable y perfecta para el transporte.","og_url":"https:\/\/www.csj-emballages.com\/es\/produit\/caja-con-ventana-de-10-x-10-x-4-cm-por-50\/","og_site_name":"CSJ Emballages","article_publisher":"https:\/\/www.facebook.com\/csjemballages","article_modified_time":"2026-05-05T12:00:31+00:00","og_image":[{"width":800,"height":800,"url":"https:\/\/www.csj-emballages.com\/wp-content\/uploads\/2024\/12\/BTPF10.webp","type":"image\/webp"}],"twitter_card":"summary_large_image","twitter_misc":{"Tiempo de lectura":"2 minutos"},"schema":{"@context":"https:\/\/schema.org","@graph":[{"@type":"WebPage","@id":"https:\/\/www.csj-emballages.com\/es\/produit\/caja-con-ventana-de-10-x-10-x-4-cm-por-50\/","url":"https:\/\/www.csj-emballages.com\/es\/produit\/caja-con-ventana-de-10-x-10-x-4-cm-por-50\/","name":"Jardinera - 10 x 10 x 4 cm por 50","isPartOf":{"@id":"https:\/\/www.csj-emballages.com\/es\/#website"},"primaryImageOfPage":{"@id":"https:\/\/www.csj-emballages.com\/es\/produit\/caja-con-ventana-de-10-x-10-x-4-cm-por-50\/#primaryimage"},"image":{"@id":"https:\/\/www.csj-emballages.com\/es\/produit\/caja-con-ventana-de-10-x-10-x-4-cm-por-50\/#primaryimage"},"thumbnailUrl":"https:\/\/www.csj-emballages.com\/wp-content\/uploads\/2024\/12\/BTPF10.webp","datePublished":"2024-12-14T01:18:16+00:00","dateModified":"2026-05-05T12:00:31+00:00","description":"Cart\u00f3n con ventana de 10 x 10 x 4 cm - Ideal para boller\u00eda, aperitivos y porciones individuales. Resistente, reciclable y perfecta para el transporte.","breadcrumb":{"@id":"https:\/\/www.csj-emballages.com\/es\/produit\/caja-con-ventana-de-10-x-10-x-4-cm-por-50\/#breadcrumb"},"inLanguage":"es","potentialAction":[{"@type":"ReadAction","target":["https:\/\/www.csj-emballages.com\/es\/produit\/caja-con-ventana-de-10-x-10-x-4-cm-por-50\/"]}]},{"@type":"ImageObject","inLanguage":"es","@id":"https:\/\/www.csj-emballages.com\/es\/produit\/caja-con-ventana-de-10-x-10-x-4-cm-por-50\/#primaryimage","url":"https:\/\/www.csj-emballages.com\/wp-content\/uploads\/2024\/12\/BTPF10.webp","contentUrl":"https:\/\/www.csj-emballages.com\/wp-content\/uploads\/2024\/12\/BTPF10.webp","width":800,"height":800,"caption":"Boite carton fen\u00eatre"},{"@type":"BreadcrumbList","@id":"https:\/\/www.csj-emballages.com\/es\/produit\/caja-con-ventana-de-10-x-10-x-4-cm-por-50\/#breadcrumb","itemListElement":[{"@type":"ListItem","position":1,"name":"Accueil","item":"https:\/\/www.csj-emballages.com\/es\/universo-del-envasado-alimentario\/"},{"@type":"ListItem","position":2,"name":"Tienda","item":"https:\/\/www.csj-emballages.com\/tienda\/"},{"@type":"ListItem","position":3,"name":"Caja con ventana de 10 x 10 x 4 cm por 50"}]},{"@type":"WebSite","@id":"https:\/\/www.csj-emballages.com\/es\/#website","url":"https:\/\/www.csj-emballages.com\/es\/","name":"CSJ Emballages","description":"","publisher":{"@id":"https:\/\/www.csj-emballages.com\/es\/#organization"},"potentialAction":[{"@type":"SearchAction","target":{"@type":"EntryPoint","urlTemplate":"https:\/\/www.csj-emballages.com\/es\/?s={search_term_string}"},"query-input":{"@type":"PropertyValueSpecification","valueRequired":true,"valueName":"search_term_string"}}],"inLanguage":"es"},{"@type":"Organization","@id":"https:\/\/www.csj-emballages.com\/es\/#Organization\/","name":"CSJ Emballages","url":"https:\/\/www.csj-emballages.com\/es\/","logo":{"@type":"ImageObject","inLanguage":"es","@id":"https:\/\/www.csj-emballages.com\/es\/#\/schema\/logo\/image\/","url":"https:\/\/www.csj-emballages.com\/wp-content\/uploads\/2023\/10\/logo_csj.webp","contentUrl":"https:\/\/www.csj-emballages.com\/wp-content\/uploads\/2023\/10\/logo_csj.webp","width":250,"height":95,"caption":"CSJ Emballages"},"image":{"@id":"https:\/\/www.csj-emballages.com\/es\/#\/schema\/logo\/image\/"},"sameAs":["https:\/\/www.facebook.com\/csjemballages"],"address":{"@type":"PostalAddress","streetAddress":"ZI La Lechere","addressLocality":"Patornay","postalCode":"39130","addressCountry":"FR"},"contactPoint":[{"@type":"ContactPoint","contactType":"Service client","telephone":"0384254272","email":"contact@csj-emballages.com"}]}]}},"df_price":11.46,"df_sale_price":"","df_regular_price":11.46,"df_image_link":"https:\/\/www.csj-emballages.com\/wp-content\/uploads\/2024\/12\/BTPF10-300x300.webp","tiered_pricing_type":"fixed","tiered_pricing_fixed_rules":[],"tiered_pricing_percentage_rules":[],"tiered_pricing_minimum":1,"tiered_pricing_roles_data":[],"_links":{"self":[{"href":"https:\/\/www.csj-emballages.com\/es\/wp-json\/wp\/v2\/product\/226141","targetHints":{"allow":["GET"]}}],"collection":[{"href":"https:\/\/www.csj-emballages.com\/es\/wp-json\/wp\/v2\/product"}],"about":[{"href":"https:\/\/www.csj-emballages.com\/es\/wp-json\/wp\/v2\/types\/product"}],"wp:featuredmedia":[{"embeddable":true,"href":"https:\/\/www.csj-emballages.com\/es\/wp-json\/wp\/v2\/media\/221528"}],"wp:attachment":[{"href":"https:\/\/www.csj-emballages.com\/es\/wp-json\/wp\/v2\/media?parent=226141"}],"wp:term":[{"taxonomy":"product_brand","embeddable":true,"href":"https:\/\/www.csj-emballages.com\/es\/wp-json\/wp\/v2\/product_brand?post=226141"},{"taxonomy":"product_cat","embeddable":true,"href":"https:\/\/www.csj-emballages.com\/es\/wp-json\/wp\/v2\/product_cat?post=226141"},{"taxonomy":"product_tag","embeddable":true,"href":"https:\/\/www.csj-emballages.com\/es\/wp-json\/wp\/v2\/product_tag?post=226141"}],"curies":[{"name":"wp","href":"https:\/\/api.w.org\/{rel}","templated":true}]}}