{"id":226118,"date":"2025-01-08T15:39:29","date_gmt":"2025-01-08T14:39:29","guid":{"rendered":"https:\/\/www.csj-emballages.com\/produit\/base-de-tarta-rectangular-plegada-dorada-negra-45-x-13-cm-por-200\/"},"modified":"2026-04-01T17:48:11","modified_gmt":"2026-04-01T15:48:11","slug":"base-de-tarta-rectangular-plegada-dorada-negra-45-x-13-cm-por-200","status":"publish","type":"product","link":"https:\/\/www.csj-emballages.com\/es\/produit\/base-de-tarta-rectangular-plegada-dorada-negra-45-x-13-cm-por-200\/","title":{"rendered":"Base de tarta rectangular plegada dorada\/negra 4,5 x 13 cm por 200"},"content":{"rendered":"<div style=\"font-family: Roboto, sans-serif;\">\n<div style=\"font-family: Roboto, sans-serif;\">\n<div style=\"font-family: Roboto, sans-serif;\">\n<div style=\"font-family: Roboto, sans-serif;\">\n<div style=\"font-family: Roboto, sans-serif;\">\n<div style=\"font-family: Roboto, sans-serif;\">\n<div style=\"font-family: Roboto, sans-serif;\">\n<div style=\"font-family: Roboto, sans-serif;\">\n<div style=\"font-family: Roboto, sans-serif;\">\n<div style=\"font-family: Roboto, sans-serif;\">\n<div style=\"font-family: Roboto, sans-serif;\">\n<div style=\"font-family: Roboto, sans-serif;\">\n<div style=\"font-family: Roboto, sans-serif;\">\n<div class=\"flex flex-grow flex-col max-w-full\">\n<div class=\"min-h-[20px] text-message flex flex-col items-start whitespace-pre-wrap break-words [.text-message+&amp;]:mt-5 juice:w-full juice:items-end overflow-x-auto gap-2\" dir=\"auto\" data-message-author-role=\"assistant\" data-message-id=\"2034782e-88f9-44ef-b4dc-07dd7bf0115f\">\n<div class=\"flex w-full flex-col gap-1 juice:empty:hidden juice:first:pt-[3px]\">\n<div class=\"markdown prose w-full break-words dark:prose-invert light\">\n<div style=\"font-family: Roboto, sans-serif;\">\n<div style=\"font-family: Roboto, sans-serif;\">\n<div style=\"font-family: Roboto, sans-serif;\">\n<div style=\"font-family: Roboto, sans-serif;\">\n<div style=\"font-family: Roboto, sans-serif;\">\n<div style=\"font-family: Roboto, sans-serif;\">\n<h2>Suela de tarta<\/h2>\n<div style=\"font-family: Roboto, sans-serif;\">\n<div style=\"font-family: Roboto, sans-serif;\">\n<div style=\"font-family: Roboto, sans-serif;\">\n<div style=\"text-align: center;\">\n<div style=\"font-family: Roboto, sans-serif;\">\n<div style=\"font-family: Roboto, sans-serif;\">\n<div style=\"font-family: Roboto, sans-serif;\">\n<div style=\"font-family: Roboto, sans-serif;\">\n<div style=\"font-family: Roboto, sans-serif;\">\n<div style=\"font-family: Roboto, sans-serif; text-align: left;\">\n<hr>\n<h3 style=\"text-align: left;\">Descripci\u00f3n de nuestra base para tartas rectangular plegada dorada\/negra de 4,5 x 13 cm por 200<!--more--><\/h3>\n<\/div>\n<\/div>\n<\/div>\n<\/div>\n<\/div>\n<\/div>\n<\/div>\n<\/div>\n<\/div>\n<\/div>\n<\/div>\n<\/div>\n<\/div>\n<\/div>\n<\/div>\n<\/div>\n<\/div>\n<\/div>\n<\/div>\n<\/div>\n<\/div>\n<\/div>\n<\/div>\n<\/div>\n<\/div>\n<\/div>\n<\/div>\n<\/div>\n<\/div>\n<\/div>\n<\/div>\n<\/div>\n<\/div>\n<p>La <strong>base para tartas<\/strong> <strong>rectangular plegada dorada\/negra de 4,5 x 13 cm<\/strong> es ideal para realzar sus creaciones de reposter\u00eda. Dise\u00f1ada para satisfacer las necesidades de los profesionales, esta <strong>base para t<\/strong> artas combina practicidad y est\u00e9tica. Su formato <strong>rectangular<\/strong> y su tama\u00f1o compacto la hacen perfecta para presentar con elegancia sus peque\u00f1os pasteles, tartas u otros postres individuales.  <\/p>\n<p>Con su doble revestimiento <strong>dorado<\/strong> y <strong>negro<\/strong>, esta <strong>base para tartas<\/strong> a\u00f1ade un toque refinado a su presentaci\u00f3n. El lado dorado a\u00f1ade un brillo llamativo que realza sus creaciones. En cuanto al lado negro, ofrece una alternativa elegante y sobria. Esta elecci\u00f3n le permite variar sus presentaciones y adaptarse a cualquier tema o evento.   <\/p>\n<p>Fabricado con materiales resistentes, este <strong>soporte para tartas<\/strong> garantiza una excelente sujeci\u00f3n. Resistente a la humedad y la grasa, este <strong>soporte<\/strong> para tartas mantiene su aspecto impecable incluso en contacto con productos cremosos o pasteles ligeramente h\u00famedos. As\u00ed podr\u00e1 estar seguro de que sus postres se mantienen impecablemente presentados hasta el momento de comerlos.  <\/p>\n<p>Pr\u00e1ctica y vers\u00e1til, esta <strong>base<\/strong> <strong>rectangular plegable<\/strong> <strong>para tartas<\/strong> es ideal para transportarla con seguridad. Su plegado especial proporciona una estabilidad extra, manteniendo los postres firmemente en su sitio. Ya sea para escaparates, entregas o buffets, satisface perfectamente las necesidades de profesionales y aficionados exigentes.  <\/p>\n<p>&nbsp;<\/p>\n<p><!--more--><\/p>\n<h4>\u00bfPor qu\u00e9 utilizar nuestra suela para <strong>tartas<\/strong>?<\/h4>\n<p>El tama\u00f1o <strong>de 4,5 x 13 cm<\/strong> es perfecto para porciones individuales. Este formato compacto permite disponer varios postres en una mesa o expositor sin ocupar demasiado espacio. Disponible en paquetes de <strong>200 unidades<\/strong>, esta <strong>base para tartas<\/strong> es un art\u00edculo de stock pr\u00e1ctico y econ\u00f3mico, ideal para pasteleros, empresas de catering u organizadores de eventos.  <\/p>\n<p>La <strong>suela<\/strong> <strong>dorada\/negra<\/strong> no es un simple accesorio, es una aut\u00e9ntica baza de presentaci\u00f3n. Realza el aspecto de sus postres y demuestra su atenci\u00f3n al detalle. Este <strong>soporte para tartas<\/strong> est\u00e1 dise\u00f1ado para ser funcional, pero elegante. Para que pueda combinar funcionalidad y est\u00e9tica sin concesiones.   <\/p>\n<p>&nbsp;<\/p>\n<p><!--more--><\/p>\n<div style=\"font-family: Roboto, sans-serif;\">\n<div style=\"font-family: Roboto, sans-serif;\">\n<div style=\"font-family: Roboto, sans-serif;\">\n<div style=\"font-family: Roboto, sans-serif;\">\n<div style=\"font-family: Roboto, sans-serif;\">\n<div style=\"font-family: Roboto, sans-serif;\">\n<div style=\"font-family: Roboto, sans-serif;\">\n<div style=\"font-family: Roboto, sans-serif;\">\n<div style=\"font-family: Roboto, sans-serif;\">\n<div style=\"font-family: Roboto, sans-serif;\">\n<div style=\"font-family: Roboto, sans-serif;\">\n<div style=\"font-family: Roboto, sans-serif;\">\n<div style=\"font-family: Roboto, sans-serif;\">\n<div class=\"flex flex-grow flex-col max-w-full\">\n<div class=\"min-h-[20px] text-message flex flex-col items-start whitespace-pre-wrap break-words [.text-message+&amp;]:mt-5 juice:w-full juice:items-end overflow-x-auto gap-2\" dir=\"auto\" data-message-author-role=\"assistant\" data-message-id=\"2034782e-88f9-44ef-b4dc-07dd7bf0115f\">\n<div class=\"flex w-full flex-col gap-1 juice:empty:hidden juice:first:pt-[3px]\">\n<div class=\"markdown prose w-full break-words dark:prose-invert light\">\n<div style=\"font-family: Roboto, sans-serif;\">\n<div style=\"font-family: Roboto, sans-serif;\">\n<div style=\"font-family: Roboto, sans-serif;\">\n<div style=\"font-family: Roboto, sans-serif;\">\n<div style=\"font-family: Roboto, sans-serif;\">\n<div style=\"font-family: Roboto, sans-serif;\">\n<p>Adem\u00e1s de su atractivo visual, esta <strong>suela<\/strong> tambi\u00e9n es muy f\u00e1cil de usar. Ligera y resistente, es f\u00e1cil de manejar, tanto para preparar la comida en la cocina como para servirla en el comedor. Su dise\u00f1o sencillo pero refinado combina a la perfecci\u00f3n con cualquier decoraci\u00f3n, desde la m\u00e1s cl\u00e1sica a la m\u00e1s moderna.  <\/p>\n<p>Elegir esta <strong>base<\/strong> <strong>rectangular plegada para<\/strong> <strong>tartas<\/strong> significa elegir una base fiable y de calidad profesional. Tanto si es un pastelero que busca accesorios elegantes como si es un aficionado deseoso de presentar bien sus creaciones, este producto cumplir\u00e1 sus expectativas. <\/p>\n<p>&nbsp;<\/p>\n<p><!--more--><\/p>\n<h4 style=\"text-align: left;\"><strong>Las ventajas de nuestro pastel \u00fanico<\/strong><strong> :<\/strong><\/h4>\n<ul style=\"text-align: left;\">\n<li><strong>Dise\u00f1o elegante<\/strong>: Su revestimiento de doble cara <strong>dorada<\/strong> y <strong>negra<\/strong> ofrece un aspecto sofisticado, perfecto para realzar cualquier postre.<\/li>\n<li><strong>Practicidad<\/strong>: Con sus dimensiones compactas, esta <strong>base para tartas<\/strong> es ideal para porciones individuales, lo que facilita su exposici\u00f3n en un escaparate o sobre una mesa.<\/li>\n<li><strong>Transporte seguro<\/strong>: El plegado espec\u00edfico de la <strong>base para tartas<\/strong> proporciona una excelente estabilidad, manteniendo los postres firmemente en su sitio durante los desplazamientos.<\/li>\n<li><strong>Relaci\u00f3n calidad-precio<\/strong>: Vendida en paquetes de <strong>200<\/strong>, esta <strong>suela<\/strong> representa una excelente relaci\u00f3n calidad-precio, especialmente para profesionales con necesidades recurrentes.<\/li>\n<\/ul>\n<\/div>\n<\/div>\n<\/div>\n<\/div>\n<\/div>\n<\/div>\n<\/div>\n<\/div>\n<\/div>\n<\/div>\n<\/div>\n<\/div>\n<p>&nbsp;<\/p>\n<\/div>\n<\/div>\n<\/div>\n<\/div>\n<\/div>\n<\/div>\n<\/div>\n<\/div>\n<\/div>\n<\/div>\n<\/div>\n<p><!--more--><\/p>\n<h4>Informaci\u00f3n adicional :<\/h4>\n<ul style=\"font-family: Roboto, sans-serif;\">\n<li><strong>Embalaje<\/strong>: Lote de 200<\/li>\n<li><span style=\"font-weight: bold;\">Tama\u00f1o<\/span>: 4,5 x 13 cm<\/li>\n<li><strong>Material<\/strong>: Cart\u00f3n<\/li>\n<li><strong>Altura de los lados plegados<\/strong>: 15 mm<\/li>\n<\/ul>\n<p>&nbsp;<\/p>\n<p style=\"text-align: left;\"><!--more--><\/p>\n<p><a href=\"\/?product_cat=semelles-fonds-pliees\">Ver el resto de nuestra gama de suelas de gateau<\/a><\/p>\n","protected":false},"excerpt":{"rendered":"<p>Suela de tarta Descripci\u00f3n de nuestra base para tartas rectangular plegada dorada\/negra de 4,5 x 13 cm por 200<\/p>\n","protected":false},"featured_media":214608,"template":"","meta":{"_acf_changed":false},"product_brand":[],"product_cat":[1150,1145,1911,2673],"product_tag":[],"class_list":{"0":"post-226118","1":"product","2":"type-product","3":"status-publish","4":"has-post-thumbnail","6":"product_cat-envasado-de-alimentos","7":"product_cat-panaderia-y-pasteleria","8":"product_cat-soportes-de-base-para-tartas","9":"product_cat-suelas-dobladas","11":"first","12":"instock","13":"taxable","14":"shipping-taxable","15":"purchasable","16":"product-type-simple"},"acf":[],"yoast_head":"<!-- This site is optimized with the Yoast SEO Premium plugin v26.6 (Yoast SEO v26.6) - https:\/\/yoast.com\/wordpress\/plugins\/seo\/ -->\n<title>Suela para tarta rectangular plegada Oro \/ Negro - 4,5 x 13 cm<\/title>\n<meta name=\"description\" content=\"Descubra la suela rectangular plegada dorada\/negra para tartas de 4,5 x 13 cm. Resistente y pr\u00e1ctico, realza sus creaciones a\u00f1adiendo un toque refinado.\" \/>\n<meta name=\"robots\" content=\"index, follow, max-snippet:-1, max-image-preview:large, max-video-preview:-1\" \/>\n<link rel=\"canonical\" href=\"https:\/\/www.csj-emballages.com\/es\/produit\/base-de-tarta-rectangular-plegada-dorada-negra-45-x-13-cm-por-200\/\" \/>\n<meta property=\"og:locale\" content=\"es_ES\" \/>\n<meta property=\"og:type\" content=\"article\" \/>\n<meta property=\"og:title\" content=\"Base de tarta rectangular plegada dorada\/negra 4,5 x 13 cm por 200\" \/>\n<meta property=\"og:description\" content=\"Descubra la suela rectangular plegada dorada\/negra para tartas de 4,5 x 13 cm. Resistente y pr\u00e1ctico, realza sus creaciones a\u00f1adiendo un toque refinado.\" \/>\n<meta property=\"og:url\" content=\"https:\/\/www.csj-emballages.com\/es\/produit\/base-de-tarta-rectangular-plegada-dorada-negra-45-x-13-cm-por-200\/\" \/>\n<meta property=\"og:site_name\" content=\"CSJ Emballages\" \/>\n<meta property=\"article:publisher\" content=\"https:\/\/www.facebook.com\/csjemballages\" \/>\n<meta property=\"article:modified_time\" content=\"2026-04-01T15:48:11+00:00\" \/>\n<meta property=\"og:image\" content=\"https:\/\/www.csj-emballages.com\/wp-content\/uploads\/2025\/01\/Semelle-pliee-or.webp\" \/>\n\t<meta property=\"og:image:width\" content=\"800\" \/>\n\t<meta property=\"og:image:height\" content=\"800\" \/>\n\t<meta property=\"og:image:type\" content=\"image\/webp\" \/>\n<meta name=\"twitter:card\" content=\"summary_large_image\" \/>\n<meta name=\"twitter:label1\" content=\"Tiempo de lectura\" \/>\n\t<meta name=\"twitter:data1\" content=\"3 minutos\" \/>\n<script type=\"application\/ld+json\" class=\"yoast-schema-graph\">{\"@context\":\"https:\/\/schema.org\",\"@graph\":[{\"@type\":\"WebPage\",\"@id\":\"https:\/\/www.csj-emballages.com\/es\/produit\/base-de-tarta-rectangular-plegada-dorada-negra-45-x-13-cm-por-200\/\",\"url\":\"https:\/\/www.csj-emballages.com\/es\/produit\/base-de-tarta-rectangular-plegada-dorada-negra-45-x-13-cm-por-200\/\",\"name\":\"Suela para tarta rectangular plegada Oro \/ Negro - 4,5 x 13 cm\",\"isPartOf\":{\"@id\":\"https:\/\/www.csj-emballages.com\/es\/#website\"},\"primaryImageOfPage\":{\"@id\":\"https:\/\/www.csj-emballages.com\/es\/produit\/base-de-tarta-rectangular-plegada-dorada-negra-45-x-13-cm-por-200\/#primaryimage\"},\"image\":{\"@id\":\"https:\/\/www.csj-emballages.com\/es\/produit\/base-de-tarta-rectangular-plegada-dorada-negra-45-x-13-cm-por-200\/#primaryimage\"},\"thumbnailUrl\":\"https:\/\/www.csj-emballages.com\/wp-content\/uploads\/2025\/01\/Semelle-pliee-or.webp\",\"datePublished\":\"2025-01-08T14:39:29+00:00\",\"dateModified\":\"2026-04-01T15:48:11+00:00\",\"description\":\"Descubra la suela rectangular plegada dorada\/negra para tartas de 4,5 x 13 cm. Resistente y pr\u00e1ctico, realza sus creaciones a\u00f1adiendo un toque refinado.\",\"breadcrumb\":{\"@id\":\"https:\/\/www.csj-emballages.com\/es\/produit\/base-de-tarta-rectangular-plegada-dorada-negra-45-x-13-cm-por-200\/#breadcrumb\"},\"inLanguage\":\"es\",\"potentialAction\":[{\"@type\":\"ReadAction\",\"target\":[\"https:\/\/www.csj-emballages.com\/es\/produit\/base-de-tarta-rectangular-plegada-dorada-negra-45-x-13-cm-por-200\/\"]}]},{\"@type\":\"ImageObject\",\"inLanguage\":\"es\",\"@id\":\"https:\/\/www.csj-emballages.com\/es\/produit\/base-de-tarta-rectangular-plegada-dorada-negra-45-x-13-cm-por-200\/#primaryimage\",\"url\":\"https:\/\/www.csj-emballages.com\/wp-content\/uploads\/2025\/01\/Semelle-pliee-or.webp\",\"contentUrl\":\"https:\/\/www.csj-emballages.com\/wp-content\/uploads\/2025\/01\/Semelle-pliee-or.webp\",\"width\":800,\"height\":800,\"caption\":\"Semelle gateau\"},{\"@type\":\"BreadcrumbList\",\"@id\":\"https:\/\/www.csj-emballages.com\/es\/produit\/base-de-tarta-rectangular-plegada-dorada-negra-45-x-13-cm-por-200\/#breadcrumb\",\"itemListElement\":[{\"@type\":\"ListItem\",\"position\":1,\"name\":\"Accueil\",\"item\":\"https:\/\/www.csj-emballages.com\/es\/universo-del-envasado-alimentario\/\"},{\"@type\":\"ListItem\",\"position\":2,\"name\":\"Tienda\",\"item\":\"https:\/\/www.csj-emballages.com\/tienda\/\"},{\"@type\":\"ListItem\",\"position\":3,\"name\":\"Base de tarta rectangular plegada dorada\/negra 4,5 x 13 cm por 200\"}]},{\"@type\":\"WebSite\",\"@id\":\"https:\/\/www.csj-emballages.com\/es\/#website\",\"url\":\"https:\/\/www.csj-emballages.com\/es\/\",\"name\":\"CSJ Emballages\",\"description\":\"\",\"publisher\":{\"@id\":\"https:\/\/www.csj-emballages.com\/es\/#organization\"},\"potentialAction\":[{\"@type\":\"SearchAction\",\"target\":{\"@type\":\"EntryPoint\",\"urlTemplate\":\"https:\/\/www.csj-emballages.com\/es\/?s={search_term_string}\"},\"query-input\":{\"@type\":\"PropertyValueSpecification\",\"valueRequired\":true,\"valueName\":\"search_term_string\"}}],\"inLanguage\":\"es\"},{\"@type\":\"Organization\",\"@id\":\"https:\/\/www.csj-emballages.com\/es\/#Organization\/\",\"name\":\"CSJ Emballages\",\"url\":\"https:\/\/www.csj-emballages.com\/es\/\",\"logo\":{\"@type\":\"ImageObject\",\"inLanguage\":\"es\",\"@id\":\"https:\/\/www.csj-emballages.com\/es\/#\/schema\/logo\/image\/\",\"url\":\"https:\/\/www.csj-emballages.com\/wp-content\/uploads\/2023\/10\/logo_csj.webp\",\"contentUrl\":\"https:\/\/www.csj-emballages.com\/wp-content\/uploads\/2023\/10\/logo_csj.webp\",\"width\":250,\"height\":95,\"caption\":\"CSJ Emballages\"},\"image\":{\"@id\":\"https:\/\/www.csj-emballages.com\/es\/#\/schema\/logo\/image\/\"},\"sameAs\":[\"https:\/\/www.facebook.com\/csjemballages\"],\"address\":{\"@type\":\"PostalAddress\",\"streetAddress\":\"ZI La Lechere\",\"addressLocality\":\"Patornay\",\"postalCode\":\"39130\",\"addressCountry\":\"FR\"},\"contactPoint\":[{\"@type\":\"ContactPoint\",\"contactType\":\"Service client\",\"telephone\":\"0384254272\",\"email\":\"contact@csj-emballages.com\"}]}]}<\/script>\n<!-- \/ Yoast SEO Premium plugin. -->","yoast_head_json":{"title":"Suela para tarta rectangular plegada Oro \/ Negro - 4,5 x 13 cm","description":"Descubra la suela rectangular plegada dorada\/negra para tartas de 4,5 x 13 cm. Resistente y pr\u00e1ctico, realza sus creaciones a\u00f1adiendo un toque refinado.","robots":{"index":"index","follow":"follow","max-snippet":"max-snippet:-1","max-image-preview":"max-image-preview:large","max-video-preview":"max-video-preview:-1"},"canonical":"https:\/\/www.csj-emballages.com\/es\/produit\/base-de-tarta-rectangular-plegada-dorada-negra-45-x-13-cm-por-200\/","og_locale":"es_ES","og_type":"article","og_title":"Base de tarta rectangular plegada dorada\/negra 4,5 x 13 cm por 200","og_description":"Descubra la suela rectangular plegada dorada\/negra para tartas de 4,5 x 13 cm. Resistente y pr\u00e1ctico, realza sus creaciones a\u00f1adiendo un toque refinado.","og_url":"https:\/\/www.csj-emballages.com\/es\/produit\/base-de-tarta-rectangular-plegada-dorada-negra-45-x-13-cm-por-200\/","og_site_name":"CSJ Emballages","article_publisher":"https:\/\/www.facebook.com\/csjemballages","article_modified_time":"2026-04-01T15:48:11+00:00","og_image":[{"width":800,"height":800,"url":"https:\/\/www.csj-emballages.com\/wp-content\/uploads\/2025\/01\/Semelle-pliee-or.webp","type":"image\/webp"}],"twitter_card":"summary_large_image","twitter_misc":{"Tiempo de lectura":"3 minutos"},"schema":{"@context":"https:\/\/schema.org","@graph":[{"@type":"WebPage","@id":"https:\/\/www.csj-emballages.com\/es\/produit\/base-de-tarta-rectangular-plegada-dorada-negra-45-x-13-cm-por-200\/","url":"https:\/\/www.csj-emballages.com\/es\/produit\/base-de-tarta-rectangular-plegada-dorada-negra-45-x-13-cm-por-200\/","name":"Suela para tarta rectangular plegada Oro \/ Negro - 4,5 x 13 cm","isPartOf":{"@id":"https:\/\/www.csj-emballages.com\/es\/#website"},"primaryImageOfPage":{"@id":"https:\/\/www.csj-emballages.com\/es\/produit\/base-de-tarta-rectangular-plegada-dorada-negra-45-x-13-cm-por-200\/#primaryimage"},"image":{"@id":"https:\/\/www.csj-emballages.com\/es\/produit\/base-de-tarta-rectangular-plegada-dorada-negra-45-x-13-cm-por-200\/#primaryimage"},"thumbnailUrl":"https:\/\/www.csj-emballages.com\/wp-content\/uploads\/2025\/01\/Semelle-pliee-or.webp","datePublished":"2025-01-08T14:39:29+00:00","dateModified":"2026-04-01T15:48:11+00:00","description":"Descubra la suela rectangular plegada dorada\/negra para tartas de 4,5 x 13 cm. Resistente y pr\u00e1ctico, realza sus creaciones a\u00f1adiendo un toque refinado.","breadcrumb":{"@id":"https:\/\/www.csj-emballages.com\/es\/produit\/base-de-tarta-rectangular-plegada-dorada-negra-45-x-13-cm-por-200\/#breadcrumb"},"inLanguage":"es","potentialAction":[{"@type":"ReadAction","target":["https:\/\/www.csj-emballages.com\/es\/produit\/base-de-tarta-rectangular-plegada-dorada-negra-45-x-13-cm-por-200\/"]}]},{"@type":"ImageObject","inLanguage":"es","@id":"https:\/\/www.csj-emballages.com\/es\/produit\/base-de-tarta-rectangular-plegada-dorada-negra-45-x-13-cm-por-200\/#primaryimage","url":"https:\/\/www.csj-emballages.com\/wp-content\/uploads\/2025\/01\/Semelle-pliee-or.webp","contentUrl":"https:\/\/www.csj-emballages.com\/wp-content\/uploads\/2025\/01\/Semelle-pliee-or.webp","width":800,"height":800,"caption":"Semelle gateau"},{"@type":"BreadcrumbList","@id":"https:\/\/www.csj-emballages.com\/es\/produit\/base-de-tarta-rectangular-plegada-dorada-negra-45-x-13-cm-por-200\/#breadcrumb","itemListElement":[{"@type":"ListItem","position":1,"name":"Accueil","item":"https:\/\/www.csj-emballages.com\/es\/universo-del-envasado-alimentario\/"},{"@type":"ListItem","position":2,"name":"Tienda","item":"https:\/\/www.csj-emballages.com\/tienda\/"},{"@type":"ListItem","position":3,"name":"Base de tarta rectangular plegada dorada\/negra 4,5 x 13 cm por 200"}]},{"@type":"WebSite","@id":"https:\/\/www.csj-emballages.com\/es\/#website","url":"https:\/\/www.csj-emballages.com\/es\/","name":"CSJ Emballages","description":"","publisher":{"@id":"https:\/\/www.csj-emballages.com\/es\/#organization"},"potentialAction":[{"@type":"SearchAction","target":{"@type":"EntryPoint","urlTemplate":"https:\/\/www.csj-emballages.com\/es\/?s={search_term_string}"},"query-input":{"@type":"PropertyValueSpecification","valueRequired":true,"valueName":"search_term_string"}}],"inLanguage":"es"},{"@type":"Organization","@id":"https:\/\/www.csj-emballages.com\/es\/#Organization\/","name":"CSJ Emballages","url":"https:\/\/www.csj-emballages.com\/es\/","logo":{"@type":"ImageObject","inLanguage":"es","@id":"https:\/\/www.csj-emballages.com\/es\/#\/schema\/logo\/image\/","url":"https:\/\/www.csj-emballages.com\/wp-content\/uploads\/2023\/10\/logo_csj.webp","contentUrl":"https:\/\/www.csj-emballages.com\/wp-content\/uploads\/2023\/10\/logo_csj.webp","width":250,"height":95,"caption":"CSJ Emballages"},"image":{"@id":"https:\/\/www.csj-emballages.com\/es\/#\/schema\/logo\/image\/"},"sameAs":["https:\/\/www.facebook.com\/csjemballages"],"address":{"@type":"PostalAddress","streetAddress":"ZI La Lechere","addressLocality":"Patornay","postalCode":"39130","addressCountry":"FR"},"contactPoint":[{"@type":"ContactPoint","contactType":"Service client","telephone":"0384254272","email":"contact@csj-emballages.com"}]}]}},"df_price":8.23,"df_sale_price":"","df_regular_price":8.23,"df_image_link":"https:\/\/www.csj-emballages.com\/wp-content\/uploads\/2025\/01\/Semelle-pliee-or-300x300.webp","tiered_pricing_type":"fixed","tiered_pricing_fixed_rules":[],"tiered_pricing_percentage_rules":[],"tiered_pricing_minimum":1,"tiered_pricing_roles_data":[],"_links":{"self":[{"href":"https:\/\/www.csj-emballages.com\/es\/wp-json\/wp\/v2\/product\/226118","targetHints":{"allow":["GET"]}}],"collection":[{"href":"https:\/\/www.csj-emballages.com\/es\/wp-json\/wp\/v2\/product"}],"about":[{"href":"https:\/\/www.csj-emballages.com\/es\/wp-json\/wp\/v2\/types\/product"}],"wp:featuredmedia":[{"embeddable":true,"href":"https:\/\/www.csj-emballages.com\/es\/wp-json\/wp\/v2\/media\/214608"}],"wp:attachment":[{"href":"https:\/\/www.csj-emballages.com\/es\/wp-json\/wp\/v2\/media?parent=226118"}],"wp:term":[{"taxonomy":"product_brand","embeddable":true,"href":"https:\/\/www.csj-emballages.com\/es\/wp-json\/wp\/v2\/product_brand?post=226118"},{"taxonomy":"product_cat","embeddable":true,"href":"https:\/\/www.csj-emballages.com\/es\/wp-json\/wp\/v2\/product_cat?post=226118"},{"taxonomy":"product_tag","embeddable":true,"href":"https:\/\/www.csj-emballages.com\/es\/wp-json\/wp\/v2\/product_tag?post=226118"}],"curies":[{"name":"wp","href":"https:\/\/api.w.org\/{rel}","templated":true}]}}