{"id":226110,"date":"2024-12-19T02:18:43","date_gmt":"2024-12-19T01:18:43","guid":{"rendered":"https:\/\/www.csj-emballages.com\/produit\/aroma-liquido-de-vainilla-50-ml\/"},"modified":"2026-04-15T02:10:36","modified_gmt":"2026-04-15T00:10:36","slug":"aroma-liquido-de-vainilla-50-ml","status":"publish","type":"product","link":"https:\/\/www.csj-emballages.com\/es\/produit\/aroma-liquido-de-vainilla-50-ml\/","title":{"rendered":"Aroma l\u00edquido de vainilla 50 ml"},"content":{"rendered":"<h2>Aroma l\u00edquido<\/h2>\n<hr>\n<h3>Descripci\u00f3n de nuestro l\u00edquido sabor vainilla 50 ml<\/h3>\n<p><!--more--><\/p>\n<p>Descubra nuestro <strong>aroma de<\/strong> <strong>vainilla<\/strong> <strong>l\u00edquida<\/strong>, un sabor dulce y refinado que enriquecer\u00e1 sus recetas. Este producto de calidad est\u00e1 dise\u00f1ado para a\u00f1adir un toque de <strong>vainilla<\/strong> natural a sus postres, pasteles o bebidas. Con su pr\u00e1ctico formato <strong>de 50 ml<\/strong>, es ideal para un uso regular, tanto si es un cocinero aficionado como un profesional. F\u00e1cil de dosificar, este <strong>aroma de vainilla<\/strong> se presta a una gran variedad de creaciones culinarias.   <\/p>\n<p>Utilizar este <strong>aromatizante l\u00edquido<\/strong> es sencillo y flexible. Unas pocas gotas aportan un sabor agradable y sutil a sus recetas. Ya sea para aromatizar cremas, pasteles, tortitas o incluso bebidas, este <strong>aroma de vainilla<\/strong> se integra perfectamente en sus preparaciones. El frasco de <strong>50 ml<\/strong> permite una dosificaci\u00f3n precisa, por lo que no es necesario excederse. Una peque\u00f1a cantidad es todo lo que necesita para a\u00f1adir un aut\u00e9ntico toque de vainilla a sus creaciones.    <\/p>\n<p>&nbsp;<\/p>\n<h4><!--more--><\/h4>\n<h4>Un aroma vers\u00e1til<\/h4>\n<p>Una de las principales ventajas de este <strong>aromatizante l\u00edquido<\/strong> es su versatilidad. De hecho, este <strong>aromatizante de vainilla<\/strong> puede utilizarse en una amplia gama de recetas. Por ejemplo, puede a\u00f1adirse a un pastel h\u00famedo, a un helado casero o incluso a leche caliente para obtener una bebida reconfortante. Tambi\u00e9n funciona bien en recetas saladas, a\u00f1adiendo un sutil sabor a salsas o adobos. Tanto si prepara un dulce como un plato m\u00e1s atrevido, este <strong>aromatizante<\/strong> l\u00edquido dar\u00e1 a sus recetas una nueva dimensi\u00f3n de sabor.    <\/p>\n<p>Adem\u00e1s de ser f\u00e1cil de usar, este <strong>aroma de vainilla<\/strong> tambi\u00e9n es f\u00e1cil de conservar. Gracias a su botella herm\u00e9tica, se mantiene fresco durante varios meses. Basta con volver a cerrar el frasco despu\u00e9s de cada uso para preservar su calidad. As\u00ed podr\u00e1 disfrutar de este <strong>aromatizante l\u00edquido<\/strong> durante mucho tiempo sin preocuparse de que pierda su sabor o su eficacia.   <\/p>\n<p>Este <strong>aromatizante l\u00edquido<\/strong> tambi\u00e9n es una opci\u00f3n econ\u00f3mica. Es concentrado, por lo que basta una peque\u00f1a cantidad para aromatizar una gran cantidad de alimentos. Adem\u00e1s, su envase compacto es f\u00e1cil de guardar en los cajones o armarios de la cocina. Este pr\u00e1ctico formato es ideal tanto para aficionados como para profesionales. No tendr\u00e1 que preocuparse por la cantidad, ya que cada gota de este <strong>aroma de vainilla<\/strong> cuenta para dar el sabor perfecto a sus creaciones.    <\/p>\n<h3><\/h3>\n<p><!--more--><\/p>\n<h4>Un toque dulce y refinado para sus recetas<\/h4>\n<p><strong>El aroma l\u00edquido de<\/strong> <strong>vainilla<\/strong> es el ingrediente ideal para a\u00f1adir un toque dulce y refinado a sus creaciones. La vainilla, con su rica y sutil fragancia, es un sabor universalmente apreciado en muchas cocinas de todo el mundo. Este <strong>aroma de vainilla<\/strong> es perfecto para reposter\u00eda, postres y bebidas dulces, pero tambi\u00e9n para quienes deseen a\u00f1adir una nota c\u00e1lida y dulce a recetas m\u00e1s originales.  <\/p>\n<p>En resumen,<strong>el aroma de<\/strong> vainilla<strong>l\u00edquida<\/strong> es un producto esencial para todo aquel al que le guste a\u00f1adir un toque dulce a sus recetas. Su facilidad de uso, versatilidad y larga conservaci\u00f3n lo convierten en una elecci\u00f3n pr\u00e1ctica y econ\u00f3mica para los aficionados a la cocina. Con este <strong>aroma de vainilla<\/strong>, podr\u00e1 transformar sus recetas en creaciones deliciosas y refinadas. Pru\u00e9belo hoy mismo y aporte un nuevo sabor a sus platos cotidianos.   <\/p>\n<p>&nbsp;<\/p>\n<p><!--more--><\/p>\n<p>Pruebe hoy mismo este <strong>sabor a vainilla<\/strong> y a\u00f1ada una nueva dimensi\u00f3n a sus recetas cotidianas.<\/p>\n<p>&nbsp;<\/p>\n<p><!--more--><\/p>\n<h4>Ventajas:<\/h4>\n<ul>\n<li><strong>Sabor aut\u00e9ntico y refinado<\/strong>:<strong>el aroma de<\/strong> vainilla<strong>l\u00edquida<\/strong> ofrece un sabor natural, ideal para realzar sus recetas dulces y saladas.<\/li>\n<li><strong>F\u00e1cil de dosificar<\/strong>: s\u00f3lo necesita unas gotas para aromatizar sus platos, por lo que puede utilizarlas con precisi\u00f3n y sin excesos.<\/li>\n<li><strong>Vers\u00e1til<\/strong>: Perfecto para una gran variedad de recetas, ya sean postres, bebidas, reposter\u00eda o incluso platos salados.<\/li>\n<li><strong>Conservaci\u00f3n optimizada<\/strong>: el frasco herm\u00e9tico mantiene fresco el<strong>aroma de vainilla<\/strong> durante varios meses.<\/li>\n<\/ul>\n<p>&nbsp;<\/p>\n<p><!--more--><\/p>\n<h4>Informaci\u00f3n adicional :<\/h4>\n<ul>\n<li><b>Altura: <\/b>115 mm<\/li>\n<li><strong>Embalaje<\/strong>: Por unidad<\/li>\n<li><strong>Volumen<\/strong>: 50 ml<\/li>\n<li><b>Sabor: <\/b>Vainilla<\/li>\n<li><strong>Posolog\u00eda<\/strong>: 5g\/kg<\/li>\n<\/ul>\n<p>&nbsp;<\/p>\n<p><!--more--><\/p>\n<h4>Composici\u00f3n:<\/h4>\n<ul>\n<li><strong>Jarabe de az\u00facar<\/strong> \/ <strong>Agua<\/strong> \/ <strong>Aroma natural de vainilla \/ Colorante caramelo <\/strong> <\/li>\n<\/ul>\n<p>&nbsp;<\/p>\n<p><!--more--><\/p>\n<p>Disponible en varios sabores: <span style=\"color: #d12727;\"><a style=\"color: #d12727;\" href=\"https:\/\/www.csj-emballages.com\/es\/produit\/liquido-sabor-cafe-50-ml\/\">Caf\u00e9<\/a><\/span> \/ <span style=\"color: #d12727;\"><a style=\"color: #d12727;\" href=\"https:\/\/www.csj-emballages.com\/en\/produit\/liquid-rose-flavor-500-ml\/\">Rosa<\/a><\/span> \/ <span style=\"color: #d12727;\"><a style=\"color: #d12727;\" href=\"https:\/\/www.csj-emballages.com\/en\/produit\/liquid-banana-flavor-50-ml\/\">Pl\u00e1tano<\/a><\/span> \/ <span style=\"color: #d12727;\"><a style=\"color: #d12727;\" href=\"https:\/\/www.csj-emballages.com\/es\/produit\/aroma-liquido-de-azahar-1-litro\/\">Azahar<\/a><\/span> \/ <span style=\"color: #d12727;\"><a style=\"color: #d12727;\" href=\"https:\/\/www.csj-emballages.com\/es\/produit\/fresa-sabor-liquido-50-ml\/\">Fresa<\/a><\/span><\/p>\n<p>&nbsp;<\/p>\n<p><!--more--><\/p>\n<p><a href=\"https:\/\/www.csj-emballages.com\/es\/categorie-produit\/alimentacion-es\/pasteleria\/sabores\/\">Descubra el resto de nuestra gama de sabores<\/a><\/p>\n","protected":false},"excerpt":{"rendered":"<p>Aroma l\u00edquido Descripci\u00f3n de nuestro l\u00edquido sabor vainilla 50 ml<\/p>\n","protected":false},"featured_media":218786,"template":"","meta":{"_acf_changed":false},"product_brand":[],"product_cat":[1162,9211,9228],"product_tag":[],"class_list":{"0":"post-226110","1":"product","2":"type-product","3":"status-publish","4":"has-post-thumbnail","6":"product_cat-alimentacion-es","7":"product_cat-pasteleria","8":"product_cat-sabores","10":"first","11":"instock","12":"taxable","13":"shipping-taxable","14":"purchasable","15":"product-type-simple"},"acf":[],"yoast_head":"<!-- This site is optimized with the Yoast SEO Premium plugin v26.6 (Yoast SEO v26.6) - https:\/\/yoast.com\/wordpress\/plugins\/seo\/ -->\n<title>L\u00edquido Sabor Vainilla - 50 ml<\/title>\n<meta name=\"description\" content=\"Descubra el aroma l\u00edquido de vainilla 50 ml: un sabor tropical natural, f\u00e1cil de dosificar y vers\u00e1til para sus recetas dulces y saladas.\" \/>\n<meta name=\"robots\" content=\"index, follow, max-snippet:-1, max-image-preview:large, max-video-preview:-1\" \/>\n<link rel=\"canonical\" href=\"https:\/\/www.csj-emballages.com\/es\/produit\/aroma-liquido-de-vainilla-50-ml\/\" \/>\n<meta property=\"og:locale\" content=\"es_ES\" \/>\n<meta property=\"og:type\" content=\"article\" \/>\n<meta property=\"og:title\" content=\"Aroma l\u00edquido de vainilla 50 ml\" \/>\n<meta property=\"og:description\" content=\"Descubra el aroma l\u00edquido de vainilla 50 ml: un sabor tropical natural, f\u00e1cil de dosificar y vers\u00e1til para sus recetas dulces y saladas.\" \/>\n<meta property=\"og:url\" content=\"https:\/\/www.csj-emballages.com\/es\/produit\/aroma-liquido-de-vainilla-50-ml\/\" \/>\n<meta property=\"og:site_name\" content=\"CSJ Emballages\" \/>\n<meta property=\"article:publisher\" content=\"https:\/\/www.facebook.com\/csjemballages\" \/>\n<meta property=\"article:modified_time\" content=\"2026-04-15T00:10:36+00:00\" \/>\n<meta property=\"og:image\" content=\"https:\/\/www.csj-emballages.com\/wp-content\/uploads\/2024\/12\/Arome-vanille.webp\" \/>\n\t<meta property=\"og:image:width\" content=\"800\" \/>\n\t<meta property=\"og:image:height\" content=\"799\" \/>\n\t<meta property=\"og:image:type\" content=\"image\/webp\" \/>\n<meta name=\"twitter:card\" content=\"summary_large_image\" \/>\n<meta name=\"twitter:label1\" content=\"Tiempo de lectura\" \/>\n\t<meta name=\"twitter:data1\" content=\"4 minutos\" \/>\n<script type=\"application\/ld+json\" class=\"yoast-schema-graph\">{\"@context\":\"https:\/\/schema.org\",\"@graph\":[{\"@type\":\"WebPage\",\"@id\":\"https:\/\/www.csj-emballages.com\/es\/produit\/aroma-liquido-de-vainilla-50-ml\/\",\"url\":\"https:\/\/www.csj-emballages.com\/es\/produit\/aroma-liquido-de-vainilla-50-ml\/\",\"name\":\"L\u00edquido Sabor Vainilla - 50 ml\",\"isPartOf\":{\"@id\":\"https:\/\/www.csj-emballages.com\/es\/#website\"},\"primaryImageOfPage\":{\"@id\":\"https:\/\/www.csj-emballages.com\/es\/produit\/aroma-liquido-de-vainilla-50-ml\/#primaryimage\"},\"image\":{\"@id\":\"https:\/\/www.csj-emballages.com\/es\/produit\/aroma-liquido-de-vainilla-50-ml\/#primaryimage\"},\"thumbnailUrl\":\"https:\/\/www.csj-emballages.com\/wp-content\/uploads\/2024\/12\/Arome-vanille.webp\",\"datePublished\":\"2024-12-19T01:18:43+00:00\",\"dateModified\":\"2026-04-15T00:10:36+00:00\",\"description\":\"Descubra el aroma l\u00edquido de vainilla 50 ml: un sabor tropical natural, f\u00e1cil de dosificar y vers\u00e1til para sus recetas dulces y saladas.\",\"breadcrumb\":{\"@id\":\"https:\/\/www.csj-emballages.com\/es\/produit\/aroma-liquido-de-vainilla-50-ml\/#breadcrumb\"},\"inLanguage\":\"es\",\"potentialAction\":[{\"@type\":\"ReadAction\",\"target\":[\"https:\/\/www.csj-emballages.com\/es\/produit\/aroma-liquido-de-vainilla-50-ml\/\"]}]},{\"@type\":\"ImageObject\",\"inLanguage\":\"es\",\"@id\":\"https:\/\/www.csj-emballages.com\/es\/produit\/aroma-liquido-de-vainilla-50-ml\/#primaryimage\",\"url\":\"https:\/\/www.csj-emballages.com\/wp-content\/uploads\/2024\/12\/Arome-vanille.webp\",\"contentUrl\":\"https:\/\/www.csj-emballages.com\/wp-content\/uploads\/2024\/12\/Arome-vanille.webp\",\"width\":800,\"height\":799,\"caption\":\"Ar\u00f4me liquide vanille\"},{\"@type\":\"BreadcrumbList\",\"@id\":\"https:\/\/www.csj-emballages.com\/es\/produit\/aroma-liquido-de-vainilla-50-ml\/#breadcrumb\",\"itemListElement\":[{\"@type\":\"ListItem\",\"position\":1,\"name\":\"Accueil\",\"item\":\"https:\/\/www.csj-emballages.com\/es\/universo-del-envasado-alimentario\/\"},{\"@type\":\"ListItem\",\"position\":2,\"name\":\"Tienda\",\"item\":\"https:\/\/www.csj-emballages.com\/tienda\/\"},{\"@type\":\"ListItem\",\"position\":3,\"name\":\"Aroma l\u00edquido de vainilla 50 ml\"}]},{\"@type\":\"WebSite\",\"@id\":\"https:\/\/www.csj-emballages.com\/es\/#website\",\"url\":\"https:\/\/www.csj-emballages.com\/es\/\",\"name\":\"CSJ Emballages\",\"description\":\"\",\"publisher\":{\"@id\":\"https:\/\/www.csj-emballages.com\/es\/#organization\"},\"potentialAction\":[{\"@type\":\"SearchAction\",\"target\":{\"@type\":\"EntryPoint\",\"urlTemplate\":\"https:\/\/www.csj-emballages.com\/es\/?s={search_term_string}\"},\"query-input\":{\"@type\":\"PropertyValueSpecification\",\"valueRequired\":true,\"valueName\":\"search_term_string\"}}],\"inLanguage\":\"es\"},{\"@type\":\"Organization\",\"@id\":\"https:\/\/www.csj-emballages.com\/es\/#Organization\/\",\"name\":\"CSJ Emballages\",\"url\":\"https:\/\/www.csj-emballages.com\/es\/\",\"logo\":{\"@type\":\"ImageObject\",\"inLanguage\":\"es\",\"@id\":\"https:\/\/www.csj-emballages.com\/es\/#\/schema\/logo\/image\/\",\"url\":\"https:\/\/www.csj-emballages.com\/wp-content\/uploads\/2023\/10\/logo_csj.webp\",\"contentUrl\":\"https:\/\/www.csj-emballages.com\/wp-content\/uploads\/2023\/10\/logo_csj.webp\",\"width\":250,\"height\":95,\"caption\":\"CSJ Emballages\"},\"image\":{\"@id\":\"https:\/\/www.csj-emballages.com\/es\/#\/schema\/logo\/image\/\"},\"sameAs\":[\"https:\/\/www.facebook.com\/csjemballages\"],\"address\":{\"@type\":\"PostalAddress\",\"streetAddress\":\"ZI La Lechere\",\"addressLocality\":\"Patornay\",\"postalCode\":\"39130\",\"addressCountry\":\"FR\"},\"contactPoint\":[{\"@type\":\"ContactPoint\",\"contactType\":\"Service client\",\"telephone\":\"0384254272\",\"email\":\"contact@csj-emballages.com\"}]}]}<\/script>\n<!-- \/ Yoast SEO Premium plugin. -->","yoast_head_json":{"title":"L\u00edquido Sabor Vainilla - 50 ml","description":"Descubra el aroma l\u00edquido de vainilla 50 ml: un sabor tropical natural, f\u00e1cil de dosificar y vers\u00e1til para sus recetas dulces y saladas.","robots":{"index":"index","follow":"follow","max-snippet":"max-snippet:-1","max-image-preview":"max-image-preview:large","max-video-preview":"max-video-preview:-1"},"canonical":"https:\/\/www.csj-emballages.com\/es\/produit\/aroma-liquido-de-vainilla-50-ml\/","og_locale":"es_ES","og_type":"article","og_title":"Aroma l\u00edquido de vainilla 50 ml","og_description":"Descubra el aroma l\u00edquido de vainilla 50 ml: un sabor tropical natural, f\u00e1cil de dosificar y vers\u00e1til para sus recetas dulces y saladas.","og_url":"https:\/\/www.csj-emballages.com\/es\/produit\/aroma-liquido-de-vainilla-50-ml\/","og_site_name":"CSJ Emballages","article_publisher":"https:\/\/www.facebook.com\/csjemballages","article_modified_time":"2026-04-15T00:10:36+00:00","og_image":[{"width":800,"height":799,"url":"https:\/\/www.csj-emballages.com\/wp-content\/uploads\/2024\/12\/Arome-vanille.webp","type":"image\/webp"}],"twitter_card":"summary_large_image","twitter_misc":{"Tiempo de lectura":"4 minutos"},"schema":{"@context":"https:\/\/schema.org","@graph":[{"@type":"WebPage","@id":"https:\/\/www.csj-emballages.com\/es\/produit\/aroma-liquido-de-vainilla-50-ml\/","url":"https:\/\/www.csj-emballages.com\/es\/produit\/aroma-liquido-de-vainilla-50-ml\/","name":"L\u00edquido Sabor Vainilla - 50 ml","isPartOf":{"@id":"https:\/\/www.csj-emballages.com\/es\/#website"},"primaryImageOfPage":{"@id":"https:\/\/www.csj-emballages.com\/es\/produit\/aroma-liquido-de-vainilla-50-ml\/#primaryimage"},"image":{"@id":"https:\/\/www.csj-emballages.com\/es\/produit\/aroma-liquido-de-vainilla-50-ml\/#primaryimage"},"thumbnailUrl":"https:\/\/www.csj-emballages.com\/wp-content\/uploads\/2024\/12\/Arome-vanille.webp","datePublished":"2024-12-19T01:18:43+00:00","dateModified":"2026-04-15T00:10:36+00:00","description":"Descubra el aroma l\u00edquido de vainilla 50 ml: un sabor tropical natural, f\u00e1cil de dosificar y vers\u00e1til para sus recetas dulces y saladas.","breadcrumb":{"@id":"https:\/\/www.csj-emballages.com\/es\/produit\/aroma-liquido-de-vainilla-50-ml\/#breadcrumb"},"inLanguage":"es","potentialAction":[{"@type":"ReadAction","target":["https:\/\/www.csj-emballages.com\/es\/produit\/aroma-liquido-de-vainilla-50-ml\/"]}]},{"@type":"ImageObject","inLanguage":"es","@id":"https:\/\/www.csj-emballages.com\/es\/produit\/aroma-liquido-de-vainilla-50-ml\/#primaryimage","url":"https:\/\/www.csj-emballages.com\/wp-content\/uploads\/2024\/12\/Arome-vanille.webp","contentUrl":"https:\/\/www.csj-emballages.com\/wp-content\/uploads\/2024\/12\/Arome-vanille.webp","width":800,"height":799,"caption":"Ar\u00f4me liquide vanille"},{"@type":"BreadcrumbList","@id":"https:\/\/www.csj-emballages.com\/es\/produit\/aroma-liquido-de-vainilla-50-ml\/#breadcrumb","itemListElement":[{"@type":"ListItem","position":1,"name":"Accueil","item":"https:\/\/www.csj-emballages.com\/es\/universo-del-envasado-alimentario\/"},{"@type":"ListItem","position":2,"name":"Tienda","item":"https:\/\/www.csj-emballages.com\/tienda\/"},{"@type":"ListItem","position":3,"name":"Aroma l\u00edquido de vainilla 50 ml"}]},{"@type":"WebSite","@id":"https:\/\/www.csj-emballages.com\/es\/#website","url":"https:\/\/www.csj-emballages.com\/es\/","name":"CSJ Emballages","description":"","publisher":{"@id":"https:\/\/www.csj-emballages.com\/es\/#organization"},"potentialAction":[{"@type":"SearchAction","target":{"@type":"EntryPoint","urlTemplate":"https:\/\/www.csj-emballages.com\/es\/?s={search_term_string}"},"query-input":{"@type":"PropertyValueSpecification","valueRequired":true,"valueName":"search_term_string"}}],"inLanguage":"es"},{"@type":"Organization","@id":"https:\/\/www.csj-emballages.com\/es\/#Organization\/","name":"CSJ Emballages","url":"https:\/\/www.csj-emballages.com\/es\/","logo":{"@type":"ImageObject","inLanguage":"es","@id":"https:\/\/www.csj-emballages.com\/es\/#\/schema\/logo\/image\/","url":"https:\/\/www.csj-emballages.com\/wp-content\/uploads\/2023\/10\/logo_csj.webp","contentUrl":"https:\/\/www.csj-emballages.com\/wp-content\/uploads\/2023\/10\/logo_csj.webp","width":250,"height":95,"caption":"CSJ Emballages"},"image":{"@id":"https:\/\/www.csj-emballages.com\/es\/#\/schema\/logo\/image\/"},"sameAs":["https:\/\/www.facebook.com\/csjemballages"],"address":{"@type":"PostalAddress","streetAddress":"ZI La Lechere","addressLocality":"Patornay","postalCode":"39130","addressCountry":"FR"},"contactPoint":[{"@type":"ContactPoint","contactType":"Service client","telephone":"0384254272","email":"contact@csj-emballages.com"}]}]}},"df_price":3.28,"df_sale_price":"","df_regular_price":3.28,"df_image_link":"https:\/\/www.csj-emballages.com\/wp-content\/uploads\/2024\/12\/Arome-vanille-300x300.webp","tiered_pricing_type":"fixed","tiered_pricing_fixed_rules":[],"tiered_pricing_percentage_rules":[],"tiered_pricing_minimum":1,"tiered_pricing_roles_data":[],"_links":{"self":[{"href":"https:\/\/www.csj-emballages.com\/es\/wp-json\/wp\/v2\/product\/226110","targetHints":{"allow":["GET"]}}],"collection":[{"href":"https:\/\/www.csj-emballages.com\/es\/wp-json\/wp\/v2\/product"}],"about":[{"href":"https:\/\/www.csj-emballages.com\/es\/wp-json\/wp\/v2\/types\/product"}],"wp:featuredmedia":[{"embeddable":true,"href":"https:\/\/www.csj-emballages.com\/es\/wp-json\/wp\/v2\/media\/218786"}],"wp:attachment":[{"href":"https:\/\/www.csj-emballages.com\/es\/wp-json\/wp\/v2\/media?parent=226110"}],"wp:term":[{"taxonomy":"product_brand","embeddable":true,"href":"https:\/\/www.csj-emballages.com\/es\/wp-json\/wp\/v2\/product_brand?post=226110"},{"taxonomy":"product_cat","embeddable":true,"href":"https:\/\/www.csj-emballages.com\/es\/wp-json\/wp\/v2\/product_cat?post=226110"},{"taxonomy":"product_tag","embeddable":true,"href":"https:\/\/www.csj-emballages.com\/es\/wp-json\/wp\/v2\/product_tag?post=226110"}],"curies":[{"name":"wp","href":"https:\/\/api.w.org\/{rel}","templated":true}]}}