{"id":226105,"date":"2024-12-19T02:18:37","date_gmt":"2024-12-19T01:18:37","guid":{"rendered":"https:\/\/www.csj-emballages.com\/produit\/liquido-sabor-naranja-50-ml\/"},"modified":"2026-03-12T16:05:29","modified_gmt":"2026-03-12T15:05:29","slug":"liquido-sabor-naranja-50-ml","status":"publish","type":"product","link":"https:\/\/www.csj-emballages.com\/es\/produit\/liquido-sabor-naranja-50-ml\/","title":{"rendered":"L\u00edquido sabor naranja 50 ml"},"content":{"rendered":"<h2>Aroma l\u00edquido<\/h2>\n<hr>\n<h3>Descripci\u00f3n de nuestro l\u00edquido sabor naranja 50 ml<\/h3>\n<p><!--more--><\/p>\n<p>Descubra nuestro <strong>aromatizante<\/strong> l\u00edquido con el sabor fresco y vigorizante de la naranja. Este producto ha sido concebido para aportar un toque c\u00edtrico a sus recetas. Con su sabor aut\u00e9ntico, este aromatizante de <strong>naranja<\/strong> combina a la perfecci\u00f3n con numerosas creaciones, ya sean dulces o saladas. Disponible en un pr\u00e1ctico frasco de <strong>50 ml<\/strong>, es ideal para aficionados a la cocina, pasteleros y profesionales. Gracias a su formato, es f\u00e1cil de dosificar y se integra perfectamente en sus recetas. El uso de este <strong>aromatizante l\u00edquido<\/strong> es sencillo y vers\u00e1til. Puede a\u00f1adirlo a sus recetas para darles un toque afrutado y \u00e1cido. Es perfecto para aromatizar pasteles, cremas, macedonias o bebidas como zumos naturales o c\u00f3cteles. Basta con a\u00f1adir unas gotas de<strong>aroma de naranja<\/strong> para obtener un sabor agradable y equilibrado.        <\/p>\n<p>&nbsp;<\/p>\n<p><!--more--><\/p>\n<h4>Un aroma vers\u00e1til<\/h4>\n<p>Adem\u00e1s de ser f\u00e1cil de usar, este <strong>aroma l\u00edquido<\/strong> es muy vers\u00e1til. Puede utilizarse tanto en postres como en platos m\u00e1s atrevidos. Por ejemplo, en reposter\u00eda, helados o sorbetes,<strong>el aroma de naranja<\/strong> aportar\u00e1 un refrescante toque de acidez. Tambi\u00e9n funciona perfectamente en salsas o adobos, creando un bonito equilibrio con otros sabores, ya sean picantes o salados. Este producto puede a\u00f1adir una nueva dimensi\u00f3n a sus creaciones culinarias.    <\/p>\n<p>Otra ventaja de este <strong>aroma l\u00edquido<\/strong> es su durabilidad. Su botella herm\u00e9tica protege el aroma del aire, garantizando una frescura duradera. Puede almacenar este producto durante varios meses sin preocuparse de que pierda su calidad. Despu\u00e9s de cada uso, aseg\u00farese de cerrar bien el frasco para preservar su eficacia. Este <strong>aromatizante l\u00edquido de naranja<\/strong> tambi\u00e9n es una opci\u00f3n econ\u00f3mica. Una peque\u00f1a cantidad suele bastar para aromatizar una gran cantidad de alimentos. Esto significa que puede utilizarlo durante mucho tiempo sin tener que comprar nuevos frascos con frecuencia. Su pr\u00e1ctico formato <strong>de 50 ml<\/strong> tambi\u00e9n es una ventaja, ya que le permite comprar s\u00f3lo la cantidad que necesita, sin excesos. Esto hace que este <strong>saborizante de<\/strong> naranja sea pr\u00e1ctico y rentable.        <\/p>\n<p>&nbsp;<\/p>\n<p><!--more--><\/p>\n<h4>Un toque afrutado para sus recetas<\/h4>\n<p><strong>El aroma l\u00edquido de<\/strong> <strong>naranja<\/strong> ofrece un sabor dulce, afrutado y ligeramente \u00e1cido, ideal para enriquecer sus recetas. Su frescura natural es perfecta para a\u00f1adir un poco de ligereza y vivacidad a sus creaciones. El<strong>aroma de naranja<\/strong> es perfecto para los amantes de los sabores afrutados, pero tambi\u00e9n para los que les gusta experimentar con nuevas combinaciones. Tambi\u00e9n es perfecto para las bebidas. Puede a\u00f1adirlo a sus zumos naturales, batidos o c\u00f3cteles para obtener un sabor a\u00fan m\u00e1s vibrante y energizante.    <\/p>\n<p>En resumen, este <strong>saborizante l\u00edquido de<\/strong> <strong>naranja<\/strong> es un producto vers\u00e1til, f\u00e1cil de usar y econ\u00f3mico. Le permite personalizar sus recetas de forma r\u00e1pida y eficaz. Ya sea para postres, bebidas o platos salados,<strong>el aroma de naranja<\/strong> aporta un toque afrutado y refrescante. Pru\u00e9belo hoy mismo y d\u00e9jese seducir por su sabor natural y su capacidad para transformar sus creaciones.   <\/p>\n<p>&nbsp;<\/p>\n<p><!--more--><\/p>\n<h4>Ventajas:<\/h4>\n<ul>\n<li><strong>Sabor natural y refrescante<\/strong>:<strong>El aroma l\u00edquido de<\/strong> naranja ofrece un sabor afrutado, fresco y ligeramente \u00e1cido, ideal para dar viveza a sus recetas.<\/li>\n<li><strong>F\u00e1cil de dosificar<\/strong>: bastan unas pocas gotas para obtener el sabor deseado, lo que permite dosificar de forma precisa y sencilla.<\/li>\n<li><strong>Vers\u00e1til<\/strong>: Perfecto para una gran variedad de recetas, ya sean dulces (pasteles, helados, c\u00f3cteles) o saladas (salsas, adobos).<\/li>\n<li><strong>Conservaci\u00f3n \u00f3ptima<\/strong>: el frasco herm\u00e9tico protege el aroma, garantizando una frescura duradera durante varios meses.<\/li>\n<\/ul>\n<p>&nbsp;<\/p>\n<p><!--more--><\/p>\n<h4>Informaci\u00f3n adicional :<\/h4>\n<ul>\n<li><b>Altura: <\/b>115 mm<\/li>\n<li><strong>Embalaje<\/strong>: Por unidad<\/li>\n<li><strong>Volumen<\/strong>: 50 ml<\/li>\n<li><b>Sabor: <\/b>Naranja<\/li>\n<li><strong>Posolog\u00eda<\/strong>: 5g\/kg<\/li>\n<\/ul>\n<p>&nbsp;<\/p>\n<p><!--more--><\/p>\n<h4>Composici\u00f3n:<\/h4>\n<ul>\n<li><strong>Jarabe de az\u00facar<\/strong> \/ <strong>Agua<\/strong> \/ <strong>Aroma de naranja<\/strong><\/li>\n<\/ul>\n<p>&nbsp;<\/p>\n<p><!--more--><\/p>\n<p>Disponible en varios sabores: <span style=\"color: #d12727;\"><a style=\"color: #d12727;\" href=\"https:\/\/www.csj-emballages.com\/es\/produit\/liquido-sabor-cafe-50-ml\/\">Caf\u00e9<\/a><\/span> \/ <span style=\"color: #d12727;\"><a style=\"color: #d12727;\" href=\"https:\/\/www.csj-emballages.com\/es\/produit\/pina-sabor-liquido-50-ml\/\">Pi\u00f1a<\/a><\/span> \/ <span style=\"color: #d12727;\"><a style=\"color: #d12727;\" href=\"https:\/\/www.csj-emballages.com\/es\/produit\/aroma-de-cacao-liquido-50-ml\/\">Cacao<\/a><\/span> \/ <span style=\"color: #d12727;\"><a style=\"color: #d12727;\" href=\"https:\/\/www.csj-emballages.com\/es\/produit\/aroma-liquido-de-azahar-1-litro\/\">Azahar<\/a><\/span> \/ <span style=\"color: #d12727;\"><a style=\"color: #d12727;\" href=\"https:\/\/www.csj-emballages.com\/es\/produit\/fresa-sabor-liquido-50-ml\/\">Fresa<\/a><\/span> \/ <span style=\"color: #d12727;\"><a style=\"color: #d12727;\" href=\"https:\/\/www.csj-emballages.com\/es\/produit\/liquido-sabor-almendra-amarga-50-ml\/\">Almendra amarga<\/a><\/span><\/p>\n<p>&nbsp;<\/p>\n<p><!--more--><\/p>\n<p><a href=\"https:\/\/www.csj-emballages.com\/es\/categorie-produit\/alimentacion-es\/pasteleria\/sabores\/\">Descubra el resto de nuestra gama de sabores<\/a><\/p>\n","protected":false},"excerpt":{"rendered":"<p>Aroma l\u00edquido Descripci\u00f3n de nuestro l\u00edquido sabor naranja 50 ml<\/p>\n","protected":false},"featured_media":219236,"template":"","meta":{"_acf_changed":false},"product_brand":[],"product_cat":[1162,9211,9228],"product_tag":[],"class_list":{"0":"post-226105","1":"product","2":"type-product","3":"status-publish","4":"has-post-thumbnail","6":"product_cat-alimentacion-es","7":"product_cat-pasteleria","8":"product_cat-sabores","10":"first","11":"instock","12":"taxable","13":"shipping-taxable","14":"purchasable","15":"product-type-simple"},"acf":[],"yoast_head":"<!-- This site is optimized with the Yoast SEO Premium plugin v26.6 (Yoast SEO v26.6) - https:\/\/yoast.com\/wordpress\/plugins\/seo\/ -->\n<title>L\u00edquido Sabor Naranja - 50 ml<\/title>\n<meta name=\"description\" content=\"Descubra el aroma l\u00edquido de naranja 50 ml: un sabor natural y vers\u00e1til para realzar sus recetas dulces y saladas. Pr\u00e1ctico formato, f\u00e1cil de dosificar\" \/>\n<meta name=\"robots\" content=\"index, follow, max-snippet:-1, max-image-preview:large, max-video-preview:-1\" \/>\n<link rel=\"canonical\" href=\"https:\/\/www.csj-emballages.com\/es\/produit\/liquido-sabor-naranja-50-ml\/\" \/>\n<meta property=\"og:locale\" content=\"es_ES\" \/>\n<meta property=\"og:type\" content=\"article\" \/>\n<meta property=\"og:title\" content=\"L\u00edquido sabor naranja 50 ml\" \/>\n<meta property=\"og:description\" content=\"Descubra el aroma l\u00edquido de naranja 50 ml: un sabor natural y vers\u00e1til para realzar sus recetas dulces y saladas. Pr\u00e1ctico formato, f\u00e1cil de dosificar\" \/>\n<meta property=\"og:url\" content=\"https:\/\/www.csj-emballages.com\/es\/produit\/liquido-sabor-naranja-50-ml\/\" \/>\n<meta property=\"og:site_name\" content=\"CSJ Emballages\" \/>\n<meta property=\"article:publisher\" content=\"https:\/\/www.facebook.com\/csjemballages\" \/>\n<meta property=\"article:modified_time\" content=\"2026-03-12T15:05:29+00:00\" \/>\n<meta property=\"og:image\" content=\"https:\/\/www.csj-emballages.com\/wp-content\/uploads\/2024\/12\/Arome-orange.webp\" \/>\n\t<meta property=\"og:image:width\" content=\"800\" \/>\n\t<meta property=\"og:image:height\" content=\"800\" \/>\n\t<meta property=\"og:image:type\" content=\"image\/webp\" \/>\n<meta name=\"twitter:card\" content=\"summary_large_image\" \/>\n<meta name=\"twitter:label1\" content=\"Tiempo de lectura\" \/>\n\t<meta name=\"twitter:data1\" content=\"3 minutos\" \/>\n<script type=\"application\/ld+json\" class=\"yoast-schema-graph\">{\"@context\":\"https:\/\/schema.org\",\"@graph\":[{\"@type\":\"WebPage\",\"@id\":\"https:\/\/www.csj-emballages.com\/es\/produit\/liquido-sabor-naranja-50-ml\/\",\"url\":\"https:\/\/www.csj-emballages.com\/es\/produit\/liquido-sabor-naranja-50-ml\/\",\"name\":\"L\u00edquido Sabor Naranja - 50 ml\",\"isPartOf\":{\"@id\":\"https:\/\/www.csj-emballages.com\/es\/#website\"},\"primaryImageOfPage\":{\"@id\":\"https:\/\/www.csj-emballages.com\/es\/produit\/liquido-sabor-naranja-50-ml\/#primaryimage\"},\"image\":{\"@id\":\"https:\/\/www.csj-emballages.com\/es\/produit\/liquido-sabor-naranja-50-ml\/#primaryimage\"},\"thumbnailUrl\":\"https:\/\/www.csj-emballages.com\/wp-content\/uploads\/2024\/12\/Arome-orange.webp\",\"datePublished\":\"2024-12-19T01:18:37+00:00\",\"dateModified\":\"2026-03-12T15:05:29+00:00\",\"description\":\"Descubra el aroma l\u00edquido de naranja 50 ml: un sabor natural y vers\u00e1til para realzar sus recetas dulces y saladas. Pr\u00e1ctico formato, f\u00e1cil de dosificar\",\"breadcrumb\":{\"@id\":\"https:\/\/www.csj-emballages.com\/es\/produit\/liquido-sabor-naranja-50-ml\/#breadcrumb\"},\"inLanguage\":\"es\",\"potentialAction\":[{\"@type\":\"ReadAction\",\"target\":[\"https:\/\/www.csj-emballages.com\/es\/produit\/liquido-sabor-naranja-50-ml\/\"]}]},{\"@type\":\"ImageObject\",\"inLanguage\":\"es\",\"@id\":\"https:\/\/www.csj-emballages.com\/es\/produit\/liquido-sabor-naranja-50-ml\/#primaryimage\",\"url\":\"https:\/\/www.csj-emballages.com\/wp-content\/uploads\/2024\/12\/Arome-orange.webp\",\"contentUrl\":\"https:\/\/www.csj-emballages.com\/wp-content\/uploads\/2024\/12\/Arome-orange.webp\",\"width\":800,\"height\":800,\"caption\":\"Ar\u00f4me liquide orange\"},{\"@type\":\"BreadcrumbList\",\"@id\":\"https:\/\/www.csj-emballages.com\/es\/produit\/liquido-sabor-naranja-50-ml\/#breadcrumb\",\"itemListElement\":[{\"@type\":\"ListItem\",\"position\":1,\"name\":\"Accueil\",\"item\":\"https:\/\/www.csj-emballages.com\/es\/universo-del-envasado-alimentario\/\"},{\"@type\":\"ListItem\",\"position\":2,\"name\":\"Tienda\",\"item\":\"https:\/\/www.csj-emballages.com\/tienda\/\"},{\"@type\":\"ListItem\",\"position\":3,\"name\":\"L\u00edquido sabor naranja 50 ml\"}]},{\"@type\":\"WebSite\",\"@id\":\"https:\/\/www.csj-emballages.com\/es\/#website\",\"url\":\"https:\/\/www.csj-emballages.com\/es\/\",\"name\":\"CSJ Emballages\",\"description\":\"\",\"publisher\":{\"@id\":\"https:\/\/www.csj-emballages.com\/es\/#organization\"},\"potentialAction\":[{\"@type\":\"SearchAction\",\"target\":{\"@type\":\"EntryPoint\",\"urlTemplate\":\"https:\/\/www.csj-emballages.com\/es\/?s={search_term_string}\"},\"query-input\":{\"@type\":\"PropertyValueSpecification\",\"valueRequired\":true,\"valueName\":\"search_term_string\"}}],\"inLanguage\":\"es\"},{\"@type\":\"Organization\",\"@id\":\"https:\/\/www.csj-emballages.com\/es\/#Organization\/\",\"name\":\"CSJ Emballages\",\"url\":\"https:\/\/www.csj-emballages.com\/es\/\",\"logo\":{\"@type\":\"ImageObject\",\"inLanguage\":\"es\",\"@id\":\"https:\/\/www.csj-emballages.com\/es\/#\/schema\/logo\/image\/\",\"url\":\"https:\/\/www.csj-emballages.com\/wp-content\/uploads\/2023\/10\/logo_csj.webp\",\"contentUrl\":\"https:\/\/www.csj-emballages.com\/wp-content\/uploads\/2023\/10\/logo_csj.webp\",\"width\":250,\"height\":95,\"caption\":\"CSJ Emballages\"},\"image\":{\"@id\":\"https:\/\/www.csj-emballages.com\/es\/#\/schema\/logo\/image\/\"},\"sameAs\":[\"https:\/\/www.facebook.com\/csjemballages\"],\"address\":{\"@type\":\"PostalAddress\",\"streetAddress\":\"ZI La Lechere\",\"addressLocality\":\"Patornay\",\"postalCode\":\"39130\",\"addressCountry\":\"FR\"},\"contactPoint\":[{\"@type\":\"ContactPoint\",\"contactType\":\"Service client\",\"telephone\":\"0384254272\",\"email\":\"contact@csj-emballages.com\"}]}]}<\/script>\n<!-- \/ Yoast SEO Premium plugin. -->","yoast_head_json":{"title":"L\u00edquido Sabor Naranja - 50 ml","description":"Descubra el aroma l\u00edquido de naranja 50 ml: un sabor natural y vers\u00e1til para realzar sus recetas dulces y saladas. Pr\u00e1ctico formato, f\u00e1cil de dosificar","robots":{"index":"index","follow":"follow","max-snippet":"max-snippet:-1","max-image-preview":"max-image-preview:large","max-video-preview":"max-video-preview:-1"},"canonical":"https:\/\/www.csj-emballages.com\/es\/produit\/liquido-sabor-naranja-50-ml\/","og_locale":"es_ES","og_type":"article","og_title":"L\u00edquido sabor naranja 50 ml","og_description":"Descubra el aroma l\u00edquido de naranja 50 ml: un sabor natural y vers\u00e1til para realzar sus recetas dulces y saladas. Pr\u00e1ctico formato, f\u00e1cil de dosificar","og_url":"https:\/\/www.csj-emballages.com\/es\/produit\/liquido-sabor-naranja-50-ml\/","og_site_name":"CSJ Emballages","article_publisher":"https:\/\/www.facebook.com\/csjemballages","article_modified_time":"2026-03-12T15:05:29+00:00","og_image":[{"width":800,"height":800,"url":"https:\/\/www.csj-emballages.com\/wp-content\/uploads\/2024\/12\/Arome-orange.webp","type":"image\/webp"}],"twitter_card":"summary_large_image","twitter_misc":{"Tiempo de lectura":"3 minutos"},"schema":{"@context":"https:\/\/schema.org","@graph":[{"@type":"WebPage","@id":"https:\/\/www.csj-emballages.com\/es\/produit\/liquido-sabor-naranja-50-ml\/","url":"https:\/\/www.csj-emballages.com\/es\/produit\/liquido-sabor-naranja-50-ml\/","name":"L\u00edquido Sabor Naranja - 50 ml","isPartOf":{"@id":"https:\/\/www.csj-emballages.com\/es\/#website"},"primaryImageOfPage":{"@id":"https:\/\/www.csj-emballages.com\/es\/produit\/liquido-sabor-naranja-50-ml\/#primaryimage"},"image":{"@id":"https:\/\/www.csj-emballages.com\/es\/produit\/liquido-sabor-naranja-50-ml\/#primaryimage"},"thumbnailUrl":"https:\/\/www.csj-emballages.com\/wp-content\/uploads\/2024\/12\/Arome-orange.webp","datePublished":"2024-12-19T01:18:37+00:00","dateModified":"2026-03-12T15:05:29+00:00","description":"Descubra el aroma l\u00edquido de naranja 50 ml: un sabor natural y vers\u00e1til para realzar sus recetas dulces y saladas. Pr\u00e1ctico formato, f\u00e1cil de dosificar","breadcrumb":{"@id":"https:\/\/www.csj-emballages.com\/es\/produit\/liquido-sabor-naranja-50-ml\/#breadcrumb"},"inLanguage":"es","potentialAction":[{"@type":"ReadAction","target":["https:\/\/www.csj-emballages.com\/es\/produit\/liquido-sabor-naranja-50-ml\/"]}]},{"@type":"ImageObject","inLanguage":"es","@id":"https:\/\/www.csj-emballages.com\/es\/produit\/liquido-sabor-naranja-50-ml\/#primaryimage","url":"https:\/\/www.csj-emballages.com\/wp-content\/uploads\/2024\/12\/Arome-orange.webp","contentUrl":"https:\/\/www.csj-emballages.com\/wp-content\/uploads\/2024\/12\/Arome-orange.webp","width":800,"height":800,"caption":"Ar\u00f4me liquide orange"},{"@type":"BreadcrumbList","@id":"https:\/\/www.csj-emballages.com\/es\/produit\/liquido-sabor-naranja-50-ml\/#breadcrumb","itemListElement":[{"@type":"ListItem","position":1,"name":"Accueil","item":"https:\/\/www.csj-emballages.com\/es\/universo-del-envasado-alimentario\/"},{"@type":"ListItem","position":2,"name":"Tienda","item":"https:\/\/www.csj-emballages.com\/tienda\/"},{"@type":"ListItem","position":3,"name":"L\u00edquido sabor naranja 50 ml"}]},{"@type":"WebSite","@id":"https:\/\/www.csj-emballages.com\/es\/#website","url":"https:\/\/www.csj-emballages.com\/es\/","name":"CSJ Emballages","description":"","publisher":{"@id":"https:\/\/www.csj-emballages.com\/es\/#organization"},"potentialAction":[{"@type":"SearchAction","target":{"@type":"EntryPoint","urlTemplate":"https:\/\/www.csj-emballages.com\/es\/?s={search_term_string}"},"query-input":{"@type":"PropertyValueSpecification","valueRequired":true,"valueName":"search_term_string"}}],"inLanguage":"es"},{"@type":"Organization","@id":"https:\/\/www.csj-emballages.com\/es\/#Organization\/","name":"CSJ Emballages","url":"https:\/\/www.csj-emballages.com\/es\/","logo":{"@type":"ImageObject","inLanguage":"es","@id":"https:\/\/www.csj-emballages.com\/es\/#\/schema\/logo\/image\/","url":"https:\/\/www.csj-emballages.com\/wp-content\/uploads\/2023\/10\/logo_csj.webp","contentUrl":"https:\/\/www.csj-emballages.com\/wp-content\/uploads\/2023\/10\/logo_csj.webp","width":250,"height":95,"caption":"CSJ Emballages"},"image":{"@id":"https:\/\/www.csj-emballages.com\/es\/#\/schema\/logo\/image\/"},"sameAs":["https:\/\/www.facebook.com\/csjemballages"],"address":{"@type":"PostalAddress","streetAddress":"ZI La Lechere","addressLocality":"Patornay","postalCode":"39130","addressCountry":"FR"},"contactPoint":[{"@type":"ContactPoint","contactType":"Service client","telephone":"0384254272","email":"contact@csj-emballages.com"}]}]}},"df_price":2.48,"df_sale_price":"","df_regular_price":2.48,"df_image_link":"https:\/\/www.csj-emballages.com\/wp-content\/uploads\/2024\/12\/Arome-orange-300x300.webp","tiered_pricing_type":"fixed","tiered_pricing_fixed_rules":[],"tiered_pricing_percentage_rules":[],"tiered_pricing_minimum":1,"tiered_pricing_roles_data":[],"_links":{"self":[{"href":"https:\/\/www.csj-emballages.com\/es\/wp-json\/wp\/v2\/product\/226105","targetHints":{"allow":["GET"]}}],"collection":[{"href":"https:\/\/www.csj-emballages.com\/es\/wp-json\/wp\/v2\/product"}],"about":[{"href":"https:\/\/www.csj-emballages.com\/es\/wp-json\/wp\/v2\/types\/product"}],"wp:featuredmedia":[{"embeddable":true,"href":"https:\/\/www.csj-emballages.com\/es\/wp-json\/wp\/v2\/media\/219236"}],"wp:attachment":[{"href":"https:\/\/www.csj-emballages.com\/es\/wp-json\/wp\/v2\/media?parent=226105"}],"wp:term":[{"taxonomy":"product_brand","embeddable":true,"href":"https:\/\/www.csj-emballages.com\/es\/wp-json\/wp\/v2\/product_brand?post=226105"},{"taxonomy":"product_cat","embeddable":true,"href":"https:\/\/www.csj-emballages.com\/es\/wp-json\/wp\/v2\/product_cat?post=226105"},{"taxonomy":"product_tag","embeddable":true,"href":"https:\/\/www.csj-emballages.com\/es\/wp-json\/wp\/v2\/product_tag?post=226105"}],"curies":[{"name":"wp","href":"https:\/\/api.w.org\/{rel}","templated":true}]}}