{"id":226096,"date":"2024-12-19T02:19:17","date_gmt":"2024-12-19T01:19:17","guid":{"rendered":"https:\/\/www.csj-emballages.com\/produit\/vainas-de-vainilla-bourbon-en-tubos-de-2\/"},"modified":"2026-03-18T02:10:20","modified_gmt":"2026-03-18T01:10:20","slug":"vainas-de-vainilla-bourbon-en-tubos-de-2","status":"publish","type":"product","link":"https:\/\/www.csj-emballages.com\/es\/produit\/vainas-de-vainilla-bourbon-en-tubos-de-2\/","title":{"rendered":"Vainas de vainilla Bourbon en tubos de 2"},"content":{"rendered":"<h2>Vaina de vainilla<\/h2>\n<hr>\n<h3>Descripci\u00f3n de nuestra vaina de vainilla Bourbon en tubos de 2<\/h3>\n<p><!--more--><\/p>\n<p data-start=\"254\" data-end=\"639\">Cuando hablamos de <strong>vainilla<\/strong>, hablamos ante todo de aroma, de paciencia y de placer. Estas <strong data-start=\"343\" data-end=\"373\">vainas de vainilla Bourbon<\/strong>, cuidadosamente seleccionadas y envasadas <strong data-start=\"420\" data-end=\"442\">de 2 en un tubo<\/strong>, encarnan exactamente eso. Nada m\u00e1s abrirlas, desprenden un olor c\u00e1lido y profundo que transforma instant\u00e1neamente sus preparaciones. Se nota enseguida que no es una vainilla ordinaria.   <\/p>\n<p data-start=\"641\" data-end=\"983\">Flexibles, bien negras y brillantes, estas vainas se trabajan f\u00e1cilmente. Las abre, raspa las semillas y la magia se produce. Se integran igual de bien en una <strong>crema de postre<\/strong>, una <strong>pasteler\u00eda casera<\/strong>, un <strong>helado artesanal<\/strong> o incluso una <strong>receta salada<\/strong> un poco audaz. As\u00ed, cada plato gana en car\u00e1cter sin resultar nunca empalagoso.   <\/p>\n<p data-start=\"985\" data-end=\"1280\">El <strong>tubo<\/strong> desempe\u00f1a un papel esencial. <strong>Protege las vainas<\/strong>, preserva su frescura y evita que se sequen. Asimismo, permite un almacenamiento limpio y pr\u00e1ctico, tanto en una cocina profesional como en casa. Utiliza lo que necesita y luego lo cierra, sencillamente.   <\/p>\n<p data-start=\"1282\" data-end=\"1597\">Este <strong>formato de 2 unidades<\/strong> es ideal: ni demasiado, ni demasiado poco. Es perfecto para los restauradores, pasteleros, artesanos o apasionados de la cocina que buscan un producto aut\u00e9ntico, sin desperdicio. Al elegir estas <strong>vainas de vainilla Bourbon<\/strong>, opta por una vainilla expresiva, natural y llena de matices.  <\/p>\n<p data-start=\"1599\" data-end=\"1735\">En resumen, es un ingrediente que marca la diferencia, ese que se nota sin saber muy bien por qu\u00e9\u2026 hasta el primer bocado.<\/p>\n<p data-start=\"1599\" data-end=\"1735\"><!--more--><\/p>\n<div class=\"min-h-8 text-message flex w-full flex-col items-end gap-2 whitespace-normal break-words text-start [.text-message+&amp;]:mt-5\" dir=\"auto\" data-message-author-role=\"assistant\" data-message-id=\"d5505132-ccae-4219-a1f8-f62fd3361021\" data-message-model-slug=\"gpt-4o-mini\">\n<div class=\"flex w-full flex-col gap-1 empty:hidden first:pt-[3px]\">\n<div class=\"markdown prose w-full break-words dark:prose-invert dark\">\n<p><span style=\"color: #ff0000;\"><strong>Fecha de consumo preferente (DLUO) 10\/2025<\/strong><\/span><\/p>\n<\/div>\n<\/div>\n<\/div>\n<p>&nbsp;<\/p>\n<p><!--more--><\/p>\n<h4>Ventajas :<\/h4>\n<ul>\n<li data-start=\"1763\" data-end=\"1790\"><strong>Aroma intenso<\/strong> y natural.<\/li>\n<li data-start=\"1793\" data-end=\"1831\"><strong>Vainas de vainilla<\/strong> flexibles y ricas en semillas.<\/li>\n<li data-start=\"1834\" data-end=\"1882\"><strong>Tubo<\/strong> pr\u00e1ctico para una mejor conservaci\u00f3n.<\/li>\n<li data-start=\"1885\" data-end=\"1923\">Formato ideal para un uso regular.<\/li>\n<li data-start=\"1926\" data-end=\"1969\">Adecuado para recetas dulces y saladas.<\/li>\n<\/ul>\n<p>&nbsp;<\/p>\n<p><!--more--><\/p>\n<h4>Informaci\u00f3n adicional :<\/h4>\n<ul>\n<li><strong>Presentaci\u00f3n<\/strong>: Tubo de 2 vainas<\/li>\n<li><b>Altura<\/b>: 15 cm<\/li>\n<li><b>Color<\/b>: Marr\u00f3n<\/li>\n<li><strong>Tipo<\/strong>: Vainilla Bourbon<\/li>\n<\/ul>\n<p>&nbsp;<\/p>\n<p><!--more--><\/p>\n<p><a href=\"\/?product_cat=aromes-liquides\">Descubra el resto de nuestra gama de sabores<\/a><\/p>\n","protected":false},"excerpt":{"rendered":"<p>Vaina de vainilla Descripci\u00f3n de nuestra vaina de vainilla Bourbon en tubos de 2<\/p>\n","protected":false},"featured_media":219439,"template":"","meta":{"_acf_changed":false},"product_brand":[],"product_cat":[1150,10241,1162,9211,9228,1454,1455],"product_tag":[],"class_list":{"0":"post-226096","1":"product","2":"type-product","3":"status-publish","4":"has-post-thumbnail","6":"product_cat-envasado-de-alimentos","7":"product_cat-antidesperdicio","8":"product_cat-alimentacion-es","9":"product_cat-pasteleria","10":"product_cat-sabores","11":"product_cat-especias","12":"product_cat-especias-sencillas","14":"first","15":"instock","16":"sale","17":"taxable","18":"shipping-taxable","19":"purchasable","20":"product-type-simple"},"acf":[],"yoast_head":"<!-- This site is optimized with the Yoast SEO Premium plugin v26.6 (Yoast SEO v26.6) - https:\/\/yoast.com\/wordpress\/plugins\/seo\/ -->\n<title>Tubo de vainilla Bourbon, 2 uds.<\/title>\n<meta name=\"description\" content=\"Descubra nuestras vainas de vainilla Bourbon en tubo: aromas intensos y conservaci\u00f3n \u00f3ptima. \u00a1Perfectas para realzar todas sus recetas dulces o saladas!\" \/>\n<meta name=\"robots\" content=\"index, follow, max-snippet:-1, max-image-preview:large, max-video-preview:-1\" \/>\n<link rel=\"canonical\" href=\"https:\/\/www.csj-emballages.com\/es\/produit\/vainas-de-vainilla-bourbon-en-tubos-de-2\/\" \/>\n<meta property=\"og:locale\" content=\"es_ES\" \/>\n<meta property=\"og:type\" content=\"article\" \/>\n<meta property=\"og:title\" content=\"Vainas de vainilla Bourbon en tubos de 2\" \/>\n<meta property=\"og:description\" content=\"Descubra nuestras vainas de vainilla Bourbon en tubo: aromas intensos y conservaci\u00f3n \u00f3ptima. \u00a1Perfectas para realzar todas sus recetas dulces o saladas!\" \/>\n<meta property=\"og:url\" content=\"https:\/\/www.csj-emballages.com\/es\/produit\/vainas-de-vainilla-bourbon-en-tubos-de-2\/\" \/>\n<meta property=\"og:site_name\" content=\"CSJ Emballages\" \/>\n<meta property=\"article:publisher\" content=\"https:\/\/www.facebook.com\/csjemballages\" \/>\n<meta property=\"article:modified_time\" content=\"2026-03-18T01:10:20+00:00\" \/>\n<meta property=\"og:image\" content=\"https:\/\/www.csj-emballages.com\/wp-content\/uploads\/2024\/12\/Gousse-de-vanille.webp\" \/>\n\t<meta property=\"og:image:width\" content=\"800\" \/>\n\t<meta property=\"og:image:height\" content=\"800\" \/>\n\t<meta property=\"og:image:type\" content=\"image\/webp\" \/>\n<meta name=\"twitter:card\" content=\"summary_large_image\" \/>\n<meta name=\"twitter:label1\" content=\"Tiempo de lectura\" \/>\n\t<meta name=\"twitter:data1\" content=\"2 minutos\" \/>\n<script type=\"application\/ld+json\" class=\"yoast-schema-graph\">{\"@context\":\"https:\/\/schema.org\",\"@graph\":[{\"@type\":\"WebPage\",\"@id\":\"https:\/\/www.csj-emballages.com\/es\/produit\/vainas-de-vainilla-bourbon-en-tubos-de-2\/\",\"url\":\"https:\/\/www.csj-emballages.com\/es\/produit\/vainas-de-vainilla-bourbon-en-tubos-de-2\/\",\"name\":\"Tubo de vainilla Bourbon, 2 uds.\",\"isPartOf\":{\"@id\":\"https:\/\/www.csj-emballages.com\/es\/#website\"},\"primaryImageOfPage\":{\"@id\":\"https:\/\/www.csj-emballages.com\/es\/produit\/vainas-de-vainilla-bourbon-en-tubos-de-2\/#primaryimage\"},\"image\":{\"@id\":\"https:\/\/www.csj-emballages.com\/es\/produit\/vainas-de-vainilla-bourbon-en-tubos-de-2\/#primaryimage\"},\"thumbnailUrl\":\"https:\/\/www.csj-emballages.com\/wp-content\/uploads\/2024\/12\/Gousse-de-vanille.webp\",\"datePublished\":\"2024-12-19T01:19:17+00:00\",\"dateModified\":\"2026-03-18T01:10:20+00:00\",\"description\":\"Descubra nuestras vainas de vainilla Bourbon en tubo: aromas intensos y conservaci\u00f3n \u00f3ptima. \u00a1Perfectas para realzar todas sus recetas dulces o saladas!\",\"breadcrumb\":{\"@id\":\"https:\/\/www.csj-emballages.com\/es\/produit\/vainas-de-vainilla-bourbon-en-tubos-de-2\/#breadcrumb\"},\"inLanguage\":\"es\",\"potentialAction\":[{\"@type\":\"ReadAction\",\"target\":[\"https:\/\/www.csj-emballages.com\/es\/produit\/vainas-de-vainilla-bourbon-en-tubos-de-2\/\"]}]},{\"@type\":\"ImageObject\",\"inLanguage\":\"es\",\"@id\":\"https:\/\/www.csj-emballages.com\/es\/produit\/vainas-de-vainilla-bourbon-en-tubos-de-2\/#primaryimage\",\"url\":\"https:\/\/www.csj-emballages.com\/wp-content\/uploads\/2024\/12\/Gousse-de-vanille.webp\",\"contentUrl\":\"https:\/\/www.csj-emballages.com\/wp-content\/uploads\/2024\/12\/Gousse-de-vanille.webp\",\"width\":800,\"height\":800,\"caption\":\"gousse de vanille\"},{\"@type\":\"BreadcrumbList\",\"@id\":\"https:\/\/www.csj-emballages.com\/es\/produit\/vainas-de-vainilla-bourbon-en-tubos-de-2\/#breadcrumb\",\"itemListElement\":[{\"@type\":\"ListItem\",\"position\":1,\"name\":\"Accueil\",\"item\":\"https:\/\/www.csj-emballages.com\/es\/universo-del-envasado-alimentario\/\"},{\"@type\":\"ListItem\",\"position\":2,\"name\":\"Tienda\",\"item\":\"https:\/\/www.csj-emballages.com\/tienda\/\"},{\"@type\":\"ListItem\",\"position\":3,\"name\":\"Vainas de vainilla Bourbon en tubos de 2\"}]},{\"@type\":\"WebSite\",\"@id\":\"https:\/\/www.csj-emballages.com\/es\/#website\",\"url\":\"https:\/\/www.csj-emballages.com\/es\/\",\"name\":\"CSJ Emballages\",\"description\":\"\",\"publisher\":{\"@id\":\"https:\/\/www.csj-emballages.com\/es\/#organization\"},\"potentialAction\":[{\"@type\":\"SearchAction\",\"target\":{\"@type\":\"EntryPoint\",\"urlTemplate\":\"https:\/\/www.csj-emballages.com\/es\/?s={search_term_string}\"},\"query-input\":{\"@type\":\"PropertyValueSpecification\",\"valueRequired\":true,\"valueName\":\"search_term_string\"}}],\"inLanguage\":\"es\"},{\"@type\":\"Organization\",\"@id\":\"https:\/\/www.csj-emballages.com\/es\/#Organization\/\",\"name\":\"CSJ Emballages\",\"url\":\"https:\/\/www.csj-emballages.com\/es\/\",\"logo\":{\"@type\":\"ImageObject\",\"inLanguage\":\"es\",\"@id\":\"https:\/\/www.csj-emballages.com\/es\/#\/schema\/logo\/image\/\",\"url\":\"https:\/\/www.csj-emballages.com\/wp-content\/uploads\/2023\/10\/logo_csj.webp\",\"contentUrl\":\"https:\/\/www.csj-emballages.com\/wp-content\/uploads\/2023\/10\/logo_csj.webp\",\"width\":250,\"height\":95,\"caption\":\"CSJ Emballages\"},\"image\":{\"@id\":\"https:\/\/www.csj-emballages.com\/es\/#\/schema\/logo\/image\/\"},\"sameAs\":[\"https:\/\/www.facebook.com\/csjemballages\"],\"address\":{\"@type\":\"PostalAddress\",\"streetAddress\":\"ZI La Lechere\",\"addressLocality\":\"Patornay\",\"postalCode\":\"39130\",\"addressCountry\":\"FR\"},\"contactPoint\":[{\"@type\":\"ContactPoint\",\"contactType\":\"Service client\",\"telephone\":\"0384254272\",\"email\":\"contact@csj-emballages.com\"}]}]}<\/script>\n<!-- \/ Yoast SEO Premium plugin. -->","yoast_head_json":{"title":"Tubo de vainilla Bourbon, 2 uds.","description":"Descubra nuestras vainas de vainilla Bourbon en tubo: aromas intensos y conservaci\u00f3n \u00f3ptima. \u00a1Perfectas para realzar todas sus recetas dulces o saladas!","robots":{"index":"index","follow":"follow","max-snippet":"max-snippet:-1","max-image-preview":"max-image-preview:large","max-video-preview":"max-video-preview:-1"},"canonical":"https:\/\/www.csj-emballages.com\/es\/produit\/vainas-de-vainilla-bourbon-en-tubos-de-2\/","og_locale":"es_ES","og_type":"article","og_title":"Vainas de vainilla Bourbon en tubos de 2","og_description":"Descubra nuestras vainas de vainilla Bourbon en tubo: aromas intensos y conservaci\u00f3n \u00f3ptima. \u00a1Perfectas para realzar todas sus recetas dulces o saladas!","og_url":"https:\/\/www.csj-emballages.com\/es\/produit\/vainas-de-vainilla-bourbon-en-tubos-de-2\/","og_site_name":"CSJ Emballages","article_publisher":"https:\/\/www.facebook.com\/csjemballages","article_modified_time":"2026-03-18T01:10:20+00:00","og_image":[{"width":800,"height":800,"url":"https:\/\/www.csj-emballages.com\/wp-content\/uploads\/2024\/12\/Gousse-de-vanille.webp","type":"image\/webp"}],"twitter_card":"summary_large_image","twitter_misc":{"Tiempo de lectura":"2 minutos"},"schema":{"@context":"https:\/\/schema.org","@graph":[{"@type":"WebPage","@id":"https:\/\/www.csj-emballages.com\/es\/produit\/vainas-de-vainilla-bourbon-en-tubos-de-2\/","url":"https:\/\/www.csj-emballages.com\/es\/produit\/vainas-de-vainilla-bourbon-en-tubos-de-2\/","name":"Tubo de vainilla Bourbon, 2 uds.","isPartOf":{"@id":"https:\/\/www.csj-emballages.com\/es\/#website"},"primaryImageOfPage":{"@id":"https:\/\/www.csj-emballages.com\/es\/produit\/vainas-de-vainilla-bourbon-en-tubos-de-2\/#primaryimage"},"image":{"@id":"https:\/\/www.csj-emballages.com\/es\/produit\/vainas-de-vainilla-bourbon-en-tubos-de-2\/#primaryimage"},"thumbnailUrl":"https:\/\/www.csj-emballages.com\/wp-content\/uploads\/2024\/12\/Gousse-de-vanille.webp","datePublished":"2024-12-19T01:19:17+00:00","dateModified":"2026-03-18T01:10:20+00:00","description":"Descubra nuestras vainas de vainilla Bourbon en tubo: aromas intensos y conservaci\u00f3n \u00f3ptima. \u00a1Perfectas para realzar todas sus recetas dulces o saladas!","breadcrumb":{"@id":"https:\/\/www.csj-emballages.com\/es\/produit\/vainas-de-vainilla-bourbon-en-tubos-de-2\/#breadcrumb"},"inLanguage":"es","potentialAction":[{"@type":"ReadAction","target":["https:\/\/www.csj-emballages.com\/es\/produit\/vainas-de-vainilla-bourbon-en-tubos-de-2\/"]}]},{"@type":"ImageObject","inLanguage":"es","@id":"https:\/\/www.csj-emballages.com\/es\/produit\/vainas-de-vainilla-bourbon-en-tubos-de-2\/#primaryimage","url":"https:\/\/www.csj-emballages.com\/wp-content\/uploads\/2024\/12\/Gousse-de-vanille.webp","contentUrl":"https:\/\/www.csj-emballages.com\/wp-content\/uploads\/2024\/12\/Gousse-de-vanille.webp","width":800,"height":800,"caption":"gousse de vanille"},{"@type":"BreadcrumbList","@id":"https:\/\/www.csj-emballages.com\/es\/produit\/vainas-de-vainilla-bourbon-en-tubos-de-2\/#breadcrumb","itemListElement":[{"@type":"ListItem","position":1,"name":"Accueil","item":"https:\/\/www.csj-emballages.com\/es\/universo-del-envasado-alimentario\/"},{"@type":"ListItem","position":2,"name":"Tienda","item":"https:\/\/www.csj-emballages.com\/tienda\/"},{"@type":"ListItem","position":3,"name":"Vainas de vainilla Bourbon en tubos de 2"}]},{"@type":"WebSite","@id":"https:\/\/www.csj-emballages.com\/es\/#website","url":"https:\/\/www.csj-emballages.com\/es\/","name":"CSJ Emballages","description":"","publisher":{"@id":"https:\/\/www.csj-emballages.com\/es\/#organization"},"potentialAction":[{"@type":"SearchAction","target":{"@type":"EntryPoint","urlTemplate":"https:\/\/www.csj-emballages.com\/es\/?s={search_term_string}"},"query-input":{"@type":"PropertyValueSpecification","valueRequired":true,"valueName":"search_term_string"}}],"inLanguage":"es"},{"@type":"Organization","@id":"https:\/\/www.csj-emballages.com\/es\/#Organization\/","name":"CSJ Emballages","url":"https:\/\/www.csj-emballages.com\/es\/","logo":{"@type":"ImageObject","inLanguage":"es","@id":"https:\/\/www.csj-emballages.com\/es\/#\/schema\/logo\/image\/","url":"https:\/\/www.csj-emballages.com\/wp-content\/uploads\/2023\/10\/logo_csj.webp","contentUrl":"https:\/\/www.csj-emballages.com\/wp-content\/uploads\/2023\/10\/logo_csj.webp","width":250,"height":95,"caption":"CSJ Emballages"},"image":{"@id":"https:\/\/www.csj-emballages.com\/es\/#\/schema\/logo\/image\/"},"sameAs":["https:\/\/www.facebook.com\/csjemballages"],"address":{"@type":"PostalAddress","streetAddress":"ZI La Lechere","addressLocality":"Patornay","postalCode":"39130","addressCountry":"FR"},"contactPoint":[{"@type":"ContactPoint","contactType":"Service client","telephone":"0384254272","email":"contact@csj-emballages.com"}]}]}},"df_price":6.24,"df_sale_price":6.24,"df_regular_price":8.91,"df_image_link":"https:\/\/www.csj-emballages.com\/wp-content\/uploads\/2024\/12\/Gousse-de-vanille-300x300.webp","tiered_pricing_type":"fixed","tiered_pricing_fixed_rules":[],"tiered_pricing_percentage_rules":[],"tiered_pricing_minimum":1,"tiered_pricing_roles_data":[],"_links":{"self":[{"href":"https:\/\/www.csj-emballages.com\/es\/wp-json\/wp\/v2\/product\/226096","targetHints":{"allow":["GET"]}}],"collection":[{"href":"https:\/\/www.csj-emballages.com\/es\/wp-json\/wp\/v2\/product"}],"about":[{"href":"https:\/\/www.csj-emballages.com\/es\/wp-json\/wp\/v2\/types\/product"}],"wp:featuredmedia":[{"embeddable":true,"href":"https:\/\/www.csj-emballages.com\/es\/wp-json\/wp\/v2\/media\/219439"}],"wp:attachment":[{"href":"https:\/\/www.csj-emballages.com\/es\/wp-json\/wp\/v2\/media?parent=226096"}],"wp:term":[{"taxonomy":"product_brand","embeddable":true,"href":"https:\/\/www.csj-emballages.com\/es\/wp-json\/wp\/v2\/product_brand?post=226096"},{"taxonomy":"product_cat","embeddable":true,"href":"https:\/\/www.csj-emballages.com\/es\/wp-json\/wp\/v2\/product_cat?post=226096"},{"taxonomy":"product_tag","embeddable":true,"href":"https:\/\/www.csj-emballages.com\/es\/wp-json\/wp\/v2\/product_tag?post=226096"}],"curies":[{"name":"wp","href":"https:\/\/api.w.org\/{rel}","templated":true}]}}