{"id":226092,"date":"2024-12-19T02:19:07","date_gmt":"2024-12-19T01:19:07","guid":{"rendered":"https:\/\/www.csj-emballages.com\/produit\/perlas-de-plata-comestibles-100-gr\/"},"modified":"2026-03-12T16:05:41","modified_gmt":"2026-03-12T15:05:41","slug":"perlas-de-plata-comestibles-100-gr","status":"publish","type":"product","link":"https:\/\/www.csj-emballages.com\/es\/produit\/perlas-de-plata-comestibles-100-gr\/","title":{"rendered":"Perlas de plata comestibles 100 gr"},"content":{"rendered":"<h2>Perlas comestibles<\/h2>\n<hr>\n<h3>Descripci\u00f3n de nuestras perlas comestibles de plata 100 gr<\/h3>\n<p><!--more--><\/p>\n<p>Las <strong>perlas comestibles<\/strong> <strong>plateadas de 100 g<\/strong> son una excelente elecci\u00f3n para a\u00f1adir un toque delicado y refinado a sus creaciones culinarias. Estas <strong>peque\u00f1as perlas<\/strong>, con su brillo plateado, proporcionan una decoraci\u00f3n sencilla pero eficaz para sus tartas, cupcakes, galletas u otros postres. Su sutil color <strong>plateado<\/strong> combina bien con distintos tipos de decoraci\u00f3n, al tiempo que aporta un brillo suave y elegante. Tanto si es un pastelero aficionado como un profesional, estas perlas comestibles realzar\u00e1n sus preparaciones sin exagerar.   <\/p>\n<p>Estas <strong>perlas comestibles<\/strong> est\u00e1n elaboradas con ingredientes de calidad alimentaria. Son totalmente comestibles y s\u00f3lo contienen productos seguros para el consumo. As\u00ed que puede utilizarlas con total tranquilidad, a\u00f1adi\u00e9ndolas a sus postres o simplemente espolvore\u00e1ndolas sobre sus creaciones. No alterar\u00e1n el sabor de sus platos y aportar\u00e1n una textura agradable y un acabado elegante.   <\/p>\n<p><strong>Las perlas de plata comestibles<\/strong> son especialmente populares por su aspecto discreto pero atractivo. No acaparan toda la atenci\u00f3n, pero a\u00f1aden un brillo sutil que hace que los postres parezcan m\u00e1s profesionales y refinados. Perfectas para ocasiones especiales como cumplea\u00f1os, bodas o celebraciones familiares, estas <strong>perlas<\/strong> dar\u00e1n el toque final a sus preparaciones.  <\/p>\n<h3><\/h3>\n<p><!--more--><\/p>\n<h3>Facilidad de uso y versatilidad<\/h3>\n<p>Una de las grandes ventajas de <strong>las cuentas de plata comestibles<\/strong> es su facilidad de uso. Puede emplearlas de diferentes maneras, seg\u00fan el estilo de su decoraci\u00f3n. Tanto si opta por espolvorearlas delicadamente por encima de sus cupcakes como si las introduce en la masa antes de hornearlas, pueden incorporarse f\u00e1cilmente a todo tipo de recetas. No necesita ninguna t\u00e9cnica compleja para conseguir un efecto visual espectacular: estas <strong>perlas comestibles<\/strong> se bastan por s\u00ed solas para embellecer sus creaciones.   <\/p>\n<p>Tambi\u00e9n son muy vers\u00e1tiles. Las <strong>perlas de plata comestibles<\/strong> combinan bien con muchos tipos de postres, desde pasteles de chocolate y tartas de fruta hasta pasteles cremosos. Las <strong>perlas com<\/strong> estibles tambi\u00e9n son ideales para quienes buscan una forma r\u00e1pida pero profesional de decorar. Gracias a su facilidad de uso, no necesitar\u00e1 pasar horas afinando los detalles de sus decoraciones. En un abrir y cerrar de ojos, sus creaciones adquirir\u00e1n un aspecto refinado y pulido. Adem\u00e1s, estas perlas son ligeras, por lo que podr\u00e1 a\u00f1adirlas sin sobrecargar sus postres.     <\/p>\n<p>En conclusi\u00f3n, las <strong>perlas de plata comestible<\/strong> <strong>de 100 g<\/strong> son una soluci\u00f3n ideal para quienes desean a\u00f1adir un toque de brillo a sus creaciones culinarias. Gracias a su facilidad de uso y discreta elegancia, son perfectas para todo tipo de postres y eventos. <\/p>\n<p>&nbsp;<\/p>\n<p><!--more--><\/p>\n<h4>Ventajas:<\/h4>\n<ul>\n<li><strong>Decoraci\u00f3n elegante y sutil<\/strong>: las <strong>perlas comestibles<\/strong> plateadas a\u00f1aden un discreto toque de brillo.<\/li>\n<li><strong>F\u00e1ciles de usar<\/strong>: estas <strong>perlas de plata comestibles<\/strong> son f\u00e1ciles de aplicar a sus tartas, cupcakes y otros postres, ya sea espolvore\u00e1ndolas o introduci\u00e9ndolas en la masa.<\/li>\n<li><strong>Seguridad alimentaria<\/strong>: se elaboran con ingredientes seguros para el consumo.<\/li>\n<li><strong>Textura agradable<\/strong>: Estas perlas aportan una textura ligera y un acabado agradable sin alterar el sabor de sus platos.<\/li>\n<\/ul>\n<p>&nbsp;<\/p>\n<p><!--more--><\/p>\n<h4>Informaci\u00f3n adicional :<\/h4>\n<ul>\n<li><b>Di\u00e1metro: <\/b>5 mm<\/li>\n<li><strong>Envase<\/strong>: Envase de 100 g<\/li>\n<li><b>Color: <\/b>plata<\/li>\n<\/ul>\n<p>&nbsp;<\/p>\n<p><!--more--><\/p>\n<p>Producto disponible en otro color : <span style=\"color: #d12727;\"><a style=\"color: #d12727;\" href=\"https:\/\/www.csj-emballages.com\/es\/produit\/perlas-comestibles-multicolores-100-gr\/\">Cuentas multicolores<\/a><\/span><\/p>\n<p>&nbsp;<\/p>\n<p><!--more--><\/p>\n<p><a href=\"\/?product_cat=aromes-liquides\">Descubra el resto de nuestra gama de decoraciones comestibles<\/a><\/p>\n","protected":false},"excerpt":{"rendered":"<p>Perlas comestibles Descripci\u00f3n de nuestras perlas comestibles de plata 100 gr<\/p>\n","protected":false},"featured_media":219456,"template":"","meta":{"_acf_changed":false},"product_brand":[],"product_cat":[1162,9211,9232],"product_tag":[],"class_list":{"0":"post-226092","1":"product","2":"type-product","3":"status-publish","4":"has-post-thumbnail","6":"product_cat-alimentacion-es","7":"product_cat-pasteleria","8":"product_cat-decoraciones-comestibles","10":"first","11":"instock","12":"taxable","13":"shipping-taxable","14":"purchasable","15":"product-type-simple"},"acf":[],"yoast_head":"<!-- This site is optimized with the Yoast SEO Premium plugin v26.6 (Yoast SEO v26.6) - https:\/\/yoast.com\/wordpress\/plugins\/seo\/ -->\n<title>Perlas de plata comestible 100 gr<\/title>\n<meta name=\"description\" content=\"A\u00f1ada un toque elegante a sus postres con perlas comestibles plateadas. Aportan brillo y refinamiento a sus creaciones.\" \/>\n<meta name=\"robots\" content=\"index, follow, max-snippet:-1, max-image-preview:large, max-video-preview:-1\" \/>\n<link rel=\"canonical\" href=\"https:\/\/www.csj-emballages.com\/es\/produit\/perlas-de-plata-comestibles-100-gr\/\" \/>\n<meta property=\"og:locale\" content=\"es_ES\" \/>\n<meta property=\"og:type\" content=\"article\" \/>\n<meta property=\"og:title\" content=\"Perlas de plata comestibles 100 gr\" \/>\n<meta property=\"og:description\" content=\"A\u00f1ada un toque elegante a sus postres con perlas comestibles plateadas. Aportan brillo y refinamiento a sus creaciones.\" \/>\n<meta property=\"og:url\" content=\"https:\/\/www.csj-emballages.com\/es\/produit\/perlas-de-plata-comestibles-100-gr\/\" \/>\n<meta property=\"og:site_name\" content=\"CSJ Emballages\" \/>\n<meta property=\"article:publisher\" content=\"https:\/\/www.facebook.com\/csjemballages\" \/>\n<meta property=\"article:modified_time\" content=\"2026-03-12T15:05:41+00:00\" \/>\n<meta property=\"og:image\" content=\"https:\/\/www.csj-emballages.com\/wp-content\/uploads\/2024\/12\/Perles-argentees.webp\" \/>\n\t<meta property=\"og:image:width\" content=\"800\" \/>\n\t<meta property=\"og:image:height\" content=\"800\" \/>\n\t<meta property=\"og:image:type\" content=\"image\/webp\" \/>\n<meta name=\"twitter:card\" content=\"summary_large_image\" \/>\n<meta name=\"twitter:label1\" content=\"Tiempo de lectura\" \/>\n\t<meta name=\"twitter:data1\" content=\"3 minutos\" \/>\n<script type=\"application\/ld+json\" class=\"yoast-schema-graph\">{\"@context\":\"https:\/\/schema.org\",\"@graph\":[{\"@type\":\"WebPage\",\"@id\":\"https:\/\/www.csj-emballages.com\/es\/produit\/perlas-de-plata-comestibles-100-gr\/\",\"url\":\"https:\/\/www.csj-emballages.com\/es\/produit\/perlas-de-plata-comestibles-100-gr\/\",\"name\":\"Perlas de plata comestible 100 gr\",\"isPartOf\":{\"@id\":\"https:\/\/www.csj-emballages.com\/es\/#website\"},\"primaryImageOfPage\":{\"@id\":\"https:\/\/www.csj-emballages.com\/es\/produit\/perlas-de-plata-comestibles-100-gr\/#primaryimage\"},\"image\":{\"@id\":\"https:\/\/www.csj-emballages.com\/es\/produit\/perlas-de-plata-comestibles-100-gr\/#primaryimage\"},\"thumbnailUrl\":\"https:\/\/www.csj-emballages.com\/wp-content\/uploads\/2024\/12\/Perles-argentees.webp\",\"datePublished\":\"2024-12-19T01:19:07+00:00\",\"dateModified\":\"2026-03-12T15:05:41+00:00\",\"description\":\"A\u00f1ada un toque elegante a sus postres con perlas comestibles plateadas. Aportan brillo y refinamiento a sus creaciones.\",\"breadcrumb\":{\"@id\":\"https:\/\/www.csj-emballages.com\/es\/produit\/perlas-de-plata-comestibles-100-gr\/#breadcrumb\"},\"inLanguage\":\"es\",\"potentialAction\":[{\"@type\":\"ReadAction\",\"target\":[\"https:\/\/www.csj-emballages.com\/es\/produit\/perlas-de-plata-comestibles-100-gr\/\"]}]},{\"@type\":\"ImageObject\",\"inLanguage\":\"es\",\"@id\":\"https:\/\/www.csj-emballages.com\/es\/produit\/perlas-de-plata-comestibles-100-gr\/#primaryimage\",\"url\":\"https:\/\/www.csj-emballages.com\/wp-content\/uploads\/2024\/12\/Perles-argentees.webp\",\"contentUrl\":\"https:\/\/www.csj-emballages.com\/wp-content\/uploads\/2024\/12\/Perles-argentees.webp\",\"width\":800,\"height\":800,\"caption\":\"Perles argent\u00e9\"},{\"@type\":\"BreadcrumbList\",\"@id\":\"https:\/\/www.csj-emballages.com\/es\/produit\/perlas-de-plata-comestibles-100-gr\/#breadcrumb\",\"itemListElement\":[{\"@type\":\"ListItem\",\"position\":1,\"name\":\"Accueil\",\"item\":\"https:\/\/www.csj-emballages.com\/es\/universo-del-envasado-alimentario\/\"},{\"@type\":\"ListItem\",\"position\":2,\"name\":\"Tienda\",\"item\":\"https:\/\/www.csj-emballages.com\/tienda\/\"},{\"@type\":\"ListItem\",\"position\":3,\"name\":\"Perlas de plata comestibles 100 gr\"}]},{\"@type\":\"WebSite\",\"@id\":\"https:\/\/www.csj-emballages.com\/es\/#website\",\"url\":\"https:\/\/www.csj-emballages.com\/es\/\",\"name\":\"CSJ Emballages\",\"description\":\"\",\"publisher\":{\"@id\":\"https:\/\/www.csj-emballages.com\/es\/#organization\"},\"potentialAction\":[{\"@type\":\"SearchAction\",\"target\":{\"@type\":\"EntryPoint\",\"urlTemplate\":\"https:\/\/www.csj-emballages.com\/es\/?s={search_term_string}\"},\"query-input\":{\"@type\":\"PropertyValueSpecification\",\"valueRequired\":true,\"valueName\":\"search_term_string\"}}],\"inLanguage\":\"es\"},{\"@type\":\"Organization\",\"@id\":\"https:\/\/www.csj-emballages.com\/es\/#Organization\/\",\"name\":\"CSJ Emballages\",\"url\":\"https:\/\/www.csj-emballages.com\/es\/\",\"logo\":{\"@type\":\"ImageObject\",\"inLanguage\":\"es\",\"@id\":\"https:\/\/www.csj-emballages.com\/es\/#\/schema\/logo\/image\/\",\"url\":\"https:\/\/www.csj-emballages.com\/wp-content\/uploads\/2023\/10\/logo_csj.webp\",\"contentUrl\":\"https:\/\/www.csj-emballages.com\/wp-content\/uploads\/2023\/10\/logo_csj.webp\",\"width\":250,\"height\":95,\"caption\":\"CSJ Emballages\"},\"image\":{\"@id\":\"https:\/\/www.csj-emballages.com\/es\/#\/schema\/logo\/image\/\"},\"sameAs\":[\"https:\/\/www.facebook.com\/csjemballages\"],\"address\":{\"@type\":\"PostalAddress\",\"streetAddress\":\"ZI La Lechere\",\"addressLocality\":\"Patornay\",\"postalCode\":\"39130\",\"addressCountry\":\"FR\"},\"contactPoint\":[{\"@type\":\"ContactPoint\",\"contactType\":\"Service client\",\"telephone\":\"0384254272\",\"email\":\"contact@csj-emballages.com\"}]}]}<\/script>\n<!-- \/ Yoast SEO Premium plugin. -->","yoast_head_json":{"title":"Perlas de plata comestible 100 gr","description":"A\u00f1ada un toque elegante a sus postres con perlas comestibles plateadas. Aportan brillo y refinamiento a sus creaciones.","robots":{"index":"index","follow":"follow","max-snippet":"max-snippet:-1","max-image-preview":"max-image-preview:large","max-video-preview":"max-video-preview:-1"},"canonical":"https:\/\/www.csj-emballages.com\/es\/produit\/perlas-de-plata-comestibles-100-gr\/","og_locale":"es_ES","og_type":"article","og_title":"Perlas de plata comestibles 100 gr","og_description":"A\u00f1ada un toque elegante a sus postres con perlas comestibles plateadas. Aportan brillo y refinamiento a sus creaciones.","og_url":"https:\/\/www.csj-emballages.com\/es\/produit\/perlas-de-plata-comestibles-100-gr\/","og_site_name":"CSJ Emballages","article_publisher":"https:\/\/www.facebook.com\/csjemballages","article_modified_time":"2026-03-12T15:05:41+00:00","og_image":[{"width":800,"height":800,"url":"https:\/\/www.csj-emballages.com\/wp-content\/uploads\/2024\/12\/Perles-argentees.webp","type":"image\/webp"}],"twitter_card":"summary_large_image","twitter_misc":{"Tiempo de lectura":"3 minutos"},"schema":{"@context":"https:\/\/schema.org","@graph":[{"@type":"WebPage","@id":"https:\/\/www.csj-emballages.com\/es\/produit\/perlas-de-plata-comestibles-100-gr\/","url":"https:\/\/www.csj-emballages.com\/es\/produit\/perlas-de-plata-comestibles-100-gr\/","name":"Perlas de plata comestible 100 gr","isPartOf":{"@id":"https:\/\/www.csj-emballages.com\/es\/#website"},"primaryImageOfPage":{"@id":"https:\/\/www.csj-emballages.com\/es\/produit\/perlas-de-plata-comestibles-100-gr\/#primaryimage"},"image":{"@id":"https:\/\/www.csj-emballages.com\/es\/produit\/perlas-de-plata-comestibles-100-gr\/#primaryimage"},"thumbnailUrl":"https:\/\/www.csj-emballages.com\/wp-content\/uploads\/2024\/12\/Perles-argentees.webp","datePublished":"2024-12-19T01:19:07+00:00","dateModified":"2026-03-12T15:05:41+00:00","description":"A\u00f1ada un toque elegante a sus postres con perlas comestibles plateadas. Aportan brillo y refinamiento a sus creaciones.","breadcrumb":{"@id":"https:\/\/www.csj-emballages.com\/es\/produit\/perlas-de-plata-comestibles-100-gr\/#breadcrumb"},"inLanguage":"es","potentialAction":[{"@type":"ReadAction","target":["https:\/\/www.csj-emballages.com\/es\/produit\/perlas-de-plata-comestibles-100-gr\/"]}]},{"@type":"ImageObject","inLanguage":"es","@id":"https:\/\/www.csj-emballages.com\/es\/produit\/perlas-de-plata-comestibles-100-gr\/#primaryimage","url":"https:\/\/www.csj-emballages.com\/wp-content\/uploads\/2024\/12\/Perles-argentees.webp","contentUrl":"https:\/\/www.csj-emballages.com\/wp-content\/uploads\/2024\/12\/Perles-argentees.webp","width":800,"height":800,"caption":"Perles argent\u00e9"},{"@type":"BreadcrumbList","@id":"https:\/\/www.csj-emballages.com\/es\/produit\/perlas-de-plata-comestibles-100-gr\/#breadcrumb","itemListElement":[{"@type":"ListItem","position":1,"name":"Accueil","item":"https:\/\/www.csj-emballages.com\/es\/universo-del-envasado-alimentario\/"},{"@type":"ListItem","position":2,"name":"Tienda","item":"https:\/\/www.csj-emballages.com\/tienda\/"},{"@type":"ListItem","position":3,"name":"Perlas de plata comestibles 100 gr"}]},{"@type":"WebSite","@id":"https:\/\/www.csj-emballages.com\/es\/#website","url":"https:\/\/www.csj-emballages.com\/es\/","name":"CSJ Emballages","description":"","publisher":{"@id":"https:\/\/www.csj-emballages.com\/es\/#organization"},"potentialAction":[{"@type":"SearchAction","target":{"@type":"EntryPoint","urlTemplate":"https:\/\/www.csj-emballages.com\/es\/?s={search_term_string}"},"query-input":{"@type":"PropertyValueSpecification","valueRequired":true,"valueName":"search_term_string"}}],"inLanguage":"es"},{"@type":"Organization","@id":"https:\/\/www.csj-emballages.com\/es\/#Organization\/","name":"CSJ Emballages","url":"https:\/\/www.csj-emballages.com\/es\/","logo":{"@type":"ImageObject","inLanguage":"es","@id":"https:\/\/www.csj-emballages.com\/es\/#\/schema\/logo\/image\/","url":"https:\/\/www.csj-emballages.com\/wp-content\/uploads\/2023\/10\/logo_csj.webp","contentUrl":"https:\/\/www.csj-emballages.com\/wp-content\/uploads\/2023\/10\/logo_csj.webp","width":250,"height":95,"caption":"CSJ Emballages"},"image":{"@id":"https:\/\/www.csj-emballages.com\/es\/#\/schema\/logo\/image\/"},"sameAs":["https:\/\/www.facebook.com\/csjemballages"],"address":{"@type":"PostalAddress","streetAddress":"ZI La Lechere","addressLocality":"Patornay","postalCode":"39130","addressCountry":"FR"},"contactPoint":[{"@type":"ContactPoint","contactType":"Service client","telephone":"0384254272","email":"contact@csj-emballages.com"}]}]}},"df_price":3.98,"df_sale_price":"","df_regular_price":3.98,"df_image_link":"https:\/\/www.csj-emballages.com\/wp-content\/uploads\/2024\/12\/Perles-argentees-300x300.webp","tiered_pricing_type":"fixed","tiered_pricing_fixed_rules":[],"tiered_pricing_percentage_rules":[],"tiered_pricing_minimum":1,"tiered_pricing_roles_data":[],"_links":{"self":[{"href":"https:\/\/www.csj-emballages.com\/es\/wp-json\/wp\/v2\/product\/226092","targetHints":{"allow":["GET"]}}],"collection":[{"href":"https:\/\/www.csj-emballages.com\/es\/wp-json\/wp\/v2\/product"}],"about":[{"href":"https:\/\/www.csj-emballages.com\/es\/wp-json\/wp\/v2\/types\/product"}],"wp:featuredmedia":[{"embeddable":true,"href":"https:\/\/www.csj-emballages.com\/es\/wp-json\/wp\/v2\/media\/219456"}],"wp:attachment":[{"href":"https:\/\/www.csj-emballages.com\/es\/wp-json\/wp\/v2\/media?parent=226092"}],"wp:term":[{"taxonomy":"product_brand","embeddable":true,"href":"https:\/\/www.csj-emballages.com\/es\/wp-json\/wp\/v2\/product_brand?post=226092"},{"taxonomy":"product_cat","embeddable":true,"href":"https:\/\/www.csj-emballages.com\/es\/wp-json\/wp\/v2\/product_cat?post=226092"},{"taxonomy":"product_tag","embeddable":true,"href":"https:\/\/www.csj-emballages.com\/es\/wp-json\/wp\/v2\/product_tag?post=226092"}],"curies":[{"name":"wp","href":"https:\/\/api.w.org\/{rel}","templated":true}]}}