{"id":226089,"date":"2024-12-19T02:19:04","date_gmt":"2024-12-19T01:19:04","guid":{"rendered":"https:\/\/www.csj-emballages.com\/produit\/perlas-comestibles-multicolores-100-gr\/"},"modified":"2026-04-09T02:11:08","modified_gmt":"2026-04-09T00:11:08","slug":"perlas-comestibles-multicolores-100-gr","status":"publish","type":"product","link":"https:\/\/www.csj-emballages.com\/es\/produit\/perlas-comestibles-multicolores-100-gr\/","title":{"rendered":"Perlas comestibles multicolores 100 gr"},"content":{"rendered":"<h2>Perlas comestibles<\/h2>\n<hr>\n<h3>Descripci\u00f3n de nuestras perlas comestibles de plata 100 gr<\/h3>\n<p><!--more--><\/p>\n<div class=\"flex-1 overflow-hidden @container\/thread\">\n<div class=\"h-full\">\n<div class=\"react-scroll-to-bottom--css-xispg-79elbk h-full\">\n<div class=\"react-scroll-to-bottom--css-xispg-1n7m0yu\">\n<div class=\"flex flex-col text-sm md:pb-9\">\n<article class=\"w-full scroll-mb-[var(--thread-trailing-height,150px)] text-token-text-primary focus-visible:outline-2 focus-visible:outline-offset-[-4px]\" dir=\"auto\" data-testid=\"conversation-turn-7\" data-scroll-anchor=\"true\">\n<div class=\"m-auto text-base py-[18px] px-3 md:px-4 w-full md:px-5 lg:px-4 xl:px-5\">\n<div class=\"mx-auto flex flex-1 gap-4 text-base md:gap-5 lg:gap-6 md:max-w-3xl lg:max-w-[40rem] xl:max-w-[48rem]\">\n<div class=\"group\/conversation-turn relative flex w-full min-w-0 flex-col agent-turn\">\n<div class=\"flex-col gap-1 md:gap-3\">\n<div class=\"flex max-w-full flex-col flex-grow\">\n<div class=\"min-h-8 text-message flex w-full flex-col items-end gap-2 whitespace-normal break-words text-start [.text-message+&amp;]:mt-5\" dir=\"auto\" data-message-author-role=\"assistant\" data-message-id=\"a28f3604-d7ef-4075-bc3e-b555b5315550\" data-message-model-slug=\"gpt-4o-mini\">\n<div class=\"flex w-full flex-col gap-1 empty:hidden first:pt-[3px]\">\n<div class=\"markdown prose w-full break-words dark:prose-invert dark\">\n<p>Las <strong>perlas comestibles multicolores<\/strong> <strong>de 100 g<\/strong> son la forma perfecta de a\u00f1adir un toque de color a sus creaciones. Estas <strong>peque\u00f1as perlas<\/strong>, de varios colores, son una forma divertida y alegre de personalizar sus postres. Tanto si prepara tartas, cupcakes o galletas, estas perlas <strong>multicolores<\/strong> realzar\u00e1n sus platos a\u00f1adiendo una hermosa variedad de colores sin ser demasiado dominantes. Se mezclan f\u00e1cilmente con otras decoraciones y a\u00f1aden un brillo festivo a sus creaciones. Estas <strong>perlas comestibles<\/strong> est\u00e1n fabricadas \u00edntegramente con ingredientes seguros y comestibles, lo que garantiza un consumo sin riesgos. As\u00ed que puede utilizarlas con confianza para decorar sus pasteles, sabiendo que se pueden comer sin peligro. Su peque\u00f1o tama\u00f1o hace que sean f\u00e1ciles de colocar en sus platos, tanto si las utiliza en peque\u00f1os toques como en grandes cantidades, seg\u00fan sus preferencias.      <\/p>\n<p><strong>Las perlas comestibles multicolores<\/strong> son ideales para quienes desean a\u00f1adir un poco de fantas\u00eda a sus creaciones. Ofrecen una gran variedad de colores, para que pueda personalizar sus decoraciones seg\u00fan la ocasi\u00f3n. <\/p>\n<h3><\/h3>\n<h3><!--more--><\/h3>\n<h3>Facilidad de uso y adaptabilidad<\/h3>\n<p>Una de las principales ventajas de <strong>las perlas comestibles multicolores<\/strong> es su facilidad de uso. Son f\u00e1ciles de aplicar y pueden incorporarse a sus creaciones de diversas maneras. Puede espolvorearlas delicadamente sobre sus postres o utilizarlas para decorar galletas o pasteles. Adem\u00e1s, su peque\u00f1o tama\u00f1o hace que sean f\u00e1ciles de manipular y le ofrecen una gran flexibilidad a la hora de crear sus decoraciones. <strong>Las perlas comestibles multicolores<\/strong> combinan bien con distintos tipos de glaseado, cremas o chocolate. Le permitir\u00e1n jugar con los colores y crear dise\u00f1os originales para cada ocasi\u00f3n.     <\/p>\n<p><strong>Las perlas comestibles multicolores<\/strong> tambi\u00e9n son ideales para quienes prefieren la sencillez pero quieren dar a sus platos un aspecto atractivo y festivo. Con una peque\u00f1a cantidad de perlas se consigue un efecto visual impactante. Son ligeras y f\u00e1ciles de manejar, por lo que podr\u00e1 decorar sus postres con rapidez y profesionalidad. Estas perlas son perfectas para quienes buscan una forma r\u00e1pida pero eficaz de decorar, al tiempo que a\u00f1aden un toque alegre y divertido.   <\/p>\n<p>En resumen, <strong>las perlas comestibles multicolores<\/strong> <strong>de 100 g<\/strong> son una forma estupenda de a\u00f1adir color y diversi\u00f3n a sus postres. Son r\u00e1pidas y f\u00e1ciles de usar, por lo que podr\u00e1 crear llamativas decoraciones sin esfuerzo. Tanto si las utiliza para un evento especial como para alegrar sus creaciones, estas <strong>perlas<\/strong> comestibles son la forma perfecta de personalizar sus postres. Gracias a su gran adaptabilidad, estas <strong>perlas<\/strong> son adecuadas para todo tipo de postres y pueden utilizarse para a\u00f1adir un toque de color.   <\/p>\n<\/div>\n<\/div>\n<p>&nbsp;<\/p>\n<\/div>\n<\/div>\n<\/div>\n<\/div>\n<\/div>\n<\/div>\n<\/article>\n<\/div>\n<\/div>\n<\/div>\n<\/div>\n<\/div>\n<p><!--more--><\/p>\n<div class=\"md:pt-0 dark:border-white\/20 md:border-transparent md:dark:border-transparent w-full\">\n<div>\n<div class=\"m-auto text-base px-3 md:px-4 w-full md:px-5 lg:px-4 xl:px-5\">\n<div class=\"mx-auto flex flex-1 gap-4 text-base md:gap-5 lg:gap-6 md:max-w-3xl lg:max-w-[40rem] xl:max-w-[48rem]\">\n<div class=\"flex justify-center\"><strong><span style=\"color: #ff0000;\">Fecha de consumo preferente superada (DLUO) 06\/2025<\/span><\/strong><\/div>\n<div><\/div>\n<\/div>\n<\/div>\n<\/div>\n<\/div>\n<p><!--more--><\/p>\n<h4>Ventajas :<\/h4>\n<ul>\n<li>Las <strong>perlas comestibles<\/strong> multicolores aportan un toque de brillo discreto.<\/li>\n<li>Estas <strong>perlas multicolores comestibles<\/strong> son f\u00e1ciles de aplicar sobre sus tartas, cupcakes y otros postres.<\/li>\n<li>Est\u00e1n fabricadas con ingredientes seguros para el consumo.<\/li>\n<li>Estas perlas a\u00f1aden una ligera textura y un acabado agradable sin alterar el sabor de sus platos.<\/li>\n<\/ul>\n<p>&nbsp;<\/p>\n<p><!--more--><\/p>\n<h4>Informaci\u00f3n adicional :<\/h4>\n<ul>\n<li><b>Di\u00e1metro: <\/b>5 mm<\/li>\n<li><strong>Envase<\/strong>: Envase de 100 g<\/li>\n<li><b>Color: <\/b>Multicolor<\/li>\n<\/ul>\n<p>&nbsp;<\/p>\n<p><!--more--><\/p>\n<p>Producto disponible en otro color : <span style=\"color: #d12727;\"><a style=\"color: #d12727;\" href=\"https:\/\/www.csj-emballages.com\/es\/produit\/perlas-de-plata-comestibles-100-gr\/\">Cuentas plateadas<\/a><\/span><\/p>\n<p>&nbsp;<\/p>\n<p><!--more--><\/p>\n<p><a href=\"\/?product_cat=aromes-liquides\">Descubra el resto de nuestra gama de decoraciones comestibles<\/a><\/p>\n","protected":false},"excerpt":{"rendered":"<p>Perlas comestibles Descripci\u00f3n de nuestras perlas comestibles de plata 100 gr<\/p>\n","protected":false},"featured_media":219466,"template":"","meta":{"_acf_changed":false},"product_brand":[],"product_cat":[1150,10241,1162,9211,9232],"product_tag":[],"class_list":{"0":"post-226089","1":"product","2":"type-product","3":"status-publish","4":"has-post-thumbnail","6":"product_cat-envasado-de-alimentos","7":"product_cat-antidesperdicio","8":"product_cat-alimentacion-es","9":"product_cat-pasteleria","10":"product_cat-decoraciones-comestibles","12":"first","13":"instock","14":"sale","15":"taxable","16":"shipping-taxable","17":"purchasable","18":"product-type-simple"},"acf":[],"yoast_head":"<!-- This site is optimized with the Yoast SEO Premium plugin v26.6 (Yoast SEO v26.6) - https:\/\/yoast.com\/wordpress\/plugins\/seo\/ -->\n<title>Perlas comestibles multicolores 100 gr<\/title>\n<meta name=\"description\" content=\"A\u00f1ada un toque elegante a sus postres con las perlas comestibles multicolores. Aportan brillo y refinamiento a sus creaciones.\" \/>\n<meta name=\"robots\" content=\"index, follow, max-snippet:-1, max-image-preview:large, max-video-preview:-1\" \/>\n<link rel=\"canonical\" href=\"https:\/\/www.csj-emballages.com\/es\/produit\/perlas-comestibles-multicolores-100-gr\/\" \/>\n<meta property=\"og:locale\" content=\"es_ES\" \/>\n<meta property=\"og:type\" content=\"article\" \/>\n<meta property=\"og:title\" content=\"Perlas comestibles multicolores 100 gr\" \/>\n<meta property=\"og:description\" content=\"A\u00f1ada un toque elegante a sus postres con las perlas comestibles multicolores. Aportan brillo y refinamiento a sus creaciones.\" \/>\n<meta property=\"og:url\" content=\"https:\/\/www.csj-emballages.com\/es\/produit\/perlas-comestibles-multicolores-100-gr\/\" \/>\n<meta property=\"og:site_name\" content=\"CSJ Emballages\" \/>\n<meta property=\"article:publisher\" content=\"https:\/\/www.facebook.com\/csjemballages\" \/>\n<meta property=\"article:modified_time\" content=\"2026-04-09T00:11:08+00:00\" \/>\n<meta property=\"og:image\" content=\"https:\/\/www.csj-emballages.com\/wp-content\/uploads\/2024\/12\/Perles-multicolores.webp\" \/>\n\t<meta property=\"og:image:width\" content=\"800\" \/>\n\t<meta property=\"og:image:height\" content=\"800\" \/>\n\t<meta property=\"og:image:type\" content=\"image\/webp\" \/>\n<meta name=\"twitter:card\" content=\"summary_large_image\" \/>\n<meta name=\"twitter:label1\" content=\"Tiempo de lectura\" \/>\n\t<meta name=\"twitter:data1\" content=\"3 minutos\" \/>\n<script type=\"application\/ld+json\" class=\"yoast-schema-graph\">{\"@context\":\"https:\/\/schema.org\",\"@graph\":[{\"@type\":\"WebPage\",\"@id\":\"https:\/\/www.csj-emballages.com\/es\/produit\/perlas-comestibles-multicolores-100-gr\/\",\"url\":\"https:\/\/www.csj-emballages.com\/es\/produit\/perlas-comestibles-multicolores-100-gr\/\",\"name\":\"Perlas comestibles multicolores 100 gr\",\"isPartOf\":{\"@id\":\"https:\/\/www.csj-emballages.com\/es\/#website\"},\"primaryImageOfPage\":{\"@id\":\"https:\/\/www.csj-emballages.com\/es\/produit\/perlas-comestibles-multicolores-100-gr\/#primaryimage\"},\"image\":{\"@id\":\"https:\/\/www.csj-emballages.com\/es\/produit\/perlas-comestibles-multicolores-100-gr\/#primaryimage\"},\"thumbnailUrl\":\"https:\/\/www.csj-emballages.com\/wp-content\/uploads\/2024\/12\/Perles-multicolores.webp\",\"datePublished\":\"2024-12-19T01:19:04+00:00\",\"dateModified\":\"2026-04-09T00:11:08+00:00\",\"description\":\"A\u00f1ada un toque elegante a sus postres con las perlas comestibles multicolores. Aportan brillo y refinamiento a sus creaciones.\",\"breadcrumb\":{\"@id\":\"https:\/\/www.csj-emballages.com\/es\/produit\/perlas-comestibles-multicolores-100-gr\/#breadcrumb\"},\"inLanguage\":\"es\",\"potentialAction\":[{\"@type\":\"ReadAction\",\"target\":[\"https:\/\/www.csj-emballages.com\/es\/produit\/perlas-comestibles-multicolores-100-gr\/\"]}]},{\"@type\":\"ImageObject\",\"inLanguage\":\"es\",\"@id\":\"https:\/\/www.csj-emballages.com\/es\/produit\/perlas-comestibles-multicolores-100-gr\/#primaryimage\",\"url\":\"https:\/\/www.csj-emballages.com\/wp-content\/uploads\/2024\/12\/Perles-multicolores.webp\",\"contentUrl\":\"https:\/\/www.csj-emballages.com\/wp-content\/uploads\/2024\/12\/Perles-multicolores.webp\",\"width\":800,\"height\":800,\"caption\":\"Perles comestibles multicolores\"},{\"@type\":\"BreadcrumbList\",\"@id\":\"https:\/\/www.csj-emballages.com\/es\/produit\/perlas-comestibles-multicolores-100-gr\/#breadcrumb\",\"itemListElement\":[{\"@type\":\"ListItem\",\"position\":1,\"name\":\"Accueil\",\"item\":\"https:\/\/www.csj-emballages.com\/es\/universo-del-envasado-alimentario\/\"},{\"@type\":\"ListItem\",\"position\":2,\"name\":\"Tienda\",\"item\":\"https:\/\/www.csj-emballages.com\/tienda\/\"},{\"@type\":\"ListItem\",\"position\":3,\"name\":\"Perlas comestibles multicolores 100 gr\"}]},{\"@type\":\"WebSite\",\"@id\":\"https:\/\/www.csj-emballages.com\/es\/#website\",\"url\":\"https:\/\/www.csj-emballages.com\/es\/\",\"name\":\"CSJ Emballages\",\"description\":\"\",\"publisher\":{\"@id\":\"https:\/\/www.csj-emballages.com\/es\/#organization\"},\"potentialAction\":[{\"@type\":\"SearchAction\",\"target\":{\"@type\":\"EntryPoint\",\"urlTemplate\":\"https:\/\/www.csj-emballages.com\/es\/?s={search_term_string}\"},\"query-input\":{\"@type\":\"PropertyValueSpecification\",\"valueRequired\":true,\"valueName\":\"search_term_string\"}}],\"inLanguage\":\"es\"},{\"@type\":\"Organization\",\"@id\":\"https:\/\/www.csj-emballages.com\/es\/#Organization\/\",\"name\":\"CSJ Emballages\",\"url\":\"https:\/\/www.csj-emballages.com\/es\/\",\"logo\":{\"@type\":\"ImageObject\",\"inLanguage\":\"es\",\"@id\":\"https:\/\/www.csj-emballages.com\/es\/#\/schema\/logo\/image\/\",\"url\":\"https:\/\/www.csj-emballages.com\/wp-content\/uploads\/2023\/10\/logo_csj.webp\",\"contentUrl\":\"https:\/\/www.csj-emballages.com\/wp-content\/uploads\/2023\/10\/logo_csj.webp\",\"width\":250,\"height\":95,\"caption\":\"CSJ Emballages\"},\"image\":{\"@id\":\"https:\/\/www.csj-emballages.com\/es\/#\/schema\/logo\/image\/\"},\"sameAs\":[\"https:\/\/www.facebook.com\/csjemballages\"],\"address\":{\"@type\":\"PostalAddress\",\"streetAddress\":\"ZI La Lechere\",\"addressLocality\":\"Patornay\",\"postalCode\":\"39130\",\"addressCountry\":\"FR\"},\"contactPoint\":[{\"@type\":\"ContactPoint\",\"contactType\":\"Service client\",\"telephone\":\"0384254272\",\"email\":\"contact@csj-emballages.com\"}]}]}<\/script>\n<!-- \/ Yoast SEO Premium plugin. -->","yoast_head_json":{"title":"Perlas comestibles multicolores 100 gr","description":"A\u00f1ada un toque elegante a sus postres con las perlas comestibles multicolores. Aportan brillo y refinamiento a sus creaciones.","robots":{"index":"index","follow":"follow","max-snippet":"max-snippet:-1","max-image-preview":"max-image-preview:large","max-video-preview":"max-video-preview:-1"},"canonical":"https:\/\/www.csj-emballages.com\/es\/produit\/perlas-comestibles-multicolores-100-gr\/","og_locale":"es_ES","og_type":"article","og_title":"Perlas comestibles multicolores 100 gr","og_description":"A\u00f1ada un toque elegante a sus postres con las perlas comestibles multicolores. Aportan brillo y refinamiento a sus creaciones.","og_url":"https:\/\/www.csj-emballages.com\/es\/produit\/perlas-comestibles-multicolores-100-gr\/","og_site_name":"CSJ Emballages","article_publisher":"https:\/\/www.facebook.com\/csjemballages","article_modified_time":"2026-04-09T00:11:08+00:00","og_image":[{"width":800,"height":800,"url":"https:\/\/www.csj-emballages.com\/wp-content\/uploads\/2024\/12\/Perles-multicolores.webp","type":"image\/webp"}],"twitter_card":"summary_large_image","twitter_misc":{"Tiempo de lectura":"3 minutos"},"schema":{"@context":"https:\/\/schema.org","@graph":[{"@type":"WebPage","@id":"https:\/\/www.csj-emballages.com\/es\/produit\/perlas-comestibles-multicolores-100-gr\/","url":"https:\/\/www.csj-emballages.com\/es\/produit\/perlas-comestibles-multicolores-100-gr\/","name":"Perlas comestibles multicolores 100 gr","isPartOf":{"@id":"https:\/\/www.csj-emballages.com\/es\/#website"},"primaryImageOfPage":{"@id":"https:\/\/www.csj-emballages.com\/es\/produit\/perlas-comestibles-multicolores-100-gr\/#primaryimage"},"image":{"@id":"https:\/\/www.csj-emballages.com\/es\/produit\/perlas-comestibles-multicolores-100-gr\/#primaryimage"},"thumbnailUrl":"https:\/\/www.csj-emballages.com\/wp-content\/uploads\/2024\/12\/Perles-multicolores.webp","datePublished":"2024-12-19T01:19:04+00:00","dateModified":"2026-04-09T00:11:08+00:00","description":"A\u00f1ada un toque elegante a sus postres con las perlas comestibles multicolores. Aportan brillo y refinamiento a sus creaciones.","breadcrumb":{"@id":"https:\/\/www.csj-emballages.com\/es\/produit\/perlas-comestibles-multicolores-100-gr\/#breadcrumb"},"inLanguage":"es","potentialAction":[{"@type":"ReadAction","target":["https:\/\/www.csj-emballages.com\/es\/produit\/perlas-comestibles-multicolores-100-gr\/"]}]},{"@type":"ImageObject","inLanguage":"es","@id":"https:\/\/www.csj-emballages.com\/es\/produit\/perlas-comestibles-multicolores-100-gr\/#primaryimage","url":"https:\/\/www.csj-emballages.com\/wp-content\/uploads\/2024\/12\/Perles-multicolores.webp","contentUrl":"https:\/\/www.csj-emballages.com\/wp-content\/uploads\/2024\/12\/Perles-multicolores.webp","width":800,"height":800,"caption":"Perles comestibles multicolores"},{"@type":"BreadcrumbList","@id":"https:\/\/www.csj-emballages.com\/es\/produit\/perlas-comestibles-multicolores-100-gr\/#breadcrumb","itemListElement":[{"@type":"ListItem","position":1,"name":"Accueil","item":"https:\/\/www.csj-emballages.com\/es\/universo-del-envasado-alimentario\/"},{"@type":"ListItem","position":2,"name":"Tienda","item":"https:\/\/www.csj-emballages.com\/tienda\/"},{"@type":"ListItem","position":3,"name":"Perlas comestibles multicolores 100 gr"}]},{"@type":"WebSite","@id":"https:\/\/www.csj-emballages.com\/es\/#website","url":"https:\/\/www.csj-emballages.com\/es\/","name":"CSJ Emballages","description":"","publisher":{"@id":"https:\/\/www.csj-emballages.com\/es\/#organization"},"potentialAction":[{"@type":"SearchAction","target":{"@type":"EntryPoint","urlTemplate":"https:\/\/www.csj-emballages.com\/es\/?s={search_term_string}"},"query-input":{"@type":"PropertyValueSpecification","valueRequired":true,"valueName":"search_term_string"}}],"inLanguage":"es"},{"@type":"Organization","@id":"https:\/\/www.csj-emballages.com\/es\/#Organization\/","name":"CSJ Emballages","url":"https:\/\/www.csj-emballages.com\/es\/","logo":{"@type":"ImageObject","inLanguage":"es","@id":"https:\/\/www.csj-emballages.com\/es\/#\/schema\/logo\/image\/","url":"https:\/\/www.csj-emballages.com\/wp-content\/uploads\/2023\/10\/logo_csj.webp","contentUrl":"https:\/\/www.csj-emballages.com\/wp-content\/uploads\/2023\/10\/logo_csj.webp","width":250,"height":95,"caption":"CSJ Emballages"},"image":{"@id":"https:\/\/www.csj-emballages.com\/es\/#\/schema\/logo\/image\/"},"sameAs":["https:\/\/www.facebook.com\/csjemballages"],"address":{"@type":"PostalAddress","streetAddress":"ZI La Lechere","addressLocality":"Patornay","postalCode":"39130","addressCountry":"FR"},"contactPoint":[{"@type":"ContactPoint","contactType":"Service client","telephone":"0384254272","email":"contact@csj-emballages.com"}]}]}},"df_price":3.15,"df_sale_price":3.15,"df_regular_price":4.49,"df_image_link":"https:\/\/www.csj-emballages.com\/wp-content\/uploads\/2024\/12\/Perles-multicolores-300x300.webp","tiered_pricing_type":"fixed","tiered_pricing_fixed_rules":[],"tiered_pricing_percentage_rules":[],"tiered_pricing_minimum":1,"tiered_pricing_roles_data":[],"_links":{"self":[{"href":"https:\/\/www.csj-emballages.com\/es\/wp-json\/wp\/v2\/product\/226089","targetHints":{"allow":["GET"]}}],"collection":[{"href":"https:\/\/www.csj-emballages.com\/es\/wp-json\/wp\/v2\/product"}],"about":[{"href":"https:\/\/www.csj-emballages.com\/es\/wp-json\/wp\/v2\/types\/product"}],"wp:featuredmedia":[{"embeddable":true,"href":"https:\/\/www.csj-emballages.com\/es\/wp-json\/wp\/v2\/media\/219466"}],"wp:attachment":[{"href":"https:\/\/www.csj-emballages.com\/es\/wp-json\/wp\/v2\/media?parent=226089"}],"wp:term":[{"taxonomy":"product_brand","embeddable":true,"href":"https:\/\/www.csj-emballages.com\/es\/wp-json\/wp\/v2\/product_brand?post=226089"},{"taxonomy":"product_cat","embeddable":true,"href":"https:\/\/www.csj-emballages.com\/es\/wp-json\/wp\/v2\/product_cat?post=226089"},{"taxonomy":"product_tag","embeddable":true,"href":"https:\/\/www.csj-emballages.com\/es\/wp-json\/wp\/v2\/product_tag?post=226089"}],"curies":[{"name":"wp","href":"https:\/\/api.w.org\/{rel}","templated":true}]}}